{"id":9836,"date":"2016-05-28T21:45:30","date_gmt":"2016-05-28T19:45:30","guid":{"rendered":"http:\/\/rosenholm.se\/?page_id=9836"},"modified":"2016-05-28T21:45:30","modified_gmt":"2016-05-28T19:45:30","slug":"sa-lyckas-du-med-funkia","status":"publish","type":"page","link":"https:\/\/rosenholm.se\/?page_id=9836","title":{"rendered":"S\u00e5 lyckas du med funkia"},"content":{"rendered":"<h5>Jord<\/h5>\n<p>N\u00e4ringsrik och fuktighetsh\u00e5llande jord som \u00e4nd\u00e5 \u00e4r v\u00e4ldr\u00e4nerad s\u00e5 att det inte bildas st\u00e5ende vinterfukt.<\/p>\n<h5>L\u00e4ge<\/h5>\n<p>Halvskugga\u2013skugga som inte \u00e4r alltf\u00f6r djup passar de flesta arter. Doftfunkia, Hosta <em>plantaginea,<\/em> och dess hybrider vill d\u00e4remot v\u00e4xa p\u00e5 soligare st\u00e4llen. Gulbladiga funkiasorter kan ocks\u00e5 v\u00e4xa p\u00e5 platser med mer sol om man ser till att de f\u00e5r rej\u00e4lt med vatten och att det inte blir f\u00f6r hett. Funkia gillar inte bl\u00e5st.<\/p>\n<h5>Sk\u00f6tsel<\/h5>\n<p>Normal g\u00f6dsling och vattning n\u00e4r joden h\u00e5ller p\u00e5 att bli torr. De utvecklas b\u00e4st och blir vackrast n\u00e4r de f\u00e5r st\u00e5 or\u00f6rda p\u00e5 en och samma v\u00e4xtplats under flera \u00e5r. En del sorter kan beh\u00f6va 3\u20135 \u00e5r innan de n\u00e5r sitt mogna utseende och sin fulla storlek. Funkia \u00e4r l\u00e4ttodlad och oftast problemfri men sniglar kan \u00e4ta h\u00e5l i bladen och i v\u00e4rsta fall n\u00e4stan f\u00f6rst\u00f6ra dem helt. Har du problem med sniglar kan det vara v\u00e4rt att f\u00f6rs\u00f6ka med de sorter som har tjocka l\u00e4derartade blad. De \u00e4r inte lika popul\u00e4ra bland sniglar. Prova till exempel \u2019Sum and Substance\u2019\u2019 eller \u2019Elegans\u2019. Snigelproblemen kan ocks\u00e5 minska om man odlar funkiorna i kruka.<\/p>\n<h5>H\u00e4rdighet<\/h5>\n<p>R\u00e4knas i regel som h\u00e4rdiga och kan odlas i hela landet om jorden \u00e4r fri fr\u00e5n st\u00e5ende vinterfukt. Doftfunkian r\u00e4knas dock bara som halvh\u00e4rdig, vilket inneb\u00e4r att den brukar vara problemfri upp till zon 3\u20134. I h\u00e5rdare klimat \u00e4n s\u00e5 kr\u00e4ver den en skyddad v\u00e4xtplats. Obs! Funkior \u00e4r sena med att komma upp ur jorden p\u00e5 v\u00e5ren s\u00e5 s\u00e4tt inte ig\u00e5ng och gr\u00e4v i tron att de d\u00f6tt under vintern f\u00f6r det har de med st\u00f6rsta sannolikhet inte gjort.<\/p>\n<p><a title=\"Funkia \u2013 de l\u00e4ckra bladens Rolls Royce\" href=\"http:\/\/rosenholm.se\/?page_id=9821\">Tillbaka<\/a><\/p>\n","protected":false},"excerpt":{"rendered":"<p>Jord N\u00e4ringsrik och fuktighetsh\u00e5llande jord som \u00e4nd\u00e5 \u00e4r v\u00e4ldr\u00e4nerad s\u00e5 att det inte bildas st\u00e5ende vinterfukt. L\u00e4ge Halvskugga\u2013skugga som inte \u00e4r alltf\u00f6r djup passar de flesta arter. Doftfunkia, Hosta plantaginea,&hellip; <\/p>\n","protected":false},"author":1,"featured_media":0,"parent":0,"menu_order":0,"comment_status":"closed","ping_status":"closed","template":"","meta":{"footnotes":""},"class_list":["post-9836","page","type-page","status-publish","hentry"],"_links":{"self":[{"href":"https:\/\/rosenholm.se\/index.php?rest_route=\/wp\/v2\/pages\/9836","targetHints":{"allow":["GET"]}}],"collection":[{"href":"https:\/\/rosenholm.se\/index.php?rest_route=\/wp\/v2\/pages"}],"about":[{"href":"https:\/\/rosenholm.se\/index.php?rest_route=\/wp\/v2\/types\/page"}],"author":[{"embeddable":true,"href":"https:\/\/rosenholm.se\/index.php?rest_route=\/wp\/v2\/users\/1"}],"replies":[{"embeddable":true,"href":"https:\/\/rosenholm.se\/index.php?rest_route=%2Fwp%2Fv2%2Fcomments&post=9836"}],"version-history":[{"count":3,"href":"https:\/\/rosenholm.se\/index.php?rest_route=\/wp\/v2\/pages\/9836\/revisions"}],"predecessor-version":[{"id":9885,"href":"https:\/\/rosenholm.se\/index.php?rest_route=\/wp\/v2\/pages\/9836\/revisions\/9885"}],"wp:attachment":[{"href":"https:\/\/rosenholm.se\/index.php?rest_route=%2Fwp%2Fv2%2Fmedia&parent=9836"}],"curies":[{"name":"wp","href":"https:\/\/api.w.org\/{rel}","templated":true}]}}