{"id":9454,"date":"2016-04-09T11:55:34","date_gmt":"2016-04-09T09:55:34","guid":{"rendered":"http:\/\/rosenholm.se\/?page_id=9454"},"modified":"2016-04-22T20:27:22","modified_gmt":"2016-04-22T18:27:22","slug":"horisontella-former","status":"publish","type":"page","link":"https:\/\/rosenholm.se\/?page_id=9454","title":{"rendered":"Horisontella former"},"content":{"rendered":"<p><strong>Kinesisk blomsterkornell<\/strong><br \/>\n<em>Cornus kousa<\/em> var. <em>chinensis<\/em><br \/>\nUtg\u00f6r med sina utbredda grenar ett effekfullt horisontellt\u00a0inslag i tr\u00e4dg\u00e5rden. Tr\u00e4det \u00e4r exceptionellt\u00a0vackert, speciellt under blomningen i juni d\u00e5 det \u00f6versk\u00f6ljs\u00a0med vita eller rosavita h\u00f6gblad runt blommorna. Trivs b\u00e4st\u00a0i n\u00e4ringsrik jord i sol\u2013halvskugga, men \u00e4r endast h\u00e4rdig till\u00a0zon 2 och eventuellt goda l\u00e4gen i zon 3.<\/p>\n<div id=\"attachment_9551\" style=\"width: 710px\" class=\"wp-caption alignnone\"><img loading=\"lazy\" decoding=\"async\" aria-describedby=\"caption-attachment-9551\" class=\"size-large wp-image-9551\" src=\"http:\/\/rosenholm.se\/wp-content\/uploads\/2016\/04\/DSCN6113-700x467.jpg\" alt=\"Kinesisk blomsterkornell, Cornus kousa var. chinensis\" width=\"700\" height=\"467\" srcset=\"https:\/\/rosenholm.se\/wp-content\/uploads\/2016\/04\/DSCN6113-350x234@2x.jpg 700w, https:\/\/rosenholm.se\/wp-content\/uploads\/2016\/04\/DSCN6113-250x167.jpg 250w, https:\/\/rosenholm.se\/wp-content\/uploads\/2016\/04\/DSCN6113-350x234.jpg 350w, https:\/\/rosenholm.se\/wp-content\/uploads\/2016\/04\/DSCN6113-250x167@2x.jpg 500w\" sizes=\"auto, (max-width: 700px) 100vw, 700px\" \/><p id=\"caption-attachment-9551\" class=\"wp-caption-text\">Kinesisk blomsterkornell, Cornus kousa var. chinensis<\/p><\/div>\n<p><strong>Japanskt olvon<\/strong><br \/>\n<em>Viburnum plicatum<\/em> f. <em>tomentosum\u00a0<\/em>\u2019Mariesii\u2019<br \/>\n\u00c4r med sitt skiktade v\u00e4xts\u00e4tt en av de absolut\u00a0b\u00e4sta v\u00e4xterna som finns f\u00f6r att skapa horisontella linjer. Till och med de stora platta blomst\u00e4llningarna\u00a0ger ett v\u00e5gr\u00e4tt intryck. De stora gulvita blomsamlingarna\u00a0sl\u00e5r ut i maj\u2013juni. En bed\u00e5rande buske som blir 2\u20133 meter\u00a0h\u00f6g och g\u00e5r att odla till och med zon 3.<\/p>\n<div id=\"attachment_9550\" style=\"width: 710px\" class=\"wp-caption alignnone\"><img loading=\"lazy\" decoding=\"async\" aria-describedby=\"caption-attachment-9550\" class=\"size-large wp-image-9550\" src=\"http:\/\/rosenholm.se\/wp-content\/uploads\/2016\/04\/DSCN1841-700x467.jpg\" alt=\"Japanskt olvon, Viburnum plicatum f. tomentosum \u2019Mariesii\u2019\" width=\"700\" height=\"467\" srcset=\"https:\/\/rosenholm.se\/wp-content\/uploads\/2016\/04\/DSCN1841-350x234@2x.jpg 700w, https:\/\/rosenholm.se\/wp-content\/uploads\/2016\/04\/DSCN1841-250x167.jpg 250w, https:\/\/rosenholm.se\/wp-content\/uploads\/2016\/04\/DSCN1841-350x234.jpg 350w, https:\/\/rosenholm.se\/wp-content\/uploads\/2016\/04\/DSCN1841-250x167@2x.jpg 500w\" sizes=\"auto, (max-width: 700px) 100vw, 700px\" \/><p id=\"caption-attachment-9550\" class=\"wp-caption-text\">Japanskt olvon, Viburnum plicatum f. tomentosum \u2019Mariesii\u2019<\/p><\/div>\n<p><strong>Parasollblad<\/strong><br \/>\n<em>Astillboides tabularis<\/em><br \/>\nJ\u00e4ttelika\u00a0tallriksrunda blad utg\u00f6r en imponerande syn\u00a0under flikboken vars blad \u00e4r av betydligt mindre\u00a0storlek. De horisontella linjerna i tr\u00e4dets\u00a0grenverk kommer igen i parasollbladen som ocks\u00e5\u00a0ger ett \u00f6verv\u00e4gande horisontellt intryck med sina\u00a0stora utbredda blad. Bild fr\u00e5n \u00c5promenaden i\u00a0Enk\u00f6ping.<\/p>\n<div id=\"attachment_9548\" style=\"width: 710px\" class=\"wp-caption alignnone\"><img loading=\"lazy\" decoding=\"async\" aria-describedby=\"caption-attachment-9548\" class=\"size-large wp-image-9548\" src=\"http:\/\/rosenholm.se\/wp-content\/uploads\/2016\/04\/DSC_2346-700x465.jpg\" alt=\"Parasollblad, Astillboides tabularis\" width=\"700\" height=\"465\" srcset=\"https:\/\/rosenholm.se\/wp-content\/uploads\/2016\/04\/DSC_2346-350x233@2x.jpg 700w, https:\/\/rosenholm.se\/wp-content\/uploads\/2016\/04\/DSC_2346-250x166.jpg 250w, https:\/\/rosenholm.se\/wp-content\/uploads\/2016\/04\/DSC_2346-350x233.jpg 350w, https:\/\/rosenholm.se\/wp-content\/uploads\/2016\/04\/DSC_2346-250x166@2x.jpg 500w\" sizes=\"auto, (max-width: 700px) 100vw, 700px\" \/><p id=\"caption-attachment-9548\" class=\"wp-caption-text\">Parasollblad, Astillboides tabularis<\/p><\/div>\n<h5><a title=\"V\u00e4xter med textur\" href=\"http:\/\/rosenholm.se\/?page_id=9564\">V\u00c4XTER MED TEXTUR<\/a><\/h5>\n","protected":false},"excerpt":{"rendered":"<p>Kinesisk blomsterkornell Cornus kousa var. chinensis Utg\u00f6r med sina utbredda grenar ett effekfullt horisontellt\u00a0inslag i tr\u00e4dg\u00e5rden. Tr\u00e4det \u00e4r exceptionellt\u00a0vackert, speciellt under blomningen i juni d\u00e5 det \u00f6versk\u00f6ljs\u00a0med vita eller rosavita&hellip; <\/p>\n","protected":false},"author":1,"featured_media":0,"parent":0,"menu_order":0,"comment_status":"closed","ping_status":"closed","template":"","meta":{"footnotes":""},"class_list":["post-9454","page","type-page","status-publish","hentry"],"_links":{"self":[{"href":"https:\/\/rosenholm.se\/index.php?rest_route=\/wp\/v2\/pages\/9454","targetHints":{"allow":["GET"]}}],"collection":[{"href":"https:\/\/rosenholm.se\/index.php?rest_route=\/wp\/v2\/pages"}],"about":[{"href":"https:\/\/rosenholm.se\/index.php?rest_route=\/wp\/v2\/types\/page"}],"author":[{"embeddable":true,"href":"https:\/\/rosenholm.se\/index.php?rest_route=\/wp\/v2\/users\/1"}],"replies":[{"embeddable":true,"href":"https:\/\/rosenholm.se\/index.php?rest_route=%2Fwp%2Fv2%2Fcomments&post=9454"}],"version-history":[{"count":7,"href":"https:\/\/rosenholm.se\/index.php?rest_route=\/wp\/v2\/pages\/9454\/revisions"}],"predecessor-version":[{"id":9696,"href":"https:\/\/rosenholm.se\/index.php?rest_route=\/wp\/v2\/pages\/9454\/revisions\/9696"}],"wp:attachment":[{"href":"https:\/\/rosenholm.se\/index.php?rest_route=%2Fwp%2Fv2%2Fmedia&parent=9454"}],"curies":[{"name":"wp","href":"https:\/\/api.w.org\/{rel}","templated":true}]}}