{"id":9135,"date":"2016-02-13T22:37:31","date_gmt":"2016-02-13T21:37:31","guid":{"rendered":"http:\/\/rosenholm.se\/?page_id=9135"},"modified":"2016-02-13T22:37:31","modified_gmt":"2016-02-13T21:37:31","slug":"fargcirkeln","status":"publish","type":"page","link":"https:\/\/rosenholm.se\/?page_id=9135","title":{"rendered":"F\u00e4rgcirkeln"},"content":{"rendered":"<p>N\u00e4r man arbetar med f\u00e4rger i tr\u00e4dg\u00e5rden kan det underl\u00e4tta om man har f\u00e4rgcirkelns uppbyggnad i bakhuvudet. Det finns ett par olika typer som brukar anv\u00e4ndas i bland annat tr\u00e4dg\u00e5rdssammanhang. Den f\u00e4rgcirkel vi anv\u00e4nder h\u00e4r har funnits sedan mitten p\u00e5 1800-talet och \u00e4r uppbyggd kring de tre prim\u00e4rf\u00e4rgerna r\u00f6tt, bl\u00e5tt och gult. Vissa f\u00e4rgcirklar inkluderar gr\u00f6nt som prim\u00e4rf\u00e4rg, men med tanke p\u00e5 den s\u00e4rst\u00e4llning den gr\u00f6na f\u00e4rgen har i v\u00e4xtriket v\u00e4ljer man ofta f\u00e4rgcirkeln med tre f\u00e4rger i tr\u00e4dg\u00e5rdssammanhang.<\/p>\n<div id=\"attachment_9141\" style=\"width: 360px\" class=\"wp-caption alignright\"><img loading=\"lazy\" decoding=\"async\" aria-describedby=\"caption-attachment-9141\" class=\"size-medium wp-image-9141\" src=\"http:\/\/rosenholm.se\/wp-content\/uploads\/2016\/02\/F\u00e4rgcirkel-ny-3-350x350.jpg\" alt=\"F\u00e4rgcirkeln\" width=\"350\" height=\"350\" srcset=\"https:\/\/rosenholm.se\/wp-content\/uploads\/2016\/02\/F\u00e4rgcirkel-ny-3-350x350.jpg 350w, https:\/\/rosenholm.se\/wp-content\/uploads\/2016\/02\/F\u00e4rgcirkel-ny-3-250x250.jpg 250w, https:\/\/rosenholm.se\/wp-content\/uploads\/2016\/02\/F\u00e4rgcirkel-ny-3-768x767.jpg 768w, https:\/\/rosenholm.se\/wp-content\/uploads\/2016\/02\/F\u00e4rgcirkel-ny-3-700x700.jpg 700w, https:\/\/rosenholm.se\/wp-content\/uploads\/2016\/02\/F\u00e4rgcirkel-ny-3-330x330.jpg 330w, https:\/\/rosenholm.se\/wp-content\/uploads\/2016\/02\/F\u00e4rgcirkel-ny-3-250x250@2x.jpg 500w, https:\/\/rosenholm.se\/wp-content\/uploads\/2016\/02\/F\u00e4rgcirkel-ny-3-768x767@2x.jpg 1536w, https:\/\/rosenholm.se\/wp-content\/uploads\/2016\/02\/F\u00e4rgcirkel-ny-3-700x700@2x.jpg 1400w, https:\/\/rosenholm.se\/wp-content\/uploads\/2016\/02\/F\u00e4rgcirkel-ny-3-330x330@2x.jpg 660w\" sizes=\"auto, (max-width: 350px) 100vw, 350px\" \/><p id=\"caption-attachment-9141\" class=\"wp-caption-text\">F\u00e4rgcirkeln<\/p><\/div>\n<p>De tre prim\u00e4rf\u00e4rgerna i f\u00e4rgcirkeln \u00e4r r\u00f6tt, bl\u00e5tt och gult. Genom att blanda dem i olika proportioner kan man f\u00e5 fram alla andra f\u00e4rger i cirkeln. Om man blandar tv\u00e5 av dem\u00a0i lika proportioner f\u00e5r man en f\u00e4rg som ligger mitt i mellan dessa. En blandning av bl\u00e5tt och gult ger gr\u00f6nt, gult och r\u00f6tt ger orange och bl\u00e5tt och r\u00f6tt ger violett. De tre f\u00e4rgerna gr\u00f6nt, orange och violett kallas f\u00f6r sekund\u00e4rf\u00e4rger. Mitt emot i f\u00e4rgcirkeln har varje f\u00e4rg en komplementf\u00e4rg. Komplementf\u00e4rgerna \u00e4r de f\u00e4rger som \u00e4r mest olika och ger st\u00f6rst kontrastverkan invid varandra.<\/p>\n<p>Den halva av f\u00e4rgcirkeln som ligger inom f\u00e4ltet\u00a0som b\u00f6rjar med r\u00f6tt\u00a0och avslutas med gulgr\u00f6nt\u00a0inneh\u00e5ller varma f\u00e4rger medan halvan som\u00a0b\u00f6rjar med gr\u00f6nt och avlutas med r\u00f6dviolett\u00a0inneh\u00e5ller kalla f\u00e4rger. R\u00f6d f\u00e4rg som drar mot bl\u00e5tt\u00a0betraktas som kall medan r\u00f6d f\u00e4rg som drar mot\u00a0gult betraktas som varm. P\u00e5 samma s\u00e4tt tillh\u00f6r\u00a0gulgr\u00f6nt den varma halvan av f\u00e4rgcirkeln medan\u00a0gr\u00f6nt tillh\u00f6r den kalla halvan. Vitt, som inte ing\u00e5r i\u00a0f\u00e4rgcirkeln, inneh\u00e5ller en blandning av alla f\u00e4rger\u00a0i spektrumet. N\u00e4r de rena kul\u00f6rerna blandas med\u00a0vitt skapas pastellf\u00e4rger. Uppfattningen av f\u00e4rg\u00a0p\u00e5verkas ocks\u00e5 av hur blank eller matt ytan \u00e4r. En\u00a0matt yta ger intryck av en mer d\u00e4mpad f\u00e4rg.<\/p>\n","protected":false},"excerpt":{"rendered":"<p>N\u00e4r man arbetar med f\u00e4rger i tr\u00e4dg\u00e5rden kan det underl\u00e4tta om man har f\u00e4rgcirkelns uppbyggnad i bakhuvudet. Det finns ett par olika typer som brukar anv\u00e4ndas i bland annat tr\u00e4dg\u00e5rdssammanhang.&hellip; <\/p>\n","protected":false},"author":1,"featured_media":0,"parent":0,"menu_order":0,"comment_status":"closed","ping_status":"closed","template":"","meta":{"footnotes":""},"class_list":["post-9135","page","type-page","status-publish","hentry"],"_links":{"self":[{"href":"https:\/\/rosenholm.se\/index.php?rest_route=\/wp\/v2\/pages\/9135","targetHints":{"allow":["GET"]}}],"collection":[{"href":"https:\/\/rosenholm.se\/index.php?rest_route=\/wp\/v2\/pages"}],"about":[{"href":"https:\/\/rosenholm.se\/index.php?rest_route=\/wp\/v2\/types\/page"}],"author":[{"embeddable":true,"href":"https:\/\/rosenholm.se\/index.php?rest_route=\/wp\/v2\/users\/1"}],"replies":[{"embeddable":true,"href":"https:\/\/rosenholm.se\/index.php?rest_route=%2Fwp%2Fv2%2Fcomments&post=9135"}],"version-history":[{"count":7,"href":"https:\/\/rosenholm.se\/index.php?rest_route=\/wp\/v2\/pages\/9135\/revisions"}],"predecessor-version":[{"id":9146,"href":"https:\/\/rosenholm.se\/index.php?rest_route=\/wp\/v2\/pages\/9135\/revisions\/9146"}],"wp:attachment":[{"href":"https:\/\/rosenholm.se\/index.php?rest_route=%2Fwp%2Fv2%2Fmedia&parent=9135"}],"curies":[{"name":"wp","href":"https:\/\/api.w.org\/{rel}","templated":true}]}}