{"id":8914,"date":"2016-01-24T14:29:15","date_gmt":"2016-01-24T13:29:15","guid":{"rendered":"http:\/\/rosenholm.se\/?page_id=8914"},"modified":"2016-01-24T14:29:15","modified_gmt":"2016-01-24T13:29:15","slug":"snabbguide-for-att-kombinera-lokar-och-perenner","status":"publish","type":"page","link":"https:\/\/rosenholm.se\/?page_id=8914","title":{"rendered":"Snabbguide f\u00f6r att kombinera l\u00f6kar och perenner"},"content":{"rendered":"<p>V\u00e4lj perenner som kommer upp lagom till att l\u00f6karna blommat klart.<\/p>\n<p>Perennerna ska trivas i samma milj\u00f6 som l\u00f6karna, bli lika h\u00f6ga eller h\u00f6gre och t\u00e4cka v\u00e4l.<\/p>\n<p>Plantera perennerna f\u00f6rst och l\u00f6karna ungef\u00e4r ett \u00e5r senare.<\/p>\n<p>Det ska vara m\u00e5nga av varje, b\u00e5de l\u00f6kar och perenner.<\/p>\n","protected":false},"excerpt":{"rendered":"<p>V\u00e4lj perenner som kommer upp lagom till att l\u00f6karna blommat klart. Perennerna ska trivas i samma milj\u00f6 som l\u00f6karna, bli lika h\u00f6ga eller h\u00f6gre och t\u00e4cka v\u00e4l. Plantera perennerna f\u00f6rst&hellip; <\/p>\n","protected":false},"author":1,"featured_media":0,"parent":0,"menu_order":0,"comment_status":"closed","ping_status":"closed","template":"","meta":{"footnotes":""},"class_list":["post-8914","page","type-page","status-publish","hentry"],"_links":{"self":[{"href":"https:\/\/rosenholm.se\/index.php?rest_route=\/wp\/v2\/pages\/8914","targetHints":{"allow":["GET"]}}],"collection":[{"href":"https:\/\/rosenholm.se\/index.php?rest_route=\/wp\/v2\/pages"}],"about":[{"href":"https:\/\/rosenholm.se\/index.php?rest_route=\/wp\/v2\/types\/page"}],"author":[{"embeddable":true,"href":"https:\/\/rosenholm.se\/index.php?rest_route=\/wp\/v2\/users\/1"}],"replies":[{"embeddable":true,"href":"https:\/\/rosenholm.se\/index.php?rest_route=%2Fwp%2Fv2%2Fcomments&post=8914"}],"version-history":[{"count":1,"href":"https:\/\/rosenholm.se\/index.php?rest_route=\/wp\/v2\/pages\/8914\/revisions"}],"predecessor-version":[{"id":8915,"href":"https:\/\/rosenholm.se\/index.php?rest_route=\/wp\/v2\/pages\/8914\/revisions\/8915"}],"wp:attachment":[{"href":"https:\/\/rosenholm.se\/index.php?rest_route=%2Fwp%2Fv2%2Fmedia&parent=8914"}],"curies":[{"name":"wp","href":"https:\/\/api.w.org\/{rel}","templated":true}]}}