{"id":842,"date":"2014-01-25T11:28:33","date_gmt":"2014-01-25T10:28:33","guid":{"rendered":"http:\/\/rosenholm.se\/?page_id=842"},"modified":"2022-04-03T22:52:34","modified_gmt":"2022-04-03T20:52:34","slug":"s","status":"publish","type":"page","link":"https:\/\/rosenholm.se\/?page_id=842","title":{"rendered":"S"},"content":{"rendered":"<p><a title=\"TR\u00c4DG\u00c5RDENS DELAR\" href=\"http:\/\/rosenholm.se\/?page_id=5836\">Trampnarv, <em>Sagina subulata<\/em> \u2019Hortensis\u2019<\/a><\/p>\n<p><a title=\"Med beteshagen som f\u00f6rebild\" href=\"http:\/\/rosenholm.se\/?page_id=11139\">Silverpil, <em>Salix alba<\/em> var. <em>sericea<\/em><\/a><a title=\"Lekfullt och originellt\" href=\"http:\/\/rosenholm.se\/?page_id=172\"><br \/>\nKlotpil,<em>\u00a0Salix<\/em> \u00d7 <em>euxina<\/em>\u00a0\u2019Bullata&#8217;,<\/a><a title=\"H\u00e5rd besk\u00e4rning \u2013 ojojoj!\" href=\"http:\/\/rosenholm.se\/?p=2606\"> alt1,<\/a><a title=\"Norrl\u00e4ndska p\u00e4rlor\" href=\"http:\/\/rosenholm.se\/?p=4866\"> alt2,<\/a><a title=\"Dr\u00f6mtr\u00e4dg\u00e5rd mellan hav och tallskog\" href=\"http:\/\/rosenholm.se\/?page_id=6983\"> alt3,<\/a><a title=\"Tr\u00e4dg\u00e5rd i cottage-stil p\u00e5 norrl\u00e4ndska\" href=\"https:\/\/rosenholm.se\/?page_id=12586\"> alt4,<\/a><a title=\"Lummigt och rumsligt vid polcirkeln\" href=\"https:\/\/rosenholm.se\/?page_id=13046\"> alt5<\/a><\/p>\n<p><a title=\"Plymer\" href=\"http:\/\/rosenholm.se\/?page_id=733\">St\u00e4ppsalvia,\u00a0<em>Salvia nemorosa\u00a0<\/em>\u2018Amethyst\u2019,<\/a><a title=\"Variera lagom\" href=\"http:\/\/rosenholm.se\/?page_id=2664\"> alt1,<\/a><a title=\"\u00c5tta rabatter \u2013 v\u00e4xter och kombinationer\" href=\"http:\/\/rosenholm.se\/?page_id=5354\"> alt2,<\/a><a title=\"Utforma rabatterna\" href=\"http:\/\/rosenholm.se\/?page_id=8382\"> alt3,<\/a><a title=\"SOLIGT OCH TORRT\" href=\"http:\/\/rosenholm.se\/?page_id=10508\"> alt4<\/a><a title=\"Plymer\" href=\"http:\/\/rosenholm.se\/?page_id=733\"><br \/>\n<\/a><a title=\"Kallt och diskret\" href=\"http:\/\/rosenholm.se\/?page_id=1991\">St\u00e4ppsalvia,<em>\u00a0Salvia nemorosa<\/em>\u00a0\u2019Caradonna\u2019,\u00a0<\/a><a title=\"Draperier\" href=\"http:\/\/rosenholm.se\/?page_id=1013\">alt1,<\/a><a title=\"Formen f\u00f6rst\" href=\"http:\/\/rosenholm.se\/?page_id=2515\"> alt2,<\/a><a title=\"Repetition\" href=\"http:\/\/rosenholm.se\/?page_id=2902\"> alt3,<\/a><a title=\"Utforma rabatterna\" href=\"http:\/\/rosenholm.se\/?page_id=8382\"> alt4,<\/a><a title=\"Tr\u00e4dg\u00e5rdens f\u00e4rger\" href=\"http:\/\/rosenholm.se\/?page_id=9132\"> alt5<\/a><br \/>\n<a title=\"Perenner f\u00f6r soliga och torra l\u00e4gen\" href=\"http:\/\/rosenholm.se\/?page_id=580\">St\u00e4ppsalvia,<em>\u00a0Salvia nemorosa<\/em>\u00a0\u2019Ostfriesland&#8217;,<\/a><a title=\"Tr\u00e4dg\u00e5rdens f\u00e4rger\" href=\"http:\/\/rosenholm.se\/?page_id=9132\"> alt1,<\/a><a title=\"Aromatiska v\u00e4xter\" href=\"http:\/\/rosenholm.se\/?page_id=9642\"> alt2<\/a><a title=\"Perenner f\u00f6r soliga och torra l\u00e4gen\" href=\"http:\/\/rosenholm.se\/?page_id=580\"><br \/>\nSt\u00e4ppsalvia,<em>\u00a0Salvia nemorosa\u00a0<\/em>\u2019Porzellan\u2019<br \/>\n<\/a><a title=\"Aromatiska v\u00e4xter\" href=\"http:\/\/rosenholm.se\/?page_id=9642\">Kryddsalvia,\u00a0<em>Salvia officinalis\u00a0<\/em><\/a><br \/>\n<a title=\"Doftande tr\u00e4dg\u00e5rd p\u00e5 tre s\u00e4tt\" href=\"https:\/\/rosenholm.se\/?page_id=12238\">Kryddsalvia,\u00a0<em>Salvia officinalis \u2018Purpurascens\u2019<\/em><\/a><a title=\"Perenner f\u00f6r soliga och torra l\u00e4gen\" href=\"http:\/\/rosenholm.se\/?page_id=580\"><br \/>\n<\/a><a title=\"Sm\u00e5 tr\u00e4dg\u00e5rdsrum\" href=\"http:\/\/rosenholm.se\/?page_id=434\">Brokig kryddsalvia, <em>Salvia officinalis<\/em> \u2019Aurea\u2019<\/a><a title=\"Perenner f\u00f6r soliga och torra l\u00e4gen\" href=\"http:\/\/rosenholm.se\/?page_id=580\"><br \/>\n<\/a><a title=\"Romantiskt rosa\" href=\"http:\/\/rosenholm.se\/?page_id=2063\">\u00c4ngssalvia,\u00a0<em>Salvia pratensis<\/em>, \u2019Evelyn\u2019<br \/>\n<\/a><a title=\"Egen \u00f6rtag\u00e5rd \u2013 en uppn\u00e5elig dr\u00f6m ocks\u00e5 f\u00f6r dig\" href=\"https:\/\/rosenholm.se\/?page_id=12518\">Muskatellsalvia,\u00a0<i>Salvia sclarea<\/i><\/a><br \/>\n<a title=\"Tr\u00e4dg\u00e5rdens f\u00e4rger\" href=\"http:\/\/rosenholm.se\/?page_id=9132\">Skogssalvia, <em>Salvia\u00a0\u00d7\u00a0<\/em><em>sylvestris<\/em> &#8217;Blauh\u00fcgel&#8217;<br \/>\n<\/a><a title=\"Perenner f\u00f6r soliga och torra l\u00e4gen\" href=\"http:\/\/rosenholm.se\/?page_id=580\">Skogssalvia,\u00a0<em>Salvia\u00a0\u00d7\u00a0<\/em><em>sylvestris<\/em> &#8217;Mainacht&#8217;<br \/>\n<\/a><a title=\"Tr\u00e4dg\u00e5rdens f\u00e4rger\" href=\"http:\/\/rosenholm.se\/?page_id=9132\">Skogssalvia, <em>Salvia\u00a0\u00d7\u00a0<\/em><em>sylvestris<\/em> &#8217;R\u00fcgen&#8217;<\/a><a title=\"Perenner f\u00f6r soliga och torra l\u00e4gen\" href=\"http:\/\/rosenholm.se\/?page_id=580\"><br \/>\n<\/a><a title=\"Formen f\u00f6rst\" href=\"http:\/\/rosenholm.se\/?page_id=2515\">Kranssalvia,\u00a0<em>Salvia verticillata\u00a0<\/em>\u2018Purple Rain\u2019<\/a><\/p>\n<p><a title=\"I den tuffa delen av Sk\u00e5ne\" href=\"http:\/\/rosenholm.se\/?page_id=7588\">Fl\u00e4der, <em>Sambucus nigra<\/em>,<\/a><a title=\"STR\u00c5LANDE H\u00d6ST\" href=\"http:\/\/rosenholm.se\/?page_id=10023\"> alt1,<\/a><a title=\"Japansk sj\u00f6 vid H\u00f6ga Kusten\" href=\"https:\/\/rosenholm.se\/?page_id=12371\"> alt2<\/a><a title=\"Villa Fraxinus \u2013 tr\u00e4dg\u00e5rd i hj\u00e4rtat av v\u00e4rldsarvet\" href=\"http:\/\/rosenholm.se\/?page_id=6539\"><br \/>\nDruvfl\u00e4der, <em>Sambucus racemosa<br \/>\n<\/em><\/a><a title=\"Perenner \u2013 en v\u00e4sterbottnisk passion\" href=\"http:\/\/rosenholm.se\/?page_id=10617\">Flikbladig druvfl\u00e4der,<em> Sambucus racemosa<\/em> \u2018Sutherland Gold\u2019<\/a><a title=\"Villa Fraxinus \u2013 tr\u00e4dg\u00e5rd i hj\u00e4rtat av v\u00e4rldsarvet\" href=\"http:\/\/rosenholm.se\/?page_id=6539\"><em><br \/>\n<\/em><\/a><\/p>\n<p><a title=\"V\u00e4xternas behov\" href=\"http:\/\/rosenholm.se\/?page_id=8223\">Gr\u00e5 helgon\u00f6rt, <em>Santolina chamaecyparissus<\/em><\/a><\/p>\n<p><a title=\"Tr\u00e4dg\u00e5rdsdesign \u2013 som Gyllings g\u00f6r\" href=\"http:\/\/rosenholm.se\/?page_id=3387\">Palmbladsbambu,\u00a0<em>Sasa palmata<\/em>\u00a0f.\u00a0<em>nebulosa<\/em><\/a><\/p>\n<p><a title=\"Majblommor i september\" href=\"http:\/\/rosenholm.se\/?p=8336\">Sl\u00f6jbr\u00e4cka, <em>Saxifraga cuneifolia<br \/>\n<\/em><\/a><a title=\"V\u00e4xternas behov\" href=\"http:\/\/rosenholm.se\/?page_id=8223\">Purpurbr\u00e4cka,<em> Saxifraga\u00a0oppositifolia<\/em><\/a><br \/>\n<a title=\"Tv\u00e5 granar med damm\" href=\"http:\/\/rosenholm.se\/?page_id=11709\">Skuggbr\u00e4cka, <i>Saxifraga umbrosa<\/i><\/a><a title=\"Majblommor i september\" href=\"http:\/\/rosenholm.se\/?p=8336\"><em><br \/>\n<\/em><\/a><a title=\"V\u00e4xternas behov\" href=\"http:\/\/rosenholm.se\/?page_id=8223\">Rosenbr\u00e4cka,<em> Saxifraga Arendsii-gruppen<\/em><\/a><a title=\"Majblommor i september\" href=\"http:\/\/rosenholm.se\/?p=8336\"><em><br \/>\n<\/em><\/a><\/p>\n<p><a title=\"Mixade rabatter\" href=\"http:\/\/rosenholm.se\/?page_id=2342\">Praktv\u00e4dd,<em> Scabiosa atropurpurea<\/em> \u2018Lavender\u2019<\/a><\/p>\n<p><a title=\"\u00c5l\u00e4ndsk tr\u00e4dg\u00e5rdsruin, krukberg och plommonlund\" href=\"https:\/\/rosenholm.se\/?page_id=12148\">Femtunga,\u00a0<em>Scaevola aemula<\/em><\/a><\/p>\n<p><a title=\"N\u00e5got f\u00f6r varje \u00e5rstid\" href=\"http:\/\/rosenholm.se\/?page_id=2943\">Bl\u00e5stj\u00e4rna,\u00a0<\/a><em><a title=\"N\u00e5got f\u00f6r varje \u00e5rstid\" href=\"http:\/\/rosenholm.se\/?page_id=2943\">Scilla<br \/>\n<\/a><\/em><a title=\"Bl\u00e5 v\u00e5r \u2013 vem \u00e4r vem?\" href=\"http:\/\/rosenholm.se\/?p=3666\">V\u00e5rstj\u00e4rna,\u00a0<\/a><em><a title=\"Bl\u00e5 v\u00e5r \u2013 vem \u00e4r vem?\" href=\"http:\/\/rosenholm.se\/?p=3666\"><em>Scilla forbesii<\/em><\/a><a title=\"N\u00e5got f\u00f6r varje \u00e5rstid\" href=\"http:\/\/rosenholm.se\/?page_id=2943\"><br \/>\n<\/a><\/em><a title=\"Bl\u00e5 v\u00e5r \u2013 vem \u00e4r vem?\" href=\"http:\/\/rosenholm.se\/?p=3666\">Rysk bl\u00e5stj\u00e4rna,\u00a0<\/a><a title=\"Bl\u00e5 v\u00e5r \u2013 vem \u00e4r vem?\" href=\"http:\/\/rosenholm.se\/?p=3666\"><em>Scilla siberica<\/em>,<\/a><a href=\"http:\/\/rosenholm.se\/?p=7268\"> alt1<\/a><em><br \/>\n<\/em><\/p>\n<p><a title=\"Tr\u00e4dg\u00e5rdsdesign \u2013 som Gyllings g\u00f6r\" href=\"http:\/\/rosenholm.se\/?page_id=3387\">Solfj\u00e4derstall, <em>Sciadopitys verticillata<\/em><\/a><\/p>\n<p><a href=\"http:\/\/rosenholm.se\/?page_id=7718\">Svartrot, <em>Scorzonera hispanica<\/em><\/a><\/p>\n<p><a title=\"Kallt och diskret\" href=\"http:\/\/rosenholm.se\/?page_id=1991\">Gr\u00e5 fross\u00f6rt, <em>Scutellaria incana<\/em>,<\/a><a title=\"TR\u00c4DG\u00c5RDENS DELAR\" href=\"http:\/\/rosenholm.se\/?page_id=5836\"> alt1<\/a><\/p>\n<p><a title=\"Ymnig blomning p\u00e5 det karga berget\" href=\"http:\/\/rosenholm.se\/?page_id=6806\">Gul fetknopp, <em>Sedum acre<\/em><\/a><\/p>\n<p><a title=\"Ymnig blomning p\u00e5 det karga berget\" href=\"http:\/\/rosenholm.se\/?page_id=6806\">Takl\u00f6k, <em>Sempervivum<\/em><\/a><a title=\"Krakows botaniska tr\u00e4dg\u00e5rd\" href=\"http:\/\/rosenholm.se\/?p=4619\"><br \/>\nTakl\u00f6k, <em>Sempervivum<\/em> \u2018Othello\u2019<\/a><\/p>\n<p><a title=\"Frodigt utan spade\" href=\"https:\/\/rosenholm.se\/?page_id=12702\">Silverek, <i>Senecio cineraria<\/i><\/a><a title=\"Soligt gult\" href=\"http:\/\/rosenholm.se\/?page_id=1959\"><br \/>\nParkst\u00e5nds,\u00a0<em>Senecio sarracenicus<\/em>,<\/a><a title=\"Sommarparadiset som sk\u00f6ter sig sj\u00e4lvt \u2013 n\u00e4stan\" href=\"http:\/\/rosenholm.se\/?page_id=6768\"> alt1<\/a><\/p>\n<p><a title=\"Solar, knappar och bollar\" href=\"http:\/\/rosenholm.se\/?page_id=873\">Sk\u00e5l\u00f6rt,\u00a0<em>Silphium perfoliatum<\/em><\/a><\/p>\n<p><a title=\"V\u00e4xthus med dammruin\" href=\"https:\/\/rosenholm.se\/?page_id=13492\">Plommontomat, <em>Solanum lycopersicum<\/em> &#8217;Olivade&#8217;<\/a><\/p>\n<p><a title=\"Mixade rabatter\" href=\"http:\/\/rosenholm.se\/?page_id=2342\">Palettblad, <em>Solenostemon<\/em> <em>scutellarioides<\/em> \u2018Copper Queen\u2019<\/a><\/p>\n<p><a title=\"Perennerna som t\u00e5l n\u00e4stan allt\" href=\"http:\/\/rosenholm.se\/?page_id=4548\">Gullris, <em>Solidago<\/em>,<\/a><a title=\"Sommarparadiset som sk\u00f6ter sig sj\u00e4lvt \u2013 n\u00e4stan\" href=\"http:\/\/rosenholm.se\/?page_id=6768\"> alt1,<\/a><a title=\"PERENNERNA SOM T\u00c5L DET MESTA\" href=\"http:\/\/rosenholm.se\/?page_id=10351\"> alt2<\/a><a title=\"Sommarparadiset som sk\u00f6ter sig sj\u00e4lvt \u2013 n\u00e4stan\" href=\"http:\/\/rosenholm.se\/?page_id=6768\"><br \/>\n<\/a><a title=\"DESIGNA MED V\u00c4XTER\" href=\"http:\/\/rosenholm.se\/?page_id=8064\">Tr\u00e4dg\u00e5rdsgullris, <em>Solidago<\/em> Canadensis-gruppe<\/a><a href=\"http:\/\/rosenholm.se\/?page_id=8064\">n<\/a><a title=\"Perennerna som t\u00e5l n\u00e4stan allt\" href=\"http:\/\/rosenholm.se\/?page_id=4548\"><em><br \/>\n<\/em><\/a><a title=\"Perennerna som t\u00e5l n\u00e4stan allt\" href=\"http:\/\/rosenholm.se\/?page_id=4548\">H\u00f6stgullris,\u00a0<em>Solidago gigantea<\/em><\/a><a title=\"Perennerna som t\u00e5l n\u00e4stan allt\" href=\"http:\/\/rosenholm.se\/?page_id=4548\"><em><br \/>\n<\/em><\/a><\/p>\n<p><a title=\"\u2663 En kortlek med tips f\u00f6r en charmig tr\u00e4dg\u00e5rd \u2663\" href=\"http:\/\/rosenholm.se\/?p=6044\">R\u00f6nn, <em>Sorbus aucuparia<\/em>,<\/a><a title=\"STR\u00c5LANDE H\u00d6ST\" href=\"http:\/\/rosenholm.se\/?page_id=10023\"> alt1<\/a><a title=\"Silver och vitt\" href=\"http:\/\/rosenholm.se\/?page_id=2150\"><br \/>\nP\u00e4rlr\u00f6nn,\u00a0<em>Sorbus koehneana<\/em><\/a><\/p>\n<p><a title=\"Orkid\u00e9er \u2013 exotiskt f\u00f6r den l\u00e4ttsamme\" href=\"http:\/\/rosenholm.se\/?page_id=5138\">Vitmossa,<em> Sphagnum<\/em><\/a><\/p>\n<p><a title=\"Form och h\u00f6jd\" href=\"http:\/\/rosenholm.se\/?page_id=9290\">Gullbandsgr\u00e4s, <em>Spartina pectinata<\/em> &#8217;Aureomarginata&#8217;<\/a><\/p>\n<p><a title=\"\u00c5rets stolleprov \u2013 i gult\" href=\"http:\/\/rosenholm.se\/?p=3967\">Spanskginst, <em>Spartium junceum<\/em><\/a><\/p>\n<p><a title=\"Villa Fraxinus \u2013 tr\u00e4dg\u00e5rd i hj\u00e4rtat av v\u00e4rldsarvet\" href=\"http:\/\/rosenholm.se\/?page_id=6539\">Norskspirea, <em>Spiraea<\/em><em>\u00a0\u00d7\u00a0<\/em><em>cinerea<\/em> \u2019Grefsheim\u2019<\/a><\/p>\n<p><a title=\"Piet och Anja Oudolf\" href=\"http:\/\/rosenholm.se\/?page_id=3176\">Pr\u00e4riedropps\u00e4d,<em>\u00a0Sporobolus heterolepis<\/em><\/a><\/p>\n<p><a title=\"V\u00e4xternas behov\" href=\"http:\/\/rosenholm.se\/?page_id=8223\">Lamm\u00f6ron, <em>Stachys byzantina<\/em>,<\/a><a title=\"Perenner f\u00f6r framkanten\" href=\"http:\/\/rosenholm.se\/?page_id=9365\"> alt1<\/a><a title=\"Fr\u00e5n gr\u00e4spl\u00e4tt till entr\u00e9tr\u00e4dg\u00e5rd\" href=\"http:\/\/rosenholm.se\/?page_id=308\"><br \/>\nLamm\u00f6ron,\u00a0<em>Stachys\u00a0byzantina<\/em>\u00a0\u2019Big Ears\u2019<\/a><a title=\"Textur\" href=\"http:\/\/rosenholm.se\/?page_id=2205\"><br \/>\nLamm\u00f6ron,<em>\u00a0Stachys byzantina<\/em>\u00a0\u2019Helene von Stein&#8217;,<\/a><a title=\"Tr\u00e4dg\u00e5rdens f\u00e4rger\" href=\"http:\/\/rosenholm.se\/?page_id=9132\"> alt1<\/a><a title=\"Textur\" href=\"http:\/\/rosenholm.se\/?page_id=2205\"><br \/>\n<\/a><a title=\"Fr\u00e5n gr\u00e4spl\u00e4tt till entr\u00e9tr\u00e4dg\u00e5rd\" href=\"http:\/\/rosenholm.se\/?page_id=308\">Lamm\u00f6ron,\u00a0<em>Stachys\u00a0byzantina<\/em>\u00a0\u2019Silver Carpet&#8217;,<\/a><a title=\"Barnens lekmilj\u00f6er\" href=\"http:\/\/rosenholm.se\/?page_id=6521\"> alt1,<\/a><a title=\"Bra markt\u00e4ckare\" href=\"http:\/\/rosenholm.se\/?page_id=8461\"> alt2<\/a><br \/>\n<a style=\"line-height: 1.5em;\" title=\"Naturn\u00e4ra\" href=\"http:\/\/rosenholm.se\/?page_id=116\"><span style=\"line-height: 1.5em;\">Praktbetonika,<\/span><em style=\"line-height: 1.5em;\"> Stachys macrantha<\/em>,<\/a><a title=\"Perennerna som t\u00e5l n\u00e4stan allt\" href=\"http:\/\/rosenholm.se\/?page_id=4548\"> alt1,<\/a><a title=\"Perenner f\u00f6r framkanten\" href=\"http:\/\/rosenholm.se\/?page_id=9365\"> alt2,<\/a><a title=\"Komponera med perenner\" href=\"http:\/\/rosenholm.se\/?page_id=10924\"> alt3,<\/a><a title=\"Mormorstr\u00e4dg\u00e5rden\" href=\"http:\/\/rosenholm.se\/?page_id=11141\"> alt4,<\/a><a title=\"Tv\u00e5 granar med damm\" href=\"http:\/\/rosenholm.se\/?page_id=11709\"> alt5<\/a><a style=\"line-height: 1.5em;\" title=\"Naturn\u00e4ra\" href=\"http:\/\/rosenholm.se\/?page_id=116\"><em style=\"line-height: 1.5em;\"><br \/>\n<\/em><\/a><a title=\"Mixade rabatter\" href=\"http:\/\/rosenholm.se\/?page_id=2342\">Axbetonika, <em>Stachys pradica<\/em> \u2018Hummelo\u2019<\/a><\/p>\n<p><a title=\"Markt\u00e4ckare\" href=\"http:\/\/rosenholm.se\/?page_id=1284\">Liten stefanandra,<em>\u00a0Stephanandra incisa<\/em>\u00a0\u2019Crispa\u2019<\/a>, <a title=\"Sprakande hett\" href=\"http:\/\/rosenholm.se\/?page_id=2038\">alt1<\/a><\/p>\n<p><a title=\"Skapa en h\u00f6stvacker tr\u00e4dg\u00e5rd\" href=\"http:\/\/rosenholm.se\/?page_id=4712\">Japansk skenkamelia, <em>Stewartia pseudocamellia<\/em>,<\/a><a title=\"Tr\u00e4d och buskar med blomning ut\u00f6ver det vanliga\" href=\"http:\/\/rosenholm.se\/?page_id=5790\"> alt1,<\/a><a title=\"Barnens lekmilj\u00f6er\" href=\"http:\/\/rosenholm.se\/?page_id=6521\"> alt2,<\/a><a title=\"H\u00f6stf\u00e4gnad\" href=\"http:\/\/rosenholm.se\/?page_id=9053\"> alt3<\/a><\/p>\n<p><a title=\"Plymer\" href=\"http:\/\/rosenholm.se\/?page_id=733\">Silvergr\u00e4s,\u00a0<em>Stipa calamagrostis<br \/>\n<\/em><\/a><a title=\"Formen f\u00f6rst\" href=\"http:\/\/rosenholm.se\/?page_id=2515\">Silvergr\u00e4s,\u00a0<em>Stipa calamagrostis\u00a0<\/em>\u2018Lemperz\u2019<\/a><\/p>\n<p><a title=\"I den tuffa delen av Sk\u00e5ne\" href=\"http:\/\/rosenholm.se\/?page_id=7588\">Sn\u00f6flinga, <em>Sutera cordata<\/em><\/a><\/p>\n<p><a title=\"En \u00f6verlevare f\u00e5r r\u00f6tterna i jorden\" href=\"http:\/\/rosenholm.se\/?p=2618\">Pingstsyren,\u00a0<em>Syringa<\/em>\u00a0\u00d7\u00a0<em>hyacinthiflora<br \/>\n<\/em><\/a><a title=\"Tr\u00e4d och buskar med blomning ut\u00f6ver det vanliga\" href=\"http:\/\/rosenholm.se\/?page_id=5790\">Pingstsyren,<em> <em>Syringa<\/em><\/em>\u00a0\u00d7\u00a0<em><em>hyacinthiflora<\/em><\/em>\u00a0&#8217;Maiden\u2019s Blush&#8217;,<\/a><a title=\"V\u00e4ldoft i din tr\u00e4dg\u00e5rd\" href=\"http:\/\/rosenholm.se\/?page_id=9198\"> alt1<br \/>\n<\/a><a title=\"BLOMMANDE TR\u00c4D\" href=\"http:\/\/rosenholm.se\/?page_id=10836\">Ungersk syren,<em> Syringa josikaea<\/em> \u2018Oden\u2019<\/a><em><br \/>\n<\/em><a title=\"V\u00e4xter som klarar vintern i kruka\" href=\"http:\/\/rosenholm.se\/?page_id=930\">Dv\u00e4rgsyren,<\/a><em><a title=\"V\u00e4xter som klarar vintern i kruka\" href=\"http:\/\/rosenholm.se\/?page_id=930\"> Syringa meyeri<\/a><\/em><a title=\"V\u00e4xter som klarar vintern i kruka\" href=\"http:\/\/rosenholm.se\/?page_id=930\">\u00a0&#8217;Palibin&#8217;<\/a><br \/>\n<a title=\"Mormorstr\u00e4dg\u00e5rden\" href=\"http:\/\/rosenholm.se\/?page_id=11141\">Sy<\/a><a title=\"Mormorstr\u00e4dg\u00e5rden\" href=\"http:\/\/rosenholm.se\/?page_id=11141\">ren, <\/a><em><a title=\"Mormorstr\u00e4dg\u00e5rden\" href=\"http:\/\/rosenholm.se\/?page_id=11141\">Syringa vulgaris<\/a><a title=\"V\u00e4xter som klarar vintern i kruka\" href=\"http:\/\/rosenholm.se\/?page_id=930\"><br \/>\n<\/a><\/em><a title=\"Gr\u00f6na rum\" href=\"http:\/\/rosenholm.se\/?page_id=2304\">\u00c4delsyren,\u00a0<em>Syringa vulgaris<\/em>\u00a0&#8217;Andenken an Ludwig Sp\u00e4th&#8217;<br \/>\n<\/a><a title=\"V\u00e4xterna som r\u00e5djuren inte gillar\" href=\"http:\/\/rosenholm.se\/?page_id=7795\">Syren,<em> Syringa vulgaris<\/em>\u00a0&#8217;Blue Skies&#8217;,<\/a><a title=\"Sex syrener av elva\" href=\"http:\/\/rosenholm.se\/?p=4505\"> alt1<br \/>\n<\/a><a title=\"Sex syrener av elva\" href=\"http:\/\/rosenholm.se\/?p=4505\">Syren, <\/a><a title=\"Sex syrener av elva\" href=\"http:\/\/rosenholm.se\/?p=4505\"><em>Syringa vulgaris<\/em>\u00a0&#8217;Krasavitsa Moskvy&#8217;<br \/>\n<\/a><a title=\"Sex syrener av elva\" href=\"http:\/\/rosenholm.se\/?p=4505\">Syren, <\/a><a title=\"Sex syrener av elva\" href=\"http:\/\/rosenholm.se\/?p=4505\"><em>Syringa vulgaris<\/em>\u00a0&#8217;Mme Lemoine&#8217;<br \/>\n<\/a><a title=\"Sex syrener av elva\" href=\"http:\/\/rosenholm.se\/?p=4505\">Syren, <em>Syringa vulgaris<\/em> &#8217;Norrfj\u00e4rden&#8217;<br \/>\n<\/a><a title=\"V\u00e4xterna som r\u00e5djuren inte gillar\" href=\"http:\/\/rosenholm.se\/?page_id=7795\">Syren, <em>Syringa vulgaris<\/em> &#8217;Primrose&#8217;<\/a><a title=\"Sex syrener av elva\" href=\"http:\/\/rosenholm.se\/?p=4505\"><br \/>\nSyren, <\/a><a title=\"Sex syrener av elva\" href=\"http:\/\/rosenholm.se\/?p=4505\"><em>Syringa vulgaris<\/em>\u00a0&#8217;Sensation&#8217;,<\/a><a title=\"V\u00e4ldoftande blommor\" href=\"http:\/\/rosenholm.se\/?page_id=9590\"> alt1<\/a><a title=\"Gr\u00f6na rum\" href=\"http:\/\/rosenholm.se\/?page_id=2304\"><br \/>\n<\/a><a title=\"Sex syrener av elva\" href=\"http:\/\/rosenholm.se\/?p=4505\">Syren,<em> Syringa vulgaris<\/em>\u00a0&#8217;Sterntaler<\/a>&#8217;<a title=\"Gr\u00f6na rum\" href=\"http:\/\/rosenholm.se\/?page_id=2304\"><br \/>\n<\/a><\/p>\n","protected":false},"excerpt":{"rendered":"<p>Trampnarv, Sagina subulata \u2019Hortensis\u2019 Silverpil, Salix alba var. sericea Klotpil,\u00a0Salix \u00d7 euxina\u00a0\u2019Bullata&#8217;, alt1, alt2, alt3, alt4, alt5 St\u00e4ppsalvia,\u00a0Salvia nemorosa\u00a0\u2018Amethyst\u2019, alt1, alt2, alt3, alt4 St\u00e4ppsalvia,\u00a0Salvia nemorosa\u00a0\u2019Caradonna\u2019,\u00a0alt1, alt2, alt3, alt4, alt5 St\u00e4ppsalvia,\u00a0Salvia&hellip; <\/p>\n","protected":false},"author":1,"featured_media":0,"parent":799,"menu_order":0,"comment_status":"closed","ping_status":"closed","template":"","meta":{"footnotes":""},"class_list":["post-842","page","type-page","status-publish","hentry"],"_links":{"self":[{"href":"https:\/\/rosenholm.se\/index.php?rest_route=\/wp\/v2\/pages\/842","targetHints":{"allow":["GET"]}}],"collection":[{"href":"https:\/\/rosenholm.se\/index.php?rest_route=\/wp\/v2\/pages"}],"about":[{"href":"https:\/\/rosenholm.se\/index.php?rest_route=\/wp\/v2\/types\/page"}],"author":[{"embeddable":true,"href":"https:\/\/rosenholm.se\/index.php?rest_route=\/wp\/v2\/users\/1"}],"replies":[{"embeddable":true,"href":"https:\/\/rosenholm.se\/index.php?rest_route=%2Fwp%2Fv2%2Fcomments&post=842"}],"version-history":[{"count":141,"href":"https:\/\/rosenholm.se\/index.php?rest_route=\/wp\/v2\/pages\/842\/revisions"}],"predecessor-version":[{"id":13570,"href":"https:\/\/rosenholm.se\/index.php?rest_route=\/wp\/v2\/pages\/842\/revisions\/13570"}],"up":[{"embeddable":true,"href":"https:\/\/rosenholm.se\/index.php?rest_route=\/wp\/v2\/pages\/799"}],"wp:attachment":[{"href":"https:\/\/rosenholm.se\/index.php?rest_route=%2Fwp%2Fv2%2Fmedia&parent=842"}],"curies":[{"name":"wp","href":"https:\/\/api.w.org\/{rel}","templated":true}]}}