{"id":8304,"date":"2015-09-23T22:09:13","date_gmt":"2015-09-23T20:09:13","guid":{"rendered":"http:\/\/rosenholm.se\/?page_id=8304"},"modified":"2016-04-22T20:14:31","modified_gmt":"2016-04-22T18:14:31","slug":"bra-vaxter-for-spaljeer-och-vaggar","status":"publish","type":"page","link":"https:\/\/rosenholm.se\/?page_id=8304","title":{"rendered":"Bra v\u00e4xter f\u00f6r spalj\u00e9er och v\u00e4ggar"},"content":{"rendered":"<div id=\"attachment_8319\" style=\"width: 710px\" class=\"wp-caption alignnone\"><img loading=\"lazy\" decoding=\"async\" aria-describedby=\"caption-attachment-8319\" class=\"size-large wp-image-8319\" src=\"http:\/\/rosenholm.se\/wp-content\/uploads\/2015\/09\/DSC05990-700x466.jpg\" alt=\"Kl\u00e4tterhortensia, Hydrangea anomala ssp. petiolaris\" width=\"700\" height=\"466\" srcset=\"https:\/\/rosenholm.se\/wp-content\/uploads\/2015\/09\/DSC05990-350x233@2x.jpg 700w, https:\/\/rosenholm.se\/wp-content\/uploads\/2015\/09\/DSC05990-250x167.jpg 250w, https:\/\/rosenholm.se\/wp-content\/uploads\/2015\/09\/DSC05990-350x233.jpg 350w, https:\/\/rosenholm.se\/wp-content\/uploads\/2015\/09\/DSC05990.jpg 728w, https:\/\/rosenholm.se\/wp-content\/uploads\/2015\/09\/DSC05990-250x167@2x.jpg 500w\" sizes=\"auto, (max-width: 700px) 100vw, 700px\" \/><p id=\"caption-attachment-8319\" class=\"wp-caption-text\">Kl\u00e4tterhortensia, Hydrangea anomala ssp. petiolaris<\/p><\/div>\n<p><strong>Kl\u00e4tterhortensia<\/strong><br \/>\n<em>Hydrangea anomala<\/em> ssp. <em>petiolaris<\/em><br \/>\nVita vackra blomst\u00e4llningar som blir ett par\u00a0decimeter i diameter kommer under h\u00f6gsommaren\u00a0och har sk\u00f6nhetsv\u00e4rde \u00e4ven som utblommade. Kl\u00e4tterhortensian \u00e4r tr\u00f6g i starten och det\u00a0kan ta ett n\u00e5gra \u00e5r innan den kommer ig\u00e5ng och\u00a0v\u00e4xer ordentligt. Anspr\u00e5ksl\u00f6s v\u00e4xt som trivs bra i\u00a0skuggan, men \u00e4ven klarar ett soligare l\u00e4ge. Zon 4.\u00a0Kan bli 6\u20137 meter h\u00f6g.<\/p>\n<div id=\"attachment_8316\" style=\"width: 710px\" class=\"wp-caption alignnone\"><img loading=\"lazy\" decoding=\"async\" aria-describedby=\"caption-attachment-8316\" class=\"size-large wp-image-8316\" src=\"http:\/\/rosenholm.se\/wp-content\/uploads\/2015\/09\/DSC_9054-700x466.jpg\" alt=\"Murgr\u00f6na, Hedera helix\" width=\"700\" height=\"466\" srcset=\"https:\/\/rosenholm.se\/wp-content\/uploads\/2015\/09\/DSC_9054-350x233@2x.jpg 700w, https:\/\/rosenholm.se\/wp-content\/uploads\/2015\/09\/DSC_9054-250x167.jpg 250w, https:\/\/rosenholm.se\/wp-content\/uploads\/2015\/09\/DSC_9054-350x233.jpg 350w, https:\/\/rosenholm.se\/wp-content\/uploads\/2015\/09\/DSC_9054.jpg 728w, https:\/\/rosenholm.se\/wp-content\/uploads\/2015\/09\/DSC_9054-250x167@2x.jpg 500w\" sizes=\"auto, (max-width: 700px) 100vw, 700px\" \/><p id=\"caption-attachment-8316\" class=\"wp-caption-text\">Murgr\u00f6na, Hedera helix<\/p><\/div>\n<p><strong>Murgr\u00f6na<\/strong><br \/>\n<em>Hedera helix<\/em><br \/>\nSt\u00e4dsegr\u00f6n och sj\u00e4lvkl\u00e4ttrande. Uts\u00f6kt som\u00a0m\u00f6rkgr\u00f6n bakgrund \u00e5t ljusa blommande v\u00e4xter.\u00a0Kan med tiden kl\u00e4 in stora ytor. Sorten \u2019Baltica\u2019 \u00e4r\u00a0h\u00e4rdigast och klarar zon 3. Halvskugga\u2013skugga.<\/p>\n<div id=\"attachment_8321\" style=\"width: 360px\" class=\"wp-caption alignright\"><img loading=\"lazy\" decoding=\"async\" aria-describedby=\"caption-attachment-8321\" class=\"size-medium wp-image-8321\" src=\"http:\/\/rosenholm.se\/wp-content\/uploads\/2015\/09\/D2X_0667-350x438.jpg\" alt=\"Sidenklematis, Clematis potaninii var. fargesii \u2019Summersnow\u2019\" width=\"350\" height=\"438\" srcset=\"https:\/\/rosenholm.se\/wp-content\/uploads\/2015\/09\/D2X_0667-350x438.jpg 350w, https:\/\/rosenholm.se\/wp-content\/uploads\/2015\/09\/D2X_0667-200x250.jpg 200w, https:\/\/rosenholm.se\/wp-content\/uploads\/2015\/09\/D2X_0667-560x700.jpg 560w, https:\/\/rosenholm.se\/wp-content\/uploads\/2015\/09\/D2X_0667.jpg 582w, https:\/\/rosenholm.se\/wp-content\/uploads\/2015\/09\/D2X_0667-200x250@2x.jpg 400w\" sizes=\"auto, (max-width: 350px) 100vw, 350px\" \/><p id=\"caption-attachment-8321\" class=\"wp-caption-text\">Sidenklematis, Clematis potaninii var. fargesii \u2019Summersnow\u2019<\/p><\/div>\n<p><strong>Sidenklematis<\/strong><br \/>\n<em>Clematis potaninii<\/em> var. <em>fargesii<\/em> \u2019Summersnow\u2019<br \/>\nKraftigv\u00e4xande sm\u00e5blommig klematis som kan\u00a0ge upp till 7 meter l\u00e5nga rankor. Vita\u00a0doftande blommor i juli. Anspr\u00e5ksl\u00f6s. Zon 4.\u00a0Sol\u2013halvskugga.<\/p>\n<div id=\"attachment_8315\" style=\"width: 710px\" class=\"wp-caption alignnone\"><img loading=\"lazy\" decoding=\"async\" aria-describedby=\"caption-attachment-8315\" class=\"size-large wp-image-8315\" src=\"http:\/\/rosenholm.se\/wp-content\/uploads\/2015\/09\/DSC_4904-700x466.jpg\" alt=\"Pipranka, Aristolochia macrophylla\" width=\"700\" height=\"466\" srcset=\"https:\/\/rosenholm.se\/wp-content\/uploads\/2015\/09\/DSC_4904-350x233@2x.jpg 700w, https:\/\/rosenholm.se\/wp-content\/uploads\/2015\/09\/DSC_4904-250x167.jpg 250w, https:\/\/rosenholm.se\/wp-content\/uploads\/2015\/09\/DSC_4904-350x233.jpg 350w, https:\/\/rosenholm.se\/wp-content\/uploads\/2015\/09\/DSC_4904.jpg 728w, https:\/\/rosenholm.se\/wp-content\/uploads\/2015\/09\/DSC_4904-250x167@2x.jpg 500w\" sizes=\"auto, (max-width: 700px) 100vw, 700px\" \/><p id=\"caption-attachment-8315\" class=\"wp-caption-text\">Pipranka, Aristolochia macrophylla<\/p><\/div>\n<p><strong>Pipranka<\/strong><br \/>\n<em>Aristolochia macrophylla<\/em><br \/>\nStora hj\u00e4rtformade, t\u00e4ttsittande blad som d\u00f6ljer\u00a0blommorna. Anspr\u00e5ksl\u00f6s v\u00e4xt som trivs i\u00a0halvskugga, kan \u00e4ven v\u00e4xa i djup skugga d\u00e4r\u00a0inte annat trivs. Kan inte kl\u00e4ttra direkt p\u00e5\u00a0v\u00e4ggen utan beh\u00f6ver n\u00e5got att\u00a0slingra\u00a0sig runt, till exempel en spalj\u00e9. V\u00e4xer l\u00e5ngsamt i b\u00f6rjan,\u00a0men n\u00e4r den v\u00e4l kommit ig\u00e5ng kan den kl\u00e4 stora\u00a0ytor med frodig gr\u00f6nska. Kommer ig\u00e5ng sent\u00a0p\u00e5 v\u00e5ren. Zon 5.<\/p>\n<div id=\"attachment_8318\" style=\"width: 710px\" class=\"wp-caption alignnone\"><img loading=\"lazy\" decoding=\"async\" aria-describedby=\"caption-attachment-8318\" class=\"size-large wp-image-8318\" src=\"http:\/\/rosenholm.se\/wp-content\/uploads\/2015\/09\/DSCN5317-700x466.jpg\" alt=\"Kl\u00e4tterros, Rosa \u2019Flammentanz\u2019\" width=\"700\" height=\"466\" srcset=\"https:\/\/rosenholm.se\/wp-content\/uploads\/2015\/09\/DSCN5317-350x233@2x.jpg 700w, https:\/\/rosenholm.se\/wp-content\/uploads\/2015\/09\/DSCN5317-250x167.jpg 250w, https:\/\/rosenholm.se\/wp-content\/uploads\/2015\/09\/DSCN5317-350x233.jpg 350w, https:\/\/rosenholm.se\/wp-content\/uploads\/2015\/09\/DSCN5317.jpg 728w, https:\/\/rosenholm.se\/wp-content\/uploads\/2015\/09\/DSCN5317-250x167@2x.jpg 500w\" sizes=\"auto, (max-width: 700px) 100vw, 700px\" \/><p id=\"caption-attachment-8318\" class=\"wp-caption-text\">Kl\u00e4tterros, Rosa \u2019Flammentanz\u2019<\/p><\/div>\n<p><strong>Kl\u00e4tterros<\/strong><br \/>\n<em>Rosa<\/em> \u2019Flammentanz\u2019<br \/>\nR\u00f6d rikblommande kl\u00e4tterros som blommar i juli. Den \u00e4r skuggt\u00e5lig, l\u00e4ttodlad och angrips\u00a0s\u00e4llan av sjukdomar. Kraftigt och t\u00e4tt v\u00e4xts\u00e4tt med\u00a0rankor som uppbundna kan bli upp emot 5 meter\u00a0l\u00e5nga. Zon 5.<\/p>\n<div id=\"attachment_8320\" style=\"width: 360px\" class=\"wp-caption alignright\"><img loading=\"lazy\" decoding=\"async\" aria-describedby=\"caption-attachment-8320\" class=\"size-medium wp-image-8320\" src=\"http:\/\/rosenholm.se\/wp-content\/uploads\/2015\/09\/DSC_5108-350x438.jpg\" alt=\"Bl\u00e5 staketdruva, Vitis labrusca \u2019Zilga\u2019\" width=\"350\" height=\"438\" srcset=\"https:\/\/rosenholm.se\/wp-content\/uploads\/2015\/09\/DSC_5108-350x438.jpg 350w, https:\/\/rosenholm.se\/wp-content\/uploads\/2015\/09\/DSC_5108-200x250.jpg 200w, https:\/\/rosenholm.se\/wp-content\/uploads\/2015\/09\/DSC_5108-560x700.jpg 560w, https:\/\/rosenholm.se\/wp-content\/uploads\/2015\/09\/DSC_5108.jpg 582w, https:\/\/rosenholm.se\/wp-content\/uploads\/2015\/09\/DSC_5108-200x250@2x.jpg 400w\" sizes=\"auto, (max-width: 350px) 100vw, 350px\" \/><p id=\"caption-attachment-8320\" class=\"wp-caption-text\">Bl\u00e5 staketdruva, Vitis labrusca \u2019Zilga\u2019<\/p><\/div>\n<p><strong>Bl\u00e5 staketdruva<\/strong><br \/>\n<em>Vitis labrusca<\/em> \u2019Zilga\u2019<br \/>\nFrisk och ytterst h\u00e4rdig vindruvssort som ger sm\u00e5\u00a0v\u00e4lsmakande bl\u00e5 druvor. Sj\u00e4lvfertil. Rik och\u00a0regelbunden avkastning. Druvorna passar bra om\u00a0man vill g\u00f6ra goda viner. Beh\u00f6ver kl\u00e4tterst\u00f6d. Zon\u00a04. Soligt l\u00e4ge ger mer frukt.<\/p>\n<div id=\"attachment_8317\" style=\"width: 710px\" class=\"wp-caption alignnone\"><img loading=\"lazy\" decoding=\"async\" aria-describedby=\"caption-attachment-8317\" class=\"size-large wp-image-8317\" src=\"http:\/\/rosenholm.se\/wp-content\/uploads\/2015\/09\/D2X_0392-700x466.jpg\" alt=\"Engelmannsvin, Parthenocissus quinquefolia var. engelmannii\" width=\"700\" height=\"466\" srcset=\"https:\/\/rosenholm.se\/wp-content\/uploads\/2015\/09\/D2X_0392-350x233@2x.jpg 700w, https:\/\/rosenholm.se\/wp-content\/uploads\/2015\/09\/D2X_0392-250x167.jpg 250w, https:\/\/rosenholm.se\/wp-content\/uploads\/2015\/09\/D2X_0392-350x233.jpg 350w, https:\/\/rosenholm.se\/wp-content\/uploads\/2015\/09\/D2X_0392.jpg 728w, https:\/\/rosenholm.se\/wp-content\/uploads\/2015\/09\/D2X_0392-250x167@2x.jpg 500w\" sizes=\"auto, (max-width: 700px) 100vw, 700px\" \/><p id=\"caption-attachment-8317\" class=\"wp-caption-text\">Engelmannsvin, Parthenocissus quinquefolia var. engelmannii<\/p><\/div>\n<p><strong>Engelmannsvin<\/strong><br \/>\n<em>Parthenocissus quinquefolia<\/em> var. <em>engelmannii<\/em><br \/>\nSj\u00e4lvkl\u00e4ttrande vin med sugskivor som snabbt kan\u00a0kl\u00e4 in stora delar av en husv\u00e4gg. F\u00e5r en\u00a0vackert r\u00f6d h\u00f6stf\u00e4rg. T\u00e5lig och l\u00e4ttsk\u00f6tt, men ska inte\u00a0planteras i f\u00f6r bl\u00e5siga l\u00e4gen eftersom sugskivorna\u00a0d\u00e5 kan sl\u00e4ppa\u00a0fr\u00e5n underlaget. Zon 4.<\/p>\n<h5><a title=\"Utforma rabatterna\" href=\"http:\/\/rosenholm.se\/?page_id=8382\">UTFORMA RABATTERNA<\/a><\/h5>\n","protected":false},"excerpt":{"rendered":"<p>Kl\u00e4tterhortensia Hydrangea anomala ssp. petiolaris Vita vackra blomst\u00e4llningar som blir ett par\u00a0decimeter i diameter kommer under h\u00f6gsommaren\u00a0och har sk\u00f6nhetsv\u00e4rde \u00e4ven som utblommade. Kl\u00e4tterhortensian \u00e4r tr\u00f6g i starten och det\u00a0kan ta&hellip; <\/p>\n","protected":false},"author":1,"featured_media":0,"parent":0,"menu_order":0,"comment_status":"closed","ping_status":"closed","template":"","meta":{"footnotes":""},"class_list":["post-8304","page","type-page","status-publish","hentry"],"_links":{"self":[{"href":"https:\/\/rosenholm.se\/index.php?rest_route=\/wp\/v2\/pages\/8304","targetHints":{"allow":["GET"]}}],"collection":[{"href":"https:\/\/rosenholm.se\/index.php?rest_route=\/wp\/v2\/pages"}],"about":[{"href":"https:\/\/rosenholm.se\/index.php?rest_route=\/wp\/v2\/types\/page"}],"author":[{"embeddable":true,"href":"https:\/\/rosenholm.se\/index.php?rest_route=\/wp\/v2\/users\/1"}],"replies":[{"embeddable":true,"href":"https:\/\/rosenholm.se\/index.php?rest_route=%2Fwp%2Fv2%2Fcomments&post=8304"}],"version-history":[{"count":6,"href":"https:\/\/rosenholm.se\/index.php?rest_route=\/wp\/v2\/pages\/8304\/revisions"}],"predecessor-version":[{"id":9690,"href":"https:\/\/rosenholm.se\/index.php?rest_route=\/wp\/v2\/pages\/8304\/revisions\/9690"}],"wp:attachment":[{"href":"https:\/\/rosenholm.se\/index.php?rest_route=%2Fwp%2Fv2%2Fmedia&parent=8304"}],"curies":[{"name":"wp","href":"https:\/\/api.w.org\/{rel}","templated":true}]}}