{"id":8242,"date":"2015-09-11T21:33:20","date_gmt":"2015-09-11T19:33:20","guid":{"rendered":"http:\/\/rosenholm.se\/?page_id=8242"},"modified":"2016-04-22T20:05:46","modified_gmt":"2016-04-22T18:05:46","slug":"stommen-forst","status":"publish","type":"page","link":"https:\/\/rosenholm.se\/?page_id=8242","title":{"rendered":"STOMMEN F\u00d6RST"},"content":{"rendered":"<p>De strukturskapande v\u00e4xterna ska planeras\u00a0in f\u00f6rst. De bildar den stomme som bildar rummen\u00a0och skapar avsk\u00e4rmningar b\u00e5de inom\u00a0tr\u00e4dg\u00e5rden och gentemot de yttre gr\u00e4nserna. Man kan\u00a0s\u00e4ga att de \u00e4r tr\u00e4dg\u00e5rdens motsvarighet till den fasta inredningen i ett hus, v\u00e4ggar,\u00a0inbyggda garderober och k\u00f6kets arbetsb\u00e4nkar, s\u00e5dant man inte g\u00e4rna flyttar eller \u00e4ndrar p\u00e5 annat\u00a0\u00e4n vid en totalrenovering. Likadant \u00e4r det med strukturskapande v\u00e4xter, de byter man helst inte ut\u00a0n\u00e4r de\u00a0v\u00e4l blivit etablerade. Just d\u00e4rf\u00f6r \u00e4r det viktigt att t\u00e4nka igenom tr\u00e4dg\u00e5rdens uppbyggnad innan\u00a0man ger sig i kast med det kr\u00e4vande och kostsamma arbetet\u00a0att k\u00f6pa in och plantera den typen av\u00a0v\u00e4xter.<\/p>\n<div id=\"attachment_8247\" style=\"width: 710px\" class=\"wp-caption alignnone\"><img loading=\"lazy\" decoding=\"async\" aria-describedby=\"caption-attachment-8247\" class=\"size-large wp-image-8247\" src=\"http:\/\/rosenholm.se\/wp-content\/uploads\/2015\/09\/DSC_6135-700x465.jpg\" alt=\"I den egna 300 kvadratmeter stora radhustr\u00e4dg\u00e5rden, p\u00e5 Liding\u00f6 utanf\u00f6r Stockholm, som den svenska tr\u00e4dg\u00e5rsarkitekten Walter Bauer (1912\u20131994) skapade tillsammans med sin hustru Lisa (1920\u20132003), v\u00e4lk\u00e4nd tr\u00e4dg\u00e5rdstecknare och konstn\u00e4r, framtr\u00e4der de starka tredimensionella formerna v\u00e4l under sn\u00f6t\u00e4cket. H\u00e4r syns det verkligen att en god struktur \u00e4r det viktigaste och mest best\u00e4ndiga i en tr\u00e4dg\u00e5rd. Den g\u00f6r tr\u00e4dg\u00e5rden upplevelserik och vacker \u00e4ven p\u00e5 vintern n\u00e4r sn\u00f6n kl\u00e4r in den i sin vita skrud. Det \u00e4r framf\u00f6rallt d\u00e5, n\u00e4r blommor och blad sedan l\u00e4nge vissnat, som formerna har huvudrollen i tr\u00e4dg\u00e5rdssk\u00e5despelet.\" width=\"700\" height=\"465\" srcset=\"https:\/\/rosenholm.se\/wp-content\/uploads\/2015\/09\/DSC_6135-350x233@2x.jpg 700w, https:\/\/rosenholm.se\/wp-content\/uploads\/2015\/09\/DSC_6135-250x166.jpg 250w, https:\/\/rosenholm.se\/wp-content\/uploads\/2015\/09\/DSC_6135-350x233.jpg 350w, https:\/\/rosenholm.se\/wp-content\/uploads\/2015\/09\/DSC_6135.jpg 728w, https:\/\/rosenholm.se\/wp-content\/uploads\/2015\/09\/DSC_6135-250x166@2x.jpg 500w\" sizes=\"auto, (max-width: 700px) 100vw, 700px\" \/><p id=\"caption-attachment-8247\" class=\"wp-caption-text\">I den egna 300 kvadratmeter stora radhustr\u00e4dg\u00e5rden p\u00e5 Liding\u00f6\u00a0som den svenska tr\u00e4dg\u00e5rdsarkitekten Walter Bauer (1912\u20131994) skapade tillsammans med sin hustru Lisa (1920\u20132003), v\u00e4lk\u00e4nd tr\u00e4dg\u00e5rdstecknare och konstn\u00e4r, framtr\u00e4der de starka tredimensionella formerna under sn\u00f6t\u00e4cket. God struktur \u00e4r det viktigaste och mest best\u00e4ndiga i en tr\u00e4dg\u00e5rd, den blir upplevelserik och vacker \u00e4ven p\u00e5 vintern n\u00e4r sn\u00f6n kl\u00e4r den i vit skrud. N\u00e4r blommor och blad sedan l\u00e4nge vissnat f\u00e5r formerna huvudrollen i tr\u00e4dg\u00e5rdssk\u00e5despelet.<\/p><\/div>\n<p>De undersk\u00f6na engelska \u201dcottage\u201d-tr\u00e4dg\u00e5rdarna vi l\u00e5ter oss f\u00f6rf\u00f6ras av i b\u00f6ckers och tidningars bilder\u00a0har n\u00e4stan alltid en stomme av formklippta h\u00e4ckar som den\u00a0frodiga blomningen kontrasteras mot. Vi kanske inte t\u00e4nker\u00a0p\u00e5 den lugna, gr\u00f6na stommen n\u00e4r vi h\u00e4nf\u00f6rt betraktar blomprakten, men om vi tittar noggrannare ser vi idegran, buxbom eller n\u00e5gon annan formklippt h\u00e4ck i bakgrunden. Att l\u00e5ta fluffiga och blommande\u00a0v\u00e4xter spela mot en strikt stomme av gr\u00f6na v\u00e4xter \u00e4r ett\u00a0helt suver\u00e4nt s\u00e4tt att med enkla medel skapa en tr\u00e4dg\u00e5rd\u00a0med\u00a0det d\u00e4r lilla extra vi alla dr\u00f6mmer om.<\/p>\n<div id=\"attachment_8245\" style=\"width: 710px\" class=\"wp-caption alignnone\"><img loading=\"lazy\" decoding=\"async\" aria-describedby=\"caption-attachment-8245\" class=\"size-large wp-image-8245\" src=\"http:\/\/rosenholm.se\/wp-content\/uploads\/2015\/09\/DSC09857-700x466.jpg\" alt=\"I kolonitr\u00e4dg\u00e5rdsparken De ovale haver, p\u00e5 Sj\u00e4lland i Danmark, omges de olika sm\u00e5 t\u00e4pporna av fantastiska rumsbildande h\u00e4ckar i rundade former. Grundstrukturen \u00e4r mycket p\u00e5taglig sommar som vinter i denna park som planerades 1948\u20131949 av den danska landskapsarkitekten C.Th. S\u00f6rensen (1893\u20131979).\" width=\"700\" height=\"466\" srcset=\"https:\/\/rosenholm.se\/wp-content\/uploads\/2015\/09\/DSC09857-350x233@2x.jpg 700w, https:\/\/rosenholm.se\/wp-content\/uploads\/2015\/09\/DSC09857-250x167.jpg 250w, https:\/\/rosenholm.se\/wp-content\/uploads\/2015\/09\/DSC09857-350x233.jpg 350w, https:\/\/rosenholm.se\/wp-content\/uploads\/2015\/09\/DSC09857.jpg 728w, https:\/\/rosenholm.se\/wp-content\/uploads\/2015\/09\/DSC09857-250x167@2x.jpg 500w\" sizes=\"auto, (max-width: 700px) 100vw, 700px\" \/><p id=\"caption-attachment-8245\" class=\"wp-caption-text\">I kolonitr\u00e4dg\u00e5rdsparken De ovale haver, p\u00e5 Sj\u00e4lland i Danmark, omges de olika sm\u00e5 t\u00e4pporna av fantastiska rumsbildande h\u00e4ckar i rundade former. Grundstrukturen \u00e4r mycket p\u00e5taglig sommar som vinter i denna park som planerades 1948\u20131949 av den danska landskapsarkitekten C.Th. S\u00f6rensen (1893\u20131979).<\/p><\/div>\n<p>H\u00e4r uppe i Norden d\u00e4r tr\u00e4dg\u00e5rden \u00e4r avl\u00f6vad under\u00a0en stor del av \u00e5ret har vi extra stor nytta av att ge v\u00e5ra\u00a0tr\u00e4dg\u00e5rdar en bra grundstruktur, utan l\u00f6v framtr\u00e4der strukturen som allra b\u00e4st. V\u00e4l\u00a0genomt\u00e4nkt\u00a0g\u00f6r den\u00a0tr\u00e4dg\u00e5rden intressant och vacker\u00a0\u00e4ven vintertid. Strukturv\u00e4xterna fungerar\u00a0som ett\u00a0skelett som finns kvar n\u00e4r den frodiga gr\u00f6nskan vissnat ner\u00a0p\u00e5 h\u00f6sten. Under sommarhalv\u00e5ret spelar de mer\u00a0en\u00a0tillbakadragen roll som en lugnande bakgrund\u00a0\u00e5t den frodiga gr\u00f6nskan och blomningen.<\/p>\n<div id=\"attachment_8246\" style=\"width: 710px\" class=\"wp-caption alignnone\"><img loading=\"lazy\" decoding=\"async\" aria-describedby=\"caption-attachment-8246\" class=\"size-large wp-image-8246\" src=\"http:\/\/rosenholm.se\/wp-content\/uploads\/2015\/09\/DSC_6187-700x428.jpg\" alt=\"Med strikta, halvh\u00f6ga v\u00e4ggar av klippta ligusterh\u00e4ckar skapas en tydlig f\u00e4rdriktning mot det lilla tr\u00e4dg\u00e5rdsrummet runt lusthuset i makarna Juul-Jensens tr\u00e4dg\u00e5rd p\u00e5 Langeland i Danmark. Uppstammade barrtr\u00e4d skapar tak och bidrar till det, f\u00f6r atmosf\u00e4ren s\u00e5 viktiga, spelet mellan ljus och skugga. Barrtr\u00e4dens vertikala stammar kontrasterar effektfullt mot de klippta h\u00e4ckarnas horisontella linjer och f\u00f6rst\u00e4rker kompositionens attraktionskraft.\" width=\"700\" height=\"428\" srcset=\"https:\/\/rosenholm.se\/wp-content\/uploads\/2015\/09\/DSC_6187-350x214@2x.jpg 700w, https:\/\/rosenholm.se\/wp-content\/uploads\/2015\/09\/DSC_6187-250x153.jpg 250w, https:\/\/rosenholm.se\/wp-content\/uploads\/2015\/09\/DSC_6187-350x214.jpg 350w, https:\/\/rosenholm.se\/wp-content\/uploads\/2015\/09\/DSC_6187.jpg 728w, https:\/\/rosenholm.se\/wp-content\/uploads\/2015\/09\/DSC_6187-250x153@2x.jpg 500w\" sizes=\"auto, (max-width: 700px) 100vw, 700px\" \/><p id=\"caption-attachment-8246\" class=\"wp-caption-text\">Med strikta, halvh\u00f6ga v\u00e4ggar av klippta ligusterh\u00e4ckar skapas en tydlig f\u00e4rdriktning mot det lilla tr\u00e4dg\u00e5rdsrummet runt lusthuset i makarna Juul-Jensens tr\u00e4dg\u00e5rd p\u00e5 Langeland i Danmark. Uppstammade barrtr\u00e4d skapar tak och bidrar till det, f\u00f6r atmosf\u00e4ren s\u00e5 viktiga, spelet mellan ljus och skugga. Barrtr\u00e4dens vertikala stammar kontrasterar effektfullt mot de klippta h\u00e4ckarnas horisontella linjer och f\u00f6rst\u00e4rker kompositionens attraktionskraft.<\/p><\/div>\n<div id=\"attachment_8309\" style=\"width: 710px\" class=\"wp-caption alignnone\"><img loading=\"lazy\" decoding=\"async\" aria-describedby=\"caption-attachment-8309\" class=\"size-large wp-image-8309\" src=\"http:\/\/rosenholm.se\/wp-content\/uploads\/2015\/09\/DSC04289-700x466.jpg\" alt=\"Under taket av det \u00f6verd\u00e5digt blommande praktk\u00f6rb\u00e4rstr\u00e4det, Prunus Sato Zakura-gruppen \u2019Kanzan\u2019, i H\u00e5gelbyparken strax s\u00f6der om Stockholm har skuggt\u00e5liga perenner som praktbetonika och strutbr\u00e4ken planterats mellan kullerstenarna. Till v\u00e4nster syns en r\u00f6dbladig japansk l\u00f6nn vars grenverk str\u00e4cker sig ut mot den lilla g\u00e5ngen som l\u00f6per runt den fyrkantiga planteringen. De alternerande solbelysta och skuggiga omr\u00e5dena, som skapas av praktk\u00f6rb\u00e4rstr\u00e4dets krona, g\u00f6r omr\u00e5det mer livfullt och intressant.\" width=\"700\" height=\"466\" srcset=\"https:\/\/rosenholm.se\/wp-content\/uploads\/2015\/09\/DSC04289-350x233@2x.jpg 700w, https:\/\/rosenholm.se\/wp-content\/uploads\/2015\/09\/DSC04289-250x167.jpg 250w, https:\/\/rosenholm.se\/wp-content\/uploads\/2015\/09\/DSC04289-350x233.jpg 350w, https:\/\/rosenholm.se\/wp-content\/uploads\/2015\/09\/DSC04289.jpg 728w, https:\/\/rosenholm.se\/wp-content\/uploads\/2015\/09\/DSC04289-250x167@2x.jpg 500w\" sizes=\"auto, (max-width: 700px) 100vw, 700px\" \/><p id=\"caption-attachment-8309\" class=\"wp-caption-text\">Under taket av det \u00f6verd\u00e5digt blommande japanska k\u00f6rsb\u00e4rstr\u00e4det, Prunus Sato Zakura-gruppen \u2019Kanzan\u2019, i H\u00e5gelbyparken strax s\u00f6der om Stockholm har skuggt\u00e5liga perenner som praktbetonika och strutbr\u00e4ken planterats mellan kullerstenarna. Till v\u00e4nster syns en r\u00f6dbladig japansk l\u00f6nn vars grenverk str\u00e4cker sig ut mot den lilla g\u00e5ngen som l\u00f6per runt den fyrkantiga planteringen. De alternerande solbelysta och skuggiga omr\u00e5dena, som skapas av praktk\u00f6rb\u00e4rstr\u00e4dets krona, g\u00f6r omr\u00e5det mer livfullt och intressant.<\/p><\/div>\n<div id=\"attachment_8308\" style=\"width: 360px\" class=\"wp-caption alignright\"><img loading=\"lazy\" decoding=\"async\" aria-describedby=\"caption-attachment-8308\" class=\"size-medium wp-image-8308\" src=\"http:\/\/rosenholm.se\/wp-content\/uploads\/2015\/09\/DSC_5176-350x438.jpg\" alt=\"Under det knotiga gamla \u00e4ppeltr\u00e4dets n\u00e4stan horisontella grenar, i Bauers tr\u00e4dg\u00e5rd p\u00e5 Liding\u00f6, skapas en tydlig takk\u00e4nsla. H\u00e4r st\u00e5r en trivsam tr\u00e4dg\u00e5rdsm\u00f6bel f\u00f6r avkopplande vilostunder, middagar eller avst\u00e4llning av \u00e4ppelkorgen under arbetet med fruktsk\u00f6rden. N\u00e4r man passerar den l\u00e4gsta grenen p\u00e5 den lilla stenlagda g\u00e5ngen till v\u00e4nster f\u00e5r man b\u00f6ja sig ner p\u00e5 samma s\u00e4tt som n\u00e4r man g\u00e5r genom d\u00f6rr\u00f6ppningar i gamla hus, vilket skapar en hemtrevlig k\u00e4nsla av uppvuxen genuin tr\u00e4dg\u00e5rd.\" width=\"350\" height=\"438\" srcset=\"https:\/\/rosenholm.se\/wp-content\/uploads\/2015\/09\/DSC_5176-350x438.jpg 350w, https:\/\/rosenholm.se\/wp-content\/uploads\/2015\/09\/DSC_5176-200x250.jpg 200w, https:\/\/rosenholm.se\/wp-content\/uploads\/2015\/09\/DSC_5176-560x700.jpg 560w, https:\/\/rosenholm.se\/wp-content\/uploads\/2015\/09\/DSC_5176.jpg 582w, https:\/\/rosenholm.se\/wp-content\/uploads\/2015\/09\/DSC_5176-200x250@2x.jpg 400w\" sizes=\"auto, (max-width: 350px) 100vw, 350px\" \/><p id=\"caption-attachment-8308\" class=\"wp-caption-text\">Det knotiga \u00e4ppeltr\u00e4dets horisontella grenar, i Bauers tr\u00e4dg\u00e5rd p\u00e5 Liding\u00f6, skapar takk\u00e4nsla. H\u00e4r st\u00e5r en trivsam tr\u00e4dg\u00e5rdsm\u00f6bel f\u00f6r avkopplande vilostunder, middagar eller avst\u00e4llning av \u00e4ppelkorgen under fruktsk\u00f6rden. N\u00e4r man passerar l\u00e4ngs den smala stenlagda g\u00e5ngen f\u00e5r man b\u00f6ja sig ner p\u00e5 samma s\u00e4tt som under d\u00f6rr\u00f6ppningar i gamla hus, en hemtrevlig k\u00e4nsla av uppvuxen genuin tr\u00e4dg\u00e5rd skapas.<\/p><\/div>\n<p>En strukturskapande v\u00e4xt v\u00e4ljs inte f\u00f6r sina blommors\u00a0skull utan v\u00e4gledande vid valet \u00e4r huruvida den kan\u00a0skapa rumsavgr\u00e4nsning och bidra med passande form och f\u00e4rg b\u00e5de sommar- och vintertid. F\u00f6r att uppn\u00e5 m\u00e5let b\u00f6r man inte anv\u00e4nda sig av f\u00f6r m\u00e5nga\u00a0olika sorters v\u00e4xter utan i st\u00e4llet flera exemplar av en eller ett\u00a0f\u00e5tal sorter. Precis\u00a0som inomhus trivs vi b\u00e4ttre ute p\u00e5 tomten om vi n\u00e5gots\u00e5n\u00e4r\u00a0tydligt kan urskilja hur den\u00a0\u00e4r indelad. Vi skulle knappast\u00a0uppskatta om v\u00e4ggarna inne i huset v\u00e4xlade tapet vid varje\u00a0ny v\u00e5d. P\u00e5 samma s\u00e4tt\u00a0blir det mest bara f\u00f6rvirrande och r\u00f6rigt att skapa rumsbildning med en massa blandade v\u00e4xter.<\/p>\n<div id=\"attachment_8311\" style=\"width: 360px\" class=\"wp-caption alignright\"><img loading=\"lazy\" decoding=\"async\" aria-describedby=\"caption-attachment-8311\" class=\"size-medium wp-image-8311\" src=\"http:\/\/rosenholm.se\/wp-content\/uploads\/2015\/09\/DSC_4882-350x438.jpg\" alt=\"Inte bara stora tr\u00e4d kan anv\u00e4ndas f\u00f6r att bilda tak. N\u00e5gra uppstammade r\u00f6nnsumaker, Rhus typhina, bildar ett glest exotiskt tak \u00f6ver gr\u00e4sg\u00e5ngen och de markt\u00e4ckande v\u00e4xterna hemma i tr\u00e4dg\u00e5rden hos hus- och tr\u00e4dg\u00e5rdsarkitekten Per Friberg i Bj\u00e4rred, Sk\u00e5ne.\" width=\"350\" height=\"438\" srcset=\"https:\/\/rosenholm.se\/wp-content\/uploads\/2015\/09\/DSC_4882-350x438.jpg 350w, https:\/\/rosenholm.se\/wp-content\/uploads\/2015\/09\/DSC_4882-200x250.jpg 200w, https:\/\/rosenholm.se\/wp-content\/uploads\/2015\/09\/DSC_4882-560x700.jpg 560w, https:\/\/rosenholm.se\/wp-content\/uploads\/2015\/09\/DSC_4882.jpg 582w, https:\/\/rosenholm.se\/wp-content\/uploads\/2015\/09\/DSC_4882-200x250@2x.jpg 400w\" sizes=\"auto, (max-width: 350px) 100vw, 350px\" \/><p id=\"caption-attachment-8311\" class=\"wp-caption-text\">Inte bara stora tr\u00e4d fungerar\u00a0f\u00f6r att bilda tak. N\u00e5gra uppstammade r\u00f6nnsumaker, Rhus typhina, bildar ett glest, exotiskt tak \u00f6ver gr\u00e4sg\u00e5ng och markt\u00e4ckare hemma i tr\u00e4dg\u00e5rden hos hus- och tr\u00e4dg\u00e5rdsarkitekten Per Friberg i Bj\u00e4rred, Sk\u00e5ne.<\/p><\/div>\n<p>Ett bra s\u00e4tt att bygga en lugn\u00a0grundstruktur \u00e4r att, \u00e5tminstone p\u00e5 n\u00e5gra st\u00e4llen, anv\u00e4nda\u00a0sig av formklippta h\u00e4ckar. Vare sig de \u00e4r\u00a0l\u00f6vf\u00e4llande eller vintergr\u00f6na skapar de struktur tack vare sina arkitektoniska former. \u00c5terkommande strikt klippta figurer som klot\u00a0och kuber kan ocks\u00e5 bidra till att skapa struktur.<\/p>\n<p>V\u00e4l valda och placerade buskar, tr\u00e4d och kl\u00e4ngv\u00e4xter\u00a0kan ocks\u00e5 hj\u00e4lpa till att bygga upp tr\u00e4dg\u00e5rdens grundstruktur.<\/p>\n<h5><a title=\"Bra v\u00e4xter f\u00f6r klippta h\u00e4ckar\" href=\"http:\/\/rosenholm.se\/?page_id=8252\">Bra v\u00e4xter f\u00f6r klippta h\u00e4ckar<\/a><\/h5>\n<div id=\"attachment_8307\" style=\"width: 710px\" class=\"wp-caption alignnone\"><img loading=\"lazy\" decoding=\"async\" aria-describedby=\"caption-attachment-8307\" class=\"size-large wp-image-8307\" src=\"http:\/\/rosenholm.se\/wp-content\/uploads\/2015\/09\/DSC_4625-700x428.jpg\" alt=\"Precis som ett hus byggs en tr\u00e4dg\u00e5rd av tak, v\u00e4ggar och golv. Hemma hos landskapsarkitekten Gunnar Martinsson syns samspelet mellan de tre tydligt. H\u00e4r anv\u00e4nds klippta ligusterh\u00e4ckar inte bara f\u00f6r att skapa rum och horisontella linjer utan ocks\u00e5 f\u00f6r att ta upp niv\u00e5skillnaderna i den sluttande tr\u00e4dg\u00e5rden. Vackra tr\u00e4d med exotiskt utseende skapar verkningsfulla kontraster i f\u00e4rg och form gentemot h\u00e4ckarnas strikta v\u00e4ggar. Marktegel och effektiva markt\u00e4ckande v\u00e4xter som golv f\u00f6rst\u00e4rker rumsk\u00e4nslan ytterligare i denna arkitektoniskt formstarka tr\u00e4dg\u00e5rd. Grenen i bildens f\u00f6rgrund tillh\u00f6r ett kejsartr\u00e4d, Paulownia tomentosa (zon1), och lite l\u00e4ngre bort till v\u00e4nster om den smala g\u00e5ngen syns ett gulbladigt korst\u00f6rne, Gleditsia triacanthus Sunburst\u2018 (zon 1).\" width=\"700\" height=\"428\" srcset=\"https:\/\/rosenholm.se\/wp-content\/uploads\/2015\/09\/DSC_4625-350x214@2x.jpg 700w, https:\/\/rosenholm.se\/wp-content\/uploads\/2015\/09\/DSC_4625-250x153.jpg 250w, https:\/\/rosenholm.se\/wp-content\/uploads\/2015\/09\/DSC_4625-350x214.jpg 350w, https:\/\/rosenholm.se\/wp-content\/uploads\/2015\/09\/DSC_4625.jpg 728w, https:\/\/rosenholm.se\/wp-content\/uploads\/2015\/09\/DSC_4625-250x153@2x.jpg 500w\" sizes=\"auto, (max-width: 700px) 100vw, 700px\" \/><p id=\"caption-attachment-8307\" class=\"wp-caption-text\">Likt\u00a0ett hus byggs en tr\u00e4dg\u00e5rd av tak, v\u00e4ggar och golv. Hemma hos landskapsarkitekten Gunnar Martinsson syns samspelet mellan de tre tydligt. Klippta ligusterh\u00e4ckar ger horisontella linjer, skapar rum och tar dessutom upp niv\u00e5skillnader. Exotiska tr\u00e4d kontrasterar verkningsfullt i f\u00e4rg och form gentemot de strikta h\u00e4ckarna. Marktegel och markt\u00e4ckare st\u00e4rker rumsk\u00e4nslan. I f\u00f6rgrunden ett kejsartr\u00e4d, Paulownia tomentosa (zon1) och lite l\u00e4ngre bort ett gulbladigt korst\u00f6rne, Gleditsia triacanthus Sunburst\u2018 (zon 1).<\/p><\/div>\n","protected":false},"excerpt":{"rendered":"<p>De strukturskapande v\u00e4xterna ska planeras\u00a0in f\u00f6rst. De bildar den stomme som bildar rummen\u00a0och skapar avsk\u00e4rmningar b\u00e5de inom\u00a0tr\u00e4dg\u00e5rden och gentemot de yttre gr\u00e4nserna. Man kan\u00a0s\u00e4ga att de \u00e4r tr\u00e4dg\u00e5rdens motsvarighet till&hellip; <\/p>\n","protected":false},"author":1,"featured_media":0,"parent":0,"menu_order":0,"comment_status":"closed","ping_status":"closed","template":"","meta":{"footnotes":""},"class_list":["post-8242","page","type-page","status-publish","hentry"],"_links":{"self":[{"href":"https:\/\/rosenholm.se\/index.php?rest_route=\/wp\/v2\/pages\/8242","targetHints":{"allow":["GET"]}}],"collection":[{"href":"https:\/\/rosenholm.se\/index.php?rest_route=\/wp\/v2\/pages"}],"about":[{"href":"https:\/\/rosenholm.se\/index.php?rest_route=\/wp\/v2\/types\/page"}],"author":[{"embeddable":true,"href":"https:\/\/rosenholm.se\/index.php?rest_route=\/wp\/v2\/users\/1"}],"replies":[{"embeddable":true,"href":"https:\/\/rosenholm.se\/index.php?rest_route=%2Fwp%2Fv2%2Fcomments&post=8242"}],"version-history":[{"count":20,"href":"https:\/\/rosenholm.se\/index.php?rest_route=\/wp\/v2\/pages\/8242\/revisions"}],"predecessor-version":[{"id":9686,"href":"https:\/\/rosenholm.se\/index.php?rest_route=\/wp\/v2\/pages\/8242\/revisions\/9686"}],"wp:attachment":[{"href":"https:\/\/rosenholm.se\/index.php?rest_route=%2Fwp%2Fv2%2Fmedia&parent=8242"}],"curies":[{"name":"wp","href":"https:\/\/api.w.org\/{rel}","templated":true}]}}