{"id":8223,"date":"2015-09-14T23:42:23","date_gmt":"2015-09-14T21:42:23","guid":{"rendered":"http:\/\/rosenholm.se\/?page_id=8223"},"modified":"2016-04-22T20:08:19","modified_gmt":"2016-04-22T18:08:19","slug":"vaxternas-behov","status":"publish","type":"page","link":"https:\/\/rosenholm.se\/?page_id=8223","title":{"rendered":"V\u00c4XTERNAS BEHOV"},"content":{"rendered":"<div id=\"attachment_8230\" style=\"width: 710px\" class=\"wp-caption alignnone\"><img loading=\"lazy\" decoding=\"async\" aria-describedby=\"caption-attachment-8230\" class=\"size-large wp-image-8230\" src=\"http:\/\/rosenholm.se\/wp-content\/uploads\/2015\/09\/DSC08312-700x466.jpg\" alt=\"Hemma hos Gunborg Orrmalm i Poultikasvaara, zon 8, frodas perennerna och kommer igen \u00e5r fr\u00e5n \u00e5r trots de h\u00e5rda och l\u00e5nga vintrarna (motsatt sida). Hemligheten \u00e4r v\u00e4l valda h\u00e4rdiga v\u00e4xter som klarar det tuffa klimatet samt v\u00e4ldr\u00e4nerade odlingsb\u00e4ddar som underl\u00e4ttar \u00f6vervintringen.\" width=\"700\" height=\"466\" srcset=\"https:\/\/rosenholm.se\/wp-content\/uploads\/2015\/09\/DSC08312-350x233@2x.jpg 700w, https:\/\/rosenholm.se\/wp-content\/uploads\/2015\/09\/DSC08312-250x167.jpg 250w, https:\/\/rosenholm.se\/wp-content\/uploads\/2015\/09\/DSC08312-350x233.jpg 350w, https:\/\/rosenholm.se\/wp-content\/uploads\/2015\/09\/DSC08312.jpg 728w, https:\/\/rosenholm.se\/wp-content\/uploads\/2015\/09\/DSC08312-250x167@2x.jpg 500w\" sizes=\"auto, (max-width: 700px) 100vw, 700px\" \/><p id=\"caption-attachment-8230\" class=\"wp-caption-text\">Hemma hos Gunborg Orrmalm i Poultikasvaara, zon 8, frodas perennerna och kommer igen \u00e5r fr\u00e5n \u00e5r trots de h\u00e5rda och l\u00e5nga vintrarna. Hemligheten \u00e4r v\u00e4l valda h\u00e4rdiga v\u00e4xter som klarar det tuffa klimatet samt v\u00e4ldr\u00e4nerade odlingsb\u00e4ddar som underl\u00e4ttar \u00f6vervintringen.<\/p><\/div>\n<div id=\"attachment_8231\" style=\"width: 360px\" class=\"wp-caption alignleft\"><img loading=\"lazy\" decoding=\"async\" aria-describedby=\"caption-attachment-8231\" class=\"size-medium wp-image-8231\" src=\"http:\/\/rosenholm.se\/wp-content\/uploads\/2015\/09\/DSC_0528-1-350x467.jpg\" alt=\"Under tr\u00e4dens skuggande kronor, i Ulf Trotzigs tr\u00e4dg\u00e5rd p\u00e5 \u00d6land, breder de skugg\u00e4lskande v\u00e4xterna ut sig. Det h\u00e4r \u00e4r r\u00e4tt plats f\u00f6r funkior, Hosta, av olika sorter, strutbr\u00e4ken, Matteuccia struthiopteris, svart nysrot, Veratrum nigrum, och det storv\u00e4xta str\u00e5l\u00f6gat, Telekia speciosa, vars gula blommor vi ser b\u00f6ja sig ner \u00f6ver de l\u00e4gre bladv\u00e4xterna. En smal stig slingrar sig fram genom den djungellika v\u00e4xtligheten och f\u00f6r oss l\u00e4ngre in i tr\u00e4dg\u00e5rden.\" width=\"350\" height=\"467\" srcset=\"https:\/\/rosenholm.se\/wp-content\/uploads\/2015\/09\/DSC_0528-1-350x467.jpg 350w, https:\/\/rosenholm.se\/wp-content\/uploads\/2015\/09\/DSC_0528-1-188x250.jpg 188w, https:\/\/rosenholm.se\/wp-content\/uploads\/2015\/09\/DSC_0528-1-525x700.jpg 525w, https:\/\/rosenholm.se\/wp-content\/uploads\/2015\/09\/DSC_0528-1.jpg 546w, https:\/\/rosenholm.se\/wp-content\/uploads\/2015\/09\/DSC_0528-1-188x250@2x.jpg 376w\" sizes=\"auto, (max-width: 350px) 100vw, 350px\" \/><p id=\"caption-attachment-8231\" class=\"wp-caption-text\">Under tr\u00e4dens skuggande kronor, i Ulf Trotzigs tr\u00e4dg\u00e5rd p\u00e5 \u00d6land, breder skugg\u00e4lskare ut sig: funkior, strutbr\u00e4ken, Matteuccia struthiopteris, svart nysrot, Veratrum nigrum, och storv\u00e4xta str\u00e5l\u00f6ga, Telekia speciosa, vars gula blommor b\u00f6jer sig \u00f6ver de l\u00e4gre v\u00e4xterna. En smal stig slingrar sig genom den djungellika v\u00e4xtligheten.<\/p><\/div>\n<p>V\u00e4xter har olika krav p\u00e5 livsmilj\u00f6. En del f\u00f6redrar skugga\u00a0och fukt medan \u00e5ter andra gillar sol och torka. F\u00f6r varje milj\u00f6 finns v\u00e4xter som trivs, men urvalet f\u00f6r det vi kan tycka \u00e4r\u00a0problemmilj\u00f6er, som till exempel\u00a0mycket djup och torr skugga, \u00e4r mer begr\u00e4nsat \u00e4n i\u00a0gynnsammare l\u00e4gen.<\/p>\n<p>Vissa v\u00e4xter \u00e4r kinkiga och trivs bara\u00a0i n\u00e5gon viss\u00a0specifik\u00a0milj\u00f6 medan andra \u00e4r mer anpassliga och frodas\u00a0p\u00e5 olika typer av platser. Vill du g\u00f6ra det l\u00e4tt f\u00f6r dig placera dina\u00a0v\u00e4xter d\u00e4r de f\u00e5r behoven v\u00e4l tillgodosedda. En\u00a0aldrig s\u00e5 vacker skuggf\u00f6redragande v\u00e4xt blir inte n\u00e5gon vacker syn, och riskerar till och med att d\u00f6, placerad\u00a0p\u00e5 en alltf\u00f6r solig plats.<\/p>\n<div id=\"attachment_8228\" style=\"width: 710px\" class=\"wp-caption alignnone\"><img loading=\"lazy\" decoding=\"async\" aria-describedby=\"caption-attachment-8228\" class=\"size-large wp-image-8228\" src=\"http:\/\/rosenholm.se\/wp-content\/uploads\/2015\/09\/DSC_0352-700x466.jpg\" alt=\"M\u00e5nga kryddv\u00e4xter stortrivs i soligt och torrt l\u00e4ge medan en skuggigt och fuktig v\u00e4xtplats kan f\u00e5 dem att tyna bort och d\u00f6 ut. Den torra soliga milj\u00f6n passar ocks\u00e5 utm\u00e4rkt f\u00f6r m\u00e5nga av de v\u00e4xter som har silverludna blad som till exempel sandmal\u00f6rt, Artemisia stelleriana och lamm\u00f6ron, Stachys byzantina. Den silvergr\u00e5 v\u00e4xten p\u00e5 bilden \u00e4r den mindre h\u00e4rdiga gr\u00e5 helgon\u00f6rten, Santolina chamaecyparissus. Bild fr\u00e5n Capellag\u00e5rden p\u00e5 \u00d6land.\" width=\"700\" height=\"466\" srcset=\"https:\/\/rosenholm.se\/wp-content\/uploads\/2015\/09\/DSC_0352-350x233@2x.jpg 700w, https:\/\/rosenholm.se\/wp-content\/uploads\/2015\/09\/DSC_0352-250x167.jpg 250w, https:\/\/rosenholm.se\/wp-content\/uploads\/2015\/09\/DSC_0352-350x233.jpg 350w, https:\/\/rosenholm.se\/wp-content\/uploads\/2015\/09\/DSC_0352.jpg 728w, https:\/\/rosenholm.se\/wp-content\/uploads\/2015\/09\/DSC_0352-250x167@2x.jpg 500w\" sizes=\"auto, (max-width: 700px) 100vw, 700px\" \/><p id=\"caption-attachment-8228\" class=\"wp-caption-text\">M\u00e5nga kryddv\u00e4xter stortrivs i soligt och torrt l\u00e4ge medan en skuggigt och fuktig v\u00e4xtplats kan f\u00e5 dem att tyna bort och d\u00f6 ut. Den torra soliga milj\u00f6n passar ocks\u00e5 utm\u00e4rkt f\u00f6r m\u00e5nga av de v\u00e4xter som har silverludna blad som till exempel sandmal\u00f6rt, Artemisia stelleriana och lamm\u00f6ron, Stachys byzantina. Den silvergr\u00e5 v\u00e4xten p\u00e5 bilden \u00e4r den mindre h\u00e4rdiga gr\u00e5 helgon\u00f6rten, Santolina chamaecyparissus. Bild fr\u00e5n Capellag\u00e5rden p\u00e5 \u00d6land.<\/p><\/div>\n<p>Hur hett \u00f6nskade vi\u00a0sj\u00e4lva inte odla blomsterfunkia, <em>Hosta fortunei<\/em> \u2019Francee\u2019, i\u00a0v\u00e5r soliga s\u00f6derrabatt mitt emot garaget. Visst borde den\u00a0lilla skugga\u00a0som f\u00f6ll d\u00e4r en kort del av dagen kunna r\u00e4cka\u00a0om vi planterade en skuggande perenn bredvid och vattnade rikligt, intalade vi oss.\u00a0Vi skred till\u00a0verket, planterade enligt konstens alla regler tidigt p\u00e5 v\u00e5ren\u00a0och s\u00e5g f\u00f6r v\u00e5ra inre \u00f6gon en vacker rabatt med vitkantade funkiablad. Allteftersom sommaren gick s\u00e5g funkian alltmer lidande ut. Bladen\u00a0blev inte fylliga och stora utan futtigt\u00a0sm\u00e5, mindre och mindre f\u00f6r varje nytt. Till slut var det bara att ge upp och flytta funkian till ett skuggigare l\u00e4ge. Snart levde den upp och frodades, och lyser upp omgivningen med sina vitkantade blad \u00e4n i dag. Ett\u00a0levande exempel p\u00e5 att det aldrig g\u00e5r att jobba mot naturen och v\u00e4xters krav p\u00e5\u00a0livsbetingelser, anpassa alltid v\u00e4xtvalet\u00a0efter odlingsplatsens\u00a0f\u00f6rh\u00e5llanden.<\/p>\n<h5>Karin Wilhelmsson\u00a0i Vidja<\/h5>\n<div id=\"attachment_8237\" style=\"width: 710px\" class=\"wp-caption alignnone\"><img loading=\"lazy\" decoding=\"async\" aria-describedby=\"caption-attachment-8237\" class=\"size-large wp-image-8237\" src=\"http:\/\/rosenholm.se\/wp-content\/uploads\/2015\/09\/DSC05502-700x466.jpg\" alt=\"Olika sorters takl\u00f6kar hemma hos karin wilhelmsson som villigt sprider sig i den karga milj\u00f6n ovanp\u00e5 bergh\u00e4llen.\" width=\"700\" height=\"466\" srcset=\"https:\/\/rosenholm.se\/wp-content\/uploads\/2015\/09\/DSC05502-350x233@2x.jpg 700w, https:\/\/rosenholm.se\/wp-content\/uploads\/2015\/09\/DSC05502-250x167.jpg 250w, https:\/\/rosenholm.se\/wp-content\/uploads\/2015\/09\/DSC05502-350x233.jpg 350w, https:\/\/rosenholm.se\/wp-content\/uploads\/2015\/09\/DSC05502.jpg 728w, https:\/\/rosenholm.se\/wp-content\/uploads\/2015\/09\/DSC05502-250x167@2x.jpg 500w\" sizes=\"auto, (max-width: 700px) 100vw, 700px\" \/><p id=\"caption-attachment-8237\" class=\"wp-caption-text\">Olika sorters takl\u00f6kar hemma hos Karin Wilhelmsson som villigt sprider sig i den karga milj\u00f6n ovanp\u00e5 bergh\u00e4llen.<\/p><\/div>\n<div id=\"attachment_8239\" style=\"width: 360px\" class=\"wp-caption alignleft\"><img loading=\"lazy\" decoding=\"async\" aria-describedby=\"caption-attachment-8239\" class=\"size-medium wp-image-8239\" src=\"http:\/\/rosenholm.se\/wp-content\/uploads\/2015\/09\/DSC_3502-350x467.jpg\" alt=\"I en klippskreva hemma hos Karin wilhelmsson trivs rosa och vit rosenbr\u00e4cka, Saxifraga Arendsiigruppen.\" width=\"350\" height=\"467\" srcset=\"https:\/\/rosenholm.se\/wp-content\/uploads\/2015\/09\/DSC_3502-350x467.jpg 350w, https:\/\/rosenholm.se\/wp-content\/uploads\/2015\/09\/DSC_3502-188x250.jpg 188w, https:\/\/rosenholm.se\/wp-content\/uploads\/2015\/09\/DSC_3502-525x700.jpg 525w, https:\/\/rosenholm.se\/wp-content\/uploads\/2015\/09\/DSC_3502.jpg 546w, https:\/\/rosenholm.se\/wp-content\/uploads\/2015\/09\/DSC_3502-188x250@2x.jpg 376w\" sizes=\"auto, (max-width: 350px) 100vw, 350px\" \/><p id=\"caption-attachment-8239\" class=\"wp-caption-text\">I en klippskreva hemma hos Karin trivs rosa och vit rosenbr\u00e4cka, Saxifraga Arendsiigruppen.<\/p><\/div>\n<p>Allt g\u00e5r, kanske man skulle kunna s\u00e4ga.<\/p>\n<p>\u00c4ven p\u00e5 rena\u00a0berget kan man anl\u00e4gga en blomstrande\u00a0tr\u00e4dg\u00e5rd, n\u00e4r\u00a0man anpassar sig till v\u00e4xternas krav. I soliga skrevor i berget\u00a0kan man inte plantera funkior som vill\u00a0ha fukt. Lika sv\u00e5rt vore det att anl\u00e4gga ett k\u00f6ksland\u00a0med potatis och blomk\u00e5l d\u00e4r. Men suckulenter, och andra\u00a0v\u00e4xter som kr\u00e4ver sol och torra f\u00f6rh\u00e5llanden, de trivs och\u00a0blommar vildsint mellan stenarna i <a title=\"Ymnig blomning p\u00e5 det karga berget\" href=\"http:\/\/rosenholm.se\/?page_id=6806\">Karin Wilhelmssons\u00a0tr\u00e4dg\u00e5rd<\/a> i Vidja s\u00f6der om Stockholm.<\/p>\n<h5><a title=\"Stommen f\u00f6rst\" href=\"http:\/\/rosenholm.se\/?page_id=8242\">STOMMEN F\u00d6RST<\/a><\/h5>\n<div id=\"attachment_8235\" style=\"width: 710px\" class=\"wp-caption alignnone\"><img loading=\"lazy\" decoding=\"async\" aria-describedby=\"caption-attachment-8235\" class=\"size-large wp-image-8235\" src=\"http:\/\/rosenholm.se\/wp-content\/uploads\/2015\/09\/DSC_3506-700x428.jpg\" alt=\"Andra torkt\u00e5liga\u00a0perenner som m\u00e5r bra p\u00e5 den h\u00e4r typen av v\u00e4xtplats \u00e4r\u00a0bergnejlika, Dianthus gratianopolitanus, tr\u00e4dg\u00e5rdslewisia,\u00a0Lewisia Cotyledon-gruppen, och purpurbr\u00e4cka, Saxifraga\u00a0oppositifolia.\" width=\"700\" height=\"428\" srcset=\"https:\/\/rosenholm.se\/wp-content\/uploads\/2015\/09\/DSC_3506-350x214@2x.jpg 700w, https:\/\/rosenholm.se\/wp-content\/uploads\/2015\/09\/DSC_3506-250x153.jpg 250w, https:\/\/rosenholm.se\/wp-content\/uploads\/2015\/09\/DSC_3506-350x214.jpg 350w, https:\/\/rosenholm.se\/wp-content\/uploads\/2015\/09\/DSC_3506.jpg 728w, https:\/\/rosenholm.se\/wp-content\/uploads\/2015\/09\/DSC_3506-250x153@2x.jpg 500w\" sizes=\"auto, (max-width: 700px) 100vw, 700px\" \/><p id=\"caption-attachment-8235\" class=\"wp-caption-text\">Andra torkt\u00e5liga\u00a0perenner som m\u00e5r bra p\u00e5 den h\u00e4r typen av v\u00e4xtplats \u00e4r\u00a0bergnejlika, Dianthus gratianopolitanus, broklewisia,\u00a0Lewisia cotyledon, och purpurbr\u00e4cka, Saxifraga\u00a0oppositifolia.<\/p><\/div>\n","protected":false},"excerpt":{"rendered":"<p>V\u00e4xter har olika krav p\u00e5 livsmilj\u00f6. En del f\u00f6redrar skugga\u00a0och fukt medan \u00e5ter andra gillar sol och torka. F\u00f6r varje milj\u00f6 finns v\u00e4xter som trivs, men urvalet f\u00f6r det vi&hellip; <\/p>\n","protected":false},"author":1,"featured_media":0,"parent":0,"menu_order":0,"comment_status":"closed","ping_status":"closed","template":"","meta":{"footnotes":""},"class_list":["post-8223","page","type-page","status-publish","hentry"],"_links":{"self":[{"href":"https:\/\/rosenholm.se\/index.php?rest_route=\/wp\/v2\/pages\/8223","targetHints":{"allow":["GET"]}}],"collection":[{"href":"https:\/\/rosenholm.se\/index.php?rest_route=\/wp\/v2\/pages"}],"about":[{"href":"https:\/\/rosenholm.se\/index.php?rest_route=\/wp\/v2\/types\/page"}],"author":[{"embeddable":true,"href":"https:\/\/rosenholm.se\/index.php?rest_route=\/wp\/v2\/users\/1"}],"replies":[{"embeddable":true,"href":"https:\/\/rosenholm.se\/index.php?rest_route=%2Fwp%2Fv2%2Fcomments&post=8223"}],"version-history":[{"count":17,"href":"https:\/\/rosenholm.se\/index.php?rest_route=\/wp\/v2\/pages\/8223\/revisions"}],"predecessor-version":[{"id":9688,"href":"https:\/\/rosenholm.se\/index.php?rest_route=\/wp\/v2\/pages\/8223\/revisions\/9688"}],"wp:attachment":[{"href":"https:\/\/rosenholm.se\/index.php?rest_route=%2Fwp%2Fv2%2Fmedia&parent=8223"}],"curies":[{"name":"wp","href":"https:\/\/api.w.org\/{rel}","templated":true}]}}