{"id":8197,"date":"2015-09-06T19:51:30","date_gmt":"2015-09-06T17:51:30","guid":{"rendered":"http:\/\/rosenholm.se\/?page_id=8197"},"modified":"2015-09-06T19:52:08","modified_gmt":"2015-09-06T17:52:08","slug":"tittes-sex-viktigaste-knep","status":"publish","type":"page","link":"https:\/\/rosenholm.se\/?page_id=8197","title":{"rendered":"Tittes sex viktigaste knep"},"content":{"rendered":"<ul>\n<li>Var aldrig r\u00e4dd att pr\u00f6va. Om du inte \u00e4r n\u00f6jd; g\u00f6r om.<\/li>\n<li>Man kan ta bort precis vilken v\u00e4xt som helst, alla ogr\u00e4s kan utrotas.<\/li>\n<li>Plantera l\u00e5ga, tidiga v\u00e4xter, som vintergr\u00f6na, bl\u00e5sippor och murgr\u00f6na under funkior, som \u00e4r sena.<\/li>\n<li>Skuggplatser \u00e4r viktigare \u00e4n soliga, de anv\u00e4nds hela s\u00e4songen.<\/li>\n<li>Inred med gamla \u00f6verblivna saker, g\u00e5vor och s\u00e5nt andra kastat bort.<\/li>\n<li>L\u00e5t v\u00e4xter \u00e5terkomma p\u00e5 olika st\u00e4llen, man ska k\u00e4nna att man \u00e4r p\u00e5 samma plats.<\/li>\n<\/ul>\n<p><a href=\"http:\/\/rosenholm.se\/?page_id=8161\">Tillbaka<\/a><\/p>\n<p>&nbsp;<\/p>\n<p>&nbsp;<\/p>\n<p>&nbsp;<\/p>\n<p>&nbsp;<\/p>\n<p>&nbsp;<\/p>\n<p>&nbsp;<\/p>\n<p>&nbsp;<\/p>\n<p>&nbsp;<\/p>\n<p>&nbsp;<\/p>\n<p>&nbsp;<\/p>\n","protected":false},"excerpt":{"rendered":"<p>Var aldrig r\u00e4dd att pr\u00f6va. Om du inte \u00e4r n\u00f6jd; g\u00f6r om. Man kan ta bort precis vilken v\u00e4xt som helst, alla ogr\u00e4s kan utrotas. Plantera l\u00e5ga, tidiga v\u00e4xter, som&hellip; <\/p>\n","protected":false},"author":1,"featured_media":0,"parent":0,"menu_order":0,"comment_status":"closed","ping_status":"closed","template":"","meta":{"footnotes":""},"class_list":["post-8197","page","type-page","status-publish","hentry"],"_links":{"self":[{"href":"https:\/\/rosenholm.se\/index.php?rest_route=\/wp\/v2\/pages\/8197","targetHints":{"allow":["GET"]}}],"collection":[{"href":"https:\/\/rosenholm.se\/index.php?rest_route=\/wp\/v2\/pages"}],"about":[{"href":"https:\/\/rosenholm.se\/index.php?rest_route=\/wp\/v2\/types\/page"}],"author":[{"embeddable":true,"href":"https:\/\/rosenholm.se\/index.php?rest_route=\/wp\/v2\/users\/1"}],"replies":[{"embeddable":true,"href":"https:\/\/rosenholm.se\/index.php?rest_route=%2Fwp%2Fv2%2Fcomments&post=8197"}],"version-history":[{"count":2,"href":"https:\/\/rosenholm.se\/index.php?rest_route=\/wp\/v2\/pages\/8197\/revisions"}],"predecessor-version":[{"id":8213,"href":"https:\/\/rosenholm.se\/index.php?rest_route=\/wp\/v2\/pages\/8197\/revisions\/8213"}],"wp:attachment":[{"href":"https:\/\/rosenholm.se\/index.php?rest_route=%2Fwp%2Fv2%2Fmedia&parent=8197"}],"curies":[{"name":"wp","href":"https:\/\/api.w.org\/{rel}","templated":true}]}}