{"id":802,"date":"2014-01-25T10:49:36","date_gmt":"2014-01-25T09:49:36","guid":{"rendered":"http:\/\/rosenholm.se\/?page_id=802"},"modified":"2021-03-12T11:12:36","modified_gmt":"2021-03-12T10:12:36","slug":"e","status":"publish","type":"page","link":"https:\/\/rosenholm.se\/?page_id=802","title":{"rendered":"E"},"content":{"rendered":"<p><a title=\"\u00c5tta rabatter \u2013 v\u00e4xter och kombinationer\" href=\"http:\/\/rosenholm.se\/?page_id=5354\">R\u00f6d solhatt, <em>Echinacea purpurea<\/em><\/a><a title=\"Transparens\" href=\"http:\/\/rosenholm.se\/?page_id=920\"><br \/>\nR\u00f6d solhatt,\u00a0<em>Echinacea purpurea<\/em>\u00a0&#8217;Green Edge&#8217;,<\/a><a title=\"Nya v\u00e5gen perenner \u2013 d\u00e4r formen \u00e4r huvudsak\" href=\"http:\/\/rosenholm.se\/?page_id=9887\"> alt1<\/a><br \/>\n<a title=\"Solar, knappar och bollar\" href=\"http:\/\/rosenholm.se\/?page_id=873\">R\u00f6d solhatt,\u00a0<em>Echinacea purpurea<\/em>\u00a0&#8217;Magnus&#8217;, <\/a><a title=\"M\u00f6rk dramatik\" href=\"http:\/\/rosenholm.se\/?page_id=2082\">alt1,<\/a><a title=\"Variera lagom\" href=\"http:\/\/rosenholm.se\/?page_id=2664\"> alt2,<\/a><a title=\"NYA PERENNV\u00c5GEN\" href=\"http:\/\/rosenholm.se\/?page_id=10309\"> alt3<\/a><\/p>\n<p><a title=\"Perenner f\u00f6r soliga och torra l\u00e4gen\" href=\"http:\/\/rosenholm.se\/?page_id=580\">Bl\u00e5 bolltistel,\u00a0<i>Echinops bannaticus<\/i>,<\/a><a title=\"Fr\u00e5n gr\u00e4spl\u00e4tt till entr\u00e9tr\u00e4dg\u00e5rd\" href=\"http:\/\/rosenholm.se\/?page_id=308\"> alt1,<\/a><a title=\"DESIGNA MED V\u00c4XTER\" href=\"http:\/\/rosenholm.se\/?page_id=8064\"> alt2,<\/a><a title=\"PERENNERNA SOM T\u00c5L DET MESTA\" href=\"http:\/\/rosenholm.se\/?page_id=10351\"> alt3,<\/a><a title=\"Mormorstr\u00e4dg\u00e5rden\" href=\"http:\/\/rosenholm.se\/?page_id=11141\"> alt4<\/a><a title=\"Perenner f\u00f6r soliga och torra l\u00e4gen\" href=\"http:\/\/rosenholm.se\/?page_id=580\"><i><br \/>\n<\/i><\/a><a title=\"Solar, knappar och bollar\" href=\"http:\/\/rosenholm.se\/?page_id=873\">Bolltistel, <em>Echinops sphaerocephalus<\/em><\/a>,<a title=\"Jordigt brunt\" href=\"http:\/\/rosenholm.se\/?page_id=2100\"> alt1,<\/a><a title=\"Skapa en h\u00f6stvacker tr\u00e4dg\u00e5rd\" href=\"http:\/\/rosenholm.se\/?page_id=4712\"> alt2,<\/a><a title=\"Komponera med perenner\" href=\"http:\/\/rosenholm.se\/?page_id=10924\"> allt3,<\/a><a title=\"Vintergr\u00f6nt och vackert\" href=\"https:\/\/rosenholm.se\/?page_id=11573\"> alt4<\/a><\/p>\n<p><a title=\"Kaktusar med f\u00e4rg och form \u2212 Jard\u00edn de Cactus\" href=\"http:\/\/rosenholm.se\/?p=7351\">Gles busksj\u00f6borrekaktus, <em>Echinopsis camarguensis<\/em><\/a><\/p>\n<p><a title=\"Markt\u00e4ckare\" href=\"http:\/\/rosenholm.se\/?page_id=1284\">R\u00f6d sockblomma,\u00a0<em>Epimedium<\/em>\u00a0\u00d7\u00a0<em>rubrum<\/em><\/a><a title=\"Variera lagom\" href=\"http:\/\/rosenholm.se\/?page_id=2664\">, alt1,<\/a><a title=\"Bra markt\u00e4ckare\" href=\"http:\/\/rosenholm.se\/?page_id=8461\"> alt2,<\/a><a title=\"\u00c4lskliga kompanjoner \u2013 l\u00f6kar och perenner\" href=\"http:\/\/rosenholm.se\/?page_id=8886\"> alt3<\/a><a title=\"Variera lagom\" href=\"http:\/\/rosenholm.se\/?page_id=2664\"><br \/>\n<\/a><a title=\"\u00c5tta rabatter \u2013 v\u00e4xter och kombinationer\" href=\"http:\/\/rosenholm.se\/?page_id=5354\">Blekgul sockblomma, <em>Epimedium<\/em> \u00d7 <em>versicolor\u00a0<\/em>\u2018Sulphureum\u2019<\/a><a title=\"Variera lagom\" href=\"http:\/\/rosenholm.se\/?page_id=2664\"><br \/>\n<\/a><\/p>\n<p><a title=\"Vi b\u00f6rjar med n\u00e5got f\u00e4rgglatt\" href=\"http:\/\/rosenholm.se\/?p=2591\">Vinterg\u00e4ck,\u00a0<em>Eranthis hyemalis<\/em><\/a><\/p>\n<p><a title=\"Spiror\" href=\"http:\/\/rosenholm.se\/?page_id=694\">J\u00e4ttest\u00e4pplilja,\u00a0<em>Eremurus robustus<\/em>,<\/a><a title=\"Tr\u00e4dg\u00e5rdens konstn\u00e4r \u2212 det \u00e4r du\" href=\"http:\/\/rosenholm.se\/?page_id=7061\"> alt1<\/a><\/p>\n<p><a title=\"Perenner f\u00f6r soliga och torra l\u00e4gen\" href=\"http:\/\/rosenholm.se\/?page_id=580\">Alpmartorn,\u00a0<i>Eryngium alpinum<\/i>,<\/a><a title=\"Dr\u00f6mtr\u00e4dg\u00e5rd mellan hav och tallskog\" href=\"http:\/\/rosenholm.se\/?page_id=6983\"> alt1,<\/a><a title=\"SOLIGT OCH TORRT\" href=\"http:\/\/rosenholm.se\/?page_id=10508\"> alt2<\/a><a title=\"Perenner f\u00f6r soliga och torra l\u00e4gen\" href=\"http:\/\/rosenholm.se\/?page_id=580\"><i><br \/>\n<\/i><\/a><a title=\"Perenner f\u00f6r ditt hus\" href=\"http:\/\/rosenholm.se\/?page_id=6261\">Spansk martorn,<i> Eryngium bourgatii<\/i><\/a><a title=\"Perenner f\u00f6r soliga och torra l\u00e4gen\" href=\"http:\/\/rosenholm.se\/?page_id=580\"><i><br \/>\n<\/i><\/a><a title=\"Silver och vitt\" href=\"http:\/\/rosenholm.se\/?page_id=2150\">Silvermartorn,\u00a0<em>Eryngium giganteum<\/em>,<\/a><a title=\"Variera lagom\" href=\"http:\/\/rosenholm.se\/?page_id=2664\"> alt1,<\/a><a title=\"Repetition\" href=\"http:\/\/rosenholm.se\/?page_id=2902\"> alt2,<\/a><a title=\"\u2663 En kortlek med tips f\u00f6r en charmig tr\u00e4dg\u00e5rd \u2663\" href=\"http:\/\/rosenholm.se\/?p=6044\"> alt3,<\/a><a title=\"Sommarparadiset som sk\u00f6ter sig sj\u00e4lvt \u2013 n\u00e4stan\" href=\"http:\/\/rosenholm.se\/?page_id=6768\"> alt4<\/a><a title=\"Silver och vitt\" href=\"http:\/\/rosenholm.se\/?page_id=2150\"><em><br \/>\n<\/em><\/a><a title=\"Formen f\u00f6rst\" href=\"http:\/\/rosenholm.se\/?page_id=2515\">Rysk martorn, <em>Eryngium planum,<\/em><\/a><a title=\"Tr\u00e4dg\u00e5rd i cottage-stil p\u00e5 norrl\u00e4ndska\" href=\"https:\/\/rosenholm.se\/?page_id=12586\"> alt1<\/a><\/p>\n<p><a title=\"\u00c5rets stolleprov \u2013 i gult\" href=\"http:\/\/rosenholm.se\/?p=3967\">Alpk\u00e5rel, <em>Erysimum rhaeticum<\/em><\/a><\/p>\n<p><a title=\"NATURN\u00c4RA\" href=\"http:\/\/rosenholm.se\/?page_id=10182\">Hundtandslilja, <em>Erythronium dens-canis<\/em><\/a><\/p>\n<p><a title=\"Kaktusar med f\u00e4rg och form \u2212 Jard\u00edn de Cactus\" href=\"http:\/\/rosenholm.se\/?p=7351\">Bronseuforbia, <em>Euphorbia aeruginosa<\/em><\/a><a title=\"Soligt gult\" href=\"http:\/\/rosenholm.se\/?page_id=1959\"><br \/>\nV\u00e5rt\u00f6rel,\u00a0<em>Euphorbia<\/em>\u00a0<em>cyparissias<\/em>\u00a0\u2019Fens Ruby\u2019<br \/>\n<\/a><a title=\"Kaktusar med f\u00e4rg och form \u2212 Jard\u00edn de Cactus\" href=\"http:\/\/rosenholm.se\/?p=7351\">T\u00f6rel,<\/a><em><a title=\"Kaktusar med f\u00e4rg och form \u2212 Jard\u00edn de Cactus\" href=\"http:\/\/rosenholm.se\/?p=7351\"> Euphorbia glochidiata<\/a><\/em><a title=\"Soligt gult\" href=\"http:\/\/rosenholm.se\/?page_id=1959\"><br \/>\n<\/a><a title=\"Sprakande hett\" href=\"http:\/\/rosenholm.se\/?page_id=2038\">Eldt\u00f6rel,<em>\u00a0Euphorbia griffithii<\/em>\u00a0\u2018Fireglow\u2019<br \/>\n<\/a><a title=\"Kaktusar med f\u00e4rg och form \u2212 Jard\u00edn de Cactus\" href=\"http:\/\/rosenholm.se\/?p=7351\">Spikeuforbia, <em>Euphorbia horrida<br \/>\n<\/em><\/a><a title=\"Kl\u00e4ttra krater p\u00e5 Monte Corona\" href=\"http:\/\/rosenholm.se\/?p=10782\">T\u00f6rel,<em> Euphorbia obtusifolia<\/em><\/a><a title=\"Sprakande hett\" href=\"http:\/\/rosenholm.se\/?page_id=2038\"><br \/>\nK\u00e4rrt\u00f6rel,\u00a0<em>Euphorbia palustris<\/em>,<\/a><a title=\"Klosterparken\" href=\"http:\/\/rosenholm.se\/?page_id=3830\"> alt1<\/a><a title=\"Sprakande hett\" href=\"http:\/\/rosenholm.se\/?page_id=2038\"><em><br \/>\n<\/em><\/a><a title=\"Fr\u00e5n gr\u00e4spl\u00e4tt till entr\u00e9tr\u00e4dg\u00e5rd\" href=\"http:\/\/rosenholm.se\/?page_id=308\">Gullt\u00f6rel,<\/a><em><a title=\"Fr\u00e5n gr\u00e4spl\u00e4tt till entr\u00e9tr\u00e4dg\u00e5rd\" href=\"http:\/\/rosenholm.se\/?page_id=308\"> Euphorbia polychroma<\/a><\/em><a title=\"Fr\u00e5n gr\u00e4spl\u00e4tt till entr\u00e9tr\u00e4dg\u00e5rd\" href=\"http:\/\/rosenholm.se\/?page_id=308\">,<\/a><a title=\"Tr\u00e4dg\u00e5rdens f\u00e4rger\" href=\"http:\/\/rosenholm.se\/?page_id=9132\"> alt1,<\/a><a title=\"PERENNERNA SOM T\u00c5L DET MESTA\" href=\"http:\/\/rosenholm.se\/?page_id=10351\"> alt2,<\/a><a title=\"Mormorstr\u00e4dg\u00e5rden\" href=\"http:\/\/rosenholm.se\/?page_id=11141\"> alt3<\/a><\/p>\n<p><a title=\"Utbrett\" href=\"http:\/\/rosenholm.se\/?page_id=1454\">Vingbenved,\u00a0<em>Euonymus alatus<\/em>,<\/a><a title=\"N\u00e5got f\u00f6r varje \u00e5rstid\" href=\"http:\/\/rosenholm.se\/?page_id=2943\"> alt1,<\/a><a title=\"Skapa en h\u00f6stvacker tr\u00e4dg\u00e5rd\" href=\"http:\/\/rosenholm.se\/?page_id=4712\">\u00a0alt3,<\/a><a title=\"H\u00f6stf\u00e4gnad\" href=\"http:\/\/rosenholm.se\/?page_id=9053\"> alt3,<\/a><a title=\"Tr\u00e4dg\u00e5rdens f\u00e4rger\" href=\"http:\/\/rosenholm.se\/?page_id=9132\"> alt4,<\/a><a title=\"VACKERT P\u00c5 VINTERN\" href=\"http:\/\/rosenholm.se\/?page_id=10081\"> alt5<\/a><a title=\"Fr\u00e5n gr\u00e4spl\u00e4tt till entr\u00e9tr\u00e4dg\u00e5rd\" href=\"http:\/\/rosenholm.se\/?page_id=308\"><br \/>\n<\/a><a title=\"Skapa en h\u00f6stvacker tr\u00e4dg\u00e5rd\" href=\"http:\/\/rosenholm.se\/?page_id=4712\">K\u00f6rsb\u00e4rsbenved, <em>Euonymus planipes<\/em>,<\/a><a title=\"H\u00f6stf\u00e4gnad\" href=\"http:\/\/rosenholm.se\/?page_id=9053\"> alt1,<\/a><a title=\"STR\u00c5LANDE H\u00d6ST\" href=\"http:\/\/rosenholm.se\/?page_id=10023\"> alt2<\/a><\/p>\n<p><a title=\"N\u00e5got f\u00f6r varje \u00e5rstid\" href=\"http:\/\/rosenholm.se\/?page_id=2943\">Hampflockel,<em> Eupatorium cannabinum<\/em> \u2018Album\u2019<\/a><a title=\"Variera lagom\" href=\"http:\/\/rosenholm.se\/?page_id=2664\"><br \/>\nFl\u00e4ckflockel,\u00a0<em>Eupatorium maculatum<\/em>,<\/a><a title=\"Tre tr\u00e4dg\u00e5rdar \u2013 efter pensionen\" href=\"http:\/\/rosenholm.se\/?page_id=4807\"> alt1<\/a><a title=\"Variera lagom\" href=\"http:\/\/rosenholm.se\/?page_id=2664\"><em><br \/>\n<\/em><\/a><a title=\"Parasoller\" href=\"http:\/\/rosenholm.se\/?page_id=769\">Fl\u00e4ckflockel, <em>Eupatorium maculatum<\/em> \u2018Atropurpureum&#8217;,<\/a><a title=\"N\u00e5got f\u00f6r varje \u00e5rstid\" href=\"http:\/\/rosenholm.se\/?page_id=2943\"> alt1,<\/a><a title=\"Nya v\u00e5gen perenner \u2013 d\u00e4r formen \u00e4r huvudsak\" href=\"http:\/\/rosenholm.se\/?page_id=9887\"> alt2<\/a><\/p>\n<p><a href=\"http:\/\/rosenholm.se\/?page_id=7795\">Liten p\u00e4rlbuske, <em>Exochorda<\/em> \u2018The Bride\u2019<\/a><\/p>\n<p>&nbsp;<\/p>\n<p>&nbsp;<\/p>\n","protected":false},"excerpt":{"rendered":"<p>R\u00f6d solhatt, Echinacea purpurea R\u00f6d solhatt,\u00a0Echinacea purpurea\u00a0&#8217;Green Edge&#8217;, alt1 R\u00f6d solhatt,\u00a0Echinacea purpurea\u00a0&#8217;Magnus&#8217;, alt1, alt2, alt3 Bl\u00e5 bolltistel,\u00a0Echinops bannaticus, alt1, alt2, alt3, alt4 Bolltistel, Echinops sphaerocephalus, alt1, alt2, allt3, alt4 Gles&hellip; <\/p>\n","protected":false},"author":1,"featured_media":0,"parent":799,"menu_order":0,"comment_status":"closed","ping_status":"closed","template":"","meta":{"footnotes":""},"class_list":["post-802","page","type-page","status-publish","hentry"],"_links":{"self":[{"href":"https:\/\/rosenholm.se\/index.php?rest_route=\/wp\/v2\/pages\/802","targetHints":{"allow":["GET"]}}],"collection":[{"href":"https:\/\/rosenholm.se\/index.php?rest_route=\/wp\/v2\/pages"}],"about":[{"href":"https:\/\/rosenholm.se\/index.php?rest_route=\/wp\/v2\/types\/page"}],"author":[{"embeddable":true,"href":"https:\/\/rosenholm.se\/index.php?rest_route=\/wp\/v2\/users\/1"}],"replies":[{"embeddable":true,"href":"https:\/\/rosenholm.se\/index.php?rest_route=%2Fwp%2Fv2%2Fcomments&post=802"}],"version-history":[{"count":84,"href":"https:\/\/rosenholm.se\/index.php?rest_route=\/wp\/v2\/pages\/802\/revisions"}],"predecessor-version":[{"id":12655,"href":"https:\/\/rosenholm.se\/index.php?rest_route=\/wp\/v2\/pages\/802\/revisions\/12655"}],"up":[{"embeddable":true,"href":"https:\/\/rosenholm.se\/index.php?rest_route=\/wp\/v2\/pages\/799"}],"wp:attachment":[{"href":"https:\/\/rosenholm.se\/index.php?rest_route=%2Fwp%2Fv2%2Fmedia&parent=802"}],"curies":[{"name":"wp","href":"https:\/\/api.w.org\/{rel}","templated":true}]}}