{"id":7659,"date":"2015-08-30T22:54:48","date_gmt":"2015-08-30T20:54:48","guid":{"rendered":"http:\/\/rosenholm.se\/?page_id=7659"},"modified":"2015-08-30T22:55:45","modified_gmt":"2015-08-30T20:55:45","slug":"wijs-sju-tradgardar","status":"publish","type":"page","link":"https:\/\/rosenholm.se\/?page_id=7659","title":{"rendered":"Wijs sju tr\u00e4dg\u00e5rdar"},"content":{"rendered":"<ol>\n<li>K\u00f6kstr\u00e4dg\u00e5rden. L\u00e5t dig inspireras av v\u00e4xtkraft och odlingskunskap.<\/li>\n<li>Rostr\u00e4dg\u00e5rden. M\u00e4sterlig utformning av Simon Irvine tillsammans med konstn\u00e4rerna Svenolof Sundberg och Yngve Gunnarsson.<\/li>\n<li>Skogens tr\u00e4dg\u00e5rd. G\u00e4striklands natur genom Ulf Nordfjells blick.<\/li>\n<li>Skuggtr\u00e4dg\u00e5rden. Gr\u00f6nskande skugga inramad av klippt m\u00e5b\u00e4r gjord av Klas Rosenberg.<\/li>\n<li>Studenternas tr\u00e4dg\u00e5rdar. Granne med k\u00f6kstr\u00e4dg\u00e5rden odlar tr\u00e4dg\u00e5rdsm\u00e4starelever egna fantasifulla lotter.<\/li>\n<li>\u00d6rtag\u00e5rden. Byggd till Linn\u00e9s minne.<\/li>\n<li>Landskapsparken. Nytt projekt f\u00f6r att beskriva samklang mellan natur och m\u00e4nniska.<\/li>\n<\/ol>\n<p><a href=\"http:\/\/rosenholm.se\/?page_id=7653\">Tillbaka<\/a><\/p>\n<p>&nbsp;<\/p>\n","protected":false},"excerpt":{"rendered":"<p>K\u00f6kstr\u00e4dg\u00e5rden. L\u00e5t dig inspireras av v\u00e4xtkraft och odlingskunskap. Rostr\u00e4dg\u00e5rden. M\u00e4sterlig utformning av Simon Irvine tillsammans med konstn\u00e4rerna Svenolof Sundberg och Yngve Gunnarsson. Skogens tr\u00e4dg\u00e5rd. G\u00e4striklands natur genom Ulf Nordfjells blick.&hellip; <\/p>\n","protected":false},"author":1,"featured_media":0,"parent":0,"menu_order":0,"comment_status":"closed","ping_status":"closed","template":"","meta":{"footnotes":""},"class_list":["post-7659","page","type-page","status-publish","hentry"],"_links":{"self":[{"href":"https:\/\/rosenholm.se\/index.php?rest_route=\/wp\/v2\/pages\/7659","targetHints":{"allow":["GET"]}}],"collection":[{"href":"https:\/\/rosenholm.se\/index.php?rest_route=\/wp\/v2\/pages"}],"about":[{"href":"https:\/\/rosenholm.se\/index.php?rest_route=\/wp\/v2\/types\/page"}],"author":[{"embeddable":true,"href":"https:\/\/rosenholm.se\/index.php?rest_route=\/wp\/v2\/users\/1"}],"replies":[{"embeddable":true,"href":"https:\/\/rosenholm.se\/index.php?rest_route=%2Fwp%2Fv2%2Fcomments&post=7659"}],"version-history":[{"count":3,"href":"https:\/\/rosenholm.se\/index.php?rest_route=\/wp\/v2\/pages\/7659\/revisions"}],"predecessor-version":[{"id":8068,"href":"https:\/\/rosenholm.se\/index.php?rest_route=\/wp\/v2\/pages\/7659\/revisions\/8068"}],"wp:attachment":[{"href":"https:\/\/rosenholm.se\/index.php?rest_route=%2Fwp%2Fv2%2Fmedia&parent=7659"}],"curies":[{"name":"wp","href":"https:\/\/api.w.org\/{rel}","templated":true}]}}