{"id":7590,"date":"2015-07-09T23:33:19","date_gmt":"2015-07-09T21:33:19","guid":{"rendered":"http:\/\/rosenholm.se\/?page_id=7590"},"modified":"2015-07-09T23:35:09","modified_gmt":"2015-07-09T21:35:09","slug":"claes-och-kenneths-basta-tips","status":"publish","type":"page","link":"https:\/\/rosenholm.se\/?page_id=7590","title":{"rendered":"Claes och Kenneths b\u00e4sta tips"},"content":{"rendered":"<p>Skapa perspektivupplevelser i tr\u00e4dg\u00e5rden genom att ordna s\u00e5 att det finns fria siktlinjer mellan tr\u00e4dg\u00e5rdsrummen.<\/p>\n<p>Plocka in vackra utsikter fr\u00e5n omgivningen genom gluggar i v\u00e4xtligheten.<\/p>\n<p>Skapa blickf\u00e5ng f\u00f6r\u00a0\u00f6gat kan vila p\u00e5. Ett stilleben av gamla f\u00f6rem\u00e5l, krukor och perenner eller en st\u00f6rre grupp med v\u00e4xter, som t ex \u00a0en rundel av piltr\u00e4d.<\/p>\n<p>Spara arbete genom att ge olika delar av tr\u00e4dg\u00e5rden olika sk\u00f6tselkrav. L\u00e4gg krutet p\u00e5 de platser du vistas mest.<\/p>\n<p>Blanda\u00a0inte f\u00f6r m\u00e5nga olika f\u00e4rger utan l\u00e5t olika f\u00e4rgteman husera i olika tr\u00e4dg\u00e5rdsrum (s\u00e5 har vi till exempel anv\u00e4nt gult, rost och vitt i Florida medan England g\u00e5r i bl\u00e5, rosa, r\u00f6da och vita nyanser).<\/p>\n<p>Har du sl\u00e4ta betongplattor som du tycker ser tr\u00e5kiga ut? M\u00e5la dem och f\u00e5 ett helt annat uttryck.<\/p>\n<p><a href=\"http:\/\/rosenholm.se\/?page_id=7588\">Tillbaka<\/a><\/p>\n","protected":false},"excerpt":{"rendered":"<p>Skapa perspektivupplevelser i tr\u00e4dg\u00e5rden genom att ordna s\u00e5 att det finns fria siktlinjer mellan tr\u00e4dg\u00e5rdsrummen. Plocka in vackra utsikter fr\u00e5n omgivningen genom gluggar i v\u00e4xtligheten. Skapa blickf\u00e5ng f\u00f6r\u00a0\u00f6gat kan vila&hellip; <\/p>\n","protected":false},"author":1,"featured_media":0,"parent":0,"menu_order":0,"comment_status":"closed","ping_status":"closed","template":"","meta":{"footnotes":""},"class_list":["post-7590","page","type-page","status-publish","hentry"],"_links":{"self":[{"href":"https:\/\/rosenholm.se\/index.php?rest_route=\/wp\/v2\/pages\/7590","targetHints":{"allow":["GET"]}}],"collection":[{"href":"https:\/\/rosenholm.se\/index.php?rest_route=\/wp\/v2\/pages"}],"about":[{"href":"https:\/\/rosenholm.se\/index.php?rest_route=\/wp\/v2\/types\/page"}],"author":[{"embeddable":true,"href":"https:\/\/rosenholm.se\/index.php?rest_route=\/wp\/v2\/users\/1"}],"replies":[{"embeddable":true,"href":"https:\/\/rosenholm.se\/index.php?rest_route=%2Fwp%2Fv2%2Fcomments&post=7590"}],"version-history":[{"count":4,"href":"https:\/\/rosenholm.se\/index.php?rest_route=\/wp\/v2\/pages\/7590\/revisions"}],"predecessor-version":[{"id":7858,"href":"https:\/\/rosenholm.se\/index.php?rest_route=\/wp\/v2\/pages\/7590\/revisions\/7858"}],"wp:attachment":[{"href":"https:\/\/rosenholm.se\/index.php?rest_route=%2Fwp%2Fv2%2Fmedia&parent=7590"}],"curies":[{"name":"wp","href":"https:\/\/api.w.org\/{rel}","templated":true}]}}