{"id":7424,"date":"2015-05-11T19:22:27","date_gmt":"2015-05-11T17:22:27","guid":{"rendered":"http:\/\/rosenholm.se\/?page_id=7424"},"modified":"2015-07-07T22:20:32","modified_gmt":"2015-07-07T20:20:32","slug":"atta-skal-att-odla-i-sand","status":"publish","type":"page","link":"https:\/\/rosenholm.se\/?page_id=7424","title":{"rendered":"\u00c5tta sk\u00e4l att odla i sand"},"content":{"rendered":"<ul>\n<li>Varmare mark ger tidigare uppkomst och snabbare tillv\u00e4xt.<\/li>\n<li>Sand \u00e4r fr\u00e5n b\u00f6rjan ogr\u00e4sfri.<\/li>\n<li>H\u00e4rdigheten \u00f6kar kraftigt f\u00f6r \u00f6vervintrande v\u00e4xter.<\/li>\n<li>Inget konstg\u00f6dsel, n\u00e4ringen kommer fr\u00e5n gr\u00e4sklippet.<\/li>\n<li>Sand (gjutgrus) \u00e4r billigare \u00e4n jord.<\/li>\n<li>Mindre risk f\u00f6r v\u00e4xtsjukdomar.<\/li>\n<li>Fungerar ocks\u00e5 utm\u00e4rkt f\u00f6r krukodling och i v\u00e4xthus.<\/li>\n<li>L\u00e4tt att gr\u00e4va i.<\/li>\n<\/ul>\n<h5><a href=\"http:\/\/rosenholm.se\/?page_id=7416\">G\u00f6r som i Sundsvall \u2013 odla i sand<\/a><\/h5>\n","protected":false},"excerpt":{"rendered":"<p>Varmare mark ger tidigare uppkomst och snabbare tillv\u00e4xt. Sand \u00e4r fr\u00e5n b\u00f6rjan ogr\u00e4sfri. H\u00e4rdigheten \u00f6kar kraftigt f\u00f6r \u00f6vervintrande v\u00e4xter. Inget konstg\u00f6dsel, n\u00e4ringen kommer fr\u00e5n gr\u00e4sklippet. Sand (gjutgrus) \u00e4r billigare \u00e4n&hellip; <\/p>\n","protected":false},"author":1,"featured_media":0,"parent":0,"menu_order":0,"comment_status":"closed","ping_status":"closed","template":"","meta":{"footnotes":""},"class_list":["post-7424","page","type-page","status-publish","hentry"],"_links":{"self":[{"href":"https:\/\/rosenholm.se\/index.php?rest_route=\/wp\/v2\/pages\/7424","targetHints":{"allow":["GET"]}}],"collection":[{"href":"https:\/\/rosenholm.se\/index.php?rest_route=\/wp\/v2\/pages"}],"about":[{"href":"https:\/\/rosenholm.se\/index.php?rest_route=\/wp\/v2\/types\/page"}],"author":[{"embeddable":true,"href":"https:\/\/rosenholm.se\/index.php?rest_route=\/wp\/v2\/users\/1"}],"replies":[{"embeddable":true,"href":"https:\/\/rosenholm.se\/index.php?rest_route=%2Fwp%2Fv2%2Fcomments&post=7424"}],"version-history":[{"count":3,"href":"https:\/\/rosenholm.se\/index.php?rest_route=\/wp\/v2\/pages\/7424\/revisions"}],"predecessor-version":[{"id":7710,"href":"https:\/\/rosenholm.se\/index.php?rest_route=\/wp\/v2\/pages\/7424\/revisions\/7710"}],"wp:attachment":[{"href":"https:\/\/rosenholm.se\/index.php?rest_route=%2Fwp%2Fv2%2Fmedia&parent=7424"}],"curies":[{"name":"wp","href":"https:\/\/api.w.org\/{rel}","templated":true}]}}