{"id":7419,"date":"2015-07-07T22:12:49","date_gmt":"2015-07-07T20:12:49","guid":{"rendered":"http:\/\/rosenholm.se\/?page_id=7419"},"modified":"2015-07-07T22:18:59","modified_gmt":"2015-07-07T20:18:59","slug":"checklista-for-odling-i-sand","status":"publish","type":"page","link":"https:\/\/rosenholm.se\/?page_id=7419","title":{"rendered":"Checklista f\u00f6r odling i sand"},"content":{"rendered":"<ul>\n<li>Fyll odlingsytan med 3\u20135 dm tjockt lager av sand.<\/li>\n<li>Sanden ska best\u00e5 av s\u00e5 kallat gjutgrus med 0\u20138 mm kornstorlek.<\/li>\n<li>F\u00e4rdiga plantor s\u00e4tts p\u00e5 vanligt s\u00e4tt. Fr\u00f6n l\u00e4ggs i en str\u00e4ng av planteringsjord n\u00e4r sanden \u00e4r ny. L\u00e4gg g\u00e4rna fiberduk \u00f6ver.<\/li>\n<li>T\u00e4ck med 1\u20132 dm f\u00e4rskt gr\u00e4sklipp n\u00e4r plantorna kommit i marken eller fr\u00f6s\u00e5dden vuxit till sig.<\/li>\n<li>V\u00e4xter och rothalsar f\u00e5r inte t\u00e4ckas av gr\u00e4sklippet.<\/li>\n<li>Fyll p\u00e5 med mer gr\u00e4sklipp 2\u20133 g\u00e5nger per \u00e5r.<\/li>\n<li>Vattna lite oftare \u00e4n vid odling i vanlig jord.<\/li>\n<li>Byt ut sanden mot ny om f\u00f6rdelarna med odlingsmetoden verkar avta.<\/li>\n<li>Spara f\u00e4rskt gr\u00e4sklipp i plasts\u00e4ckar \u00f6ver vintern f\u00f6r anv\u00e4ndning tidigt p\u00e5 v\u00e5ren.<\/li>\n<\/ul>\n<h5><a href=\"http:\/\/rosenholm.se\/?page_id=7416\">G\u00f6r som i Sundsvall \u2013 odla i sand<\/a><\/h5>\n","protected":false},"excerpt":{"rendered":"<p>Fyll odlingsytan med 3\u20135 dm tjockt lager av sand. Sanden ska best\u00e5 av s\u00e5 kallat gjutgrus med 0\u20138 mm kornstorlek. F\u00e4rdiga plantor s\u00e4tts p\u00e5 vanligt s\u00e4tt. Fr\u00f6n l\u00e4ggs i en&hellip; <\/p>\n","protected":false},"author":1,"featured_media":0,"parent":0,"menu_order":0,"comment_status":"closed","ping_status":"closed","template":"","meta":{"footnotes":""},"class_list":["post-7419","page","type-page","status-publish","hentry"],"_links":{"self":[{"href":"https:\/\/rosenholm.se\/index.php?rest_route=\/wp\/v2\/pages\/7419","targetHints":{"allow":["GET"]}}],"collection":[{"href":"https:\/\/rosenholm.se\/index.php?rest_route=\/wp\/v2\/pages"}],"about":[{"href":"https:\/\/rosenholm.se\/index.php?rest_route=\/wp\/v2\/types\/page"}],"author":[{"embeddable":true,"href":"https:\/\/rosenholm.se\/index.php?rest_route=\/wp\/v2\/users\/1"}],"replies":[{"embeddable":true,"href":"https:\/\/rosenholm.se\/index.php?rest_route=%2Fwp%2Fv2%2Fcomments&post=7419"}],"version-history":[{"count":5,"href":"https:\/\/rosenholm.se\/index.php?rest_route=\/wp\/v2\/pages\/7419\/revisions"}],"predecessor-version":[{"id":7709,"href":"https:\/\/rosenholm.se\/index.php?rest_route=\/wp\/v2\/pages\/7419\/revisions\/7709"}],"wp:attachment":[{"href":"https:\/\/rosenholm.se\/index.php?rest_route=%2Fwp%2Fv2%2Fmedia&parent=7419"}],"curies":[{"name":"wp","href":"https:\/\/api.w.org\/{rel}","templated":true}]}}