{"id":6832,"date":"2015-03-02T22:09:10","date_gmt":"2015-03-02T21:09:10","guid":{"rendered":"http:\/\/rosenholm.se\/?page_id=6832"},"modified":"2015-03-02T22:09:10","modified_gmt":"2015-03-02T21:09:10","slug":"karin-wilhelmssons-basta-tips","status":"publish","type":"page","link":"https:\/\/rosenholm.se\/?page_id=6832","title":{"rendered":"Karin Wilhelmssons b\u00e4sta tips"},"content":{"rendered":"<ul>\n<li>Anpassa v\u00e4xtvalet efter platsens f\u00f6ruts\u00e4ttningar. Jobba med naturen och inte emot.<\/li>\n<li>Plantera n\u00e5gra h\u00f6ga v\u00e4xter l\u00e4gre ner i den kuperade tr\u00e4dg\u00e5rden. De kommer att effektivt binda ihop tr\u00e4dg\u00e5rdens olika niv\u00e5er.<\/li>\n<li>B\u00e4st mot r\u00e5djur fungerar det att doppa oasis eller f\u00e5rull i en blandning av blodmj\u00f6l, ammoniak och vatten och placera ut p\u00e5 pinnar runt om i tr\u00e4dg\u00e5rden. Doppa ungef\u00e4r\u00a03\u22124 g\u00e5nger per\u00a0s\u00e4song. G\u00f6r en bunke f\u00f6r hela sommarhalv\u00e5ret genom att blanda 1 kg blodmj\u00f6l, 1,5\u20132 dl ammoniak och 3\u20134 l vatten.<\/li>\n<li>Om du tar fr\u00f6n fr\u00e5n backsippa, <em>Pulsatilla vulgaris<\/em>, s\u00e5 dem\u00a0direkt, de blir snabbt f\u00f6r gamla.<\/li>\n<\/ul>\n<p><a title=\"Ymnig blomning p\u00e5 det karga berget\" href=\"http:\/\/rosenholm.se\/?page_id=6806\"><strong>Tillbaka<\/strong><\/a><\/p>\n","protected":false},"excerpt":{"rendered":"<p>Anpassa v\u00e4xtvalet efter platsens f\u00f6ruts\u00e4ttningar. Jobba med naturen och inte emot. Plantera n\u00e5gra h\u00f6ga v\u00e4xter l\u00e4gre ner i den kuperade tr\u00e4dg\u00e5rden. De kommer att effektivt binda ihop tr\u00e4dg\u00e5rdens olika niv\u00e5er.&hellip; <\/p>\n","protected":false},"author":1,"featured_media":0,"parent":0,"menu_order":0,"comment_status":"closed","ping_status":"closed","template":"","meta":{"footnotes":""},"class_list":["post-6832","page","type-page","status-publish","hentry"],"_links":{"self":[{"href":"https:\/\/rosenholm.se\/index.php?rest_route=\/wp\/v2\/pages\/6832","targetHints":{"allow":["GET"]}}],"collection":[{"href":"https:\/\/rosenholm.se\/index.php?rest_route=\/wp\/v2\/pages"}],"about":[{"href":"https:\/\/rosenholm.se\/index.php?rest_route=\/wp\/v2\/types\/page"}],"author":[{"embeddable":true,"href":"https:\/\/rosenholm.se\/index.php?rest_route=\/wp\/v2\/users\/1"}],"replies":[{"embeddable":true,"href":"https:\/\/rosenholm.se\/index.php?rest_route=%2Fwp%2Fv2%2Fcomments&post=6832"}],"version-history":[{"count":3,"href":"https:\/\/rosenholm.se\/index.php?rest_route=\/wp\/v2\/pages\/6832\/revisions"}],"predecessor-version":[{"id":6980,"href":"https:\/\/rosenholm.se\/index.php?rest_route=\/wp\/v2\/pages\/6832\/revisions\/6980"}],"wp:attachment":[{"href":"https:\/\/rosenholm.se\/index.php?rest_route=%2Fwp%2Fv2%2Fmedia&parent=6832"}],"curies":[{"name":"wp","href":"https:\/\/api.w.org\/{rel}","templated":true}]}}