{"id":670,"date":"2014-01-24T22:43:58","date_gmt":"2014-01-24T21:43:58","guid":{"rendered":"http:\/\/rosenholm.se\/?page_id=670"},"modified":"2014-04-02T23:16:50","modified_gmt":"2014-04-02T21:16:50","slug":"form","status":"publish","type":"page","link":"https:\/\/rosenholm.se\/?page_id=670","title":{"rendered":"FORM"},"content":{"rendered":"<p><span style=\"line-height: 1.5em;\">Vilket intryck en v\u00e4xt ger p\u00e5verkas i h\u00f6g grad av dess form. Formen \u00e4r betydligt mer best\u00e4ndig \u00e4n blommornas f\u00e4rg, som f\u00f6r det mesta bara finns d\u00e4r under n\u00e5gra veckor. Men vad menar man d\u00e5 n\u00e4r man pratar om v\u00e4xternas form? \u00c4r det blommorna, bladen eller v\u00e4xts\u00e4ttet man t\u00e4nker p\u00e5?<\/span><\/p>\n<div id=\"attachment_671\" style=\"width: 1010px\" class=\"wp-caption alignnone\"><a href=\"http:\/\/rosenholm.se\/wp-content\/uploads\/2014\/01\/D2X_0329.jpg\"><img loading=\"lazy\" decoding=\"async\" aria-describedby=\"caption-attachment-671\" class=\"size-full wp-image-671\" alt=\"V\u00e4xternas form \u00e4r avg\u00f6rande f\u00f6r var de passar. H\u00e4r vid kanten av Enk\u00f6pings\u00e5n turas v\u00e4xter om att \u00f6msom skapa h\u00f6jd och \u00f6msom \u00f6ppna upp mot vattnet. Kompositionen \u00e4r ett talande exempel p\u00e5 hur fint vertikala former kontrasterar mot horisontella. Till v\u00e4nster syns kl\u00e4tterhortensia som, likt alla kl\u00e4tterv\u00e4xter, f\u00e5r den v\u00e4xtform vi styr den till. Prydnadsgr\u00e4set \u00e4r ett tuvr\u00f6r Calamagrostis \u00d7 acutiflora 'Karl Foerster' och det rosa horisontella f\u00e4ltet best\u00e5r av en r\u00f6d k\u00e4rleks\u00f6rt, Hylotelephium telephium.\" src=\"http:\/\/rosenholm.se\/wp-content\/uploads\/2014\/01\/D2X_0329.jpg\" width=\"1000\" height=\"664\" srcset=\"https:\/\/rosenholm.se\/wp-content\/uploads\/2014\/01\/D2X_0329.jpg 1000w, https:\/\/rosenholm.se\/wp-content\/uploads\/2014\/01\/D2X_0329-256x169.jpg 256w, https:\/\/rosenholm.se\/wp-content\/uploads\/2014\/01\/D2X_0329-350x232.jpg 350w, https:\/\/rosenholm.se\/wp-content\/uploads\/2014\/01\/D2X_0329-512x339.jpg 512w\" sizes=\"auto, (max-width: 1000px) 100vw, 1000px\" \/><\/a><p id=\"caption-attachment-671\" class=\"wp-caption-text\">V\u00e4xternas form \u00e4r avg\u00f6rande f\u00f6r var de passar. Vid kanten av Enk\u00f6pings\u00e5n turas v\u00e4xter om att \u00f6msom skapa h\u00f6jd och \u00f6msom \u00f6ppna upp mot vattnet. Kompositionen \u00e4r ett talande exempel p\u00e5 hur fint vertikala former kontrasterar mot horisontella. Till v\u00e4nster syns kl\u00e4tterhortensia som, likt alla kl\u00e4tterv\u00e4xter, f\u00e5r den v\u00e4xtform vi styr den till. Prydnadsgr\u00e4set \u00e4r ett tuvr\u00f6r Calamagrostis \u00d7 acutiflora &#8217;Karl Foerster&#8217; och det rosa horisontella f\u00e4ltet best\u00e5r av en r\u00f6d k\u00e4rleks\u00f6rt, Hylotelephium telephium.<\/p><\/div>\n<p>Jo, det \u00e4r faktiskt allihop och vad man f\u00e4ster st\u00f6rst vikt vid kan variera fr\u00e5n v\u00e4xt till v\u00e4xt, mellan olika tider p\u00e5 \u00e5ret och vilket sammanhang som v\u00e4xten ska anv\u00e4ndas i.<\/p>\n<p>Den form hos v\u00e4xterna som vi oftast l\u00e4gger m\u00e4rke till allra f\u00f6rst \u00e4r v\u00e4xts\u00e4ttet. S\u00e4rskilt f\u00f6r tr\u00e4d och buskar som bidrar till att bygga upp rumsbildningen \u00e4r v\u00e4xts\u00e4ttet avg\u00f6rande f\u00f6r vilket intryck de ger. Men i de flesta fall \u00e4r s\u00e4ttet att v\u00e4xa, \u00e4ven hos perenner, den dominerande egenskapen och avg\u00f6rande f\u00f6r var de passar in i en rabatt.<\/p>\n<div id=\"attachment_687\" style=\"width: 1010px\" class=\"wp-caption alignnone\"><a href=\"http:\/\/rosenholm.se\/wp-content\/uploads\/2014\/01\/D2X_8746.jpg\"><img loading=\"lazy\" decoding=\"async\" aria-describedby=\"caption-attachment-687\" class=\"size-full wp-image-687\" alt=\"V\u00e4xter \u00e4r rika p\u00e5 former, inte bara blommorna \u00e4r sk\u00f6nhetsupplevelser, minst lika tilltalande kan v\u00e4xts\u00e4tt, blad och frukter. H\u00e4r i Klosterparken ger koreagranens, Abies koreana, kottar en hisnande uppvisning i l\u00e4cker formd\u00e4r de reser sig fr\u00e5n de n\u00e4stan horisontella grenarna.\" src=\"http:\/\/rosenholm.se\/wp-content\/uploads\/2014\/01\/D2X_8746.jpg\" width=\"1000\" height=\"664\" srcset=\"https:\/\/rosenholm.se\/wp-content\/uploads\/2014\/01\/D2X_8746.jpg 1000w, https:\/\/rosenholm.se\/wp-content\/uploads\/2014\/01\/D2X_8746-250x166.jpg 250w, https:\/\/rosenholm.se\/wp-content\/uploads\/2014\/01\/D2X_8746-360x239.jpg 360w, https:\/\/rosenholm.se\/wp-content\/uploads\/2014\/01\/D2X_8746-520x345.jpg 520w\" sizes=\"auto, (max-width: 1000px) 100vw, 1000px\" \/><\/a><p id=\"caption-attachment-687\" class=\"wp-caption-text\">V\u00e4xter \u00e4r rika p\u00e5 former, inte bara blommorna \u00e4r sk\u00f6nhetsupplevelser, minst lika tilltalande kan v\u00e4xts\u00e4tt, blad och frukter. H\u00e4r i Klosterparken ger koreagranens, <em>Abies koreana<\/em>, kottar en hisnande uppvisning i l\u00e4cker form d\u00e4r de reser sig fr\u00e5n de n\u00e4stan horisontella grenarna.<\/p><\/div>\n<p><span style=\"line-height: 1.5em;\">F\u00f6rutom v\u00e4xts\u00e4tt finns det tv\u00e5 andra former hos v\u00e4xterna som \u00e4r viktiga att ta h\u00e4nsyn till: blomform och bladform. Under blomningen kan formen p\u00e5 blommorna f\u00e5 st\u00f6rre betydelse f\u00f6r hur man upplever en v\u00e4xt \u00e4n formen p\u00e5 v\u00e4xts\u00e4ttet. Just f\u00f6r perenner \u00e4r ofta blomformen av st\u00f6rre och l\u00e5ngvarigare betydelse \u00e4n hos buskar och tr\u00e4d. Redan p\u00e5 knoppstadiet kan blomformen vara det kraftigaste karakt\u00e4rsdraget f\u00f6r m\u00e5nga perenner. Blommornas form blir i de h\u00e4r fallen ocks\u00e5 en viktig del av sj\u00e4lva v\u00e4xts\u00e4ttet.<\/span><\/p>\n<p>Bladform som dominerande formelementet finns det otaliga perenner som har. Hit h\u00f6r daggfunkior, rodgersior, parasollblad och m\u00e5nga andra storbladiga perenner. Deras stora utbredda blad har ocks\u00e5 en stark inverkan p\u00e5 den form som deras v\u00e4xts\u00e4tt utvecklar.<\/p>\n<div id=\"attachment_690\" style=\"width: 1010px\" class=\"wp-caption alignnone\"><a href=\"http:\/\/rosenholm.se\/wp-content\/uploads\/2014\/01\/D2X_9780.jpg\"><img loading=\"lazy\" decoding=\"async\" aria-describedby=\"caption-attachment-690\" class=\"size-full wp-image-690\" alt=\"Flera olika former kan kombineras utan att det k\u00e4nns r\u00f6rigt. Det ljusa fluffet i f\u00f6rgrunden \u00e4r silverrisp Limonium platyphyllum. Till h\u00f6ger syns en blodtopps Sanguisorba distinkta avl\u00e5nga knappar f\u00f6ljt av silvergr\u00e4sets Stipa calamagrostis och glansmiskantusens fluffiga blomplymer. H\u00e5rt mot mjukt och distinkt mot yvigt framh\u00e4ver v\u00e4xternas olika karakt\u00e4rer.\" src=\"http:\/\/rosenholm.se\/wp-content\/uploads\/2014\/01\/D2X_9780.jpg\" width=\"1000\" height=\"679\" srcset=\"https:\/\/rosenholm.se\/wp-content\/uploads\/2014\/01\/D2X_9780.jpg 1000w, https:\/\/rosenholm.se\/wp-content\/uploads\/2014\/01\/D2X_9780-250x169.jpg 250w, https:\/\/rosenholm.se\/wp-content\/uploads\/2014\/01\/D2X_9780-360x244.jpg 360w, https:\/\/rosenholm.se\/wp-content\/uploads\/2014\/01\/D2X_9780-520x353.jpg 520w\" sizes=\"auto, (max-width: 1000px) 100vw, 1000px\" \/><\/a><p id=\"caption-attachment-690\" class=\"wp-caption-text\">Flera olika former kan kombineras utan att det k\u00e4nns r\u00f6rigt. Det ljusa fluffet i f\u00f6rgrunden \u00e4r silverrisp, Limonium platyphyllum. Till h\u00f6ger syns en blodtopps, Sanguisorba, distinkt avl\u00e5nga knappar f\u00f6ljt av silvergr\u00e4sets, Stipa calamagrostis, och glansmiskantusens fluffiga blomplymer. H\u00e5rt mot mjukt och distinkt mot yvigt framh\u00e4ver v\u00e4xternas olika karakt\u00e4rer. Dr\u00f6mparken.<\/p><\/div>\n<p>F\u00f6r vedartade v\u00e4xter \u00e4r ofta dess form och s\u00e4tt att v\u00e4xa som p\u00e5verkar intrycket allra mest. D\u00e4rmed \u00e4r det inte sagt blomning och blad \u00e4r oviktiga. De understryker och f\u00f6rst\u00e4rker v\u00e4xtens form och p\u00e5verkar i h\u00f6g grad v\u00e5r uppfattning av v\u00e4xten. F\u00f6r vissa tr\u00e4d och buskar \u00e4r blommorna eller bladen s\u00e5 s\u00e4regna eller vackra att de blir sj\u00e4lva huvudattraktionen. Men \u00e4ven n\u00e4r det \u00e4r p\u00e5 det viset \u00e4r v\u00e4xts\u00e4ttet avg\u00f6rande f\u00f6r om ett visst tr\u00e4d eller en viss buske estetiskt passar in p\u00e5 en best\u00e4md plats.<\/p>\n<p>Kl\u00e4tterv\u00e4xter har en obest\u00e4md v\u00e4xtform. De kan givetvis kl\u00e4ttra eller kl\u00e4nga och ha olika l\u00e5nga och kraftiga rankor, men ofta avg\u00f6rs deras form allra mest av hur vi styr dem. Det kan vara att v\u00e4xa p\u00e5 en spalj\u00e9, v\u00e4gg, pergola, upp i ett tr\u00e4d eller liggande p\u00e5 marken och kanske slingrade in bland andra v\u00e4xter. Vad som passar b\u00e4st varierar med de olika arterna. Blad och blomformerna \u00e4r det som blir avg\u00f6rande f\u00f6r en kl\u00e4ttrares karakt\u00e4r medan v\u00e4xts\u00e4ttet av naturliga sk\u00e4l blir mer underordnat.<\/p>\n<div id=\"attachment_676\" style=\"width: 1010px\" class=\"wp-caption alignnone\"><a href=\"http:\/\/rosenholm.se\/wp-content\/uploads\/2014\/01\/D2X_7349.jpg\"><img loading=\"lazy\" decoding=\"async\" aria-describedby=\"caption-attachment-676\" class=\"size-full wp-image-676\" alt=\"Under den kinesiska sekvojans, Metasequoia glyptostroboides,  knotiga grenverk alldeles vid \u00e5n i Klosterparken str\u00e4cker gullstavarna Ligularia sina gyllengula spiror mot himlen. Gullstavens vertikala form framh\u00e4vs av kontrasten gentemot de gr\u00f6vre grenarnas vridna, n\u00e4stan horisontella uttryck. Det hela accentueras av viticella-klematisens Clematis 'S\u00f6dert\u00e4lje' flata lila blommor som mjukt kl\u00e4r in tr\u00e4dstammen. \" src=\"http:\/\/rosenholm.se\/wp-content\/uploads\/2014\/01\/D2X_7349.jpg\" width=\"1000\" height=\"664\" srcset=\"https:\/\/rosenholm.se\/wp-content\/uploads\/2014\/01\/D2X_7349.jpg 1000w, https:\/\/rosenholm.se\/wp-content\/uploads\/2014\/01\/D2X_7349-256x169.jpg 256w, https:\/\/rosenholm.se\/wp-content\/uploads\/2014\/01\/D2X_7349-350x232.jpg 350w, https:\/\/rosenholm.se\/wp-content\/uploads\/2014\/01\/D2X_7349-512x339.jpg 512w\" sizes=\"auto, (max-width: 1000px) 100vw, 1000px\" \/><\/a><p id=\"caption-attachment-676\" class=\"wp-caption-text\">Under den kinesiska sekvojans, Metasequoia glyptostroboides,\u00a0knotiga grenverk alldeles vid \u00e5n i Klosterparken str\u00e4cker gullstav, Ligularia, sina gyllengula spiror mot himlen. Gullstavens vertikala form framh\u00e4vs av kontrasten gentemot de gr\u00f6vre grenarnas vridna, n\u00e4stan horisontella, uttryck. Det hela accentueras av viticella-klematisens, &#8217;S\u00f6dert\u00e4lje&#8217;, flata, lila blommor som mjukt kl\u00e4r in tr\u00e4dstammen.<\/p><\/div>\n<p>Som vi har sett g\u00e5r v\u00e4xtform, blomform och bladform ihop och \u00e4r avh\u00e4ngiga av varandra. Alla p\u00e5verkar de v\u00e5rt intryck av en v\u00e4xt. F\u00f6r en del v\u00e4xter \u00e4r det alltid samma formtyp som \u00e4r den dominerande medan det f\u00f6r andra varierar \u00f6ver \u00e5ret.<\/p>\n<div id=\"attachment_685\" style=\"width: 310px\" class=\"wp-caption alignright\"><a href=\"http:\/\/rosenholm.se\/wp-content\/uploads\/2014\/01\/D2X_2983.jpg\"><img loading=\"lazy\" decoding=\"async\" aria-describedby=\"caption-attachment-685\" class=\"size-large wp-image-685\" alt=\"Vissa formkombinationer kan f\u00e5 en att tappa andan. Kransveronikans, Veronicastrum virginicum \u2019Spring Dew\u2019, utblommade spiror ser ut som l\u00e5nga krokiga cigarrer mot skyn. Bakom kontrasterar gr\u00e4set, Molinia caerulea ssp. arundinacea \u2019Transparent\u2019. L\u00e4ngst fram syns blodormroten, Bistorta amplexicaulis 'Firetail' \u00e4nnu  r\u00f6drosa fast det \u00e4r i mitten av oktober. Dr\u00f6mparken.\" src=\"http:\/\/rosenholm.se\/wp-content\/uploads\/2014\/01\/D2X_2983-300x450.jpg\" width=\"300\" height=\"450\" srcset=\"https:\/\/rosenholm.se\/wp-content\/uploads\/2014\/01\/D2X_2983-300x450.jpg 300w, https:\/\/rosenholm.se\/wp-content\/uploads\/2014\/01\/D2X_2983-166x250.jpg 166w, https:\/\/rosenholm.se\/wp-content\/uploads\/2014\/01\/D2X_2983-240x360.jpg 240w, https:\/\/rosenholm.se\/wp-content\/uploads\/2014\/01\/D2X_2983.jpg 667w\" sizes=\"auto, (max-width: 300px) 100vw, 300px\" \/><\/a><p id=\"caption-attachment-685\" class=\"wp-caption-text\">Vissa formkombinationer kan f\u00e5 en att tappa andan. Kransveronikans, Veronicastrum virginicum \u2019Spring Dew\u2019, utblommade spiror ser ut som l\u00e5nga krokiga cigarrer mot skyn. Bakom kontrasterar gr\u00e4set, Molinia caerulea ssp. arundinacea \u2019Transparent\u2019. L\u00e4ngst fram syns blodormroten, Bistorta amplexicaulis &#8217;Firetail&#8217; \u00e4nnu r\u00f6drosa fast det \u00e4r i mitten av oktober. Dr\u00f6mparken.<\/p><\/div>\n<p>Eftersom man i Enk\u00f6ping f\u00f6r det mesta utg\u00e5r fr\u00e5n formen n\u00e4r man v\u00e4ljer v\u00e4xter kommer vi h\u00e4r att presentera n\u00e5gra som \u00e4r tydligt urskiljbara, f\u00f6rklara vilken inverkan de har p\u00e5 omgivningen och vad de kan anv\u00e4ndas till. F\u00f6r varje form beskrivs ett antal Enk\u00f6pingsv\u00e4xter som har just den. De f\u00f6rsta sju avsnitten handlar huvudsakligen om perenner och d\u00e4r utg\u00e5r indelningen till stor del fr\u00e5n Piet Oudolfs syns\u00e4tt, men \u00e4ven fr\u00e5n diskussioner med Stefan Mattson och traditionell indelning av perenner.<\/p>\n<p>Vedartade v\u00e4xters former g\u00e5s igenom i de fyra n\u00e4stkommande avsnitten och n\u00e5gra av sorterna i Enk\u00f6ping portr\u00e4tteras h\u00e4r. Indelningen av dem \u00e4r ganska grov och de skulle mycket v\u00e4l kunna delas in i underformer om man s\u00e5 \u00f6nskar.<\/p>\n<p>I det sista avsnittet g\u00e5r vi igenom vilket intryck olika bladformer ger.<\/p>\n<h5><a title=\"Spiror\" href=\"http:\/\/rosenholm.se\/?page_id=694\">Spiror<\/a><\/h5>\n","protected":false},"excerpt":{"rendered":"<p>Vilket intryck en v\u00e4xt ger p\u00e5verkas i h\u00f6g grad av dess form. Formen \u00e4r betydligt mer best\u00e4ndig \u00e4n blommornas f\u00e4rg, som f\u00f6r det mesta bara finns d\u00e4r under n\u00e5gra veckor.&hellip; <\/p>\n","protected":false},"author":1,"featured_media":0,"parent":629,"menu_order":0,"comment_status":"closed","ping_status":"closed","template":"","meta":{"footnotes":""},"class_list":["post-670","page","type-page","status-publish","hentry"],"_links":{"self":[{"href":"https:\/\/rosenholm.se\/index.php?rest_route=\/wp\/v2\/pages\/670","targetHints":{"allow":["GET"]}}],"collection":[{"href":"https:\/\/rosenholm.se\/index.php?rest_route=\/wp\/v2\/pages"}],"about":[{"href":"https:\/\/rosenholm.se\/index.php?rest_route=\/wp\/v2\/types\/page"}],"author":[{"embeddable":true,"href":"https:\/\/rosenholm.se\/index.php?rest_route=\/wp\/v2\/users\/1"}],"replies":[{"embeddable":true,"href":"https:\/\/rosenholm.se\/index.php?rest_route=%2Fwp%2Fv2%2Fcomments&post=670"}],"version-history":[{"count":18,"href":"https:\/\/rosenholm.se\/index.php?rest_route=\/wp\/v2\/pages\/670\/revisions"}],"predecessor-version":[{"id":3487,"href":"https:\/\/rosenholm.se\/index.php?rest_route=\/wp\/v2\/pages\/670\/revisions\/3487"}],"up":[{"embeddable":true,"href":"https:\/\/rosenholm.se\/index.php?rest_route=\/wp\/v2\/pages\/629"}],"wp:attachment":[{"href":"https:\/\/rosenholm.se\/index.php?rest_route=%2Fwp%2Fv2%2Fmedia&parent=670"}],"curies":[{"name":"wp","href":"https:\/\/api.w.org\/{rel}","templated":true}]}}