{"id":651,"date":"2014-01-24T21:38:17","date_gmt":"2014-01-24T20:38:17","guid":{"rendered":"http:\/\/rosenholm.se\/?page_id=651"},"modified":"2014-01-24T21:43:10","modified_gmt":"2014-01-24T20:43:10","slug":"tips-till-dig-som-tanker-bygga-ett-uterum","status":"publish","type":"page","link":"https:\/\/rosenholm.se\/?page_id=651","title":{"rendered":"Tips till dig som t\u00e4nker bygga ett uterum"},"content":{"rendered":"<ol>\n<li>Ett riktigt golv ska det vara av till exempel betongsten eller marktegel. L\u00e4gg stenarna i vanlig s\u00e4ttsand eller stenmj\u00f6l.<\/li>\n<li>Anv\u00e4nd begagnade f\u00f6nster, g\u00e4rna av olika typ och dimensioner. Finns de som spr\u00f6jsade \u00e4r det bara bra. Sm\u00e5f\u00f6nster \u00e4r f\u00f6rtr\u00e4ffliga f\u00f6r att pusslet ska g\u00e5 ihop.<\/li>\n<li>Anv\u00e4nd inte vanligt glas som takmaterial utan n\u00e5got som t\u00e5l tyngden av sn\u00f6, till exempel kanalplast som ocks\u00e5 ger en viss v\u00e4rmeisolering.<\/li>\n<li>Placera uteplats och gr\u00f6nsaksland i n\u00e4rheten s\u00e5 blir det ett alldeles eget v\u00e4lordnat h\u00f6rn f\u00f6r tr\u00e4dg\u00e5rdsaktiviteter.<\/li>\n<li>Pryd g\u00e4rna med lite snickargl\u00e4dje om det finns tid och kunskap.<\/li>\n<li>Begagnade m\u00f6bler blir inte bara billigare utan \u00e4r mycket charmigare.<\/li>\n<\/ol>\n<p><a title=\"UTERUM \u2013 SOM VI VILL HA DET\" href=\"http:\/\/rosenholm.se\/?page_id=639\">Tillbaka<\/a><\/p>\n","protected":false},"excerpt":{"rendered":"<p>Ett riktigt golv ska det vara av till exempel betongsten eller marktegel. L\u00e4gg stenarna i vanlig s\u00e4ttsand eller stenmj\u00f6l. Anv\u00e4nd begagnade f\u00f6nster, g\u00e4rna av olika typ och dimensioner. Finns de&hellip; <\/p>\n","protected":false},"author":1,"featured_media":0,"parent":639,"menu_order":0,"comment_status":"closed","ping_status":"closed","template":"","meta":{"footnotes":""},"class_list":["post-651","page","type-page","status-publish","hentry"],"_links":{"self":[{"href":"https:\/\/rosenholm.se\/index.php?rest_route=\/wp\/v2\/pages\/651","targetHints":{"allow":["GET"]}}],"collection":[{"href":"https:\/\/rosenholm.se\/index.php?rest_route=\/wp\/v2\/pages"}],"about":[{"href":"https:\/\/rosenholm.se\/index.php?rest_route=\/wp\/v2\/types\/page"}],"author":[{"embeddable":true,"href":"https:\/\/rosenholm.se\/index.php?rest_route=\/wp\/v2\/users\/1"}],"replies":[{"embeddable":true,"href":"https:\/\/rosenholm.se\/index.php?rest_route=%2Fwp%2Fv2%2Fcomments&post=651"}],"version-history":[{"count":3,"href":"https:\/\/rosenholm.se\/index.php?rest_route=\/wp\/v2\/pages\/651\/revisions"}],"predecessor-version":[{"id":655,"href":"https:\/\/rosenholm.se\/index.php?rest_route=\/wp\/v2\/pages\/651\/revisions\/655"}],"up":[{"embeddable":true,"href":"https:\/\/rosenholm.se\/index.php?rest_route=\/wp\/v2\/pages\/639"}],"wp:attachment":[{"href":"https:\/\/rosenholm.se\/index.php?rest_route=%2Fwp%2Fv2%2Fmedia&parent=651"}],"curies":[{"name":"wp","href":"https:\/\/api.w.org\/{rel}","templated":true}]}}