{"id":6465,"date":"2015-02-11T21:34:17","date_gmt":"2015-02-11T20:34:17","guid":{"rendered":"http:\/\/rosenholm.se\/?page_id=6465"},"modified":"2015-02-11T21:34:17","modified_gmt":"2015-02-11T20:34:17","slug":"gunillas-sju-basta-rad","status":"publish","type":"page","link":"https:\/\/rosenholm.se\/?page_id=6465","title":{"rendered":"Gunillas sju b\u00e4sta r\u00e5d"},"content":{"rendered":"<ul>\n<li>\u00a0Plantera m\u00e5nga tidiga l\u00f6kar och dela dem och sprid s\u00e5 att det blir massverkan. Speciellt sn\u00f6droppar ger god utdelning.<\/li>\n<li>T\u00e4ck marken med kraftfulla markt\u00e4ckare som myskmadra och plister f\u00f6r att slippa rensa ogr\u00e4s. Dessutom \u00e4r naken jord varken vacker eller naturlig.<\/li>\n<li>Vill du ta med dig v\u00e4xter n\u00e4r du flyttar, plantera dem ett tag p\u00e5 till exempel en kolonilott d\u00e4r de f\u00e5r v\u00e4xa till sig.<\/li>\n<li>Plantera bara l\u00e4tta och tacksamma v\u00e4xter, det g\u00e4ller speciellt rosor. Inga pjoltiga och sm\u00e5v\u00e4xta sorter som ger mycket jobb och lite blommor.<\/li>\n<li>Blanda inte f\u00f6r m\u00e5nga typer och f\u00e4rger av markmaterial.<\/li>\n<li>Anv\u00e4nd grus som underlag p\u00e5 g\u00e5ngar och uteplatser. Det \u00e4r vackert och med markduk under g\u00e5r det bra att h\u00e5lla undan ogr\u00e4s.<\/li>\n<li>En tr\u00e4dg\u00e5rd beh\u00f6ver inte bara soliga platser. Skugga, g\u00e4rna under tr\u00e4dens kronor, \u00e4r minst lika viktigt, speciellt stekheta, gassiga dagar.<\/li>\n<\/ul>\n<h5><a title=\"Blommig tr\u00e4dg\u00e5rd mitt i V\u00e4ster\u00e5s\" href=\"http:\/\/rosenholm.se\/?page_id=6388\">Tillbaka<\/a><\/h5>\n","protected":false},"excerpt":{"rendered":"<p>\u00a0Plantera m\u00e5nga tidiga l\u00f6kar och dela dem och sprid s\u00e5 att det blir massverkan. Speciellt sn\u00f6droppar ger god utdelning. T\u00e4ck marken med kraftfulla markt\u00e4ckare som myskmadra och plister f\u00f6r att&hellip; <\/p>\n","protected":false},"author":1,"featured_media":0,"parent":0,"menu_order":0,"comment_status":"closed","ping_status":"closed","template":"","meta":{"footnotes":""},"class_list":["post-6465","page","type-page","status-publish","hentry"],"_links":{"self":[{"href":"https:\/\/rosenholm.se\/index.php?rest_route=\/wp\/v2\/pages\/6465","targetHints":{"allow":["GET"]}}],"collection":[{"href":"https:\/\/rosenholm.se\/index.php?rest_route=\/wp\/v2\/pages"}],"about":[{"href":"https:\/\/rosenholm.se\/index.php?rest_route=\/wp\/v2\/types\/page"}],"author":[{"embeddable":true,"href":"https:\/\/rosenholm.se\/index.php?rest_route=\/wp\/v2\/users\/1"}],"replies":[{"embeddable":true,"href":"https:\/\/rosenholm.se\/index.php?rest_route=%2Fwp%2Fv2%2Fcomments&post=6465"}],"version-history":[{"count":3,"href":"https:\/\/rosenholm.se\/index.php?rest_route=\/wp\/v2\/pages\/6465\/revisions"}],"predecessor-version":[{"id":6481,"href":"https:\/\/rosenholm.se\/index.php?rest_route=\/wp\/v2\/pages\/6465\/revisions\/6481"}],"wp:attachment":[{"href":"https:\/\/rosenholm.se\/index.php?rest_route=%2Fwp%2Fv2%2Fmedia&parent=6465"}],"curies":[{"name":"wp","href":"https:\/\/api.w.org\/{rel}","templated":true}]}}