{"id":639,"date":"2014-01-24T21:07:17","date_gmt":"2014-01-24T20:07:17","guid":{"rendered":"http:\/\/rosenholm.se\/?page_id=639"},"modified":"2015-07-09T22:27:14","modified_gmt":"2015-07-09T20:27:14","slug":"uterum-som-vi-vill-ha-det-2","status":"publish","type":"page","link":"https:\/\/rosenholm.se\/?page_id=639","title":{"rendered":"Uterum \u2013 som vi vill ha det"},"content":{"rendered":"<p><em>Text och bild: Dan Rosenholm (2007)<\/em><\/p>\n<div id=\"attachment_637\" style=\"width: 1010px\" class=\"wp-caption alignnone\"><img loading=\"lazy\" decoding=\"async\" aria-describedby=\"caption-attachment-637\" class=\"size-full wp-image-637\" src=\"http:\/\/rosenholm.se\/wp-content\/uploads\/2014\/01\/D2X_7621.jpg\" alt=\"F\u00f6nster av olika dimensioner och utformning har gjort Astrid och G\u00f6rans uterum alldeles extra hemtrevligt. F\u00f6rutom snickargl\u00e4djen p\u00e5 taket har G\u00f6ran ocks\u00e5 skapat kompassrosen framf\u00f6r ing\u00e5ngen. Han skar ut bitarna ur klinkers och la dem i m\u00f6nster.\" width=\"1000\" height=\"667\" srcset=\"https:\/\/rosenholm.se\/wp-content\/uploads\/2014\/01\/D2X_7621.jpg 1000w, https:\/\/rosenholm.se\/wp-content\/uploads\/2014\/01\/D2X_7621-256x170.jpg 256w, https:\/\/rosenholm.se\/wp-content\/uploads\/2014\/01\/D2X_7621-350x233.jpg 350w, https:\/\/rosenholm.se\/wp-content\/uploads\/2014\/01\/D2X_7621-512x341.jpg 512w\" sizes=\"auto, (max-width: 1000px) 100vw, 1000px\" \/><p id=\"caption-attachment-637\" class=\"wp-caption-text\">F\u00f6nster av olika dimensioner och utformning har gjort Astrid och G\u00f6rans uterum alldeles extra hemtrevligt. F\u00f6rutom snickargl\u00e4djen p\u00e5 taket har G\u00f6ran ocks\u00e5 skapat kompassrosen framf\u00f6r ing\u00e5ngen. Han skar ut bitarna ur klinkers och la dem i m\u00f6nster.<\/p><\/div>\n<p><strong>Tillh\u00f6r du dem som skulle vilja ha ett uterum att f\u00f6rl\u00e4nga tr\u00e4dg\u00e5rdssommaren i? Du \u00e4r inte ensam. Som en hj\u00e4lp p\u00e5 v\u00e4gen har vi letat upp en favorit att inspireras av och tagit reda p\u00e5 hur just de har burit sig \u00e5t f\u00f6r att f\u00e5 det s\u00e5 fint. Vi hamnade hos Astrid Pettersson och G\u00f6ran Persson i Hudiksvall, d\u00e4r de fr\u00e5n grunden byggt upp ett alldeles eget frist\u00e5ende uterum med hj\u00e4lp av begagnade f\u00f6nster.<\/strong><\/p>\n<p>Att tidigt p\u00e5 v\u00e5rvintern, eller en regnig sommarkv\u00e4ll, kunna g\u00e5 ut och s\u00e4tta sig mitt i tr\u00e4dg\u00e5rden med en kopp kaffe i skydd mot v\u00e4drets makter \u00e4r vi m\u00e5nga som skulle vilja. Men det \u00e4r flera beslut att ta och sv\u00e5rt att komma till skott. Vilken form och konstruktion passar b\u00e4st? K\u00f6pa f\u00e4rdigt eller bygga sj\u00e4lv? Vilken bottenplatta ska den st\u00e5 p\u00e5? Hur ska den placeras, vid huset eller frist\u00e5ende? Alldeles ovanligt bra har de lyckats hemma hos Astrid Pettersson och G\u00f6ran Persson i Hudiksvall. Men hur kom det sig att de konstruerade sitt uterum sj\u00e4lva?<\/p>\n<div>\n<div id=\"attachment_645\" style=\"width: 1010px\" class=\"wp-caption alignnone\"><a href=\"http:\/\/rosenholm.se\/wp-content\/uploads\/2014\/01\/DSC_0063.jpg\"><img loading=\"lazy\" decoding=\"async\" aria-describedby=\"caption-attachment-645\" class=\"size-full wp-image-645\" src=\"http:\/\/rosenholm.se\/wp-content\/uploads\/2014\/01\/DSC_0063.jpg\" alt=\"F\u00f6r l\u00e4nge, l\u00e4nge sedan fick Astrids mamma ett gammalt skomakarbord av en granne. Nu st\u00e5r det i uterummet, ger plats \u00e5t v\u00e4xter och prydnader och skapar atmosf\u00e4r.\" width=\"1000\" height=\"681\" srcset=\"https:\/\/rosenholm.se\/wp-content\/uploads\/2014\/01\/DSC_0063.jpg 1000w, https:\/\/rosenholm.se\/wp-content\/uploads\/2014\/01\/DSC_0063-256x174.jpg 256w, https:\/\/rosenholm.se\/wp-content\/uploads\/2014\/01\/DSC_0063-350x238.jpg 350w, https:\/\/rosenholm.se\/wp-content\/uploads\/2014\/01\/DSC_0063-512x348.jpg 512w\" sizes=\"auto, (max-width: 1000px) 100vw, 1000px\" \/><\/a><p id=\"caption-attachment-645\" class=\"wp-caption-text\">F\u00f6r l\u00e4nge, l\u00e4nge sedan fick Astrids mamma ett gammalt skomakarbord av en granne. Nu st\u00e5r det i uterummet, ger plats \u00e5t v\u00e4xter och prydnader och skapar atmosf\u00e4r.<\/p><\/div>\n<\/div>\n<p>\u2013 N\u00e4r vi flyttade hit f\u00f6r snart 20 \u00e5r sedan hade jag en kolonilott, s\u00e4ger Astrid. Med tiden blev det f\u00f6r jobbigt att sk\u00f6ta b\u00e5de lotten och tr\u00e4dg\u00e5rden. Det var ungef\u00e4r d\u00e5 id\u00e9n om att skaffa ett v\u00e4xthus kom upp, det k\u00e4ndes b\u00e5de l\u00e4ttsammare och mer anv\u00e4ndbart. Men inte ett nytt, det skulle vara charmigt och k\u00e4nnas lite gammalt. Och inte bara anv\u00e4ndas f\u00f6r odling av v\u00e4xter.<\/p>\n<div id=\"attachment_647\" style=\"width: 276px\" class=\"wp-caption alignright\"><a href=\"http:\/\/rosenholm.se\/wp-content\/uploads\/2014\/01\/DSC_0140.jpg\"><img loading=\"lazy\" decoding=\"async\" aria-describedby=\"caption-attachment-647\" class=\"size-large wp-image-647\" src=\"http:\/\/rosenholm.se\/wp-content\/uploads\/2014\/01\/DSC_0140-266x400.jpg\" alt=\"I sydl\u00e4ge ligger deras v\u00e4lordnade gr\u00f6nsaksodling med en uteplats i direkt anslutning. Strax bortanf\u00f6r skymtar en damm, som fanns d\u00e4r redan innan uterumsbygget. \" width=\"266\" height=\"400\" srcset=\"https:\/\/rosenholm.se\/wp-content\/uploads\/2014\/01\/DSC_0140-266x400.jpg 266w, https:\/\/rosenholm.se\/wp-content\/uploads\/2014\/01\/DSC_0140-170x256.jpg 170w, https:\/\/rosenholm.se\/wp-content\/uploads\/2014\/01\/DSC_0140-232x350.jpg 232w, https:\/\/rosenholm.se\/wp-content\/uploads\/2014\/01\/DSC_0140.jpg 665w\" sizes=\"auto, (max-width: 266px) 100vw, 266px\" \/><\/a><p id=\"caption-attachment-647\" class=\"wp-caption-text\">I sydl\u00e4ge ligger deras v\u00e4lordnade gr\u00f6nsaksodling med en uteplats i direkt anslutning. Strax bortanf\u00f6r skymtar en damm, som fanns redan innan uterumsbygget.<\/p><\/div>\n<p>Det var begagnade f\u00f6nster som fick bli basen f\u00f6r bygget. Dels var det s\u00e5na som blivit \u00f6ver fr\u00e5n Astrids moster och dels hade hennes bror samlat p\u00e5 sig ett antal som \u00e4nd\u00e5 skulle sl\u00e4ngas. Utformningen gjorde G\u00f6ran, han har arbetat med ritning och konstruktion hela sin karri\u00e4r s\u00e5 det gick galant. D\u00e4r de stora f\u00f6nstren inte r\u00e4ckte till p\u00e5 h\u00f6jden anv\u00e4nde han passbitar och en del sm\u00e5f\u00f6nster. Golvet skulle vara h\u00e5rdlagt.<\/p>\n<p>&#8211; Jag ville att det sj\u00e4lvklart skulle fungera som ett uterum man kan sitta i, forts\u00e4tter Astrid. Det skulle vara ett riktigt golv, v\u00e4xterna f\u00e5r h\u00e5lla sig till krukor. Jag b\u00f6rjade med att f\u00f6rs\u00f6ka gjuta egna plattor, runda med krossat kakel inlagt. Det lyckades inte s\u00e5 bra s\u00e5 det fick bli ett golv av betongsten.<\/p>\n<p>Taket fick vara av modernt material, kanalplast, f\u00f6r att klara av sn\u00f6n. Kullerstenarna utanf\u00f6r har de plockat sj\u00e4lva lite d\u00e5 och d\u00e5. S\u00f6der om sitt glashus har de lagt gr\u00f6nsakslanden, prydligt i pallkragar. I norr placerade de ett litet tr\u00e4dg\u00e5rdsrum f\u00f6r att slappa i, v\u00e4rmda av eftermiddagssolens str\u00e5lar. Men inredningen d\u00e5?<\/p>\n<p>\u2013 Vi t\u00e4nkte p\u00e5 samma s\u00e4tt som med uterummet, lite gammaldags skulle det vara s\u00e5 vi har inrett med s\u00e5nt vi redan hade och en del nya saker vi k\u00f6pt under tiden, avslutar Astrid.<\/p>\n<div id=\"attachment_649\" style=\"width: 310px\" class=\"wp-caption alignleft\"><a href=\"http:\/\/rosenholm.se\/wp-content\/uploads\/2014\/01\/DSC_0216.jpg\"><img loading=\"lazy\" decoding=\"async\" aria-describedby=\"caption-attachment-649\" class=\"size-large wp-image-649\" src=\"http:\/\/rosenholm.se\/wp-content\/uploads\/2014\/01\/DSC_0216-300x400.jpg\" alt=\" Med sm\u00e5 medel kan man g\u00f6ra det hemtrevligt. Torkade fr\u00f6kapslar fr\u00e5n tomtens stora ruggar av j\u00e4ttevallmo \u00e4r sirligt vackra d\u00e4r de h\u00e4nger i v\u00e4xthusets h\u00f6rn. \" width=\"300\" height=\"400\" srcset=\"https:\/\/rosenholm.se\/wp-content\/uploads\/2014\/01\/DSC_0216-300x400.jpg 300w, https:\/\/rosenholm.se\/wp-content\/uploads\/2014\/01\/DSC_0216-192x256.jpg 192w, https:\/\/rosenholm.se\/wp-content\/uploads\/2014\/01\/DSC_0216-262x350.jpg 262w, https:\/\/rosenholm.se\/wp-content\/uploads\/2014\/01\/DSC_0216.jpg 750w\" sizes=\"auto, (max-width: 300px) 100vw, 300px\" \/><\/a><p id=\"caption-attachment-649\" class=\"wp-caption-text\">Med sm\u00e5 medel kan man g\u00f6ra det hemtrevligt. Torkade fr\u00f6kapslar fr\u00e5n tomtens ruggar av j\u00e4ttevallmo \u00e4r sirligt vackra d\u00e4r de h\u00e4nger i v\u00e4xthusets h\u00f6rn.<\/p><\/div>\n<p>Men s\u00e5 var det f\u00f6rst\u00e5s ocks\u00e5 pricken \u00f6ver i, snickargl\u00e4djen p\u00e5 taknocken. Det f\u00f6ll sig s\u00e5 att f\u00f6reningen Tr\u00e4dg\u00e5rdsodlarna i Hudiksvall gav en snickerikurs. G\u00f6ran tog chansen och snickrade ihop de utsmyckningar som g\u00f6r just Astrid och G\u00f6rans uterum s\u00e5 extra speciellt och hemtrevligt.<\/p>\n<h5><a title=\"Tips till dig som t\u00e4nker bygga ett uterum\" href=\"http:\/\/rosenholm.se\/?page_id=651\">Tips till dig som t\u00e4nker bygga ett uterum<\/a><\/h5>\n<p>&nbsp;<\/p>\n<p>&nbsp;<\/p>\n","protected":false},"excerpt":{"rendered":"<p>Text och bild: Dan Rosenholm (2007) Tillh\u00f6r du dem som skulle vilja ha ett uterum att f\u00f6rl\u00e4nga tr\u00e4dg\u00e5rdssommaren i? Du \u00e4r inte ensam. Som en hj\u00e4lp p\u00e5 v\u00e4gen har vi&hellip; <\/p>\n","protected":false},"author":1,"featured_media":0,"parent":362,"menu_order":0,"comment_status":"closed","ping_status":"closed","template":"","meta":{"footnotes":""},"class_list":["post-639","page","type-page","status-publish","hentry"],"_links":{"self":[{"href":"https:\/\/rosenholm.se\/index.php?rest_route=\/wp\/v2\/pages\/639","targetHints":{"allow":["GET"]}}],"collection":[{"href":"https:\/\/rosenholm.se\/index.php?rest_route=\/wp\/v2\/pages"}],"about":[{"href":"https:\/\/rosenholm.se\/index.php?rest_route=\/wp\/v2\/types\/page"}],"author":[{"embeddable":true,"href":"https:\/\/rosenholm.se\/index.php?rest_route=\/wp\/v2\/users\/1"}],"replies":[{"embeddable":true,"href":"https:\/\/rosenholm.se\/index.php?rest_route=%2Fwp%2Fv2%2Fcomments&post=639"}],"version-history":[{"count":16,"href":"https:\/\/rosenholm.se\/index.php?rest_route=\/wp\/v2\/pages\/639\/revisions"}],"predecessor-version":[{"id":7845,"href":"https:\/\/rosenholm.se\/index.php?rest_route=\/wp\/v2\/pages\/639\/revisions\/7845"}],"up":[{"embeddable":true,"href":"https:\/\/rosenholm.se\/index.php?rest_route=\/wp\/v2\/pages\/362"}],"wp:attachment":[{"href":"https:\/\/rosenholm.se\/index.php?rest_route=%2Fwp%2Fv2%2Fmedia&parent=639"}],"curies":[{"name":"wp","href":"https:\/\/api.w.org\/{rel}","templated":true}]}}