{"id":6321,"date":"2015-02-06T20:27:42","date_gmt":"2015-02-06T19:27:42","guid":{"rendered":"http:\/\/rosenholm.se\/?page_id=6321"},"modified":"2015-02-10T20:47:54","modified_gmt":"2015-02-10T19:47:54","slug":"pergolor-och-annat-man-gar-under","status":"publish","type":"page","link":"https:\/\/rosenholm.se\/?page_id=6321","title":{"rendered":"Pergolor i parker och tr\u00e4dg\u00e5rdar"},"content":{"rendered":"<p><strong>Med anor fr\u00e5n forna tider \u00e4r pergolor idag lika modernt som n\u00e5gonsin f\u00f6rr. Utforma dem kan man g\u00f6ra p\u00e5 hur m\u00e5nga s\u00e4tt som helst. F\u00f6lj med p\u00e5 uppt\u00e4cktsf\u00e4rd i Sverige och till andra sidan sm\u00e5 och stora hav. L\u00e4r och inspireras.<\/strong><\/p>\n<p><em>Text och bild: Dan Rosenholm<\/em><\/p>\n<p>En skuggad g\u00e5ng, l\u00f6vvalv, eller promenadv\u00e4g t\u00e4ckt av b\u00e5gar skulle man kunna \u00f6vers\u00e4tta det med, ordet pergola. Uttrycket kan h\u00e4rledas till sent latin, och sedermera italienska, men finns idag i de flesta v\u00e4steuropeiska spr\u00e5k.<\/p>\n<p>Pergolor har mer eller mindre anv\u00e4nts genom alla, k\u00e4nda, tider. De finns p\u00e5 avbildningar fr\u00e5n Egypten som \u00e4r runt 3400 \u00e5r gamla. Vid tiden f\u00f6r Jesu f\u00f6delse beskrivs de skriftligt av romaren Plinius d.y. Via ren\u00e4ssansens Italien spred de sig till Frankrike och vidare till England. N\u00e4r det naturliga blev fashionabelt i engelsk tr\u00e4dg\u00e5rdskonst blev pergolor omoderna, men \u00e5teruppstod igen runt f\u00f6rra sekelskiftet fr\u00e4mst inom den r\u00f6relse som brukar kallas Arts &amp; Crafts.<\/p>\n<p>Vad \u00e4r pergolor, och andra typer av tunnlar, b\u00e5gar och tak i tr\u00e4dg\u00e5rden, bra f\u00f6r? Ursprungligen f\u00f6r att b\u00e4ra upp vinrankor, men ett lika tydligt syfte var att ge skydd mot sol och vind. De har ocks\u00e5 alltid brukats som ett s\u00e4tt att rama in och f\u00f6rst\u00e4rka utsikter. Under dem kan man placera ut stolar och soffor f\u00f6r att i lugn och ro betrakta omgivningen eller f\u00f6rdjupa sig i diskussioner om livets mening. I moderna svenska villatomter anv\u00e4nds pergolor mest som portar mellan olika delar av tr\u00e4dg\u00e5rden. \u00c5 den andra sidan beh\u00f6ver man verkligen t\u00e4nka ens s\u00e5 h\u00e4r l\u00e5ngt? Det f\u00e5r r\u00e4cka med att de \u00e4r snygga, eller hur.<\/p>\n<div id=\"attachment_6324\" style=\"width: 710px\" class=\"wp-caption alignnone\"><img loading=\"lazy\" decoding=\"async\" aria-describedby=\"caption-attachment-6324\" class=\"size-large wp-image-6324\" src=\"http:\/\/rosenholm.se\/wp-content\/uploads\/2015\/02\/D3X_8146-728x546.jpg\" alt=\"Bl\u00e5regn i Cambria Pines Lodge, Kalifornien\" width=\"700\" height=\"525\" srcset=\"https:\/\/rosenholm.se\/wp-content\/uploads\/2015\/02\/D3X_8146.jpg 728w, https:\/\/rosenholm.se\/wp-content\/uploads\/2015\/02\/D3X_8146-250x188.jpg 250w, https:\/\/rosenholm.se\/wp-content\/uploads\/2015\/02\/D3X_8146-350x263.jpg 350w, https:\/\/rosenholm.se\/wp-content\/uploads\/2015\/02\/D3X_8146-250x188@2x.jpg 500w, https:\/\/rosenholm.se\/wp-content\/uploads\/2015\/02\/D3X_8146-350x263@2x.jpg 700w\" sizes=\"auto, (max-width: 700px) 100vw, 700px\" \/><p id=\"caption-attachment-6324\" class=\"wp-caption-text\">Bl\u00e5regn i Cambria Pines Lodge, Kalifornien<\/p><\/div>\n<div id=\"attachment_6330\" style=\"width: 360px\" class=\"wp-caption alignright\"><img loading=\"lazy\" decoding=\"async\" aria-describedby=\"caption-attachment-6330\" class=\"size-medium wp-image-6330\" src=\"http:\/\/rosenholm.se\/wp-content\/uploads\/2015\/02\/D3X_7523-350x439.jpg\" alt=\"En hembyggd klockstapel hos  Rosenblads p\u00e5 \u00c5land\" width=\"350\" height=\"439\" srcset=\"https:\/\/rosenholm.se\/wp-content\/uploads\/2015\/02\/D3X_7523-350x439.jpg 350w, https:\/\/rosenholm.se\/wp-content\/uploads\/2015\/02\/D3X_7523-200x250.jpg 200w, https:\/\/rosenholm.se\/wp-content\/uploads\/2015\/02\/D3X_7523.jpg 581w, https:\/\/rosenholm.se\/wp-content\/uploads\/2015\/02\/D3X_7523-200x250@2x.jpg 400w\" sizes=\"auto, (max-width: 350px) 100vw, 350px\" \/><p id=\"caption-attachment-6330\" class=\"wp-caption-text\">En hembyggd klockstapel hos Rosenblads p\u00e5 \u00c5land<\/p><\/div>\n<p>Till de mest anv\u00e4nda kl\u00e4ngv\u00e4xterna f\u00f6r pergolor h\u00f6r bl\u00e5regn, <em>Wisteria<\/em>, en fr\u00e5n b\u00f6rjan \u00f6stasiatisk v\u00e4xt som odlats i Europa sedan 1500-talet. H\u00e4r ganska nyutslagna i den klassiskt inspirerade tr\u00e4dg\u00e5rd som h\u00f6r till Cambria Pines Lodge i Kalifornien. Bl\u00e5regn klarar sig i goda l\u00e4gen upp till M\u00e4lardalsomr\u00e5det.<\/p>\n<p>En hembyggd klockstapel ramar in den str\u00e5lande utsikten hemma hos Clas och Britt-Mari Rosenblad p\u00e5 \u00c5land. Och s\u00e5 kan man naturligtvis ringa i den n\u00e4r det vankas middag. N\u00e4rmare vattnet ligger grillstugan med str\u00e5lande utsikt \u00f6ver fj\u00e4rdarna.<\/p>\n<div id=\"attachment_6323\" style=\"width: 710px\" class=\"wp-caption alignnone\"><img loading=\"lazy\" decoding=\"async\" aria-describedby=\"caption-attachment-6323\" class=\"size-large wp-image-6323\" src=\"http:\/\/rosenholm.se\/wp-content\/uploads\/2015\/02\/D3X_9097-728x485.jpg\" alt=\"Naturligt tak hemma hos Ingemo och Per Gylling.\" width=\"700\" height=\"466\" srcset=\"https:\/\/rosenholm.se\/wp-content\/uploads\/2015\/02\/D3X_9097.jpg 728w, https:\/\/rosenholm.se\/wp-content\/uploads\/2015\/02\/D3X_9097-250x167.jpg 250w, https:\/\/rosenholm.se\/wp-content\/uploads\/2015\/02\/D3X_9097-350x233.jpg 350w, https:\/\/rosenholm.se\/wp-content\/uploads\/2015\/02\/D3X_9097-250x167@2x.jpg 500w, https:\/\/rosenholm.se\/wp-content\/uploads\/2015\/02\/D3X_9097-350x233@2x.jpg 700w\" sizes=\"auto, (max-width: 700px) 100vw, 700px\" \/><p id=\"caption-attachment-6323\" class=\"wp-caption-text\">Naturligt tak hemma hos Ingemo och Per Gylling.<\/p><\/div>\n<div id=\"attachment_6337\" style=\"width: 360px\" class=\"wp-caption alignright\"><img loading=\"lazy\" decoding=\"async\" aria-describedby=\"caption-attachment-6337\" class=\"size-medium wp-image-6337\" src=\"http:\/\/rosenholm.se\/wp-content\/uploads\/2015\/02\/D2X_3323-350x438.jpg\" alt=\"B\u00f6jd armeringsmatta hos Gunilla Bremer i V\u00e4ster\u00e5s\" width=\"350\" height=\"438\" srcset=\"https:\/\/rosenholm.se\/wp-content\/uploads\/2015\/02\/D2X_3323-350x438.jpg 350w, https:\/\/rosenholm.se\/wp-content\/uploads\/2015\/02\/D2X_3323-200x250.jpg 200w, https:\/\/rosenholm.se\/wp-content\/uploads\/2015\/02\/D2X_3323.jpg 582w, https:\/\/rosenholm.se\/wp-content\/uploads\/2015\/02\/D2X_3323-200x250@2x.jpg 400w\" sizes=\"auto, (max-width: 350px) 100vw, 350px\" \/><p id=\"caption-attachment-6337\" class=\"wp-caption-text\">Armeringsmatta hos Gunilla Bremer i V\u00e4ster\u00e5s<\/p><\/div>\n<p><span style=\"line-height: 1.5;\"><a title=\"Tr\u00e4dg\u00e5rdsdesign \u2013 som Gyllings g\u00f6r\" href=\"http:\/\/rosenholm.se\/?page_id=3387\">Ingemo och Per Gylling<\/a> har flitigt anv\u00e4nt t\u00e4ckta g\u00e5ngar och tak i sin stora tr\u00e4dg\u00e5rd mellan Landskrona och Helsingborg. Mest \u00e4r det naturliga tak, \u00f6verh\u00e4ngande tr\u00e4d och buskar. Till v\u00e4nster lutar sig en schersmin mot en buxbom, till h\u00f6ger t\u00e4cks g\u00e5ngen av en katsura, <\/span><em style=\"line-height: 1.5;\">Cercidiphyllum japonicum<\/em><span style=\"line-height: 1.5;\">.<\/span><\/p>\n<p>B\u00e5gen \u00f6ver g\u00e5ngen b\u00f6jde Gunilla Bremer till av en armeringsmatta. \u00d6ver den har rosen &#8217;Scintillation&#8217; lagt sig. Tr\u00e4dg\u00e5rdsromantik i vitt fr\u00e5n V\u00e4ster\u00e5s. P\u00e5 andra sidan b\u00e5gen fungerar den vita pelaren som blickf\u00e5ng och skapar djup.<\/p>\n<div id=\"attachment_6322\" style=\"width: 710px\" class=\"wp-caption alignnone\"><img loading=\"lazy\" decoding=\"async\" aria-describedby=\"caption-attachment-6322\" class=\"size-large wp-image-6322\" src=\"http:\/\/rosenholm.se\/wp-content\/uploads\/2015\/02\/D3X_3990-728x546.jpg\" alt=\"Hos Agneta Sj\u00f6stedt i Sollentuna markeras slutet p\u00e5 en l\u00e5ng g\u00e5ng med en avenboksb\u00e5ge.\" width=\"700\" height=\"525\" srcset=\"https:\/\/rosenholm.se\/wp-content\/uploads\/2015\/02\/D3X_3990.jpg 728w, https:\/\/rosenholm.se\/wp-content\/uploads\/2015\/02\/D3X_3990-250x188.jpg 250w, https:\/\/rosenholm.se\/wp-content\/uploads\/2015\/02\/D3X_3990-350x263.jpg 350w, https:\/\/rosenholm.se\/wp-content\/uploads\/2015\/02\/D3X_3990-250x188@2x.jpg 500w, https:\/\/rosenholm.se\/wp-content\/uploads\/2015\/02\/D3X_3990-350x263@2x.jpg 700w\" sizes=\"auto, (max-width: 700px) 100vw, 700px\" \/><p id=\"caption-attachment-6322\" class=\"wp-caption-text\">Hos Agneta Sj\u00f6stedt i Sollentuna markeras slutet p\u00e5 en l\u00e5ng g\u00e5ng med en avenboksb\u00e5ge.<\/p><\/div>\n<div id=\"attachment_6346\" style=\"width: 360px\" class=\"wp-caption alignright\"><img loading=\"lazy\" decoding=\"async\" aria-describedby=\"caption-attachment-6346\" class=\"size-medium wp-image-6346\" src=\"http:\/\/rosenholm.se\/wp-content\/uploads\/2015\/02\/D3X_3393-350x439.jpg\" alt=\"Rosor och klematis i the Mill Garden, Warwick\" width=\"350\" height=\"439\" srcset=\"https:\/\/rosenholm.se\/wp-content\/uploads\/2015\/02\/D3X_3393-350x439.jpg 350w, https:\/\/rosenholm.se\/wp-content\/uploads\/2015\/02\/D3X_3393-200x250.jpg 200w, https:\/\/rosenholm.se\/wp-content\/uploads\/2015\/02\/D3X_3393.jpg 581w, https:\/\/rosenholm.se\/wp-content\/uploads\/2015\/02\/D3X_3393-200x250@2x.jpg 400w\" sizes=\"auto, (max-width: 350px) 100vw, 350px\" \/><p id=\"caption-attachment-6346\" class=\"wp-caption-text\">Rosor och klematis i the Mill Garden, Warwick<\/p><\/div>\n<p>Det kanske vanligaste s\u00e4ttet att anv\u00e4nda pergolor i villatr\u00e4dg\u00e5rdar \u00e4r att l\u00e5ta dem fungera som portar mellan tr\u00e4dg\u00e5rdsrum. Hemma hos Agneta Sj\u00f6stedt i Sollentuna markeras slutet p\u00e5 en l\u00e5ng g\u00e5ng med en avenboksb\u00e5ge. Strax innanf\u00f6r m\u00f6ts man av ett \u00e4ppeltr\u00e4d och blommande tulpaner. Utformningen \u00e4r gjord av Ulf Nordfjell.<\/p>\n<p>Det \u00e4r lite av allt \u00e5t alla \u00f6ver det d\u00e4r med att anv\u00e4nda b\u00e5de rosor och klematis i pergolor. Ju mer desto b\u00e4ttre helt enkelt. Vi befinner oss i the Mill Garden som ligger i Warwick, England.<\/p>\n<div id=\"attachment_6327\" style=\"width: 710px\" class=\"wp-caption alignnone\"><img loading=\"lazy\" decoding=\"async\" aria-describedby=\"caption-attachment-6327\" class=\"size-large wp-image-6327\" src=\"http:\/\/rosenholm.se\/wp-content\/uploads\/2015\/02\/D2X_2663-728x485.jpg\" alt=\"Visningstr\u00e4dg\u00e5rden Appeltern i Holland.\" width=\"700\" height=\"466\" srcset=\"https:\/\/rosenholm.se\/wp-content\/uploads\/2015\/02\/D2X_2663.jpg 728w, https:\/\/rosenholm.se\/wp-content\/uploads\/2015\/02\/D2X_2663-250x167.jpg 250w, https:\/\/rosenholm.se\/wp-content\/uploads\/2015\/02\/D2X_2663-350x233.jpg 350w, https:\/\/rosenholm.se\/wp-content\/uploads\/2015\/02\/D2X_2663-250x167@2x.jpg 500w, https:\/\/rosenholm.se\/wp-content\/uploads\/2015\/02\/D2X_2663-350x233@2x.jpg 700w\" sizes=\"auto, (max-width: 700px) 100vw, 700px\" \/><p id=\"caption-attachment-6327\" class=\"wp-caption-text\">Visningstr\u00e4dg\u00e5rden Appeltern i Holland.<\/p><\/div>\n<div id=\"attachment_6328\" style=\"width: 360px\" class=\"wp-caption alignright\"><img loading=\"lazy\" decoding=\"async\" aria-describedby=\"caption-attachment-6328\" class=\"size-medium wp-image-6328\" src=\"http:\/\/rosenholm.se\/wp-content\/uploads\/2015\/02\/DSC_3797-350x467.jpg\" alt=\"Tr\u00e4 m\u00e5lat i falur\u00f6tt i Fr\u00f6jas tr\u00e4dg\u00e5rdar i j\u00e4mtl\u00e4ndska \u00c5s.\" width=\"350\" height=\"467\" srcset=\"https:\/\/rosenholm.se\/wp-content\/uploads\/2015\/02\/DSC_3797-350x467.jpg 350w, https:\/\/rosenholm.se\/wp-content\/uploads\/2015\/02\/DSC_3797-188x250.jpg 188w, https:\/\/rosenholm.se\/wp-content\/uploads\/2015\/02\/DSC_3797.jpg 546w, https:\/\/rosenholm.se\/wp-content\/uploads\/2015\/02\/DSC_3797-188x250@2x.jpg 376w\" sizes=\"auto, (max-width: 350px) 100vw, 350px\" \/><p id=\"caption-attachment-6328\" class=\"wp-caption-text\">Fr\u00f6jas tr\u00e4dg\u00e5rdar i j\u00e4mtl\u00e4ndska \u00c5s.<\/p><\/div>\n<p><span style=\"line-height: 1.5;\">N\u00e4r solen steker p\u00e5 ger en uteplats med tak av tr\u00e4dkronor mysig st\u00e4mning som inget annat. Viss storlek p\u00e5 tr\u00e4dg\u00e5rden beh\u00f6vs, och gott om tid och arbete. Det h\u00e4r exemplet kommer fr\u00e5n visningstr\u00e4dg\u00e5rden <a title=\"Inspiration fr\u00e5n holl\u00e4ndsk tr\u00e4dg\u00e5rdsdesign\" href=\"http:\/\/rosenholm.se\/?page_id=2828\">Appeltern i Holland<\/a>, tr\u00e4den \u00e4r l\u00f6nnar.<\/span><\/p>\n<p>Pergolag\u00e5ngar ger rumsk\u00e4nsla \u00e4ven om de inte t\u00e4cks med v\u00e4xter. Trots att den h\u00e4r typen av konstruktioner h\u00e4rstammar fr\u00e5n Europa och England d\u00e4r stenkonstruktioner varit vanliga fungerar tr\u00e4 m\u00e5lat i falur\u00f6tt minst lika bra. Bild fr\u00e5n <a title=\"\u2666 Fler tips f\u00f6r charmig tr\u00e4dg\u00e5rd \u2666\" href=\"http:\/\/rosenholm.se\/?p=6053\">Fr\u00f6jas <\/a>tr\u00e4dg\u00e5rdar i j\u00e4mtl\u00e4ndska \u00c5s.<\/p>\n<div id=\"attachment_6332\" style=\"width: 710px\" class=\"wp-caption alignnone\"><img loading=\"lazy\" decoding=\"async\" aria-describedby=\"caption-attachment-6332\" class=\"size-large wp-image-6332\" src=\"http:\/\/rosenholm.se\/wp-content\/uploads\/2015\/02\/D2X_2449-728x483.jpg\" alt=\"Rododendron som tak, Krapperups slott.\" width=\"700\" height=\"464\" srcset=\"https:\/\/rosenholm.se\/wp-content\/uploads\/2015\/02\/D2X_2449.jpg 728w, https:\/\/rosenholm.se\/wp-content\/uploads\/2015\/02\/D2X_2449-250x166.jpg 250w, https:\/\/rosenholm.se\/wp-content\/uploads\/2015\/02\/D2X_2449-350x232.jpg 350w, https:\/\/rosenholm.se\/wp-content\/uploads\/2015\/02\/D2X_2449-250x166@2x.jpg 500w, https:\/\/rosenholm.se\/wp-content\/uploads\/2015\/02\/D2X_2449-350x232@2x.jpg 700w\" sizes=\"auto, (max-width: 700px) 100vw, 700px\" \/><p id=\"caption-attachment-6332\" class=\"wp-caption-text\">Rododendron som tak, Krapperups slott.<\/p><\/div>\n<div id=\"attachment_6349\" style=\"width: 360px\" class=\"wp-caption alignright\"><img loading=\"lazy\" decoding=\"async\" aria-describedby=\"caption-attachment-6349\" class=\"size-medium wp-image-6349\" src=\"http:\/\/rosenholm.se\/wp-content\/uploads\/2015\/02\/D2X_0046-350x467.jpg\" alt=\"Porta av idegran i Slottstr\u00e4dg\u00e5rden, Malm\u00f6\" width=\"350\" height=\"467\" srcset=\"https:\/\/rosenholm.se\/wp-content\/uploads\/2015\/02\/D2X_0046-350x467.jpg 350w, https:\/\/rosenholm.se\/wp-content\/uploads\/2015\/02\/D2X_0046-188x250.jpg 188w, https:\/\/rosenholm.se\/wp-content\/uploads\/2015\/02\/D2X_0046.jpg 546w, https:\/\/rosenholm.se\/wp-content\/uploads\/2015\/02\/D2X_0046-188x250@2x.jpg 376w\" sizes=\"auto, (max-width: 350px) 100vw, 350px\" \/><p id=\"caption-attachment-6349\" class=\"wp-caption-text\">Port av idegran i Slottstr\u00e4dg\u00e5rden, Malm\u00f6<\/p><\/div>\n<p>Att anv\u00e4nda blommande rododendron som tak \u00f6ver tr\u00e4dg\u00e5rdens passager vore en dr\u00f6m. Tyv\u00e4rr \u00e4r det f\u00e5 f\u00f6runnat, de v\u00e4xer sakta och blir bara tillr\u00e4ckligt h\u00f6ga i sydligaste Sverige. Kanske man beh\u00f6ver ett sk\u00e5nskt slott f\u00f6r att lyckas, som h\u00e4r p\u00e5 Krapperup norr om H\u00f6gan\u00e4s.<\/p>\n<p>Av idegranar g\u00e5r det n\u00e4stan att forma vad som helst. Till det allra l\u00e4ckraste h\u00f6r gr\u00f6na portar, g\u00e4rna s\u00e5 smala att man f\u00e5r tr\u00e4nga sig igenom. Bilden \u00e4r fr\u00e5n <a title=\"Slottsparken by night\" href=\"http:\/\/rosenholm.se\/?p=4735\">Slottstr\u00e4dg\u00e5rden <\/a>i centrala Malm\u00f6.<\/p>\n<div id=\"attachment_6334\" style=\"width: 710px\" class=\"wp-caption alignnone\"><img loading=\"lazy\" decoding=\"async\" aria-describedby=\"caption-attachment-6334\" class=\"size-large wp-image-6334\" src=\"http:\/\/rosenholm.se\/wp-content\/uploads\/2015\/02\/MMFC5675-728x485.jpg\" alt=\"M\u00e5nport hos Henry Karlsson i Medelpad.\" width=\"700\" height=\"466\" srcset=\"https:\/\/rosenholm.se\/wp-content\/uploads\/2015\/02\/MMFC5675.jpg 728w, https:\/\/rosenholm.se\/wp-content\/uploads\/2015\/02\/MMFC5675-250x167.jpg 250w, https:\/\/rosenholm.se\/wp-content\/uploads\/2015\/02\/MMFC5675-350x233.jpg 350w, https:\/\/rosenholm.se\/wp-content\/uploads\/2015\/02\/MMFC5675-250x167@2x.jpg 500w, https:\/\/rosenholm.se\/wp-content\/uploads\/2015\/02\/MMFC5675-350x233@2x.jpg 700w\" sizes=\"auto, (max-width: 700px) 100vw, 700px\" \/><p id=\"caption-attachment-6334\" class=\"wp-caption-text\">M\u00e5nport hos Henry Karlsson i Medelpad.<\/p><\/div>\n<div id=\"attachment_6336\" style=\"width: 360px\" class=\"wp-caption alignright\"><img loading=\"lazy\" decoding=\"async\" aria-describedby=\"caption-attachment-6336\" class=\"size-medium wp-image-6336\" src=\"http:\/\/rosenholm.se\/wp-content\/uploads\/2015\/02\/D3X_5303-350x467.jpg\" alt=\"Villa Ephrussi de Rothschild utanf\u00f6r Nice\" width=\"350\" height=\"467\" srcset=\"https:\/\/rosenholm.se\/wp-content\/uploads\/2015\/02\/D3X_5303-350x467.jpg 350w, https:\/\/rosenholm.se\/wp-content\/uploads\/2015\/02\/D3X_5303-188x250.jpg 188w, https:\/\/rosenholm.se\/wp-content\/uploads\/2015\/02\/D3X_5303.jpg 546w, https:\/\/rosenholm.se\/wp-content\/uploads\/2015\/02\/D3X_5303-188x250@2x.jpg 376w\" sizes=\"auto, (max-width: 350px) 100vw, 350px\" \/><p id=\"caption-attachment-6336\" class=\"wp-caption-text\">Villa Ephrussi de Rothschild utanf\u00f6r Nice<\/p><\/div>\n<p>Traditionen med m\u00e5nportar h\u00e4rstammar fr\u00e5n kinesiska tr\u00e4dg\u00e5rdar och har inspirerat Henry Karlsson i Medelpad. Av det kan man f\u00f6rst\u00e5 att det h\u00e4r inte \u00e4r n\u00e5gon gammal ruin utan att Henry skickligt lyckats skapa det intrycket.<\/p>\n<p>H\u00e4r skulle man kunna tro att vi \u00e5terv\u00e4nt till romarrikets pergolaf\u00f6rsedda tr\u00e4dg\u00e5rdar. Arrangemanget finns i Villa Ephrussi de Rothschild utanf\u00f6r Nice i Frankrike och inneh\u00e5ller stenskulpturer som \u00e5terskapar forna tider. Till v\u00e4nster kl\u00e4ttrar en vippjasmin, <em>Jasminum polyanthum<\/em>, i v\u00e5rt klimat anv\u00e4nds den som krukv\u00e4xt.<\/p>\n<div id=\"attachment_6340\" style=\"width: 710px\" class=\"wp-caption alignnone\"><img loading=\"lazy\" decoding=\"async\" aria-describedby=\"caption-attachment-6340\" class=\"size-large wp-image-6340\" src=\"http:\/\/rosenholm.se\/wp-content\/uploads\/2015\/02\/D2X_1107-728x546.jpg\" alt=\"Rrosenpergolornas paradis i Laubjergs Rosenhave p\u00e5 Jylland\" width=\"700\" height=\"525\" srcset=\"https:\/\/rosenholm.se\/wp-content\/uploads\/2015\/02\/D2X_1107.jpg 728w, https:\/\/rosenholm.se\/wp-content\/uploads\/2015\/02\/D2X_1107-250x188.jpg 250w, https:\/\/rosenholm.se\/wp-content\/uploads\/2015\/02\/D2X_1107-350x263.jpg 350w, https:\/\/rosenholm.se\/wp-content\/uploads\/2015\/02\/D2X_1107-250x188@2x.jpg 500w, https:\/\/rosenholm.se\/wp-content\/uploads\/2015\/02\/D2X_1107-350x263@2x.jpg 700w\" sizes=\"auto, (max-width: 700px) 100vw, 700px\" \/><p id=\"caption-attachment-6340\" class=\"wp-caption-text\">Rosenpergolornas paradis i Laubjergs Rosenhave p\u00e5 Jylland<\/p><\/div>\n<div id=\"attachment_6351\" style=\"width: 360px\" class=\"wp-caption alignright\"><img loading=\"lazy\" decoding=\"async\" aria-describedby=\"caption-attachment-6351\" class=\"size-medium wp-image-6351\" src=\"http:\/\/rosenholm.se\/wp-content\/uploads\/2015\/02\/D2X_3132-350x467.jpg\" alt=\"Pergola i Le jardin de Pierrette i Alsace\" width=\"350\" height=\"467\" srcset=\"https:\/\/rosenholm.se\/wp-content\/uploads\/2015\/02\/D2X_3132-350x467.jpg 350w, https:\/\/rosenholm.se\/wp-content\/uploads\/2015\/02\/D2X_3132-188x250.jpg 188w, https:\/\/rosenholm.se\/wp-content\/uploads\/2015\/02\/D2X_3132.jpg 546w, https:\/\/rosenholm.se\/wp-content\/uploads\/2015\/02\/D2X_3132-188x250@2x.jpg 376w\" sizes=\"auto, (max-width: 350px) 100vw, 350px\" \/><p id=\"caption-attachment-6351\" class=\"wp-caption-text\">Pergola i Le jardin de Pierrette i Alsace<\/p><\/div>\n<p>Ett rosenpergolornas paradis hittar man i Laubjergs Rosenhave utanf\u00f6r <em>Ringk\u00f6bing<\/em> p\u00e5 V\u00e4stjylland. Det \u00e4r en omfattande och v\u00e4lsk\u00f6tt visningstr\u00e4dg\u00e5rd inriktad helt p\u00e5 rosor d\u00e4r man b\u00e5de kan inspireras och titta n\u00e4rmare p\u00e5 olika sorter, h\u00e4r syns &#8217;Flammentanz&#8217; till h\u00f6ger och &#8217;Goldfinch&#8217; till v\u00e4nster.<\/p>\n<p>Under pergolor kan man vila i skydd fr\u00e5n sol, vind och visst regn. D\u00e4r kan man titta ut \u00f6ver omv\u00e4rlden i kontemplation. M\u00e4rkv\u00e4rdiga beh\u00f6ver de inte g\u00f6ras. En konstruktion av stockar, med stenar och betongplattor p\u00e5 marken r\u00e4cker. Bild fr\u00e5n <a title=\"\u2666 Fler tips f\u00f6r charmig tr\u00e4dg\u00e5rd \u2666\" href=\"http:\/\/rosenholm.se\/?p=6053\">Le jardin de Pierrette i Diebolsheim, Alsace<\/a>, Frankrike.<\/p>\n<div id=\"attachment_6352\" style=\"width: 710px\" class=\"wp-caption alignnone\"><img loading=\"lazy\" decoding=\"async\" aria-describedby=\"caption-attachment-6352\" class=\"size-large wp-image-6352\" src=\"http:\/\/rosenholm.se\/wp-content\/uploads\/2015\/02\/D3R_7482-728x485.jpg\" alt=\"Rosenpergola av bambu hos Anna-Lena Wibom Liding\u00f6.\" width=\"700\" height=\"466\" srcset=\"https:\/\/rosenholm.se\/wp-content\/uploads\/2015\/02\/D3R_7482.jpg 728w, https:\/\/rosenholm.se\/wp-content\/uploads\/2015\/02\/D3R_7482-250x167.jpg 250w, https:\/\/rosenholm.se\/wp-content\/uploads\/2015\/02\/D3R_7482-350x233.jpg 350w, https:\/\/rosenholm.se\/wp-content\/uploads\/2015\/02\/D3R_7482-250x167@2x.jpg 500w, https:\/\/rosenholm.se\/wp-content\/uploads\/2015\/02\/D3R_7482-350x233@2x.jpg 700w\" sizes=\"auto, (max-width: 700px) 100vw, 700px\" \/><p id=\"caption-attachment-6352\" class=\"wp-caption-text\">Rosenpergola av bambu hos Anna-Lena Wibom Liding\u00f6.<\/p><\/div>\n<p>Skapa en rosenpergola med hj\u00e4lp av bambu. Det \u00e4r den kunnige Kina-entusiasten Anna-Lena Wibom som byggt skapelsen hemma p\u00e5 sin tomt p\u00e5 Liding\u00f6.<\/p>\n<div id=\"attachment_6354\" style=\"width: 710px\" class=\"wp-caption alignnone\"><img loading=\"lazy\" decoding=\"async\" aria-describedby=\"caption-attachment-6354\" class=\"size-large wp-image-6354\" src=\"http:\/\/rosenholm.se\/wp-content\/uploads\/2015\/02\/D2X_4883-728x409.jpg\" alt=\"Boktunnel hos Piet Oudolf i holl\u00e4ndska Hummelo\" width=\"700\" height=\"393\" srcset=\"https:\/\/rosenholm.se\/wp-content\/uploads\/2015\/02\/D2X_4883.jpg 728w, https:\/\/rosenholm.se\/wp-content\/uploads\/2015\/02\/D2X_4883-250x140.jpg 250w, https:\/\/rosenholm.se\/wp-content\/uploads\/2015\/02\/D2X_4883-350x197.jpg 350w, https:\/\/rosenholm.se\/wp-content\/uploads\/2015\/02\/D2X_4883-250x140@2x.jpg 500w, https:\/\/rosenholm.se\/wp-content\/uploads\/2015\/02\/D2X_4883-350x197@2x.jpg 700w\" sizes=\"auto, (max-width: 700px) 100vw, 700px\" \/><p id=\"caption-attachment-6354\" class=\"wp-caption-text\">Boktunnel hos Piet Oudolf i holl\u00e4ndska Hummelo<\/p><\/div>\n<p>\u201dEtt arkitektoniskt element helt enkelt\u201d ben\u00e4mner tr\u00e4dg\u00e5rdsdesigngurun <a title=\"Piet och Anja Oudolf\" href=\"http:\/\/rosenholm.se\/?page_id=3176\">Piet Oudolf<\/a> den h\u00e4r boktunneln hemma i holl\u00e4ndska Hummelo. Precis s\u00e5 kan man t\u00e4nka n\u00e4r man g\u00f6r sin egen enkla villapergola.<\/p>\n<div id=\"attachment_6355\" style=\"width: 710px\" class=\"wp-caption alignnone\"><img loading=\"lazy\" decoding=\"async\" aria-describedby=\"caption-attachment-6355\" class=\"size-large wp-image-6355\" src=\"http:\/\/rosenholm.se\/wp-content\/uploads\/2015\/02\/D2X_1232-728x445.jpg\" alt=\"Pergola i Edwin Lutyens och Gertrude Jekylls skapelse Hestercombe\" width=\"700\" height=\"428\" srcset=\"https:\/\/rosenholm.se\/wp-content\/uploads\/2015\/02\/D2X_1232.jpg 728w, https:\/\/rosenholm.se\/wp-content\/uploads\/2015\/02\/D2X_1232-250x153.jpg 250w, https:\/\/rosenholm.se\/wp-content\/uploads\/2015\/02\/D2X_1232-350x214.jpg 350w, https:\/\/rosenholm.se\/wp-content\/uploads\/2015\/02\/D2X_1232-250x153@2x.jpg 500w, https:\/\/rosenholm.se\/wp-content\/uploads\/2015\/02\/D2X_1232-350x214@2x.jpg 700w\" sizes=\"auto, (max-width: 700px) 100vw, 700px\" \/><p id=\"caption-attachment-6355\" class=\"wp-caption-text\">Pergola i Edwin Lutyens och Gertrude Jekylls skapelse Hestercombe<\/p><\/div>\n<p>Efter att ha varit omodernt i \u00f6ver hundra \u00e5r kom pergolor p\u00e5 modet igen i b\u00f6rjan av 1900-talet, mycket tack vare Englands store arkitekt Edwin Lutyens i samarbete med de blommiga rabatternas moder, Gertrude Jekyll. F\u00f6rdelen med konstruktioner i tr\u00e4dg\u00e5rden \u00e4r att de ger struktur \u00e4ven p\u00e5 vintern, som h\u00e4r i k\u00e4nda Hestercombe som de designade tillsammans.<\/p>\n<p>&nbsp;<\/p>\n<p>&nbsp;<\/p>\n","protected":false},"excerpt":{"rendered":"<p>Med anor fr\u00e5n forna tider \u00e4r pergolor idag lika modernt som n\u00e5gonsin f\u00f6rr. Utforma dem kan man g\u00f6ra p\u00e5 hur m\u00e5nga s\u00e4tt som helst. F\u00f6lj med p\u00e5 uppt\u00e4cktsf\u00e4rd i Sverige&hellip; <\/p>\n","protected":false},"author":1,"featured_media":0,"parent":0,"menu_order":0,"comment_status":"closed","ping_status":"closed","template":"","meta":{"footnotes":""},"class_list":["post-6321","page","type-page","status-publish","hentry"],"_links":{"self":[{"href":"https:\/\/rosenholm.se\/index.php?rest_route=\/wp\/v2\/pages\/6321","targetHints":{"allow":["GET"]}}],"collection":[{"href":"https:\/\/rosenholm.se\/index.php?rest_route=\/wp\/v2\/pages"}],"about":[{"href":"https:\/\/rosenholm.se\/index.php?rest_route=\/wp\/v2\/types\/page"}],"author":[{"embeddable":true,"href":"https:\/\/rosenholm.se\/index.php?rest_route=\/wp\/v2\/users\/1"}],"replies":[{"embeddable":true,"href":"https:\/\/rosenholm.se\/index.php?rest_route=%2Fwp%2Fv2%2Fcomments&post=6321"}],"version-history":[{"count":24,"href":"https:\/\/rosenholm.se\/index.php?rest_route=\/wp\/v2\/pages\/6321\/revisions"}],"predecessor-version":[{"id":6451,"href":"https:\/\/rosenholm.se\/index.php?rest_route=\/wp\/v2\/pages\/6321\/revisions\/6451"}],"wp:attachment":[{"href":"https:\/\/rosenholm.se\/index.php?rest_route=%2Fwp%2Fv2%2Fmedia&parent=6321"}],"curies":[{"name":"wp","href":"https:\/\/api.w.org\/{rel}","templated":true}]}}