{"id":5700,"date":"2015-01-09T20:59:28","date_gmt":"2015-01-09T19:59:28","guid":{"rendered":"http:\/\/rosenholm.se\/?page_id=5700"},"modified":"2015-01-09T21:02:56","modified_gmt":"2015-01-09T20:02:56","slug":"koloniomraden-att-strosa-runt-i","status":"publish","type":"page","link":"https:\/\/rosenholm.se\/?page_id=5700","title":{"rendered":"Koloniomr\u00e5den att strosa runt i"},"content":{"rendered":"<p>Att promenera runt i koloniomr\u00e5den \u00e4r ett gratis n\u00f6je, tillg\u00e4ngligt f\u00f6r alla i n\u00e4stan hela landet.\u00a0 Till Sverige kom kolonir\u00f6relsen alldeles i slutet av 1800-talet fr\u00e5n Tyskland. Syftet var att ge m\u00e4nniskor med sm\u00e5 resurser tillg\u00e5ng till mark att odla fr\u00e4mst k\u00f6ksv\u00e4xter och potatis p\u00e5.<\/p>\n<p>Ett koloniomr\u00e5de i det som nu \u00e4r Pildammsparken i Malm\u00f6 var troligen det f\u00f6rsta. Det finns inte l\u00e4ngre kvar. Ungef\u00e4r samtidigt b\u00f6rjade koloniomr\u00e5det vid Citadellet i Landskrona att utvecklas. Idag \u00e4r det ett omfattande, vackert och v\u00e4ldigt v\u00e4lsk\u00f6tt omr\u00e5de, en attraktion v\u00e4rd en egen utflykt. Totalt finns det i Sverige \u00f6ver 250 koloniomr\u00e5den, varav Stockholms stad ensam \u00e4ger ungef\u00e4r 80 stycken, inte bara innanf\u00f6r kommunens gr\u00e4nser utan \u00e4ven spridda i grannkommunerna. N\u00e5gra bes\u00f6kstips fr\u00e5n norr till s\u00f6der:<\/p>\n<ul>\n<li>Lule\u00e5 kolonitr\u00e4dg\u00e5rdsf\u00f6rening, Herts\u00e5 centrum.<\/li>\n<li>Kolonitr\u00e4dg\u00e5rdsf\u00f6reningen Falan, K\u00e5rarvet, Falun<\/li>\n<li>Kroppk\u00e4rrs kolonitr\u00e4dg\u00e5rdsf\u00f6rening, Karlstad<\/li>\n<li>Stora Mossens kolonitr\u00e4dg\u00e5rdsf\u00f6rening, Bromma, Stockholm<\/li>\n<li>Skarptorps kolonitr\u00e4dg\u00e5rdsf\u00f6rening, Norrk\u00f6ping<\/li>\n<li>V\u00e4ster\u00e4ngs kolonitr\u00e4dg\u00e5rdar, Mariestad<\/li>\n<li>Delsj\u00f6ns koloniomr\u00e5de, G\u00f6teborg<\/li>\n<li>Eklundshovs kolonitr\u00e4dg\u00e5rdsf\u00f6rening, J\u00f6nk\u00f6ping<\/li>\n<li>Halmstads kolonitr\u00e4dg\u00e5rdar<\/li>\n<li>Citadellets kolonif\u00f6rening, Landskrona<\/li>\n<\/ul>\n<p><a title=\"Odling mitt i storstan\" href=\"http:\/\/rosenholm.se\/?page_id=5698\">Tillbaka<\/a><\/p>\n","protected":false},"excerpt":{"rendered":"<p>Att promenera runt i koloniomr\u00e5den \u00e4r ett gratis n\u00f6je, tillg\u00e4ngligt f\u00f6r alla i n\u00e4stan hela landet.\u00a0 Till Sverige kom kolonir\u00f6relsen alldeles i slutet av 1800-talet fr\u00e5n Tyskland. Syftet var att&hellip; <\/p>\n","protected":false},"author":1,"featured_media":0,"parent":0,"menu_order":0,"comment_status":"closed","ping_status":"closed","template":"","meta":{"footnotes":""},"class_list":["post-5700","page","type-page","status-publish","hentry"],"_links":{"self":[{"href":"https:\/\/rosenholm.se\/index.php?rest_route=\/wp\/v2\/pages\/5700","targetHints":{"allow":["GET"]}}],"collection":[{"href":"https:\/\/rosenholm.se\/index.php?rest_route=\/wp\/v2\/pages"}],"about":[{"href":"https:\/\/rosenholm.se\/index.php?rest_route=\/wp\/v2\/types\/page"}],"author":[{"embeddable":true,"href":"https:\/\/rosenholm.se\/index.php?rest_route=\/wp\/v2\/users\/1"}],"replies":[{"embeddable":true,"href":"https:\/\/rosenholm.se\/index.php?rest_route=%2Fwp%2Fv2%2Fcomments&post=5700"}],"version-history":[{"count":5,"href":"https:\/\/rosenholm.se\/index.php?rest_route=\/wp\/v2\/pages\/5700\/revisions"}],"predecessor-version":[{"id":5777,"href":"https:\/\/rosenholm.se\/index.php?rest_route=\/wp\/v2\/pages\/5700\/revisions\/5777"}],"wp:attachment":[{"href":"https:\/\/rosenholm.se\/index.php?rest_route=%2Fwp%2Fv2%2Fmedia&parent=5700"}],"curies":[{"name":"wp","href":"https:\/\/api.w.org\/{rel}","templated":true}]}}