{"id":5619,"date":"2015-01-09T17:17:38","date_gmt":"2015-01-09T16:17:38","guid":{"rendered":"http:\/\/rosenholm.se\/?page_id=5619"},"modified":"2015-03-02T00:32:04","modified_gmt":"2015-03-01T23:32:04","slug":"tradgardens-soffor","status":"publish","type":"page","link":"https:\/\/rosenholm.se\/?page_id=5619","title":{"rendered":"Tr\u00e4dg\u00e5rdens soffor"},"content":{"rendered":"<p><strong>Visst \u00e4r de till f\u00f6r att sitta p\u00e5, men inte bara det. F\u00f6r det \u00e4r kanske inte ens deras viktigaste funktion, det \u00e4r som blickf\u00e5ng de betyder mest, tr\u00e4dg\u00e5rdens soffor. F\u00f6lj med p\u00e5 en tur runt Sverige och v\u00e4rlden, njut och inspireras av hur andra gjort.<\/strong><\/p>\n<p><em>Text och bild: Dan Rosenholm<\/em><\/p>\n<div id=\"attachment_5674\" style=\"width: 738px\" class=\"wp-caption alignnone\"><img loading=\"lazy\" decoding=\"async\" aria-describedby=\"caption-attachment-5674\" class=\"size-full wp-image-5674\" src=\"http:\/\/rosenholm.se\/wp-content\/uploads\/2015\/01\/D3X_8739.jpg\" alt=\"Buxbomen omsluter soffan likt en grotta p\u00e5 Powis Castle i Wales. Fullt g\u00f6rligt ocks\u00e5 i Sverige, men f\u00f6r att slippa v\u00e4nta i \u00e5rtionden \u00e4r idegran att f\u00f6redra. \u00c5 den andra sidan \u00e4r gl\u00e4djen att se hur det v\u00e4xer en av de saker som s\u00e4rskiljer inredning utomhus mot inne. En viss skicklighet med h\u00e4cksaxen beh\u00f6vs ocks\u00e5.\" width=\"728\" height=\"485\" srcset=\"https:\/\/rosenholm.se\/wp-content\/uploads\/2015\/01\/D3X_8739.jpg 728w, https:\/\/rosenholm.se\/wp-content\/uploads\/2015\/01\/D3X_8739-250x167.jpg 250w, https:\/\/rosenholm.se\/wp-content\/uploads\/2015\/01\/D3X_8739-350x233.jpg 350w, https:\/\/rosenholm.se\/wp-content\/uploads\/2015\/01\/D3X_8739-250x167@2x.jpg 500w, https:\/\/rosenholm.se\/wp-content\/uploads\/2015\/01\/D3X_8739-350x233@2x.jpg 700w\" sizes=\"auto, (max-width: 728px) 100vw, 728px\" \/><p id=\"caption-attachment-5674\" class=\"wp-caption-text\">Buxbomen omsluter soffan likt en grotta p\u00e5 Powis Castle i Wales. Fullt g\u00f6rligt ocks\u00e5 i Sverige, men f\u00f6r att slippa v\u00e4nta i \u00e5rtionden \u00e4r idegran att f\u00f6redra. \u00c5 den andra sidan \u00e4r gl\u00e4djen att se hur det v\u00e4xer en av de saker som s\u00e4rskiljer inredning utomhus mot inne. En viss skicklighet med h\u00e4cksaxen beh\u00f6vs ocks\u00e5.<\/p><\/div>\n<div id=\"attachment_5682\" style=\"width: 360px\" class=\"wp-caption alignleft\"><img loading=\"lazy\" decoding=\"async\" aria-describedby=\"caption-attachment-5682\" class=\"size-medium wp-image-5682\" src=\"http:\/\/rosenholm.se\/wp-content\/uploads\/2015\/01\/D3X_2679-350x467.jpg\" alt=\"Mjuka soffdynor \u00e4ven ute p\u00e5 tomten har blivit vanliga de senaste \u00e5ren. De finns att k\u00f6pa med vattenavvisande tyger som t\u00e5l en skur, som h\u00e4r p\u00e5 bilden fr\u00e5n stadsdelen Dearborn i Chicago. L\u00e5t f\u00f6rsoffningen n\u00e5 nya h\u00e4rliga bottenniv\u00e5er \u00e4ven utomhus.\" width=\"350\" height=\"467\" srcset=\"https:\/\/rosenholm.se\/wp-content\/uploads\/2015\/01\/D3X_2679-350x467.jpg 350w, https:\/\/rosenholm.se\/wp-content\/uploads\/2015\/01\/D3X_2679-188x250.jpg 188w, https:\/\/rosenholm.se\/wp-content\/uploads\/2015\/01\/D3X_2679.jpg 546w, https:\/\/rosenholm.se\/wp-content\/uploads\/2015\/01\/D3X_2679-188x250@2x.jpg 376w\" sizes=\"auto, (max-width: 350px) 100vw, 350px\" \/><p id=\"caption-attachment-5682\" class=\"wp-caption-text\">Mjuka soffdynor \u00e4ven ute p\u00e5 tomten har blivit vanliga de senaste \u00e5ren. De finns att k\u00f6pa med vattenavvisande tyger som t\u00e5l en skur, som h\u00e4r p\u00e5 bilden fr\u00e5n stadsdelen Dearborn i Chicago. L\u00e5t f\u00f6rsoffningen n\u00e5 nya h\u00e4rliga bottenniv\u00e5er \u00e4ven utomhus.<\/p><\/div>\n<p>N\u00e4r du kommer in i en tr\u00e4dg\u00e5rd kommer din blick att s\u00f6ka sig till n\u00e5got som \u00e4r mer framtr\u00e4dande \u00e4n det andra, en v\u00e4xt eller ett f\u00f6rem\u00e5l. Det hela g\u00e5r blixtsnabbt och \u00e4r inget man sj\u00e4lv egentligen kan best\u00e4mma \u00f6ver. Sk\u00e4let \u00e4r enkelt, vi m\u00e4nniskor \u00e4r byggda f\u00f6r att kvickt identifiera det v\u00e4sentligaste f\u00f6r att sedan skaffa \u00f6versikt och med tiden l\u00e4gga m\u00e4rke till mer subtila detaljer. Det \u00e4r b\u00e4st s\u00e5 f\u00f6r v\u00e5r s\u00e4kerhet, det \u00e4r nog den ursprungliga orsaken.<\/p>\n<div id=\"attachment_5680\" style=\"width: 360px\" class=\"wp-caption alignleft\"><img loading=\"lazy\" decoding=\"async\" aria-describedby=\"caption-attachment-5680\" class=\"size-medium wp-image-5680\" src=\"http:\/\/rosenholm.se\/wp-content\/uploads\/2015\/01\/MMFC3552-350x438.jpg\" alt=\"En variant av enkelhetens sk\u00f6nhet finns p\u00e5 Bastedalens Kinapark inte l\u00e5ngt fr\u00e5n V\u00e4tterns strand. Under tv\u00e5 katsuror kan man vila p\u00e5 en enkel tr\u00e4b\u00e4nk. G\u00e5r utm\u00e4rkt att g\u00f6ra hemma om man har naturtomt. Den r\u00f6da kinesiska bron i bakgrunden kan vara sv\u00e5rare att f\u00e5 till.\" width=\"350\" height=\"438\" srcset=\"https:\/\/rosenholm.se\/wp-content\/uploads\/2015\/01\/MMFC3552-350x438.jpg 350w, https:\/\/rosenholm.se\/wp-content\/uploads\/2015\/01\/MMFC3552-200x250.jpg 200w, https:\/\/rosenholm.se\/wp-content\/uploads\/2015\/01\/MMFC3552.jpg 582w, https:\/\/rosenholm.se\/wp-content\/uploads\/2015\/01\/MMFC3552-200x250@2x.jpg 400w\" sizes=\"auto, (max-width: 350px) 100vw, 350px\" \/><p id=\"caption-attachment-5680\" class=\"wp-caption-text\">En variant av enkelhetens sk\u00f6nhet finns p\u00e5 Bastedalens Kinapark inte l\u00e5ngt fr\u00e5n V\u00e4tterns strand. Under tv\u00e5 katsuror kan man vila p\u00e5 en enkel tr\u00e4b\u00e4nk. G\u00e5r utm\u00e4rkt att g\u00f6ra hemma om man har naturtomt. Den r\u00f6da kinesiska bron i bakgrunden kan vara sv\u00e5rare att f\u00e5 till.<\/p><\/div>\n<p>I tr\u00e4dg\u00e5rdssammanhang kallas det blickf\u00e5ng. Vad h\u00e4nder om det inte finns n\u00e5got som medvetet f\u00e5ngar blicken? Enkelt, det \u00e4r den kvargl\u00f6mda r\u00f6da hinken som \u00f6gat kommer att leta sig fram till. En inte alltf\u00f6r imponerande syn f\u00f6r bes\u00f6kare. B\u00e4ttre \u00e4r d\u00e5 att sj\u00e4lv v\u00e4lja ut vad blicken ska falla p\u00e5.<\/p>\n<p>Vad har det h\u00e4r med tr\u00e4dg\u00e5rdssoffor att g\u00f6ra, de \u00e4r v\u00e4l till f\u00f6r att sitta p\u00e5? Viss \u00e4r de det, men de \u00e4r minst lika viktiga som blickf\u00e5ng, inte minst f\u00f6r att de \u00e4r s\u00e5 pass stora och dominerande. Soffor och b\u00e4nkar har dessutom en rogivande f\u00f6rm\u00e5ga \u2013 ser de bekv\u00e4ma ut och st\u00e5r fridfullt vill man genast s\u00e4tta sig och vila.<\/p>\n<p>Ta chansen, f\u00f6lj med runt p\u00e5 en visning och l\u00e5t dig inspireras av hur andra gjort. Vi smygtittar in hemma hos privatpersoner och bes\u00f6kstr\u00e4dg\u00e5rdar i b\u00e5de n\u00e4r och fj\u00e4rran.<\/p>\n<div id=\"attachment_5663\" style=\"width: 738px\" class=\"wp-caption alignnone\"><img loading=\"lazy\" decoding=\"async\" aria-describedby=\"caption-attachment-5663\" class=\"size-full wp-image-5663\" src=\"http:\/\/rosenholm.se\/wp-content\/uploads\/2015\/01\/D3X_0831.jpg\" alt=\"Med ryggen mot en minst sagt prunkande rabatt \u00e4r den naturligt gr\u00e5nande soffan i h\u00e5rdtr\u00e4 placerad. Man k\u00e4nner sig som omsluten av perennernas sk\u00f6nhet. Vi befinner oss p\u00e5 Wollerton Old Hall Garden i det engelska grevskapet Shropshire.\" width=\"728\" height=\"445\" srcset=\"https:\/\/rosenholm.se\/wp-content\/uploads\/2015\/01\/D3X_0831.jpg 728w, https:\/\/rosenholm.se\/wp-content\/uploads\/2015\/01\/D3X_0831-250x153.jpg 250w, https:\/\/rosenholm.se\/wp-content\/uploads\/2015\/01\/D3X_0831-350x214.jpg 350w, https:\/\/rosenholm.se\/wp-content\/uploads\/2015\/01\/D3X_0831-250x153@2x.jpg 500w, https:\/\/rosenholm.se\/wp-content\/uploads\/2015\/01\/D3X_0831-350x214@2x.jpg 700w\" sizes=\"auto, (max-width: 728px) 100vw, 728px\" \/><p id=\"caption-attachment-5663\" class=\"wp-caption-text\">Med ryggen mot en minst sagt prunkande rabatt \u00e4r den naturligt gr\u00e5nande soffan i h\u00e5rdtr\u00e4 placerad. Man k\u00e4nner sig som omsluten av perennernas sk\u00f6nhet. Vi befinner oss p\u00e5 Wollerton Old Hall Garden i det engelska grevskapet Shropshire.<\/p><\/div>\n<div id=\"attachment_5679\" style=\"width: 710px\" class=\"wp-caption alignnone\"><img loading=\"lazy\" decoding=\"async\" aria-describedby=\"caption-attachment-5679\" class=\"size-large wp-image-5679\" src=\"http:\/\/rosenholm.se\/wp-content\/uploads\/2015\/01\/D3X_8636-728x445.jpg\" alt=\"En enkel tr\u00e4b\u00e4nk kan i r\u00e4tt sammanhang vara helt sl\u00e5ende. Vi befinner oss hemma hos det m\u00e4sterliga paret Ingemo och Per Gylling mellan Landskrona och Helsingborg. Svartbambun bakom b\u00e4nken har d\u00f6tt efter blomning, bambu g\u00f6r p\u00e5 det viset, men \u00e4r lika dekorativ f\u00f6r det. Barrv\u00e4xten invid \u00e4r en solfj\u00e4derstall, Sciadopitys verticillata.\" width=\"700\" height=\"428\" srcset=\"https:\/\/rosenholm.se\/wp-content\/uploads\/2015\/01\/D3X_8636.jpg 728w, https:\/\/rosenholm.se\/wp-content\/uploads\/2015\/01\/D3X_8636-250x153.jpg 250w, https:\/\/rosenholm.se\/wp-content\/uploads\/2015\/01\/D3X_8636-350x214.jpg 350w, https:\/\/rosenholm.se\/wp-content\/uploads\/2015\/01\/D3X_8636-250x153@2x.jpg 500w, https:\/\/rosenholm.se\/wp-content\/uploads\/2015\/01\/D3X_8636-350x214@2x.jpg 700w\" sizes=\"auto, (max-width: 700px) 100vw, 700px\" \/><p id=\"caption-attachment-5679\" class=\"wp-caption-text\">En enkel tr\u00e4b\u00e4nk kan i r\u00e4tt sammanhang vara helt sl\u00e5ende. Vi befinner oss hemma hos det m\u00e4sterliga paret <a title=\"Tr\u00e4dg\u00e5rdsdesign \u2013 som Gyllings g\u00f6r\" href=\"http:\/\/rosenholm.se\/?page_id=3387\">Ingemo och Per Gylling<\/a> mellan Landskrona och Helsingborg. Svartbambun bakom b\u00e4nken har d\u00f6tt efter blomning, bambu g\u00f6r p\u00e5 det viset, men \u00e4r lika dekorativ f\u00f6r det. Barrv\u00e4xten invid \u00e4r en solfj\u00e4derstall, Sciadopitys verticillata.<\/p><\/div>\n<div id=\"attachment_5678\" style=\"width: 710px\" class=\"wp-caption alignnone\"><img loading=\"lazy\" decoding=\"async\" aria-describedby=\"caption-attachment-5678\" class=\"size-large wp-image-5678\" src=\"http:\/\/rosenholm.se\/wp-content\/uploads\/2015\/01\/D3X_7560-728x445.jpg\" alt=\"Den japanska k\u00e4rleksb\u00e4nken finns vid galleriet Gamla bryggeriet i Smedstorp p\u00e5 \u00d6sterlen. Per Baker, som bor d\u00e4r tillsammans med Margareta, \u00e4r konstsmed och har svetsat ihop den av vackert rostande j\u00e4rn.\" width=\"700\" height=\"428\" srcset=\"https:\/\/rosenholm.se\/wp-content\/uploads\/2015\/01\/D3X_7560.jpg 728w, https:\/\/rosenholm.se\/wp-content\/uploads\/2015\/01\/D3X_7560-250x153.jpg 250w, https:\/\/rosenholm.se\/wp-content\/uploads\/2015\/01\/D3X_7560-350x214.jpg 350w, https:\/\/rosenholm.se\/wp-content\/uploads\/2015\/01\/D3X_7560-250x153@2x.jpg 500w, https:\/\/rosenholm.se\/wp-content\/uploads\/2015\/01\/D3X_7560-350x214@2x.jpg 700w\" sizes=\"auto, (max-width: 700px) 100vw, 700px\" \/><p id=\"caption-attachment-5678\" class=\"wp-caption-text\">Den japanska k\u00e4rleksb\u00e4nken finns vid galleriet Gamla bryggeriet i Smedstorp p\u00e5 \u00d6sterlen. Per Baker, som bor d\u00e4r tillsammans med Margareta, \u00e4r konstsmed och har svetsat ihop den av vackert rostande j\u00e4rn.<\/p><\/div>\n<div id=\"attachment_5667\" style=\"width: 738px\" class=\"wp-caption alignnone\"><img loading=\"lazy\" decoding=\"async\" aria-describedby=\"caption-attachment-5667\" class=\"size-full wp-image-5667\" src=\"http:\/\/rosenholm.se\/wp-content\/uploads\/2015\/01\/D2X_3280.jpg\" alt=\"I kanten av skogen placerade Maud Persson i H\u00e4lsingland en av tr\u00e4dg\u00e5rdens b\u00e4nkar med utsikt \u00f6ver prunkande funkior, kl\u00e4ttrande klematis och graci\u00f6s bergbambu. Till ryggst\u00f6d fl\u00e4tad pil.\" width=\"728\" height=\"445\" srcset=\"https:\/\/rosenholm.se\/wp-content\/uploads\/2015\/01\/D2X_3280.jpg 728w, https:\/\/rosenholm.se\/wp-content\/uploads\/2015\/01\/D2X_3280-250x153.jpg 250w, https:\/\/rosenholm.se\/wp-content\/uploads\/2015\/01\/D2X_3280-350x214.jpg 350w, https:\/\/rosenholm.se\/wp-content\/uploads\/2015\/01\/D2X_3280-250x153@2x.jpg 500w, https:\/\/rosenholm.se\/wp-content\/uploads\/2015\/01\/D2X_3280-350x214@2x.jpg 700w\" sizes=\"auto, (max-width: 728px) 100vw, 728px\" \/><p id=\"caption-attachment-5667\" class=\"wp-caption-text\">I kanten av skogen placerade Maud Persson i H\u00e4lsingland en av tr\u00e4dg\u00e5rdens b\u00e4nkar med utsikt \u00f6ver prunkande funkior, kl\u00e4ttrande klematis och graci\u00f6s bergbambu. Till ryggst\u00f6d fl\u00e4tad pil.<\/p><\/div>\n<div id=\"attachment_5684\" style=\"width: 738px\" class=\"wp-caption alignnone\"><img loading=\"lazy\" decoding=\"async\" aria-describedby=\"caption-attachment-5684\" class=\"size-full wp-image-5684\" src=\"http:\/\/rosenholm.se\/wp-content\/uploads\/2015\/01\/D3X_7307.jpg\" alt=\"Med utsikt \u00f6ver den vackra bergh\u00e4llen av rapakivigranit har Carita Holm\u00e9n, som bor p\u00e5 en liten \u00f6 i \u00e5l\u00e4ndska sk\u00e4rg\u00e5rden, placerat ut en rej\u00e4l gjuten b\u00e4nk. En plats f\u00f6r frid i sinnet.\" width=\"728\" height=\"445\" srcset=\"https:\/\/rosenholm.se\/wp-content\/uploads\/2015\/01\/D3X_7307.jpg 728w, https:\/\/rosenholm.se\/wp-content\/uploads\/2015\/01\/D3X_7307-250x153.jpg 250w, https:\/\/rosenholm.se\/wp-content\/uploads\/2015\/01\/D3X_7307-350x214.jpg 350w, https:\/\/rosenholm.se\/wp-content\/uploads\/2015\/01\/D3X_7307-250x153@2x.jpg 500w, https:\/\/rosenholm.se\/wp-content\/uploads\/2015\/01\/D3X_7307-350x214@2x.jpg 700w\" sizes=\"auto, (max-width: 728px) 100vw, 728px\" \/><p id=\"caption-attachment-5684\" class=\"wp-caption-text\">Med utsikt \u00f6ver den vackra bergh\u00e4llen av rapakivigranit har Carita Holm\u00e9n, som bor p\u00e5 en liten \u00f6 i \u00e5l\u00e4ndska sk\u00e4rg\u00e5rden, placerat ut en rej\u00e4l gjuten b\u00e4nk. En plats f\u00f6r frid i sinnet.<\/p><\/div>\n<div id=\"attachment_5687\" style=\"width: 710px\" class=\"wp-caption alignnone\"><img loading=\"lazy\" decoding=\"async\" aria-describedby=\"caption-attachment-5687\" class=\"size-large wp-image-5687\" src=\"http:\/\/rosenholm.se\/wp-content\/uploads\/2015\/01\/D2X_6027-728x445.jpg\" alt=\"En enkel b\u00e4nk med ryggen mot ett best\u00e5nd av elefantmiskantus och utsikt \u00f6ver en damm \u00e4r exotiskt s\u00e5 det r\u00e4cker. Bild fr\u00e5n Mien Ruys tr\u00e4dg\u00e5rd i Holland. Fullt g\u00f6rligt i Sverige.\" width=\"700\" height=\"428\" srcset=\"https:\/\/rosenholm.se\/wp-content\/uploads\/2015\/01\/D2X_6027.jpg 728w, https:\/\/rosenholm.se\/wp-content\/uploads\/2015\/01\/D2X_6027-250x153.jpg 250w, https:\/\/rosenholm.se\/wp-content\/uploads\/2015\/01\/D2X_6027-350x214.jpg 350w, https:\/\/rosenholm.se\/wp-content\/uploads\/2015\/01\/D2X_6027-250x153@2x.jpg 500w, https:\/\/rosenholm.se\/wp-content\/uploads\/2015\/01\/D2X_6027-350x214@2x.jpg 700w\" sizes=\"auto, (max-width: 700px) 100vw, 700px\" \/><p id=\"caption-attachment-5687\" class=\"wp-caption-text\">En enkel b\u00e4nk med ryggen mot ett best\u00e5nd av elefantmiskantus och utsikt \u00f6ver en damm \u00e4r exotiskt s\u00e5 det r\u00e4cker. Bild fr\u00e5n Mien Ruys tr\u00e4dg\u00e5rd i Holland. Fullt g\u00f6rligt i Sverige.<\/p><\/div>\n<div id=\"attachment_5688\" style=\"width: 738px\" class=\"wp-caption alignnone\"><img loading=\"lazy\" decoding=\"async\" aria-describedby=\"caption-attachment-5688\" class=\"size-full wp-image-5688\" src=\"http:\/\/rosenholm.se\/wp-content\/uploads\/2015\/01\/D2X_7019.jpg\" alt=\"Den sk\u00f6na k\u00e4nslan av att befinna sig i en park i miniatyr p\u00e5 en vanlig villatomt f\u00e5r man hemma hos familjen Walder\u00f6 i Kungs\u00e4ngen. Bakom st\u00e5r en h\u00e4nkaragan knotig av \u00e5lder. Purpurapeln blommar i r\u00f6tt, tujan st\u00e5r f\u00f6r den gula f\u00e4rgen.\" width=\"728\" height=\"445\" srcset=\"https:\/\/rosenholm.se\/wp-content\/uploads\/2015\/01\/D2X_7019.jpg 728w, https:\/\/rosenholm.se\/wp-content\/uploads\/2015\/01\/D2X_7019-250x153.jpg 250w, https:\/\/rosenholm.se\/wp-content\/uploads\/2015\/01\/D2X_7019-350x214.jpg 350w, https:\/\/rosenholm.se\/wp-content\/uploads\/2015\/01\/D2X_7019-250x153@2x.jpg 500w, https:\/\/rosenholm.se\/wp-content\/uploads\/2015\/01\/D2X_7019-350x214@2x.jpg 700w\" sizes=\"auto, (max-width: 728px) 100vw, 728px\" \/><p id=\"caption-attachment-5688\" class=\"wp-caption-text\">Den sk\u00f6na k\u00e4nslan av att befinna sig i en park i miniatyr p\u00e5 en vanlig villatomt f\u00e5r man hemma hos familjen Walder\u00f6 i Kungs\u00e4ngen. Bakom st\u00e5r en h\u00e4nkaragan knotig av \u00e5lder. Purpurapeln blommar i r\u00f6tt, tujan st\u00e5r f\u00f6r den gula f\u00e4rgen.<\/p><\/div>\n<div id=\"attachment_5671\" style=\"width: 710px\" class=\"wp-caption alignnone\"><img loading=\"lazy\" decoding=\"async\" aria-describedby=\"caption-attachment-5671\" class=\"size-large wp-image-5671\" src=\"http:\/\/rosenholm.se\/wp-content\/uploads\/2015\/01\/DSC01180-728x445.jpg\" alt=\"P\u00e5 en b\u00e4nk murad med tegel n\u00f6tt av tidens tand kan man sitta p\u00e5 Babbling Brook Inn i Santa Cruz, Kalifornien. Buxbom fungerar som f\u00f6rh\u00f6jning av ryggst\u00f6det. Konstruktionen fungerar lika bra h\u00e4r hemma i Sverige som p\u00e5 USAs v\u00e4stkust. F\u00f6r att undvika frostpr\u00e4ngning b\u00f6r teglet inte vara genombl\u00f6tt n\u00e4r vintern kommer.\" width=\"700\" height=\"428\" srcset=\"https:\/\/rosenholm.se\/wp-content\/uploads\/2015\/01\/DSC01180.jpg 728w, https:\/\/rosenholm.se\/wp-content\/uploads\/2015\/01\/DSC01180-250x153.jpg 250w, https:\/\/rosenholm.se\/wp-content\/uploads\/2015\/01\/DSC01180-350x214.jpg 350w, https:\/\/rosenholm.se\/wp-content\/uploads\/2015\/01\/DSC01180-250x153@2x.jpg 500w, https:\/\/rosenholm.se\/wp-content\/uploads\/2015\/01\/DSC01180-350x214@2x.jpg 700w\" sizes=\"auto, (max-width: 700px) 100vw, 700px\" \/><p id=\"caption-attachment-5671\" class=\"wp-caption-text\">P\u00e5 en b\u00e4nk murad med tegel n\u00f6tt av tidens tand kan man sitta p\u00e5 Babbling Brook Inn i Santa Cruz, Kalifornien. Buxbom fungerar som f\u00f6rh\u00f6jning av ryggst\u00f6det. Konstruktionen fungerar lika bra h\u00e4r hemma i Sverige som p\u00e5 USAs v\u00e4stkust. F\u00f6r att undvika frostpr\u00e4ngning b\u00f6r teglet inte vara genombl\u00f6tt n\u00e4r vintern kommer.<\/p><\/div>\n<div id=\"attachment_5673\" style=\"width: 710px\" class=\"wp-caption alignnone\"><img loading=\"lazy\" decoding=\"async\" aria-describedby=\"caption-attachment-5673\" class=\"size-large wp-image-5673\" src=\"http:\/\/rosenholm.se\/wp-content\/uploads\/2015\/01\/L1080051-728x445.jpg\" alt=\"Stenb\u00e4nkar \u00e4r vansinnigt snygga i all sin enkelhet och dessutom n\u00e4stan helt underh\u00e5llsfria. B\u00f6r dock nyttjas utan sittunderlag endast d\u00e5 det \u00e4r varmt ute f\u00f6r att slippa bli kall om stj\u00e4rten. P\u00e5 Billb\u00e4cks plantskola utanf\u00f6r Norrk\u00f6ping finns det h\u00e4r arrangemanget.\" width=\"700\" height=\"428\" srcset=\"https:\/\/rosenholm.se\/wp-content\/uploads\/2015\/01\/L1080051.jpg 728w, https:\/\/rosenholm.se\/wp-content\/uploads\/2015\/01\/L1080051-250x153.jpg 250w, https:\/\/rosenholm.se\/wp-content\/uploads\/2015\/01\/L1080051-350x214.jpg 350w, https:\/\/rosenholm.se\/wp-content\/uploads\/2015\/01\/L1080051-250x153@2x.jpg 500w, https:\/\/rosenholm.se\/wp-content\/uploads\/2015\/01\/L1080051-350x214@2x.jpg 700w\" sizes=\"auto, (max-width: 700px) 100vw, 700px\" \/><p id=\"caption-attachment-5673\" class=\"wp-caption-text\">Stenb\u00e4nkar \u00e4r vansinnigt snygga i all sin enkelhet och dessutom n\u00e4stan helt underh\u00e5llsfria. B\u00f6r dock nyttjas utan sittunderlag endast d\u00e5 det \u00e4r varmt ute f\u00f6r att slippa bli kall om stj\u00e4rten. P\u00e5 Billb\u00e4cks plantskola utanf\u00f6r Norrk\u00f6ping finns det h\u00e4r arrangemanget.<\/p><\/div>\n<div id=\"attachment_5692\" style=\"width: 710px\" class=\"wp-caption alignnone\"><img loading=\"lazy\" decoding=\"async\" aria-describedby=\"caption-attachment-5692\" class=\"size-large wp-image-5692\" src=\"http:\/\/rosenholm.se\/wp-content\/uploads\/2015\/01\/D2X_9585-728x445.jpg\" alt=\"East Wind kallade Koji Ninomiya den japanska tr\u00e4dg\u00e5rd anpassad f\u00f6r europeiska f\u00f6rh\u00e5llanden som han skapade f\u00f6r Chelsea Flower Show 2007. \u00c4ven soffan k\u00e4nnetecknas av japansk enkelhet.\" width=\"700\" height=\"428\" srcset=\"https:\/\/rosenholm.se\/wp-content\/uploads\/2015\/01\/D2X_9585.jpg 728w, https:\/\/rosenholm.se\/wp-content\/uploads\/2015\/01\/D2X_9585-250x153.jpg 250w, https:\/\/rosenholm.se\/wp-content\/uploads\/2015\/01\/D2X_9585-350x214.jpg 350w, https:\/\/rosenholm.se\/wp-content\/uploads\/2015\/01\/D2X_9585-250x153@2x.jpg 500w, https:\/\/rosenholm.se\/wp-content\/uploads\/2015\/01\/D2X_9585-350x214@2x.jpg 700w\" sizes=\"auto, (max-width: 700px) 100vw, 700px\" \/><p id=\"caption-attachment-5692\" class=\"wp-caption-text\">East Wind kallade Koji Ninomiya den japanska tr\u00e4dg\u00e5rd anpassad f\u00f6r europeiska f\u00f6rh\u00e5llanden som han skapade f\u00f6r Chelsea Flower Show 2007. \u00c4ven soffan k\u00e4nnetecknas av japansk enkelhet.<\/p><\/div>\n<div id=\"attachment_5689\" style=\"width: 710px\" class=\"wp-caption alignnone\"><img loading=\"lazy\" decoding=\"async\" aria-describedby=\"caption-attachment-5689\" class=\"size-large wp-image-5689\" src=\"http:\/\/rosenholm.se\/wp-content\/uploads\/2015\/01\/D2X_7936-728x445.jpg\" alt=\"Grekland kallar Kenneth Hallberg och Claes Johansson i norra Sk\u00e5ne den del av sin tr\u00e4dg\u00e5rd d\u00e4r man hittar det h\u00e4r arrangemanget. \u00c4r soffan av sten? Nej, det \u00e4r \u00f6verbliven teaterrkvisita av plast som knappt v\u00e4ger n\u00e5gonting och egentligen inte \u00e4r till f\u00f6r att sitta p\u00e5. Men det g\u00f6r inget f\u00f6r l\u00e4ckert \u00e4r det \u00e4nd\u00e5.\" width=\"700\" height=\"428\" srcset=\"https:\/\/rosenholm.se\/wp-content\/uploads\/2015\/01\/D2X_7936.jpg 728w, https:\/\/rosenholm.se\/wp-content\/uploads\/2015\/01\/D2X_7936-250x153.jpg 250w, https:\/\/rosenholm.se\/wp-content\/uploads\/2015\/01\/D2X_7936-350x214.jpg 350w, https:\/\/rosenholm.se\/wp-content\/uploads\/2015\/01\/D2X_7936-250x153@2x.jpg 500w, https:\/\/rosenholm.se\/wp-content\/uploads\/2015\/01\/D2X_7936-350x214@2x.jpg 700w\" sizes=\"auto, (max-width: 700px) 100vw, 700px\" \/><p id=\"caption-attachment-5689\" class=\"wp-caption-text\">Grekland kallar Kenneth Hallberg och Claes Johansson i norra Sk\u00e5ne den del av sin tr\u00e4dg\u00e5rd d\u00e4r man hittar det h\u00e4r arrangemanget. \u00c4r soffan av sten? Nej, det \u00e4r \u00f6verbliven teaterrkvisita av plast som knappt v\u00e4ger n\u00e5gonting och egentligen inte \u00e4r till f\u00f6r att sitta p\u00e5. Men det g\u00f6r inget f\u00f6r l\u00e4ckert \u00e4r det \u00e4nd\u00e5.<\/p><\/div>\n<div id=\"attachment_5664\" style=\"width: 710px\" class=\"wp-caption alignnone\"><img loading=\"lazy\" decoding=\"async\" aria-describedby=\"caption-attachment-5664\" class=\"size-large wp-image-5664\" src=\"http:\/\/rosenholm.se\/wp-content\/uploads\/2015\/01\/D3X_3937-728x445.jpg\" alt=\"Hemma hos Agneta Sj\u00f6stedt i Sollentuna ser man fr\u00e5n soffan ut \u00f6ver perennrabatten d\u00e4r m\u00f6rk stj\u00e4rnhyacint 'Caerulea och purpurl\u00f6k 'Purple Sensation' blommar. Tr\u00e4dg\u00e5rden \u00e4r utformad av den svenske superk\u00e4ndisen Ulf Nordfjell.\" width=\"700\" height=\"428\" srcset=\"https:\/\/rosenholm.se\/wp-content\/uploads\/2015\/01\/D3X_3937.jpg 728w, https:\/\/rosenholm.se\/wp-content\/uploads\/2015\/01\/D3X_3937-250x153.jpg 250w, https:\/\/rosenholm.se\/wp-content\/uploads\/2015\/01\/D3X_3937-350x214.jpg 350w, https:\/\/rosenholm.se\/wp-content\/uploads\/2015\/01\/D3X_3937-250x153@2x.jpg 500w, https:\/\/rosenholm.se\/wp-content\/uploads\/2015\/01\/D3X_3937-350x214@2x.jpg 700w\" sizes=\"auto, (max-width: 700px) 100vw, 700px\" \/><p id=\"caption-attachment-5664\" class=\"wp-caption-text\">Hemma hos Agneta Sj\u00f6stedt i Sollentuna ser man fr\u00e5n soffan ut \u00f6ver perennrabatten d\u00e4r m\u00f6rk stj\u00e4rnhyacint &#8217;Caerulea och purpurl\u00f6k &#8217;Purple Sensation&#8217; blommar. Tr\u00e4dg\u00e5rden \u00e4r utformad av den svenske superk\u00e4ndisen Ulf Nordfjell.<\/p><\/div>\n<div id=\"attachment_5691\" style=\"width: 710px\" class=\"wp-caption alignnone\"><img loading=\"lazy\" decoding=\"async\" aria-describedby=\"caption-attachment-5691\" class=\"size-large wp-image-5691\" src=\"http:\/\/rosenholm.se\/wp-content\/uploads\/2015\/01\/D2X_4160-728x445.jpg\" alt=\"En del soffor \u00e4r till f\u00f6r att sitta p\u00e5, andra f\u00f6r att titta p\u00e5. Till den senare kategorin h\u00f6r den h\u00e4r varianten i rostigt j\u00e4rn. Som prydnad fungerar den v\u00e4l, rostbrunt \u00e4r en idealisk tr\u00e4dg\u00e5rdsf\u00e4rg som inger lugn och ro. Bild fr\u00e5n Jan Boomkamp visningstr\u00e4dg\u00e5rd i Holland.\" width=\"700\" height=\"428\" srcset=\"https:\/\/rosenholm.se\/wp-content\/uploads\/2015\/01\/D2X_4160.jpg 728w, https:\/\/rosenholm.se\/wp-content\/uploads\/2015\/01\/D2X_4160-250x153.jpg 250w, https:\/\/rosenholm.se\/wp-content\/uploads\/2015\/01\/D2X_4160-350x214.jpg 350w, https:\/\/rosenholm.se\/wp-content\/uploads\/2015\/01\/D2X_4160-250x153@2x.jpg 500w, https:\/\/rosenholm.se\/wp-content\/uploads\/2015\/01\/D2X_4160-350x214@2x.jpg 700w\" sizes=\"auto, (max-width: 700px) 100vw, 700px\" \/><p id=\"caption-attachment-5691\" class=\"wp-caption-text\">En del soffor \u00e4r till f\u00f6r att sitta p\u00e5, andra f\u00f6r att titta p\u00e5. Till den senare kategorin h\u00f6r den h\u00e4r varianten i rostigt j\u00e4rn. Som prydnad fungerar den v\u00e4l, rostbrunt \u00e4r en idealisk tr\u00e4dg\u00e5rdsf\u00e4rg som inger lugn och ro. Bild fr\u00e5n Jan Boomkamp visningstr\u00e4dg\u00e5rd i Holland.<\/p><\/div>\n","protected":false},"excerpt":{"rendered":"<p>Visst \u00e4r de till f\u00f6r att sitta p\u00e5, men inte bara det. F\u00f6r det \u00e4r kanske inte ens deras viktigaste funktion, det \u00e4r som blickf\u00e5ng de betyder mest, tr\u00e4dg\u00e5rdens soffor.&hellip; <\/p>\n","protected":false},"author":1,"featured_media":0,"parent":0,"menu_order":0,"comment_status":"closed","ping_status":"closed","template":"","meta":{"footnotes":""},"class_list":["post-5619","page","type-page","status-publish","hentry"],"_links":{"self":[{"href":"https:\/\/rosenholm.se\/index.php?rest_route=\/wp\/v2\/pages\/5619","targetHints":{"allow":["GET"]}}],"collection":[{"href":"https:\/\/rosenholm.se\/index.php?rest_route=\/wp\/v2\/pages"}],"about":[{"href":"https:\/\/rosenholm.se\/index.php?rest_route=\/wp\/v2\/types\/page"}],"author":[{"embeddable":true,"href":"https:\/\/rosenholm.se\/index.php?rest_route=\/wp\/v2\/users\/1"}],"replies":[{"embeddable":true,"href":"https:\/\/rosenholm.se\/index.php?rest_route=%2Fwp%2Fv2%2Fcomments&post=5619"}],"version-history":[{"count":20,"href":"https:\/\/rosenholm.se\/index.php?rest_route=\/wp\/v2\/pages\/5619\/revisions"}],"predecessor-version":[{"id":6953,"href":"https:\/\/rosenholm.se\/index.php?rest_route=\/wp\/v2\/pages\/5619\/revisions\/6953"}],"wp:attachment":[{"href":"https:\/\/rosenholm.se\/index.php?rest_route=%2Fwp%2Fv2%2Fmedia&parent=5619"}],"curies":[{"name":"wp","href":"https:\/\/api.w.org\/{rel}","templated":true}]}}