{"id":5615,"date":"2015-01-10T22:24:37","date_gmt":"2015-01-10T21:24:37","guid":{"rendered":"http:\/\/rosenholm.se\/?page_id=5615"},"modified":"2015-01-10T22:24:37","modified_gmt":"2015-01-10T21:24:37","slug":"anna-lisa-och-thomas-sju-basta-tips-for-uterum","status":"publish","type":"page","link":"https:\/\/rosenholm.se\/?page_id=5615","title":{"rendered":"Anna-Lisa och Thomas sju b\u00e4sta tips f\u00f6r uterum"},"content":{"rendered":"<ul>\n<li>Sn\u00e5la inte med utrymme, det \u00e4r inte bara trevligt med stor plats, man kan bjuda hem massor av m\u00e4nniskor samtidigt.<\/li>\n<li>Det f\u00e5r inte vara f\u00f6r varmt f\u00f6r v\u00e4xterna p\u00e5 vintern. Under den m\u00f6rka \u00e5rstiden m\u00e5r de flesta bra av en temperatur mellan 5\u201310 grader.<\/li>\n<li>V\u00e4lisolerat tak och riktiga treglasf\u00f6nster h\u00e5ller ner uppv\u00e4rmningskostnaderna och g\u00f6r att uterummet g\u00e5r att anv\u00e4nda redan under v\u00e5rvintern.<\/li>\n<li>L\u00e5t kraftfulla v\u00e4xter st\u00e5 i stora k\u00e4rl eller direkt i marken med gott om plats f\u00f6r r\u00f6tterna.<\/li>\n<li>Upph\u00f6jda l\u00e5dor och h\u00f6ga krukor \u00e4r bra f\u00f6r ryggen.<\/li>\n<li>En bekv\u00e4m h\u00f6rna d\u00e4r man kan slumra \u00e4r aldrig fel.<\/li>\n<li>F\u00f6r att skapa den r\u00e4tta k\u00e4nslan \u00e4r det viktigt med en trevlig tr\u00e4dg\u00e5rd utanf\u00f6r.<\/li>\n<\/ul>\n<p><a title=\"Vintertr\u00e4dg\u00e5rd \u2013 ist\u00e4llet f\u00f6r torp\" href=\"http:\/\/rosenholm.se\/?page_id=5613\">Tillbaka<\/a><\/p>\n","protected":false},"excerpt":{"rendered":"<p>Sn\u00e5la inte med utrymme, det \u00e4r inte bara trevligt med stor plats, man kan bjuda hem massor av m\u00e4nniskor samtidigt. Det f\u00e5r inte vara f\u00f6r varmt f\u00f6r v\u00e4xterna p\u00e5 vintern.&hellip; <\/p>\n","protected":false},"author":1,"featured_media":0,"parent":0,"menu_order":0,"comment_status":"closed","ping_status":"closed","template":"","meta":{"footnotes":""},"class_list":["post-5615","page","type-page","status-publish","hentry"],"_links":{"self":[{"href":"https:\/\/rosenholm.se\/index.php?rest_route=\/wp\/v2\/pages\/5615","targetHints":{"allow":["GET"]}}],"collection":[{"href":"https:\/\/rosenholm.se\/index.php?rest_route=\/wp\/v2\/pages"}],"about":[{"href":"https:\/\/rosenholm.se\/index.php?rest_route=\/wp\/v2\/types\/page"}],"author":[{"embeddable":true,"href":"https:\/\/rosenholm.se\/index.php?rest_route=\/wp\/v2\/users\/1"}],"replies":[{"embeddable":true,"href":"https:\/\/rosenholm.se\/index.php?rest_route=%2Fwp%2Fv2%2Fcomments&post=5615"}],"version-history":[{"count":2,"href":"https:\/\/rosenholm.se\/index.php?rest_route=\/wp\/v2\/pages\/5615\/revisions"}],"predecessor-version":[{"id":5830,"href":"https:\/\/rosenholm.se\/index.php?rest_route=\/wp\/v2\/pages\/5615\/revisions\/5830"}],"wp:attachment":[{"href":"https:\/\/rosenholm.se\/index.php?rest_route=%2Fwp%2Fv2%2Fmedia&parent=5615"}],"curies":[{"name":"wp","href":"https:\/\/api.w.org\/{rel}","templated":true}]}}