{"id":5101,"date":"2014-12-09T23:03:42","date_gmt":"2014-12-09T22:03:42","guid":{"rendered":"http:\/\/rosenholm.se\/?page_id=5101"},"modified":"2015-01-07T19:29:36","modified_gmt":"2015-01-07T18:29:36","slug":"lat-renassans-och-barock-satta-tonen","status":"publish","type":"page","link":"https:\/\/rosenholm.se\/?page_id=5101","title":{"rendered":"L\u00e5t ren\u00e4ssans och barock s\u00e4tta tonen"},"content":{"rendered":"<p><strong>Ren\u00e4ssansen och barocken har i m\u00e5ngt och mycket st\u00e5tt f\u00f6rebild f\u00f6r v\u00e5ra nutida tr\u00e4dg\u00e5rdsideal. Det numera s\u00e5 popul\u00e4ra greppet att dela in tr\u00e4dg\u00e5rden i rum anv\u00e4ndes till exempel redan under ren\u00e4ssansen, i 1500-talets storslagna italienska tr\u00e4dg\u00e5rdar, vars ideal spred sig vidare \u00f6ver Europa.<\/strong><\/p>\n<p><em>Text: Ann-Christin\u00a0och Dan Rosenholm<\/em><br \/>\n<em> Bild: Dan Rosenholm<\/em><\/p>\n<p>Rosenportaler, buxbomskvarter med lavendel, tr\u00e4dg\u00e5rdsdammar, pergolag\u00e5ngar, djupskapande perspektiv och fin kontakt mellan inne och ute som st\u00e5r h\u00f6gt p\u00e5 m\u00e5ngas \u00f6nskelista idag var man m\u00e4stare p\u00e5 under 1500- och 1600-talet. Tr\u00e4dg\u00e5rdarna var visserligen en hel del st\u00f6rre \u00e4n dagens svenska tomter, men principerna f\u00f6r hur man skapar det man vill uppn\u00e5 \u00e4r desamma.<\/p>\n<div id=\"attachment_5106\" style=\"width: 738px\" class=\"wp-caption alignnone\"><img loading=\"lazy\" decoding=\"async\" aria-describedby=\"caption-attachment-5106\" class=\"size-full wp-image-5106\" src=\"http:\/\/rosenholm.se\/wp-content\/uploads\/2014\/12\/D2X_3835.jpg\" alt=\"K\u00e4nnetecknande f\u00f6r m\u00e5nga klassiska italienska tr\u00e4dg\u00e5rdar \u00e4r branta terrasserade tomter och utsikter som samspelar med omgivningen och skapar dramatik. Och \u00e4ven om det inte \u00e4r lika vackert som h\u00e4r p\u00e5 Isola Bella kan sk\u00f6nheten hos kuperade tr\u00e4dg\u00e5rdar \u00f6ka med hj\u00e4lp av skapa terrasser och genom att f\u00f6rst\u00e4rka effekten av de utsikter som finns.\" width=\"728\" height=\"445\" srcset=\"https:\/\/rosenholm.se\/wp-content\/uploads\/2014\/12\/D2X_3835.jpg 728w, https:\/\/rosenholm.se\/wp-content\/uploads\/2014\/12\/D2X_3835-250x152.jpg 250w, https:\/\/rosenholm.se\/wp-content\/uploads\/2014\/12\/D2X_3835-320x195.jpg 320w, https:\/\/rosenholm.se\/wp-content\/uploads\/2014\/12\/D2X_3835-350x213.jpg 350w, https:\/\/rosenholm.se\/wp-content\/uploads\/2014\/12\/D2X_3835-250x152@2x.jpg 500w, https:\/\/rosenholm.se\/wp-content\/uploads\/2014\/12\/D2X_3835-320x195@2x.jpg 640w, https:\/\/rosenholm.se\/wp-content\/uploads\/2014\/12\/D2X_3835-350x213@2x.jpg 700w\" sizes=\"auto, (max-width: 728px) 100vw, 728px\" \/><p id=\"caption-attachment-5106\" class=\"wp-caption-text\">K\u00e4nnetecknande f\u00f6r m\u00e5nga klassiska italienska tr\u00e4dg\u00e5rdar \u00e4r branta terrasserade tomter och utsikter som samspelar med omgivningen och skapar dramatik. Och \u00e4ven om det inte \u00e4r lika vackert som h\u00e4r p\u00e5 Isola Bella kan sk\u00f6nheten hos kuperade tr\u00e4dg\u00e5rdar \u00f6ka med hj\u00e4lp av skapa terrasser och genom att f\u00f6rst\u00e4rka effekten av de utsikter som finns.<\/p><\/div>\n<h5>Kort om ren\u00e4ssans och barock<\/h5>\n<p>F\u00f6rst lite fakta om ren\u00e4ssans och barock. Ren\u00e4ssansen betecknar en kulturell, konstn\u00e4rlig och vetenskaplig epok d\u00e5 de antika idealen p\u00e5 nytt v\u00e4cktes till liv. Det var en period av sjudande aktivitet och kreativitet och den har haft stor betydelse f\u00f6r den v\u00e4sterl\u00e4ndska tr\u00e4dg\u00e5rdskonstens utveckling. Ren\u00e4ssansen utgick fr\u00e5n Italien d\u00e4r man r\u00e4knar epoken fr\u00e5n b\u00f6rjan av 1400-talet till slutet av 1500-talet. I Sverige var det f\u00f6rst p\u00e5 1600-talet som ren\u00e4ssansens tr\u00e4dg\u00e5rdsideal p\u00e5 allvar slog igenom.<\/p>\n<p>Ren\u00e4ssansen eftertr\u00e4ddes p\u00e5 1600-talet av barocken som p\u00e5gick n\u00e5gra decennier in p\u00e5 1700-talet och fr\u00e4mst utvecklades i Frankrike under Ludvig XIV:s tid. Barocktr\u00e4dg\u00e5rdarna tog avstamp i ren\u00e4ssanstr\u00e4dg\u00e5rdarna och de har m\u00e5nga likheter; vatteninslagen, axialiteten, utsikterna, geometrin och vikten av samh\u00f6righet mellan hus och tr\u00e4dg\u00e5rd. Barockens tr\u00e4dg\u00e5rdar var d\u00e4remot mer ute efter att visa m\u00e4nniskans makt \u00f6ver naturen till skillnad fr\u00e5n ren\u00e4ssanstr\u00e4dg\u00e5rdarna som efterstr\u00e4vade ett samspel med det omgivande landskapet. Under barocken blev ocks\u00e5 formtr\u00e4dg\u00e5rdarna allt st\u00f6rre och pampigare.<\/p>\n<h5>En del av arkitekturen<\/h5>\n<p>Fr\u00e5n att under medeltiden ha varit sluten och innest\u00e4ngd kom tr\u00e4dg\u00e5rden i och med ren\u00e4ssansen att rikta sig ut\u00e5t och samspela med det omgivande landskapet. Tr\u00e4dg\u00e5rden s\u00e5gs som en stiliserad modell av naturen. Den skulle synligg\u00f6ra naturens dolda geometri. H\u00e4r finner vi den kuperade terr\u00e4ngen i form av terrasser, b\u00e4ckar i form av konstgjorda vattenanl\u00e4ggningar och gr\u00f6nska i form av parterrer och bosk\u00e9er. Allt uppbyggt i harmoni med varandra. Ofta med enkla geometriska former som kvadraten, cirkeln och korset som grund.<\/p>\n<div id=\"attachment_5113\" style=\"width: 738px\" class=\"wp-caption alignnone\"><img loading=\"lazy\" decoding=\"async\" aria-describedby=\"caption-attachment-5113\" class=\"size-full wp-image-5113\" src=\"http:\/\/rosenholm.se\/wp-content\/uploads\/2014\/12\/D2X_6457.jpg\" alt=\"P\u00e5 Villa Gamberaia i Toscana l\u00f6per tr\u00e4dg\u00e5rdens tv\u00e4raxel rakt emot en av sidod\u00f6rrarna. I just den h\u00e4r tr\u00e4dg\u00e5rden l\u00f6per inte huvudaxeln genom huset utan l\u00e4ngs med husets sida. En anpassning till platsens f\u00f6ruts\u00e4ttningar som kanske bidragit till dess unika atmosf\u00e4r.\" width=\"728\" height=\"445\" srcset=\"https:\/\/rosenholm.se\/wp-content\/uploads\/2014\/12\/D2X_6457.jpg 728w, https:\/\/rosenholm.se\/wp-content\/uploads\/2014\/12\/D2X_6457-250x152.jpg 250w, https:\/\/rosenholm.se\/wp-content\/uploads\/2014\/12\/D2X_6457-320x195.jpg 320w, https:\/\/rosenholm.se\/wp-content\/uploads\/2014\/12\/D2X_6457-350x213.jpg 350w, https:\/\/rosenholm.se\/wp-content\/uploads\/2014\/12\/D2X_6457-250x152@2x.jpg 500w, https:\/\/rosenholm.se\/wp-content\/uploads\/2014\/12\/D2X_6457-320x195@2x.jpg 640w, https:\/\/rosenholm.se\/wp-content\/uploads\/2014\/12\/D2X_6457-350x213@2x.jpg 700w\" sizes=\"auto, (max-width: 728px) 100vw, 728px\" \/><p id=\"caption-attachment-5113\" class=\"wp-caption-text\">P\u00e5 Villa Gamberaia i Toscana l\u00f6per tr\u00e4dg\u00e5rdens tv\u00e4raxel rakt emot en av sidod\u00f6rrarna. I just den h\u00e4r tr\u00e4dg\u00e5rden l\u00f6per inte huvudaxeln genom huset utan l\u00e4ngs med husets sida. En anpassning till platsens f\u00f6ruts\u00e4ttningar som kanske bidragit till dess unika atmosf\u00e4r.<\/p><\/div>\n<p>Under 1500-talet placerade arkitekterna i allt st\u00f6rre utstr\u00e4ckning de italienska herres\u00e4tena p\u00e5 branter som kunde erbjuda vackra utsikter ut \u00f6ver det pastorala landskapet. Det ledde till skapandet av terrasser i olika niv\u00e5er f\u00f6r att b\u00e4ttre kunna utnyttja de kuperade tomterna. Samtidigt kom tr\u00e4dg\u00e5rdarna ocks\u00e5 allt mer att ses som en f\u00f6rl\u00e4ngning av huset och en del av den \u00f6vergripande arkitekturen. I och med det b\u00f6rjade man att betrakta tr\u00e4dg\u00e5rden som uppbyggd av rum p\u00e5 liknande s\u00e4tt som inomhus. Rum som anv\u00e4ndes f\u00f6r olika \u00e4ndam\u00e5l: festmiddagar, musik, teater, avkoppling, lek och spel. I en del tr\u00e4dg\u00e5rdar kan man hitta hela teatrar uppbyggda av v\u00e4xtmaterial. En halvcirkelformad bakgrund, precis som p\u00e5 en teaterscen, \u00e4r mycket effektiv f\u00f6r att skapa en k\u00e4nsla av djup och man kan se den komma igen p\u00e5 m\u00e5nga st\u00e4llen i de italienska ren\u00e4ssans- och barocktr\u00e4dg\u00e5rdarna. Bortre delen av en parterr s\u00e5v\u00e4l som av ett vattenarrangemang kunde vara uppbyggd p\u00e5 det s\u00e4ttet f\u00f6r att \u00f6ka intrycket av djup. F\u00f6r att inte tala om den h\u00e4r tidens konstgjorda grottor som ocks\u00e5 ofta hade en sk\u00e5lad form.<\/p>\n<div id=\"attachment_5115\" style=\"width: 738px\" class=\"wp-caption alignnone\"><img loading=\"lazy\" decoding=\"async\" aria-describedby=\"caption-attachment-5115\" class=\"size-full wp-image-5115\" src=\"http:\/\/rosenholm.se\/wp-content\/uploads\/2014\/12\/D2X_4987.jpg\" alt=\"Teatro di Verdura, Den gr\u00f6na teatern, i Villa Reales tr\u00e4dg\u00e5rd utanf\u00f6r Lucca anlades 1652. Den halvcirkelformade bakgrunden f\u00f6rst\u00e4rker djup och rymd. I de v\u00e4lklippta idegransh\u00e4ckarnas nischer syns terrakottafigurer fr\u00e5n den italienska teaterformen commedia dell\u2019arte som var popul\u00e4r vid den h\u00e4r tiden.\" width=\"728\" height=\"409\" srcset=\"https:\/\/rosenholm.se\/wp-content\/uploads\/2014\/12\/D2X_4987.jpg 728w, https:\/\/rosenholm.se\/wp-content\/uploads\/2014\/12\/D2X_4987-250x140.jpg 250w, https:\/\/rosenholm.se\/wp-content\/uploads\/2014\/12\/D2X_4987-320x179.jpg 320w, https:\/\/rosenholm.se\/wp-content\/uploads\/2014\/12\/D2X_4987-350x196.jpg 350w, https:\/\/rosenholm.se\/wp-content\/uploads\/2014\/12\/D2X_4987-250x140@2x.jpg 500w, https:\/\/rosenholm.se\/wp-content\/uploads\/2014\/12\/D2X_4987-320x179@2x.jpg 640w, https:\/\/rosenholm.se\/wp-content\/uploads\/2014\/12\/D2X_4987-350x196@2x.jpg 700w\" sizes=\"auto, (max-width: 728px) 100vw, 728px\" \/><p id=\"caption-attachment-5115\" class=\"wp-caption-text\">Teatro di Verdura, den gr\u00f6na teatern, i Villa Reales tr\u00e4dg\u00e5rd utanf\u00f6r Lucca anlades 1652. Den halvcirkelformade bakgrunden f\u00f6rst\u00e4rker djup och rymd. I de v\u00e4lklippta idegransh\u00e4ckarnas nischer syns terrakottafigurer fr\u00e5n den italienska teaterformen commedia dell\u2019arte som var popul\u00e4r vid den h\u00e4r tiden.<\/p><\/div>\n<div id=\"attachment_5117\" style=\"width: 738px\" class=\"wp-caption alignnone\"><img loading=\"lazy\" decoding=\"async\" aria-describedby=\"caption-attachment-5117\" class=\"size-full wp-image-5117\" src=\"http:\/\/rosenholm.se\/wp-content\/uploads\/2014\/12\/D2X_4600.jpg\" alt=\"H\u00e4r i Villa Oliva-Buonvisis vattengrotta, ocks\u00e5 i n\u00e4rheten av Lucca,  anv\u00e4nds den sk\u00e5lade formen f\u00f6r att skapa djup. Konstgjorda stalaktiter f\u00f6rst\u00e4rker k\u00e4nslan av mystik.\" width=\"728\" height=\"484\" srcset=\"https:\/\/rosenholm.se\/wp-content\/uploads\/2014\/12\/D2X_4600.jpg 728w, https:\/\/rosenholm.se\/wp-content\/uploads\/2014\/12\/D2X_4600-250x166.jpg 250w, https:\/\/rosenholm.se\/wp-content\/uploads\/2014\/12\/D2X_4600-320x212.jpg 320w, https:\/\/rosenholm.se\/wp-content\/uploads\/2014\/12\/D2X_4600-350x232.jpg 350w, https:\/\/rosenholm.se\/wp-content\/uploads\/2014\/12\/D2X_4600-250x166@2x.jpg 500w, https:\/\/rosenholm.se\/wp-content\/uploads\/2014\/12\/D2X_4600-320x212@2x.jpg 640w, https:\/\/rosenholm.se\/wp-content\/uploads\/2014\/12\/D2X_4600-350x232@2x.jpg 700w\" sizes=\"auto, (max-width: 728px) 100vw, 728px\" \/><p id=\"caption-attachment-5117\" class=\"wp-caption-text\">H\u00e4r i Villa Oliva-Buonvisis vattengrotta, ocks\u00e5 i n\u00e4rheten av Lucca, anv\u00e4nds den sk\u00e5lade formen f\u00f6r att skapa djup. Konstgjorda stalaktiter f\u00f6rst\u00e4rker k\u00e4nslan av mystik.<\/p><\/div>\n<p>\u00c4ven ren\u00e4ssansm\u00e4nniskorna hade behov av att dra sig undan och vara privata, vilket man kunnat i den slutna medeltida tr\u00e4dg\u00e5rden, hortus conclusus. D\u00e4rf\u00f6r v\u00e4xte ytterligare en typ av tr\u00e4dg\u00e5rdsrum fram: den hemliga tr\u00e4dg\u00e5rden eller giardino segreto, som det heter p\u00e5 italienska. En dold tr\u00e4dg\u00e5rd i tr\u00e4dg\u00e5rden som det knappt ska g\u00e5 att hitta ing\u00e5ngen till om man inte k\u00e4nner till den. D\u00e4r kunde man dra sig tillbaka f\u00f6r k\u00e4rleksstunder eller enskild kontemplation. En hemlig tr\u00e4dg\u00e5rd det \u00e4r nog just vad m\u00e5nga av oss stressade nutidsm\u00e4nniskor beh\u00f6ver. Varf\u00f6r inte g\u00f6ra en till sommaren?<\/p>\n<h5>Linjer av fri sikt<\/h5>\n<p>En tr\u00e4dg\u00e5rd skapas inte av enskilda detaljer. Den skapas av delar som samkomponeras med varandra, huset och omgivningarna utanf\u00f6r. Det var ocks\u00e5 n\u00e5got man var noga med under ren\u00e4ssansen och den efterf\u00f6ljande barocken. Under senare delen av ren\u00e4ssansen b\u00f6rjade man anv\u00e4nda mittaxeln i form av en bred g\u00e5ng som gick fr\u00e5n byggnadens mitt och rakt ut i tr\u00e4dg\u00e5rden. P\u00e5 det s\u00e4ttet fick man ocks\u00e5 en fri siktlinje som bidrog till att skapa djup.<\/p>\n<div id=\"attachment_5119\" style=\"width: 360px\" class=\"wp-caption alignright\"><img loading=\"lazy\" decoding=\"async\" aria-describedby=\"caption-attachment-5119\" class=\"size-large wp-image-5119\" src=\"http:\/\/rosenholm.se\/wp-content\/uploads\/2014\/12\/D2X_3686-350x466.jpg\" alt=\"Portaler har djupverkan och kan anv\u00e4ndas f\u00f6r att f\u00f6rst\u00e4rka effekten av en utsikt, \u00e4ven om det knappast beh\u00f6vs h\u00e4r i barocktr\u00e4dg\u00e5rden Isola Bella i Lago Maggiore.\" width=\"350\" height=\"466\" srcset=\"https:\/\/rosenholm.se\/wp-content\/uploads\/2014\/12\/D2X_3686-350x466.jpg 350w, https:\/\/rosenholm.se\/wp-content\/uploads\/2014\/12\/D2X_3686-187x250.jpg 187w, https:\/\/rosenholm.se\/wp-content\/uploads\/2014\/12\/D2X_3686-320x426.jpg 320w, https:\/\/rosenholm.se\/wp-content\/uploads\/2014\/12\/D2X_3686.jpg 546w, https:\/\/rosenholm.se\/wp-content\/uploads\/2014\/12\/D2X_3686-187x250@2x.jpg 374w\" sizes=\"auto, (max-width: 350px) 100vw, 350px\" \/><p id=\"caption-attachment-5119\" class=\"wp-caption-text\">Portaler har djupverkan och kan anv\u00e4ndas f\u00f6r att f\u00f6rst\u00e4rka effekten av en utsikt, \u00e4ven om det knappast beh\u00f6vs h\u00e4r i barocktr\u00e4dg\u00e5rden Isola Bella i Lago Maggiore.<\/p><\/div>\n<p>Eftersom tr\u00e4dg\u00e5rdarna runt de italienska slotten och herres\u00e4tena ofta l\u00e5g natursk\u00f6nt bel\u00e4gna p\u00e5 h\u00f6jder erbj\u00f6d huvudaxeln \u00e4ven en effektfull utblick mot det omgivande landskapet. Aldrig blir v\u00e4l en utsikt s\u00e5 magisk som n\u00e4r den kan skymtas i en smal \u00f6ppning, och n\u00e4r \u00f6ppningen \u00e4r bortre \u00e4nden av en tydlig axel fungerar den som en fullkomlig magnet p\u00e5 v\u00e5r blick. Prova sj\u00e4lv om du har m\u00f6jlighet i din egen tr\u00e4dg\u00e5rd. Utsikten kan vara n\u00e5got s\u00e5 enkelt som en vacker kruka en bit bort eller ett fint tr\u00e4d p\u00e5 granntomten. Och man beh\u00f6ver inte f\u00f6lja reglerna slaviskt. Man f\u00e5r fuska med axelns placering om det ger ett b\u00e4ttre helhetsintryck. Det gjorde till och med ren\u00e4ssansens och barockens tr\u00e4dg\u00e5rdsarkitekter.<\/p>\n<h5>Stilfulla parterrer<\/h5>\n<p>En parterr, fr\u00e5n franskans par terre, p\u00e5 marken, \u00e4r ett finare tr\u00e4dg\u00e5rdsrum, ofta en terrass, uppbyggt av l\u00e5ga klippta v\u00e4xter utlagda i ett v\u00e5gr\u00e4tt, geometriskt m\u00f6nster. Vanligtvis genomkorsas parterren av axlar i form av g\u00e5ngv\u00e4gar s\u00e5 att det bildas symmetriska kvarter. Kvarteren kantades under ren\u00e4ssansen av klippta h\u00e4ckar av till exempel liguster, lavendel, rosmarin och myrten. Buxbom som b\u00f6rjade anv\u00e4ndas mer allm\u00e4nt f\u00f6r st\u00f6rre h\u00e4ckpartier f\u00f6rst i slutet av ren\u00e4ssansen \u00e4r kanske \u00e4nd\u00e5 det vi f\u00f6rknippar mest med formtr\u00e4dg\u00e5rdarna fr\u00e5n den h\u00e4r tiden. Under barocken skapades storslagna broderiparterrer med l\u00e5ga klippta slingor av buxbom och f\u00e4rgat markmaterial av olika slag. Och det \u00e4r inte sv\u00e5rt att f\u00f6rst\u00e5 deras f\u00f6rtjusning i just buxbom som ocks\u00e5 vuxit i popularitet h\u00e4r i Sverige under senare \u00e5r. Fortfarande kan man inte se s\u00e5 m\u00e5nga svenska privattr\u00e4dg\u00e5rdar med parterrer i barockens anda, men det finns n\u00e5gra och det \u00e4r bara att hoppas p\u00e5 fler. Det g\u00e5r n\u00e4stan inte att misslyckas med att skapa det d\u00e4r lilla extra\u00a0med en\u00a0symmetriskt uppbyggd parterr i ett tr\u00e4dg\u00e5rdsrum. Vanlig buxbom, <em>Buxus sempervirens<\/em>, g\u00e5r alldeles utm\u00e4rkt att anv\u00e4nda upp till och med odlingszon 3. F\u00f6r k\u00e4rvare klimat kan man anv\u00e4nda till exempel hybrididegran \u2019Farmen\u2019 (zon 5) och m\u00e5b\u00e4r \u2019Schmidt\u2019 (zon 6). Sedan kan man ha perenner, rosor, gr\u00f6nsaker eller f\u00e4rgat grus inuti kvarteren. Hur man \u00e4n g\u00f6r blir det ett formstarkt, stilrent inslag som g\u00f6r den mest alldagliga tr\u00e4dg\u00e5rd till n\u00e5got lite\u00a0extra.<\/p>\n<div id=\"attachment_5123\" style=\"width: 738px\" class=\"wp-caption alignnone\"><img loading=\"lazy\" decoding=\"async\" aria-describedby=\"caption-attachment-5123\" class=\"size-full wp-image-5123\" src=\"http:\/\/rosenholm.se\/wp-content\/uploads\/2014\/12\/D2X_4934.jpg\" alt=\"Stora parterrer av buxbom var mycket vanliga under barocken. De kunde vara uppbyggda i komplicerade m\u00f6nster efter speciella m\u00f6nsterb\u00f6cker som gavs ut p\u00e5 den tiden. Den h\u00e4r varianten fr\u00e5n Villa Reale \u00e4r i blygsam skala och kanske n\u00e5got att ta efter f\u00f6r den egna t\u00e4ppan.\" width=\"728\" height=\"445\" srcset=\"https:\/\/rosenholm.se\/wp-content\/uploads\/2014\/12\/D2X_4934.jpg 728w, https:\/\/rosenholm.se\/wp-content\/uploads\/2014\/12\/D2X_4934-250x152.jpg 250w, https:\/\/rosenholm.se\/wp-content\/uploads\/2014\/12\/D2X_4934-320x195.jpg 320w, https:\/\/rosenholm.se\/wp-content\/uploads\/2014\/12\/D2X_4934-350x213.jpg 350w, https:\/\/rosenholm.se\/wp-content\/uploads\/2014\/12\/D2X_4934-250x152@2x.jpg 500w, https:\/\/rosenholm.se\/wp-content\/uploads\/2014\/12\/D2X_4934-320x195@2x.jpg 640w, https:\/\/rosenholm.se\/wp-content\/uploads\/2014\/12\/D2X_4934-350x213@2x.jpg 700w\" sizes=\"auto, (max-width: 728px) 100vw, 728px\" \/><p id=\"caption-attachment-5123\" class=\"wp-caption-text\">Stora parterrer av buxbom var vanliga under barocken, de kunde vara uppbyggda i komplicerade m\u00f6nster efter speciella m\u00f6nsterb\u00f6cker. Den h\u00e4r varianten fr\u00e5n Villa Reale \u00e4r i blygsam skala och kanske n\u00e5got som inspirerar den egna t\u00e4ppan.<\/p><\/div>\n<h5>Vattensk\u00e4mt<\/h5>\n<p>Kaskader av vatten som sprutar fr\u00e5n font\u00e4ner, statyer eller helt enkelt kommer fr\u00e5n ingenstans och \u00f6verraskar den oinvigde bes\u00f6karen h\u00f6r ren\u00e4ssansen till. Vattensk\u00e4mten, giochi d\u2019acqua, kunde till och med vara s\u00e5 konstruerade att n\u00e4r personen som f\u00e5tt den ov\u00e4ntade vattenstr\u00e5len p\u00e5 sig f\u00f6rs\u00f6kte komma undan, drabbades han av en ny tr\u00e4ffs\u00e4ker str\u00e5le strategiskt placerad i den naturliga flyktv\u00e4gen. Ofta var vattensk\u00e4mten placerade inne i de under ren\u00e4ssansen s\u00e5 popul\u00e4ra konstgjorda grottorna, vilket gjorde det \u00e4n sv\u00e5rare att snabbt komma undan. Just s\u00e5na detaljer kanske inte skulle uppskattas alltf\u00f6r mycket av moderna tr\u00e4dg\u00e5rdsbes\u00f6kare, men vatten \u00e4r onekligen ett effektivt s\u00e4tt att f\u00f6rh\u00f6ja intrycket av en tr\u00e4dg\u00e5rd och n\u00e5gon sn\u00e4llare variant av vattensk\u00e4mt kanske inte heller skulle vara helt fel f\u00f6r dagens tr\u00e4dg\u00e5rdar. Bara det passar ihop med helheten i det samspel som g\u00f6r en tr\u00e4dg\u00e5rd.<\/p>\n<div id=\"attachment_5125\" style=\"width: 738px\" class=\"wp-caption alignnone\"><img loading=\"lazy\" decoding=\"async\" aria-describedby=\"caption-attachment-5125\" class=\"size-full wp-image-5125\" src=\"http:\/\/rosenholm.se\/wp-content\/uploads\/2014\/12\/D2X_4435.jpg\" alt=\"Vattenkonster i alla former k\u00e4nnetecknar ren\u00e4ssansens och barockens tr\u00e4dg\u00e5rdar. H\u00e4r i Villa Garzoni, Toscana, \u00e4r det storslagenhet som g\u00e4ller f\u00f6r de v\u00e4l tilltagna symmetriska font\u00e4nerna vid anl\u00e4ggningens entr\u00e9. En terrakotta-apa fr\u00e5n en av terrasserna blickar fundersamt ut \u00f6ver m\u00e4nniskornas stord\u00e5d.\" width=\"728\" height=\"484\" srcset=\"https:\/\/rosenholm.se\/wp-content\/uploads\/2014\/12\/D2X_4435.jpg 728w, https:\/\/rosenholm.se\/wp-content\/uploads\/2014\/12\/D2X_4435-250x166.jpg 250w, https:\/\/rosenholm.se\/wp-content\/uploads\/2014\/12\/D2X_4435-320x212.jpg 320w, https:\/\/rosenholm.se\/wp-content\/uploads\/2014\/12\/D2X_4435-350x232.jpg 350w, https:\/\/rosenholm.se\/wp-content\/uploads\/2014\/12\/D2X_4435-250x166@2x.jpg 500w, https:\/\/rosenholm.se\/wp-content\/uploads\/2014\/12\/D2X_4435-320x212@2x.jpg 640w, https:\/\/rosenholm.se\/wp-content\/uploads\/2014\/12\/D2X_4435-350x232@2x.jpg 700w\" sizes=\"auto, (max-width: 728px) 100vw, 728px\" \/><p id=\"caption-attachment-5125\" class=\"wp-caption-text\">Vattenkonster i alla former k\u00e4nnetecknar ren\u00e4ssansens och barockens. H\u00e4r i Villa Garzoni, Toscana, \u00e4r det storslagenhet som g\u00e4ller f\u00f6r de v\u00e4l tilltagna symmetriska font\u00e4nerna vid anl\u00e4ggningens entr\u00e9. En terrakotta-apa fr\u00e5n en av terrasserna blickar fundersamt ut \u00f6ver m\u00e4nniskornas stord\u00e5d.<\/p><\/div>\n<div id=\"attachment_5127\" style=\"width: 738px\" class=\"wp-caption alignnone\"><img loading=\"lazy\" decoding=\"async\" aria-describedby=\"caption-attachment-5127\" class=\"size-full wp-image-5127\" src=\"http:\/\/rosenholm.se\/wp-content\/uploads\/2014\/12\/D2X_6371.jpg\" alt=\"Vatten och parterrer h\u00f6r ihop. I Villa Gamberaia utanf\u00f6r Florens byttes planteringarna i parterrerna ut mot vatten i slutet p\u00e5 1800-talet. Ett pampigt inslag som sk\u00e4nker tr\u00e4dg\u00e5rden livgivande spegeleffekter. L\u00e4gg m\u00e4rke till hur den b\u00e5gformade gr\u00f6na fonden bidrar till att skapa djup och rymd. Uppklippta f\u00f6nster som bjuder p\u00e5 glimtar av den vackra utsikten f\u00f6rst\u00e4rker effekten \u00e4nnu mer.\" width=\"728\" height=\"409\" srcset=\"https:\/\/rosenholm.se\/wp-content\/uploads\/2014\/12\/D2X_6371.jpg 728w, https:\/\/rosenholm.se\/wp-content\/uploads\/2014\/12\/D2X_6371-250x140.jpg 250w, https:\/\/rosenholm.se\/wp-content\/uploads\/2014\/12\/D2X_6371-320x179.jpg 320w, https:\/\/rosenholm.se\/wp-content\/uploads\/2014\/12\/D2X_6371-350x196.jpg 350w, https:\/\/rosenholm.se\/wp-content\/uploads\/2014\/12\/D2X_6371-250x140@2x.jpg 500w, https:\/\/rosenholm.se\/wp-content\/uploads\/2014\/12\/D2X_6371-320x179@2x.jpg 640w, https:\/\/rosenholm.se\/wp-content\/uploads\/2014\/12\/D2X_6371-350x196@2x.jpg 700w\" sizes=\"auto, (max-width: 728px) 100vw, 728px\" \/><p id=\"caption-attachment-5127\" class=\"wp-caption-text\">Vatten och parterrer h\u00f6r ihop. I Villa Gamberaia utanf\u00f6r Florens byttes planteringarna i parterrerna ut mot vatten i slutet p\u00e5 1800-talet. Ett pampigt inslag som sk\u00e4nker tr\u00e4dg\u00e5rden livgivande spegeleffekter. Den b\u00e5gformade gr\u00f6na fonden bidrar till djup och rymd, f\u00f6rst\u00e4rkta av uppklippta f\u00f6nster som bjuder p\u00e5 glimtar av den vackra utsikten.<\/p><\/div>\n","protected":false},"excerpt":{"rendered":"<p>Ren\u00e4ssansen och barocken har i m\u00e5ngt och mycket st\u00e5tt f\u00f6rebild f\u00f6r v\u00e5ra nutida tr\u00e4dg\u00e5rdsideal. Det numera s\u00e5 popul\u00e4ra greppet att dela in tr\u00e4dg\u00e5rden i rum anv\u00e4ndes till exempel redan under&hellip; <\/p>\n","protected":false},"author":1,"featured_media":0,"parent":0,"menu_order":0,"comment_status":"closed","ping_status":"closed","template":"","meta":{"footnotes":""},"class_list":["post-5101","page","type-page","status-publish","hentry"],"_links":{"self":[{"href":"https:\/\/rosenholm.se\/index.php?rest_route=\/wp\/v2\/pages\/5101","targetHints":{"allow":["GET"]}}],"collection":[{"href":"https:\/\/rosenholm.se\/index.php?rest_route=\/wp\/v2\/pages"}],"about":[{"href":"https:\/\/rosenholm.se\/index.php?rest_route=\/wp\/v2\/types\/page"}],"author":[{"embeddable":true,"href":"https:\/\/rosenholm.se\/index.php?rest_route=\/wp\/v2\/users\/1"}],"replies":[{"embeddable":true,"href":"https:\/\/rosenholm.se\/index.php?rest_route=%2Fwp%2Fv2%2Fcomments&post=5101"}],"version-history":[{"count":21,"href":"https:\/\/rosenholm.se\/index.php?rest_route=\/wp\/v2\/pages\/5101\/revisions"}],"predecessor-version":[{"id":5560,"href":"https:\/\/rosenholm.se\/index.php?rest_route=\/wp\/v2\/pages\/5101\/revisions\/5560"}],"wp:attachment":[{"href":"https:\/\/rosenholm.se\/index.php?rest_route=%2Fwp%2Fv2%2Fmedia&parent=5101"}],"curies":[{"name":"wp","href":"https:\/\/api.w.org\/{rel}","templated":true}]}}