{"id":4967,"date":"2014-11-27T21:50:43","date_gmt":"2014-11-27T20:50:43","guid":{"rendered":"http:\/\/rosenholm.se\/?page_id=4967"},"modified":"2015-01-11T21:19:33","modified_gmt":"2015-01-11T20:19:33","slug":"blickfang-och-utblickar","status":"publish","type":"page","link":"https:\/\/rosenholm.se\/?page_id=4967","title":{"rendered":"Blickf\u00e5ng och utblickar"},"content":{"rendered":"<p>Med blickf\u00e5ng menas ett omr\u00e5de eller f\u00f6rem\u00e5l som effektivt drar till sig betraktarens blick. Det kan vara i\u00a0stort sett vad som helst, en kruka, en tr\u00e4dg\u00e5rdsb\u00e4nk,\u00a0en stol, en d\u00f6rr, en damm, ett tr\u00e4d eller en grupp perenner\u00a0placerade med en stark\u00a0dragningskraft p\u00e5 v\u00e5r blick. Att medvetet arbeta med blickf\u00e5ng, utportionerade i l\u00e4mpliga doser, \u00f6kar dina m\u00f6jligheter att skapa en uppseendev\u00e4ckande tr\u00e4dg\u00e5rd.<\/p>\n<div id=\"attachment_4978\" style=\"width: 738px\" class=\"wp-caption alignnone\"><img loading=\"lazy\" decoding=\"async\" aria-describedby=\"caption-attachment-4978\" class=\"size-full wp-image-4978\" src=\"http:\/\/rosenholm.se\/wp-content\/uploads\/2014\/11\/DSC_7523.jpg\" alt=\"P\u00e5 en stubbe under ett storvuxet bambusn\u00e5r bildar den lilla flickstatyn ett fint blickf\u00e5ng som lyser upp skuggan i Ulriksdals tr\u00e4dg\u00e5rd, Kivik.\" width=\"728\" height=\"445\" srcset=\"https:\/\/rosenholm.se\/wp-content\/uploads\/2014\/11\/DSC_7523.jpg 728w, https:\/\/rosenholm.se\/wp-content\/uploads\/2014\/11\/DSC_7523-250x152.jpg 250w, https:\/\/rosenholm.se\/wp-content\/uploads\/2014\/11\/DSC_7523-320x195.jpg 320w, https:\/\/rosenholm.se\/wp-content\/uploads\/2014\/11\/DSC_7523-350x213.jpg 350w, https:\/\/rosenholm.se\/wp-content\/uploads\/2014\/11\/DSC_7523-250x152@2x.jpg 500w, https:\/\/rosenholm.se\/wp-content\/uploads\/2014\/11\/DSC_7523-320x195@2x.jpg 640w, https:\/\/rosenholm.se\/wp-content\/uploads\/2014\/11\/DSC_7523-350x213@2x.jpg 700w\" sizes=\"auto, (max-width: 728px) 100vw, 728px\" \/><p id=\"caption-attachment-4978\" class=\"wp-caption-text\">P\u00e5 en stubbe under ett storvuxet bambusn\u00e5r bildar den lilla flickstatyn ett fint blickf\u00e5ng som lyser upp skuggan i Ulriksdals tr\u00e4dg\u00e5rd, Kivik.<\/p><\/div>\n<p>Blickf\u00e5ng beh\u00f6vs i en tr\u00e4dg\u00e5rd \u00e4ven om den \u00e4r aldrig\u00a0s\u00e5 liten. \u00d6gat leds alltid mot n\u00e5got och d\u00e4rf\u00f6r \u00e4r\u00a0blickf\u00e5ng \u00e4r ett kraftfullt s\u00e4tt att skapa lyckade\u00a0tr\u00e4dg\u00e5rdskompositioner. Om du anl\u00e4gger och planterar\u00a0utan att \u00e4gna blickf\u00e5ngen\u00a0en tanke kommer de \u00e4nd\u00e5 att finnas d\u00e4r. Skillnaden\u00a0n\u00e4r ingen m\u00e4nsklig hand och hj\u00e4rna planerat in dem \u00e4r att de blir vad de blir. Har du tur blir det okej men\u00a0det kan lika g\u00e4rna bli mindre bra.<\/p>\n<div id=\"attachment_4977\" style=\"width: 738px\" class=\"wp-caption alignnone\"><img loading=\"lazy\" decoding=\"async\" aria-describedby=\"caption-attachment-4977\" class=\"size-full wp-image-4977\" src=\"http:\/\/rosenholm.se\/wp-content\/uploads\/2014\/11\/DSC04544.jpg\" alt=\"S\u00e5 enkelt och s\u00e5 vackert! B\u00e5de blicken och sj\u00e4len blir f\u00e5ngad. Vatten som sakta sipprar fram ur en kvarnsten bildar tillsammans med vackra bladv\u00e4xter ett svalkande, formsk\u00f6nt blickf\u00e5ng i Frideg\u00e5rdsparken i Enk\u00f6ping. Till v\u00e4nster i f\u00f6rgrunden syns en katsuras, Cercidiphyllum japonicum, delikata l\u00f6vverk.\" width=\"728\" height=\"445\" srcset=\"https:\/\/rosenholm.se\/wp-content\/uploads\/2014\/11\/DSC04544.jpg 728w, https:\/\/rosenholm.se\/wp-content\/uploads\/2014\/11\/DSC04544-250x152.jpg 250w, https:\/\/rosenholm.se\/wp-content\/uploads\/2014\/11\/DSC04544-320x195.jpg 320w, https:\/\/rosenholm.se\/wp-content\/uploads\/2014\/11\/DSC04544-350x213.jpg 350w, https:\/\/rosenholm.se\/wp-content\/uploads\/2014\/11\/DSC04544-250x152@2x.jpg 500w, https:\/\/rosenholm.se\/wp-content\/uploads\/2014\/11\/DSC04544-320x195@2x.jpg 640w, https:\/\/rosenholm.se\/wp-content\/uploads\/2014\/11\/DSC04544-350x213@2x.jpg 700w\" sizes=\"auto, (max-width: 728px) 100vw, 728px\" \/><p id=\"caption-attachment-4977\" class=\"wp-caption-text\">S\u00e5 enkelt och s\u00e5 vackert! B\u00e5de blicken och sj\u00e4len f\u00e5ngas. Vatten som sakta sipprar fram ur en kvarnsten bildar tillsammans med vackra\u00a0bladv\u00e4xter ett svalkande, formsk\u00f6nt blickf\u00e5ng i Frideg\u00e5rdsparken i Enk\u00f6ping. Till v\u00e4nster i f\u00f6rgrunden syns en katsuras, Cercidiphyllum japonicum, delikata l\u00f6vverk.<\/p><\/div>\n<p>Om du d\u00e4remot tar\u00a0h\u00e4nsyn till blickf\u00e5ngen redan fr\u00e5n b\u00f6rjan kan du p\u00e5 ett effektivt s\u00e4tt styra upp hur\u00a0tr\u00e4dg\u00e5rden uppfattas. Genom att l\u00e5ta \u00f6gat lockas till n\u00e5gon viss del av tr\u00e4dg\u00e5rden hindrar du\u00a0blicken fr\u00e5n att dras till n\u00e5gon mindre attraktiv plats\u00a0du helst\u00a0vill d\u00f6lja. Ett l\u00e4mpligt placerat blickf\u00e5ng flyttar ocks\u00e5 uppm\u00e4rksamheten bort fr\u00e5n en ful utsikt.<\/p>\n<div id=\"attachment_4976\" style=\"width: 738px\" class=\"wp-caption alignnone\"><img loading=\"lazy\" decoding=\"async\" aria-describedby=\"caption-attachment-4976\" class=\"size-full wp-image-4976\" src=\"http:\/\/rosenholm.se\/wp-content\/uploads\/2014\/11\/DSC_0206.jpg\" alt=\"F\u00f6rst f\u00e5ngar den vitkantade funkian blicken ett kort \u00f6gonblick innan den sugs vidare genom porten in i n\u00e4sta tr\u00e4dg\u00e5rdsrum. G\u00e5ngen och rabatternas raka str\u00e4ckning hj\u00e4lper blicken att f\u00f6lja den l\u00e5nga fria siktlinjen bort mot fj\u00e4rran d\u00e4r en formklippt h\u00e4ck kan sk\u00f6njas innan tr\u00e4dens kompakta gr\u00f6nska tar vid. Genom att, som h\u00e4r p\u00e5 Lilla Toscana utanf\u00f6r Kalmar, placera blickf\u00e5ng och siktlinjer p\u00e5 v\u00e4l valda st\u00e4llen f\u00f6rh\u00f6js tr\u00e4dg\u00e5rdens sk\u00f6nhet och dramatik.\" width=\"728\" height=\"445\" srcset=\"https:\/\/rosenholm.se\/wp-content\/uploads\/2014\/11\/DSC_0206.jpg 728w, https:\/\/rosenholm.se\/wp-content\/uploads\/2014\/11\/DSC_0206-250x152.jpg 250w, https:\/\/rosenholm.se\/wp-content\/uploads\/2014\/11\/DSC_0206-320x195.jpg 320w, https:\/\/rosenholm.se\/wp-content\/uploads\/2014\/11\/DSC_0206-350x213.jpg 350w, https:\/\/rosenholm.se\/wp-content\/uploads\/2014\/11\/DSC_0206-250x152@2x.jpg 500w, https:\/\/rosenholm.se\/wp-content\/uploads\/2014\/11\/DSC_0206-320x195@2x.jpg 640w, https:\/\/rosenholm.se\/wp-content\/uploads\/2014\/11\/DSC_0206-350x213@2x.jpg 700w\" sizes=\"auto, (max-width: 728px) 100vw, 728px\" \/><p id=\"caption-attachment-4976\" class=\"wp-caption-text\">F\u00f6rst f\u00e5ngar den vitkantade funkian blicken\u00a0innan den sugs vidare genom porten in i n\u00e4sta tr\u00e4dg\u00e5rdsrum. G\u00e5ngen och rabatternas raka str\u00e4ckning hj\u00e4lper \u00f6gat\u00a0att f\u00f6lja den l\u00e5nga fria siktlinjen bort mot fj\u00e4rran d\u00e4r en formklippt h\u00e4ck kan sk\u00f6njas innan tr\u00e4dens kompakta gr\u00f6nska tar vid. Genom att, som h\u00e4r p\u00e5 Lilla Toscana utanf\u00f6r Kalmar, placera blickf\u00e5ng och siktlinjer p\u00e5 v\u00e4l valda st\u00e4llen f\u00f6rh\u00f6js tr\u00e4dg\u00e5rdens sk\u00f6nhet och dramatik.<\/p><\/div>\n<h5>Blickf\u00e5ngen leder oss<\/h5>\n<div id=\"attachment_4974\" style=\"width: 360px\" class=\"wp-caption alignright\"><img loading=\"lazy\" decoding=\"async\" aria-describedby=\"caption-attachment-4974\" class=\"size-large wp-image-4974\" src=\"http:\/\/rosenholm.se\/wp-content\/uploads\/2014\/11\/DSC_4677-350x466.jpg\" alt=\"En fri siktlinje rakt genom huset, till den soliga uteplatsen p\u00e5 andra sidan, skapar extra djup och sp\u00e4nning i Gunnar Martinssons tr\u00e4dg\u00e5rd. Effekten f\u00f6rst\u00e4rks ytterligare av att man fr\u00e5n en ljus plats ser genom ett m\u00f6rkt omr\u00e5de som sedan eftertr\u00e4ds av en ljus plats igen.\" width=\"350\" height=\"466\" srcset=\"https:\/\/rosenholm.se\/wp-content\/uploads\/2014\/11\/DSC_4677-350x466.jpg 350w, https:\/\/rosenholm.se\/wp-content\/uploads\/2014\/11\/DSC_4677-187x250.jpg 187w, https:\/\/rosenholm.se\/wp-content\/uploads\/2014\/11\/DSC_4677-320x426.jpg 320w, https:\/\/rosenholm.se\/wp-content\/uploads\/2014\/11\/DSC_4677.jpg 546w, https:\/\/rosenholm.se\/wp-content\/uploads\/2014\/11\/DSC_4677-187x250@2x.jpg 374w\" sizes=\"auto, (max-width: 350px) 100vw, 350px\" \/><p id=\"caption-attachment-4974\" class=\"wp-caption-text\">En fri siktlinje genom huset, till den soliga uteplatsen p\u00e5 andra sidan, skapar djup och sp\u00e4nning i Gunnar Martinssons tr\u00e4dg\u00e5rd. Effekten f\u00f6rst\u00e4rks av att man fr\u00e5n en ljus plats ser genom ett m\u00f6rkt omr\u00e5de som eftertr\u00e4ds av ljus igen.<\/p><\/div>\n<p>Strategiskt placerade blickf\u00e5ng leder oss runt som l\u00e4ngs en snitslad bana. N\u00e4r \u00f6gat njutit\u00a0av den vackra damm \u00a0som f\u00f6rst lockade oss in p\u00e5 v\u00e5r\u00a0vandring ser vi en inbjudande bl\u00e5m\u00e5lad b\u00e4nk l\u00e4ngre\u00a0bort. D\u00e4rifr\u00e5n g\u00e5r vi vidare f\u00f6r att vi uppt\u00e4ckt en sp\u00e4nnande\u00a0buske \u00e4nnu en bit bort. Blickf\u00e5ngen fungerar som magneter\u00a0och v\u00e4cker v\u00e5r f\u00f6rv\u00e4ntan om vad som ska uppenbara\u00a0sig l\u00e4ngre fram.<\/p>\n<p>I en mycket liten tr\u00e4dg\u00e5rd kanske det endast finns utrymme f\u00f6r n\u00e5gra f\u00e5 blickf\u00e5ng, medan en hel serie f\u00e5r\u00a0plats i en st\u00f6rre. Som med s\u00e5 mycket annat n\u00e4r det\u00a0g\u00e4ller tr\u00e4dg\u00e5rdsdesign g\u00e4ller regeln \u201datt mindre ger mer\u201d,\u00a0man b\u00f6r inte ha f\u00f6r t\u00e4tt mellan\u00a0blickf\u00e5ngen eftersom det skapar r\u00f6righet i st\u00e4llet\u00a0f\u00f6r sk\u00f6nhetsupplevelser. F\u00f6r att inte f\u00f6rvirra \u00e4r det ocks\u00e5\u00a0bra med n\u00e5gon typ av linjer i tr\u00e4dg\u00e5rdsuppbyggnaden\u00a0som leder\u00a0\u00f6gat mot blickf\u00e5ngen. Det kan vara\u00a0en rabatts kantlinje, en tr\u00e4dg\u00e5rdsg\u00e5ng, en trappa, en\u00a0\u00f6ppning i ett buskage eller en h\u00e4ck likv\u00e4l som klassiska\u00a0pergolag\u00e5ngar och portaler.<\/p>\n<div id=\"attachment_4975\" style=\"width: 738px\" class=\"wp-caption alignnone\"><img loading=\"lazy\" decoding=\"async\" aria-describedby=\"caption-attachment-4975\" class=\"size-full wp-image-4975\" src=\"http:\/\/rosenholm.se\/wp-content\/uploads\/2014\/11\/DSC08971.jpg\" alt=\"En gul robinia, Robinia pseudoacacia \u2019Frisia\u2019, med ljust gulgr\u00f6na blad och elegant fritt v\u00e4xts\u00e4tt kontrasterar mot de strikt klippta m\u00f6rkgr\u00f6na ligusterh\u00e4ckarna. Ett i\u00f6gonfallande vackert blickf\u00e5ng i Gunnar Martinssons tr\u00e4dg\u00e5rd p\u00e5 Ven. Gul robinia \u00e4r endast h\u00e4rdig i odlingszon 1.\" width=\"728\" height=\"546\" srcset=\"https:\/\/rosenholm.se\/wp-content\/uploads\/2014\/11\/DSC08971.jpg 728w, https:\/\/rosenholm.se\/wp-content\/uploads\/2014\/11\/DSC08971-250x187.jpg 250w, https:\/\/rosenholm.se\/wp-content\/uploads\/2014\/11\/DSC08971-320x240.jpg 320w, https:\/\/rosenholm.se\/wp-content\/uploads\/2014\/11\/DSC08971-350x262.jpg 350w, https:\/\/rosenholm.se\/wp-content\/uploads\/2014\/11\/DSC08971-250x187@2x.jpg 500w, https:\/\/rosenholm.se\/wp-content\/uploads\/2014\/11\/DSC08971-320x240@2x.jpg 640w, https:\/\/rosenholm.se\/wp-content\/uploads\/2014\/11\/DSC08971-350x262@2x.jpg 700w\" sizes=\"auto, (max-width: 728px) 100vw, 728px\" \/><p id=\"caption-attachment-4975\" class=\"wp-caption-text\">Gul robinia, Robinia pseudoacacia \u2019Frisia\u2019, med ljust gulgr\u00f6na blad och elegant, fritt v\u00e4xts\u00e4tt kontrasterar mot strikt klippta, m\u00f6rkgr\u00f6na ligusterh\u00e4ckar. Ett i\u00f6gonfallande vackert blickf\u00e5ng i Gunnar Martinssons tr\u00e4dg\u00e5rd p\u00e5 Ven. Gul robinia \u00e4r endast h\u00e4rdig i odlingszon 1.<\/p><\/div>\n<h5>Siktlinjer skapar djup<\/h5>\n<div id=\"attachment_4972\" style=\"width: 360px\" class=\"wp-caption alignright\"><img loading=\"lazy\" decoding=\"async\" aria-describedby=\"caption-attachment-4972\" class=\"size-large wp-image-4972\" src=\"http:\/\/rosenholm.se\/wp-content\/uploads\/2014\/11\/DSC07694-350x437.jpg\" alt=\"Fr\u00e5n skugga till solljus. Frodiga klematisportaler ramar in tr\u00e4dg\u00e5rdens l\u00e5nade blickf\u00e5ng, det omgivande jordbrukslandskapet med betande kossor. Steng\u00e5ngens linjer, inramande h\u00e4ckar och lavendelruggar hj\u00e4lper till att leda v\u00e5rt \u00f6ga mot blickf\u00e5nget. Bilden \u00e4r fr\u00e5n Lilla Toscana utanf\u00f6r Kalmar.\" width=\"350\" height=\"437\" srcset=\"https:\/\/rosenholm.se\/wp-content\/uploads\/2014\/11\/DSC07694-350x437.jpg 350w, https:\/\/rosenholm.se\/wp-content\/uploads\/2014\/11\/DSC07694-320x400.jpg 320w, https:\/\/rosenholm.se\/wp-content\/uploads\/2014\/11\/DSC07694.jpg 582w\" sizes=\"auto, (max-width: 350px) 100vw, 350px\" \/><p id=\"caption-attachment-4972\" class=\"wp-caption-text\">Fr\u00e5n skugga till solljus. Frodiga klematisportaler<br \/>ramar in ett\u00a0l\u00e5nat blickf\u00e5ng med betande kossor. Steng\u00e5ngens linjer, inramande h\u00e4ckar och lavendelruggar leder \u00f6gat mot blickf\u00e5nget. Bilden \u00e4r fr\u00e5n Lilla Toscana utanf\u00f6r Kalmar.<\/p><\/div>\n<p>Ett blickf\u00e5ng kan vara utformat f\u00f6r att betraktas fr\u00e5n olika riktningar\u00a0och avst\u00e5nd eller vara placerat f\u00f6r satt ses\u00a0fr\u00e5n ett h\u00e5ll. En v\u00e4xt spaljerad mot husv\u00e4ggen \u00e4r\u00a0med f\u00f6rdel ett blickf\u00e5ng som bara ses fr\u00e5n en\u00a0sida. Blickf\u00e5ng placerade en bit bort \u00f6kar intrycket\u00a0av djup i tr\u00e4dg\u00e5rden eftersom de drar blicken mot fj\u00e4rran. De\u00a0kan f\u00f6rst\u00e4rka effekten av utblickarna, i vilka \u00f6gat f\u00e5r betydligt\u00a0l\u00e4ngre fri sikt \u00e4n p\u00e5 andra st\u00e4llen i tr\u00e4dg\u00e5rden. Genom att\u00a0skapa n\u00e5gra v\u00e4l valda utblickar kan man f\u00e5 en tr\u00e4dg\u00e5rd att\u00a0k\u00e4nnas b\u00e5de st\u00f6rre och mer sp\u00e4nnande. Vi upplever ofta\u00a0utblickarna som behagliga eftersom de sk\u00e4nker v\u00e5rt \u00f6ga\u00a0vila fr\u00e5n detaljerna i det som ligger n\u00e4rmre.<\/p>\n<div id=\"attachment_4973\" style=\"width: 360px\" class=\"wp-caption alignright\"><img loading=\"lazy\" decoding=\"async\" aria-describedby=\"caption-attachment-4973\" class=\"size-large wp-image-4973\" src=\"http:\/\/rosenholm.se\/wp-content\/uploads\/2014\/11\/Picture-046-350x437.jpg\" alt=\"Genom en portal av ljuvligt blommande vita kl\u00e4ngrosor i den kombinerade blomster- och k\u00f6kstr\u00e4dg\u00e5rden ser man ut \u00f6ver de b\u00f6ljande \u00f6sterlenska f\u00e4lten som omger Mandelmanns tr\u00e4dg\u00e5rdar i R\u00f6rum p\u00e5 \u00d6sterlen. En vacker utblick som f\u00f6r in det omgivande landskapet i tr\u00e4dg\u00e5rdsrummet.\" width=\"350\" height=\"437\" srcset=\"https:\/\/rosenholm.se\/wp-content\/uploads\/2014\/11\/Picture-046-350x437.jpg 350w, https:\/\/rosenholm.se\/wp-content\/uploads\/2014\/11\/Picture-046-320x400.jpg 320w, https:\/\/rosenholm.se\/wp-content\/uploads\/2014\/11\/Picture-046.jpg 582w\" sizes=\"auto, (max-width: 350px) 100vw, 350px\" \/><p id=\"caption-attachment-4973\" class=\"wp-caption-text\">Genom en portal av ljuvligt vita kl\u00e4ngrosor i den kombinerade blomster- och k\u00f6kstr\u00e4dg\u00e5rden ser man ut \u00f6ver de b\u00f6ljande \u00f6sterlenska f\u00e4lten som omger Mandelmanns tr\u00e4dg\u00e5rdar i R\u00f6rum p\u00e5 \u00d6sterlen. En vacker utblick som f\u00f6r in det omgivande landskapet i tr\u00e4dg\u00e5rdsrummet.<\/p><\/div>\n<p>Man beh\u00f6ver inte alls n\u00e5got st\u00f6rre\u00a0omr\u00e5de f\u00f6r att\u00a0skapa utblickar och blickf\u00e5ng som ska betraktas p\u00e5 h\u00e5ll, en\u00a0rak linje med fri sikt kan skapas i de flesta tr\u00e4dg\u00e5rdar.\u00a0Det kan vara tr\u00e4dg\u00e5rdsrum vars \u00f6ppningar \u00e4r placerade\u00a0s\u00e5 att man ser\u00a0genom flera rum samtidigt p\u00e5 samma\u00a0s\u00e4tt som med bostadsrum i fil. N\u00e4r man mellan \u00f6ppningar i\u00a0strikt klippta h\u00e4ckar ser igenom\u00a0flera efter varandra liggande\u00a0tr\u00e4dg\u00e5rdsrum k\u00e4nns djupet \u00a0som ett sug i maggropen.<\/p>\n<div id=\"attachment_4971\" style=\"width: 360px\" class=\"wp-caption alignright\"><img loading=\"lazy\" decoding=\"async\" aria-describedby=\"caption-attachment-4971\" class=\"size-large wp-image-4971\" src=\"http:\/\/rosenholm.se\/wp-content\/uploads\/2014\/11\/DSC_0823-1-350x437.jpg\" alt=\"Inramningar f\u00f6rst\u00e4rker effekten av blickf\u00e5ng. Hos W\u00e5hlins i Skokloster \u00e4r det portalen med den kraftigv\u00e4xande, gulblommande tibetanska klematisen, Clematis tibetana ssp. vernayi \u2019Orange Peel\u2019, som framh\u00e4ver den lilla sittplatsen med Agave i kruka.\" width=\"350\" height=\"437\" srcset=\"https:\/\/rosenholm.se\/wp-content\/uploads\/2014\/11\/DSC_0823-1-350x437.jpg 350w, https:\/\/rosenholm.se\/wp-content\/uploads\/2014\/11\/DSC_0823-1-320x400.jpg 320w, https:\/\/rosenholm.se\/wp-content\/uploads\/2014\/11\/DSC_0823-1.jpg 582w\" sizes=\"auto, (max-width: 350px) 100vw, 350px\" \/><p id=\"caption-attachment-4971\" class=\"wp-caption-text\">Inramningar f\u00f6rst\u00e4rker effekten av blickf\u00e5ng. Hos W\u00e5hlins i Skokloster framh\u00e4ver portalen med den kraftigv\u00e4xande, gulblommande tibetanska klematisen, Clematis tibetana ssp. vernayi \u2019Orange Peel\u2019. den lilla sittplatsen med krukad Agave.<\/p><\/div>\n<p>Ett s\u00e4tt att ytterligare f\u00f6rst\u00e4rka djupk\u00e4nslan \u00e4r att l\u00e5na\u00a0blickf\u00e5ng fr\u00e5n omgivningen utanf\u00f6r tr\u00e4dg\u00e5rden. En vacker\u00a0utsikt, en avl\u00e4gsen kulle, ett kyrktorn eller ett vackert tr\u00e4d\u00a0p\u00e5 granntomten som f\u00e5ngar din uppm\u00e4rksamhet g\u00f6r att\u00a0din tr\u00e4dg\u00e5rd k\u00e4nns st\u00f6rre. Se till att blickf\u00e5ngen inte\u00a0d\u00f6ljs f\u00f6r mycket av v\u00e4xter och andra f\u00f6rem\u00e5l.\u00a0D\u00e4remot f\u00e5r de\u00a0g\u00e4rna ramas in av v\u00e4xter eller\u00a0synas genom ett uppklippt f\u00f6nster i en h\u00e4ck eller \u00f6ppning i\u00a0ett buskage.<\/p>\n<p>Ett \u00f6ppet omr\u00e5de f\u00e5r ett visuellt st\u00f6rre djup om\u00a0blickf\u00e5ng placeras framf\u00f6r respektive bortanf\u00f6r det. Det\u00a0beror p\u00e5 att v\u00e5r blick stannar upp vid det fr\u00e4mre av dem\u00a0innan \u00f6gat\u00a0vandrar vidare mot det bortre.\u00a0Har du m\u00f6jlighet att l\u00e4gga in blickf\u00e5ng som kan ses\u00a0inifr\u00e5n huset \u00e4r det ett extra plus eftersom du d\u00e5 kan njuta\u00a0av dem \u00e4ven under dagar med d\u00e5ligt v\u00e4der.<\/p>\n<h5><a title=\"Knep som f\u00f6rstorar\" href=\"http:\/\/rosenholm.se\/?page_id=5215\">Knep som f\u00f6rstorar<\/a><\/h5>\n","protected":false},"excerpt":{"rendered":"<p>Med blickf\u00e5ng menas ett omr\u00e5de eller f\u00f6rem\u00e5l som effektivt drar till sig betraktarens blick. Det kan vara i\u00a0stort sett vad som helst, en kruka, en tr\u00e4dg\u00e5rdsb\u00e4nk,\u00a0en stol, en d\u00f6rr, en&hellip; <\/p>\n","protected":false},"author":1,"featured_media":0,"parent":0,"menu_order":0,"comment_status":"closed","ping_status":"closed","template":"","meta":{"footnotes":""},"class_list":["post-4967","page","type-page","status-publish","hentry"],"_links":{"self":[{"href":"https:\/\/rosenholm.se\/index.php?rest_route=\/wp\/v2\/pages\/4967","targetHints":{"allow":["GET"]}}],"collection":[{"href":"https:\/\/rosenholm.se\/index.php?rest_route=\/wp\/v2\/pages"}],"about":[{"href":"https:\/\/rosenholm.se\/index.php?rest_route=\/wp\/v2\/types\/page"}],"author":[{"embeddable":true,"href":"https:\/\/rosenholm.se\/index.php?rest_route=\/wp\/v2\/users\/1"}],"replies":[{"embeddable":true,"href":"https:\/\/rosenholm.se\/index.php?rest_route=%2Fwp%2Fv2%2Fcomments&post=4967"}],"version-history":[{"count":16,"href":"https:\/\/rosenholm.se\/index.php?rest_route=\/wp\/v2\/pages\/4967\/revisions"}],"predecessor-version":[{"id":5930,"href":"https:\/\/rosenholm.se\/index.php?rest_route=\/wp\/v2\/pages\/4967\/revisions\/5930"}],"wp:attachment":[{"href":"https:\/\/rosenholm.se\/index.php?rest_route=%2Fwp%2Fv2%2Fmedia&parent=4967"}],"curies":[{"name":"wp","href":"https:\/\/api.w.org\/{rel}","templated":true}]}}