{"id":462,"date":"2014-01-23T22:59:03","date_gmt":"2014-01-23T21:59:03","guid":{"rendered":"http:\/\/rosenholm.se\/?page_id=462"},"modified":"2015-07-09T22:30:33","modified_gmt":"2015-07-09T20:30:33","slug":"exotiskt-i-malardalen","status":"publish","type":"page","link":"https:\/\/rosenholm.se\/?page_id=462","title":{"rendered":"Exotiskt i M\u00e4lardalen"},"content":{"rendered":"<p lang=\"sv-SE\" align=\"LEFT\"><em>Text: Ann-Christin Rosenholm<\/em><br \/>\n<em> Bild: Dan Rosenholm (2005)<\/em><\/p>\n<p lang=\"sv-SE\" align=\"LEFT\">Att kaktusar kan \u00f6vervintra utomhus i M\u00e4lardalen tror man inte. Inte f\u00f6rr\u00e4n man bes\u00f6kt Ewa och Sven W\u00e5hlins tr\u00e4dg\u00e5rd i Skokloster. H\u00e4r frodas och till och med blommar kaktusarna. I den steniga och v\u00e4ldr\u00e4nerade marken vid sidan av huset breder de ut sig som om de vore p\u00e5 betydligt sydligare breddgrader. Och det \u00e4r inte bara de som tycks tro att de befinner sig betydligt l\u00e4ngre s\u00f6derut \u00e4n ungef\u00e4r fem mil nordv\u00e4st om Stockholm. Man beh\u00f6ver sj\u00e4lv bara se p\u00e5 de j\u00e4ttelika druvklasarna, mognande persikorna och stiliga agavena i krukor f\u00f6r att man ska b\u00f6rja tro att man \u00e4r i Syditalien.<\/p>\n<div id=\"attachment_509\" style=\"width: 1010px\" class=\"wp-caption alignnone\"><a href=\"http:\/\/rosenholm.se\/wp-content\/uploads\/2014\/01\/DSC07943.jpg\"><img loading=\"lazy\" decoding=\"async\" aria-describedby=\"caption-attachment-509\" class=\"size-full wp-image-509\" src=\"http:\/\/rosenholm.se\/wp-content\/uploads\/2014\/01\/DSC07943.jpg\" alt=\"Agave i rostbrun urna ger den lilla terrassen en sydeuropeisk st\u00e4mning. Till v\u00e4nster i bilden skymtar ena \u00e4nden av den magnifika vindruvsb\u00e5gen. Till h\u00f6ger syns r\u00f6da kl\u00e4ngrosor, Rosa \u2019Flammentanz\u2019, i stilfull samplantering med gullnattljus, Oenothera fruticosa. \" width=\"1000\" height=\"667\" srcset=\"https:\/\/rosenholm.se\/wp-content\/uploads\/2014\/01\/DSC07943.jpg 1000w, https:\/\/rosenholm.se\/wp-content\/uploads\/2014\/01\/DSC07943-256x170.jpg 256w, https:\/\/rosenholm.se\/wp-content\/uploads\/2014\/01\/DSC07943-350x233.jpg 350w, https:\/\/rosenholm.se\/wp-content\/uploads\/2014\/01\/DSC07943-512x341.jpg 512w\" sizes=\"auto, (max-width: 1000px) 100vw, 1000px\" \/><\/a><p id=\"caption-attachment-509\" class=\"wp-caption-text\">Agave i rostbrun urna ger den lilla terrassen en sydeuropeisk st\u00e4mning. Till v\u00e4nster skymtar den magnifika vindruvsb\u00e5gen, till h\u00f6ger r\u00f6da kl\u00e4ngrosor, <em>Rosa<\/em> \u2019Flammentanz\u2019, i stilfull samplantering med gullnattljus, <em>Oenothera fruticosa<\/em>.<\/p><\/div>\n<p align=\"LEFT\">Redan n\u00e4r man kommer k\u00f6rande p\u00e5 villav\u00e4gen utanf\u00f6r Ewa och Sven W\u00e5hlins hus, t\u00e4nker man att h\u00e4r bor det tr\u00e4dg\u00e5rdsm\u00e4nniskor. Den lilla g\u00e5rden mot gatan \u00e4r t\u00e4ckt av stilrent grus och till h\u00f6ger syns en naturlig bergh\u00e4ll omsluten av vackra och ovanliga v\u00e4xter. H\u00e4r v\u00e4xer bland annat ett tulpantr\u00e4d med stora vackra blad som i formen p\u00e5minner om tulpaner. Just det h\u00e4r \u00e4r en pelarvariant,<em> Liriodendron tulipifera<\/em> \u2019Fastigiatum\u2019, som passar utm\u00e4rkt f\u00f6r mindre ytor och tillsammans med perenner. Den \u00e4r h\u00e4rdig till zon 2 och frodas alldeles utm\u00e4rkt h\u00e4r i Skokloster som \u00e4r Sveriges allra nordligaste zon 2 omr\u00e5de. Om man forts\u00e4tter att strosa runt l\u00e4ngs den lilla stig som omger bergh\u00e4llen uppt\u00e4cker man \u00a0intressanta perenner som den mycket vackra gullgentianian,<em> Gentiania lutea<\/em>, som b\u00e4r gula r\u00f6rformade blommor p\u00e5 halvmeterh\u00f6ga stj\u00e4lkar under juli, och indiskt fotblad, <em>Podophyllum hexandrum<\/em>, vilken ger fina blommor i maj och h\u00e4ngande r\u00f6d frukt fram\u00e5t h\u00f6stkanten.<\/p>\n<div id=\"attachment_489\" style=\"width: 310px\" class=\"wp-caption alignleft\"><a href=\"http:\/\/rosenholm.se\/wp-content\/uploads\/2014\/01\/DSC07966.jpg\"><img loading=\"lazy\" decoding=\"async\" aria-describedby=\"caption-attachment-489\" class=\"size-large wp-image-489\" src=\"http:\/\/rosenholm.se\/wp-content\/uploads\/2014\/01\/DSC07966-300x400.jpg\" alt=\"Opuntian trivs bra i stenen tillsammans med takl\u00f6k, S\u00e5 bra att den till och med har g\u00e5tt i blom.\" width=\"300\" height=\"400\" srcset=\"https:\/\/rosenholm.se\/wp-content\/uploads\/2014\/01\/DSC07966-300x400.jpg 300w, https:\/\/rosenholm.se\/wp-content\/uploads\/2014\/01\/DSC07966-192x256.jpg 192w, https:\/\/rosenholm.se\/wp-content\/uploads\/2014\/01\/DSC07966-262x350.jpg 262w, https:\/\/rosenholm.se\/wp-content\/uploads\/2014\/01\/DSC07966.jpg 750w\" sizes=\"auto, (max-width: 300px) 100vw, 300px\" \/><\/a><p id=\"caption-attachment-489\" class=\"wp-caption-text\">Opuntian trivs bra i stenen tillsammans med takl\u00f6k, S\u00e5 bra att den till och med har g\u00e5tt i blom.<\/p><\/div>\n<p><span style=\"line-height: 1.5em;\">N\u00e4stan h\u00f6gst upp p\u00e5 h\u00e4llen breder en opuntia ut sig, till synes helt omedveten om att den egentligen inte borde \u00f6vervintra s\u00e5 h\u00e4r l\u00e5ngt norrut. Men det har den nu gjort i hela tre \u00e5r utan n\u00e5gra st\u00f6rre problem. L\u00e4ngre bort l\u00e4ngs husv\u00e4ggen v\u00e4xer fler kaktusar. En del av hemligheten med de lyckade odlingarna av kaktusar och andra \u00f6mt\u00e5liga v\u00e4xter \u00e4r att Sven och Ewa ger dem en v\u00e4ldr\u00e4nerad v\u00e4xtplats helt fri fr\u00e5n st\u00e5ende vinterfukt. \u00c4r f\u00f6rh\u00e5llandena p\u00e5 platsen inte tillr\u00e4ckligt bra tills\u00e4tter de grus och sand lokalt i planteringsgropen f\u00f6r att f\u00f6rb\u00e4ttra dr\u00e4neringen. Vad g\u00e4ller vinterskydd g\u00f6r de inga st\u00f6rre \u00e5th\u00e4vor.<\/span><\/p>\n<p>\u2013\u00a0Fr\u00e5n b\u00f6rjan lade vi en glasskiva \u00f6ver kaktusarna f\u00f6r att det skulle bli helt torrt p\u00e5 vintern, men det g\u00f6r vi inte alltid numera och det har g\u00e5tt bra \u00e4nd\u00e5, ber\u00e4ttar Ewa och Sven som b\u00e5da gillar att odla nya ovanliga v\u00e4xter. Vi \u00e4r v\u00e4xtsamlare, men vi vill ocks\u00e5 att milj\u00f6n runt v\u00e5ra odlingar ska vara vacker och inbjudande. D\u00e4rf\u00f6r vinnl\u00e4gger vi oss mycket om sj\u00e4lva designen och utf\u00f6randet av planteringsytor, murar, g\u00e5ngar och allt annat som beh\u00f6vs f\u00f6r att g\u00f6ra en tr\u00e4dg\u00e5rd trevlig. Inspirationen f\u00e5r vi fr\u00e5n b\u00f6cker, reportage, resor och bes\u00f6k i andras tr\u00e4dg\u00e5rdar. Engelska tr\u00e4dg\u00e5rdar \u00e4r en viktig f\u00f6rebild f\u00f6r oss.<\/p>\n<h5 lang=\"sv-SE\" align=\"LEFT\">Ett stort rum i mitten<\/h5>\n<div id=\"attachment_490\" style=\"width: 310px\" class=\"wp-caption alignright\"><a href=\"http:\/\/rosenholm.se\/wp-content\/uploads\/2014\/01\/DSC09627.jpg\"><img loading=\"lazy\" decoding=\"async\" aria-describedby=\"caption-attachment-490\" class=\"size-large wp-image-490\" src=\"http:\/\/rosenholm.se\/wp-content\/uploads\/2014\/01\/DSC09627-300x400.jpg\" alt=\"P\u00e5 den torra v\u00e4xtplatsen h\u00f6gst upp p\u00e5 bergh\u00e4llen trivs och \u00f6vervintrar kaktusar.\" width=\"300\" height=\"400\" srcset=\"https:\/\/rosenholm.se\/wp-content\/uploads\/2014\/01\/DSC09627-300x400.jpg 300w, https:\/\/rosenholm.se\/wp-content\/uploads\/2014\/01\/DSC09627-192x256.jpg 192w, https:\/\/rosenholm.se\/wp-content\/uploads\/2014\/01\/DSC09627-262x350.jpg 262w, https:\/\/rosenholm.se\/wp-content\/uploads\/2014\/01\/DSC09627.jpg 750w\" sizes=\"auto, (max-width: 300px) 100vw, 300px\" \/><\/a><p id=\"caption-attachment-490\" class=\"wp-caption-text\">P\u00e5 den torra v\u00e4xtplatsen h\u00f6gst upp p\u00e5 bergh\u00e4llen trivs och \u00f6vervintrar kaktusar.<\/p><\/div>\n<p align=\"LEFT\">Det \u00e4r l\u00e4tt att dr\u00f6ja sig kvar i den fr\u00e4mre tr\u00e4dg\u00e5rden. F\u00f6rutom bergh\u00e4llen finns h\u00e4r ocks\u00e5 ett litet japanskt tr\u00e4dg\u00e5rdsrum med bland annat det eleganta tr\u00e4det storbladig katsura, <i>Cercidiphyllum magnificum, <\/i>och den l\u00e5ga r\u00f6dblommande forrestii-rododendronen \u2019Gertrud Sch\u00e4le&#8217;. H\u00e4r \u00e4r mycket att beundra, men det \u00e4r \u00e4nd\u00e5 bakom h\u00f6rnet som det mest fantastiska v\u00e4ntar. Genom ett mysigt valv mellan villan och en f\u00f6rr\u00e5dsbyggnad kommer man ut p\u00e5 ett stort tr\u00e4d\u00e4ck med en helt enast\u00e5ende utsikt. Svepande smaragdgr\u00f6na gr\u00e4smattor, b\u00f6ljande rabatter, naturliga stenar och h\u00e4llar breder ut sig i den kuperade, svagt sluttande tr\u00e4dg\u00e5rden nedanf\u00f6r ens f\u00f6tter. Mellan tr\u00e4dens stammar syns vita segelb\u00e5tar p\u00e5 M\u00e4larens glittrande vatten. Det \u00e4r oemotst\u00e5ndligt vackert.<\/p>\n<p lang=\"sv-SE\" align=\"LEFT\">H\u00e4r uppifr\u00e5n tr\u00e4d\u00e4cket har man en god \u00f6verblick \u00f6ver tr\u00e4dg\u00e5rden samtidigt som man inte kan se allt som d\u00f6ljer sig bakom skyddande blandade planteringar och tr\u00e4d. Redan fr\u00e5n b\u00f6rjan visste Ewa och Sven att de ville skapa en tr\u00e4dg\u00e5rd med ett st\u00f6rre rum i mitten och m\u00e5nga sm\u00e5rum p\u00e5 sidorna, vilket \u00e4r ett utomordentligt effektivt s\u00e4tt att skapa en v\u00e4lbalanserad tr\u00e4dg\u00e5rd som k\u00e4nns b\u00e5de harmonisk och intressant. Det stora rummet bidrar med den s\u00e5 viktiga k\u00e4nslan av rymd medan sm\u00e5rummen skapar intimitet och den speciella k\u00e4nsla av f\u00f6rv\u00e4ntan och nyfikenhet som uppst\u00e5r n\u00e4r inte hela tr\u00e4dg\u00e5rden kan \u00f6verblickas p\u00e5 en g\u00e5ng.<\/p>\n<div id=\"attachment_497\" style=\"width: 1010px\" class=\"wp-caption alignnone\"><a href=\"http:\/\/rosenholm.se\/wp-content\/uploads\/2014\/01\/DSC07955.jpg\"><img loading=\"lazy\" decoding=\"async\" aria-describedby=\"caption-attachment-497\" class=\"size-full wp-image-497\" src=\"http:\/\/rosenholm.se\/wp-content\/uploads\/2014\/01\/DSC07955.jpg\" alt=\"Uppifr\u00e5n det stora tr\u00e4d\u00e4cket \u00e4r utsikten magnifik. Med M\u00e4larens glittrande vatten som fond breder makarna W\u00e5hlins vackra samlartr\u00e4dg\u00e5rd ut sig \u00f6ver den svagt sluttande s\u00f6dersl\u00e4nten.\" width=\"1000\" height=\"667\" srcset=\"https:\/\/rosenholm.se\/wp-content\/uploads\/2014\/01\/DSC07955.jpg 1000w, https:\/\/rosenholm.se\/wp-content\/uploads\/2014\/01\/DSC07955-256x170.jpg 256w, https:\/\/rosenholm.se\/wp-content\/uploads\/2014\/01\/DSC07955-350x233.jpg 350w, https:\/\/rosenholm.se\/wp-content\/uploads\/2014\/01\/DSC07955-512x341.jpg 512w\" sizes=\"auto, (max-width: 1000px) 100vw, 1000px\" \/><\/a><p id=\"caption-attachment-497\" class=\"wp-caption-text\">Uppifr\u00e5n det stora tr\u00e4d\u00e4cket \u00e4r utsikten magnifik. Med M\u00e4larens glittrande vatten som fond breder makarna W\u00e5hlins vackra samlartr\u00e4dg\u00e5rd ut sig \u00f6ver den svagt sluttande s\u00f6dersl\u00e4nten.<\/p><\/div>\n<p lang=\"sv-SE\" align=\"LEFT\">Trots en niv\u00e5skillnad p\u00e5 n\u00e4stan tv\u00e5 meter \u00e4r det stora tr\u00e4d\u00e4cket enast\u00e5ende v\u00e4l f\u00f6rbundet med den omgivande tr\u00e4dg\u00e5rden. K\u00e4nslan av uppbyggt d\u00e4ck f\u00f6rvillas bort helt och h\u00e5llet av frodiga v\u00e4xter som kl\u00e4r in och trollar bort h\u00f6jdskillnaden. Likt en tjock svagt lutande matta kl\u00e4r krypoxb\u00e4r in den branta lutningen fr\u00e5n tr\u00e4d\u00e4cket ner mot gr\u00e4smattan. Den breder ut sig \u00e5t alla h\u00e5ll och hade varit en bra bit uppe p\u00e5 uteplatsen om man inte h\u00e5llit efter den med sekat\u00f6ren. L\u00e4ngs ett glest r\u00e4cke av brunm\u00e5lat tr\u00e4 slingrar sig en \u00f6verd\u00e5digt blommande jackmanklematis. Via trappor p\u00e5 \u00f6mse sidor om d\u00e4cket kan man snabbt och enkelt komma ner till de engelskt v\u00e4lsk\u00f6tta vindlande gr\u00e4smattorna och vandra vidare in bland ymniga rabatter, stiliga gr\u00e4s, ovanliga tr\u00e4d och \u00e4tbara l\u00e4ckerheter.<\/p>\n<h5 lang=\"sv-SE\" align=\"LEFT\">Naturtrogen damm<\/h5>\n<div id=\"attachment_1901\" style=\"width: 360px\" class=\"wp-caption alignleft\"><a href=\"http:\/\/rosenholm.se\/wp-content\/uploads\/2014\/01\/DSC_0894.jpg\"><img loading=\"lazy\" decoding=\"async\" aria-describedby=\"caption-attachment-1901\" class=\"size-large wp-image-1901\" src=\"http:\/\/rosenholm.se\/wp-content\/uploads\/2014\/01\/DSC_0894-350x466.jpg\" alt=\"Tr\u00e4dg\u00e5rdsdammens yta krusas av ett stilla sommarregn som hastigt drar f\u00f6rbi. Bortanf\u00f6r dammen syns den sp\u00e4nnande lilla h\u00e4ngs\u00e4lgsgrottan.\" width=\"350\" height=\"466\" srcset=\"https:\/\/rosenholm.se\/wp-content\/uploads\/2014\/01\/DSC_0894-350x466.jpg 350w, https:\/\/rosenholm.se\/wp-content\/uploads\/2014\/01\/DSC_0894-187x250.jpg 187w, https:\/\/rosenholm.se\/wp-content\/uploads\/2014\/01\/DSC_0894-320x426.jpg 320w, https:\/\/rosenholm.se\/wp-content\/uploads\/2014\/01\/DSC_0894.jpg 750w, https:\/\/rosenholm.se\/wp-content\/uploads\/2014\/01\/DSC_0894-350x466@2x.jpg 700w, https:\/\/rosenholm.se\/wp-content\/uploads\/2014\/01\/DSC_0894-187x250@2x.jpg 374w, https:\/\/rosenholm.se\/wp-content\/uploads\/2014\/01\/DSC_0894-320x426@2x.jpg 640w\" sizes=\"auto, (max-width: 350px) 100vw, 350px\" \/><\/a><p id=\"caption-attachment-1901\" class=\"wp-caption-text\">Tr\u00e4dg\u00e5rdsdammens yta krusas av ett stilla sommarregn som hastigt drar f\u00f6rbi. Bortanf\u00f6r dammen syns den sp\u00e4nnande lilla h\u00e4ngs\u00e4lgsgrottan.<\/p><\/div>\n<p lang=\"sv-SE\" align=\"LEFT\">Inb\u00e4ddad mellan milj\u00f6skapande v\u00e4xter, bergh\u00e4llar och en strand av fint grus, ligger tr\u00e4dg\u00e5rdsdammen som en \u00e5terspegling av M\u00e4larens vatten en bit bort. Det ser ut som om dammen alltid har funnits h\u00e4r, den sm\u00e4lter sj\u00e4lvklart in i milj\u00f6n. S\u00e5 har den ocks\u00e5 placerats i en naturlig svacka, vilket alltid \u00e4r det mest lyckade n\u00e4r man vill skapa en informell damm som ska efterlikna naturens egna sm\u00e5 vattendrag.<\/p>\n<p lang=\"sv-SE\" align=\"LEFT\">Runt dammen v\u00e4xer bambu, dagliljor, ormbunkar, funkior av olika slag och en bollpil i buskform, som h\u00e5lls efter med saxen f\u00f6r att inte bli f\u00f6r yvig. I vattnet hittar man de eleganta bladen av iris och bredkaveldun som kontrasterar effektfullt mot n\u00e4ckrosornas helt horisontella blad. P\u00e5 sl\u00e4ta, sk\u00f6na trampstenar kan man kliva rakt ut i dammen f\u00f6r att p\u00e5 n\u00e4ra h\u00e5ll studera guldfiskarnas livliga lekar i det klara vattnet.<\/p>\n<p lang=\"sv-SE\" align=\"LEFT\">Det \u00e4r rofyllt, stilla och helt ljuvligt p\u00e5 grusstranden invid den lilla dammen d\u00e4r man sitter som i en gl\u00e4nta omgiven av tr\u00e4dg\u00e5rdens lummiga gr\u00f6nska. Bredvid den j\u00e4ttelika ruggen av elefantmiskantus,\u00a0<i>Miscanthus<\/i>\u00a0x<i> giganteus<\/i>, st\u00e5r en en caf\u00e9grupp f\u00f6r tv\u00e5. H\u00e4r kan man avnjuta sitt kaffe omgiven av de naturliga materialens alla vackra former och ytor. Smala gr\u00e4sstr\u00e5n mot stickiga barr och skrovligt r\u00e4fflat berg mot finkornigt grus \u00e4r vackra kompositioner som man ofta inte uppfattar f\u00f6rr\u00e4n man sitter stilla ner helt n\u00e4ra och ger sig tid att se.<\/p>\n<div id=\"attachment_511\" style=\"width: 1010px\" class=\"wp-caption alignnone\"><a href=\"http:\/\/rosenholm.se\/wp-content\/uploads\/2014\/01\/DSC_5645.jpg\"><img loading=\"lazy\" decoding=\"async\" aria-describedby=\"caption-attachment-511\" class=\"size-full wp-image-511\" src=\"http:\/\/rosenholm.se\/wp-content\/uploads\/2014\/01\/DSC_5645.jpg\" alt=\"Den lilla cafegruppen invid dammen k\u00e4nns h\u00e4rligt inbjudande fortfarande n\u00e4r h\u00f6sten b\u00f6rjat f\u00e4rga tr\u00e4dg\u00e5rdens blad och regnmolnen h\u00e4nger tunga.\" width=\"1000\" height=\"665\" srcset=\"https:\/\/rosenholm.se\/wp-content\/uploads\/2014\/01\/DSC_5645.jpg 1000w, https:\/\/rosenholm.se\/wp-content\/uploads\/2014\/01\/DSC_5645-256x170.jpg 256w, https:\/\/rosenholm.se\/wp-content\/uploads\/2014\/01\/DSC_5645-350x232.jpg 350w, https:\/\/rosenholm.se\/wp-content\/uploads\/2014\/01\/DSC_5645-512x340.jpg 512w\" sizes=\"auto, (max-width: 1000px) 100vw, 1000px\" \/><\/a><p id=\"caption-attachment-511\" class=\"wp-caption-text\">Den lilla caf\u00e9gruppen invid dammen k\u00e4nns h\u00e4rligt inbjudande fortfarande n\u00e4r h\u00f6sten b\u00f6rjat f\u00e4rga tr\u00e4dg\u00e5rdens blad och regnmolnen h\u00e4nger tunga.<\/p><\/div>\n<h5 lang=\"sv-SE\" align=\"LEFT\">Sp\u00e4nnande v\u00e4xter<\/h5>\n<p align=\"LEFT\">P\u00e5 andra sidan grusstranden st\u00e5r en h\u00e4ngs\u00e4lg, <i>Salix caprea <\/i>\u2019Pendula\u2019, som med sitt v\u00e4xts\u00e4tt bildar en liten grotta, en riktig \u00f6nskeplats f\u00f6r lekande barn att dra sig undan till. Ewa och Sven h\u00e5ller efter den med klippning och har ocks\u00e5 skapat en liten ing\u00e5ng som inbjuder till bes\u00f6k i det lilla dolda krypinet. Vid sidan om s\u00e4lggrottan finner man ing\u00e5ngen till ett annat litet tr\u00e4dg\u00e5rdsrum, rummet f\u00f6r torkvindan. Det \u00e4r en liten rund plats som f\u00f6rutom ing\u00e5ngen \u00e4r fullst\u00e4ndigt inramad av skyddande buskar och tr\u00e4d. H\u00e4r p\u00e5 sin egen skyddade plats kan torkvindan f\u00e5 stoltsera utan att f\u00f6rst\u00f6ra stilen och intrycket f\u00f6r de andra delarna av tr\u00e4dg\u00e5rden.<\/p>\n<div id=\"attachment_501\" style=\"width: 310px\" class=\"wp-caption alignright\"><a href=\"http:\/\/rosenholm.se\/wp-content\/uploads\/2014\/01\/DSC09615.jpg\"><img loading=\"lazy\" decoding=\"async\" aria-describedby=\"caption-attachment-501\" class=\"size-large wp-image-501\" src=\"http:\/\/rosenholm.se\/wp-content\/uploads\/2014\/01\/DSC09615-300x400.jpg\" alt=\"T\u00e4ta klasar av bl\u00e5nande vindruvor, Vitis vinifera \u2019Nordica\u2019, pryder tr\u00e4dg\u00e5rden i oktober. Tyv\u00e4rr kr\u00e4ver den h\u00e4r sorten en god sommar f\u00f6r att hinna mogna i tid f\u00f6re frosten.\" width=\"300\" height=\"400\" srcset=\"https:\/\/rosenholm.se\/wp-content\/uploads\/2014\/01\/DSC09615-300x400.jpg 300w, https:\/\/rosenholm.se\/wp-content\/uploads\/2014\/01\/DSC09615-192x256.jpg 192w, https:\/\/rosenholm.se\/wp-content\/uploads\/2014\/01\/DSC09615-262x350.jpg 262w, https:\/\/rosenholm.se\/wp-content\/uploads\/2014\/01\/DSC09615.jpg 750w\" sizes=\"auto, (max-width: 300px) 100vw, 300px\" \/><\/a><p id=\"caption-attachment-501\" class=\"wp-caption-text\">T\u00e4ta klasar av bl\u00e5nande vindruvor, Vitis \u2019Nordica\u2019, pryder tr\u00e4dg\u00e5rden i oktober. Tyv\u00e4rr kr\u00e4ver den h\u00e4r sorten en god sommar f\u00f6r att hinna mogna i tid f\u00f6re frosten.<\/p><\/div>\n<p align=\"LEFT\"><span style=\"line-height: 1.5em;\">Det k\u00e4nns exotiskt i Ewa och Svens tr\u00e4dg\u00e5rd. Det g\u00e5r n\u00e4stan inte att f\u00f6rst\u00e5 att man befinner sig vid M\u00e4larens norra strand n\u00e4r man ser p\u00e5 deras imponerande vindruvsb\u00e5ge med stora sv\u00e4llande klasar och en v\u00e4lm\u00e5ende persika av sorten \u2019Anna Helena\u2019 som klarat sig helt utan krussjuka och b\u00e4r rikligt med v\u00e4lsmakande, finluden frukt. P\u00e5 husets s\u00f6dra gavel kl\u00e4nger ett frodigt bl\u00e5regn, <\/span><i style=\"line-height: 1.5em;\">Wisteria sinensis<\/i><span style=\"line-height: 1.5em;\">, vars l\u00e5nga blomklasar skapar underbar v\u00e4ldoft i maj. L\u00e4ngs en frist\u00e5ende spalj\u00e9 placerad mot husets v\u00e4stra v\u00e4gg dignar det av v\u00e4lsmakande minikiwi-frukter. F\u00f6r att f\u00e5 njuta av dessa mycket s\u00f6ta frukter, som \u00e4r betydligt mindre \u00e4n vanlig kiwi, ska man plantera en hon- respektive hanplanta av kameleontbuske, <\/span><i style=\"line-height: 1.5em;\">Actinidia kolomikta<\/i><span style=\"line-height: 1.5em;\">, i n\u00e4rheten av varandra. Placera dem sedan plockv\u00e4nligt till f\u00f6r den mogna frukten h\u00e4nger bara kvar p\u00e5 plantan under n\u00e5gra f\u00e5 dagar. Att som h\u00e4r l\u00e5ta dem v\u00e4xa vid sidan av en stenkl\u00e4dd g\u00e5ng \u00e4r idealiskt d\u00e5 det ocks\u00e5 \u00e4r l\u00e4tt att se och plocka de \u00e4nnu goda frukterna som just fallit till marken.<\/span><\/p>\n<div id=\"attachment_1897\" style=\"width: 360px\" class=\"wp-caption alignleft\"><a href=\"http:\/\/rosenholm.se\/wp-content\/uploads\/2014\/01\/DSC_0823.jpg\"><img loading=\"lazy\" decoding=\"async\" aria-describedby=\"caption-attachment-1897\" class=\"size-large wp-image-1897\" src=\"http:\/\/rosenholm.se\/wp-content\/uploads\/2014\/01\/DSC_0823-350x524.jpg\" alt=\"Tangutica-klematisen, Clematis \u2019Orange Peel\u2019, som kl\u00e4r in portalen vid agaveterrassen, \u00e4r en egen fr\u00f6s\u00e5dd. Vid f\u00f6tterna rosensmultron, Fragaria x rosea \u2019Pink Panda\u2019.\" width=\"350\" height=\"524\" srcset=\"https:\/\/rosenholm.se\/wp-content\/uploads\/2014\/01\/DSC_0823-350x524.jpg 350w, https:\/\/rosenholm.se\/wp-content\/uploads\/2014\/01\/DSC_0823-166x250.jpg 166w, https:\/\/rosenholm.se\/wp-content\/uploads\/2014\/01\/DSC_0823-320x479.jpg 320w, https:\/\/rosenholm.se\/wp-content\/uploads\/2014\/01\/DSC_0823.jpg 667w, https:\/\/rosenholm.se\/wp-content\/uploads\/2014\/01\/DSC_0823-166x250@2x.jpg 332w, https:\/\/rosenholm.se\/wp-content\/uploads\/2014\/01\/DSC_0823-320x479@2x.jpg 640w\" sizes=\"auto, (max-width: 350px) 100vw, 350px\" \/><\/a><p id=\"caption-attachment-1897\" class=\"wp-caption-text\">Tangutica-klematisen, Clematis \u2019Orange Peel\u2019, som kl\u00e4r in portalen vid agaveterrassen, \u00e4r en egen fr\u00f6s\u00e5dd. Vid f\u00f6tterna rosensmultron, Fragaria x rosea \u2019Pink Panda\u2019.<\/p><\/div>\n<p lang=\"sv-SE\" align=\"LEFT\">Forts\u00e4tter man, f\u00f6rbi kiwispalj\u00e9n, bort l\u00e4ngs skifferg\u00e5ngen kommer man fram till en liten skyddad terrass som f\u00e5r en omissk\u00e4nnlig sydl\u00e4ndsk pr\u00e4gel av en st\u00e5tlig agave i rostf\u00e4rgad urna p\u00e5 en marmorvit piedestal. Intensivt r\u00f6da rosor kl\u00e4nger tillsammans med klematis p\u00e5 den omgivande pergolan. N\u00e5gra grenar fr\u00e5n den n\u00e4rliggande vindruvsb\u00e5gen har ocks\u00e5 f\u00f6rvillat sig hit och sp\u00e4r p\u00e5 den ymniga v\u00e4xtligheten. De oregelbundna skifferplattorna med sin levande yta framh\u00e4ver sk\u00f6nheten hos blommor och blad samtidigt som de ger rummet en ombonad atmosf\u00e4r.<\/p>\n<h5 lang=\"sv-SE\" align=\"LEFT\">Egna fr\u00f6s\u00e5dder<\/h5>\n<p lang=\"sv-SE\" align=\"LEFT\">Under de elva \u00e5r som Ewa och Sven har arbetat med att skapa sin tr\u00e4dg\u00e5rd har de hunnit samla p\u00e5 sig en ansenlig m\u00e4ngd olika v\u00e4xtsk\u00f6nheter. M\u00e5nga har de sj\u00e4lva dragit upp fr\u00e5n fr\u00f6n som de hittat p\u00e5 m\u00e4ssor och plantskolor runt om i landet. S\u00e5 \u00e4r till exempel den frodiga gulblommande Tangutica-klematisen, <em>Clematis<\/em> \u2019Orange Peel\u2019, som bildar ett valv vid ing\u00e5ngen till agaveterrassen av egen s\u00e5dd. Den v\u00e4xer s\u00e5 att man \u00e4r tvungen att h\u00e5lla efter den med sekat\u00f6ren och runt omkring dyker det upp m\u00e5nga nya sm\u00e5 fr\u00f6plantor som man kan gr\u00e4va upp och gl\u00e4dja v\u00e4nner och bekanta med.<\/p>\n<p align=\"LEFT\">Korst\u00f6rne, <i>Gleditsia triacanthos<\/i>, \u00e4r en annan av de m\u00e5nga mindre vanliga v\u00e4xter som paret W\u00e5hlin dragit upp fr\u00e5n fr\u00f6. Den \u00e4r med sitt eleganta v\u00e4xts\u00e4tt och sina sm\u00e5 ormbunkslika blad ett tr\u00e4d som drar blickarna till sig. Den \u00e4r tacksam att odla fr\u00e5n fr\u00f6 och har p\u00e5 fyra \u00e5r hunnit bli ungef\u00e4r tv\u00e5 meter h\u00f6g.<\/p>\n<p align=\"LEFT\">\u2013\u00a0Just nu har vi faktiskt flera sm\u00e5 plantor av korst\u00f6rne eftersom vi har tagit sticklingar, ber\u00e4ttar Ewa och Sven. Det blir sp\u00e4nnande att se hur de utvecklar sig.<\/p>\n<div id=\"attachment_516\" style=\"width: 1010px\" class=\"wp-caption alignnone\"><a href=\"http:\/\/rosenholm.se\/wp-content\/uploads\/2014\/01\/DSC_5640.jpg\"><img loading=\"lazy\" decoding=\"async\" aria-describedby=\"caption-attachment-516\" class=\"size-full wp-image-516\" src=\"http:\/\/rosenholm.se\/wp-content\/uploads\/2014\/01\/DSC_5640.jpg\" alt=\"De sprakande f\u00e4rgerna som h\u00f6stens pensel trollar fram hos gullt\u00f6reln ackompanjeras effektfullt av funkiornas kr\u00e4mgula, sockblommans tuffsigt rostiga och dagliljans fortfarande gr\u00f6na blad. \" width=\"1000\" height=\"667\" srcset=\"https:\/\/rosenholm.se\/wp-content\/uploads\/2014\/01\/DSC_5640.jpg 1000w, https:\/\/rosenholm.se\/wp-content\/uploads\/2014\/01\/DSC_5640-256x170.jpg 256w, https:\/\/rosenholm.se\/wp-content\/uploads\/2014\/01\/DSC_5640-350x233.jpg 350w, https:\/\/rosenholm.se\/wp-content\/uploads\/2014\/01\/DSC_5640-512x341.jpg 512w\" sizes=\"auto, (max-width: 1000px) 100vw, 1000px\" \/><\/a><p id=\"caption-attachment-516\" class=\"wp-caption-text\">De sprakande f\u00e4rgerna som h\u00f6stens pensel trollar fram hos gullt\u00f6reln ackompanjeras effektfullt av funkiornas kr\u00e4mgula, sockblommans tuffsigt rostiga och dagliljans fortfarande gr\u00f6na blad.<\/p><\/div>\n<p>De sm\u00e5 sticklingarna f\u00e5r v\u00e4xa till sig i den speciella barnkammaren f\u00f6r v\u00e4xter p\u00e5 husets v\u00e4stra sida.H\u00e4r samsas de med nya s\u00e5dder och unga plantor som \u00e4nnu inte har placerats ut i tr\u00e4dg\u00e5rden. Fr\u00e5n b\u00f6rjan var det h\u00e4r egentligen en k\u00f6kstr\u00e4dg\u00e5rd, men s\u00e5dderna av nya oemotst\u00e5ndliga fler\u00e5riga v\u00e4xter har tagit \u00f6ver allt mer av utrymmet. H\u00e4r experimenterar och pr\u00f6var Ewa och Sven nya bed\u00e5rande v\u00e4xter som s\u00e5 sm\u00e5ningom ska flyttas ut och berika den redan fantastiska milj\u00f6n i denna artrika samlartr\u00e4dg\u00e5rd.<\/p>\n<h5 align=\"LEFT\"><a title=\"W\u00e5hlins b\u00e4sta tips\" href=\"http:\/\/rosenholm.se\/?page_id=662\">W\u00e5hlins b\u00e4sta tips<\/a><\/h5>\n","protected":false},"excerpt":{"rendered":"<p>Text: Ann-Christin Rosenholm Bild: Dan Rosenholm (2005) Att kaktusar kan \u00f6vervintra utomhus i M\u00e4lardalen tror man inte. Inte f\u00f6rr\u00e4n man bes\u00f6kt Ewa och Sven W\u00e5hlins tr\u00e4dg\u00e5rd i Skokloster. H\u00e4r frodas&hellip; <\/p>\n","protected":false},"author":1,"featured_media":0,"parent":362,"menu_order":0,"comment_status":"closed","ping_status":"closed","template":"","meta":{"footnotes":""},"class_list":["post-462","page","type-page","status-publish","hentry"],"_links":{"self":[{"href":"https:\/\/rosenholm.se\/index.php?rest_route=\/wp\/v2\/pages\/462","targetHints":{"allow":["GET"]}}],"collection":[{"href":"https:\/\/rosenholm.se\/index.php?rest_route=\/wp\/v2\/pages"}],"about":[{"href":"https:\/\/rosenholm.se\/index.php?rest_route=\/wp\/v2\/types\/page"}],"author":[{"embeddable":true,"href":"https:\/\/rosenholm.se\/index.php?rest_route=\/wp\/v2\/users\/1"}],"replies":[{"embeddable":true,"href":"https:\/\/rosenholm.se\/index.php?rest_route=%2Fwp%2Fv2%2Fcomments&post=462"}],"version-history":[{"count":51,"href":"https:\/\/rosenholm.se\/index.php?rest_route=\/wp\/v2\/pages\/462\/revisions"}],"predecessor-version":[{"id":7848,"href":"https:\/\/rosenholm.se\/index.php?rest_route=\/wp\/v2\/pages\/462\/revisions\/7848"}],"up":[{"embeddable":true,"href":"https:\/\/rosenholm.se\/index.php?rest_route=\/wp\/v2\/pages\/362"}],"wp:attachment":[{"href":"https:\/\/rosenholm.se\/index.php?rest_route=%2Fwp%2Fv2%2Fmedia&parent=462"}],"curies":[{"name":"wp","href":"https:\/\/api.w.org\/{rel}","templated":true}]}}