{"id":434,"date":"2014-01-23T19:48:46","date_gmt":"2014-01-23T18:48:46","guid":{"rendered":"http:\/\/rosenholm.se\/?page_id=434"},"modified":"2014-05-11T22:10:41","modified_gmt":"2014-05-11T20:10:41","slug":"sma-tradgardsrum","status":"publish","type":"page","link":"https:\/\/rosenholm.se\/?page_id=434","title":{"rendered":"Sm\u00e5 tr\u00e4dg\u00e5rdsrum"},"content":{"rendered":"<p><em>Text: Ann-Christin Rosenholm<\/em><br \/>\n<em>Bild: Dan Rosenholm<\/em><\/p>\n<p lang=\"sv-SE\"><span style=\"line-height: 1.5em;\">Med compact living-trenden har id\u00e9er om hur bostadsytan effektivt kan utnyttjas fr\u00e5n golv till tak f\u00e5tt allm\u00e4n spridning. Liknande typer av id\u00e9er g\u00e5r att anv\u00e4nda i tr\u00e4dg\u00e5rden. L\u00e5t den bli en del av din bostad, planera och inred den med omtanke p\u00e5 liknande s\u00e4tt som med rummen inomhus. Har du en villatr\u00e4dg\u00e5rd finns troligen utrymme f\u00f6r flera olika rum. Vid ett radhus finns ofta plats f\u00f6r minst tv\u00e5 sm\u00e5 tr\u00e4dg\u00e5rdsrum plus en vid entr\u00e9n och en p\u00e5 baksidan. En av f\u00f6rdelarna med rumsindelning \u00e4r att tomten upplevs som st\u00f6rre eftersom allt inte \u00f6verblickas p\u00e5 en g\u00e5ng. Nyfikenheten p\u00e5 vad som d\u00f6ljer sig bakom n\u00e4sta h\u00f6rn v\u00e4cks och f\u00f6r den nye bes\u00f6karen tycks det ofta som om det finns fler sm\u00e5 g\u00f6mda vr\u00e5r \u00e4n det egentligen g\u00f6r.<\/span><\/p>\n<p>T\u00e4nk i termer av v\u00e4ggar, golv och tak n\u00e4r du inreder din tr\u00e4dg\u00e5rd. Skapa v\u00e4ggar i form av buskar, h\u00e4ckar, plank eller staket och tak av en v\u00e4xtbekl\u00e4dd pergola eller krontr\u00e4d. H\u00e4r \u00e4r det viktigt att du inte v\u00e4ljer tr\u00e4d som v\u00e4xer sig f\u00f6r stora. N\u00e4r v\u00e4ggarna och taken \u00e4r p\u00e5 plats \u00e4r det dags att b\u00f6rja inreda och m\u00f6blera tr\u00e4dg\u00e5rdsrummen. Ur b\u00e5de sk\u00f6nhets- och sk\u00f6tselsynpunkt \u00e4r en sammanh\u00e4ngande planteringsyta att f\u00f6redra framf\u00f6r v\u00e4xter utduttade i gr\u00e4smattan. D\u00e4r kan du blanda buskar och perenner av olika storlek och h\u00f6jd.<\/p>\n<p>Genom att plantera i olika h\u00f6jdlager kan du utnyttja en och samma markyta f\u00f6r olika v\u00e4xter. Under ett l\u00f6vtr\u00e4d, med inte alltf\u00f6r kompakt krona, kan du plantera skuggt\u00e5liga perenner och bland perennerna kan tidiga v\u00e5rl\u00f6kar placeras. L\u00f6karna blommar innan tr\u00e4det l\u00f6vas och ger skugga, och n\u00e4r l\u00f6kblomningen \u00e4r \u00f6ver b\u00f6rjar perennerna v\u00e4xa till sig och t\u00e4cka \u00f6ver de utblommade l\u00f6kv\u00e4xterna. Att l\u00e5ta tr\u00e4d vara omgivna av en perenn- och blommatta \u00e4r inte bara ett effektivt utnyttjande av markytan utan ocks\u00e5 ett oemotst\u00e5ndligt vackert arrangemang, som dessutom h\u00e5ller ogr\u00e4set borta. Fukten bevaras l\u00e4ngre och du beh\u00f6ver d\u00e4rf\u00f6r inte vattna lika ofta.<\/p>\n<p lang=\"sv-SE\">Om du har en mycket liten tr\u00e4dg\u00e5rd finns det flera f\u00f6rdelar med att h\u00e5rdg\u00f6ra alla ytor som inte anv\u00e4nds f\u00f6r plantering. Du slipper klippa gr\u00e4s p\u00e5 en yta som \u00e4nd\u00e5 \u00e4r f\u00f6r liten f\u00f6r att anv\u00e4ndas till lek och spel. Dessutom blir en minimal gr\u00e4spl\u00e4tt l\u00e4tt utsliten. Att satsa p\u00e5 en kombination av h\u00e5rda ytor och tr\u00e4dg\u00e5rdsv\u00e4xter blir b\u00e5de vackert och funktionellt. V\u00e4xternas f\u00e4rg och form framh\u00e4vs n\u00e4r de v\u00e4ller ut \u00f6ver kanten \u00f6ver en yta av sten, tr\u00e4 eller grus. Genom att anv\u00e4nda ett par markbel\u00e4ggningar med olika struktur, f\u00e4rg eller form undviker du att den h\u00e5rda ytan upplevs som steril och tr\u00e5kig. Du g\u00f6r dock klokt i att inte anv\u00e4nda fler \u00e4n tre olika markbel\u00e4ggningar p\u00e5 en liten yta eftersom det kan ge ett r\u00f6rigt intryck.<\/p>\n<p lang=\"sv-SE\">Med lite eftertanke g\u00e5r det faktiskt att p\u00e5 bara 20 kvadratmeter skapa en trivsam tr\u00e4dg\u00e5rdsoas. L\u00e5t n\u00e5gra av visningstr\u00e4dg\u00e5rdarna fr\u00e5n Chelsea m\u00e4ssan 2003 inspirera dig till hur du kan skapa v\u00e4ldigt mycket tr\u00e4dg\u00e5rd p\u00e5 liten yta.<\/p>\n<h5 lang=\"sv-SE\">Entr\u00e9tr\u00e4dg\u00e5rden<\/h5>\n<p>Entr\u00e9tr\u00e4dg\u00e5rden p\u00e5 den h\u00e4r bilden \u00e4r fullt m\u00f6jlig att f\u00f6rverkliga p\u00e5 ett radhus lilla framsidestomt. Genom att kombinera en vacker asymmetrisk stenl\u00e4ggning med v\u00e4xter i en v\u00e4lavv\u00e4gd f\u00e4rgskala, har en liten och oattraktiv framsida f\u00f6rvandlats till ett vackert och v\u00e4lkomnande tr\u00e4dg\u00e5rdsrum. H\u00e4r samsas r\u00f6dbladig alunrot med bl\u00e5lila n\u00e4vor och friskt gr\u00f6na ormbunkar. R\u00f6d- och gulbladiga l\u00f6nnar, liksom en rhododendron, ger extra f\u00e4rg och h\u00f6jd \u00e5t kompositionen. P\u00e5 h\u00f6ger sida f\u00e5r en mossbelupen del av en gammal tr\u00e4dstam utg\u00f6ra ett naturligt blickf\u00e5ng. En behagfull \u00f6verg\u00e5ng mellan tr\u00e4dstammen och den strikta stenytan skapas av rodgersia och sm\u00e5sten i kombination med mossa. En sm\u00e5blommig vit kl\u00e4tterros svingar sig upp l\u00e4ngs fasaden och inramar ytterd\u00f6rren. En trevlig komposition som vi i Sverige kan f\u00f6rverkliga med till exempel honungsrosen <em>Rosa helenae<\/em> \u2019Hybrida\u2019 (zon 3) eller<em> Rosa beggeriana<\/em> \u2019Polstj\u00e4rnan\u2019 (zon 7).<i> <\/i><\/p>\n<div id=\"attachment_439\" style=\"width: 988px\" class=\"wp-caption alignnone\"><a href=\"http:\/\/rosenholm.se\/wp-content\/uploads\/2014\/01\/Stoneflair-urban-green-garden.jpg\"><img loading=\"lazy\" decoding=\"async\" aria-describedby=\"caption-attachment-439\" class=\"size-full wp-image-439\" alt=\"Stoneflair urban green garden (Chelsea 2003)\" src=\"http:\/\/rosenholm.se\/wp-content\/uploads\/2014\/01\/Stoneflair-urban-green-garden.jpg\" width=\"978\" height=\"614\" srcset=\"https:\/\/rosenholm.se\/wp-content\/uploads\/2014\/01\/Stoneflair-urban-green-garden.jpg 978w, https:\/\/rosenholm.se\/wp-content\/uploads\/2014\/01\/Stoneflair-urban-green-garden-150x94.jpg 150w, https:\/\/rosenholm.se\/wp-content\/uploads\/2014\/01\/Stoneflair-urban-green-garden-320x200.jpg 320w, https:\/\/rosenholm.se\/wp-content\/uploads\/2014\/01\/Stoneflair-urban-green-garden-512x321.jpg 512w\" sizes=\"auto, (max-width: 978px) 100vw, 978px\" \/><\/a><p id=\"caption-attachment-439\" class=\"wp-caption-text\">Stoneflair urban green garden (Chelsea 2003)<\/p><\/div>\n<p lang=\"sv-SE\">Planteringsytorna har utnyttjats till att odla v\u00e4xter av varierande h\u00f6jd, vilket i h\u00f6g grad bidrar till det ombonade intrycket. Genom att l\u00e5ta grupper av olika v\u00e4xter delvis skymmas av framf\u00f6rliggande v\u00e4xter, skapas ocks\u00e5 ett visuellt st\u00f6rre djup i planteringen. En f\u00f6ruts\u00e4ttning f\u00f6r att kunna \u00e5stadkomma den h\u00e4r effekten \u00e4r givetvis att rabatterna \u00e4r tillr\u00e4ckligt djupa f\u00f6r att rymma mer \u00e4n en v\u00e4xts bredd.<\/p>\n<p lang=\"sv-SE\">Att tr\u00e4dg\u00e5rdsg\u00e5ngen inte g\u00e5r rakt fram till ytterd\u00f6rren g\u00f6r kompositionen mer sp\u00e4nnande och genom att g\u00e5ngen bli smalare n\u00e4rmare d\u00f6rren skapas intrycket av att v\u00e4gen fram till d\u00f6rren \u00e4r l\u00e4ngre \u00e4n den i sj\u00e4lva verket \u00e4r. Den lilla niv\u00e5skillnaden i fr\u00e4mre delen av g\u00e5ngen g\u00f6r ocks\u00e5 sitt till f\u00f6r att h\u00f6ja helhetsintrycket, eftersom man genom att inf\u00f6ra ett eller flera trappsteg kan f\u00e5 en smal tr\u00e4dg\u00e5rd att visuellt uppfattas som bredare.<\/p>\n<h5 lang=\"sv-SE\">Vattenbl\u00e4nk<\/h5>\n<p>Vatten i tr\u00e4dg\u00e5rden beh\u00f6ver inte vara lika med en tr\u00e4dg\u00e5rdsdamm. B\u00e5de vattenporl och vattenbl\u00e4nk kan skapas med minimala metoder. Vatten kan f\u00e5 rinna i en liten r\u00e4nna som mynnar ovanf\u00f6r en liten stenb\u00e4dd. Det porlar uppfriskande sk\u00f6nt och utg\u00f6r inte samma drunkningsrisk f\u00f6r barn och sm\u00e5djur som en klassisk damm. Det enkla turkosa glasfatet med stilla vattenporl p\u00e5 en b\u00e4dd av flata gr\u00e5 stenar \u00e4r ett annat alternativ f\u00f6r den som inte vill anl\u00e4gga en regelr\u00e4tt tr\u00e4dg\u00e5rdsdamm. H\u00e4r \u00e4r det rogivande att sl\u00e5 sig ner p\u00e5 b\u00e4nken och betrakta det uts\u00f6kta f\u00e4rgsamspelet mellan fatet med vatten, stenytan och de frodiga v\u00e4xterna i milda f\u00e4rger. Det fl\u00e4tade staketet med en liten alkov f\u00f6r b\u00e4nken ger avskildhet och lugn. N\u00e4rmast sittplatsen v\u00e4xer j\u00e4ttedaggk\u00e5pa, <i>Alchemilla mollis<\/i>, tillsammans med blomsterfunkia, <i>Hosta fortunei <\/i>\u2019Aureomarginata\u2019, och daggfunkia, <i>Hosta sieboldiana <\/i>\u2019Elegans\u2019. Gulstrimmigt hakonegr\u00e4s, <i>Hakonechloa macra <\/i>\u2019Aureola\u2019 (halvh\u00e4rdig), och brokig kryddsalvia, <i>Salvia officinalis<\/i> \u2019Aurea\u2019 \u00e4r andra effektfulla v\u00e4xter som \u00e5terfinns i den h\u00e4r planteringen. Timjanmattan i f\u00f6rgrunden ramas effektfullt in av gr\u00f6n- respektive r\u00f6dbladig alunrot. Klematis som f\u00e5r kl\u00e4nga p\u00e5 det fl\u00e4tade staketet och bambu ger h\u00f6jd \u00e5t kompositionen. Den h\u00e4r planteringen \u00e4r ett tydligt exempel p\u00e5 att bladen likv\u00e4l som blommorna kan spela huvudrollen i en komposition.<\/p>\n<div id=\"attachment_443\" style=\"width: 988px\" class=\"wp-caption alignnone\"><a href=\"http:\/\/rosenholm.se\/wp-content\/uploads\/2014\/01\/As-times-slips-by.jpg\"><img loading=\"lazy\" decoding=\"async\" aria-describedby=\"caption-attachment-443\" class=\"size-full wp-image-443\" alt=\"As times slips by\" src=\"http:\/\/rosenholm.se\/wp-content\/uploads\/2014\/01\/As-times-slips-by.jpg\" width=\"978\" height=\"673\" srcset=\"https:\/\/rosenholm.se\/wp-content\/uploads\/2014\/01\/As-times-slips-by.jpg 978w, https:\/\/rosenholm.se\/wp-content\/uploads\/2014\/01\/As-times-slips-by-150x103.jpg 150w, https:\/\/rosenholm.se\/wp-content\/uploads\/2014\/01\/As-times-slips-by-320x220.jpg 320w, https:\/\/rosenholm.se\/wp-content\/uploads\/2014\/01\/As-times-slips-by-512x352.jpg 512w\" sizes=\"auto, (max-width: 978px) 100vw, 978px\" \/><\/a><p id=\"caption-attachment-443\" class=\"wp-caption-text\">As times slips by (Chelsea 2003)<\/p><\/div>\n<p lang=\"sv-SE\">Attraktionen hos den h\u00e4r lilla tr\u00e4dg\u00e5rden skapas till stor del av den mycket v\u00e4l sammanh\u00e5llna f\u00e4rgskalan som g\u00e5r igen i v\u00e4xtval, kuddar, glasfat och kruka. Mot denna harmoniska f\u00e4rgskala ger den gr\u00e5a stenl\u00e4ggningen en behaglig kontrast. Variationen i markbel\u00e4ggningen bidrar ocks\u00e5 till kompositionens sk\u00f6nhetsv\u00e4rde. Prova och t\u00e4nk dig att markbel\u00e4ggningen hade sett likadan ut \u00f6ver hela ytan. H\u00e5ll med om att det skulle se mycket tr\u00e5kigare ut.<\/p>\n<h5 lang=\"sv-SE\">Naturlighet och minimalism<\/h5>\n<p>I en kombination av naturlighet och minimalism har ljuvliga kinesiska blomsterkorneller<i>, Cornus kousa<\/i> <i>var. chinensis<\/i> (zon 2), planterats i en \u00e4ngsliknande matta av lila, bl\u00e5, vita och kr\u00e4mf\u00e4rgade perenner. Vi som bor f\u00f6r l\u00e5ngt norrut f\u00f6r den kinesiska blomsterkornellen, kan skapa en liknande effekt med till exempel hasselbuskar, <i>Corylus avellana <\/i>(zon 5) eller prakth\u00e4ggmisplar, <i>Amelanchier lamarcki<\/i> (zon 5). I perennmattan \u00e5terfinns stj\u00e4rnflocka, fingerborgsblomma, hakonegr\u00e4s (halvh\u00e4rdig), vitblommande bl\u00e5flox och flera olika sorters n\u00e4vor. P\u00e5 n\u00e5gra st\u00e4llen bryts perennmattan av med raka minimala grusg\u00e5ngar som g\u00e5r tv\u00e4rs \u00f6ver tr\u00e4dg\u00e5rden fr\u00e5n den ena l\u00e5ngsidan till den andra. F\u00f6rutom att de h\u00e4r g\u00e5ngarna ger extra sp\u00e4nning och djup \u00e5t tr\u00e4dg\u00e5rden, \u00e4r de ocks\u00e5 ett praktiskt inslag som g\u00f6r det l\u00e4ttare att komma \u00e5t att rensa ogr\u00e4s. Vore det inte en njutning att f\u00e5 g\u00e5 och rensa och betrakta sina planteringar l\u00e4ngs s\u00e5dana h\u00e4r sm\u00e5 inbjudande g\u00e5ngar d\u00e4r v\u00e4xterna stryker l\u00e4ngs benen.<\/p>\n<div id=\"attachment_444\" style=\"width: 988px\" class=\"wp-caption alignnone\"><a href=\"http:\/\/rosenholm.se\/wp-content\/uploads\/2014\/01\/Laurent-Perrier.jpg\"><img loading=\"lazy\" decoding=\"async\" aria-describedby=\"caption-attachment-444\" class=\"size-full wp-image-444\" alt=\"Laurent Perrier (Chelsea 2003)\" src=\"http:\/\/rosenholm.se\/wp-content\/uploads\/2014\/01\/Laurent-Perrier.jpg\" width=\"978\" height=\"642\" srcset=\"https:\/\/rosenholm.se\/wp-content\/uploads\/2014\/01\/Laurent-Perrier.jpg 978w, https:\/\/rosenholm.se\/wp-content\/uploads\/2014\/01\/Laurent-Perrier-150x98.jpg 150w, https:\/\/rosenholm.se\/wp-content\/uploads\/2014\/01\/Laurent-Perrier-320x210.jpg 320w, https:\/\/rosenholm.se\/wp-content\/uploads\/2014\/01\/Laurent-Perrier-512x336.jpg 512w\" sizes=\"auto, (max-width: 978px) 100vw, 978px\" \/><\/a><p id=\"caption-attachment-444\" class=\"wp-caption-text\">Laurent Perrier (Chelsea 2003)<\/p><\/div>\n<p lang=\"sv-SE\">V\u00e4xterna har till\u00e5tits blanda sig p\u00e5 ett lite odisciplinerat s\u00e4tt just f\u00f6r att den naturliga k\u00e4nslan skall infinna sig. Fingerborgsblommorna dyker upp lite h\u00e4r och d\u00e4r precis som det blir n\u00e4r dessa tv\u00e5\u00e5ringar f\u00e5r s\u00e5 sig sj\u00e4lva. Lite rensning s\u00e5 att det inte blir alltf\u00f6r m\u00e5nga fingerborgsblommor och de starkare perennerna inte tr\u00e4nger ut de svagare, l\u00e4r dock beh\u00f6vas f\u00f6r att man ska f\u00e5 beh\u00e5lla en s\u00e5dan h\u00e4r bed\u00e5rande naturlig blomstermatta \u00e5r efter \u00e5r.<\/p>\n<h5 lang=\"sv-SE\">Milda skimrande f\u00e4rger<\/h5>\n<p lang=\"sv-SE\">En romantiskt vacker perennrabatt framf\u00f6r en klassiskt r\u00f6d tegelmur av engelskt snitt. Muren skapar en f\u00f6rtr\u00e4fflig bakgrund \u00e5t v\u00e4xterna samtidigt som den ger tr\u00e4dg\u00e5rden ett mildare mikroklimat. Att anv\u00e4nda murar som v\u00e4ggar i tr\u00e4dg\u00e5rden \u00e4r inte s\u00e5 vanligt h\u00e4r i Sverige, troligtvis beroende p\u00e5 att vi inte har den traditionen och att det \u00e4r relativt dyrt att s\u00e4tta upp en mur. Att \u00e4ven klippta h\u00e4ckar och plank kan ge en liknande effekt n\u00e4r de anv\u00e4nds som bakgrund till planteringar \u00e4r dock n\u00e5got som vi borde b\u00f6rja utnyttja mer n\u00e4r vi bygger v\u00e5ra tr\u00e4dg\u00e5rdsmilj\u00f6er h\u00e4r uppe i norr.<\/p>\n<div id=\"attachment_445\" style=\"width: 988px\" class=\"wp-caption alignnone\"><a href=\"http:\/\/rosenholm.se\/wp-content\/uploads\/2014\/01\/Merril-Lynch.jpg\"><img loading=\"lazy\" decoding=\"async\" aria-describedby=\"caption-attachment-445\" class=\"size-full wp-image-445\" alt=\"Merril Lynch (Chelsea 2003)\" src=\"http:\/\/rosenholm.se\/wp-content\/uploads\/2014\/01\/Merril-Lynch.jpg\" width=\"978\" height=\"733\" srcset=\"https:\/\/rosenholm.se\/wp-content\/uploads\/2014\/01\/Merril-Lynch.jpg 978w, https:\/\/rosenholm.se\/wp-content\/uploads\/2014\/01\/Merril-Lynch-150x112.jpg 150w, https:\/\/rosenholm.se\/wp-content\/uploads\/2014\/01\/Merril-Lynch-320x239.jpg 320w, https:\/\/rosenholm.se\/wp-content\/uploads\/2014\/01\/Merril-Lynch-512x383.jpg 512w\" sizes=\"auto, (max-width: 978px) 100vw, 978px\" \/><\/a><p id=\"caption-attachment-445\" class=\"wp-caption-text\">Merril Lynch (Chelsea 2003)<\/p><\/div>\n<p>H\u00e4r blandas bl\u00e5, vita och lila blommor effektfullt med r\u00f6d- och silverbladiga v\u00e4xter. Det formligen skimrar om den finst\u00e4mda f\u00e4rgkompositionen. Olika blad och blomformer kontrasterar ocks\u00e5 behagfullt mot varandra. Riddarsporrar, <i>Delphinium<\/i>-hybrider, i olika bl\u00e5lila nyanser och vita fingerborgsblommor, <i>Digitalis purpurea<\/i>, str\u00e4cker upp sina eleganta spiror ur en matta av harmoniskt f\u00e4rgst\u00e4mda perenner. H\u00e4r \u00e5terfinns aklejor, allium, mal\u00f6rt, r\u00f6dbladig alunrot och irisar som \u00e4nnu st\u00e5r i knopp. Rosor och klematis i vitt och lila svingar sig upp \u00f6ver den r\u00f6da tegelmuren i rabattens bakkant. Genom att v\u00e4xter av olika h\u00f6jd effektivt har v\u00e4vts samman till en samst\u00e4mmig helhet undviks att den bakomliggande muren blir alltf\u00f6r dominerande, vilket l\u00e4tt hade kunnat intr\u00e4ffa om rabatten endast hade utgjorts av l\u00e4gre v\u00e4xter.<\/p>\n","protected":false},"excerpt":{"rendered":"<p>Text: Ann-Christin Rosenholm Bild: Dan Rosenholm Med compact living-trenden har id\u00e9er om hur bostadsytan effektivt kan utnyttjas fr\u00e5n golv till tak f\u00e5tt allm\u00e4n spridning. Liknande typer av id\u00e9er g\u00e5r att&hellip; <\/p>\n","protected":false},"author":1,"featured_media":0,"parent":362,"menu_order":0,"comment_status":"closed","ping_status":"closed","template":"","meta":{"footnotes":""},"class_list":["post-434","page","type-page","status-publish","hentry"],"_links":{"self":[{"href":"https:\/\/rosenholm.se\/index.php?rest_route=\/wp\/v2\/pages\/434","targetHints":{"allow":["GET"]}}],"collection":[{"href":"https:\/\/rosenholm.se\/index.php?rest_route=\/wp\/v2\/pages"}],"about":[{"href":"https:\/\/rosenholm.se\/index.php?rest_route=\/wp\/v2\/types\/page"}],"author":[{"embeddable":true,"href":"https:\/\/rosenholm.se\/index.php?rest_route=\/wp\/v2\/users\/1"}],"replies":[{"embeddable":true,"href":"https:\/\/rosenholm.se\/index.php?rest_route=%2Fwp%2Fv2%2Fcomments&post=434"}],"version-history":[{"count":10,"href":"https:\/\/rosenholm.se\/index.php?rest_route=\/wp\/v2\/pages\/434\/revisions"}],"predecessor-version":[{"id":4333,"href":"https:\/\/rosenholm.se\/index.php?rest_route=\/wp\/v2\/pages\/434\/revisions\/4333"}],"up":[{"embeddable":true,"href":"https:\/\/rosenholm.se\/index.php?rest_route=\/wp\/v2\/pages\/362"}],"wp:attachment":[{"href":"https:\/\/rosenholm.se\/index.php?rest_route=%2Fwp%2Fv2%2Fmedia&parent=434"}],"curies":[{"name":"wp","href":"https:\/\/api.w.org\/{rel}","templated":true}]}}