{"id":4252,"date":"2014-05-10T18:34:31","date_gmt":"2014-05-10T16:34:31","guid":{"rendered":"http:\/\/rosenholm.se\/?page_id=4252"},"modified":"2014-05-10T21:22:15","modified_gmt":"2014-05-10T19:22:15","slug":"skapa-tradgardsstilen-romantisk","status":"publish","type":"page","link":"https:\/\/rosenholm.se\/?page_id=4252","title":{"rendered":"Skapa tr\u00e4dg\u00e5rdsstilen \u2013 romantisk"},"content":{"rendered":"<p><em>Text: Ann-Christin Rosenholm<\/em><br \/>\n<em> Bild: Dan Rosenholm<\/em><\/p>\n<div id=\"attachment_4268\" style=\"width: 738px\" class=\"wp-caption alignnone\"><img loading=\"lazy\" decoding=\"async\" aria-describedby=\"caption-attachment-4268\" class=\"size-full wp-image-4268\" alt=\"S\u00e5 ljuvligt att man blir t\u00e5r\u00f6gd \u00e4r det p\u00e5 Lilla R\u00e5keholm i Sk\u00e5ne d\u00e4r Bengt Lindvall och Lennart Svensson driver ett rum &amp; frukost. Rosa rosor och fingerborgsblommor, lavendel och d\u00e4mpande gr\u00e5 silverarv med deras vackra lilla hus i bakgrunden.\" src=\"http:\/\/rosenholm.se\/wp-content\/uploads\/2014\/05\/DSC_3495.jpg\" width=\"728\" height=\"508\" srcset=\"https:\/\/rosenholm.se\/wp-content\/uploads\/2014\/05\/DSC_3495.jpg 728w, https:\/\/rosenholm.se\/wp-content\/uploads\/2014\/05\/DSC_3495-250x174.jpg 250w, https:\/\/rosenholm.se\/wp-content\/uploads\/2014\/05\/DSC_3495-320x223.jpg 320w, https:\/\/rosenholm.se\/wp-content\/uploads\/2014\/05\/DSC_3495-350x244.jpg 350w, https:\/\/rosenholm.se\/wp-content\/uploads\/2014\/05\/DSC_3495-330x230.jpg 330w, https:\/\/rosenholm.se\/wp-content\/uploads\/2014\/05\/DSC_3495-462x322.jpg 462w, https:\/\/rosenholm.se\/wp-content\/uploads\/2014\/05\/DSC_3495-250x174@2x.jpg 500w, https:\/\/rosenholm.se\/wp-content\/uploads\/2014\/05\/DSC_3495-320x223@2x.jpg 640w, https:\/\/rosenholm.se\/wp-content\/uploads\/2014\/05\/DSC_3495-350x244@2x.jpg 700w, https:\/\/rosenholm.se\/wp-content\/uploads\/2014\/05\/DSC_3495-330x230@2x.jpg 660w\" sizes=\"auto, (max-width: 728px) 100vw, 728px\" \/><p id=\"caption-attachment-4268\" class=\"wp-caption-text\">S\u00e5 ljuvligt att man blir t\u00e5r\u00f6gd \u00e4r det p\u00e5 Lilla R\u00e5keholm i Sk\u00e5ne d\u00e4r Bengt Lindvall och Lennart Svensson driver ett rum &amp; frukost. Rosa rosor och fingerborgsblommor, lavendel och d\u00e4mpande gr\u00e5 silverarv med deras vackra lilla hus i bakgrunden.<\/p><\/div>\n<p>Dr\u00f6mmer vi inte alla lite om tant Gr\u00f6n, tant Brun och tant Gredelins tr\u00e4dg\u00e5rd med sina st\u00e5tliga frukttr\u00e4d och prunkande rabatter? Och vem vill inte vila ut efter en arbetsam dag med en kopp te i sin egen romantiskt lummiga t\u00e4ppa omsluten av rosornas doft. L\u00e5ter det f\u00f6r bra f\u00f6r att vara sant? Det \u00e4r det inte. Man kan faktiskt f\u00e5 det s\u00e5 h\u00e4r mysigt hemma.<\/p>\n<div id=\"attachment_4260\" style=\"width: 738px\" class=\"wp-caption alignnone\"><img loading=\"lazy\" decoding=\"async\" aria-describedby=\"caption-attachment-4260\" class=\"size-full wp-image-4260\" alt=\"Den romantiskt behagliga tr\u00e4dg\u00e5rden passar inte bara f\u00f6r vuxna. Liksom alla vackra tr\u00e4dg\u00e5rdar \u00e4r den attraktiv f\u00f6r barn.\" src=\"http:\/\/rosenholm.se\/wp-content\/uploads\/2014\/05\/DSC05417.jpg\" width=\"728\" height=\"511\" srcset=\"https:\/\/rosenholm.se\/wp-content\/uploads\/2014\/05\/DSC05417.jpg 728w, https:\/\/rosenholm.se\/wp-content\/uploads\/2014\/05\/DSC05417-250x175.jpg 250w, https:\/\/rosenholm.se\/wp-content\/uploads\/2014\/05\/DSC05417-320x224.jpg 320w, https:\/\/rosenholm.se\/wp-content\/uploads\/2014\/05\/DSC05417-350x245.jpg 350w, https:\/\/rosenholm.se\/wp-content\/uploads\/2014\/05\/DSC05417-250x175@2x.jpg 500w, https:\/\/rosenholm.se\/wp-content\/uploads\/2014\/05\/DSC05417-320x224@2x.jpg 640w, https:\/\/rosenholm.se\/wp-content\/uploads\/2014\/05\/DSC05417-350x245@2x.jpg 700w\" sizes=\"auto, (max-width: 728px) 100vw, 728px\" \/><p id=\"caption-attachment-4260\" class=\"wp-caption-text\">Den romantiskt behagliga tr\u00e4dg\u00e5rden passar inte bara f\u00f6r vuxna. Liksom alla vackra tr\u00e4dg\u00e5rdar \u00e4r den attraktiv f\u00f6r barn.<\/p><\/div>\n<div id=\"attachment_4273\" style=\"width: 360px\" class=\"wp-caption alignright\"><img loading=\"lazy\" decoding=\"async\" aria-describedby=\"caption-attachment-4273\" class=\"size-large wp-image-4273\" alt=\"Under det stora \u00e4ppeltr\u00e4det f\u00e5r b\u00e5de sittplats och en romantisk rabatt med rosor plats. Statyn, som konstn\u00e4rinnan Maria Bj\u00f6rklund f\u00e5tt av sin man, fungerar som blickf\u00e5ng.\" src=\"http:\/\/rosenholm.se\/wp-content\/uploads\/2014\/05\/DSC_7954-350x466.jpg\" width=\"350\" height=\"466\" srcset=\"https:\/\/rosenholm.se\/wp-content\/uploads\/2014\/05\/DSC_7954-350x466.jpg 350w, https:\/\/rosenholm.se\/wp-content\/uploads\/2014\/05\/DSC_7954-187x250.jpg 187w, https:\/\/rosenholm.se\/wp-content\/uploads\/2014\/05\/DSC_7954-320x426.jpg 320w, https:\/\/rosenholm.se\/wp-content\/uploads\/2014\/05\/DSC_7954.jpg 546w, https:\/\/rosenholm.se\/wp-content\/uploads\/2014\/05\/DSC_7954-187x250@2x.jpg 374w\" sizes=\"auto, (max-width: 350px) 100vw, 350px\" \/><p id=\"caption-attachment-4273\" class=\"wp-caption-text\">Under det stora \u00e4ppeltr\u00e4det f\u00e5r b\u00e5de sittplats och en romantisk rabatt med rosor plats. Statyn, som konstn\u00e4rinnan Maria Bj\u00f6rklund f\u00e5tt av sin man, fungerar som blickf\u00e5ng.<\/p><\/div>\n<p>Vad \u00e4r det som utm\u00e4rker en romantisk, lite gammaldags tr\u00e4dg\u00e5rd? Flera saker. Grundl\u00e4ggande \u00e4r att den ska k\u00e4nnas frodig och ombonad, att den kringsluter oss som vistas d\u00e4r. Utsikter till omgivningen kan h\u00e5llas \u00f6ppna, men b\u00f6r inte best\u00e5 av en garagev\u00e4gg eller gata utan hellre \u00e5ker, \u00e4ng eller grannens tr\u00e4dg\u00e5rd. I en romantisk tr\u00e4dg\u00e5rd betonas v\u00e4xtligheten p\u00e5 bekostnad av h\u00e5rda ytor. D\u00e4r sprakar det inte heller av f\u00e4rger, de \u00e4r lugna och harmoniska, kanske i bl\u00e5tt och rosa. Och s\u00e5 doftar det gott.<\/p>\n<div id=\"attachment_4272\" style=\"width: 738px\" class=\"wp-caption alignnone\"><img loading=\"lazy\" decoding=\"async\" aria-describedby=\"caption-attachment-4272\" class=\"size-full wp-image-4272\" alt=\"L\u00e5t dina g\u00e4ster m\u00f6tas av en prydnadsapel i fullt flor n\u00e4r de bes\u00f6ker dig. Hemma hos konstn\u00e4rinnan Lena Boije Anker p\u00e5 Liding\u00f6 \u00e4r det vad man g\u00f6r. G\u00e5ngen \u00e4r rak, f\u00f6r att slippa on\u00f6diga kurvor, men intrycket mjukt tack vare prunkande v\u00e4xtlighet.\" src=\"http:\/\/rosenholm.se\/wp-content\/uploads\/2014\/05\/D2X_1222.jpg\" width=\"728\" height=\"484\" srcset=\"https:\/\/rosenholm.se\/wp-content\/uploads\/2014\/05\/D2X_1222.jpg 728w, https:\/\/rosenholm.se\/wp-content\/uploads\/2014\/05\/D2X_1222-250x166.jpg 250w, https:\/\/rosenholm.se\/wp-content\/uploads\/2014\/05\/D2X_1222-320x212.jpg 320w, https:\/\/rosenholm.se\/wp-content\/uploads\/2014\/05\/D2X_1222-350x232.jpg 350w, https:\/\/rosenholm.se\/wp-content\/uploads\/2014\/05\/D2X_1222-250x166@2x.jpg 500w, https:\/\/rosenholm.se\/wp-content\/uploads\/2014\/05\/D2X_1222-320x212@2x.jpg 640w, https:\/\/rosenholm.se\/wp-content\/uploads\/2014\/05\/D2X_1222-350x232@2x.jpg 700w\" sizes=\"auto, (max-width: 728px) 100vw, 728px\" \/><p id=\"caption-attachment-4272\" class=\"wp-caption-text\">L\u00e5t dina g\u00e4ster m\u00f6tas av en prydnadsapel i fullt flor n\u00e4r de bes\u00f6ker dig. Hemma hos konstn\u00e4rinnan Lena Boije Anker p\u00e5 Liding\u00f6 \u00e4r det vad man g\u00f6r. G\u00e5ngen \u00e4r rak, f\u00f6r att slippa on\u00f6diga kurvor, men intrycket mjukt tack vare prunkande v\u00e4xtlighet.<\/p><\/div>\n<p>Formerna i en romantisk tr\u00e4dg\u00e5rd f\u00e5r g\u00e4rna vara lite mjuka. Rundade rabatter, fylliga tr\u00e4d och buskar, perenner och rosor som h\u00e4nger tungt av bladen och blommornas tyngd. G\u00e5ngar ligger d\u00e4r man naturligt g\u00e5r och kan vara b\u00f6jda eller raka. Som en lite piff st\u00e5r det kanske en statyett i n\u00e5gon av rabatterna, eller kanske man kommer in i tr\u00e4dg\u00e5rden genom en rosenpergola.<\/p>\n<div id=\"attachment_4269\" style=\"width: 738px\" class=\"wp-caption alignnone\"><img loading=\"lazy\" decoding=\"async\" aria-describedby=\"caption-attachment-4269\" class=\"size-full wp-image-4269\" alt=\"Mer engelskt romantiskt kan det knappast bli, eller hur? F\u00e4rgskalan g\u00e5r i rosa, bl\u00e5tt och d\u00e4mpat vitt. En liten damm med en staty som syns genom pergolan. En n\u00e4tt, vit soffa. Men det \u00e4r inte skapat av n\u00e5gon Mrs Wilson i en idyllisk engelsk by. Tr\u00e4dg\u00e5rden \u201dLace and Tapestry\u201d var utformad f\u00f6r Chelsea Flower Show 2003 av Kay Yamada med hennes egna engelska tr\u00e4dg\u00e5rd hemma i Japan som f\u00f6rebild.\" src=\"http:\/\/rosenholm.se\/wp-content\/uploads\/2014\/05\/Laceandtapestry.jpg\" width=\"728\" height=\"485\" srcset=\"https:\/\/rosenholm.se\/wp-content\/uploads\/2014\/05\/Laceandtapestry.jpg 728w, https:\/\/rosenholm.se\/wp-content\/uploads\/2014\/05\/Laceandtapestry-250x166.jpg 250w, https:\/\/rosenholm.se\/wp-content\/uploads\/2014\/05\/Laceandtapestry-320x213.jpg 320w, https:\/\/rosenholm.se\/wp-content\/uploads\/2014\/05\/Laceandtapestry-350x233.jpg 350w, https:\/\/rosenholm.se\/wp-content\/uploads\/2014\/05\/Laceandtapestry-250x166@2x.jpg 500w, https:\/\/rosenholm.se\/wp-content\/uploads\/2014\/05\/Laceandtapestry-320x213@2x.jpg 640w, https:\/\/rosenholm.se\/wp-content\/uploads\/2014\/05\/Laceandtapestry-350x233@2x.jpg 700w\" sizes=\"auto, (max-width: 728px) 100vw, 728px\" \/><p id=\"caption-attachment-4269\" class=\"wp-caption-text\">Mer engelskt romantiskt kan det knappast bli, eller hur? F\u00e4rgskala i rosa, bl\u00e5tt och d\u00e4mpat vitt. Damm och staty syns genom pergolan. En n\u00e4tt, vit soffa. Men det \u00e4r inte skapat av n\u00e5gon Mrs Wilson i en idyllisk engelsk by. Kay Yamada skapade \u201dLace and Tapestry\u201d f\u00f6r Chelsea Flower Show 2003. Hennes egen engelska tr\u00e4dg\u00e5rd hemma i Japan var f\u00f6rebild.<\/p><\/div>\n<h5>Lummighet och v\u00e4ggar<\/h5>\n<p>F\u00f6r att det ska k\u00e4nnas lummigt och ombonat beh\u00f6vs n\u00e5gon typ av v\u00e4ggar runt tr\u00e4dg\u00e5rden. Det kan vara h\u00e4ckar, buskage, staket eller liknande. Friv\u00e4xande buskage ger det frodigaste intrycket men tar mycket plats. Helt vanlig syren ger bra insynsskydd under sommarhalv\u00e5ret, liksom dofter och vackra f\u00e4rger under f\u00f6rsommaren.<\/p>\n<p>Klippta h\u00e4ckar fungerar bra som v\u00e4ggar \u00e4ven i sm\u00e5 tr\u00e4dg\u00e5rdar. Vill man bevara tr\u00e4dg\u00e5rdens romantiska st\u00e4mning b\u00f6r de inte vara alltf\u00f6r m\u00f6rka, de flesta barrv\u00e4xter passar r\u00e4tt d\u00e5ligt. Bok fungerar bra som romantisk h\u00e4ck med sin skira v\u00e5rgr\u00f6nska. L\u00e4ngre norrut kan till exempel oxel eller syren anv\u00e4ndas. Som vintergr\u00f6n barrh\u00e4ck passar tujan \u2019Smaragd\u2019 utm\u00e4rkt, den \u00e4r smal, beh\u00e5ller sin ljusa f\u00e4rg \u00e5ret om och \u00e4r h\u00e4rdig som f\u00e5.<\/p>\n<div id=\"attachment_4265\" style=\"width: 738px\" class=\"wp-caption alignnone\"><img loading=\"lazy\" decoding=\"async\" aria-describedby=\"caption-attachment-4265\" class=\"size-full wp-image-4265\" alt=\"Skyddande v\u00e4ggar beh\u00f6vs runt en romantisk tr\u00e4dg\u00e5rd. Ska det g\u00e5 snabbt \u00e4r torr fl\u00e4tad pil praktisk. Vitalba-klematisen 'Paul Farges', ocks\u00e5 kallad \u2019Summer Snow\u2019 f\u00f6rst\u00e4rker den gammaldags atmosf\u00e4ren.\" src=\"http:\/\/rosenholm.se\/wp-content\/uploads\/2014\/05\/DSC07329.jpg\" width=\"728\" height=\"485\" srcset=\"https:\/\/rosenholm.se\/wp-content\/uploads\/2014\/05\/DSC07329.jpg 728w, https:\/\/rosenholm.se\/wp-content\/uploads\/2014\/05\/DSC07329-250x166.jpg 250w, https:\/\/rosenholm.se\/wp-content\/uploads\/2014\/05\/DSC07329-320x213.jpg 320w, https:\/\/rosenholm.se\/wp-content\/uploads\/2014\/05\/DSC07329-350x233.jpg 350w, https:\/\/rosenholm.se\/wp-content\/uploads\/2014\/05\/DSC07329-250x166@2x.jpg 500w, https:\/\/rosenholm.se\/wp-content\/uploads\/2014\/05\/DSC07329-320x213@2x.jpg 640w, https:\/\/rosenholm.se\/wp-content\/uploads\/2014\/05\/DSC07329-350x233@2x.jpg 700w\" sizes=\"auto, (max-width: 728px) 100vw, 728px\" \/><p id=\"caption-attachment-4265\" class=\"wp-caption-text\">Skyddande v\u00e4ggar beh\u00f6vs runt en romantisk tr\u00e4dg\u00e5rd. Ska det g\u00e5 snabbt \u00e4r torr fl\u00e4tad pil praktisk. Vitalba-klematisen &#8217;Paul Farges&#8217;, ocks\u00e5 kallad \u2019Summer Snow\u2019 f\u00f6rst\u00e4rker den gammaldags atmosf\u00e4ren.<\/p><\/div>\n<p>Plank \u00e4r ett snabbt och snyggt s\u00e4tt att rama in sin tr\u00e4dg\u00e5rd. F\u00f6r att passa in i en romantisk milj\u00f6 b\u00f6r det m\u00e5las, kanske i nyanser av r\u00f6tt, brunt eller gr\u00f6nt. Fl\u00e4tad torr pil ger en gammaldags atmosf\u00e4r, och f\u00e5r kl\u00e4ngv\u00e4xter, som rosor, kaprifoler och klematis, kl\u00e4nga i dem s\u00e5 bidrar det \u00e4nnu mer till st\u00e4mningen.<\/p>\n<p>Men om det finns n\u00e5gon vacker utsikt, utnyttja den. Det beh\u00f6ver inte vara en hage med betande kor eller en sj\u00f6. Kanske finns n\u00e5gon liten bit natur att blicka ut mot eller kanske vyn in till en granne. Beh\u00e5ll och rama in utsikten, d\u00e5 k\u00e4nns tr\u00e4dg\u00e5rden st\u00f6rre och upplevelsen av den egna milj\u00f6n f\u00f6rst\u00e4rks.<\/p>\n<h5>Romantiska tak<\/h5>\n<div id=\"attachment_4271\" style=\"width: 738px\" class=\"wp-caption alignnone\"><img loading=\"lazy\" decoding=\"async\" aria-describedby=\"caption-attachment-4271\" class=\"size-full wp-image-4271\" alt=\"Nyplockade r\u00f6da vinb\u00e4r i en bunke vid sittplatsen under \u00e4ppeltr\u00e4det, vi \u00e4r m\u00e5nga som vill ha det s\u00e5. Rabatterna blommar romantiskt och utsikten mot de omgivande betesmarkerna \u00e4r bevarad. Ljuvligheten \u00e4r ingen tillf\u00e4llighet. Thelma Jacobson, som skapat tr\u00e4dg\u00e5rden tillsammans med maken Bengt, kommer fr\u00e5n England, och har medvetet byggt upp en tr\u00e4dg\u00e5rd i romantisk engelsk stil.\" src=\"http:\/\/rosenholm.se\/wp-content\/uploads\/2014\/05\/DSC_9620.jpg\" width=\"728\" height=\"484\" srcset=\"https:\/\/rosenholm.se\/wp-content\/uploads\/2014\/05\/DSC_9620.jpg 728w, https:\/\/rosenholm.se\/wp-content\/uploads\/2014\/05\/DSC_9620-250x166.jpg 250w, https:\/\/rosenholm.se\/wp-content\/uploads\/2014\/05\/DSC_9620-320x212.jpg 320w, https:\/\/rosenholm.se\/wp-content\/uploads\/2014\/05\/DSC_9620-350x232.jpg 350w, https:\/\/rosenholm.se\/wp-content\/uploads\/2014\/05\/DSC_9620-250x166@2x.jpg 500w, https:\/\/rosenholm.se\/wp-content\/uploads\/2014\/05\/DSC_9620-320x212@2x.jpg 640w, https:\/\/rosenholm.se\/wp-content\/uploads\/2014\/05\/DSC_9620-350x232@2x.jpg 700w\" sizes=\"auto, (max-width: 728px) 100vw, 728px\" \/><p id=\"caption-attachment-4271\" class=\"wp-caption-text\">Nyplockade r\u00f6da vinb\u00e4r i en bunke vid sittplatsen under \u00e4ppeltr\u00e4det, vi \u00e4r m\u00e5nga som vill ha det s\u00e5. Rabatterna blommar romantiskt, utsikten mot omgivande betesmarker \u00e4r bevarad. Ljuvligheten \u00e4r mycket medvetet skapad av Thelma Jacobson och make Bengt, hon med ursprung i England.<\/p><\/div>\n<p>I halvskuggan under ett knotigt gammalt \u00e4ppeltr\u00e4ds fl\u00f6dande blomning m\u00f6ter man g\u00e4rna v\u00e5ren. P\u00e5 sommaren bildar samma tr\u00e4d ett t\u00e4tare tak f\u00f6r mat- eller fikastunder och p\u00e5 h\u00f6sten ger det \u00e4pplen. I den romantiska tr\u00e4dg\u00e5rden passar de blommande tr\u00e4den b\u00e4st som tak, g\u00e4rna frukttr\u00e4d som \u00e4pplen, p\u00e4ron och k\u00f6rsb\u00e4r. De ska ha h\u00f6g stam, s\u00e5 att man f\u00e5r plats under dem, men s\u00e5dana finns bara att k\u00f6pa p\u00e5 ett f\u00e5tal st\u00e4llen. Stamma ist\u00e4llet upp successivt genom att sk\u00e4ra bort l\u00e5ga grenar till stamh\u00f6jden n\u00e5r minst 1,5 meters h\u00f6jd.<\/p>\n<h5>En blommande tr\u00e4dg\u00e5rd<\/h5>\n<div id=\"attachment_4263\" style=\"width: 738px\" class=\"wp-caption alignnone\"><img loading=\"lazy\" decoding=\"async\" aria-describedby=\"caption-attachment-4263\" class=\"size-full wp-image-4263\" alt=\"Jungfrurosen \u2019Celestial\u2019 passar s\u00e4llsynt bra i en romantisk tr\u00e4dg\u00e5rd med sin vackra form och ljusrosa f\u00e4rg. Blommar fr\u00e5n slutet av juni till slutet av juli. Kan bli n\u00e4rmare tv\u00e5 meter h\u00f6g i s\u00f6dra Sverige och \u00e4r h\u00e4rdig l\u00e5ngt upp efter norrlandskusten.\" src=\"http:\/\/rosenholm.se\/wp-content\/uploads\/2014\/05\/DSC_3966.jpg\" width=\"728\" height=\"445\" srcset=\"https:\/\/rosenholm.se\/wp-content\/uploads\/2014\/05\/DSC_3966.jpg 728w, https:\/\/rosenholm.se\/wp-content\/uploads\/2014\/05\/DSC_3966-250x152.jpg 250w, https:\/\/rosenholm.se\/wp-content\/uploads\/2014\/05\/DSC_3966-320x195.jpg 320w, https:\/\/rosenholm.se\/wp-content\/uploads\/2014\/05\/DSC_3966-350x213.jpg 350w, https:\/\/rosenholm.se\/wp-content\/uploads\/2014\/05\/DSC_3966-250x152@2x.jpg 500w, https:\/\/rosenholm.se\/wp-content\/uploads\/2014\/05\/DSC_3966-320x195@2x.jpg 640w, https:\/\/rosenholm.se\/wp-content\/uploads\/2014\/05\/DSC_3966-350x213@2x.jpg 700w\" sizes=\"auto, (max-width: 728px) 100vw, 728px\" \/><p id=\"caption-attachment-4263\" class=\"wp-caption-text\">Jungfrurosen \u2019Celestial\u2019 passar s\u00e4llsynt bra i en romantisk tr\u00e4dg\u00e5rd med sin vackra form och ljusrosa f\u00e4rg. Blommar fr\u00e5n slutet av juni till slutet av juli. Kan bli n\u00e4rmare tv\u00e5 meter h\u00f6g i s\u00f6dra Sverige och \u00e4r h\u00e4rdig l\u00e5ngt upp efter norrlandskusten.<\/p><\/div>\n<div id=\"attachment_4304\" style=\"width: 360px\" class=\"wp-caption alignright\"><img loading=\"lazy\" decoding=\"async\" aria-describedby=\"caption-attachment-4304\" class=\"size-large wp-image-4304\" alt=\"R\u00f6da rosor och vita fingerborgsblommor fungerar ocks\u00e5 i den romantiska tr\u00e4dg\u00e5rden. Rosen heter \u2019Alain\u2019 och kan anv\u00e4ndas upp till Mellannorrland.\" src=\"http:\/\/rosenholm.se\/wp-content\/uploads\/2014\/05\/D2X_3427-350x437.jpg\" width=\"350\" height=\"437\" srcset=\"https:\/\/rosenholm.se\/wp-content\/uploads\/2014\/05\/D2X_3427-350x437.jpg 350w, https:\/\/rosenholm.se\/wp-content\/uploads\/2014\/05\/D2X_3427-320x400.jpg 320w, https:\/\/rosenholm.se\/wp-content\/uploads\/2014\/05\/D2X_3427.jpg 582w\" sizes=\"auto, (max-width: 350px) 100vw, 350px\" \/><p id=\"caption-attachment-4304\" class=\"wp-caption-text\">R\u00f6da rosor och vita fingerborgsblommor fungerar ocks\u00e5 i den romantiska tr\u00e4dg\u00e5rden. Floribundarosen heter \u2019Alain\u2019 och kan anv\u00e4ndas upp till Mellannorrland.<\/p><\/div>\n<p>Romantisk tr\u00e4dg\u00e5rd, vad t\u00e4nker ni f\u00f6rst p\u00e5? Kanske doftande rosa rosor och pioner? En romantisk tr\u00e4dg\u00e5rd ska blomma ymnigt och lukta som en dr\u00f6m. Luften ska dallra av doften fr\u00e5n ljuvliga liljor, kl\u00e4ngande rosor, syrener, schersminer och aromatiska kryddv\u00e4xter. Rosa, vita och bl\u00e5 blommor formligen v\u00e4ller in \u00f6ver tr\u00e4dg\u00e5rdens g\u00e5ngar och sittplatser. Det fl\u00f6dar av t\u00e5liga mormorsv\u00e4xter som fingerborgsblommor, krolliljor riddarsporrar, pioner, bl\u00e5gull och lamm\u00f6ron.<\/p>\n<div id=\"attachment_4264\" style=\"width: 738px\" class=\"wp-caption alignnone\"><img loading=\"lazy\" decoding=\"async\" aria-describedby=\"caption-attachment-4264\" class=\"size-full wp-image-4264\" alt=\"Kombinationen rosa och gr\u00e5tt h\u00f6r hemma i den romantiska tr\u00e4dg\u00e5rden, det skapar lugn fast det lyser upp. Luktpionerna sprider sin doft vida kring d\u00e4r de sticker upp i mattan av lamm\u00f6ron, Stachys byzantina.\" src=\"http:\/\/rosenholm.se\/wp-content\/uploads\/2014\/05\/DSC_2305.jpg\" width=\"728\" height=\"445\" srcset=\"https:\/\/rosenholm.se\/wp-content\/uploads\/2014\/05\/DSC_2305.jpg 728w, https:\/\/rosenholm.se\/wp-content\/uploads\/2014\/05\/DSC_2305-250x152.jpg 250w, https:\/\/rosenholm.se\/wp-content\/uploads\/2014\/05\/DSC_2305-320x195.jpg 320w, https:\/\/rosenholm.se\/wp-content\/uploads\/2014\/05\/DSC_2305-350x213.jpg 350w, https:\/\/rosenholm.se\/wp-content\/uploads\/2014\/05\/DSC_2305-250x152@2x.jpg 500w, https:\/\/rosenholm.se\/wp-content\/uploads\/2014\/05\/DSC_2305-320x195@2x.jpg 640w, https:\/\/rosenholm.se\/wp-content\/uploads\/2014\/05\/DSC_2305-350x213@2x.jpg 700w\" sizes=\"auto, (max-width: 728px) 100vw, 728px\" \/><p id=\"caption-attachment-4264\" class=\"wp-caption-text\">Kombinationen rosa och gr\u00e5tt h\u00f6r hemma i den romantiska tr\u00e4dg\u00e5rden, det skapar lugn fast det lyser upp. Luktpionerna sprider sin doft vida kring d\u00e4r de sticker upp i mattan av lamm\u00f6ron, Stachys byzantina.<\/p><\/div>\n<h5>Prydnader<\/h5>\n<div id=\"attachment_4267\" style=\"width: 360px\" class=\"wp-caption alignright\"><img loading=\"lazy\" decoding=\"async\" aria-describedby=\"caption-attachment-4267\" class=\"size-large wp-image-4267\" alt=\"Att anv\u00e4nda rostigt j\u00e4rn f\u00f6r pergolor \u00e4r inne sedan n\u00e5gra \u00e5r. P\u00e5 g\u00e5rden Headal i Sk\u00e5ne tog den tr\u00e4dg\u00e5rdsintresserade Bjarne Bengtsson en gammal pinnharv och b\u00f6jde med hj\u00e4lp av traktorn. Resultatet blev den h\u00e4r vackra pergolan.\" src=\"http:\/\/rosenholm.se\/wp-content\/uploads\/2014\/05\/D2X_6244-350x466.jpg\" width=\"350\" height=\"466\" srcset=\"https:\/\/rosenholm.se\/wp-content\/uploads\/2014\/05\/D2X_6244-350x466.jpg 350w, https:\/\/rosenholm.se\/wp-content\/uploads\/2014\/05\/D2X_6244-187x250.jpg 187w, https:\/\/rosenholm.se\/wp-content\/uploads\/2014\/05\/D2X_6244-320x426.jpg 320w, https:\/\/rosenholm.se\/wp-content\/uploads\/2014\/05\/D2X_6244.jpg 546w, https:\/\/rosenholm.se\/wp-content\/uploads\/2014\/05\/D2X_6244-187x250@2x.jpg 374w\" sizes=\"auto, (max-width: 350px) 100vw, 350px\" \/><p id=\"caption-attachment-4267\" class=\"wp-caption-text\">Att anv\u00e4nda rostigt j\u00e4rn f\u00f6r pergolor \u00e4r inne. P\u00e5 g\u00e5rden Headal i Sk\u00e5ne tog Bjarne Bengtsson en gammal pinnharv och b\u00f6jde med hj\u00e4lp av traktorn.<\/p><\/div>\n<p>Lite krimskrams ska man kosta p\u00e5 sig i en romantisk tr\u00e4dg\u00e5rd. Klassiskt \u00e4r en portal mellan olika delar av tr\u00e4dg\u00e5rden d\u00e4r man kan strosa under doftande kl\u00e4ngrosor, och kanske n\u00e5gon klematis. F\u00e5gelbad \u00e4r n\u00e4stan ett m\u00e5ste, b\u00e5de som prydnad och f\u00f6r att locka till sig f\u00e5glar. De finns av alla typer, stora och sm\u00e5, p\u00e5 h\u00f6ga st\u00e4llningar eller st\u00e5ende p\u00e5 marken. Statyetter kan ocks\u00e5 passa bra, l\u00e5t dem leda blicken till n\u00e5got annat vackert eller vara centralpunkt i en rabatt. Och tr\u00e4dg\u00e5rdstomtar? Nja, kanske inte s\u00e5 bra i en romantisk tr\u00e4dg\u00e5rd.<\/p>\n<h5><a title=\"N\u00e5gra v\u00e4xter f\u00f6r romantiska tr\u00e4dg\u00e5rdar\" href=\"http:\/\/rosenholm.se\/?page_id=4283\">N\u00e5gra v\u00e4xter f\u00f6r romantiska tr\u00e4dg\u00e5rdar<\/a><\/h5>\n<h5><a title=\"Checklista f\u00f6r romantisk tr\u00e4dg\u00e5rd\" href=\"http:\/\/rosenholm.se\/?page_id=4288\">Checklista f\u00f6r romantisk tr\u00e4dg\u00e5rd<\/a><\/h5>\n","protected":false},"excerpt":{"rendered":"<p>Text: Ann-Christin Rosenholm Bild: Dan Rosenholm Dr\u00f6mmer vi inte alla lite om tant Gr\u00f6n, tant Brun och tant Gredelins tr\u00e4dg\u00e5rd med sina st\u00e5tliga frukttr\u00e4d och prunkande rabatter? Och vem vill&hellip; <\/p>\n","protected":false},"author":1,"featured_media":0,"parent":362,"menu_order":0,"comment_status":"closed","ping_status":"closed","template":"","meta":{"footnotes":""},"class_list":["post-4252","page","type-page","status-publish","hentry"],"_links":{"self":[{"href":"https:\/\/rosenholm.se\/index.php?rest_route=\/wp\/v2\/pages\/4252","targetHints":{"allow":["GET"]}}],"collection":[{"href":"https:\/\/rosenholm.se\/index.php?rest_route=\/wp\/v2\/pages"}],"about":[{"href":"https:\/\/rosenholm.se\/index.php?rest_route=\/wp\/v2\/types\/page"}],"author":[{"embeddable":true,"href":"https:\/\/rosenholm.se\/index.php?rest_route=\/wp\/v2\/users\/1"}],"replies":[{"embeddable":true,"href":"https:\/\/rosenholm.se\/index.php?rest_route=%2Fwp%2Fv2%2Fcomments&post=4252"}],"version-history":[{"count":30,"href":"https:\/\/rosenholm.se\/index.php?rest_route=\/wp\/v2\/pages\/4252\/revisions"}],"predecessor-version":[{"id":4312,"href":"https:\/\/rosenholm.se\/index.php?rest_route=\/wp\/v2\/pages\/4252\/revisions\/4312"}],"up":[{"embeddable":true,"href":"https:\/\/rosenholm.se\/index.php?rest_route=\/wp\/v2\/pages\/362"}],"wp:attachment":[{"href":"https:\/\/rosenholm.se\/index.php?rest_route=%2Fwp%2Fv2%2Fmedia&parent=4252"}],"curies":[{"name":"wp","href":"https:\/\/api.w.org\/{rel}","templated":true}]}}