{"id":3789,"date":"2014-04-09T23:07:11","date_gmt":"2014-04-09T21:07:11","guid":{"rendered":"http:\/\/rosenholm.se\/?page_id=3789"},"modified":"2016-09-22T22:26:52","modified_gmt":"2016-09-22T20:26:52","slug":"pastor-spaks-park","status":"publish","type":"page","link":"https:\/\/rosenholm.se\/?page_id=3789","title":{"rendered":"Pastor Spaks park"},"content":{"rendered":"<h5>Parkfakta<\/h5>\n<p>Design: Parkkontoret<br \/>\nBygg\u00e5r: Ombyggd 1995<br \/>\nYta: Ca 1 300 m2<\/p>\n<div id=\"attachment_3791\" style=\"width: 738px\" class=\"wp-caption alignnone\"><img loading=\"lazy\" decoding=\"async\" aria-describedby=\"caption-attachment-3791\" class=\"size-full wp-image-3791\" src=\"http:\/\/rosenholm.se\/wp-content\/uploads\/2014\/04\/D2X_3912.jpg\" alt=\"Skulpturspalj\u00e9erna bidrar till att ge rosentr\u00e4dg\u00e5rden en tydlig karakt\u00e4r och stark tredimensionell form \u00e5ret om. Bakom h\u00e4cken av hybrididegran syns prydnadsk\u00f6rsb\u00e4ret \u2019Accolade\u2019 blomma i b\u00f6rjan av maj.\" width=\"728\" height=\"409\" srcset=\"https:\/\/rosenholm.se\/wp-content\/uploads\/2014\/04\/D2X_3912.jpg 728w, https:\/\/rosenholm.se\/wp-content\/uploads\/2014\/04\/D2X_3912-250x140.jpg 250w, https:\/\/rosenholm.se\/wp-content\/uploads\/2014\/04\/D2X_3912-320x179.jpg 320w, https:\/\/rosenholm.se\/wp-content\/uploads\/2014\/04\/D2X_3912-350x196.jpg 350w, https:\/\/rosenholm.se\/wp-content\/uploads\/2014\/04\/D2X_3912-250x140@2x.jpg 500w, https:\/\/rosenholm.se\/wp-content\/uploads\/2014\/04\/D2X_3912-320x179@2x.jpg 640w, https:\/\/rosenholm.se\/wp-content\/uploads\/2014\/04\/D2X_3912-350x196@2x.jpg 700w\" sizes=\"auto, (max-width: 728px) 100vw, 728px\" \/><p id=\"caption-attachment-3791\" class=\"wp-caption-text\">Skulpturspalj\u00e9erna bidrar till att ge rosentr\u00e4dg\u00e5rden en tydlig karakt\u00e4r och stark tredimensionell form \u00e5ret om. Bakom h\u00e4cken av hybrididegran syns prydnadsk\u00f6rsb\u00e4ret \u2019Accolade\u2019 blomma i b\u00f6rjan av maj.<\/p><\/div>\n<p>Pastor Spaks park \u00e4r ett av m\u00e5nga exempel p\u00e5 hur otroligt skickligt man lyckats utnyttja oanv\u00e4nda och till synes om\u00f6jliga ytor till att skapa fantastiska parkmilj\u00f6er i Enk\u00f6ping. I Pastor Spaks park \u00e4r det ett hoppl\u00f6st triangelformat omr\u00e5de mellan tv\u00e5 v\u00e4gar som tagits tillvara f\u00f6r att skapa en modernt sinnrik rosentr\u00e4dg\u00e5rd och en promenadg\u00e5ng under klematis- och kl\u00e4tterrosportaler.<\/p>\n<div id=\"attachment_3802\" style=\"width: 360px\" class=\"wp-caption alignright\"><img loading=\"lazy\" decoding=\"async\" aria-describedby=\"caption-attachment-3802\" class=\"size-large wp-image-3802\" src=\"http:\/\/rosenholm.se\/wp-content\/uploads\/2014\/04\/D2X_8661-350x466.jpg\" alt=\"Kronklematis, Clematis macropetala \u2019Markhams Pink\u2019 och atragene-klematisen Clematis \u2019Georg\u2019 \" width=\"350\" height=\"466\" srcset=\"https:\/\/rosenholm.se\/wp-content\/uploads\/2014\/04\/D2X_8661-350x466.jpg 350w, https:\/\/rosenholm.se\/wp-content\/uploads\/2014\/04\/D2X_8661-187x250.jpg 187w, https:\/\/rosenholm.se\/wp-content\/uploads\/2014\/04\/D2X_8661-320x426.jpg 320w, https:\/\/rosenholm.se\/wp-content\/uploads\/2014\/04\/D2X_8661.jpg 546w, https:\/\/rosenholm.se\/wp-content\/uploads\/2014\/04\/D2X_8661-187x250@2x.jpg 374w\" sizes=\"auto, (max-width: 350px) 100vw, 350px\" \/><p id=\"caption-attachment-3802\" class=\"wp-caption-text\">Kronklematis, Clematis macropetala \u2019Markhams Pink\u2019 och atragene-klematisen Clematis \u2019Georg\u2019<\/p><\/div>\n<p>Fem breda portaler markerar \u00f6verg\u00e5ngarna mellan parkens olika rum och ramar in en l\u00e5ng fri siktlinje som till och med str\u00e4cker sig utanf\u00f6r parken och forts\u00e4tter ut i Drottninggatan. Kronklematis, <em>Clematis macropetala<\/em> \u2019Markhams Pink\u2019 och den bl\u00e5 atragene-klematisen <em>Clematis\u00a0<\/em>\u2019Georg\u2019 bildar ett imponerande tak \u00f6ver en av de h\u00e4r portalerna.<\/p>\n<div id=\"attachment_3794\" style=\"width: 360px\" class=\"wp-caption alignright\"><img loading=\"lazy\" decoding=\"async\" aria-describedby=\"caption-attachment-3794\" class=\"size-large wp-image-3794\" src=\"http:\/\/rosenholm.se\/wp-content\/uploads\/2014\/04\/D2X_8249-350x291.jpg\" alt=\"Sibiriskt korktr\u00e4d, och bergk\u00f6rsb\u00e4r och en portal ramar in utsikten mot roseng\u00e5rden.\" width=\"350\" height=\"291\" srcset=\"https:\/\/rosenholm.se\/wp-content\/uploads\/2014\/04\/D2X_8249-350x291.jpg 350w, https:\/\/rosenholm.se\/wp-content\/uploads\/2014\/04\/D2X_8249-250x208.jpg 250w, https:\/\/rosenholm.se\/wp-content\/uploads\/2014\/04\/D2X_8249-320x266.jpg 320w, https:\/\/rosenholm.se\/wp-content\/uploads\/2014\/04\/D2X_8249.jpg 728w, https:\/\/rosenholm.se\/wp-content\/uploads\/2014\/04\/D2X_8249-350x291@2x.jpg 700w, https:\/\/rosenholm.se\/wp-content\/uploads\/2014\/04\/D2X_8249-250x208@2x.jpg 500w, https:\/\/rosenholm.se\/wp-content\/uploads\/2014\/04\/D2X_8249-320x266@2x.jpg 640w\" sizes=\"auto, (max-width: 350px) 100vw, 350px\" \/><p id=\"caption-attachment-3794\" class=\"wp-caption-text\">Sibiriskt korktr\u00e4d, och bergk\u00f6rsb\u00e4r och en portal ramar in utsikten mot roseng\u00e5rden.<\/p><\/div>\n<p>En portal som s\u00e5 sm\u00e5ningom ska bli \u00f6vervuxen med klematis och kl\u00e4tterrosor ramar in utsikten mot roseng\u00e5rden n\u00e4r man kommer l\u00e4ngs g\u00e5ngen tv\u00e4rs igenom den trekantsformade parken. Ett sibiriskt korktr\u00e4d, <em>Phellodendron amurense<\/em>, till h\u00f6ger och ett bergk\u00f6rsb\u00e4r, <em>Prunus sargentii<\/em>, till v\u00e4nster f\u00f6rst\u00e4rker inramningseffekten. B\u00e5da \u00e4r utm\u00e4rkta takbildande tr\u00e4d ocks\u00e5 f\u00f6r villatr\u00e4dg\u00e5rdar. P\u00e5 marken ser vi en matta av inte fullt utslagen j\u00e4ttedaggk\u00e5pa, <em>Alchemilla mollis<\/em>.<\/p>\n<p>L\u00e4ngst mot norr, i triangelns bas, ligger den cirkelrunda rosentr\u00e4dg\u00e5rden. Ett skyddat tr\u00e4dg\u00e5rdsrum att sl\u00e5 sig ner i p\u00e5 en parkb\u00e4nk f\u00f6r att njuta av alla de underbara dofter som sprider sig n\u00e4r rosorna blommar.<\/p>\n<div id=\"attachment_3797\" style=\"width: 360px\" class=\"wp-caption alignright\"><img loading=\"lazy\" decoding=\"async\" aria-describedby=\"caption-attachment-3797\" class=\"size-large wp-image-3797\" src=\"http:\/\/rosenholm.se\/wp-content\/uploads\/2014\/04\/DSC09803-350x291.jpg\" alt=\"Remontantrosen \u2018Alfred Colomb\u2019 mot rostigt j\u00e4rn ger i b\u00f6rjan av juli en fr\u00e4ck kontrast av mjukt mot h\u00e5rt. L\u00e4ngst bort, med idegransh\u00e4ck i ryggen, skymtar en av de m\u00e5nga b\u00e4nkar d\u00e4r man kan l\u00e4nge njuta av prakten och doften.\" width=\"350\" height=\"291\" srcset=\"https:\/\/rosenholm.se\/wp-content\/uploads\/2014\/04\/DSC09803-350x291.jpg 350w, https:\/\/rosenholm.se\/wp-content\/uploads\/2014\/04\/DSC09803-250x208.jpg 250w, https:\/\/rosenholm.se\/wp-content\/uploads\/2014\/04\/DSC09803-320x266.jpg 320w, https:\/\/rosenholm.se\/wp-content\/uploads\/2014\/04\/DSC09803.jpg 728w, https:\/\/rosenholm.se\/wp-content\/uploads\/2014\/04\/DSC09803-350x291@2x.jpg 700w, https:\/\/rosenholm.se\/wp-content\/uploads\/2014\/04\/DSC09803-250x208@2x.jpg 500w, https:\/\/rosenholm.se\/wp-content\/uploads\/2014\/04\/DSC09803-320x266@2x.jpg 640w\" sizes=\"auto, (max-width: 350px) 100vw, 350px\" \/><p id=\"caption-attachment-3797\" class=\"wp-caption-text\">Remontantrosen \u2018Alfred Colomb\u2019 mot rostigt j\u00e4rn ger fr\u00e4ck kontrast av mjukt mot h\u00e5rt. Med idegransh\u00e4ck i ryggen, skymtar en av de m\u00e5nga b\u00e4nkar d\u00e4r man kan njuta av prakten och doften.<\/p><\/div>\n<p>Rabatterna med en blandning av rosor och perenner \u00e4r formade som skjuvade kvadrater, romboider. De ligger utplacerade i en plattyta s\u00e5 att man enkelt kan promenera runt dem och betrakta v\u00e4xterna p\u00e5 b\u00e5de n\u00e4ra och l\u00e5ngt h\u00e5ll. H\u00e4r hittar man huvudsakligen gammaldags rosor som \u2019Dronningen af Danmark\u2019, \u2019Rose de Rescht\u2019, \u2019Stanwell Perpetual\u2019 och &#8217;Mme Boll&#8217;\u00a0men \u00e4ven n\u00e5gra moderna sorter som till exempel \u2019The Fairy\u2019, &#8217;Katharina Zeimet&#8217;\u00a0och \u2019Astrid Lindgren\u2019.<\/p>\n<p>Perenner i bl\u00e5lila f\u00e4rgskala med inslag av silver, lime, vitt och purpur lyfter fram och f\u00f6rh\u00f6jer lyskraften hos rosornas kraftfulla blommor. Ett litet silverp\u00e4rontr\u00e4d sk\u00e4nker i en av rabatterna silvrig glans \u00e4ven p\u00e5 h\u00f6jden. Framf\u00f6r den \u00e4r det m\u00e5nga som stannar och beundrande undrar vad det \u00e4r f\u00f6r n\u00e5gon exotisk sk\u00f6nhet som dumpit ner h\u00e4r l\u00e5ngt upp i norr. Det \u00e4r inte utan anledning som silverp\u00e4ron kallas f\u00f6r Nordens olivtr\u00e4d.<\/p>\n<p>Kl\u00e4tterrosor kl\u00e4nger l\u00e4ngs fyra kombinerade skulpturer och spalj\u00e9er. Deras rostbruna f\u00e4rg ger rummet en modern och fantasifull pr\u00e4gel som blir \u00e4n mer uttalad efter m\u00f6rkrets inbrott n\u00e4r de klotrunda lamporna h\u00f6gst upp i toppen sprider sitt skimrande ljus \u00f6ver omr\u00e5det.<\/p>\n<p>Rosenrummets yttre v\u00e4ggar best\u00e5r av st\u00e4dsegr\u00f6n hybrididegran som har en effektfull krans av j\u00e4ttedaggk\u00e5pa runt f\u00f6tterna. D\u00e4r utanf\u00f6r \u00f6ppnar sig parken mot omgivningen och bjuder p\u00e5 m\u00e4sterliga kompositioner som kan ses utifr\u00e5n gatan. H\u00e4r hittar vi vackra och inte alltf\u00f6r vanliga buskar och tr\u00e4d som prydnadsk\u00f6rsb\u00e4r, sibiriskt korktr\u00e4d, katsura, magnoliahybrider och trollhassel i mattor av markt\u00e4ckande perenner som j\u00e4ttedaggk\u00e5pa, r\u00f6d sockblomma och flockn\u00e4va. Det ser ut som ett f\u00f6r\u00e4dlat skogslandskap. Det \u00e4r gr\u00f6nt, det \u00e4r lummigt och det \u00e4r vackert blommigt under en stor del av \u00e5ret.<\/p>\n<div id=\"attachment_3805\" style=\"width: 738px\" class=\"wp-caption alignnone\"><img loading=\"lazy\" decoding=\"async\" aria-describedby=\"caption-attachment-3805\" class=\"size-full wp-image-3805\" src=\"http:\/\/rosenholm.se\/wp-content\/uploads\/2014\/04\/DSC09806.jpg\" alt=\"I juli fylls rosentr\u00e4dg\u00e5rden av dofter fr\u00e5n rosor och aromatiska perenner som salvia, kantnepeta, stenkyndel och isop. L\u00e4ngs skulpturpelarna kl\u00e4nger kl\u00e4tterrosor med glest v\u00e4xts\u00e4tt. Ett medvetet val f\u00f6r att de inte ska ta udden av ljusspelet som n\u00e4r de klotrunda lamporna i toppen t\u00e4nds m\u00f6rka kv\u00e4llar.\" width=\"728\" height=\"485\" srcset=\"https:\/\/rosenholm.se\/wp-content\/uploads\/2014\/04\/DSC09806.jpg 728w, https:\/\/rosenholm.se\/wp-content\/uploads\/2014\/04\/DSC09806-250x166.jpg 250w, https:\/\/rosenholm.se\/wp-content\/uploads\/2014\/04\/DSC09806-320x213.jpg 320w, https:\/\/rosenholm.se\/wp-content\/uploads\/2014\/04\/DSC09806-350x233.jpg 350w, https:\/\/rosenholm.se\/wp-content\/uploads\/2014\/04\/DSC09806-250x166@2x.jpg 500w, https:\/\/rosenholm.se\/wp-content\/uploads\/2014\/04\/DSC09806-320x213@2x.jpg 640w, https:\/\/rosenholm.se\/wp-content\/uploads\/2014\/04\/DSC09806-350x233@2x.jpg 700w\" sizes=\"auto, (max-width: 728px) 100vw, 728px\" \/><p id=\"caption-attachment-3805\" class=\"wp-caption-text\">I juli fylls rosentr\u00e4dg\u00e5rden av dofter fr\u00e5n rosor och aromatiska perenner som salvia, kantnepeta, stenkyndel och isop. L\u00e4ngs skulpturpelarna kl\u00e4nger kl\u00e4tterrosor med glest v\u00e4xts\u00e4tt. Ett medvetet val f\u00f6r att de inte ska ta udden av ljusspelet som n\u00e4r de klotrunda lamporna i toppen t\u00e4nds m\u00f6rka kv\u00e4llar.<\/p><\/div>\n<p>Den mer \u00e4n 30 meter l\u00e5nga promenadg\u00e5ngen fr\u00e5n rosenrummet ner till triangelns spets utg\u00f6r f\u00f6rl\u00e4ngningen p\u00e5 en av stadens axlar: Drottninggatan. N\u00e4r vi st\u00e5r uppe i rosentr\u00e4dg\u00e5rden och tittar ner genom g\u00e5ngen och vidare l\u00e4ngs den l\u00e5nga gatan k\u00e4nns djupet riktigt som ett sug i maggropen. Siktlinjer av det h\u00e4r slaget \u00e4r ett effektivt s\u00e4tt att g\u00f6ra b\u00e5de parker och tr\u00e4dg\u00e5rdar mer sp\u00e4nnande och intressanta.<\/p>\n<p>Den sinnrika uppbyggnaden av Pastor Spaks Park har lyckats med den sv\u00e5ra uppgiften att erbjuda ett skyddat tr\u00e4dg\u00e5rdsrum d\u00e4r m\u00e4nniskor kan vila fr\u00e5n staden samtidigt som ocks\u00e5 gaturummet bjuds p\u00e5 vackra parkupplevelser.<\/p>\n<p>Sitt namn har parken f\u00e5tt efter pastor Henrik Fredrik Spak (1876\u20131926) som var pr\u00e4st i Svinnegarn och Tillinge och sedermera blev k\u00e4nd som socialistpr\u00e4sten.<\/p>\n<p><a title=\"B\u00e4sta tipsen fr\u00e5n Pastor Spaks park\" href=\"http:\/\/rosenholm.se\/?page_id=3786\"><strong>B\u00e4sta tipsen fr\u00e5n Pastor Spaks park<\/strong><\/a><\/p>\n<h5><a title=\"Klosterparken\" href=\"http:\/\/rosenholm.se\/?page_id=3830\">Klosterparken<\/a><\/h5>\n","protected":false},"excerpt":{"rendered":"<p>Parkfakta Design: Parkkontoret Bygg\u00e5r: Ombyggd 1995 Yta: Ca 1 300 m2 Pastor Spaks park \u00e4r ett av m\u00e5nga exempel p\u00e5 hur otroligt skickligt man lyckats utnyttja oanv\u00e4nda och till synes&hellip; <\/p>\n","protected":false},"author":1,"featured_media":0,"parent":3514,"menu_order":0,"comment_status":"closed","ping_status":"closed","template":"","meta":{"footnotes":""},"class_list":["post-3789","page","type-page","status-publish","hentry"],"_links":{"self":[{"href":"https:\/\/rosenholm.se\/index.php?rest_route=\/wp\/v2\/pages\/3789","targetHints":{"allow":["GET"]}}],"collection":[{"href":"https:\/\/rosenholm.se\/index.php?rest_route=\/wp\/v2\/pages"}],"about":[{"href":"https:\/\/rosenholm.se\/index.php?rest_route=\/wp\/v2\/types\/page"}],"author":[{"embeddable":true,"href":"https:\/\/rosenholm.se\/index.php?rest_route=\/wp\/v2\/users\/1"}],"replies":[{"embeddable":true,"href":"https:\/\/rosenholm.se\/index.php?rest_route=%2Fwp%2Fv2%2Fcomments&post=3789"}],"version-history":[{"count":19,"href":"https:\/\/rosenholm.se\/index.php?rest_route=\/wp\/v2\/pages\/3789\/revisions"}],"predecessor-version":[{"id":10243,"href":"https:\/\/rosenholm.se\/index.php?rest_route=\/wp\/v2\/pages\/3789\/revisions\/10243"}],"up":[{"embeddable":true,"href":"https:\/\/rosenholm.se\/index.php?rest_route=\/wp\/v2\/pages\/3514"}],"wp:attachment":[{"href":"https:\/\/rosenholm.se\/index.php?rest_route=%2Fwp%2Fv2%2Fmedia&parent=3789"}],"curies":[{"name":"wp","href":"https:\/\/api.w.org\/{rel}","templated":true}]}}