{"id":3786,"date":"2014-04-09T23:09:27","date_gmt":"2014-04-09T21:09:27","guid":{"rendered":"http:\/\/rosenholm.se\/?page_id=3786"},"modified":"2014-04-09T23:10:20","modified_gmt":"2014-04-09T21:10:20","slug":"basta-tipsen-fran-pastor-spaks-park","status":"publish","type":"page","link":"https:\/\/rosenholm.se\/?page_id=3786","title":{"rendered":"B\u00e4sta tipsen fr\u00e5n Pastor Spaks park"},"content":{"rendered":"<ul>\n<li>H\u00e4ckar av idegran ger insynsskydd \u00e5ret om<\/li>\n<li>En frans av n\u00e5gon markt\u00e4ckande perenn som t ex j\u00e4ttedaggk\u00e5pa blir fint vid h\u00e4cken fot<\/li>\n<li>En fri siktlinje i form av en g\u00e5ng genom flera tr\u00e4dg\u00e5rdsrum skapar djup<\/li>\n<li>F\u00f6rst\u00e4rk effekten av siktlinjen med v\u00e4xtportaler eller en pergola<\/li>\n<li>Kombinera rosor med perenner i st\u00e4llet f\u00f6r att ha rosorna ensamma<\/li>\n<\/ul>\n<h5><a title=\"Pastor Spaks park\" href=\"http:\/\/rosenholm.se\/?page_id=3789\">Pastor Spaks park<\/a><\/h5>\n","protected":false},"excerpt":{"rendered":"<p>H\u00e4ckar av idegran ger insynsskydd \u00e5ret om En frans av n\u00e5gon markt\u00e4ckande perenn som t ex j\u00e4ttedaggk\u00e5pa blir fint vid h\u00e4cken fot En fri siktlinje i form av en g\u00e5ng&hellip; <\/p>\n","protected":false},"author":1,"featured_media":0,"parent":0,"menu_order":0,"comment_status":"closed","ping_status":"closed","template":"","meta":{"footnotes":""},"class_list":["post-3786","page","type-page","status-publish","hentry"],"_links":{"self":[{"href":"https:\/\/rosenholm.se\/index.php?rest_route=\/wp\/v2\/pages\/3786","targetHints":{"allow":["GET"]}}],"collection":[{"href":"https:\/\/rosenholm.se\/index.php?rest_route=\/wp\/v2\/pages"}],"about":[{"href":"https:\/\/rosenholm.se\/index.php?rest_route=\/wp\/v2\/types\/page"}],"author":[{"embeddable":true,"href":"https:\/\/rosenholm.se\/index.php?rest_route=\/wp\/v2\/users\/1"}],"replies":[{"embeddable":true,"href":"https:\/\/rosenholm.se\/index.php?rest_route=%2Fwp%2Fv2%2Fcomments&post=3786"}],"version-history":[{"count":3,"href":"https:\/\/rosenholm.se\/index.php?rest_route=\/wp\/v2\/pages\/3786\/revisions"}],"predecessor-version":[{"id":3811,"href":"https:\/\/rosenholm.se\/index.php?rest_route=\/wp\/v2\/pages\/3786\/revisions\/3811"}],"wp:attachment":[{"href":"https:\/\/rosenholm.se\/index.php?rest_route=%2Fwp%2Fv2%2Fmedia&parent=3786"}],"curies":[{"name":"wp","href":"https:\/\/api.w.org\/{rel}","templated":true}]}}