{"id":3752,"date":"2014-04-09T22:01:26","date_gmt":"2014-04-09T20:01:26","guid":{"rendered":"http:\/\/rosenholm.se\/?page_id=3752"},"modified":"2014-04-09T22:08:35","modified_gmt":"2014-04-09T20:08:35","slug":"basta-tipsen-fran-fridegardsparken","status":"publish","type":"page","link":"https:\/\/rosenholm.se\/?page_id=3752","title":{"rendered":"B\u00e4sta tipsen fr\u00e5n Frideg\u00e5rdsparken"},"content":{"rendered":"<ul>\n<li>Friv\u00e4xande tr\u00e4d och buskar innanf\u00f6r en klippt h\u00e4ck skapar b\u00e5de insynskydd och stark rumslighet<\/li>\n<li>L\u00e5t vatten porla upp genom ett h\u00e5l i en sten. Det ger behaglig och l\u00e4ttsk\u00f6tt vattenk\u00e4nsla p\u00e5 liten yta<\/li>\n<li>G\u00f6r uteplatsgolvet i marktegel. Det \u00e4r b\u00e5de snyggt och h\u00e5llbart.<\/li>\n<li>Skapa en pergola med skyddade sittplatser och vackra utblickar<\/li>\n<\/ul>\n<h5><a title=\"Frideg\u00e5rdsparken\" href=\"http:\/\/rosenholm.se\/?page_id=3750\">Frideg\u00e5rdsparken<\/a><\/h5>\n","protected":false},"excerpt":{"rendered":"<p>Friv\u00e4xande tr\u00e4d och buskar innanf\u00f6r en klippt h\u00e4ck skapar b\u00e5de insynskydd och stark rumslighet L\u00e5t vatten porla upp genom ett h\u00e5l i en sten. Det ger behaglig och l\u00e4ttsk\u00f6tt vattenk\u00e4nsla&hellip; <\/p>\n","protected":false},"author":1,"featured_media":0,"parent":3750,"menu_order":0,"comment_status":"closed","ping_status":"closed","template":"","meta":{"footnotes":""},"class_list":["post-3752","page","type-page","status-publish","hentry"],"_links":{"self":[{"href":"https:\/\/rosenholm.se\/index.php?rest_route=\/wp\/v2\/pages\/3752","targetHints":{"allow":["GET"]}}],"collection":[{"href":"https:\/\/rosenholm.se\/index.php?rest_route=\/wp\/v2\/pages"}],"about":[{"href":"https:\/\/rosenholm.se\/index.php?rest_route=\/wp\/v2\/types\/page"}],"author":[{"embeddable":true,"href":"https:\/\/rosenholm.se\/index.php?rest_route=\/wp\/v2\/users\/1"}],"replies":[{"embeddable":true,"href":"https:\/\/rosenholm.se\/index.php?rest_route=%2Fwp%2Fv2%2Fcomments&post=3752"}],"version-history":[{"count":6,"href":"https:\/\/rosenholm.se\/index.php?rest_route=\/wp\/v2\/pages\/3752\/revisions"}],"predecessor-version":[{"id":3779,"href":"https:\/\/rosenholm.se\/index.php?rest_route=\/wp\/v2\/pages\/3752\/revisions\/3779"}],"up":[{"embeddable":true,"href":"https:\/\/rosenholm.se\/index.php?rest_route=\/wp\/v2\/pages\/3750"}],"wp:attachment":[{"href":"https:\/\/rosenholm.se\/index.php?rest_route=%2Fwp%2Fv2%2Fmedia&parent=3752"}],"curies":[{"name":"wp","href":"https:\/\/api.w.org\/{rel}","templated":true}]}}