{"id":3750,"date":"2014-04-09T22:00:00","date_gmt":"2014-04-09T20:00:00","guid":{"rendered":"http:\/\/rosenholm.se\/?page_id=3750"},"modified":"2014-04-09T23:17:02","modified_gmt":"2014-04-09T21:17:02","slug":"fridegardsparken","status":"publish","type":"page","link":"https:\/\/rosenholm.se\/?page_id=3750","title":{"rendered":"Frideg\u00e5rdsparken"},"content":{"rendered":"<h5>Parkfakta<\/h5>\n<p>Design: Parkkontoret<br \/>\nBygg\u00e5r: 1988<br \/>\nYta: 880 kvadratmeter<\/p>\n<div id=\"attachment_3755\" style=\"width: 738px\" class=\"wp-caption alignnone\"><img loading=\"lazy\" decoding=\"async\" aria-describedby=\"caption-attachment-3755\" class=\"size-full wp-image-3755\" alt=\"En skulptur av f\u00f6rfattaren Jan Frideg\u00e5rd med en tussilago i handen v\u00e4lkomnar bes\u00f6kare vid ing\u00e5ngen till Frideg\u00e5rdsparken. Den kom till p\u00e5 initiativ av en grupp frivilliga personer som samlade in pengar fr\u00e5n sponsorer. Skulpturen \u00e4r gjord i brons av konstn\u00e4ren Rune Rydelius.\" src=\"http:\/\/rosenholm.se\/wp-content\/uploads\/2014\/04\/D2X_8376.jpg\" width=\"728\" height=\"485\" srcset=\"https:\/\/rosenholm.se\/wp-content\/uploads\/2014\/04\/D2X_8376.jpg 728w, https:\/\/rosenholm.se\/wp-content\/uploads\/2014\/04\/D2X_8376-250x166.jpg 250w, https:\/\/rosenholm.se\/wp-content\/uploads\/2014\/04\/D2X_8376-320x213.jpg 320w, https:\/\/rosenholm.se\/wp-content\/uploads\/2014\/04\/D2X_8376-350x233.jpg 350w, https:\/\/rosenholm.se\/wp-content\/uploads\/2014\/04\/D2X_8376-250x166@2x.jpg 500w, https:\/\/rosenholm.se\/wp-content\/uploads\/2014\/04\/D2X_8376-320x213@2x.jpg 640w, https:\/\/rosenholm.se\/wp-content\/uploads\/2014\/04\/D2X_8376-350x233@2x.jpg 700w\" sizes=\"auto, (max-width: 728px) 100vw, 728px\" \/><p id=\"caption-attachment-3755\" class=\"wp-caption-text\">En skulptur av f\u00f6rfattaren Jan Frideg\u00e5rd med en tussilago i handen v\u00e4lkomnar bes\u00f6kare \u00a0till Frideg\u00e5rdsparken. Den kom till p\u00e5 initiativ av en grupp frivilliga personer som samlade in pengar fr\u00e5n sponsorer. Skulpturen \u00e4r gjord i brons av konstn\u00e4ren Rune Rydelius.<\/p><\/div>\n<p>Att g\u00e5 in i Frideg\u00e5rdsparken \u00e4r som att f\u00f6rflyttas till en annan v\u00e4rld. H\u00e4r sl\u00e4nger sig pipranka och andra frodiga kl\u00e4tterv\u00e4xter h\u00f6gt upp i de japanska magnoliatr\u00e4dens kronor. Luften fylls av porlande vattenljud och f\u00e5gelkvitter. Vi \u00e4r omslutna av behaglig gr\u00f6nska och staden med sitt st\u00f6k k\u00e4nns o\u00e4ndligt l\u00e5ngt borta. T\u00e4nk att allt kunde f\u00f6r\u00e4ndras s\u00e5 totalt av att man r\u00f6rde sig n\u00e5gra f\u00e5 meter.<\/p>\n<p>Utanf\u00f6r passerar fortfarande bilarna och en hel rad av dem st\u00e5r p\u00e5 parkeringen som t\u00e4cker hela ena l\u00e5ngsidan av parken. P\u00e5 den andra l\u00e5ngsidan finns en brandstation och en transformatorbyggnad. Fast vi ser f\u00f6rst\u00e5s inget av det h\u00e4r inifr\u00e5n parken som \u00e4r ordenligt skyddad fr\u00e5n omv\u00e4rlden med v\u00e4xter i flera skikt.<\/p>\n<p>Ut mot parkeringen h\u00f6jer sig en ungef\u00e4r 1,5 meter h\u00f6g klippt h\u00e4ck av st\u00e4dsegr\u00f6n hybrididegran och upp ur den reser sig stammarna av fyra korst\u00f6rne tr\u00e4d Gleditsia triacanthos &#8217;Skyline&#8217;. Deras s\u00e4regna tr\u00e4dkronor spelar effektfullt ovanf\u00f6r den dovt gr\u00f6na idegransh\u00e4cken. Fritt mot tuktat. Ett osvikligt recept f\u00f6r att skapa en effektfull kombination.<\/p>\n<p>Innanf\u00f6r h\u00e4cken v\u00e4xer en m\u00e4ngd buskar och tr\u00e4d i olika storlekar. H\u00e4r hittar vi till exempel flera olika sorters magnolior, paradisbuskar och kejsarolvon. Kombinationen av h\u00e4ck, tr\u00e4d och buskar ger ett mycket effektivt skydd mot parkeringen och gatan utanf\u00f6r samtidigt som det bidrar till att skapa en stark k\u00e4nsla av rum inne i Frideg\u00e5rdsparken.<\/p>\n<div id=\"attachment_3763\" style=\"width: 738px\" class=\"wp-caption alignnone\"><img loading=\"lazy\" decoding=\"async\" aria-describedby=\"caption-attachment-3763\" class=\"size-full wp-image-3763\" alt=\"I Frideg\u00e5rdsparken finns inga gr\u00e4smattor utan i st\u00e4llet \u00e4r marken t\u00e4ckt av v\u00e4xter, marktegel och gatsten. Frodiga markt\u00e4ckare v\u00e4ller in \u00f6ver h\u00e5rdgjorda ytor och f\u00f6rst\u00e4rker den starka rumslighet som skapats av buskar, tr\u00e4d och h\u00e4ckar. Markt\u00e4ckaren n\u00e4rmast i bild \u00e4r flockn\u00e4va och \u00f6ver den syns en \u00f6verd\u00e5digt blommande paradisbuske. Det r\u00f6da markteglet blir starkare i f\u00e4rgen n\u00e4r det \u00e4r bl\u00f6tt efter regn.\" src=\"http:\/\/rosenholm.se\/wp-content\/uploads\/2014\/04\/D2X_5068.jpg\" width=\"728\" height=\"364\" srcset=\"https:\/\/rosenholm.se\/wp-content\/uploads\/2014\/04\/D2X_5068.jpg 728w, https:\/\/rosenholm.se\/wp-content\/uploads\/2014\/04\/D2X_5068-250x125.jpg 250w, https:\/\/rosenholm.se\/wp-content\/uploads\/2014\/04\/D2X_5068-320x160.jpg 320w, https:\/\/rosenholm.se\/wp-content\/uploads\/2014\/04\/D2X_5068-350x175.jpg 350w, https:\/\/rosenholm.se\/wp-content\/uploads\/2014\/04\/D2X_5068-250x125@2x.jpg 500w, https:\/\/rosenholm.se\/wp-content\/uploads\/2014\/04\/D2X_5068-320x160@2x.jpg 640w, https:\/\/rosenholm.se\/wp-content\/uploads\/2014\/04\/D2X_5068-350x175@2x.jpg 700w\" sizes=\"auto, (max-width: 728px) 100vw, 728px\" \/><p id=\"caption-attachment-3763\" class=\"wp-caption-text\">I Frideg\u00e5rdsparken finns inga gr\u00e4smattor, marken \u00e4r t\u00e4ckt av v\u00e4xter, marktegel och gatsten. Frodiga markt\u00e4ckare v\u00e4ller in \u00f6ver h\u00e5rdgjorda ytor och f\u00f6rst\u00e4rker den starka rumslighet som skapas av buskar, tr\u00e4d och h\u00e4ckar. Markt\u00e4ckaren n\u00e4rmast \u00e4r flockn\u00e4va, \u00f6ver den h\u00e4nger en \u00f6verd\u00e5diga paradisbuske. Det r\u00f6da markteglet blir starkare i f\u00e4rgen efter regn.<\/p><\/div>\n<p>Under de st\u00f6rre v\u00e4xterna \u00e4r marken t\u00e4ckt av perenner som breder ut sig i stora mattor och skapar en behagligt oj\u00e4mn kant ut emot den r\u00f6da marktegelbel\u00e4ggningen som finns i tv\u00e5 av Frideg\u00e5rdsparkens tre rum. I det mittersta cirkelrunda rummet, parkens hj\u00e4rta, \u00e4r i st\u00e4llet markbel\u00e4ggningen sm\u00e5gatsten med band av r\u00f6tt marktegel. Den \u00e4r lagd i cirkelform och betonar rummets centralpunkt: rabatten med vattnet som porlar upp ur den kvarnstensliknande stenen i \u00e4lvdalsporfyr. H\u00e4r frodas perenner som dagliljor, funkior, n\u00e4va och gillenia.<\/p>\n<p>En halvcirkelformad pergola med b\u00e4nkar bildar en fin fond \u00e5t mittrabatten och bjuder p\u00e5 skyddade sittplatser d\u00e4r vattenanl\u00e4ggningen kan betraktas mellan draperier av den frodiga vitalba-klematisen \u2019Summer Snow\u2019. L\u00e4ngs v\u00e5ra ryggar och upp \u00f6ver v\u00e5ra huvuden kl\u00e4ttrar pipranka, <em>Aristolochia macrophylla<\/em>, med sina stora hj\u00e4rtformade blad och bakom dem, n\u00e4ra parkens gr\u00e4ns, v\u00e4xer flera exemplars av hybridgullregnet \u2019Vossi\u2019 som fylls av l\u00e5nga gula blomklasar under maj.<\/p>\n<div id=\"attachment_3754\" style=\"width: 738px\" class=\"wp-caption alignnone\"><img loading=\"lazy\" decoding=\"async\" aria-describedby=\"caption-attachment-3754\" class=\"size-full wp-image-3754\" alt=\"Den cylinderformade vattenporlande stenen och den uts\u00f6kta perennkompositionen runtomkring bildar ett tydligt blickf\u00e5ng i centrum av Frideg\u00e5rdsparkens cirkelrunda mittrum. Till v\u00e4nster i f\u00f6rgrunden syns det sirliga bladverket av ett katsuratr\u00e4d och de frodiga vita blommorna till h\u00f6ger tillh\u00f6r kl\u00e4tterhortensia.\" src=\"http:\/\/rosenholm.se\/wp-content\/uploads\/2014\/04\/D2X_7302.jpg\" width=\"728\" height=\"445\" srcset=\"https:\/\/rosenholm.se\/wp-content\/uploads\/2014\/04\/D2X_7302.jpg 728w, https:\/\/rosenholm.se\/wp-content\/uploads\/2014\/04\/D2X_7302-250x152.jpg 250w, https:\/\/rosenholm.se\/wp-content\/uploads\/2014\/04\/D2X_7302-320x195.jpg 320w, https:\/\/rosenholm.se\/wp-content\/uploads\/2014\/04\/D2X_7302-350x213.jpg 350w, https:\/\/rosenholm.se\/wp-content\/uploads\/2014\/04\/D2X_7302-250x152@2x.jpg 500w, https:\/\/rosenholm.se\/wp-content\/uploads\/2014\/04\/D2X_7302-320x195@2x.jpg 640w, https:\/\/rosenholm.se\/wp-content\/uploads\/2014\/04\/D2X_7302-350x213@2x.jpg 700w\" sizes=\"auto, (max-width: 728px) 100vw, 728px\" \/><p id=\"caption-attachment-3754\" class=\"wp-caption-text\">Den cylinderformade vattenporlande stenen och den uts\u00f6kta perennkompositionen runtomkring bildar ett tydligt blickf\u00e5ng i centrum av Frideg\u00e5rdsparkens cirkelrunda mittrum. Till v\u00e4nster i f\u00f6rgrunden syns det sirliga bladverket av ett katsuratr\u00e4d och de frodiga vita blommorna till h\u00f6ger tillh\u00f6r kl\u00e4tterhortensia.<\/p><\/div>\n<p>N\u00e4r man \u00e4r h\u00e4r inne \u00e4r det sv\u00e5rt att tro att det h\u00e4r omr\u00e5det tidigare var en ganska anonym plats utan namn som huvudsakligen bestod av en stor gr\u00e4syta, en kl\u00e4tterst\u00e4llning och n\u00e5gra buskar. Startskottet f\u00f6r f\u00f6rvandlingen kom n\u00e4r ett nybygge i n\u00e4rheten ville l\u00e5na marken f\u00f6r uppst\u00e4llning av arbetsbodar. Parkkontoret sa ja och med de pengar man fick in i hyra f\u00f6r marken hade man sedan en grundpl\u00e5t f\u00f6r att p\u00e5b\u00f6rja den ombyggnad som sedan resulterat i den helt osannolika oas mitt i staden som Frideg\u00e5rdsparken \u00e4r.<\/p>\n<p>Den nya parken stod klar 1988 och fick sitt namn strax efter ombyggnaden genom en namnt\u00e4vling bland Enk\u00f6pingsborna. Och vad passar v\u00e4l b\u00e4ttre \u00e4n att d\u00f6pa en s\u00e5 enast\u00e5ende park efter \u00e4n en av Enk\u00f6pings mest namnkunniga personer: f\u00f6rfattaren Jan Frideg\u00e5rd (1897\u20131968).<\/p>\n<p>Frideg\u00e5rdsparken \u00e4r med sina 880 kvadratmeter inte st\u00f6rre \u00e4n en ordin\u00e4r villatomt och en utomordentlig inspirationsk\u00e4lla f\u00f6r alla som vill ha inspiration till hur man kan g\u00f6ra den egna t\u00e4ppan d\u00e4r hemma lite mer ombonad och lummig.<\/p>\n<div id=\"attachment_3759\" style=\"width: 360px\" class=\"wp-caption alignright\"><img loading=\"lazy\" decoding=\"async\" aria-describedby=\"caption-attachment-3759\" class=\"size-large wp-image-3759\" alt=\"Ett behagligt porlande, den cylinderformade stenen i Frideg\u00e5rdsparken.\" src=\"http:\/\/rosenholm.se\/wp-content\/uploads\/2014\/04\/D2X_5107-350x437.jpg\" width=\"350\" height=\"437\" srcset=\"https:\/\/rosenholm.se\/wp-content\/uploads\/2014\/04\/D2X_5107-350x437.jpg 350w, https:\/\/rosenholm.se\/wp-content\/uploads\/2014\/04\/D2X_5107-320x400.jpg 320w, https:\/\/rosenholm.se\/wp-content\/uploads\/2014\/04\/D2X_5107.jpg 582w\" sizes=\"auto, (max-width: 350px) 100vw, 350px\" \/><p id=\"caption-attachment-3759\" class=\"wp-caption-text\">Ett behagligt porlande ur den cylinderformade stenen i Frideg\u00e5rdsparken.<\/p><\/div>\n<p>Vattnet som fridfullt porlar upp ur den cylinderformade stenen kl\u00e4r in Frideg\u00e5rdsparken i ett behagligt porlande som villar bort stadens oljud. Det h\u00e4r \u00e4r en plats som verkligen g\u00f6r sk\u00e4l f\u00f6r namnet fickpark, en minipark i t\u00e4ttbebyggt omr\u00e5de som anpassar sig till sitt l\u00e4ge och har en tydlig rumslighet. H\u00e4r kan man g\u00e5 in och s\u00e4tta sig med sin lunchl\u00e5da mitt under arbetsdagen eller bara sl\u00e5 sig ner i lugn och ro f\u00f6r att njuta av v\u00e4xterna, vattnet och f\u00e5gelkvittret. I f\u00f6rgrunden syns storbladiga funkior och bakom dem den ljuva perennen gillenia med blommor likt sm\u00e5 vita stj\u00e4rnor.<\/p>\n<div id=\"attachment_3766\" style=\"width: 360px\" class=\"wp-caption alignright\"><img loading=\"lazy\" decoding=\"async\" aria-describedby=\"caption-attachment-3766\" class=\"size-large wp-image-3766\" alt=\"Magnolia \u2019Swede Made\u2019\" src=\"http:\/\/rosenholm.se\/wp-content\/uploads\/2014\/04\/D2X_4036-350x437.jpg\" width=\"350\" height=\"437\" srcset=\"https:\/\/rosenholm.se\/wp-content\/uploads\/2014\/04\/D2X_4036-350x437.jpg 350w, https:\/\/rosenholm.se\/wp-content\/uploads\/2014\/04\/D2X_4036-320x400.jpg 320w, https:\/\/rosenholm.se\/wp-content\/uploads\/2014\/04\/D2X_4036.jpg 582w\" sizes=\"auto, (max-width: 350px) 100vw, 350px\" \/><p id=\"caption-attachment-3766\" class=\"wp-caption-text\">Magnolia \u2019Swede Made\u2019<\/p><\/div>\n<p>\u2019Swede Made\u2019 kallas ibland de hybrider som Stefan Mattson dragit upp fr\u00e5n fr\u00f6n av buskmagnolia, <em>Magnolia sieboldii<\/em>, och junimagnolia <em>Magnolia obovata<\/em>. Ett exemplar har Stefan sk\u00e4nkt till Enk\u00f6pings kommun och placerat i Frideg\u00e5rdsparken. Blomman liknar en ovanligt ljuvlig buskmagnolia med blomman v\u00e4nd upp\u00e5t ist\u00e4llet f\u00f6r att h\u00e4nga ner\u00e5t.<\/p>\n<p><a title=\"B\u00e4sta tipsen fr\u00e5n Frideg\u00e5rdsparken\" href=\"http:\/\/rosenholm.se\/?page_id=3752\">B\u00e4sta tipsen fr\u00e5n Frideg\u00e5rdsparken<\/a><\/p>\n<h5><a title=\"Pastor Spaks park\" href=\"http:\/\/rosenholm.se\/?page_id=3789\">Pastor Spaks park<\/a><\/h5>\n","protected":false},"excerpt":{"rendered":"<p>Parkfakta Design: Parkkontoret Bygg\u00e5r: 1988 Yta: 880 kvadratmeter Att g\u00e5 in i Frideg\u00e5rdsparken \u00e4r som att f\u00f6rflyttas till en annan v\u00e4rld. H\u00e4r sl\u00e4nger sig pipranka och andra frodiga kl\u00e4tterv\u00e4xter h\u00f6gt&hellip; <\/p>\n","protected":false},"author":1,"featured_media":0,"parent":3514,"menu_order":0,"comment_status":"closed","ping_status":"closed","template":"","meta":{"footnotes":""},"class_list":["post-3750","page","type-page","status-publish","hentry"],"_links":{"self":[{"href":"https:\/\/rosenholm.se\/index.php?rest_route=\/wp\/v2\/pages\/3750","targetHints":{"allow":["GET"]}}],"collection":[{"href":"https:\/\/rosenholm.se\/index.php?rest_route=\/wp\/v2\/pages"}],"about":[{"href":"https:\/\/rosenholm.se\/index.php?rest_route=\/wp\/v2\/types\/page"}],"author":[{"embeddable":true,"href":"https:\/\/rosenholm.se\/index.php?rest_route=\/wp\/v2\/users\/1"}],"replies":[{"embeddable":true,"href":"https:\/\/rosenholm.se\/index.php?rest_route=%2Fwp%2Fv2%2Fcomments&post=3750"}],"version-history":[{"count":17,"href":"https:\/\/rosenholm.se\/index.php?rest_route=\/wp\/v2\/pages\/3750\/revisions"}],"predecessor-version":[{"id":3816,"href":"https:\/\/rosenholm.se\/index.php?rest_route=\/wp\/v2\/pages\/3750\/revisions\/3816"}],"up":[{"embeddable":true,"href":"https:\/\/rosenholm.se\/index.php?rest_route=\/wp\/v2\/pages\/3514"}],"wp:attachment":[{"href":"https:\/\/rosenholm.se\/index.php?rest_route=%2Fwp%2Fv2%2Fmedia&parent=3750"}],"curies":[{"name":"wp","href":"https:\/\/api.w.org\/{rel}","templated":true}]}}