{"id":3714,"date":"2014-04-07T19:06:34","date_gmt":"2014-04-07T17:06:34","guid":{"rendered":"http:\/\/rosenholm.se\/?page_id=3714"},"modified":"2014-04-07T20:27:25","modified_gmt":"2014-04-07T18:27:25","slug":"basta-tipsen-fran-dromparken","status":"publish","type":"page","link":"https:\/\/rosenholm.se\/?page_id=3714","title":{"rendered":"B\u00e4sta tipsen fr\u00e5n Dr\u00f6mparken"},"content":{"rendered":"<ul>\n<li>Plantera perenner i stora sjok<\/li>\n<li>Utnyttja uppvuxna tr\u00e4d f\u00f6r att skapa rabatter med olika\u00a0ljusf\u00f6rh\u00e5llanden<\/li>\n<li>Skapa stigar mellan perennf\u00e4lten och sittplatser helt n\u00e4ra v\u00e4xterna<\/li>\n<li>Skapa m\u00f6jlighet att se rabatterna ocks\u00e5 p\u00e5 l\u00e5ngt h\u00e5ll<\/li>\n<li>Skapa struktur med klippta bokh\u00e4ckar<\/li>\n<li>Bygg en b\u00e4ck av salvia eller andra v\u00e4xter i matchande f\u00e4rgskala<\/li>\n<\/ul>\n<h5><a title=\"Dr\u00f6mparken\" href=\"http:\/\/rosenholm.se\/?page_id=3709\">Dr\u00f6mparken<\/a><\/h5>\n","protected":false},"excerpt":{"rendered":"<p>Plantera perenner i stora sjok Utnyttja uppvuxna tr\u00e4d f\u00f6r att skapa rabatter med olika\u00a0ljusf\u00f6rh\u00e5llanden Skapa stigar mellan perennf\u00e4lten och sittplatser helt n\u00e4ra v\u00e4xterna Skapa m\u00f6jlighet att se rabatterna ocks\u00e5 p\u00e5&hellip; <\/p>\n","protected":false},"author":1,"featured_media":0,"parent":0,"menu_order":0,"comment_status":"closed","ping_status":"closed","template":"","meta":{"footnotes":""},"class_list":["post-3714","page","type-page","status-publish","hentry"],"_links":{"self":[{"href":"https:\/\/rosenholm.se\/index.php?rest_route=\/wp\/v2\/pages\/3714","targetHints":{"allow":["GET"]}}],"collection":[{"href":"https:\/\/rosenholm.se\/index.php?rest_route=\/wp\/v2\/pages"}],"about":[{"href":"https:\/\/rosenholm.se\/index.php?rest_route=\/wp\/v2\/types\/page"}],"author":[{"embeddable":true,"href":"https:\/\/rosenholm.se\/index.php?rest_route=\/wp\/v2\/users\/1"}],"replies":[{"embeddable":true,"href":"https:\/\/rosenholm.se\/index.php?rest_route=%2Fwp%2Fv2%2Fcomments&post=3714"}],"version-history":[{"count":4,"href":"https:\/\/rosenholm.se\/index.php?rest_route=\/wp\/v2\/pages\/3714\/revisions"}],"predecessor-version":[{"id":3745,"href":"https:\/\/rosenholm.se\/index.php?rest_route=\/wp\/v2\/pages\/3714\/revisions\/3745"}],"wp:attachment":[{"href":"https:\/\/rosenholm.se\/index.php?rest_route=%2Fwp%2Fv2%2Fmedia&parent=3714"}],"curies":[{"name":"wp","href":"https:\/\/api.w.org\/{rel}","templated":true}]}}