{"id":3574,"date":"2014-04-05T21:48:46","date_gmt":"2014-04-05T19:48:46","guid":{"rendered":"http:\/\/rosenholm.se\/?page_id=3574"},"modified":"2014-04-05T23:43:36","modified_gmt":"2014-04-05T21:43:36","slug":"magnolia-for-alla","status":"publish","type":"page","link":"https:\/\/rosenholm.se\/?page_id=3574","title":{"rendered":"Magnolia f\u00f6r alla"},"content":{"rendered":"<p><em>Text och bild: Dan Rosenholm<\/em><\/p>\n<p>P\u00e5 nakna, krokiga och vridna grenar blommar de tidigt p\u00e5 v\u00e5ren. Minsann, ser de inte ut som h\u00e4mtade fr\u00e5n den tid d\u00e5 dinosaurierna h\u00e4rskade. M\u00e5nga tror att de h\u00f6r hemma enbart i varmare klimat, i sj\u00e4lva verket \u00e4r de l\u00e4ttsk\u00f6tta och inte s\u00e4llan h\u00e4rdiga. Det \u00e4r magnolia det handlar om.<\/p>\n<div id=\"attachment_3599\" style=\"width: 738px\" class=\"wp-caption alignnone\"><img loading=\"lazy\" decoding=\"async\" aria-describedby=\"caption-attachment-3599\" class=\"size-full wp-image-3599\" alt=\"Sveriges kanske vackraste magnoliaplantering finns i Blomsterg\u00e5rden i Enk\u00f6ping. De tv\u00e5 sorter som dominerar den tidiga v\u00e5ren, 'Wada's Memory' och \u2019Leonard Messel\u2019, tillh\u00f6r de allra h\u00e4rdigaste.\" src=\"http:\/\/rosenholm.se\/wp-content\/uploads\/2014\/04\/D3X_0119.jpg\" width=\"728\" height=\"546\" srcset=\"https:\/\/rosenholm.se\/wp-content\/uploads\/2014\/04\/D3X_0119.jpg 728w, https:\/\/rosenholm.se\/wp-content\/uploads\/2014\/04\/D3X_0119-250x187.jpg 250w, https:\/\/rosenholm.se\/wp-content\/uploads\/2014\/04\/D3X_0119-320x240.jpg 320w, https:\/\/rosenholm.se\/wp-content\/uploads\/2014\/04\/D3X_0119-350x262.jpg 350w, https:\/\/rosenholm.se\/wp-content\/uploads\/2014\/04\/D3X_0119-250x187@2x.jpg 500w, https:\/\/rosenholm.se\/wp-content\/uploads\/2014\/04\/D3X_0119-320x240@2x.jpg 640w, https:\/\/rosenholm.se\/wp-content\/uploads\/2014\/04\/D3X_0119-350x262@2x.jpg 700w\" sizes=\"auto, (max-width: 728px) 100vw, 728px\" \/><p id=\"caption-attachment-3599\" class=\"wp-caption-text\">Sveriges kanske vackraste magnoliaplantering finns i Blomsterg\u00e5rden i Enk\u00f6ping. De tv\u00e5 sorter som dominerar den tidiga v\u00e5ren, &#8217;Wada&#8217;s Memory&#8217; och \u2019Leonard Messel\u2019, tillh\u00f6r de allra h\u00e4rdigaste.<\/p><\/div>\n<p>Det \u00e4r under den tidiga v\u00e5ren medan v\u00e4rlden fortfarande g\u00e5r i brunt och gr\u00e5tt de st\u00e5r i fullaste st\u00e5t. P\u00e5 kvistar, ofta krokiga och krumma p\u00e5 urtidsvis, har knopparna sv\u00e4llt medan sn\u00f6n fortfarande t\u00e4ckt marken. N\u00e4r den v\u00e4rsta kylan f\u00f6rsvunnit ur jorden och de tidigaste l\u00f6karna slagit ut, ja d\u00e5 \u00e4r det dags f\u00f6r de f\u00f6rsta magnoliorna att briljera.<\/p>\n<div id=\"attachment_3601\" style=\"width: 360px\" class=\"wp-caption alignright\"><img loading=\"lazy\" decoding=\"async\" aria-describedby=\"caption-attachment-3601\" class=\"size-large wp-image-3601\" alt=\"Som v\u00e4xt \u00e4r det sv\u00e5rt att vara mer k\u00e4ndis \u00e4n praktmagnoliorna p\u00e5 Lundag\u00e5rd i Lund, att p\u00e5st\u00e5 att de blommar i \u00f6verfl\u00f6d \u00e4r en underdrift.\" src=\"http:\/\/rosenholm.se\/wp-content\/uploads\/2014\/04\/D3X_7297-350x437.jpg\" width=\"350\" height=\"437\" srcset=\"https:\/\/rosenholm.se\/wp-content\/uploads\/2014\/04\/D3X_7297-350x437.jpg 350w, https:\/\/rosenholm.se\/wp-content\/uploads\/2014\/04\/D3X_7297-320x400.jpg 320w, https:\/\/rosenholm.se\/wp-content\/uploads\/2014\/04\/D3X_7297.jpg 582w\" sizes=\"auto, (max-width: 350px) 100vw, 350px\" \/><p id=\"caption-attachment-3601\" class=\"wp-caption-text\">Som v\u00e4xt \u00e4r det sv\u00e5rt att vara mer k\u00e4ndis \u00e4n praktmagnoliorna p\u00e5 Lundag\u00e5rd i Lund, att p\u00e5st\u00e5 att de blommar i \u00f6verfl\u00f6d \u00e4r en underdrift.<\/p><\/div>\n<p>Gamla \u00e4r de, magnoliorna. De kan sp\u00e5ras till ett v\u00e4xtfossil med namnet <em>Archaeanthus linnenbergi<\/em>, en av de f\u00f6rsta blommande v\u00e4xterna f\u00f6r runt 100 miljoner \u00e5r sedan. D\u00e5 var det fortfarande ofattbart m\u00e5nga \u00e5r kvar av dinosauriernas storhetstid. F\u00f6r lite mer \u00e4n 64 miljoner \u00e5r sedan slog den meteorit ned som gjorde slut p\u00e5 de flesta av de d\u00e5varande djur- och v\u00e4xtarterna och beredde v\u00e4gen f\u00f6r oss d\u00e4ggdjur.<\/p>\n<div id=\"attachment_3602\" style=\"width: 360px\" class=\"wp-caption alignright\"><img loading=\"lazy\" decoding=\"async\" aria-describedby=\"caption-attachment-3602\" class=\"size-large wp-image-3602\" alt=\"Praktmagnolia  i Lundag\u00e5rd.\" src=\"http:\/\/rosenholm.se\/wp-content\/uploads\/2014\/04\/D3X_7384-350x437.jpg\" width=\"350\" height=\"437\" srcset=\"https:\/\/rosenholm.se\/wp-content\/uploads\/2014\/04\/D3X_7384-350x437.jpg 350w, https:\/\/rosenholm.se\/wp-content\/uploads\/2014\/04\/D3X_7384-320x400.jpg 320w, https:\/\/rosenholm.se\/wp-content\/uploads\/2014\/04\/D3X_7384.jpg 582w\" sizes=\"auto, (max-width: 350px) 100vw, 350px\" \/><p id=\"caption-attachment-3602\" class=\"wp-caption-text\">Praktmagnolia i Lundag\u00e5rd.<\/p><\/div>\n<p>N\u00e5gra av magnoliornas f\u00f6reg\u00e5ngare \u00f6verlevde, fortplantade sig och har till skillnad mot de flesta andra v\u00e4xter beh\u00e5llit sina ursprungliga drag, ett bevis p\u00e5 att de inte bara \u00e4r vackra utan ocks\u00e5 konkurrenskraftiga. Dagens magnolior utvecklades oberoende av varandra i Ostasien respektive Nordamerika. Det \u00e4r de f\u00f6rstn\u00e4mnda som blommar p\u00e5 v\u00e5rarna med de vackraste blommorna, och i Kina finns de tidigaste k\u00e4nda fynden av magnolior som prydnadstr\u00e4d i palats och tempeltr\u00e4dg\u00e5rdar. Till Europa kom de f\u00f6rsta asiatiska magnoliorna med James Cook genom hans jordenruntresa.<\/p>\n<p>Kul med historia. Men nu f\u00f6ljer det b\u00e4sta av allt, det finns massor av magnolior som kan odlas i Sverige, ocks\u00e5 en bra bit upp i norr, och det \u00e4r inte ens speciellt sv\u00e5rt.<\/p>\n<div id=\"attachment_3577\" style=\"width: 738px\" class=\"wp-caption alignnone\"><img loading=\"lazy\" decoding=\"async\" aria-describedby=\"caption-attachment-3577\" class=\"size-full wp-image-3577\" alt=\" pilbladsmagnolia, Magnolia salicifolia 'Wada's Memory'\" src=\"http:\/\/rosenholm.se\/wp-content\/uploads\/2014\/04\/D3X_0137.jpg\" width=\"728\" height=\"445\" srcset=\"https:\/\/rosenholm.se\/wp-content\/uploads\/2014\/04\/D3X_0137.jpg 728w, https:\/\/rosenholm.se\/wp-content\/uploads\/2014\/04\/D3X_0137-250x152.jpg 250w, https:\/\/rosenholm.se\/wp-content\/uploads\/2014\/04\/D3X_0137-320x195.jpg 320w, https:\/\/rosenholm.se\/wp-content\/uploads\/2014\/04\/D3X_0137-350x213.jpg 350w, https:\/\/rosenholm.se\/wp-content\/uploads\/2014\/04\/D3X_0137-250x152@2x.jpg 500w, https:\/\/rosenholm.se\/wp-content\/uploads\/2014\/04\/D3X_0137-320x195@2x.jpg 640w, https:\/\/rosenholm.se\/wp-content\/uploads\/2014\/04\/D3X_0137-350x213@2x.jpg 700w\" sizes=\"auto, (max-width: 728px) 100vw, 728px\" \/><p id=\"caption-attachment-3577\" class=\"wp-caption-text\">Pilbladsmagnolia, Magnolia salicifolia &#8217;Wada&#8217;s Memory&#8217;<\/p><\/div>\n<p>En av de mest s\u00e4regna och vackra magnolior som kan t\u00e4nkas \u00e4r pilbladsmagnolia,<em> Magnolia salicifolia<\/em> &#8217;Wada&#8217;s Memory&#8217;. De h\u00e4ngande, fladdriga tepalerna, magnoliors blomblad heter s\u00e5, ser ut som v\u00e4lformade linnetygsbitar p\u00e5 bar kvist i m\u00e5nadsskiftet april\u2013maj. \u00c4r smalv\u00e4xande och blir 5\u20138 m h\u00f6g. Ett tacksamt, rikblommande tr\u00e4d f\u00f6r zon 4, det p\u00e5st\u00e5s att den klarat zon 5. Anses extra k\u00e4nslig f\u00f6r omplantering och ska st\u00e5 d\u00e4r man inte trampar s\u00f6nder de ytliga r\u00f6tterna.<\/p>\n<div id=\"attachment_3579\" style=\"width: 360px\" class=\"wp-caption alignleft\"><img loading=\"lazy\" decoding=\"async\" aria-describedby=\"caption-attachment-3579\" class=\"size-large wp-image-3579\" alt=\"Brooklynmagnolia, Magnolia \u00d7 brooklynensis 'Yellow Bird'\" src=\"http:\/\/rosenholm.se\/wp-content\/uploads\/2014\/04\/D2X_8886-350x466.jpg\" width=\"350\" height=\"466\" srcset=\"https:\/\/rosenholm.se\/wp-content\/uploads\/2014\/04\/D2X_8886-350x466.jpg 350w, https:\/\/rosenholm.se\/wp-content\/uploads\/2014\/04\/D2X_8886-187x250.jpg 187w, https:\/\/rosenholm.se\/wp-content\/uploads\/2014\/04\/D2X_8886-320x426.jpg 320w, https:\/\/rosenholm.se\/wp-content\/uploads\/2014\/04\/D2X_8886.jpg 546w, https:\/\/rosenholm.se\/wp-content\/uploads\/2014\/04\/D2X_8886-187x250@2x.jpg 374w\" sizes=\"auto, (max-width: 350px) 100vw, 350px\" \/><p id=\"caption-attachment-3579\" class=\"wp-caption-text\">Brooklynmagnolia, Magnolia \u00d7 brooklynensis &#8217;Yellow Bird&#8217;<\/p><\/div>\n<p>Brooklynmagnolia, <em>Magnolia<\/em> \u00d7 <em>brooklynensis<\/em>, kallas korsningar mellan den storvuxna, h\u00e4rdiga och bl\u00e5gr\u00f6n-blommande poppelmagnolia, <em>Magnolia<\/em>\u00a0<em>acuminata<\/em>, och sk\u00f6nheten liljemagnolia, <em>Magnolia<\/em>\u00a0<em>liliiflora<\/em>. Namnet h\u00e4rstammar fr\u00e5n New York-stadsdelens botaniska tr\u00e4dg\u00e5rd. Sorten &#8217;Yellow Bird&#8217; p\u00e5 bilden \u00e4r en snabbv\u00e4xande hybrid som kan st\u00e5 \u00f6ppet och t\u00e5l b\u00e5de vind och barfrost. Blommar i maj\u2013juni och klarar minst zon 3.<\/p>\n<div id=\"attachment_3588\" style=\"width: 738px\" class=\"wp-caption alignnone\"><img loading=\"lazy\" decoding=\"async\" aria-describedby=\"caption-attachment-3588\" class=\"size-full wp-image-3588\" alt=\"Hybridmagnolia, Magnolia \u00d7 loebneri, \u2019Leonard Messel\" src=\"http:\/\/rosenholm.se\/wp-content\/uploads\/2014\/04\/D2X_4450.jpg\" width=\"728\" height=\"484\" srcset=\"https:\/\/rosenholm.se\/wp-content\/uploads\/2014\/04\/D2X_4450.jpg 728w, https:\/\/rosenholm.se\/wp-content\/uploads\/2014\/04\/D2X_4450-250x166.jpg 250w, https:\/\/rosenholm.se\/wp-content\/uploads\/2014\/04\/D2X_4450-320x212.jpg 320w, https:\/\/rosenholm.se\/wp-content\/uploads\/2014\/04\/D2X_4450-350x232.jpg 350w, https:\/\/rosenholm.se\/wp-content\/uploads\/2014\/04\/D2X_4450-250x166@2x.jpg 500w, https:\/\/rosenholm.se\/wp-content\/uploads\/2014\/04\/D2X_4450-320x212@2x.jpg 640w, https:\/\/rosenholm.se\/wp-content\/uploads\/2014\/04\/D2X_4450-350x232@2x.jpg 700w\" sizes=\"auto, (max-width: 728px) 100vw, 728px\" \/><p id=\"caption-attachment-3588\" class=\"wp-caption-text\">Hybridmagnolia, Magnolia \u00d7 loebneri, \u2019Leonard Messel<\/p><\/div>\n<p>F\u00f6r den som har en liten tr\u00e4dg\u00e5rd och bor norrut \u00e4r hybridmagnolia, <em>Magnolia<\/em> \u00d7 <em>loebneri<\/em>, \u2019Leonard Messel\u2019 det kanske allra b\u00e4sta valet. I mitten av maj sl\u00e5r den ut p\u00e5 bar kvist med hj\u00e4rtsk\u00e4rande rosa, vridna blommor. Den \u00e4r t\u00e5lig, l\u00e4ttodlad och blomvillig, en riktig nyb\u00f6rjarmagnolia. V\u00e4xer l\u00e5ngsamt och blir med tiden ett litet tr\u00e4d eller en buske p\u00e5 2\u20134 meter. Klarar utan problem odlingszon 3, troligen ocks\u00e5 4.<\/p>\n<div id=\"attachment_3591\" style=\"width: 360px\" class=\"wp-caption alignright\"><img loading=\"lazy\" decoding=\"async\" aria-describedby=\"caption-attachment-3591\" class=\"size-large wp-image-3591\" alt=\"Buskmagnolia, Magnolia sieboldii\" src=\"http:\/\/rosenholm.se\/wp-content\/uploads\/2014\/04\/D2X_3798-350x466.jpg\" width=\"350\" height=\"466\" srcset=\"https:\/\/rosenholm.se\/wp-content\/uploads\/2014\/04\/D2X_3798-350x466.jpg 350w, https:\/\/rosenholm.se\/wp-content\/uploads\/2014\/04\/D2X_3798-187x250.jpg 187w, https:\/\/rosenholm.se\/wp-content\/uploads\/2014\/04\/D2X_3798-320x426.jpg 320w, https:\/\/rosenholm.se\/wp-content\/uploads\/2014\/04\/D2X_3798.jpg 546w, https:\/\/rosenholm.se\/wp-content\/uploads\/2014\/04\/D2X_3798-187x250@2x.jpg 374w\" sizes=\"auto, (max-width: 350px) 100vw, 350px\" \/><p id=\"caption-attachment-3591\" class=\"wp-caption-text\">Buskmagnolia, Magnolia sieboldii<\/p><\/div>\n<p>Till skillnad mot de flesta andra asiatiska magnolior blommar buskmagnolia, <em>Magnolia sieboldii<\/em>, inte tidigt p\u00e5 v\u00e5ren utan duttar ut h\u00e4ngande, vita blommor \u00f6ver busken fr\u00e5n juni till sensommaren. \u00c4r en av de allra h\u00e4rdigaste magnolia-arterna och klarar zon 4. Mycket k\u00e4nslig f\u00f6r torka, speciellt i kombination med v\u00e4rme.<\/p>\n<div id=\"attachment_3593\" style=\"width: 738px\" class=\"wp-caption alignnone\"><img loading=\"lazy\" decoding=\"async\" aria-describedby=\"caption-attachment-3593\" class=\"size-full wp-image-3593\" alt=\"Rosenmagnolia 'Galaxy'\" src=\"http:\/\/rosenholm.se\/wp-content\/uploads\/2014\/04\/D2X_9580.jpg\" width=\"728\" height=\"484\" srcset=\"https:\/\/rosenholm.se\/wp-content\/uploads\/2014\/04\/D2X_9580.jpg 728w, https:\/\/rosenholm.se\/wp-content\/uploads\/2014\/04\/D2X_9580-250x166.jpg 250w, https:\/\/rosenholm.se\/wp-content\/uploads\/2014\/04\/D2X_9580-320x212.jpg 320w, https:\/\/rosenholm.se\/wp-content\/uploads\/2014\/04\/D2X_9580-350x232.jpg 350w, https:\/\/rosenholm.se\/wp-content\/uploads\/2014\/04\/D2X_9580-250x166@2x.jpg 500w, https:\/\/rosenholm.se\/wp-content\/uploads\/2014\/04\/D2X_9580-320x212@2x.jpg 640w, https:\/\/rosenholm.se\/wp-content\/uploads\/2014\/04\/D2X_9580-350x232@2x.jpg 700w\" sizes=\"auto, (max-width: 728px) 100vw, 728px\" \/><p id=\"caption-attachment-3593\" class=\"wp-caption-text\">Rosenmagnolia &#8217;Galaxy&#8217;<\/p><\/div>\n<p>Att hybrider mellan tv\u00e5 halvd\u00e5ligt h\u00e4rdiga magnolior kan ge avkomma som \u00e4r h\u00e4rdigare \u00e4n n\u00e5gon av dem \u00e4r rosenmagnolia &#8217;Galaxy&#8217; ett bevis p\u00e5. F\u00f6r\u00e4ldrar \u00e4r liljemagnolia &#8217;Nigra&#8217; (zon 1) , och den m\u00f6jligen \u00e4nnu k\u00e4nsligare <em>Magnolia sprengeri<\/em> &#8217;Diva&#8217;. Trots det klarar sig &#8217;Galaxy&#8217; i zon 3 eller 4 och \u00e4r nog det mest h\u00e4rdiga man kan ha med blommor i klass med praktmagnolia. Blir 5\u20136 meter h\u00f6g och blommar i maj\u2013juni.<\/p>\n<div id=\"attachment_3595\" style=\"width: 360px\" class=\"wp-caption alignleft\"><img loading=\"lazy\" decoding=\"async\" aria-describedby=\"caption-attachment-3595\" class=\"size-large wp-image-3595\" alt=\"Rosenmagnolia 'Susan'\" src=\"http:\/\/rosenholm.se\/wp-content\/uploads\/2014\/04\/D3X_4750-350x437.jpg\" width=\"350\" height=\"437\" srcset=\"https:\/\/rosenholm.se\/wp-content\/uploads\/2014\/04\/D3X_4750-350x437.jpg 350w, https:\/\/rosenholm.se\/wp-content\/uploads\/2014\/04\/D3X_4750-320x400.jpg 320w, https:\/\/rosenholm.se\/wp-content\/uploads\/2014\/04\/D3X_4750.jpg 582w\" sizes=\"auto, (max-width: 350px) 100vw, 350px\" \/><p id=\"caption-attachment-3595\" class=\"wp-caption-text\">Rosenmagnolia &#8217;Susan&#8217;<\/p><\/div>\n<p>Rosenmagnolia &#8217;Susan&#8217; tillh\u00f6r det exklusiva s\u00e4llskap som p\u00e5 engelska kallas \u201dLittle Girl Magnolias\u201d och p\u00e5 svenska sekreterar- eller flickmagnolior. Det f\u00f6rh\u00f6ll sig s\u00e5 att \u00e5tta magnolior som togs fram p\u00e5 USAs nationella arboretum i staden Washington under 1960-talet uppkallades efter de kvinnor som arbetade d\u00e4r. Alla har sitt ursprung i korsningar mellan liljemagnolior och stj\u00e4rnmagnolior, blir ungef\u00e4r 3\u20134 meter h\u00f6ga och blommar s\u00e5 pass sent som i maj\u2013juni. &#8217;Susan&#8217; klarar zon 3.<\/p>\n<div id=\"attachment_3597\" style=\"width: 738px\" class=\"wp-caption alignnone\"><img loading=\"lazy\" decoding=\"async\" aria-describedby=\"caption-attachment-3597\" class=\"size-full wp-image-3597\" alt=\"Praktmagnolia, Magnolia \u00d7 soulangeana 'Lennie'\" src=\"http:\/\/rosenholm.se\/wp-content\/uploads\/2014\/04\/D3X_7692.jpg\" width=\"728\" height=\"485\" srcset=\"https:\/\/rosenholm.se\/wp-content\/uploads\/2014\/04\/D3X_7692.jpg 728w, https:\/\/rosenholm.se\/wp-content\/uploads\/2014\/04\/D3X_7692-250x166.jpg 250w, https:\/\/rosenholm.se\/wp-content\/uploads\/2014\/04\/D3X_7692-320x213.jpg 320w, https:\/\/rosenholm.se\/wp-content\/uploads\/2014\/04\/D3X_7692-350x233.jpg 350w, https:\/\/rosenholm.se\/wp-content\/uploads\/2014\/04\/D3X_7692-250x166@2x.jpg 500w, https:\/\/rosenholm.se\/wp-content\/uploads\/2014\/04\/D3X_7692-320x213@2x.jpg 640w, https:\/\/rosenholm.se\/wp-content\/uploads\/2014\/04\/D3X_7692-350x233@2x.jpg 700w\" sizes=\"auto, (max-width: 728px) 100vw, 728px\" \/><p id=\"caption-attachment-3597\" class=\"wp-caption-text\">Praktmagnolia, Magnolia \u00d7 soulangeana &#8217;Lennie&#8217;<\/p><\/div>\n<p>&nbsp;<\/p>\n<div id=\"attachment_3606\" style=\"width: 360px\" class=\"wp-caption alignright\"><img loading=\"lazy\" decoding=\"async\" aria-describedby=\"caption-attachment-3606\" class=\"size-large wp-image-3606\" alt=\"Hemma hos familjen Walder\u00f6 i Kungs\u00e4ngen ramlar praktmagnolians utblommade tepaler stilla \u00f6ver dammen.\" src=\"http:\/\/rosenholm.se\/wp-content\/uploads\/2014\/04\/D2X_6771-350x466.jpg\" width=\"350\" height=\"466\" srcset=\"https:\/\/rosenholm.se\/wp-content\/uploads\/2014\/04\/D2X_6771-350x466.jpg 350w, https:\/\/rosenholm.se\/wp-content\/uploads\/2014\/04\/D2X_6771-187x250.jpg 187w, https:\/\/rosenholm.se\/wp-content\/uploads\/2014\/04\/D2X_6771-320x426.jpg 320w, https:\/\/rosenholm.se\/wp-content\/uploads\/2014\/04\/D2X_6771.jpg 546w, https:\/\/rosenholm.se\/wp-content\/uploads\/2014\/04\/D2X_6771-187x250@2x.jpg 374w\" sizes=\"auto, (max-width: 350px) 100vw, 350px\" \/><p id=\"caption-attachment-3606\" class=\"wp-caption-text\">Hemma hos familjen Walder\u00f6 i Kungs\u00e4ngen ramlar praktmagnolians utblommade tepaler stilla \u00f6ver dammen.<\/p><\/div>\n<p>Den mest klassiska av alla magnolior \u00e4r nog praktmagnolia <em>Magnolia<\/em> \u00d7 <em>soulangeana<\/em> som blommar loss tidigt p\u00e5 v\u00e5ren med stora kupoler p\u00e5 nakna kvistar. Ursprunget \u00e4r en fransk korsning mellan <em>Magnolia<\/em>\u00a0<em>denudata<\/em> och <em>Magnolia<\/em>\u00a0<em>liliiflora<\/em> fr\u00e5n tidigt 1800-tal. Blommar i april\u2013maj. H\u00f6jd 4\u20136 meter. Gillar sol och v\u00e4rme. Kan odlas i zon 2, m\u00f6jligen 3, men trivs b\u00e4st i sydligaste Sverige. Sorten p\u00e5 bilden heter &#8217;Lennei&#8217; och har anv\u00e4nts flitigt vid utveckling av nya hybrider.<\/p>\n<h5><a title=\"Magnolior \u2013 plantering och sk\u00f6tsel\" href=\"http:\/\/rosenholm.se\/?page_id=3586\">Magnolior \u2013 plantering och sk\u00f6tsel<\/a><\/h5>\n<p>&nbsp;<\/p>\n<div id=\"attachment_3609\" style=\"width: 738px\" class=\"wp-caption alignnone\"><img loading=\"lazy\" decoding=\"async\" aria-describedby=\"caption-attachment-3609\" class=\"size-full wp-image-3609\" alt=\"L\u00e4ckra, exotiska fr\u00f6kapslar har m\u00e5nga magnolior, den h\u00e4r kommer fr\u00e5n stj\u00e4rnmagnolia, Magnolia stellata \u2018Rosea\u2019.\" src=\"http:\/\/rosenholm.se\/wp-content\/uploads\/2014\/04\/DSC_6154.jpg\" width=\"728\" height=\"546\" srcset=\"https:\/\/rosenholm.se\/wp-content\/uploads\/2014\/04\/DSC_6154.jpg 728w, https:\/\/rosenholm.se\/wp-content\/uploads\/2014\/04\/DSC_6154-250x187.jpg 250w, https:\/\/rosenholm.se\/wp-content\/uploads\/2014\/04\/DSC_6154-320x240.jpg 320w, https:\/\/rosenholm.se\/wp-content\/uploads\/2014\/04\/DSC_6154-350x262.jpg 350w, https:\/\/rosenholm.se\/wp-content\/uploads\/2014\/04\/DSC_6154-250x187@2x.jpg 500w, https:\/\/rosenholm.se\/wp-content\/uploads\/2014\/04\/DSC_6154-320x240@2x.jpg 640w, https:\/\/rosenholm.se\/wp-content\/uploads\/2014\/04\/DSC_6154-350x262@2x.jpg 700w\" sizes=\"auto, (max-width: 728px) 100vw, 728px\" \/><p id=\"caption-attachment-3609\" class=\"wp-caption-text\">L\u00e4ckra, exotiska fr\u00f6kapslar har m\u00e5nga magnolior, den h\u00e4r kommer fr\u00e5n stj\u00e4rnmagnolia, Magnolia stellata \u2018Rosea\u2019.<\/p><\/div>\n<p><span style=\"font-size: 14px; line-height: 1.5em;\"><span style=\"font-size: 14px; line-height: 1.5em;\">\u00a0<\/span><\/span><\/p>\n","protected":false},"excerpt":{"rendered":"<p>Text och bild: Dan Rosenholm P\u00e5 nakna, krokiga och vridna grenar blommar de tidigt p\u00e5 v\u00e5ren. Minsann, ser de inte ut som h\u00e4mtade fr\u00e5n den tid d\u00e5 dinosaurierna h\u00e4rskade. M\u00e5nga&hellip; <\/p>\n","protected":false},"author":1,"featured_media":0,"parent":362,"menu_order":0,"comment_status":"closed","ping_status":"closed","template":"","meta":{"footnotes":""},"class_list":["post-3574","page","type-page","status-publish","hentry"],"_links":{"self":[{"href":"https:\/\/rosenholm.se\/index.php?rest_route=\/wp\/v2\/pages\/3574","targetHints":{"allow":["GET"]}}],"collection":[{"href":"https:\/\/rosenholm.se\/index.php?rest_route=\/wp\/v2\/pages"}],"about":[{"href":"https:\/\/rosenholm.se\/index.php?rest_route=\/wp\/v2\/types\/page"}],"author":[{"embeddable":true,"href":"https:\/\/rosenholm.se\/index.php?rest_route=\/wp\/v2\/users\/1"}],"replies":[{"embeddable":true,"href":"https:\/\/rosenholm.se\/index.php?rest_route=%2Fwp%2Fv2%2Fcomments&post=3574"}],"version-history":[{"count":20,"href":"https:\/\/rosenholm.se\/index.php?rest_route=\/wp\/v2\/pages\/3574\/revisions"}],"predecessor-version":[{"id":3646,"href":"https:\/\/rosenholm.se\/index.php?rest_route=\/wp\/v2\/pages\/3574\/revisions\/3646"}],"up":[{"embeddable":true,"href":"https:\/\/rosenholm.se\/index.php?rest_route=\/wp\/v2\/pages\/362"}],"wp:attachment":[{"href":"https:\/\/rosenholm.se\/index.php?rest_route=%2Fwp%2Fv2%2Fmedia&parent=3574"}],"curies":[{"name":"wp","href":"https:\/\/api.w.org\/{rel}","templated":true}]}}