{"id":33,"date":"2014-01-21T08:35:24","date_gmt":"2014-01-21T07:35:24","guid":{"rendered":"http:\/\/rosenholm.se\/?page_id=33"},"modified":"2015-02-26T23:20:23","modified_gmt":"2015-02-26T22:20:23","slug":"tradgardens-stil","status":"publish","type":"page","link":"https:\/\/rosenholm.se\/?page_id=33","title":{"rendered":"TR\u00c4DG\u00c5RDENS STIL"},"content":{"rendered":"<p>Vackra tr\u00e4dg\u00e5rdar kan vara mycket olika varandra. De kan inge helt olika k\u00e4nslor som kan\u00a0skapas med olika stilar. Vilken stil\u00a0gillar du? Om du inte vet riktigt kan du j\u00e4mf\u00f6ra med din\u00a0inredningsstil. Den s\u00e4ger ofta en hel del om vad en person\u00a0gillar. \u00c4r det antika m\u00f6bler, moderna eller en blandning\u00a0av b\u00e5da som st\u00e5r i ditt hem? Vilka f\u00e4rger finns d\u00e4r?\u00a0\u00c4r ditt hem formellt eller informellt?<\/p>\n<div id=\"attachment_130\" style=\"width: 988px\" class=\"wp-caption alignnone\"><a href=\"http:\/\/rosenholm.se\/wp-content\/uploads\/2014\/01\/DSC065631.jpg\"><img loading=\"lazy\" decoding=\"async\" aria-describedby=\"caption-attachment-130\" class=\"size-full wp-image-130\" src=\"http:\/\/rosenholm.se\/wp-content\/uploads\/2014\/01\/DSC065631.jpg\" alt=\"I den tr\u00e4dg\u00e5rd som Ulla Molin (1909\u20131997) skapade i H\u00f6gan\u00e4s bildas ett lugn genom det \u00e5terh\u00e5llna valet av v\u00e4xter och f\u00e4rger. De olika formerna p\u00e5 v\u00e4xter och variationen av material och form p\u00e5 m\u00f6bler samt bel\u00e4ggningar g\u00f6r att tr\u00e4dg\u00e5rden \u00e4nd\u00e5 k\u00e4nns livfull och varierad.\" width=\"978\" height=\"734\" srcset=\"https:\/\/rosenholm.se\/wp-content\/uploads\/2014\/01\/DSC065631.jpg 978w, https:\/\/rosenholm.se\/wp-content\/uploads\/2014\/01\/DSC065631-150x112.jpg 150w, https:\/\/rosenholm.se\/wp-content\/uploads\/2014\/01\/DSC065631-260x195.jpg 260w, https:\/\/rosenholm.se\/wp-content\/uploads\/2014\/01\/DSC065631-512x384.jpg 512w\" sizes=\"auto, (max-width: 978px) 100vw, 978px\" \/><\/a><p id=\"caption-attachment-130\" class=\"wp-caption-text\">I den tr\u00e4dg\u00e5rd som Ulla Molin (1909\u20131997) skapade i H\u00f6gan\u00e4s bildas ett lugn genom det \u00e5terh\u00e5llna valet av v\u00e4xter och f\u00e4rger. De olika formerna p\u00e5 v\u00e4xter och variationen av material och form p\u00e5 m\u00f6bler samt bel\u00e4ggningar g\u00f6r att tr\u00e4dg\u00e5rden \u00e4nd\u00e5 k\u00e4nns livfull och varierad.<\/p><\/div>\n<p>Du beh\u00f6ver naturligtvis inte ha samma stil i tr\u00e4dg\u00e5rden\u00a0som inomhus, men samma\u00a0uttryckss\u00e4tt inne och ute f\u00f6rst\u00e4rker k\u00e4nslan av att huset\u00a0\u00e4r f\u00f6rankrat i tr\u00e4dg\u00e5rden och att de h\u00f6r ihop. Avg\u00f6rande\u00a0f\u00f6r intrycket \u00e4r ocks\u00e5 att tr\u00e4dg\u00e5rdens stil passar\u00a0ihop med husets yttre stil, f\u00e4rg och form. Om man\u00a0vill ha en helt annan stil i tr\u00e4dg\u00e5rden, utan att f\u00f6rlora\u00a0f\u00f6r mycket av samh\u00f6righetsk\u00e4nslan med huset, kan man\u00a0kompromissa genom att h\u00e5lla den del av tr\u00e4dg\u00e5rden som\u00a0ligger n\u00e4rmast huset i samma stil som huset, medan delarna\u00a0l\u00e4ngre bort utformas p\u00e5 andra s\u00e4tt. Att ge sig sj\u00e4lvm\u00f6jlighet att utforma tr\u00e4dg\u00e5rden i ett par delar med olika\u00a0stil kan dessutom vara otroligt roligt och stimulerande.\u00a0Om tr\u00e4dg\u00e5rden \u00e4r rumsindelad finns det goda m\u00f6jligheter\u00a0att skifta mellan olika stilar vid \u00f6verg\u00e5ngarna mellan\u00a0de olika rummen.<\/p>\n<div id=\"attachment_1618\" style=\"width: 1050px\" class=\"wp-caption alignnone\"><a href=\"http:\/\/rosenholm.se\/wp-content\/uploads\/2014\/02\/DSC_2532.jpg\"><img loading=\"lazy\" decoding=\"async\" aria-describedby=\"caption-attachment-1618\" class=\"size-full wp-image-1618\" src=\"http:\/\/rosenholm.se\/wp-content\/uploads\/2014\/02\/DSC_2532.jpg\" alt=\"Kan en tr\u00e4dg\u00e5rd k\u00e4nnas mer typiskt svensk \u00e4n n\u00e4r perennerna smyger sig in bland vita, vackra bj\u00f6rkstammar? Hos Cathrine \u00d6hlund i Rosvik i Norrbotten har en imponerande \u00f6verg\u00e5ng mellan tr\u00e4dg\u00e5rd och skog skapats. H\u00e4r finner vi en ljuvlig blandning med bland annat perenna spirst\u00e5nds, gullstav, j\u00e4ttedaggk\u00e5pa, strutbr\u00e4ken och tr\u00e4dg\u00e5rdsiris samt ett\u00e5riga tagetes och sommarrudbeckior. Till h\u00f6ger skymtar det exotiska bladverket hos en manchurisk valn\u00f6t, Juglans mandshurica.\" width=\"1040\" height=\"693\" srcset=\"https:\/\/rosenholm.se\/wp-content\/uploads\/2014\/02\/DSC_2532-520x346@2x.jpg 1040w, https:\/\/rosenholm.se\/wp-content\/uploads\/2014\/02\/DSC_2532-250x166.jpg 250w, https:\/\/rosenholm.se\/wp-content\/uploads\/2014\/02\/DSC_2532-320x213.jpg 320w, https:\/\/rosenholm.se\/wp-content\/uploads\/2014\/02\/DSC_2532-520x346.jpg 520w, https:\/\/rosenholm.se\/wp-content\/uploads\/2014\/02\/DSC_2532-250x166@2x.jpg 500w, https:\/\/rosenholm.se\/wp-content\/uploads\/2014\/02\/DSC_2532-320x213@2x.jpg 640w\" sizes=\"auto, (max-width: 1040px) 100vw, 1040px\" \/><\/a><p id=\"caption-attachment-1618\" class=\"wp-caption-text\">Kan en tr\u00e4dg\u00e5rd k\u00e4nnas mer typiskt svensk \u00e4n n\u00e4r perennerna smyger sig in bland vita, vackra bj\u00f6rkstammar? <a title=\"Oas i den norrl\u00e4ndska skogen\" href=\"http:\/\/rosenholm.se\/?page_id=5566\">Hos Cathrine \u00d6hlund i Rosvik <\/a>i Norrbotten finner vi en ljuvlig blandning med bland annat perenna spirst\u00e5nds, gullstav, j\u00e4ttedaggk\u00e5pa, strutbr\u00e4ken och tr\u00e4dg\u00e5rdsiris samt ett\u00e5riga tagetes och sommarrudbeckior. Till h\u00f6ger skymtar det exotiska bladverket hos en manchurisk valn\u00f6t, Juglans mandshurica.<\/p><\/div>\n<p>Precis som n\u00e4r det g\u00e4ller heminredning avr\u00e5der man ofta\u00a0fr\u00e5n f\u00f6r m\u00e5nga stilbyten mellan olika tr\u00e4dg\u00e5rdsrum. Samh\u00f6righeten kan g\u00e5 f\u00f6rlorad och tr\u00e4dg\u00e5rden kan upp levas\u00a0som m\u00e5nga olika sm\u00e5 tr\u00e4dg\u00e5rdar i st\u00e4llet f\u00f6r en st\u00f6rre\u00a0med olika rum. Men det \u00e4r n\u00e5got man kanske \u00e4r beredd\u00a0att st\u00e5 ut med bara f\u00f6r att det \u00e4r s\u00e5 kul att f\u00e5 testa och\u00a0leka med olika uttryckss\u00e4tt. Man kanske inte ens tycker\u00a0att det \u00e4r n\u00e5gon nackdel utan uppskattar att ha tio olika\u00a0sm\u00e5 tr\u00e4dg\u00e5rdar i st\u00e4llet f\u00f6r en stor.<\/p>\n<p>Hur m\u00e5nga stilar som kan anv\u00e4ndas i en tr\u00e4dg\u00e5rd utan att samh\u00f6righeten g\u00e5r f\u00f6rlorad beror p\u00e5\u00a0faktorer som storlek, utformning, l\u00e4ge osv. V\u00e5r egen\u00a0erfarenhet \u00e4r att samh\u00f6righeten kan bevaras \u00e4ven med\u00a0ett par tre olika stilar p\u00e5 en tusen kvadratmeters tomt.\u00a0En tr\u00e4dg\u00e5rd i sammanh\u00e5llen stil \u00e4r inte detsamma\u00a0som en tr\u00e4dg\u00e5rd som ser likadan ut \u00f6verallt. Variationsm\u00f6jligheterna\u00a0inom en och samma stil \u00e4r n\u00e4rmast o\u00e4ndliga\u00a0och sj\u00e4lvklart kommer de olika delarna av en tr\u00e4dg\u00e5rd\u00a0att f\u00e5 olika karakt\u00e4r \u00e4ven om de h\u00e5lls samman av\u00a0en \u00f6vergripande stil.<\/p>\n<p>Nu \u00e4r det h\u00e4r med olika stilar f\u00f6r hemtr\u00e4dg\u00e5rden inte\u00a0grundat p\u00e5 n\u00e5gra strikta definitioner utan p\u00e5 allm\u00e4nna\u00a0uppfattningar och associationer. Det g\u00e5r att identifiera\u00a0en m\u00e4ngd olika stilar. Bed\u00f6mningen av vad en viss stil\u00a0innefattar \u00e4r delvis subjektiv och d\u00e4rmed finns det heller\u00a0inte n\u00e5gra entydiga gr\u00e4nser mellan olika stilar.<\/p>\n<p>L\u00e5t dig inspireras till att\u00a0skapa din alldeles egna stil hemma i tr\u00e4dg\u00e5rden.<\/p>\n<h5><a title=\"Romantiskt\" href=\"http:\/\/rosenholm.se\/?page_id=48\">Romantiskt<\/a><\/h5>\n<dl id=\"attachment_451\" class=\"wp-caption alignleft\" style=\"width: 309px;\">\n<dt class=\"wp-caption-dt\" style=\"display: inline !important;\"><\/dt>\n<\/dl>\n<dl id=\"attachment_451\" class=\"wp-caption alignleft\" style=\"width: 309px;\">\n<dd class=\"wp-caption-dd\"><\/dd>\n<\/dl>\n<p>&nbsp;<\/p>\n","protected":false},"excerpt":{"rendered":"<p>Vackra tr\u00e4dg\u00e5rdar kan vara mycket olika varandra. De kan inge helt olika k\u00e4nslor som kan\u00a0skapas med olika stilar. Vilken stil\u00a0gillar du? Om du inte vet riktigt kan du j\u00e4mf\u00f6ra med&hellip; <\/p>\n","protected":false},"author":1,"featured_media":0,"parent":56,"menu_order":0,"comment_status":"closed","ping_status":"open","template":"","meta":{"footnotes":""},"class_list":["post-33","page","type-page","status-publish","hentry"],"_links":{"self":[{"href":"https:\/\/rosenholm.se\/index.php?rest_route=\/wp\/v2\/pages\/33","targetHints":{"allow":["GET"]}}],"collection":[{"href":"https:\/\/rosenholm.se\/index.php?rest_route=\/wp\/v2\/pages"}],"about":[{"href":"https:\/\/rosenholm.se\/index.php?rest_route=\/wp\/v2\/types\/page"}],"author":[{"embeddable":true,"href":"https:\/\/rosenholm.se\/index.php?rest_route=\/wp\/v2\/users\/1"}],"replies":[{"embeddable":true,"href":"https:\/\/rosenholm.se\/index.php?rest_route=%2Fwp%2Fv2%2Fcomments&post=33"}],"version-history":[{"count":30,"href":"https:\/\/rosenholm.se\/index.php?rest_route=\/wp\/v2\/pages\/33\/revisions"}],"predecessor-version":[{"id":6808,"href":"https:\/\/rosenholm.se\/index.php?rest_route=\/wp\/v2\/pages\/33\/revisions\/6808"}],"up":[{"embeddable":true,"href":"https:\/\/rosenholm.se\/index.php?rest_route=\/wp\/v2\/pages\/56"}],"wp:attachment":[{"href":"https:\/\/rosenholm.se\/index.php?rest_route=%2Fwp%2Fv2%2Fmedia&parent=33"}],"curies":[{"name":"wp","href":"https:\/\/api.w.org\/{rel}","templated":true}]}}