{"id":2664,"date":"2014-03-15T22:27:38","date_gmt":"2014-03-15T21:27:38","guid":{"rendered":"http:\/\/rosenholm.se\/?page_id=2664"},"modified":"2014-06-01T00:17:05","modified_gmt":"2014-05-31T22:17:05","slug":"variera-lagom","status":"publish","type":"page","link":"https:\/\/rosenholm.se\/?page_id=2664","title":{"rendered":"Variera lagom"},"content":{"rendered":"<p><span style=\"line-height: 1.5em;\">Ensamma v\u00e4xter g\u00f6r ingen park eller tr\u00e4dg\u00e5rd utan det \u00e4r med kombinationer av v\u00e4xter som kl\u00e4r varandra man bygger en trivsam milj\u00f6. Det handlar om att kombinera former, f\u00e4rger och texturer till en attraktiv helhet och f\u00f6r att lyckas med det beh\u00f6ver man variera. Men bara i lagom m\u00e4ngd. Det l\u00e5ter tr\u00e5kigt och pr\u00e4ktigt, det typiskt svenska uttrycket lagom, men n\u00e4r det g\u00e4ller v\u00e4xtkomposition \u00e4r det faktiskt helt r\u00e4tt. \u00c4ven om man vill skapa en tr\u00e4dg\u00e5rd som inte \u00e4r lagom utan uppk\u00e4ftigt fr\u00e4ck. Av f\u00f6r mycket variation blir inte en tr\u00e4dg\u00e5rd h\u00e4ftig, bara r\u00f6rig.<\/span><\/p>\n<div id=\"attachment_2459\" style=\"width: 1050px\" class=\"wp-caption alignnone\"><a href=\"http:\/\/rosenholm.se\/wp-content\/uploads\/2014\/01\/D2X_0469.jpg\"><img loading=\"lazy\" decoding=\"async\" aria-describedby=\"caption-attachment-2459\" class=\"size-full wp-image-2459\" src=\"http:\/\/rosenholm.se\/wp-content\/uploads\/2014\/01\/D2X_0469.jpg\" alt=\"Anisisopens, Agastache foeniculum, spiror ger kraftfull kontrast mot tr\u00e4dg\u00e5rdssolbrudens, Helenium 'Flammendes K\u00e4thchen', blommor i form och f\u00e4rg. Men det \u00e4r den vackra f\u00e4rgkrocken som dominerar intrycket. Dr\u00f6mparken i slutet av augusti.\" width=\"1040\" height=\"693\" srcset=\"https:\/\/rosenholm.se\/wp-content\/uploads\/2014\/01\/D2X_0469.jpg 1040w, https:\/\/rosenholm.se\/wp-content\/uploads\/2014\/01\/D2X_0469-250x166.jpg 250w, https:\/\/rosenholm.se\/wp-content\/uploads\/2014\/01\/D2X_0469-320x213.jpg 320w, https:\/\/rosenholm.se\/wp-content\/uploads\/2014\/01\/D2X_0469-350x233.jpg 350w, https:\/\/rosenholm.se\/wp-content\/uploads\/2014\/01\/D2X_0469-250x166@2x.jpg 500w, https:\/\/rosenholm.se\/wp-content\/uploads\/2014\/01\/D2X_0469-320x213@2x.jpg 640w, https:\/\/rosenholm.se\/wp-content\/uploads\/2014\/01\/D2X_0469-350x233@2x.jpg 700w\" sizes=\"auto, (max-width: 1040px) 100vw, 1040px\" \/><\/a><p id=\"caption-attachment-2459\" class=\"wp-caption-text\">Anisisopens, Agastache foeniculum, spiror ger kraftfull kontrast mot tr\u00e4dg\u00e5rdssolbrudens, Helenium &#8217;Flammendes K\u00e4thchen&#8217;, blommor i form och f\u00e4rg. Men det \u00e4r den vackra f\u00e4rgkrocken som dominerar intrycket. Dr\u00f6mparken i slutet av augusti.<\/p><\/div>\n<p>I st\u00e4llet g\u00e4ller det att medvetet v\u00e4lja okonventionella form- och f\u00e4rgkombinationer i lagom m\u00e4ngd om man vill skapa n\u00e5got som inte alls k\u00e4nns pr\u00e4ktigt och vanligt. Vill man d\u00e4remot skapa en t\u00e4ppa med gammaldags fridfull karakt\u00e4r spelar man i st\u00e4llet p\u00e5 traditionella form- och f\u00e4rgkombinationer.<\/p>\n<p>P\u00e5 samma s\u00e4tt som f\u00f6r mycket variation k\u00e4nns plottrigt och oroligt upplevs f\u00f6r lite variation som mesigt och tr\u00e5kigt. Variationen av olika former, f\u00e4rger och texturer p\u00e5 v\u00e4xter beh\u00f6vs f\u00f6r att det ska bli liv. Man ska bara t\u00e4nka p\u00e5 att inte variera allting p\u00e5 en och samma g\u00e5ng. I Enk\u00f6ping har man valt ut vad man vill lyfta fram och sett till s\u00e5 att det inte finns f\u00f6r mycket som samtidigt konkurrerar om uppm\u00e4rksamheten. S\u00e5 \u00e4r det till exempel sparsmakat p\u00e5 sidorna om Dr\u00f6mparkens salviaflod n\u00e4r den blommar i juli. D\u00e5 \u00e4r det den som ska vara huvudattraktionen utan att f\u00f6r mycket annat st\u00f6r.<\/p>\n<div id=\"attachment_2665\" style=\"width: 360px\" class=\"wp-caption alignright\"><a href=\"http:\/\/rosenholm.se\/wp-content\/uploads\/2014\/03\/D2X_5711-1-.jpg\"><img loading=\"lazy\" decoding=\"async\" aria-describedby=\"caption-attachment-2665\" class=\"size-large wp-image-2665\" src=\"http:\/\/rosenholm.se\/wp-content\/uploads\/2014\/03\/D2X_5711-1--350x466.jpg\" alt=\"Anisisop, plymastilbe  \u2019Purpurlanze\u2019, r\u00f6d solhatt 'Magnus\u2019,  fl\u00e4ckflockel, amerikanskt \u00e4lggr\u00e4s 'Venusta Magnifica', och finnnslide.\" width=\"350\" height=\"466\" srcset=\"https:\/\/rosenholm.se\/wp-content\/uploads\/2014\/03\/D2X_5711-1--350x466.jpg 350w, https:\/\/rosenholm.se\/wp-content\/uploads\/2014\/03\/D2X_5711-1--187x250.jpg 187w, https:\/\/rosenholm.se\/wp-content\/uploads\/2014\/03\/D2X_5711-1--320x426.jpg 320w, https:\/\/rosenholm.se\/wp-content\/uploads\/2014\/03\/D2X_5711-1-.jpg 900w, https:\/\/rosenholm.se\/wp-content\/uploads\/2014\/03\/D2X_5711-1--350x466@2x.jpg 700w, https:\/\/rosenholm.se\/wp-content\/uploads\/2014\/03\/D2X_5711-1--187x250@2x.jpg 374w, https:\/\/rosenholm.se\/wp-content\/uploads\/2014\/03\/D2X_5711-1--320x426@2x.jpg 640w\" sizes=\"auto, (max-width: 350px) 100vw, 350px\" \/><\/a><p id=\"caption-attachment-2665\" class=\"wp-caption-text\">Anisisop, plymastilbe \u2019Purpurlanze\u2019, r\u00f6d solhatt &#8217;Magnus\u2019, fl\u00e4ckflockel, amerikanskt \u00e4lggr\u00e4s &#8217;Venusta Magnifica&#8217;, och finnnslide.<\/p><\/div>\n<p>Perenner med blommor formade till spiror, plymer, parasoller och solar avl\u00f6ser varandra i en finst\u00e4md blandning av n\u00e4raliggande f\u00e4rger. Hade f\u00e4rgerna visat lika stor variation som formerna hade det inte alls blivit lika tilltalande. Det g\u00e4ller att inte variera allt samtidigt utan att i st\u00e4llet v\u00e4lja ut n\u00e5gra f\u00e5 saker som f\u00e5r st\u00e5 f\u00f6r omv\u00e4xlingen. Till v\u00e4nster i f\u00f6rgrunden syns en \u00f6verh\u00e4ngande glansmiskantus,<em> Miscanthus sinensis<\/em>, som g\u00f6r kompositionen \u00e4nnu mer sp\u00e4nnande med sina gr\u00e4sstr\u00e5n som r\u00f6r sig f\u00f6r vinden. De gr\u00e5bl\u00e5 spirorna som syns l\u00e4ngst fram \u00e4r anisisop,<em> Agastache foeniculum<\/em>. Bakom dem tar stor plymastilbes, <em>Astilbe chinensis<\/em> var. <em>taquetii<\/em> \u2019Purpurlanze\u2019, samlade plymer, som \u00e4r p\u00e5 gr\u00e4nsen till att vara spiror, \u00f6ver och bortanf\u00f6r dem breder ett f\u00e4lt av solformade r\u00f6da solhattar, <em>Echinacea purpurea<\/em> &#8217;Magnus\u2019, ut sig. Parasollerna allra l\u00e4ngst bak \u00e4r fl\u00e4ckflockar, <em>Eupatorium maculatum<\/em>. De ljust bruna plymerna till v\u00e4nster i bilden \u00e4r utblommad amerikanskt \u00e4lggr\u00e4s, <em>Filipendula rubra<\/em> &#8217;Venusta&#8217;, och bortanf\u00f6r dem syns finnslidets, <em>Aconogonon<\/em> \u00d7 <em>fennicum<\/em>, vita plymer som bjuder p\u00e5 blomning i stort sett hela sommaren. Bilden \u00e4r tagen i Dr\u00f6mparken i mitten av augusti, d\u00e5 h\u00f6jdpunkten f\u00f6r den h\u00e4r kompositionen b\u00f6rjar.<\/p>\n<h5>\u00a0Harmonier och kontraster<\/h5>\n<p>Former och f\u00e4rger hos v\u00e4xter kan vara mer eller mindre lika varandra. S\u00e4tter man ihop v\u00e4xter som har f\u00e4rger som ligger n\u00e4ra varandra skapas en f\u00e4rgharmoni. Ligger f\u00e4rgerna l\u00e5ngt ifr\u00e5n varandra f\u00e5r man i st\u00e4llet en f\u00e4rgkontrast.\u00a0P\u00e5 motsvarande s\u00e4tt kan man skapa harmonier och kontraster ocks\u00e5 med former, men de flesta av oss \u00e4r mycket mer vana att t\u00e4nka i de h\u00e4r banorna n\u00e4r det g\u00e4ller f\u00e4rg \u00e4n n\u00e4r det g\u00e4ller form. Bland det b\u00e4sta vi kan g\u00f6ra f\u00f6r att lyckas med att f\u00e5 till attraktiva planteringar med l\u00e5ng s\u00e4song \u00e4r att komponera utifr\u00e5n kontraster och harmonier \u00e4ven n\u00e4r det g\u00e4ller former.<\/p>\n<div id=\"attachment_2675\" style=\"width: 360px\" class=\"wp-caption alignright\"><a href=\"http:\/\/rosenholm.se\/wp-content\/uploads\/2014\/03\/D2X_3268.jpg\"><img loading=\"lazy\" decoding=\"async\" aria-describedby=\"caption-attachment-2675\" class=\"size-large wp-image-2675\" src=\"http:\/\/rosenholm.se\/wp-content\/uploads\/2014\/03\/D2X_3268-350x466.jpg\" alt=\"Stj\u00e4rnflockans, Astrantia major ssp. involucrata \u2019Canneman\u2019, knappformade blommor i skir f\u00f6rening med diamantr\u00f6rets, Calamagrostis brachytricha, sirliga plymer ger ett lugnt och \u00e5terh\u00e5llsamt intryck med sina bleka f\u00e4rger ton i ton. B\u00e5da \u00e4r s\u00e5 h\u00e4r vackra fortfarande i mitten av oktober d\u00e5 bilden \u00e4r tagen i Dr\u00f6mparken.\" width=\"350\" height=\"466\" srcset=\"https:\/\/rosenholm.se\/wp-content\/uploads\/2014\/03\/D2X_3268-350x466.jpg 350w, https:\/\/rosenholm.se\/wp-content\/uploads\/2014\/03\/D2X_3268-187x250.jpg 187w, https:\/\/rosenholm.se\/wp-content\/uploads\/2014\/03\/D2X_3268-320x426.jpg 320w, https:\/\/rosenholm.se\/wp-content\/uploads\/2014\/03\/D2X_3268.jpg 900w, https:\/\/rosenholm.se\/wp-content\/uploads\/2014\/03\/D2X_3268-350x466@2x.jpg 700w, https:\/\/rosenholm.se\/wp-content\/uploads\/2014\/03\/D2X_3268-187x250@2x.jpg 374w, https:\/\/rosenholm.se\/wp-content\/uploads\/2014\/03\/D2X_3268-320x426@2x.jpg 640w\" sizes=\"auto, (max-width: 350px) 100vw, 350px\" \/><\/a><p id=\"caption-attachment-2675\" class=\"wp-caption-text\">Stj\u00e4rnflockans, Astrantia major ssp. involucrata \u2019Canneman\u2019, knappformade blommor i skir f\u00f6rening med diamantr\u00f6rets, Calamagrostis brachytricha, sirliga plymer ger ett lugnt och \u00e5terh\u00e5llsamt intryck med sina bleka f\u00e4rger ton i ton. B\u00e5da \u00e4r s\u00e5 h\u00e4r vackra fortfarande i mitten av oktober d\u00e5 bilden \u00e4r tagen i Dr\u00f6mparken.<\/p><\/div>\n<p>Med f\u00f6r m\u00e5nga starka f\u00e4rgkontraster i en tr\u00e4dg\u00e5rd blir det oroligt. N\u00e4r det g\u00e4ller form d\u00e4remot kan man kosta p\u00e5 sig fler kontraster, eftersom formkontraster inte dominerar omgivningen lika mycket som f\u00e4rgkrockar. Det \u00e4r snarare risk f\u00f6r att man g\u00f6r tr\u00e4dg\u00e5rden f\u00f6r kontrastfattig n\u00e4r det handlar om former och f\u00f6r m\u00e5nga v\u00e4xter med liknande former g\u00f6r att tr\u00e4dg\u00e5rden kan k\u00e4nnas utsl\u00e4tad och tr\u00e5kig.<\/p>\n<p>Att medvetet arbeta med kontraster mellan n\u00e5gra utvalda, \u00e5terkommande former \u00e4r ett bra s\u00e4tt att f\u00e5 en livfull tr\u00e4dg\u00e5rd utan att f\u00f6r den skull riskera att det blir f\u00f6r r\u00f6rigt. Vertikalt mot horisontellt, h\u00f6gt mot l\u00e5gt, h\u00e5rt mot mjukt och sm\u00e5tt mot stort som man anv\u00e4nt sig av i Enk\u00f6ping \u00e4r exempel p\u00e5 just s\u00e5na formkontraster.<\/p>\n<p>F\u00e4rgkontraster kan vara av olika slag: de kan vara rej\u00e4lt starka och f\u00e4rgsprakande eller s\u00e5 milda och mjuka att man n\u00e4stan uppfattar dem som harmonier. De f\u00e4rger som ligger mitt emot varandra p\u00e5 f\u00e4rgcirkeln ger de kraftfullaste kontrasterna. D\u00e4rf\u00f6r ger komplementf\u00e4rgerna \u2013 r\u00f6tt och gr\u00f6nt, bl\u00e5tt och orange samt gult och violett \u2013 starka kontrasteffekter.<\/p>\n<div id=\"attachment_2669\" style=\"width: 1210px\" class=\"wp-caption alignnone\"><a href=\"http:\/\/rosenholm.se\/wp-content\/uploads\/2014\/03\/D2X_5873.jpg\"><img loading=\"lazy\" decoding=\"async\" aria-describedby=\"caption-attachment-2669\" class=\"size-full wp-image-2669\" src=\"http:\/\/rosenholm.se\/wp-content\/uploads\/2014\/03\/D2X_5873.jpg\" alt=\"En \u00e5terh\u00e5llsam men underbar upplevelse i form och f\u00e4rg bjuder bladkompositionen av r\u00f6d sockblomma, Epimedium \u00d7 rubrum, och daglilja, Hemerocallis, p\u00e5 i mitten av maj. Bild fr\u00e5n K\u00f6lnbacksparken.\" width=\"1200\" height=\"675\" srcset=\"https:\/\/rosenholm.se\/wp-content\/uploads\/2014\/03\/D2X_5873.jpg 1200w, https:\/\/rosenholm.se\/wp-content\/uploads\/2014\/03\/D2X_5873-250x140.jpg 250w, https:\/\/rosenholm.se\/wp-content\/uploads\/2014\/03\/D2X_5873-320x180.jpg 320w, https:\/\/rosenholm.se\/wp-content\/uploads\/2014\/03\/D2X_5873-350x196.jpg 350w, https:\/\/rosenholm.se\/wp-content\/uploads\/2014\/03\/D2X_5873-250x140@2x.jpg 500w, https:\/\/rosenholm.se\/wp-content\/uploads\/2014\/03\/D2X_5873-320x180@2x.jpg 640w, https:\/\/rosenholm.se\/wp-content\/uploads\/2014\/03\/D2X_5873-350x196@2x.jpg 700w\" sizes=\"auto, (max-width: 1200px) 100vw, 1200px\" \/><\/a><p id=\"caption-attachment-2669\" class=\"wp-caption-text\">En \u00e5terh\u00e5llsam men underbar upplevelse i form och f\u00e4rg bjuder bladkompositionen av r\u00f6d sockblomma, Epimedium \u00d7 rubrum, och daglilja, Hemerocallis, p\u00e5 i mitten av maj. Bild fr\u00e5n K\u00f6lnbacksparken.<\/p><\/div>\n<p>Om man l\u00e5ter en av f\u00e4rgerna upptr\u00e4da i svagare intensitet blir kontrasten betydligt lugnare. P\u00e5 motsvarande s\u00e4tt kan man tona ner alla starka f\u00e4rgkontraster genom att helt enkelt l\u00e5ta en av f\u00e4rgerna upptr\u00e4da i svagare intensitet. L\u00e5ter man b\u00e5da f\u00e4rgerna bli svagare mattas s\u00e5 klart kontrasteffekten av \u00e4nnu mer.<\/p>\n<p>Kontrasteffekter kan ocks\u00e5 mjukas upp genom att man blandar upp en komposition med gr\u00e5tt, silver, gr\u00f6nt eller pastellf\u00e4rger.<\/p>\n<p>De skarpare f\u00e4rgkontrasterna skapar uppm\u00e4rksamhet och fokus som f\u00e5r \u00f6gat att stanna upp, medan de mjukare till\u00e5ter blicken att glida vidare. En rabatt som ska uppfattas som harmonisk f\u00e5r inte ha f\u00f6r m\u00e5nga enskilda effekter som drar blicken till sig. D\u00e4rf\u00f6r b\u00f6r starka f\u00e4rgkontraster anv\u00e4ndas betydligt sparsammare \u00e4n de milda.<\/p>\n<div id=\"attachment_2670\" style=\"width: 1210px\" class=\"wp-caption alignnone\"><img loading=\"lazy\" decoding=\"async\" aria-describedby=\"caption-attachment-2670\" class=\"size-full wp-image-2670\" src=\"http:\/\/rosenholm.se\/wp-content\/uploads\/2014\/03\/D2X_9873.jpg\" alt=\"De vita kanterna p\u00e5 gravfunkians, Hosta crispula, blad plockar effektfullt upp f\u00e4rgen hos moutanbuskpionens, Paeonia \u00d7 suffruticosa, blommor. En komposition att njuta av i Blomsterg\u00e5rden i b\u00f6rjan av juni.\" width=\"1200\" height=\"675\" srcset=\"https:\/\/rosenholm.se\/wp-content\/uploads\/2014\/03\/D2X_9873.jpg 1200w, https:\/\/rosenholm.se\/wp-content\/uploads\/2014\/03\/D2X_9873-250x140.jpg 250w, https:\/\/rosenholm.se\/wp-content\/uploads\/2014\/03\/D2X_9873-320x180.jpg 320w, https:\/\/rosenholm.se\/wp-content\/uploads\/2014\/03\/D2X_9873-350x196.jpg 350w, https:\/\/rosenholm.se\/wp-content\/uploads\/2014\/03\/D2X_9873-250x140@2x.jpg 500w, https:\/\/rosenholm.se\/wp-content\/uploads\/2014\/03\/D2X_9873-320x180@2x.jpg 640w, https:\/\/rosenholm.se\/wp-content\/uploads\/2014\/03\/D2X_9873-350x196@2x.jpg 700w\" sizes=\"auto, (max-width: 1200px) 100vw, 1200px\" \/><p id=\"caption-attachment-2670\" class=\"wp-caption-text\">De vita kanterna p\u00e5 gravfunkians, Hosta crispula, blad plockar effektfullt upp f\u00e4rgen hos buskpionens, Paeonia suffruticosa, blommor. En komposition att njuta av i Blomsterg\u00e5rden i b\u00f6rjan av juni.<\/p><\/div>\n<p>Rabatter med f\u00e4rger ton i ton \u00e4r enkla att g\u00f6ra harmoniska och kan dessutom g\u00f6ras mer sp\u00e4nnande om n\u00e5gra blommor i avvikande f\u00e4rg smygs in i dem. S\u00e5 \u00e4r till exempel Bl\u00e5 Tr\u00e4dg\u00e5rd l\u00e4ngs \u00c5promenaden inte bara bl\u00e5 utan har tydliga inslag av gult, rosa och vitt.<\/p>\n<p>Att placera v\u00e4xter som plockar upp nyanser av varandras f\u00e4rger bredvid varandra \u00e4r ett annat lyckat f\u00e4rgs\u00e4ttningsknep. F\u00f6r att en s\u00e5n effekt ska komma bra till sin r\u00e4tt b\u00f6r man dock se till att det inte finns f\u00f6r mycket andra effekter alldeles intill som konkurrerar om uppm\u00e4rksamheten.<\/p>\n<p>I Enk\u00f6ping ligger tonvikten p\u00e5 kontraster mellan former medan f\u00e4rgkontrasterna ofta, men l\u00e5ngt ifr\u00e5n alltid, \u00e4r ganska milda. Texturvariationer, som ger l\u00e5gm\u00e4lda kontraster som kommer b\u00e4st till sin r\u00e4tt n\u00e4r det inte \u00e4r f\u00f6r mycket annat runtomkring som st\u00f6r, uppt\u00e4cker man oftast i de mer skuggiga delarna av parkerna d\u00e4r inte s\u00e5 m\u00e5nga blommor f\u00e5ngar uppm\u00e4rksamheten.<\/p>\n<div id=\"attachment_2673\" style=\"width: 360px\" class=\"wp-caption alignright\"><img loading=\"lazy\" decoding=\"async\" aria-describedby=\"caption-attachment-2673\" class=\"size-large wp-image-2673\" src=\"http:\/\/rosenholm.se\/wp-content\/uploads\/2014\/03\/D2X_5837-350x466.jpg\" alt=\"Silvermartorn, stor plymastilbe, r\u00f6d solhatt 'Magnus' och finnslide\" width=\"350\" height=\"466\" srcset=\"https:\/\/rosenholm.se\/wp-content\/uploads\/2014\/03\/D2X_5837-350x466.jpg 350w, https:\/\/rosenholm.se\/wp-content\/uploads\/2014\/03\/D2X_5837-187x250.jpg 187w, https:\/\/rosenholm.se\/wp-content\/uploads\/2014\/03\/D2X_5837-320x426.jpg 320w, https:\/\/rosenholm.se\/wp-content\/uploads\/2014\/03\/D2X_5837.jpg 900w, https:\/\/rosenholm.se\/wp-content\/uploads\/2014\/03\/D2X_5837-350x466@2x.jpg 700w, https:\/\/rosenholm.se\/wp-content\/uploads\/2014\/03\/D2X_5837-187x250@2x.jpg 374w, https:\/\/rosenholm.se\/wp-content\/uploads\/2014\/03\/D2X_5837-320x426@2x.jpg 640w\" sizes=\"auto, (max-width: 350px) 100vw, 350px\" \/><p id=\"caption-attachment-2673\" class=\"wp-caption-text\">Silvermartorn, stor plymastilbe, r\u00f6d solhatt &#8217;Magnus&#8217; och finnslide<\/p><\/div>\n<p>Tydliga formkontraster ackompanjerade av harmonierande f\u00e4rger g\u00f6r den h\u00e4r kompositionen av silvermartorn, <em>Eryngium giganteum<\/em>, stor plymastilbe, <em>Astilbe chinensis<\/em> var. <em>taquetii<\/em> &#8217;Purpurlanze&#8217;, r\u00f6d solhatt, <em>Echinacea<\/em> <em>purpurea<\/em> &#8217;Magnus&#8217; och finnslide, <em>Aconogonon<\/em> \u00d7 <em>fennicum<\/em>, i Dr\u00f6mparken. L\u00e4gg m\u00e4rke till hur formen hos den r\u00f6da solhattens mittdisk g\u00e5r igen hos silvermartornet. Sm\u00e5 detaljer som f\u00f6rh\u00f6jer helhetsintrycket och hj\u00e4lper till att skapa harmoni.<\/p>\n<h5>Form och f\u00e4rg \u2013 lika eller olika<\/h5>\n<p>Kombinationer mellan former och f\u00e4rger kan g\u00f6ras p\u00e5 n\u00e4rmast o\u00e4ndligt m\u00e5nga olika s\u00e4tt. H\u00e4r f\u00f6ljer fyra olika s\u00e4tt som man kan leka med f\u00e4rger och former p\u00e5 n\u00e4r man anv\u00e4nder v\u00e4xter i par.<\/p>\n<div id=\"attachment_2714\" style=\"width: 710px\" class=\"wp-caption alignnone\"><img loading=\"lazy\" decoding=\"async\" aria-describedby=\"caption-attachment-2714\" class=\"size-full wp-image-2714\" src=\"http:\/\/rosenholm.se\/wp-content\/uploads\/2014\/03\/DSC_5239.jpg\" alt=\"Liknande f\u00e4rg, liknande form. St\u00e4ppsalvia, Salvia nemorosa 'Amethyst', och kashmirnepeta, Nepeta clarkei, har blommor som sitter samlade i spiror och ligger n\u00e4ra varandra i f\u00e4rg.\" width=\"700\" height=\"394\" srcset=\"https:\/\/rosenholm.se\/wp-content\/uploads\/2014\/03\/DSC_5239-350x197@2x.jpg 700w, https:\/\/rosenholm.se\/wp-content\/uploads\/2014\/03\/DSC_5239-250x140.jpg 250w, https:\/\/rosenholm.se\/wp-content\/uploads\/2014\/03\/DSC_5239-320x180.jpg 320w, https:\/\/rosenholm.se\/wp-content\/uploads\/2014\/03\/DSC_5239-350x197.jpg 350w, https:\/\/rosenholm.se\/wp-content\/uploads\/2014\/03\/DSC_5239-250x140@2x.jpg 500w, https:\/\/rosenholm.se\/wp-content\/uploads\/2014\/03\/DSC_5239-320x180@2x.jpg 640w\" sizes=\"auto, (max-width: 700px) 100vw, 700px\" \/><p id=\"caption-attachment-2714\" class=\"wp-caption-text\">Liknande f\u00e4rg, liknande form. St\u00e4ppsalvia, Salvia nemorosa &#8217;Amethyst&#8217;, och kashmirnepeta, Nepeta clarkei, har blommor som sitter samlade i spiror och ligger n\u00e4ra varandra i f\u00e4rg.<\/p><\/div>\n<div id=\"attachment_2715\" style=\"width: 710px\" class=\"wp-caption alignnone\"><img loading=\"lazy\" decoding=\"async\" aria-describedby=\"caption-attachment-2715\" class=\"size-full wp-image-2715\" src=\"http:\/\/rosenholm.se\/wp-content\/uploads\/2014\/03\/D2X_5521.jpg\" alt=\"Liknande f\u00e4rg, olika form. Stor plymastilbe, Astilbe chinensis var. taquetii \u2019Purpurlanze\u2019 och r\u00f6d rudbeckia, Echinacea purpurea, \u2019Magnus\u2019 har f\u00e4rger ton i ton men ger en tydlig formkontrast av vertikalt mot horisontellt.\" width=\"700\" height=\"394\" srcset=\"https:\/\/rosenholm.se\/wp-content\/uploads\/2014\/03\/D2X_5521-350x197@2x.jpg 700w, https:\/\/rosenholm.se\/wp-content\/uploads\/2014\/03\/D2X_5521-250x140.jpg 250w, https:\/\/rosenholm.se\/wp-content\/uploads\/2014\/03\/D2X_5521-320x180.jpg 320w, https:\/\/rosenholm.se\/wp-content\/uploads\/2014\/03\/D2X_5521-350x197.jpg 350w, https:\/\/rosenholm.se\/wp-content\/uploads\/2014\/03\/D2X_5521-250x140@2x.jpg 500w, https:\/\/rosenholm.se\/wp-content\/uploads\/2014\/03\/D2X_5521-320x180@2x.jpg 640w\" sizes=\"auto, (max-width: 700px) 100vw, 700px\" \/><p id=\"caption-attachment-2715\" class=\"wp-caption-text\">Liknande f\u00e4rg, olika form. Stor plymastilbe, Astilbe chinensis var. taquetii \u2019Purpurlanze\u2019 och r\u00f6d solhatt, Echinacea purpurea, \u2019Magnus\u2019 har f\u00e4rger ton i ton men ger en tydlig formkontrast av vertikalt mot horisontellt.<\/p><\/div>\n<div id=\"attachment_2713\" style=\"width: 710px\" class=\"wp-caption alignnone\"><img loading=\"lazy\" decoding=\"async\" aria-describedby=\"caption-attachment-2713\" class=\"size-full wp-image-2713\" src=\"http:\/\/rosenholm.se\/wp-content\/uploads\/2014\/03\/D2X_7210.jpg\" alt=\"Olika f\u00e4rg, lika form kan man till exempel f\u00e5 av olika sorter av samma art. H\u00e4r de tv\u00e5 Astilbe-sorterna \u2019Rotlicht\u2019 och \u2019Irrlicht\u2019.\" width=\"700\" height=\"394\" srcset=\"https:\/\/rosenholm.se\/wp-content\/uploads\/2014\/03\/D2X_7210-350x197@2x.jpg 700w, https:\/\/rosenholm.se\/wp-content\/uploads\/2014\/03\/D2X_7210-250x140.jpg 250w, https:\/\/rosenholm.se\/wp-content\/uploads\/2014\/03\/D2X_7210-320x180.jpg 320w, https:\/\/rosenholm.se\/wp-content\/uploads\/2014\/03\/D2X_7210-350x197.jpg 350w, https:\/\/rosenholm.se\/wp-content\/uploads\/2014\/03\/D2X_7210-250x140@2x.jpg 500w, https:\/\/rosenholm.se\/wp-content\/uploads\/2014\/03\/D2X_7210-320x180@2x.jpg 640w\" sizes=\"auto, (max-width: 700px) 100vw, 700px\" \/><p id=\"caption-attachment-2713\" class=\"wp-caption-text\">Olika f\u00e4rg, lika form kan man till exempel f\u00e5 av olika sorter av samma art. H\u00e4r de tv\u00e5 Astilbe-sorterna \u2019Rotlicht\u2019 och \u2019Irrlicht\u2019.<\/p><\/div>\n<div id=\"attachment_2716\" style=\"width: 710px\" class=\"wp-caption alignnone\"><img loading=\"lazy\" decoding=\"async\" aria-describedby=\"caption-attachment-2716\" class=\"size-full wp-image-2716\" src=\"http:\/\/rosenholm.se\/wp-content\/uploads\/2014\/03\/D2X_6098.jpg\" alt=\"Olika f\u00e4rg, olika form. J\u00e4ttekrissla, Inula magnifica 'Sonnenstrahl' och kransveronika, Veronicastrum virginicum \u2019Temptation\u2019, ger en kraftfull och l\u00e4cker kontrast i b\u00e5de form och f\u00e4rg.\" width=\"700\" height=\"394\" srcset=\"https:\/\/rosenholm.se\/wp-content\/uploads\/2014\/03\/D2X_6098-350x197@2x.jpg 700w, https:\/\/rosenholm.se\/wp-content\/uploads\/2014\/03\/D2X_6098-250x140.jpg 250w, https:\/\/rosenholm.se\/wp-content\/uploads\/2014\/03\/D2X_6098-320x180.jpg 320w, https:\/\/rosenholm.se\/wp-content\/uploads\/2014\/03\/D2X_6098-350x197.jpg 350w, https:\/\/rosenholm.se\/wp-content\/uploads\/2014\/03\/D2X_6098-250x140@2x.jpg 500w, https:\/\/rosenholm.se\/wp-content\/uploads\/2014\/03\/D2X_6098-320x180@2x.jpg 640w\" sizes=\"auto, (max-width: 700px) 100vw, 700px\" \/><p id=\"caption-attachment-2716\" class=\"wp-caption-text\">Olika f\u00e4rg, olika form. J\u00e4ttekrissla, Inula magnifica &#8217;Sonnenstrahl&#8217; och kransveronika, Veronicastrum virginicum \u2019Temptation\u2019, ger en kraftfull och l\u00e4cker kontrast i b\u00e5de form och f\u00e4rg.<\/p><\/div>\n<h5><a title=\"Repetition\" href=\"http:\/\/rosenholm.se\/?page_id=2902\">Repetition<\/a><\/h5>\n","protected":false},"excerpt":{"rendered":"<p>Ensamma v\u00e4xter g\u00f6r ingen park eller tr\u00e4dg\u00e5rd utan det \u00e4r med kombinationer av v\u00e4xter som kl\u00e4r varandra man bygger en trivsam milj\u00f6. Det handlar om att kombinera former, f\u00e4rger och&hellip; <\/p>\n","protected":false},"author":1,"featured_media":0,"parent":2282,"menu_order":0,"comment_status":"closed","ping_status":"closed","template":"","meta":{"footnotes":""},"class_list":["post-2664","page","type-page","status-publish","hentry"],"_links":{"self":[{"href":"https:\/\/rosenholm.se\/index.php?rest_route=\/wp\/v2\/pages\/2664","targetHints":{"allow":["GET"]}}],"collection":[{"href":"https:\/\/rosenholm.se\/index.php?rest_route=\/wp\/v2\/pages"}],"about":[{"href":"https:\/\/rosenholm.se\/index.php?rest_route=\/wp\/v2\/types\/page"}],"author":[{"embeddable":true,"href":"https:\/\/rosenholm.se\/index.php?rest_route=\/wp\/v2\/users\/1"}],"replies":[{"embeddable":true,"href":"https:\/\/rosenholm.se\/index.php?rest_route=%2Fwp%2Fv2%2Fcomments&post=2664"}],"version-history":[{"count":38,"href":"https:\/\/rosenholm.se\/index.php?rest_route=\/wp\/v2\/pages\/2664\/revisions"}],"predecessor-version":[{"id":4540,"href":"https:\/\/rosenholm.se\/index.php?rest_route=\/wp\/v2\/pages\/2664\/revisions\/4540"}],"up":[{"embeddable":true,"href":"https:\/\/rosenholm.se\/index.php?rest_route=\/wp\/v2\/pages\/2282"}],"wp:attachment":[{"href":"https:\/\/rosenholm.se\/index.php?rest_route=%2Fwp%2Fv2%2Fmedia&parent=2664"}],"curies":[{"name":"wp","href":"https:\/\/api.w.org\/{rel}","templated":true}]}}