{"id":2487,"date":"2014-03-10T20:15:54","date_gmt":"2014-03-10T19:15:54","guid":{"rendered":"http:\/\/rosenholm.se\/?page_id=2487"},"modified":"2014-03-28T21:44:03","modified_gmt":"2014-03-28T20:44:03","slug":"anvand-designknepen","status":"publish","type":"page","link":"https:\/\/rosenholm.se\/?page_id=2487","title":{"rendered":"ANV\u00c4ND DESIGNKNEPEN"},"content":{"rendered":"<div>\n<div id=\"attachment_2472\" style=\"width: 1050px\" class=\"wp-caption alignnone\"><a href=\"http:\/\/rosenholm.se\/wp-content\/uploads\/2014\/03\/DSC_4972.jpg\"><img loading=\"lazy\" decoding=\"async\" aria-describedby=\"caption-attachment-2472\" class=\"size-full wp-image-2472\" alt=\"V\u00e4lkommen in. Passage mellan fram- och baksida hos Per Friberg i sk\u00e5nska Bj\u00e4rred.\" src=\"http:\/\/rosenholm.se\/wp-content\/uploads\/2014\/03\/DSC_4972.jpg\" width=\"1040\" height=\"693\" srcset=\"https:\/\/rosenholm.se\/wp-content\/uploads\/2014\/03\/DSC_4972.jpg 1040w, https:\/\/rosenholm.se\/wp-content\/uploads\/2014\/03\/DSC_4972-250x166.jpg 250w, https:\/\/rosenholm.se\/wp-content\/uploads\/2014\/03\/DSC_4972-320x213.jpg 320w, https:\/\/rosenholm.se\/wp-content\/uploads\/2014\/03\/DSC_4972-350x233.jpg 350w, https:\/\/rosenholm.se\/wp-content\/uploads\/2014\/03\/DSC_4972-250x166@2x.jpg 500w, https:\/\/rosenholm.se\/wp-content\/uploads\/2014\/03\/DSC_4972-320x213@2x.jpg 640w, https:\/\/rosenholm.se\/wp-content\/uploads\/2014\/03\/DSC_4972-350x233@2x.jpg 700w\" sizes=\"auto, (max-width: 1040px) 100vw, 1040px\" \/><\/a><p id=\"caption-attachment-2472\" class=\"wp-caption-text\">V\u00e4lkommen in. Passage mellan fram- och baksida hos Per Friberg i sk\u00e5nska Bj\u00e4rred.<\/p><\/div>\n<h5>B\u00f6rja med strukturen<\/h5>\n<\/div>\n<p>En tr\u00e4dg\u00e5rds grundl\u00e4ggande struktur, skelettet, \u00e4r helt av g\u00f6rande f\u00f6r hur den uppfattas och vad man kan g\u00f6ra med den. Grundstrukturen kan liknas vid planl\u00f6sningen f\u00f6r ett hus d\u00e4r de olika rummen och passagerna mellan dem ing\u00e5r. Ingen skulle komma p\u00e5 id\u00e9n att bygga ett hus rum f\u00f6r rum utan tanke p\u00e5 hur de h\u00e4nger ihop och samverkar. Men n\u00e4r det g\u00e4ller tr\u00e4dg\u00e5rden \u00e4r det ofta just s\u00e5 vi g\u00f6r. V\u00e5ra tr\u00e4dg\u00e5rdar skulle kunna bli b\u00e5de vackrare och mer funktionella om vi planerade dem mer efter samma metodik som f\u00f6r v\u00e5ra bost\u00e4der.<\/p>\n<h5>Rita en plan<\/h5>\n<div id=\"attachment_2471\" style=\"width: 330px\" class=\"wp-caption alignright\"><a href=\"http:\/\/rosenholm.se\/wp-content\/uploads\/2014\/03\/DSC09918.jpg\"><img loading=\"lazy\" decoding=\"async\" aria-describedby=\"caption-attachment-2471\" class=\"size-medium wp-image-2471\" alt=\"Akvarell av Per Friberg \u00f6ver egen tr\u00e4dg\u00e5rd i Bj\u00e4rred, Sk\u00e5ne.\" src=\"http:\/\/rosenholm.se\/wp-content\/uploads\/2014\/03\/DSC09918-320x615.jpg\" width=\"320\" height=\"615\" srcset=\"https:\/\/rosenholm.se\/wp-content\/uploads\/2014\/03\/DSC09918-320x615.jpg 320w, https:\/\/rosenholm.se\/wp-content\/uploads\/2014\/03\/DSC09918-130x250.jpg 130w, https:\/\/rosenholm.se\/wp-content\/uploads\/2014\/03\/DSC09918-350x672.jpg 350w, https:\/\/rosenholm.se\/wp-content\/uploads\/2014\/03\/DSC09918.jpg 541w, https:\/\/rosenholm.se\/wp-content\/uploads\/2014\/03\/DSC09918-130x250@2x.jpg 260w\" sizes=\"auto, (max-width: 320px) 100vw, 320px\" \/><\/a><p id=\"caption-attachment-2471\" class=\"wp-caption-text\">Akvarell av Per Friberg \u00f6ver egen tr\u00e4dg\u00e5rd i Bj\u00e4rred, Sk\u00e5ne.<\/p><\/div>\n<p>B\u00f6rja med att rita en enkel skalenlig plan f\u00f6r din tr\u00e4dg\u00e5rd. Enklast \u00e4r att kopiera en ritning \u00f6ver fastigheten, de brukar finnas hos kommunen eller lantm\u00e4teriet om du inte har en sj\u00e4lv, och sedan planera p\u00e5 den.<\/p>\n<p>L\u00e4mplig ritskala f\u00f6r en vanlig villatomt \u00e4r 1:100, vilket inneb\u00e4r att en cm p\u00e5 ritningen motsvarar en meter i verkligheten. F\u00f6r sm\u00e5 tr\u00e4dg\u00e5rdar, upp till ungef\u00e4r 100 kvadratmeter, kan du ocks\u00e5 v\u00e4lja skala 1:50, d\u00e4r 2 cm motsvarar 1 meter. Men se till s\u00e5 du inte tappar helhetsgreppet och f\u00f6rlorar dig i f\u00f6r mycket detaljplanerande.<\/p>\n<div id=\"attachment_2470\" style=\"width: 330px\" class=\"wp-caption alignright\"><a href=\"http:\/\/rosenholm.se\/wp-content\/uploads\/2014\/03\/DSC09920.jpg\"><img loading=\"lazy\" decoding=\"async\" aria-describedby=\"caption-attachment-2470\" class=\"size-medium wp-image-2470\" alt=\"Skiss med f\u00e4rgkritor av Per Friberg. Det g\u00e5r fort att prova olika alternativ.\" src=\"http:\/\/rosenholm.se\/wp-content\/uploads\/2014\/03\/DSC09920-320x615.jpg\" width=\"320\" height=\"615\" srcset=\"https:\/\/rosenholm.se\/wp-content\/uploads\/2014\/03\/DSC09920-320x615.jpg 320w, https:\/\/rosenholm.se\/wp-content\/uploads\/2014\/03\/DSC09920-130x250.jpg 130w, https:\/\/rosenholm.se\/wp-content\/uploads\/2014\/03\/DSC09920-350x672.jpg 350w, https:\/\/rosenholm.se\/wp-content\/uploads\/2014\/03\/DSC09920.jpg 541w, https:\/\/rosenholm.se\/wp-content\/uploads\/2014\/03\/DSC09920-130x250@2x.jpg 260w\" sizes=\"auto, (max-width: 320px) 100vw, 320px\" \/><\/a><p id=\"caption-attachment-2470\" class=\"wp-caption-text\">Skiss med f\u00e4rgkritor av Per Friberg. Det g\u00e5r fort att prova olika alternativ.<\/p><\/div>\n<p><span style=\"line-height: 1.5em;\">N\u00e4r du har en skalenlig ritning \u00f6ver tomt och hus, d\u00e4r befintliga objekt \u2013 till exempel tr\u00e4d, planteringar, g\u00e5ngar och staket \u2013 som ska vara kvar finns med kan du testa olika id\u00e9er f\u00f6r utformningen. B\u00f6rja med att klippa ut skalenliga papperslappar som representerar de olika funktioner du vill f\u00e5 plats med. Prova dig fram med olika l\u00e4mpliga placeringar p\u00e5 ritningen. Det kan vara en lapp f\u00f6r sandl\u00e5dan, en f\u00f6r komposten, en f\u00f6r tr\u00e4dg\u00e5rds landet och tre stycken f\u00f6r olika sittplatser.<\/span><\/p>\n<p><span style=\"line-height: 1.5em;\">N\u00e4r du har klart f\u00f6r dig ungef\u00e4r var de\u00a0olika funktionerna ska placeras \u00e4r det dags att skissa olika f\u00f6rslag p\u00e5 sj\u00e4lva planl\u00f6sningen. Ta kopior\u00a0p\u00e5 ritningen s\u00e5 att du kan skissa utan att rita om fr\u00e5n grunden. Anpassa uteplatserna\u00a0efter husets form och proportioner och relatera tr\u00e4dg\u00e5rdens\u00a0g\u00e5ngar till husets d\u00f6rrar. Prova flera olika\u00a0m\u00f6jliga l\u00f6sningar innan du best\u00e4mmer dig.<\/span><\/p>\n<h5>Per Friberg<\/h5>\n<p>Hus- och tr\u00e4dg\u00e5rdsarkitekten Per Friberg skissar mycket f\u00f6r att pr\u00f6va olika id\u00e9er n\u00e4r han utformar tr\u00e4dg\u00e5rdar. Tekniken varierar beroende p\u00e5 behovet. Akvarellen till h\u00f6ger \u00e4r en av de m\u00e5nga skisser han gjort \u00f6ver sin egen tr\u00e4dg\u00e5rd i Bj\u00e4rred i Sk\u00e5ne.<\/p>\n<p>Skissa mycket l\u00e4r han ut. N\u00e4r han sj\u00e4lv g\u00f6r det anv\u00e4nder han ibland f\u00e4rgkritor i en l\u00e4tt naivistisk stil. Det g\u00e5r ganska fort och han kan prova olika alternativ. F\u00e4rgerna visar tydligt olika v\u00e4xter och markbel\u00e4ggningar. Formerna framtr\u00e4der och skissen \u00e4r l\u00e4tt att f\u00f6rst\u00e5. Om man vill kan man g\u00f6ra en mer detaljerad plan n\u00e4r man best\u00e4mt sig f\u00f6r hur det ska se ut. Annars klarar man sig l\u00e5ngt med en snabbskiss och det tankearbete den har framtvingat. F\u00f6r visst kan man skissa utan att beh\u00f6va vara varken arkitekt eller sl\u00e4kt med Rembrandt.<\/p>\n<h5>Rita i dator<\/h5>\n<div id=\"attachment_2469\" style=\"width: 360px\" class=\"wp-caption alignright\"><img loading=\"lazy\" decoding=\"async\" aria-describedby=\"caption-attachment-2469\" class=\"size-large wp-image-2469\" alt=\"Ett alternativ till penna och papper.\" src=\"http:\/\/rosenholm.se\/wp-content\/uploads\/2014\/03\/3D-plan-350x250.jpg\" width=\"350\" height=\"250\" srcset=\"https:\/\/rosenholm.se\/wp-content\/uploads\/2014\/03\/3D-plan-350x250.jpg 350w, https:\/\/rosenholm.se\/wp-content\/uploads\/2014\/03\/3D-plan-250x178.jpg 250w, https:\/\/rosenholm.se\/wp-content\/uploads\/2014\/03\/3D-plan-320x228.jpg 320w, https:\/\/rosenholm.se\/wp-content\/uploads\/2014\/03\/3D-plan.jpg 1040w, https:\/\/rosenholm.se\/wp-content\/uploads\/2014\/03\/3D-plan-350x250@2x.jpg 700w, https:\/\/rosenholm.se\/wp-content\/uploads\/2014\/03\/3D-plan-250x178@2x.jpg 500w, https:\/\/rosenholm.se\/wp-content\/uploads\/2014\/03\/3D-plan-320x228@2x.jpg 640w\" sizes=\"auto, (max-width: 350px) 100vw, 350px\" \/><p id=\"caption-attachment-2469\" class=\"wp-caption-text\">Ett alternativ till penna och papper.<\/p><\/div>\n<p>Det g\u00e5r naturligtvis ocks\u00e5 utm\u00e4rkt att rita sin tr\u00e4dg\u00e5rd i datorn. Man kan anv\u00e4nda ett vanligt ritprogram eller k\u00f6pa ett speciellt program f\u00f6r tr\u00e4dg\u00e5rdsdesign. Med det senare kan man rita upp markytor, f\u00e5 hj\u00e4lp att v\u00e4lja v\u00e4xter, l\u00e4gga in hus och planteringar, g\u00f6ra v\u00e4xtlistor och kanske f\u00f6lja tillv\u00e4xtkurvor och studera resultatet tredimensionellt.<\/p>\n<p><span style=\"line-height: 1.5em;\">\u00c4ven n\u00e4r man arbetar i dator\u00a0ska man i b\u00f6rjan av planeringen skaffa sig en \u00f6versikt och\u00a0inte fastna i detaljer. Sedan kan man arbeta med detaljplanering bit f\u00f6r bit.<\/span><\/p>\n<h5>Planera i sn\u00f6n<\/h5>\n<p>Du kan ta tillf\u00e4llet i akt att testa din planl\u00f6sning i full\u00a0skala n\u00e4r tr\u00e4dg\u00e5rden f\u00e5tt ett fint t\u00e4cke av nysn\u00f6. Genom\u00a0att g\u00e5 eller skotta i det or\u00f6rda sn\u00f6t\u00e4cket kan du markera tillt\u00e4nkta rabatter,\u00a0h\u00e4ckar, uteplatser och tr\u00e4dg\u00e5rdsg\u00e5ngar. N\u00e4r du f\u00e5tt till\u00a0en lyckad komposition i sn\u00f6n ritar du av den eller tar ett\u00a0fotografi . Inte minst f\u00f6r tr\u00e4dg\u00e5rdsg\u00e5ngar \u00e4r\u00a0promenerandet och skottandet i sn\u00f6n mycket anv\u00e4ndbart.\u00a0L\u00e5t den upptrampade sn\u00f6g\u00e5ngen vara kvar ett\u00a0tag och anv\u00e4nd den f\u00f6r att k\u00e4nna efter om dragningen\u00a0\u00e4r bra.<\/p>\n<div id=\"attachment_2468\" style=\"width: 1050px\" class=\"wp-caption alignnone\"><a href=\"http:\/\/rosenholm.se\/wp-content\/uploads\/2014\/03\/DSC01295.jpg\"><img loading=\"lazy\" decoding=\"async\" aria-describedby=\"caption-attachment-2468\" class=\"size-full wp-image-2468\" alt=\"I sn\u00f6n kan man trampa upp g\u00e5ngar och pr\u00f6va olika l\u00f6sningar, resultatet kan studeras och fotograferas fr\u00e5n olika h\u00e5ll och inifr\u00e5n huset. Bild fr\u00e5n v\u00e5r egen tr\u00e4dg\u00e5rd.\" src=\"http:\/\/rosenholm.se\/wp-content\/uploads\/2014\/03\/DSC01295.jpg\" width=\"1040\" height=\"693\" srcset=\"https:\/\/rosenholm.se\/wp-content\/uploads\/2014\/03\/DSC01295.jpg 1040w, https:\/\/rosenholm.se\/wp-content\/uploads\/2014\/03\/DSC01295-250x166.jpg 250w, https:\/\/rosenholm.se\/wp-content\/uploads\/2014\/03\/DSC01295-320x213.jpg 320w, https:\/\/rosenholm.se\/wp-content\/uploads\/2014\/03\/DSC01295-350x233.jpg 350w, https:\/\/rosenholm.se\/wp-content\/uploads\/2014\/03\/DSC01295-250x166@2x.jpg 500w, https:\/\/rosenholm.se\/wp-content\/uploads\/2014\/03\/DSC01295-320x213@2x.jpg 640w, https:\/\/rosenholm.se\/wp-content\/uploads\/2014\/03\/DSC01295-350x233@2x.jpg 700w\" sizes=\"auto, (max-width: 1040px) 100vw, 1040px\" \/><\/a><p id=\"caption-attachment-2468\" class=\"wp-caption-text\">I sn\u00f6n kan man trampa upp g\u00e5ngar och pr\u00f6va olika l\u00f6sningar, resultatet kan studeras och fotograferas fr\u00e5n olika h\u00e5ll och inifr\u00e5n huset. Bild fr\u00e5n v\u00e5r egen tr\u00e4dg\u00e5rd.<\/p><\/div>\n<p>I brist p\u00e5 sn\u00f6 kan man testa planl\u00f6sningar med hj\u00e4lp av vattenslangar och rep som placeras ut i olika former. Bambupinnar \u00e4r utm\u00e4rkta f\u00f6r att markera t\u00e4nkta placeringar av buskar och tr\u00e4d. F\u00f6r att f\u00e5 en mer tredimensionell k\u00e4nsla kan man anv\u00e4nda tomma kartonger eller binda sn\u00f6ren mellan bambupinnarna.<\/p>\n<h5>Undvik plottrighet<\/h5>\n<p><span style=\"line-height: 1.5em;\">G\u00f6ra inte planl\u00f6sningen f\u00f6r plottrig och brokig.\u00a0Precis som inomhus trivs vi b\u00e4ttre om vi\u00a0n\u00e5gots\u00e5n\u00e4r tydligt kan urskilja hur ytan \u00e4r indelad. Bilda\u00a0sammanh\u00e4ngande planteringsytor och undvik att dutta\u00a0ut v\u00e4xter i gr\u00e4smattan. Inomhus skulle\u00a0vi aldrig dr\u00f6mma om att placera enstaka ensamma\u00a0m\u00f6bler eller andra f\u00f6rem\u00e5l mitt p\u00e5 golvet utan sammanhang,\u00a0men \u00e4nd\u00e5 g\u00f6r m\u00e5nga av oss just s\u00e5dana misstag\u00a0i tr\u00e4dg\u00e5rden. Det finns mycket att vinna p\u00e5 att anv\u00e4nda\u00a0sin redan upp\u00f6vade k\u00e4nsla f\u00f6r heminredning n\u00e4r man\u00a0ger sig i kast med att designa en tr\u00e4dg\u00e5rd.<\/span><\/p>\n<h5><a title=\"Proportion och form\" href=\"http:\/\/rosenholm.se\/?page_id=2603\">Proportion och form<\/a><\/h5>\n","protected":false},"excerpt":{"rendered":"<p>B\u00f6rja med strukturen En tr\u00e4dg\u00e5rds grundl\u00e4ggande struktur, skelettet, \u00e4r helt av g\u00f6rande f\u00f6r hur den uppfattas och vad man kan g\u00f6ra med den. Grundstrukturen kan liknas vid planl\u00f6sningen f\u00f6r ett&hellip; <\/p>\n","protected":false},"author":1,"featured_media":0,"parent":56,"menu_order":0,"comment_status":"closed","ping_status":"closed","template":"","meta":{"footnotes":""},"class_list":["post-2487","page","type-page","status-publish","hentry"],"_links":{"self":[{"href":"https:\/\/rosenholm.se\/index.php?rest_route=\/wp\/v2\/pages\/2487","targetHints":{"allow":["GET"]}}],"collection":[{"href":"https:\/\/rosenholm.se\/index.php?rest_route=\/wp\/v2\/pages"}],"about":[{"href":"https:\/\/rosenholm.se\/index.php?rest_route=\/wp\/v2\/types\/page"}],"author":[{"embeddable":true,"href":"https:\/\/rosenholm.se\/index.php?rest_route=\/wp\/v2\/users\/1"}],"replies":[{"embeddable":true,"href":"https:\/\/rosenholm.se\/index.php?rest_route=%2Fwp%2Fv2%2Fcomments&post=2487"}],"version-history":[{"count":37,"href":"https:\/\/rosenholm.se\/index.php?rest_route=\/wp\/v2\/pages\/2487\/revisions"}],"predecessor-version":[{"id":3315,"href":"https:\/\/rosenholm.se\/index.php?rest_route=\/wp\/v2\/pages\/2487\/revisions\/3315"}],"up":[{"embeddable":true,"href":"https:\/\/rosenholm.se\/index.php?rest_route=\/wp\/v2\/pages\/56"}],"wp:attachment":[{"href":"https:\/\/rosenholm.se\/index.php?rest_route=%2Fwp%2Fv2%2Fmedia&parent=2487"}],"curies":[{"name":"wp","href":"https:\/\/api.w.org\/{rel}","templated":true}]}}