{"id":247,"date":"2014-01-22T10:19:58","date_gmt":"2014-01-22T09:19:58","guid":{"rendered":"http:\/\/rosenholm.se\/?page_id=247"},"modified":"2014-05-09T22:55:20","modified_gmt":"2014-05-09T20:55:20","slug":"designa-med-farg","status":"publish","type":"page","link":"https:\/\/rosenholm.se\/?page_id=247","title":{"rendered":"Designa med f\u00e4rg"},"content":{"rendered":"<p>Att ha f\u00e4rgernas samspel i \u00e5tanke vid planering av rabatter, kan g\u00f6ra att hela kompositioner f\u00e5r ett extra lyft. I r\u00e4tt s\u00e4llskap kan en v\u00e4xts sk\u00f6nhet f\u00f6rst\u00e4rkas, medan en ol\u00e4mplig v\u00e4xt som granne kan f\u00f6rd\u00e4rva intrycket. Hur g\u00f6r man d\u00e5 f\u00f6r att f\u00e5 till det? Som alltid med tr\u00e4dg\u00e5rd finns det inte ett s\u00e4tt att g\u00f6ra p\u00e5, utan som tur \u00e4r v\u00e4ldigt m\u00e5nga. Dock finns det n\u00e5gra enkla knep som man kan f\u00f6lja om man vill \u00f6ka chansen att f\u00e5 till en kombination som har det d\u00e4r lilla extra.<\/p>\n<h5>Skapa st\u00f6rre f\u00e4lt med en och samma f\u00e4rg<\/h5>\n<p>Flera plantor av en och samma v\u00e4xt ser mer imponerande och storslaget ut. Det ger ett st\u00f6rre sammanh\u00e4ngande f\u00e4lt av en f\u00e4rg och bidrar d\u00e4rmed till lugn och harmoni. De olika v\u00e4xtf\u00e4ltens form och storlek kan varieras efter tycke och smak. Se dock till att de blir olika sinsemellan. F\u00f6r de flesta tr\u00e4dg\u00e5rdsentusiaster, inklusive mig sj\u00e4lv, blir f\u00e4lten l\u00e4tt f\u00f6r sm\u00e5 eftersom man vill f\u00e5 plats med s\u00e5 m\u00e5nga olika v\u00e4xter som m\u00f6jligt. Ett bra riktm\u00e4rke kan vara att f\u00f6rs\u00f6ka h\u00e5lla f\u00e4lten n\u00e5gonstans mellan en kvarts och tv\u00e5 kvadratmeter i yta.<\/p>\n<div id=\"attachment_248\" style=\"width: 760px\" class=\"wp-caption alignnone\"><a href=\"http:\/\/rosenholm.se\/wp-content\/uploads\/2014\/01\/rosamotblalila.jpg\"><img loading=\"lazy\" decoding=\"async\" aria-describedby=\"caption-attachment-248\" class=\"size-full wp-image-248\" alt=\"Ett sammanh\u00e4ngande f\u00e4lt med bl\u00e5 salvia i en klassiskt romanistisk kombination med rosa rosor\" src=\"http:\/\/rosenholm.se\/wp-content\/uploads\/2014\/01\/rosamotblalila.jpg\" width=\"750\" height=\"563\" srcset=\"https:\/\/rosenholm.se\/wp-content\/uploads\/2014\/01\/rosamotblalila.jpg 750w, https:\/\/rosenholm.se\/wp-content\/uploads\/2014\/01\/rosamotblalila-150x112.jpg 150w, https:\/\/rosenholm.se\/wp-content\/uploads\/2014\/01\/rosamotblalila-320x240.jpg 320w, https:\/\/rosenholm.se\/wp-content\/uploads\/2014\/01\/rosamotblalila-512x384.jpg 512w\" sizes=\"auto, (max-width: 750px) 100vw, 750px\" \/><\/a><p id=\"caption-attachment-248\" class=\"wp-caption-text\">Ett sammanh\u00e4ngande f\u00e4lt med bl\u00e5 salvia i en klassiskt romanistisk kombination med rosa rosor<\/p><\/div>\n<p>Att en grupp av ljusa v\u00e4xter uppfattas som st\u00f6rre \u00e4n en lika stor grupp med m\u00f6rkare v\u00e4xter kan ocks\u00e5 vara bra att ha i \u00e5tanke vid planeringen av rabattkompositioner. Om ditt m\u00e5l \u00e4r att de m\u00f6rka v\u00e4xterna skall dominera med endast sm\u00e5 inslag av ljusa blommor, beh\u00f6ver du plantera de m\u00f6rka v\u00e4xterna i betydligt st\u00f6rre grupper \u00e4n de ljusa f\u00f6r att uppn\u00e5 den \u00f6nskade effekten.<\/p>\n<h5>Harmonierande f\u00e4rger ger lugn<\/h5>\n<p>Som med allt annat i tr\u00e4dg\u00e5rden, kan f\u00e4rgharmonier \u00e5stadkommas p\u00e5 m\u00e5nga olika s\u00e4tt. Ett \u00e4r att v\u00e4lja en huvudf\u00e4rg och sedan kombinera den med n\u00e5gra n\u00e4rliggande f\u00e4rger. Till exempel kan scharlakansr\u00f6tt samplanteras med olika nyanser av orange och brunt. Olika toner av rosa tillsammans med vitt skapar en romantisk harmoni.<\/p>\n<div id=\"attachment_249\" style=\"width: 860px\" class=\"wp-caption alignnone\"><a href=\"http:\/\/rosenholm.se\/wp-content\/uploads\/2014\/01\/Borstnejlikor.jpg\"><img loading=\"lazy\" decoding=\"async\" aria-describedby=\"caption-attachment-249\" class=\"size-full wp-image-249\" alt=\"Romantisk harmoni skapas n\u00e4r den sk\u00e4ra portlandrosen Madame Boll s\u00e4llskapar med borstnejlikor, Dianthus barbatus, i olika nyanser av rosa och vitt. I den v\u00e4nstra kanten syns lamm\u00f6ron 'Big Ears'.\" src=\"http:\/\/rosenholm.se\/wp-content\/uploads\/2014\/01\/Borstnejlikor.jpg\" width=\"850\" height=\"509\" srcset=\"https:\/\/rosenholm.se\/wp-content\/uploads\/2014\/01\/Borstnejlikor.jpg 850w, https:\/\/rosenholm.se\/wp-content\/uploads\/2014\/01\/Borstnejlikor-150x89.jpg 150w, https:\/\/rosenholm.se\/wp-content\/uploads\/2014\/01\/Borstnejlikor-320x191.jpg 320w, https:\/\/rosenholm.se\/wp-content\/uploads\/2014\/01\/Borstnejlikor-512x306.jpg 512w\" sizes=\"auto, (max-width: 850px) 100vw, 850px\" \/><\/a><p id=\"caption-attachment-249\" class=\"wp-caption-text\">Romantisk harmoni skapas n\u00e4r den sk\u00e4ra portlandrosen Madame Boll s\u00e4llskapar med borstnejlikor, Dianthus barbatus, i olika nyanser av rosa och vitt. I den v\u00e4nstra kanten syns lamm\u00f6ron &#8217;Big Ears&#8217;.<\/p><\/div>\n<p>Att v\u00e4lja ut tv\u00e5 f\u00e4rger som ligger en bit ifr\u00e5n varandra p\u00e5 f\u00e4rgskalan och sedan binda ihop dem med en mellanliggande f\u00e4rg \u00e4r en metod att skapa harmoni, som ofta kan ses i engelska rosentr\u00e4dg\u00e5rdar d\u00e4r ljust sk\u00e4ra rosor genom gr\u00e5tt bladverk sammanbinds med bl\u00e5 nepeta och lavendel. Gr\u00e5tt, gr\u00f6nt och silver \u00e4r f\u00e4rger som med f\u00f6rdel kan anv\u00e4ndas f\u00f6r att binda ihop och lugna ner en f\u00e4rgkomposition. Ett annat designknep \u00e4r att ha en eller h\u00f6gst tv\u00e5 f\u00e4rger som dominerar genom sin f\u00e4rgintensitet, men inte i yta, och sedan komplettera det hela med matchande mildare f\u00e4rger.<\/p>\n<div id=\"attachment_250\" style=\"width: 860px\" class=\"wp-caption alignnone\"><a href=\"http:\/\/rosenholm.se\/wp-content\/uploads\/2014\/01\/blattigratt.jpg\"><img loading=\"lazy\" decoding=\"async\" aria-describedby=\"caption-attachment-250\" class=\"size-full wp-image-250\" alt=\"Salvians svala bl\u00e5lila f\u00e4rg st\u00e5r vackert mot mal\u00f6rtens gr\u00e5silvriga blad. Gr\u00e5tt, silver och gr\u00f6nt kan med f\u00f6rdel anv\u00e4ndas f\u00f6r att binda ihop och lugna ner en f\u00e4rgkomposition.\" src=\"http:\/\/rosenholm.se\/wp-content\/uploads\/2014\/01\/blattigratt.jpg\" width=\"850\" height=\"611\" srcset=\"https:\/\/rosenholm.se\/wp-content\/uploads\/2014\/01\/blattigratt.jpg 850w, https:\/\/rosenholm.se\/wp-content\/uploads\/2014\/01\/blattigratt-150x107.jpg 150w, https:\/\/rosenholm.se\/wp-content\/uploads\/2014\/01\/blattigratt-320x230.jpg 320w, https:\/\/rosenholm.se\/wp-content\/uploads\/2014\/01\/blattigratt-512x368.jpg 512w\" sizes=\"auto, (max-width: 850px) 100vw, 850px\" \/><\/a><p id=\"caption-attachment-250\" class=\"wp-caption-text\">Salvians svala bl\u00e5lila f\u00e4rg st\u00e5r vackert mot mal\u00f6rtens gr\u00e5silvriga blad. Gr\u00e5tt, silver och gr\u00f6nt kan med f\u00f6rdel anv\u00e4ndas f\u00f6r att binda ihop och lugna ner en f\u00e4rgkomposition.<\/p><\/div>\n<h5>Glidande f\u00e4rgskala<\/h5>\n<p>Med lite eftertanke g\u00e5r det att komponera harmoniska rabatter med m\u00e5nga f\u00e4rger fr\u00e5n olika delar av f\u00e4rgspektrat. Knepet \u00e4r att, liksom den ber\u00f6mda tr\u00e4dg\u00e5rdsarkitekten Gertrude Jekyll (1843-1932) gjorde, l\u00e5ta f\u00e4rgskalan p\u00e5 ett f\u00f6rsiktigt och smidigt s\u00e4tt glida fr\u00e5n ena \u00e4nden av rabatten till den andra. I sin 60 meter l\u00e5nga rabatt l\u00e4t hon f\u00e4rgerna mjukt glida fr\u00e5n kalla bl\u00e5a och m\u00f6rklila toner i rabattens \u00e4ndar till varma starka f\u00e4rger i rabattens mitt. En komposition som ytterligare f\u00f6rst\u00e4rkte lyskraften hos de kraftigare varma f\u00e4rgerna i mitten.<\/p>\n<div id=\"attachment_251\" style=\"width: 760px\" class=\"wp-caption alignnone\"><a href=\"http:\/\/rosenholm.se\/wp-content\/uploads\/2014\/01\/Glidandefargskala.jpg\"><img loading=\"lazy\" decoding=\"async\" aria-describedby=\"caption-attachment-251\" class=\"size-full wp-image-251\" alt=\"I rabattf\u00f6rslaget har kraftiga varma gula och r\u00f6da toner glidit \u00f6ver i rosa, lila och vitt f\u00f6r att sedan \u00f6verg\u00e5 i bl\u00e5 nyanser. Sammanbindingsf\u00e4rgerna gr\u00f6nt, gr\u00e5tt och silver spelar en viktig roll liksom blommor med bleka toner i de anv\u00e4nda f\u00e4rgerna. Du kan ladda ner rabattf\u00f6rslaget h\u00e4r. f\u00f6r att sedan anv\u00e4nda i Rosenholm tr\u00e4dg\u00e5rdsdesigner.\" src=\"http:\/\/rosenholm.se\/wp-content\/uploads\/2014\/01\/Glidandefargskala.jpg\" width=\"750\" height=\"404\" srcset=\"https:\/\/rosenholm.se\/wp-content\/uploads\/2014\/01\/Glidandefargskala.jpg 750w, https:\/\/rosenholm.se\/wp-content\/uploads\/2014\/01\/Glidandefargskala-150x80.jpg 150w, https:\/\/rosenholm.se\/wp-content\/uploads\/2014\/01\/Glidandefargskala-320x172.jpg 320w, https:\/\/rosenholm.se\/wp-content\/uploads\/2014\/01\/Glidandefargskala-512x275.jpg 512w\" sizes=\"auto, (max-width: 750px) 100vw, 750px\" \/><\/a><p id=\"caption-attachment-251\" class=\"wp-caption-text\">I rabattf\u00f6rslaget har kraftiga varma gula och r\u00f6da toner glidit \u00f6ver i rosa, lila och vitt f\u00f6r att sedan \u00f6verg\u00e5 i bl\u00e5 nyanser. Sammanbindingsf\u00e4rgerna gr\u00f6nt, gr\u00e5tt och silver spelar en viktig roll liksom blommor med bleka toner i de anv\u00e4nda f\u00e4rgerna.<\/p><\/div>\n<p>Det finns s\u00e4llan plats f\u00f6r att g\u00f6ra en fullst\u00e4ndig kombination av det h\u00e4r slaget i en vanlig villatr\u00e4dg\u00e5rd, men n\u00e5gon mindre variant av rabatt med glidande f\u00e4rgskala kan vara nog s\u00e5 effektfull. I rabattf\u00f6rslaget h\u00e4r intill har vi l\u00e5tit kraftiga varma gula och r\u00f6da toner glida \u00f6ver i rosa, lila och vitt f\u00f6r att d\u00e4rifr\u00e5n forts\u00e4tta \u00f6ver till bl\u00e5 nyanser. I en s\u00e5dan h\u00e4r glidande f\u00e4rgskala spelar sammanbindingsf\u00e4rgerna gr\u00f6nt, gr\u00e5tt och silver en viktig roll liksom \u00e4ven blommor med bleka toner av de inblandade f\u00e4rgerna.<\/p>\n<h5>Kontrasterande f\u00e4rger skapar sp\u00e4nning<\/h5>\n<p>Sp\u00e4nning ska komma i lagom portioner tycker de flesta och det g\u00e4ller \u00e4ven f\u00e4rgkontraster i tr\u00e4dg\u00e5rden. Blir de f\u00f6r m\u00e5nga slutar de att vara effektiva och blir de f\u00f6r f\u00e5 uppfattas tr\u00e4dg\u00e5rden g\u00e4rna som tr\u00e5kig.<\/p>\n<p>F\u00e4rgkontraster kan vara allt fr\u00e5n sm\u00e5 och milda till starka och kraftfulla. De skarpare kontrasterna skapar uppm\u00e4rksamhet och fokus som f\u00e5r \u00f6gat att stanna upp, medan de mjukare kontrasterna till\u00e5ter blicken att glida vidare. En rabatt som skall uppfattas som vacker och v\u00e4lkomponerad f\u00e5r inte ha f\u00f6r m\u00e5nga enskilda effekter som drar blicken till sig. D\u00e4rf\u00f6r skall starka kontraster anv\u00e4ndas betydligt sparsammare \u00e4n de milda.<\/p>\n<p>&nbsp;<\/p>\n<p>&nbsp;<\/p>\n<p>&nbsp;<\/p>\n<p>&nbsp;<\/p>\n<p>&nbsp;<\/p>\n<p>&nbsp;<\/p>\n<p>&nbsp;<\/p>\n","protected":false},"excerpt":{"rendered":"<p>Att ha f\u00e4rgernas samspel i \u00e5tanke vid planering av rabatter, kan g\u00f6ra att hela kompositioner f\u00e5r ett extra lyft. I r\u00e4tt s\u00e4llskap kan en v\u00e4xts sk\u00f6nhet f\u00f6rst\u00e4rkas, medan en ol\u00e4mplig&hellip; <\/p>\n","protected":false},"author":1,"featured_media":0,"parent":0,"menu_order":0,"comment_status":"closed","ping_status":"closed","template":"","meta":{"footnotes":""},"class_list":["post-247","page","type-page","status-publish","hentry"],"_links":{"self":[{"href":"https:\/\/rosenholm.se\/index.php?rest_route=\/wp\/v2\/pages\/247","targetHints":{"allow":["GET"]}}],"collection":[{"href":"https:\/\/rosenholm.se\/index.php?rest_route=\/wp\/v2\/pages"}],"about":[{"href":"https:\/\/rosenholm.se\/index.php?rest_route=\/wp\/v2\/types\/page"}],"author":[{"embeddable":true,"href":"https:\/\/rosenholm.se\/index.php?rest_route=\/wp\/v2\/users\/1"}],"replies":[{"embeddable":true,"href":"https:\/\/rosenholm.se\/index.php?rest_route=%2Fwp%2Fv2%2Fcomments&post=247"}],"version-history":[{"count":7,"href":"https:\/\/rosenholm.se\/index.php?rest_route=\/wp\/v2\/pages\/247\/revisions"}],"predecessor-version":[{"id":4250,"href":"https:\/\/rosenholm.se\/index.php?rest_route=\/wp\/v2\/pages\/247\/revisions\/4250"}],"wp:attachment":[{"href":"https:\/\/rosenholm.se\/index.php?rest_route=%2Fwp%2Fv2%2Fmedia&parent=247"}],"curies":[{"name":"wp","href":"https:\/\/api.w.org\/{rel}","templated":true}]}}