{"id":2304,"date":"2014-03-02T23:51:09","date_gmt":"2014-03-02T22:51:09","guid":{"rendered":"http:\/\/rosenholm.se\/?page_id=2304"},"modified":"2014-06-01T00:21:24","modified_gmt":"2014-05-31T22:21:24","slug":"grona-rum","status":"publish","type":"page","link":"https:\/\/rosenholm.se\/?page_id=2304","title":{"rendered":"Gr\u00f6na rum"},"content":{"rendered":"<div id=\"attachment_2305\" style=\"width: 1050px\" class=\"wp-caption alignnone\"><a href=\"http:\/\/rosenholm.se\/wp-content\/uploads\/2014\/03\/D2X_5075.jpg\"><img loading=\"lazy\" decoding=\"async\" aria-describedby=\"caption-attachment-2305\" class=\"size-full wp-image-2305\" src=\"http:\/\/rosenholm.se\/wp-content\/uploads\/2014\/03\/D2X_5075.jpg\" alt=\"Mitt inne i stadsbebyggelsen ligger den lilla Frideg\u00e5rdsparken, men det m\u00e4rker man inte n\u00e4r man sitter p\u00e5 n\u00e5gon av b\u00e4nkarna och tittar in \u00f6ver vattenarrangemanget i centrum. Hela parken \u00e4r omsluten av en blandning av h\u00e4ckar, buskar, stora tr\u00e4d och en b\u00f6jd v\u00e4xtinkl\u00e4dd pergolag\u00e5ng, anpassad till omgivningen. De ganska breda g\u00e5ngar som man g\u00e5r in i parken p\u00e5 \u00e4r svagt kr\u00f6kta f\u00f6r att bibeh\u00e5lla k\u00e4nslan av att vara i ett eget rum.\" width=\"1040\" height=\"693\" srcset=\"https:\/\/rosenholm.se\/wp-content\/uploads\/2014\/03\/D2X_5075.jpg 1040w, https:\/\/rosenholm.se\/wp-content\/uploads\/2014\/03\/D2X_5075-250x166.jpg 250w, https:\/\/rosenholm.se\/wp-content\/uploads\/2014\/03\/D2X_5075-320x213.jpg 320w, https:\/\/rosenholm.se\/wp-content\/uploads\/2014\/03\/D2X_5075-350x233.jpg 350w, https:\/\/rosenholm.se\/wp-content\/uploads\/2014\/03\/D2X_5075-250x166@2x.jpg 500w, https:\/\/rosenholm.se\/wp-content\/uploads\/2014\/03\/D2X_5075-320x213@2x.jpg 640w, https:\/\/rosenholm.se\/wp-content\/uploads\/2014\/03\/D2X_5075-350x233@2x.jpg 700w\" sizes=\"auto, (max-width: 1040px) 100vw, 1040px\" \/><\/a><p id=\"caption-attachment-2305\" class=\"wp-caption-text\">Mitt inne i stadsbebyggelsen ligger den lilla Frideg\u00e5rdsparken, men det m\u00e4rker man inte n\u00e4r man sitter p\u00e5 n\u00e5gon av b\u00e4nkarna och tittar in \u00f6ver vattenarrangemanget i centrum. Hela parken \u00e4r omsluten av en blandning av h\u00e4ckar, buskar, stora tr\u00e4d och en b\u00f6jd v\u00e4xtinkl\u00e4dd pergolag\u00e5ng, anpassad till omgivningen. De ganska breda g\u00e5ngar som man g\u00e5r in i parken p\u00e5 \u00e4r svagt kr\u00f6kta f\u00f6r att bibeh\u00e5lla k\u00e4nslan av att vara i ett eget rum.<\/p><\/div>\n<p>S\u00e5v\u00e4l parker som tr\u00e4dg\u00e5rdar beh\u00f6ver en \u00f6vergripande arkitektur, en gr\u00f6n stomme av tr\u00e4d, buskar och h\u00e4ckar, som skapar rum och bildar bakgrund till prydnadsv\u00e4xterna, sittplatserna och allt annat som man kan t\u00e4nkas vilja ha. Stommen \u00e4r som ett skelett, som planl\u00f6sningen i ett hus. Den b\u00e4r upp allt det andra och h\u00e5ller ihop de olika delarna. Om den finns d\u00e4r k\u00e4nns det harmoniskt och behagligt utan att vi f\u00f6r den skull t\u00e4nker p\u00e5 att det \u00e4r just stommen som till stor del bidrar till den k\u00e4nslan. Utan stomme g\u00e5r rumsligheten f\u00f6rlorad och det k\u00e4nns varken lika trivsamt eller vackert \u00e4ven om man odlar samma perenner i rabatterna.<\/p>\n<div id=\"attachment_2307\" style=\"width: 1050px\" class=\"wp-caption alignnone\"><a href=\"http:\/\/rosenholm.se\/wp-content\/uploads\/2014\/03\/D2X_5422.jpg\"><img loading=\"lazy\" decoding=\"async\" aria-describedby=\"caption-attachment-2307\" class=\"size-full wp-image-2307\" src=\"http:\/\/rosenholm.se\/wp-content\/uploads\/2014\/03\/D2X_5422.jpg\" alt=\"Att som v\u00e4gg omge sin tr\u00e4dg\u00e5rd med en h\u00e4ck \u00e4r ofta det mest attraktiva alternativet. En idegransh\u00e4ck \u00e4r gr\u00f6n \u00e5ret om och \u00e4r l\u00e4tt att h\u00e5lla vacker \u00e4ven n\u00e4r den skuggas. I h\u00e4cken kan krontr\u00e4d sticka upp och skapa tak, i bilden syns stammen av ett korst\u00f6rne, Gleditsia triacanthos 'Skyline'. Den har en \u00f6ppen krona och \u00e4r ett medvetet val f\u00f6r att inte f\u00e5 f\u00f6r djup skugga inne i parken. Buskar strax innanf\u00f6r h\u00e4cken bildar ett extra skyddande lager mot omgivningen. H\u00e4r i Frideg\u00e5rdsparken bidrar det starkt till att man i k\u00e4nner sig omsluten, som i en annan v\u00e4rld.\" width=\"1040\" height=\"585\" srcset=\"https:\/\/rosenholm.se\/wp-content\/uploads\/2014\/03\/D2X_5422.jpg 1040w, https:\/\/rosenholm.se\/wp-content\/uploads\/2014\/03\/D2X_5422-250x140.jpg 250w, https:\/\/rosenholm.se\/wp-content\/uploads\/2014\/03\/D2X_5422-320x180.jpg 320w, https:\/\/rosenholm.se\/wp-content\/uploads\/2014\/03\/D2X_5422-350x196.jpg 350w, https:\/\/rosenholm.se\/wp-content\/uploads\/2014\/03\/D2X_5422-250x140@2x.jpg 500w, https:\/\/rosenholm.se\/wp-content\/uploads\/2014\/03\/D2X_5422-320x180@2x.jpg 640w, https:\/\/rosenholm.se\/wp-content\/uploads\/2014\/03\/D2X_5422-350x196@2x.jpg 700w\" sizes=\"auto, (max-width: 1040px) 100vw, 1040px\" \/><\/a><p id=\"caption-attachment-2307\" class=\"wp-caption-text\">Att som v\u00e4gg omge sin tr\u00e4dg\u00e5rd med en h\u00e4ck \u00e4r ofta det mest attraktiva alternativet. En idegransh\u00e4ck \u00e4r gr\u00f6n \u00e5ret om och \u00e4r l\u00e4tt att h\u00e5lla vacker \u00e4ven n\u00e4r den skuggas. I h\u00e4cken kan krontr\u00e4d sticka upp och skapa tak, i bilden syns stammen av ett korst\u00f6rne, Gleditsia triacanthos &#8217;Skyline&#8217;. Den har en \u00f6ppen krona och \u00e4r ett medvetet val f\u00f6r att inte f\u00e5 f\u00f6r djup skugga inne i parken. Buskar strax innanf\u00f6r h\u00e4cken bildar ett extra skyddande lager mot omgivningen. H\u00e4r i Frideg\u00e5rdsparken bidrar det starkt till att man i k\u00e4nner sig omsluten, som i en annan v\u00e4rld.<\/p><\/div>\n<div id=\"attachment_2308\" style=\"width: 360px\" class=\"wp-caption alignright\"><a href=\"http:\/\/rosenholm.se\/wp-content\/uploads\/2014\/03\/D2X_6530.jpg\"><img loading=\"lazy\" decoding=\"async\" aria-describedby=\"caption-attachment-2308\" class=\"size-large wp-image-2308\" src=\"http:\/\/rosenholm.se\/wp-content\/uploads\/2014\/03\/D2X_6530-350x437.jpg\" alt=\"N\u00e4r slutet av g\u00e5ngen enbart sk\u00f6njs genom en smal b\u00f6ljande passage skapas sp\u00e4nning. I slutet av stigen ligger den \u00f6ppna delen av Blombergs park. Kurviga, smala g\u00e5ngar inb\u00e4ddade i gr\u00f6nska \u00e4r minst lika anv\u00e4ndbara hemma.\" width=\"350\" height=\"437\" srcset=\"https:\/\/rosenholm.se\/wp-content\/uploads\/2014\/03\/D2X_6530-350x437.jpg 350w, https:\/\/rosenholm.se\/wp-content\/uploads\/2014\/03\/D2X_6530-200x250.jpg 200w, https:\/\/rosenholm.se\/wp-content\/uploads\/2014\/03\/D2X_6530-320x400.jpg 320w, https:\/\/rosenholm.se\/wp-content\/uploads\/2014\/03\/D2X_6530.jpg 832w, https:\/\/rosenholm.se\/wp-content\/uploads\/2014\/03\/D2X_6530-350x437@2x.jpg 700w, https:\/\/rosenholm.se\/wp-content\/uploads\/2014\/03\/D2X_6530-200x250@2x.jpg 400w, https:\/\/rosenholm.se\/wp-content\/uploads\/2014\/03\/D2X_6530-320x400@2x.jpg 640w\" sizes=\"auto, (max-width: 350px) 100vw, 350px\" \/><\/a><p id=\"caption-attachment-2308\" class=\"wp-caption-text\">N\u00e4r slutet av g\u00e5ngen enbart sk\u00f6njs genom en smal b\u00f6ljande passage skapas sp\u00e4nning. I slutet av stigen ligger den \u00f6ppna delen av Blombergs park. Kurviga, smala g\u00e5ngar inb\u00e4ddade i gr\u00f6nska \u00e4r minst lika anv\u00e4ndbara hemma.<\/p><\/div>\n<p>Varje park i Enk\u00f6ping \u00e4r som ett eget rum, mer eller mindre \u00e5tskild fr\u00e5n stadens larm och buller. Ofta finns det ocks\u00e5 flera mindre rum inom varje park. Rum som anv\u00e4nds f\u00f6r olika \u00e4ndam\u00e5l. I Klosterparken kan man till exempel hitta ett stort \u00f6ppet gr\u00e4smatterum f\u00f6r lek, spel, picknick och gympapass och alldeles intill, skyddad bakom en h\u00f6g idegransh\u00e4ck, den lilla stilla Blomsterg\u00e5rden d\u00e4r man kan sl\u00e5 sig ner p\u00e5 en avskild b\u00e4nk f\u00f6r att i lugn och ro njuta av v\u00e4xtligheten och fundera \u00f6ver livet.<\/p>\n<p>Att skapa rum av olika karakt\u00e4r utifr\u00e5n vad de ska anv\u00e4ndas till \u00e4r tankeg\u00e5ngar som \u00e4r v\u00e4l v\u00e4rda att ta efter ocks\u00e5 f\u00f6r vanliga villatr\u00e4dg\u00e5rdar.<\/p>\n<div id=\"attachment_2311\" style=\"width: 1050px\" class=\"wp-caption alignnone\"><a href=\"http:\/\/rosenholm.se\/wp-content\/uploads\/2014\/03\/D2X_7685.jpg\"><img loading=\"lazy\" decoding=\"async\" aria-describedby=\"caption-attachment-2311\" class=\"size-full wp-image-2311\" src=\"http:\/\/rosenholm.se\/wp-content\/uploads\/2014\/03\/D2X_7685.jpg\" alt=\"V\u00e4ggar runt tr\u00e4dg\u00e5rden kan man skapa av lite av varje. I Blombergs park sluts det \u00f6ppna omr\u00e5det in av en palissad av tr\u00e4. Vid dess fot har gr\u00f6na, storbladiga och skuggf\u00f6redragande v\u00e4xter planterats, som daggfunkia, Hosta sieboldiana 'Elegans' och bronsrodgersia, Rodgersia podophylla. Flera tr\u00e4d vid palissaden fungerar som tak, i bilden dominerar kaukasisk vingn\u00f6t, Pterocarya fraxinifolia med sitt vackra takbildande grenverk.\" width=\"1040\" height=\"585\" srcset=\"https:\/\/rosenholm.se\/wp-content\/uploads\/2014\/03\/D2X_7685.jpg 1040w, https:\/\/rosenholm.se\/wp-content\/uploads\/2014\/03\/D2X_7685-250x140.jpg 250w, https:\/\/rosenholm.se\/wp-content\/uploads\/2014\/03\/D2X_7685-320x180.jpg 320w, https:\/\/rosenholm.se\/wp-content\/uploads\/2014\/03\/D2X_7685-350x196.jpg 350w, https:\/\/rosenholm.se\/wp-content\/uploads\/2014\/03\/D2X_7685-250x140@2x.jpg 500w, https:\/\/rosenholm.se\/wp-content\/uploads\/2014\/03\/D2X_7685-320x180@2x.jpg 640w, https:\/\/rosenholm.se\/wp-content\/uploads\/2014\/03\/D2X_7685-350x196@2x.jpg 700w\" sizes=\"auto, (max-width: 1040px) 100vw, 1040px\" \/><\/a><p id=\"caption-attachment-2311\" class=\"wp-caption-text\">V\u00e4ggar kan skapas av lite av varje. I Blombergs park sluts det \u00f6ppna omr\u00e5det in av en tr\u00e4palissad. Vid dess fot har gr\u00f6na, storbladiga och skuggf\u00f6redragande v\u00e4xter planterats, som daggfunkia, Hosta sieboldiana &#8217;Elegans&#8217; och bronsrodgersia, Rodgersia podophylla. Tr\u00e4den vid palissaden fungerar som tak, i bilden dominerar den kaukasisk vingn\u00f6tens, Pterocarya fraxinifolia, vackra grenverk.<\/p><\/div>\n<p>En annan starkt bidragande orsak till att parkrummen k\u00e4nns s\u00e5 harmoniska och sj\u00e4lvklara i Enk\u00f6ping \u00e4r att de f\u00f6rutom funktionen ocks\u00e5 har anpassats efter platsen. \u00c4r det st\u00f6rande bilv\u00e4gar p\u00e5 n\u00e5gra sidor s\u00e5 har man sett till att bygga upp ordentliga skyddande gr\u00f6na v\u00e4ggar \u00e5t just det h\u00e5llet. Har man problem med insyn fr\u00e5n h\u00f6ga hus s\u00e5 har man l\u00f6st det genom att plantera tr\u00e4d med h\u00f6g stam och kraftig krona, krontr\u00e4d, som bildar ett tak mot o\u00f6nskad insyn uppifr\u00e5n. Och man g\u00f6r olika \u00e5t olika h\u00e5ll beroende av hur omgivningarna ser ut. Ett talande exempel p\u00e5 det \u00e4r Fisktorget som har f\u00f6rsetts med en klippt h\u00e4ck av bok, olika buskar och krontr\u00e4d i form av k\u00e4rrekar \u00e5t de tv\u00e5 sidor som gr\u00e4nsar till trafikerade v\u00e4gar. \u00c5t andra h\u00e5llet ser omgivningen helt annorlunda ut. D\u00e4r rinner Enk\u00f6pings\u00e5n, med b\u00e5de matst\u00e4llen och strandpromenad p\u00e5 sidorna, som \u00e4r en tillg\u00e5ng att lyfta in i parkrummet. D\u00e4rf\u00f6r har man avst\u00e5tt fr\u00e5n att skapa skyddande v\u00e4ggar och ist\u00e4llet l\u00e5tit Fisktorget \u00f6ppna sig \u00e5t det h\u00e5llet.<\/p>\n<div id=\"attachment_2315\" style=\"width: 1050px\" class=\"wp-caption alignnone\"><a href=\"http:\/\/rosenholm.se\/wp-content\/uploads\/2014\/03\/D2X_3670.jpg\"><img loading=\"lazy\" decoding=\"async\" aria-describedby=\"caption-attachment-2315\" class=\"size-full wp-image-2315\" src=\"http:\/\/rosenholm.se\/wp-content\/uploads\/2014\/03\/D2X_3670.jpg\" alt=\"Under den tidigaste v\u00e5ren, ja under hela \u00e5ret, skapar sm\u00e5 buxbomsh\u00e4ckar karakt\u00e4r i Blomsterg\u00e5rden. \u00c4ven avgr\u00e4nsningar som bara \u00e4r n\u00e5gra decimeter h\u00f6ga har f\u00f6rm\u00e5gan att distinkt skilja olika funktioner, som g\u00e5ngar och rabatter, \u00e5t. Man beh\u00f6ver inte anv\u00e4nda meterh\u00f6ga h\u00e4ckar f\u00f6r att avgr\u00e4nsa tr\u00e4dg\u00e5rdsrum.\" width=\"1040\" height=\"585\" srcset=\"https:\/\/rosenholm.se\/wp-content\/uploads\/2014\/03\/D2X_3670.jpg 1040w, https:\/\/rosenholm.se\/wp-content\/uploads\/2014\/03\/D2X_3670-250x140.jpg 250w, https:\/\/rosenholm.se\/wp-content\/uploads\/2014\/03\/D2X_3670-320x180.jpg 320w, https:\/\/rosenholm.se\/wp-content\/uploads\/2014\/03\/D2X_3670-350x196.jpg 350w, https:\/\/rosenholm.se\/wp-content\/uploads\/2014\/03\/D2X_3670-250x140@2x.jpg 500w, https:\/\/rosenholm.se\/wp-content\/uploads\/2014\/03\/D2X_3670-320x180@2x.jpg 640w, https:\/\/rosenholm.se\/wp-content\/uploads\/2014\/03\/D2X_3670-350x196@2x.jpg 700w\" sizes=\"auto, (max-width: 1040px) 100vw, 1040px\" \/><\/a><p id=\"caption-attachment-2315\" class=\"wp-caption-text\">Under den tidigaste v\u00e5ren, ja under hela \u00e5ret, skapar sm\u00e5 buxbomsh\u00e4ckar karakt\u00e4r i Blomsterg\u00e5rden. \u00c4ven avgr\u00e4nsningar som bara \u00e4r n\u00e5gra decimeter h\u00f6ga har f\u00f6rm\u00e5gan att distinkt skilja olika funktioner, som g\u00e5ngar och rabatter, \u00e5t. Man beh\u00f6ver inte anv\u00e4nda meterh\u00f6ga h\u00e4ckar f\u00f6r att avgr\u00e4nsa tr\u00e4dg\u00e5rdsrum.<\/p><\/div>\n<div id=\"attachment_2316\" style=\"width: 330px\" class=\"wp-caption alignleft\"><a href=\"http:\/\/rosenholm.se\/wp-content\/uploads\/2014\/03\/D2X_3318.jpg\"><img loading=\"lazy\" decoding=\"async\" aria-describedby=\"caption-attachment-2316\" class=\"size-medium wp-image-2316\" src=\"http:\/\/rosenholm.se\/wp-content\/uploads\/2014\/03\/D2X_3318-320x426.jpg\" alt=\"Som f\u00e4rgrikt, h\u00f6stligt tak t\u00e4cker bergk\u00f6rsb\u00e4ret, Prunus sargentii, himmelen, medan stora ruggar av glansmiskantus, Miscanthus sinensis 'Nishidake', skapar v\u00e4ggar. Bild fr\u00e5n Fisktorget.\" width=\"320\" height=\"426\" srcset=\"https:\/\/rosenholm.se\/wp-content\/uploads\/2014\/03\/D2X_3318-320x426.jpg 320w, https:\/\/rosenholm.se\/wp-content\/uploads\/2014\/03\/D2X_3318-187x250.jpg 187w, https:\/\/rosenholm.se\/wp-content\/uploads\/2014\/03\/D2X_3318-350x466.jpg 350w, https:\/\/rosenholm.se\/wp-content\/uploads\/2014\/03\/D2X_3318.jpg 780w, https:\/\/rosenholm.se\/wp-content\/uploads\/2014\/03\/D2X_3318-320x426@2x.jpg 640w, https:\/\/rosenholm.se\/wp-content\/uploads\/2014\/03\/D2X_3318-187x250@2x.jpg 374w, https:\/\/rosenholm.se\/wp-content\/uploads\/2014\/03\/D2X_3318-350x466@2x.jpg 700w\" sizes=\"auto, (max-width: 320px) 100vw, 320px\" \/><\/a><p id=\"caption-attachment-2316\" class=\"wp-caption-text\">Som f\u00e4rgrikt, h\u00f6stligt tak t\u00e4cker bergk\u00f6rsb\u00e4ret, Prunus sargentii, himmelen, medan stora ruggar av glansmiskantus, Miscanthus sinensis &#8217;Nishidake&#8217;, skapar v\u00e4ggar. Bild fr\u00e5n Fisktorget.<\/p><\/div>\n<p>Genom att medvetet arbeta med st\u00f6rre och mindre rum och passager av olika karakt\u00e4r inne i parkerna har man f\u00e5tt dem att k\u00e4nnas s\u00e5v\u00e4l st\u00f6rre som mer intressanta och trivsamma. Smala passager ger sp\u00e4nning, eftersom man inte kan se allt som finns p\u00e5 sidorna samtidigt. Ibland \u00e4r de korta och fungerar som d\u00f6rr\u00f6ppningar och portaler eller l\u00e5nga, som korridorer. Ibland b\u00f6jer sig en passage s\u00e5 att man inte ser in i n\u00e4sta rum. D\u00e5 skapas sp\u00e4nning och f\u00f6rv\u00e4ntan. Med tr\u00e4dg\u00e5rdsrum som ligger efter varandra i fil, som i Pastor Spaks park, f\u00e5r man genomsikt mellan flera rum samtidigt. Det ger en k\u00e4nsla av djup.<\/p>\n<div id=\"attachment_2319\" style=\"width: 330px\" class=\"wp-caption alignleft\"><a href=\"http:\/\/rosenholm.se\/wp-content\/uploads\/2014\/03\/D2X_8828.jpg\"><img loading=\"lazy\" decoding=\"async\" aria-describedby=\"caption-attachment-2319\" class=\"size-medium wp-image-2319\" src=\"http:\/\/rosenholm.se\/wp-content\/uploads\/2014\/03\/D2X_8828-320x426.jpg\" alt=\"Med syrener som v\u00e4gg i ryggen k\u00e4nns sittplatsen i R\u00e5dhusg\u00e5rden charmigt hemtrevlig. Sorten p\u00e5 bilden \u00e4r den vanliga Syringa vulgaris 'Andenken an Ludwig Sp\u00e4th', ofta kallad \u00e4delsyren.\" width=\"320\" height=\"426\" srcset=\"https:\/\/rosenholm.se\/wp-content\/uploads\/2014\/03\/D2X_8828-320x426.jpg 320w, https:\/\/rosenholm.se\/wp-content\/uploads\/2014\/03\/D2X_8828-187x250.jpg 187w, https:\/\/rosenholm.se\/wp-content\/uploads\/2014\/03\/D2X_8828-350x466.jpg 350w, https:\/\/rosenholm.se\/wp-content\/uploads\/2014\/03\/D2X_8828.jpg 780w, https:\/\/rosenholm.se\/wp-content\/uploads\/2014\/03\/D2X_8828-320x426@2x.jpg 640w, https:\/\/rosenholm.se\/wp-content\/uploads\/2014\/03\/D2X_8828-187x250@2x.jpg 374w, https:\/\/rosenholm.se\/wp-content\/uploads\/2014\/03\/D2X_8828-350x466@2x.jpg 700w\" sizes=\"auto, (max-width: 320px) 100vw, 320px\" \/><\/a><p id=\"caption-attachment-2319\" class=\"wp-caption-text\">Med syrener som v\u00e4gg i ryggen k\u00e4nns sittplatsen i R\u00e5dhusg\u00e5rden charmigt hemtrevlig. Sorten p\u00e5 bilden \u00e4r den vanliga Syringa vulgaris &#8217;Andenken an Ludwig Sp\u00e4th&#8217;, ofta kallad \u00e4delsyren.<\/p><\/div>\n<p>Klippta h\u00e4ckar anv\u00e4nds som ytterv\u00e4ggar i m\u00e5nga av parkerna. Bok, <em>Fagus sylvatica<\/em>, och hybrididegran, <em>Taxus<\/em> x <em>media<\/em> \u2019Hilli\u2019, \u00e4r de popul\u00e4raste och mest f\u00f6rekommande. De \u00e4r t\u00e5liga, p\u00e5litliga, l\u00e4ttodlade och ger skydd \u00e4ven vintertid. Hybrididegranen \u00e4r st\u00e4dsegr\u00f6n och lika t\u00e4t oavsett \u00e5rstid. Boken \u00e4r visserligen inte vintergr\u00f6n, men beh\u00e5ller de gyllenbruna vissnade bladen l\u00e5ngt in p\u00e5 v\u00e5rvintern s\u00e5 att den i praktiken bara kan ses igenom under en kort tid p\u00e5 v\u00e5ren innan de nya bladen kommer.<\/p>\n<p>En stor f\u00f6rdel med klippt h\u00e4ck \u00e4r att det tar lite plats. Friv\u00e4xande h\u00e4ckar och buskage tar upp betydligt mer plats p\u00e5 bredden. En annan f\u00f6rdel med klippt h\u00e4ck \u00e4r att det ger struktur och en lugn och enhetlig bakgrund som framh\u00e4ver perenner och andra prydnadsv\u00e4xter.<\/p>\n<div id=\"attachment_2321\" style=\"width: 1050px\" class=\"wp-caption alignnone\"><a href=\"http:\/\/rosenholm.se\/wp-content\/uploads\/2014\/03\/D2X_1583.jpg\"><img loading=\"lazy\" decoding=\"async\" aria-describedby=\"caption-attachment-2321\" class=\"size-full wp-image-2321\" src=\"http:\/\/rosenholm.se\/wp-content\/uploads\/2014\/03\/D2X_1583.jpg\" alt=\"Genom att rummen i Pastor Spaks park ligger i fil skapas en fri siktlinje som ger visuellt djup, parken k\u00e4nns b\u00e5de st\u00f6rre och mer sp\u00e4nnande. Portaler markerar \u00f6verg\u00e5ngarna mellan rummen och f\u00f6rst\u00e4rker effekten av siktlinjen. Olika klematis och kl\u00e4tterrosor planterade i par kl\u00e4r in samtliga fem portaler. I portalen n\u00e4rmast har ayrshirerosen Rosa 'Venusta Pendula' tagit \u00f6verhanden.\" width=\"1040\" height=\"693\" srcset=\"https:\/\/rosenholm.se\/wp-content\/uploads\/2014\/03\/D2X_1583.jpg 1040w, https:\/\/rosenholm.se\/wp-content\/uploads\/2014\/03\/D2X_1583-250x166.jpg 250w, https:\/\/rosenholm.se\/wp-content\/uploads\/2014\/03\/D2X_1583-320x213.jpg 320w, https:\/\/rosenholm.se\/wp-content\/uploads\/2014\/03\/D2X_1583-350x233.jpg 350w, https:\/\/rosenholm.se\/wp-content\/uploads\/2014\/03\/D2X_1583-250x166@2x.jpg 500w, https:\/\/rosenholm.se\/wp-content\/uploads\/2014\/03\/D2X_1583-320x213@2x.jpg 640w, https:\/\/rosenholm.se\/wp-content\/uploads\/2014\/03\/D2X_1583-350x233@2x.jpg 700w\" sizes=\"auto, (max-width: 1040px) 100vw, 1040px\" \/><\/a><p id=\"caption-attachment-2321\" class=\"wp-caption-text\">Genom att rummen i Pastor Spaks park ligger i fil skapas en fri siktlinje som ger visuellt djup, parken k\u00e4nns b\u00e5de st\u00f6rre och mer sp\u00e4nnande. Portaler markerar \u00f6verg\u00e5ngarna mellan rummen och f\u00f6rst\u00e4rker effekten av siktlinjen. Olika klematis och kl\u00e4tterrosor planterade i par kl\u00e4r in samtliga fem portaler. I portalen n\u00e4rmast har arvensisrosen Rosa &#8217;Venusta Pendula&#8217; tagit \u00f6verhanden.<\/p><\/div>\n<p>F\u00f6r att f\u00e5 en riktigt kraftig ytterv\u00e4gg kan man g\u00f6ra som i till exempel Frideg\u00e5rdsparken och vid Fisktorget, plantera buskar och tr\u00e4d strax innanf\u00f6r h\u00e4cken som ett dubbelt skydd. I de h\u00e4r fickparkerna kan man dessutom se exempel p\u00e5 krontr\u00e4d som placerats ut som uppstickare inne i en h\u00e4ck. Ett mycket estetiskt, funktionellt och utrymmessn\u00e5lt s\u00e4tt att plantera p\u00e5.<\/p>\n<p>Med spalj\u00e9er, plank och andra byggkonstruktioner kan man skapa h\u00f6ga v\u00e4ggar direkt. Med v\u00e4xter runtomkring eller kanske till och med kl\u00e4ngande p\u00e5 dem mjukas intrycket upp med tiden. Exempel p\u00e5 byggda v\u00e4ggar kan man se i Frideg\u00e5rdsparken, Blombergs park och K\u00f6lnbacksparken.<\/p>\n<p>Under sensommaren och h\u00f6sten bidrar ocks\u00e5 en del av perennerna och prydnadsgr\u00e4sen till rumsbildningen i n\u00e5gra av parkerna. D\u00e5 kan man vandra mellan tv\u00e5metersj\u00e4ttar som fl\u00e4ckflockel, glansmiskantus, finnslide och j\u00e4ttekrissla och inte se n\u00e5gonting av det som finns p\u00e5 andra sidan. Men p\u00e5 v\u00e5ren och f\u00f6rsommaren \u00e4r f\u00f6rst\u00e5s scenen en helt annan s\u00e5 den h\u00e4r sortens v\u00e4ggar har bara anv\u00e4nts d\u00e4r skydd mot det som finns utanf\u00f6r inte \u00e4r avg\u00f6rande f\u00f6r trivseln.<\/p>\n<h5><a title=\"Mixade rabatter\" href=\"http:\/\/rosenholm.se\/?page_id=2342\">Mixade rabatter<\/a><\/h5>\n","protected":false},"excerpt":{"rendered":"<p>S\u00e5v\u00e4l parker som tr\u00e4dg\u00e5rdar beh\u00f6ver en \u00f6vergripande arkitektur, en gr\u00f6n stomme av tr\u00e4d, buskar och h\u00e4ckar, som skapar rum och bildar bakgrund till prydnadsv\u00e4xterna, sittplatserna och allt annat som man&hellip; <\/p>\n","protected":false},"author":1,"featured_media":0,"parent":0,"menu_order":0,"comment_status":"closed","ping_status":"closed","template":"","meta":{"footnotes":""},"class_list":["post-2304","page","type-page","status-publish","hentry"],"_links":{"self":[{"href":"https:\/\/rosenholm.se\/index.php?rest_route=\/wp\/v2\/pages\/2304","targetHints":{"allow":["GET"]}}],"collection":[{"href":"https:\/\/rosenholm.se\/index.php?rest_route=\/wp\/v2\/pages"}],"about":[{"href":"https:\/\/rosenholm.se\/index.php?rest_route=\/wp\/v2\/types\/page"}],"author":[{"embeddable":true,"href":"https:\/\/rosenholm.se\/index.php?rest_route=\/wp\/v2\/users\/1"}],"replies":[{"embeddable":true,"href":"https:\/\/rosenholm.se\/index.php?rest_route=%2Fwp%2Fv2%2Fcomments&post=2304"}],"version-history":[{"count":15,"href":"https:\/\/rosenholm.se\/index.php?rest_route=\/wp\/v2\/pages\/2304\/revisions"}],"predecessor-version":[{"id":4543,"href":"https:\/\/rosenholm.se\/index.php?rest_route=\/wp\/v2\/pages\/2304\/revisions\/4543"}],"wp:attachment":[{"href":"https:\/\/rosenholm.se\/index.php?rest_route=%2Fwp%2Fv2%2Fmedia&parent=2304"}],"curies":[{"name":"wp","href":"https:\/\/api.w.org\/{rel}","templated":true}]}}