{"id":2192,"date":"2014-02-18T23:22:26","date_gmt":"2014-02-18T22:22:26","guid":{"rendered":"http:\/\/rosenholm.se\/?page_id=2192"},"modified":"2014-04-03T21:55:22","modified_gmt":"2014-04-03T19:55:22","slug":"brokigt-2","status":"publish","type":"page","link":"https:\/\/rosenholm.se\/?page_id=2192","title":{"rendered":"Brokigt"},"content":{"rendered":"<p><strong>Brokigt<\/strong>\u00a0\u00e4r ju egentligen inte n\u00e5gon f\u00e4rg men v\u00e4xter som \u00e4r brokiga har vissa karakteristika som motiverar en gemensam beskrivning, trots att f\u00e4rgerna och brokighetens art kan variera kraftigt. \u00c4ven fast det finns en och annan blomma med brokig f\u00e4rg \u00e4r det fr\u00e4mst bladverk det handlar om n\u00e4r det g\u00e4ller brokigt f\u00e4rgade v\u00e4xter. Det kan vara blad som \u00e4r kantade med en avvikande f\u00e4rg, fl\u00e4ckiga, prickiga, randiga eller flammiga p\u00e5 olika s\u00e4tt. Gr\u00f6nt och vitt \u00e4r vanligt n\u00e4r det g\u00e4ller brokiga kombinationer liksom gr\u00f6nt ihop med gult eller lime. Ibland kan det ocks\u00e5 vara en brokighet med fler \u00e4n tv\u00e5 f\u00e4rger som hos kameleontbuske d\u00e4r bladen \u00e4r fl\u00e4ckvis r\u00f6drosa, vita och gr\u00f6na.<\/p>\n<p>Brokiga blad \u00e4r effektfulla och drar till sig blickarna. Anv\u00e4nda med eftertanke blir de en tillg\u00e5ng och kan utg\u00f6ra ett attraktivt blickf\u00e5ng om det som finns runt omkring dem \u00e4r lugnt och relativt \u00e5terh\u00e5llsamt. I en rabatt med m\u00e5nga olika v\u00e4xter kan brokiga blad d\u00e4remot snarare f\u00f6rs\u00e4mra helhetsintrycket \u00e4n f\u00f6rb\u00e4ttra det. Det beror p\u00e5 att brokigheten ger ett livligt och r\u00f6rigt intryck som i de flesta fall beh\u00f6ver tas ner av en lugn omgivning.<\/p>\n<div id=\"attachment_2183\" style=\"width: 1050px\" class=\"wp-caption alignnone\"><a href=\"http:\/\/rosenholm.se\/wp-content\/uploads\/2014\/02\/D2X_1385.jpg\"><img loading=\"lazy\" decoding=\"async\" aria-describedby=\"caption-attachment-2183\" class=\"size-full wp-image-2183\" alt=\"Anemontulpan, Tulipa praestans 'Unicum'\" src=\"http:\/\/rosenholm.se\/wp-content\/uploads\/2014\/02\/D2X_1385.jpg\" width=\"1040\" height=\"691\" srcset=\"https:\/\/rosenholm.se\/wp-content\/uploads\/2014\/02\/D2X_1385.jpg 1040w, https:\/\/rosenholm.se\/wp-content\/uploads\/2014\/02\/D2X_1385-250x166.jpg 250w, https:\/\/rosenholm.se\/wp-content\/uploads\/2014\/02\/D2X_1385-320x212.jpg 320w, https:\/\/rosenholm.se\/wp-content\/uploads\/2014\/02\/D2X_1385-350x232.jpg 350w, https:\/\/rosenholm.se\/wp-content\/uploads\/2014\/02\/D2X_1385-250x166@2x.jpg 500w, https:\/\/rosenholm.se\/wp-content\/uploads\/2014\/02\/D2X_1385-320x212@2x.jpg 640w, https:\/\/rosenholm.se\/wp-content\/uploads\/2014\/02\/D2X_1385-350x232@2x.jpg 700w\" sizes=\"auto, (max-width: 1040px) 100vw, 1040px\" \/><\/a><p id=\"caption-attachment-2183\" class=\"wp-caption-text\">Anemontulpan, Tulipa praestans &#8217;Unicum&#8217;<\/p><\/div>\n<p>Anemontulpan,\u00a0<em>Tulipa praestans,<\/em>\u00a0&#8217;Unicum&#8217;, v\u00e4xer i f\u00e4lt i gr\u00e4set vid \u00e5kanten mellan Dr\u00f6mparken och Str\u00f6mparterren. Det \u00e4r v\u00e4l kanske blommans starka scharlakansr\u00f6da f\u00e4rg som man l\u00e4gger m\u00e4rke till f\u00f6rst, men bladens gr\u00e4ddvita kant g\u00f6r ocks\u00e5 sitt till att den h\u00e4r tulpanen \u00e4r s\u00e5 sansl\u00f6st vacker. Den blommar tidigt medan gr\u00e4set fortfarande \u00e4r kort i april\u2013maj och vill v\u00e4xa i sol till l\u00e4tt skugga. Blir 20\u201335 cm h\u00f6g och kan odlas i stora delar av landet.<\/p>\n<div id=\"attachment_2186\" style=\"width: 360px\" class=\"wp-caption alignleft\"><a href=\"http:\/\/rosenholm.se\/wp-content\/uploads\/2014\/02\/D2X_7439.jpg\"><img loading=\"lazy\" decoding=\"async\" aria-describedby=\"caption-attachment-2186\" class=\"size-large wp-image-2186\" alt=\"Brunn\u00e4va, Geranium phaeum 'Springtime'\" src=\"http:\/\/rosenholm.se\/wp-content\/uploads\/2014\/02\/D2X_7439-350x437.jpg\" width=\"350\" height=\"437\" srcset=\"https:\/\/rosenholm.se\/wp-content\/uploads\/2014\/02\/D2X_7439-350x437.jpg 350w, https:\/\/rosenholm.se\/wp-content\/uploads\/2014\/02\/D2X_7439-200x250.jpg 200w, https:\/\/rosenholm.se\/wp-content\/uploads\/2014\/02\/D2X_7439-320x400.jpg 320w, https:\/\/rosenholm.se\/wp-content\/uploads\/2014\/02\/D2X_7439.jpg 832w, https:\/\/rosenholm.se\/wp-content\/uploads\/2014\/02\/D2X_7439-350x437@2x.jpg 700w, https:\/\/rosenholm.se\/wp-content\/uploads\/2014\/02\/D2X_7439-200x250@2x.jpg 400w, https:\/\/rosenholm.se\/wp-content\/uploads\/2014\/02\/D2X_7439-320x400@2x.jpg 640w\" sizes=\"auto, (max-width: 350px) 100vw, 350px\" \/><\/a><p id=\"caption-attachment-2186\" class=\"wp-caption-text\">Brunn\u00e4va, Geranium phaeum &#8217;Springtime&#8217;<\/p><\/div>\n<p>Brunn\u00e4van,\u00a0<em>Geranium phaeum<\/em>, &#8217;Springtime&#8217; f\u00e5r fr\u00e4scht brokiga blad som pryder sin plats i rabatten s\u00e5 fort de sticker fram p\u00e5 v\u00e5ren. Sen kommer sm\u00e5 purpurf\u00e4rgade brunn\u00e4vablommor som pricken \u00f6ver i n\u00e5gon g\u00e5ng i mitten av juni. Kan odlas i b\u00e5de sol och skugga. H\u00f6jd ca 60 cm. H\u00e4rdig. C\/c-avst\u00e5nd: 40 cm. Dr\u00f6mparken.<\/p>\n<div id=\"attachment_2185\" style=\"width: 1050px\" class=\"wp-caption alignnone\"><a href=\"http:\/\/rosenholm.se\/wp-content\/uploads\/2014\/02\/D2X_4699.jpg\"><img loading=\"lazy\" decoding=\"async\" aria-describedby=\"caption-attachment-2185\" class=\"size-full wp-image-2185\" alt=\"Brokfunkia, Hosta undulata\" src=\"http:\/\/rosenholm.se\/wp-content\/uploads\/2014\/02\/D2X_4699.jpg\" width=\"1040\" height=\"520\" srcset=\"https:\/\/rosenholm.se\/wp-content\/uploads\/2014\/02\/D2X_4699.jpg 1040w, https:\/\/rosenholm.se\/wp-content\/uploads\/2014\/02\/D2X_4699-250x125.jpg 250w, https:\/\/rosenholm.se\/wp-content\/uploads\/2014\/02\/D2X_4699-320x160.jpg 320w, https:\/\/rosenholm.se\/wp-content\/uploads\/2014\/02\/D2X_4699-350x175.jpg 350w, https:\/\/rosenholm.se\/wp-content\/uploads\/2014\/02\/D2X_4699-250x125@2x.jpg 500w, https:\/\/rosenholm.se\/wp-content\/uploads\/2014\/02\/D2X_4699-320x160@2x.jpg 640w, https:\/\/rosenholm.se\/wp-content\/uploads\/2014\/02\/D2X_4699-350x175@2x.jpg 700w\" sizes=\"auto, (max-width: 1040px) 100vw, 1040px\" \/><\/a><p id=\"caption-attachment-2185\" class=\"wp-caption-text\">Brokfunkia, Hosta undulata<\/p><\/div>\n<p>Brokfunkia,\u00a0<em>Hosta undulat<\/em>a, har vitgr\u00f6nbrokiga blad som g\u00f6r sig mycket bra i massplantering. Den blir ca 30 cm h\u00f6g och trivs b\u00e4st i halvskugga\u2013skugga i fuktighetsh\u00e5llande jord. F\u00e5r eleganta bleklila blommor p\u00e5 st\u00e4nglar i augusti. H\u00e4rdig. C\/c-avst\u00e5nd: 40 cm. Str\u00f6mparterren.<\/p>\n<div id=\"attachment_2182\" style=\"width: 1050px\" class=\"wp-caption alignnone\"><a href=\"http:\/\/rosenholm.se\/wp-content\/uploads\/2014\/02\/D2X_8657.jpg\"><img loading=\"lazy\" decoding=\"async\" aria-describedby=\"caption-attachment-2182\" class=\"size-full wp-image-2182\" alt=\"Gulbrokig citronmeliss, Melissa officinalis 'Aurea'\" src=\"http:\/\/rosenholm.se\/wp-content\/uploads\/2014\/02\/D2X_8657.jpg\" width=\"1040\" height=\"520\" srcset=\"https:\/\/rosenholm.se\/wp-content\/uploads\/2014\/02\/D2X_8657.jpg 1040w, https:\/\/rosenholm.se\/wp-content\/uploads\/2014\/02\/D2X_8657-250x125.jpg 250w, https:\/\/rosenholm.se\/wp-content\/uploads\/2014\/02\/D2X_8657-320x160.jpg 320w, https:\/\/rosenholm.se\/wp-content\/uploads\/2014\/02\/D2X_8657-350x175.jpg 350w, https:\/\/rosenholm.se\/wp-content\/uploads\/2014\/02\/D2X_8657-250x125@2x.jpg 500w, https:\/\/rosenholm.se\/wp-content\/uploads\/2014\/02\/D2X_8657-320x160@2x.jpg 640w, https:\/\/rosenholm.se\/wp-content\/uploads\/2014\/02\/D2X_8657-350x175@2x.jpg 700w\" sizes=\"auto, (max-width: 1040px) 100vw, 1040px\" \/><\/a><p id=\"caption-attachment-2182\" class=\"wp-caption-text\">Gulbrokig citronmeliss, Melissa officinalis &#8217;Aurea&#8217;<\/p><\/div>\n<p>Gulbrokig citronmeliss,\u00a0<em>Melissa officinalis<\/em>\u00a0&#8217;Aurea&#8217; samsas h\u00e4r med m\u00e5nga andra kryddv\u00e4xter p\u00e5 R\u00e5dhusg\u00e5rden. Den trivs i soligt l\u00e4ge i n\u00e4ringsrik och lucker jord som inte torkar ut men \u00e4nd\u00e5 \u00e4r v\u00e4ldr\u00e4nerad. H\u00f6jd 40\u201360 cm. R\u00e4knas som halvh\u00e4rdig. C\/c-avst\u00e5nd: 35 cm.<\/p>\n<div id=\"attachment_2184\" style=\"width: 360px\" class=\"wp-caption alignleft\"><a href=\"http:\/\/rosenholm.se\/wp-content\/uploads\/2014\/02\/D2X_7833.jpg\"><img loading=\"lazy\" decoding=\"async\" aria-describedby=\"caption-attachment-2184\" class=\"size-large wp-image-2184\" alt=\"Gulplister, Lamium galeobdolon, 'Silberteppich'\" src=\"http:\/\/rosenholm.se\/wp-content\/uploads\/2014\/02\/D2X_7833-350x437.jpg\" width=\"350\" height=\"437\" srcset=\"https:\/\/rosenholm.se\/wp-content\/uploads\/2014\/02\/D2X_7833-350x437.jpg 350w, https:\/\/rosenholm.se\/wp-content\/uploads\/2014\/02\/D2X_7833-200x250.jpg 200w, https:\/\/rosenholm.se\/wp-content\/uploads\/2014\/02\/D2X_7833-320x400.jpg 320w, https:\/\/rosenholm.se\/wp-content\/uploads\/2014\/02\/D2X_7833.jpg 832w, https:\/\/rosenholm.se\/wp-content\/uploads\/2014\/02\/D2X_7833-350x437@2x.jpg 700w, https:\/\/rosenholm.se\/wp-content\/uploads\/2014\/02\/D2X_7833-200x250@2x.jpg 400w, https:\/\/rosenholm.se\/wp-content\/uploads\/2014\/02\/D2X_7833-320x400@2x.jpg 640w\" sizes=\"auto, (max-width: 350px) 100vw, 350px\" \/><\/a><p id=\"caption-attachment-2184\" class=\"wp-caption-text\">Gulplister, Lamium galeobdolon, &#8217;Silberteppich&#8217;<\/p><\/div>\n<p>Gulplister,\u00a0<em>Lamium galeobdolon<\/em>, &#8217;Silberteppich&#8217; har tandade blad med ett karakteristiskt vitsilvrigt m\u00f6nster som g\u00f6r den till ett attraktivt inslag i tr\u00e4dg\u00e5rdens skuggiga till halvskuggiga delar som under buskarna i Dr\u00f6mparkens nya del. I mer soligt l\u00e4ge blir den inte alls lika vacker. F\u00e5r gula l\u00e4ppblommor i maj\u2013juni, men det \u00e4r fr\u00e4mst f\u00f6r bladens skull man odlar den. H\u00f6jd 25\u201330 cm. Mycket h\u00e4rdig. C\/c-avst\u00e5nd: 35 cm.<\/p>\n<h5><a title=\"Textur\" href=\"http:\/\/rosenholm.se\/?page_id=2205\">Textur<\/a><\/h5>\n","protected":false},"excerpt":{"rendered":"<p>Brokigt\u00a0\u00e4r ju egentligen inte n\u00e5gon f\u00e4rg men v\u00e4xter som \u00e4r brokiga har vissa karakteristika som motiverar en gemensam beskrivning, trots att f\u00e4rgerna och brokighetens art kan variera kraftigt. \u00c4ven fast&hellip; <\/p>\n","protected":false},"author":1,"featured_media":0,"parent":1905,"menu_order":0,"comment_status":"closed","ping_status":"closed","template":"","meta":{"footnotes":""},"class_list":["post-2192","page","type-page","status-publish","hentry"],"_links":{"self":[{"href":"https:\/\/rosenholm.se\/index.php?rest_route=\/wp\/v2\/pages\/2192","targetHints":{"allow":["GET"]}}],"collection":[{"href":"https:\/\/rosenholm.se\/index.php?rest_route=\/wp\/v2\/pages"}],"about":[{"href":"https:\/\/rosenholm.se\/index.php?rest_route=\/wp\/v2\/types\/page"}],"author":[{"embeddable":true,"href":"https:\/\/rosenholm.se\/index.php?rest_route=\/wp\/v2\/users\/1"}],"replies":[{"embeddable":true,"href":"https:\/\/rosenholm.se\/index.php?rest_route=%2Fwp%2Fv2%2Fcomments&post=2192"}],"version-history":[{"count":4,"href":"https:\/\/rosenholm.se\/index.php?rest_route=\/wp\/v2\/pages\/2192\/revisions"}],"predecessor-version":[{"id":3571,"href":"https:\/\/rosenholm.se\/index.php?rest_route=\/wp\/v2\/pages\/2192\/revisions\/3571"}],"up":[{"embeddable":true,"href":"https:\/\/rosenholm.se\/index.php?rest_route=\/wp\/v2\/pages\/1905"}],"wp:attachment":[{"href":"https:\/\/rosenholm.se\/index.php?rest_route=%2Fwp%2Fv2%2Fmedia&parent=2192"}],"curies":[{"name":"wp","href":"https:\/\/api.w.org\/{rel}","templated":true}]}}