{"id":2082,"date":"2014-02-17T21:04:20","date_gmt":"2014-02-17T20:04:20","guid":{"rendered":"http:\/\/rosenholm.se\/?page_id=2082"},"modified":"2014-04-03T21:53:28","modified_gmt":"2014-04-03T19:53:28","slug":"mork-dramatik","status":"publish","type":"page","link":"https:\/\/rosenholm.se\/?page_id=2082","title":{"rendered":"M\u00f6rk dramatik"},"content":{"rendered":"<p><span style=\"line-height: 1.5em;\"><strong>Purpur<\/strong> ger en dramatisk effekt som rent av kan upplevas som mystisk eller hemlighetsfull. Purpur finns i allt fr\u00e5n m\u00f6rkt r\u00f6dlila till s\u00e5 gott som svart. Ju m\u00f6rkare nyans desto tydligare blir den dramatiska effekten. Det h\u00e4r \u00e4r en f\u00e4rg som drar blickarna till sig f\u00f6r att den \u00e4r ovanlig. Anv\u00e4nds den f\u00f6r ymnigt blir den l\u00e4tt dominant och kan ge hela planteringen ett dystert utseende. Allra b\u00e4st fungerar purpur n\u00e4r det anv\u00e4nds som ett sparsamt inslag f\u00f6r att g\u00f6ra rabatten mer i\u00f6gonfallande och kanske f\u00e5 en och annan att h\u00f6ja p\u00e5 \u00f6gonbrynen av f\u00f6rv\u00e5ning. Pastellf\u00e4rger och vitt \u00e4r goda kompanjoner som lyfter fram de m\u00f6rka f\u00e4rgernas elegans och f\u00e5r dem att synas bra. Med f\u00f6r mycket m\u00f6rkt gr\u00f6nt runt omkring riskerar de ist\u00e4llet att sjunka in i omgivningen och knappt synas alls. Purpurf\u00e4rgen kan komma fr\u00e5n s\u00e5v\u00e4l bladverk som blommor och en del v\u00e4xter som till exempel h\u00f6stsilveraxet \u2019Brunette\u2019 har en egen inbyggd kontrastverkan i sig med sitt purpurf\u00e4rgade bladverk och sina vita blomspiror.<\/span><\/p>\n<div id=\"attachment_2096\" style=\"width: 360px\" class=\"wp-caption alignright\"><a href=\"http:\/\/rosenholm.se\/wp-content\/uploads\/2014\/02\/D2X_0757.jpg\"><img loading=\"lazy\" decoding=\"async\" aria-describedby=\"caption-attachment-2096\" class=\"size-large wp-image-2096\" alt=\"R\u00f6d flikrabarber, Rheum palmatum var. tanguticum 'Atropurpureum'\" src=\"http:\/\/rosenholm.se\/wp-content\/uploads\/2014\/02\/D2X_0757-350x350.jpg\" width=\"350\" height=\"350\" srcset=\"https:\/\/rosenholm.se\/wp-content\/uploads\/2014\/02\/D2X_0757-350x350.jpg 350w, https:\/\/rosenholm.se\/wp-content\/uploads\/2014\/02\/D2X_0757-250x250.jpg 250w, https:\/\/rosenholm.se\/wp-content\/uploads\/2014\/02\/D2X_0757-320x320.jpg 320w, https:\/\/rosenholm.se\/wp-content\/uploads\/2014\/02\/D2X_0757-330x330.jpg 330w, https:\/\/rosenholm.se\/wp-content\/uploads\/2014\/02\/D2X_0757.jpg 1040w, https:\/\/rosenholm.se\/wp-content\/uploads\/2014\/02\/D2X_0757-350x350@2x.jpg 700w, https:\/\/rosenholm.se\/wp-content\/uploads\/2014\/02\/D2X_0757-250x250@2x.jpg 500w, https:\/\/rosenholm.se\/wp-content\/uploads\/2014\/02\/D2X_0757-320x320@2x.jpg 640w, https:\/\/rosenholm.se\/wp-content\/uploads\/2014\/02\/D2X_0757-330x330@2x.jpg 660w\" sizes=\"auto, (max-width: 350px) 100vw, 350px\" \/><\/a><p id=\"caption-attachment-2096\" class=\"wp-caption-text\">R\u00f6d flikrabarber, Rheum palmatum var. tanguticum &#8217;Atropurpureum&#8217;<\/p><\/div>\n<p>R\u00f6d flikrabarber, <em>Rheum palmatum<\/em> var. <em>tanguticum<\/em> &#8217;Atropurpureum&#8217;, har blad som \u00e4r effektfullt purpurf\u00e4rgade n\u00e4r de tittar upp ur marken tidigt p\u00e5 v\u00e5ren i Dr\u00f6mparken. L\u00e4ngre fram blir de mer gr\u00f6na men har fortfarande kvar inslag av r\u00f6tt. De blir maffigt stora och hela v\u00e4xten, som kan bli 2 m h\u00f6g, ger ett imponerande intryck. Blommar p\u00e5 stora vippor i juni\u2013juli. Sol\u2013halvskugga. Mycket h\u00e4rdig. C\/c-avst\u00e5nd: 100 cm.<\/p>\n<div id=\"attachment_2085\" style=\"width: 360px\" class=\"wp-caption alignright\"><a href=\"http:\/\/rosenholm.se\/wp-content\/uploads\/2014\/02\/DSC_1809.jpg\"><img loading=\"lazy\" decoding=\"async\" aria-describedby=\"caption-attachment-2085\" class=\"size-large wp-image-2085\" alt=\"Indiskt fotblad, Podophyllum hexandrum, 'Majus'\" src=\"http:\/\/rosenholm.se\/wp-content\/uploads\/2014\/02\/DSC_1809-350x408.jpg\" width=\"350\" height=\"408\" srcset=\"https:\/\/rosenholm.se\/wp-content\/uploads\/2014\/02\/DSC_1809-350x408.jpg 350w, https:\/\/rosenholm.se\/wp-content\/uploads\/2014\/02\/DSC_1809-214x250.jpg 214w, https:\/\/rosenholm.se\/wp-content\/uploads\/2014\/02\/DSC_1809-320x373.jpg 320w, https:\/\/rosenholm.se\/wp-content\/uploads\/2014\/02\/DSC_1809.jpg 892w, https:\/\/rosenholm.se\/wp-content\/uploads\/2014\/02\/DSC_1809-350x408@2x.jpg 700w, https:\/\/rosenholm.se\/wp-content\/uploads\/2014\/02\/DSC_1809-214x250@2x.jpg 428w, https:\/\/rosenholm.se\/wp-content\/uploads\/2014\/02\/DSC_1809-320x373@2x.jpg 640w\" sizes=\"auto, (max-width: 350px) 100vw, 350px\" \/><\/a><p id=\"caption-attachment-2085\" class=\"wp-caption-text\">Indiskt fotblad, Podophyllum hexandrum, &#8217;Majus&#8217;<\/p><\/div>\n<p>Indiskt fotblad, <em>Podophyllum hexandrum<\/em>, &#8217;Majus&#8217; har m\u00f6rkt purpurf\u00e4rgade blad p\u00e5 v\u00e5ren som utg\u00f6r en h\u00e4ftig kontrast mot de egna blekrosa blomknopparna. L\u00e4ngre fram p\u00e5 sommaren vecklar bladen ut sig och har m\u00f6rka fl\u00e4ckar p\u00e5 gr\u00f6n botten. De \u00e4r d\u00e5 ocks\u00e5 betydligt st\u00f6rre, men fortfarande mycket dekorativa. Blir ca 50 cm h\u00f6g och blommar i maj\u2013juni. Halvskugga\u2013skugga. H\u00e4rdig. C\/c-avst\u00e5nd: 35 cm. Dr\u00f6mparken.<\/p>\n<div id=\"attachment_2086\" style=\"width: 360px\" class=\"wp-caption alignright\"><a href=\"http:\/\/rosenholm.se\/wp-content\/uploads\/2014\/02\/DSC_4868.jpg\"><img loading=\"lazy\" decoding=\"async\" aria-describedby=\"caption-attachment-2086\" class=\"size-large wp-image-2086\" alt=\"R\u00f6d japanl\u00f6nn, Acer palmatum 'Atropurpureum'\" src=\"http:\/\/rosenholm.se\/wp-content\/uploads\/2014\/02\/DSC_4868-350x408.jpg\" width=\"350\" height=\"408\" srcset=\"https:\/\/rosenholm.se\/wp-content\/uploads\/2014\/02\/DSC_4868-350x408.jpg 350w, https:\/\/rosenholm.se\/wp-content\/uploads\/2014\/02\/DSC_4868-214x250.jpg 214w, https:\/\/rosenholm.se\/wp-content\/uploads\/2014\/02\/DSC_4868-320x373.jpg 320w, https:\/\/rosenholm.se\/wp-content\/uploads\/2014\/02\/DSC_4868.jpg 891w, https:\/\/rosenholm.se\/wp-content\/uploads\/2014\/02\/DSC_4868-350x408@2x.jpg 700w, https:\/\/rosenholm.se\/wp-content\/uploads\/2014\/02\/DSC_4868-214x250@2x.jpg 428w, https:\/\/rosenholm.se\/wp-content\/uploads\/2014\/02\/DSC_4868-320x373@2x.jpg 640w\" sizes=\"auto, (max-width: 350px) 100vw, 350px\" \/><\/a><p id=\"caption-attachment-2086\" class=\"wp-caption-text\">R\u00f6d japanl\u00f6nn, Acer palmatum &#8217;Atropurpureum&#8217;<\/p><\/div>\n<p><span style=\"line-height: 1.5em;\">R\u00f6d japanl\u00f6nn, <em>Acer palmatum<\/em> &#8217;Atropurpureum&#8217;, blir med sina purpurf\u00e4rgade och djupt flikiga blad ett elegant blickf\u00e5ng i tr\u00e4dg\u00e5rden. Eftersom den v\u00e4xer l\u00e5ngsamt och inte blir mer \u00e4n ett par meter h\u00f6g g\u00e5r den utm\u00e4rkt att plantera i perennrabatten. L\u00e4get b\u00f6r vara varmt och skyddat i sol\u2013halvskugga och jorden ska helst vara mullrik. Zon 2. Klosterparken.<\/span><\/p>\n<div id=\"attachment_2089\" style=\"width: 1050px\" class=\"wp-caption alignnone\"><a href=\"http:\/\/rosenholm.se\/wp-content\/uploads\/2014\/02\/D2X_4094.jpg\"><img loading=\"lazy\" decoding=\"async\" aria-describedby=\"caption-attachment-2089\" class=\"size-full wp-image-2089\" alt=\"Kungs\u00e4ngslilja, Fritillaria meleagris\" src=\"http:\/\/rosenholm.se\/wp-content\/uploads\/2014\/02\/D2X_4094.jpg\" width=\"1040\" height=\"693\" srcset=\"https:\/\/rosenholm.se\/wp-content\/uploads\/2014\/02\/D2X_4094.jpg 1040w, https:\/\/rosenholm.se\/wp-content\/uploads\/2014\/02\/D2X_4094-250x166.jpg 250w, https:\/\/rosenholm.se\/wp-content\/uploads\/2014\/02\/D2X_4094-320x213.jpg 320w, https:\/\/rosenholm.se\/wp-content\/uploads\/2014\/02\/D2X_4094-350x233.jpg 350w, https:\/\/rosenholm.se\/wp-content\/uploads\/2014\/02\/D2X_4094-250x166@2x.jpg 500w, https:\/\/rosenholm.se\/wp-content\/uploads\/2014\/02\/D2X_4094-320x213@2x.jpg 640w, https:\/\/rosenholm.se\/wp-content\/uploads\/2014\/02\/D2X_4094-350x233@2x.jpg 700w\" sizes=\"auto, (max-width: 1040px) 100vw, 1040px\" \/><\/a><p id=\"caption-attachment-2089\" class=\"wp-caption-text\">Kungs\u00e4ngslilja, Fritillaria meleagris<\/p><\/div>\n<p>Kungs\u00e4ngslilja,<em> Fritillaria meleagris<\/em>, f\u00e5r schackrutiga blommor i purpur och rosa i maj\u2013juni. Det h\u00e4r \u00e4r en fler\u00e5rig l\u00f6kv\u00e4xt som trivs i mullrik fuktighetsh\u00e5llande jord som \u00e4nd\u00e5 \u00e4r v\u00e4ldr\u00e4nerad. L\u00f6karna ska helst s\u00e4ttas i september och planteras med 6\u20138 cm avst\u00e5nd. Sprider sig med sidol\u00f6kar och fr\u00f6n och passar bra till f\u00f6rvildning p\u00e5 fuktiga platser. I Klosterparken bildar de en egen liten \u00e4ng p\u00e5 f\u00f6rsommaren. Sol\u2013halvskugga. H\u00f6jd ca 25 cm. Kan odlas i stora delar av landet. Kungs\u00e4ngslilja finns \u00e4ven i sorter med vita blommor och rutm\u00f6nster i rosa och vitt.<\/p>\n<div id=\"attachment_2090\" style=\"width: 360px\" class=\"wp-caption alignleft\"><a href=\"http:\/\/rosenholm.se\/wp-content\/uploads\/2014\/02\/D2X_5780.jpg\"><img loading=\"lazy\" decoding=\"async\" aria-describedby=\"caption-attachment-2090\" class=\"size-large wp-image-2090\" alt=\"Stj\u00e4rnakleja, Aquilegia vulgaris var. stellata 'Black Barlow'\" src=\"http:\/\/rosenholm.se\/wp-content\/uploads\/2014\/02\/D2X_5780-350x408.jpg\" width=\"350\" height=\"408\" srcset=\"https:\/\/rosenholm.se\/wp-content\/uploads\/2014\/02\/D2X_5780-350x408.jpg 350w, https:\/\/rosenholm.se\/wp-content\/uploads\/2014\/02\/D2X_5780-214x250.jpg 214w, https:\/\/rosenholm.se\/wp-content\/uploads\/2014\/02\/D2X_5780-320x373.jpg 320w, https:\/\/rosenholm.se\/wp-content\/uploads\/2014\/02\/D2X_5780.jpg 891w, https:\/\/rosenholm.se\/wp-content\/uploads\/2014\/02\/D2X_5780-350x408@2x.jpg 700w, https:\/\/rosenholm.se\/wp-content\/uploads\/2014\/02\/D2X_5780-214x250@2x.jpg 428w, https:\/\/rosenholm.se\/wp-content\/uploads\/2014\/02\/D2X_5780-320x373@2x.jpg 640w\" sizes=\"auto, (max-width: 350px) 100vw, 350px\" \/><\/a><p id=\"caption-attachment-2090\" class=\"wp-caption-text\">Stj\u00e4rnakleja, Aquilegia vulgaris var. stellata &#8217;Black Barlow&#8217;<\/p><\/div>\n<p>Stj\u00e4rnakleja,\u00a0<em>Aquilegia vulgaris<\/em> var. <em>stellata,<\/em> &#8217;Black Barlow&#8217; ger rabatten i id\u00e9tr\u00e4dg\u00e5rden \u201dFinrabatt och sommar\u00e4ng\u201d en sp\u00e4nnande touche med sina dubbla, m\u00f6rkvioletta, n\u00e4stan svarta, blommor som sl\u00e5r ut i juni. Den blir ca 80 cm h\u00f6g och trivs i sol\u2013halvskugga. Mycket h\u00e4rdig. C\/c-avst\u00e5nd: 35 cm.<\/p>\n<div id=\"attachment_2084\" style=\"width: 360px\" class=\"wp-caption alignleft\"><a href=\"http:\/\/rosenholm.se\/wp-content\/uploads\/2014\/02\/DSC_0541.jpg\"><img loading=\"lazy\" decoding=\"async\" aria-describedby=\"caption-attachment-2084\" class=\"size-large wp-image-2084\" alt=\"Svart nysrot, Veratrum nigrum, r\u00f6d solhatt, Echinacea purpurea, 'Magnus' och stor plymastilbe, Astilbe chinensis var. taquetii, 'Purpurlanze'\" src=\"http:\/\/rosenholm.se\/wp-content\/uploads\/2014\/02\/DSC_0541-350x408.jpg\" width=\"350\" height=\"408\" srcset=\"https:\/\/rosenholm.se\/wp-content\/uploads\/2014\/02\/DSC_0541-350x408.jpg 350w, https:\/\/rosenholm.se\/wp-content\/uploads\/2014\/02\/DSC_0541-214x250.jpg 214w, https:\/\/rosenholm.se\/wp-content\/uploads\/2014\/02\/DSC_0541-320x373.jpg 320w, https:\/\/rosenholm.se\/wp-content\/uploads\/2014\/02\/DSC_0541.jpg 891w, https:\/\/rosenholm.se\/wp-content\/uploads\/2014\/02\/DSC_0541-350x408@2x.jpg 700w, https:\/\/rosenholm.se\/wp-content\/uploads\/2014\/02\/DSC_0541-214x250@2x.jpg 428w, https:\/\/rosenholm.se\/wp-content\/uploads\/2014\/02\/DSC_0541-320x373@2x.jpg 640w\" sizes=\"auto, (max-width: 350px) 100vw, 350px\" \/><\/a><p id=\"caption-attachment-2084\" class=\"wp-caption-text\">Svart nysrot, Veratrum nigrum, r\u00f6d solhatt, Echinacea purpurea, &#8217;Magnus&#8217; och stor plymastilbe, Astilbe chinensis var. taquetii, &#8217;Purpurlanze&#8217;<\/p><\/div>\n<p><span style=\"line-height: 1.5em;\">Svart nysrot, <em>Veratrum nigrum<\/em>, blir ett dramatiskt inslag i rabatten med rosa, lila och bl\u00e5 f\u00e4rger. Halvskugga\u2013skugga. H\u00e4rdig. C\/c-avst\u00e5nd: 50 cm. N\u00e4rmast runt nysroten syns r\u00f6d solhatt, <em>Echinacea purpurea<\/em>, &#8217;Magnus&#8217; och stor plymastilbe,<em> Astilbe chinensis<\/em> var. <em>taquetii<\/em>, &#8217;Purpurlanze&#8217;. Dr\u00f6mparken i mitten av augusti.<\/span><\/p>\n<div id=\"attachment_2087\" style=\"width: 360px\" class=\"wp-caption alignleft\"><a href=\"http:\/\/rosenholm.se\/wp-content\/uploads\/2014\/02\/D2X_0285.jpg\"><img loading=\"lazy\" decoding=\"async\" aria-describedby=\"caption-attachment-2087\" class=\"size-large wp-image-2087\" alt=\"Brunn\u00e4va, Geranium phaeum\" src=\"http:\/\/rosenholm.se\/wp-content\/uploads\/2014\/02\/D2X_0285-350x408.jpg\" width=\"350\" height=\"408\" srcset=\"https:\/\/rosenholm.se\/wp-content\/uploads\/2014\/02\/D2X_0285-350x408.jpg 350w, https:\/\/rosenholm.se\/wp-content\/uploads\/2014\/02\/D2X_0285-214x250.jpg 214w, https:\/\/rosenholm.se\/wp-content\/uploads\/2014\/02\/D2X_0285-320x373.jpg 320w, https:\/\/rosenholm.se\/wp-content\/uploads\/2014\/02\/D2X_0285.jpg 891w, https:\/\/rosenholm.se\/wp-content\/uploads\/2014\/02\/D2X_0285-350x408@2x.jpg 700w, https:\/\/rosenholm.se\/wp-content\/uploads\/2014\/02\/D2X_0285-214x250@2x.jpg 428w, https:\/\/rosenholm.se\/wp-content\/uploads\/2014\/02\/D2X_0285-320x373@2x.jpg 640w\" sizes=\"auto, (max-width: 350px) 100vw, 350px\" \/><\/a><p id=\"caption-attachment-2087\" class=\"wp-caption-text\">Brunn\u00e4va, Geranium phaeum<\/p><\/div>\n<p>Brunn\u00e4va,<em> Geranium phaeum<\/em>, f\u00e5r l\u00e4ckert brunm\u00f6nstrade blad och m\u00f6rkt purpurf\u00e4rgade sm\u00e5 blommor i maj\u2013juni som genom sin annorlunda f\u00e4rg ger ett tufft intryck trots att de \u00e4r ganska skira och sm\u00e5. H\u00f6jd 50\u201370 cm. Kan odlas i s\u00e5v\u00e4l soligt som skuggigt l\u00e4ge. H\u00e4rdig. C\/c-avst\u00e5nd: 40 cm. Bild fr\u00e5n Dr\u00f6mparken.<\/p>\n<h5><a title=\"Jordigt brunt\" href=\"http:\/\/rosenholm.se\/?page_id=2100\">Jordigt brunt<\/a><\/h5>\n<p>&nbsp;<\/p>\n","protected":false},"excerpt":{"rendered":"<p>Purpur ger en dramatisk effekt som rent av kan upplevas som mystisk eller hemlighetsfull. Purpur finns i allt fr\u00e5n m\u00f6rkt r\u00f6dlila till s\u00e5 gott som svart. Ju m\u00f6rkare nyans desto&hellip; <\/p>\n","protected":false},"author":1,"featured_media":0,"parent":1905,"menu_order":0,"comment_status":"closed","ping_status":"closed","template":"","meta":{"footnotes":""},"class_list":["post-2082","page","type-page","status-publish","hentry"],"_links":{"self":[{"href":"https:\/\/rosenholm.se\/index.php?rest_route=\/wp\/v2\/pages\/2082","targetHints":{"allow":["GET"]}}],"collection":[{"href":"https:\/\/rosenholm.se\/index.php?rest_route=\/wp\/v2\/pages"}],"about":[{"href":"https:\/\/rosenholm.se\/index.php?rest_route=\/wp\/v2\/types\/page"}],"author":[{"embeddable":true,"href":"https:\/\/rosenholm.se\/index.php?rest_route=\/wp\/v2\/users\/1"}],"replies":[{"embeddable":true,"href":"https:\/\/rosenholm.se\/index.php?rest_route=%2Fwp%2Fv2%2Fcomments&post=2082"}],"version-history":[{"count":8,"href":"https:\/\/rosenholm.se\/index.php?rest_route=\/wp\/v2\/pages\/2082\/revisions"}],"predecessor-version":[{"id":3568,"href":"https:\/\/rosenholm.se\/index.php?rest_route=\/wp\/v2\/pages\/2082\/revisions\/3568"}],"up":[{"embeddable":true,"href":"https:\/\/rosenholm.se\/index.php?rest_route=\/wp\/v2\/pages\/1905"}],"wp:attachment":[{"href":"https:\/\/rosenholm.se\/index.php?rest_route=%2Fwp%2Fv2%2Fmedia&parent=2082"}],"curies":[{"name":"wp","href":"https:\/\/api.w.org\/{rel}","templated":true}]}}