{"id":2038,"date":"2014-02-13T22:44:10","date_gmt":"2014-02-13T21:44:10","guid":{"rendered":"http:\/\/rosenholm.se\/?page_id=2038"},"modified":"2014-04-03T21:52:26","modified_gmt":"2014-04-03T19:52:26","slug":"sprakande-hett","status":"publish","type":"page","link":"https:\/\/rosenholm.se\/?page_id=2038","title":{"rendered":"Sprakande hett"},"content":{"rendered":"<p><span style=\"line-height: 1.5em;\"><strong>R\u00f6tt<\/strong> \u00e4r en stark och dominant f\u00e4rg som drar till sig blicken mitt p\u00e5 dagen. I skymningen \u00e4r den \u00e5 andra sidan den f\u00f6rsta att slockna och f\u00f6rsvinna in i omgivningen. R\u00f6tt signalerar hetta och passion. Dess starka livfullhet skapar en glad atmosf\u00e4r men uppfattas av m\u00e5nga ocks\u00e5 som alltf\u00f6r p\u00e5tr\u00e4ngande, ja kanske rent av aggressiv. R\u00f6tt \u00e4r en f\u00e4rg som p\u00e5verkar och som de flesta har \u00e5sikter om antingen man tycker den \u00e4r h\u00e4ftig och livsbejakande eller inte f\u00f6renlig med god smak. Rent r\u00f6da blommor \u00e4r liksom rent bl\u00e5 ovanliga bland fler\u00e5riga v\u00e4xter f\u00f6r v\u00e5rt klimat. Bland utplanteringsv\u00e4xterna finns det d\u00e4remot en hel del med klarr\u00f6da blommor.<\/span><\/p>\n<p><strong>Orange<\/strong> ligger mellan r\u00f6tt och gult p\u00e5 f\u00e4rgcirkeln och \u00e4r liksom dessa en varm f\u00e4rg som det sprakar om. I sin grundf\u00e4rg ger den ett mycket eldigt och dominant intryck. Knappast en f\u00e4rg man missar att l\u00e4gga m\u00e4rke till. Orange ger precis som gult h\u00f6stassociationer. De vackraste buketterna som man kan hitta i blomsterbutikerna om h\u00f6sten brukar best\u00e5 av just olika nyanser av orange och gult i sk\u00f6n f\u00f6rening. I sina dovaste nyanser, som n\u00e4rmar sig brunt, ger orange ett mustigt intryck som kan anv\u00e4ndas f\u00f6r att lugna ner en komposition med de livfulla klara nyanserna av orange, gult och r\u00f6tt.<\/p>\n<div id=\"attachment_2045\" style=\"width: 1050px\" class=\"wp-caption alignnone\"><a href=\"http:\/\/rosenholm.se\/wp-content\/uploads\/2014\/02\/D2X_4320.jpg\"><img loading=\"lazy\" decoding=\"async\" aria-describedby=\"caption-attachment-2045\" class=\"size-full wp-image-2045\" alt=\"Liten stefanandra, Stephanandra incisa 'Crispa', k\u00e4rrt\u00f6rel, Euphorbia palustris och bergk\u00f6rsb\u00e4r, Prunus sargentii\" src=\"http:\/\/rosenholm.se\/wp-content\/uploads\/2014\/02\/D2X_4320.jpg\" width=\"1040\" height=\"520\" srcset=\"https:\/\/rosenholm.se\/wp-content\/uploads\/2014\/02\/D2X_4320.jpg 1040w, https:\/\/rosenholm.se\/wp-content\/uploads\/2014\/02\/D2X_4320-250x125.jpg 250w, https:\/\/rosenholm.se\/wp-content\/uploads\/2014\/02\/D2X_4320-320x160.jpg 320w, https:\/\/rosenholm.se\/wp-content\/uploads\/2014\/02\/D2X_4320-350x175.jpg 350w, https:\/\/rosenholm.se\/wp-content\/uploads\/2014\/02\/D2X_4320-250x125@2x.jpg 500w, https:\/\/rosenholm.se\/wp-content\/uploads\/2014\/02\/D2X_4320-320x160@2x.jpg 640w, https:\/\/rosenholm.se\/wp-content\/uploads\/2014\/02\/D2X_4320-350x175@2x.jpg 700w\" sizes=\"auto, (max-width: 1040px) 100vw, 1040px\" \/><\/a><p id=\"caption-attachment-2045\" class=\"wp-caption-text\">Liten stefanandra, Stephanandra incisa &#8217;Crispa&#8217;, k\u00e4rrt\u00f6rel, Euphorbia palustris och bergk\u00f6rsb\u00e4r, Prunus sargentii<\/p><\/div>\n<p>H\u00f6sten \u00e4r de heta f\u00e4rgernas tid. Liten stefanandra, <em>Stephanandra incisa<\/em> &#8217;Crispa&#8217;, kl\u00e4r in marken invid bryggan l\u00e4ngs \u00c5promenaden i en b\u00f6ljande gulorange matta P\u00e5 andra sidan \u00e5n syns k\u00e4rrt\u00f6rel, <em>Euphorbia palustris<\/em>, som ocks\u00e5 f\u00e5tt sin sprakande h\u00f6stf\u00e4rg. En del av tr\u00e4den har redan tappat l\u00f6ven s\u00e5 h\u00e4r i slutet p\u00e5 oktober d\u00e5 bilden \u00e4r tagen, men flera av bergk\u00f6rsb\u00e4ren, <em>Prunus sargentii<\/em>, har fortfarande sina kvar.<\/p>\n<div id=\"attachment_2047\" style=\"width: 360px\" class=\"wp-caption alignright\"><a href=\"http:\/\/rosenholm.se\/wp-content\/uploads\/2014\/02\/D2X_0789.jpg\"><img loading=\"lazy\" decoding=\"async\" aria-describedby=\"caption-attachment-2047\" class=\"size-large wp-image-2047\" alt=\"N\u00e4ckrostulpan, Tulipa 'Showwinner'\" src=\"http:\/\/rosenholm.se\/wp-content\/uploads\/2014\/02\/D2X_0789-350x350.jpg\" width=\"350\" height=\"350\" srcset=\"https:\/\/rosenholm.se\/wp-content\/uploads\/2014\/02\/D2X_0789-350x350.jpg 350w, https:\/\/rosenholm.se\/wp-content\/uploads\/2014\/02\/D2X_0789-250x250.jpg 250w, https:\/\/rosenholm.se\/wp-content\/uploads\/2014\/02\/D2X_0789-320x320.jpg 320w, https:\/\/rosenholm.se\/wp-content\/uploads\/2014\/02\/D2X_0789-330x330.jpg 330w, https:\/\/rosenholm.se\/wp-content\/uploads\/2014\/02\/D2X_0789.jpg 1040w, https:\/\/rosenholm.se\/wp-content\/uploads\/2014\/02\/D2X_0789-350x350@2x.jpg 700w, https:\/\/rosenholm.se\/wp-content\/uploads\/2014\/02\/D2X_0789-250x250@2x.jpg 500w, https:\/\/rosenholm.se\/wp-content\/uploads\/2014\/02\/D2X_0789-320x320@2x.jpg 640w, https:\/\/rosenholm.se\/wp-content\/uploads\/2014\/02\/D2X_0789-330x330@2x.jpg 660w\" sizes=\"auto, (max-width: 350px) 100vw, 350px\" \/><\/a><p id=\"caption-attachment-2047\" class=\"wp-caption-text\">N\u00e4ckrostulpan, Tulipa &#8217;Showwinner&#8217;<\/p><\/div>\n<p>N\u00e4ckrostulpan, <em>Tulipa<\/em> &#8217;Showwinner&#8217;, sl\u00e5r ut sina lysande r\u00f6da blommor under andra halvan av april i Dr\u00f6mparken. H\u00f6jd 20\u201325 cm. Kr\u00e4ver v\u00e4ldr\u00e4nerad jord, men g\u00e5r att odla i stora delar av landet.<\/p>\n<div id=\"attachment_2040\" style=\"width: 1050px\" class=\"wp-caption alignnone\"><a href=\"http:\/\/rosenholm.se\/wp-content\/uploads\/2014\/02\/D2X_1927.jpg\"><img loading=\"lazy\" decoding=\"async\" aria-describedby=\"caption-attachment-2040\" class=\"size-full wp-image-2040\" alt=\"Tr\u00e4dg\u00e5rdstemynta, Monarda \u2019Jacob Cline\u2019\" src=\"http:\/\/rosenholm.se\/wp-content\/uploads\/2014\/02\/D2X_1927.jpg\" width=\"1040\" height=\"693\" srcset=\"https:\/\/rosenholm.se\/wp-content\/uploads\/2014\/02\/D2X_1927.jpg 1040w, https:\/\/rosenholm.se\/wp-content\/uploads\/2014\/02\/D2X_1927-250x166.jpg 250w, https:\/\/rosenholm.se\/wp-content\/uploads\/2014\/02\/D2X_1927-320x213.jpg 320w, https:\/\/rosenholm.se\/wp-content\/uploads\/2014\/02\/D2X_1927-350x233.jpg 350w, https:\/\/rosenholm.se\/wp-content\/uploads\/2014\/02\/D2X_1927-250x166@2x.jpg 500w, https:\/\/rosenholm.se\/wp-content\/uploads\/2014\/02\/D2X_1927-320x213@2x.jpg 640w, https:\/\/rosenholm.se\/wp-content\/uploads\/2014\/02\/D2X_1927-350x233@2x.jpg 700w\" sizes=\"auto, (max-width: 1040px) 100vw, 1040px\" \/><\/a><p id=\"caption-attachment-2040\" class=\"wp-caption-text\">Tr\u00e4dg\u00e5rdstemynta, Monarda \u2019Jacob Cline\u2019<\/p><\/div>\n<p>Den starkt r\u00f6da tr\u00e4dg\u00e5rdstemyntan, <em>Monarda<\/em> \u2019Jacob Cline\u2019, provodlas h\u00e4r efter \u00c5promenaden i Enk\u00f6ping och \u00e4r \u00e4nnu inte s\u00e5 vanlig i Sverige. Men s\u00e5 v\u00e4l som den verkar fungera kommer den s\u00e4kert att bli vanlig. Temyntans karakt\u00e4r med de matta rufsiga blommorna g\u00f6r att den inte k\u00e4nns p\u00e5tr\u00e4ngande, den starka f\u00e4rgen till trots. Blommar som b\u00e4st i juli och augusti och blir ca 80 cm h\u00f6g. Sol\u2013halvskugga. Halvh\u00e4rdig. C\/c-avst\u00e5nd: 35 cm.<\/p>\n<div id=\"attachment_2043\" style=\"width: 330px\" class=\"wp-caption alignright\"><a href=\"http:\/\/rosenholm.se\/wp-content\/uploads\/2014\/02\/D2X_9344.jpg\"><img loading=\"lazy\" decoding=\"async\" aria-describedby=\"caption-attachment-2043\" class=\"size-medium wp-image-2043\" alt=\"Daglilja, Hemerocallis 'Sammy Russel'\" src=\"http:\/\/rosenholm.se\/wp-content\/uploads\/2014\/02\/D2X_9344-320x400.jpg\" width=\"320\" height=\"400\" srcset=\"https:\/\/rosenholm.se\/wp-content\/uploads\/2014\/02\/D2X_9344-320x400.jpg 320w, https:\/\/rosenholm.se\/wp-content\/uploads\/2014\/02\/D2X_9344-200x250.jpg 200w, https:\/\/rosenholm.se\/wp-content\/uploads\/2014\/02\/D2X_9344-350x437.jpg 350w, https:\/\/rosenholm.se\/wp-content\/uploads\/2014\/02\/D2X_9344.jpg 832w, https:\/\/rosenholm.se\/wp-content\/uploads\/2014\/02\/D2X_9344-320x400@2x.jpg 640w, https:\/\/rosenholm.se\/wp-content\/uploads\/2014\/02\/D2X_9344-200x250@2x.jpg 400w, https:\/\/rosenholm.se\/wp-content\/uploads\/2014\/02\/D2X_9344-350x437@2x.jpg 700w\" sizes=\"auto, (max-width: 320px) 100vw, 320px\" \/><\/a><p id=\"caption-attachment-2043\" class=\"wp-caption-text\">Daglilja, Hemerocallis &#8217;Sammy Russel&#8217;<\/p><\/div>\n<p>Daglilja, <em>Hemerocallis<\/em> &#8217;Sammy Russel&#8217;, \u00e4r en av de vanligare dagliljorna med en r\u00f6d f\u00e4rg som har en dragning \u00e5t det gula h\u00e5llet. Sol\u2013halvskugga. H\u00e4rdig. Blommar i juli\u2013augusti och blir ca 70 cm h\u00f6g. C\/c-avst\u00e5nd: 40 cm. Id\u00e9tr\u00e4dg\u00e5rden \u201dFinrabatt och sommar\u00e4ng\u201d.<\/p>\n<div id=\"attachment_2042\" style=\"width: 1050px\" class=\"wp-caption alignnone\"><a href=\"http:\/\/rosenholm.se\/wp-content\/uploads\/2014\/02\/D2X_4825.jpg\"><img loading=\"lazy\" decoding=\"async\" aria-describedby=\"caption-attachment-2042\" class=\"size-full wp-image-2042\" alt=\"J\u00e4ttevallmo, Papaver 'Beauty of Livermere'\" src=\"http:\/\/rosenholm.se\/wp-content\/uploads\/2014\/02\/D2X_4825.jpg\" width=\"1040\" height=\"693\" srcset=\"https:\/\/rosenholm.se\/wp-content\/uploads\/2014\/02\/D2X_4825.jpg 1040w, https:\/\/rosenholm.se\/wp-content\/uploads\/2014\/02\/D2X_4825-250x166.jpg 250w, https:\/\/rosenholm.se\/wp-content\/uploads\/2014\/02\/D2X_4825-320x213.jpg 320w, https:\/\/rosenholm.se\/wp-content\/uploads\/2014\/02\/D2X_4825-350x233.jpg 350w, https:\/\/rosenholm.se\/wp-content\/uploads\/2014\/02\/D2X_4825-250x166@2x.jpg 500w, https:\/\/rosenholm.se\/wp-content\/uploads\/2014\/02\/D2X_4825-320x213@2x.jpg 640w, https:\/\/rosenholm.se\/wp-content\/uploads\/2014\/02\/D2X_4825-350x233@2x.jpg 700w\" sizes=\"auto, (max-width: 1040px) 100vw, 1040px\" \/><\/a><p id=\"caption-attachment-2042\" class=\"wp-caption-text\">J\u00e4ttevallmo, Papaver &#8217;Beauty of Livermere&#8217;<\/p><\/div>\n<p>J\u00e4ttevallmo, <em>Papaver<\/em> &#8217;Beauty of Livermere&#8217;, f\u00e5r 10\u201315 cm vida blodr\u00f6da blommor med svarta fl\u00e4ckar. En exotisk sk\u00f6nhet som \u00e4r h\u00e4rdig i hela landet. Omge den helst med andra perenner som man g\u00f6r i Dr\u00f6mparken eftersom den inte fyller ut sin plats efter blomningen i juli. Vill v\u00e4xa i full sol och blir 80 cm h\u00f6g. C\/c-avst\u00e5nd 35 cm.<\/p>\n<div id=\"attachment_2041\" style=\"width: 330px\" class=\"wp-caption alignright\"><a href=\"http:\/\/rosenholm.se\/wp-content\/uploads\/2014\/02\/D2X_5158.jpg\"><img loading=\"lazy\" decoding=\"async\" aria-describedby=\"caption-attachment-2041\" class=\"size-medium wp-image-2041\" alt=\"Eldt\u00f6rel, Euphorbia griffithii 'Fireglow'\" src=\"http:\/\/rosenholm.se\/wp-content\/uploads\/2014\/02\/D2X_5158-320x400.jpg\" width=\"320\" height=\"400\" srcset=\"https:\/\/rosenholm.se\/wp-content\/uploads\/2014\/02\/D2X_5158-320x400.jpg 320w, https:\/\/rosenholm.se\/wp-content\/uploads\/2014\/02\/D2X_5158-200x250.jpg 200w, https:\/\/rosenholm.se\/wp-content\/uploads\/2014\/02\/D2X_5158-350x437.jpg 350w, https:\/\/rosenholm.se\/wp-content\/uploads\/2014\/02\/D2X_5158.jpg 832w, https:\/\/rosenholm.se\/wp-content\/uploads\/2014\/02\/D2X_5158-320x400@2x.jpg 640w, https:\/\/rosenholm.se\/wp-content\/uploads\/2014\/02\/D2X_5158-200x250@2x.jpg 400w, https:\/\/rosenholm.se\/wp-content\/uploads\/2014\/02\/D2X_5158-350x437@2x.jpg 700w\" sizes=\"auto, (max-width: 320px) 100vw, 320px\" \/><\/a><p id=\"caption-attachment-2041\" class=\"wp-caption-text\">Eldt\u00f6rel, Euphorbia griffithii &#8217;Fireglow&#8217;<\/p><\/div>\n<p>Eldt\u00f6rel,<em> Euphorbia griffithii<\/em> &#8217;Fireglow&#8217;, \u00e4r en av Dr\u00f6mparkens v\u00e4xter som trivs i full sol, vilket man n\u00e4stan inbillar sig syns p\u00e5 f\u00e4rgen. Den kan dock f\u00f6rdra halvskugga ocks\u00e5. N\u00e4r den blommar i maj\u2013juni n\u00e5r den 40\u201350 cm i h\u00f6jd. Vill ha v\u00e4ldr\u00e4nerad jord. Halvh\u00e4rdig. C\/c-avst\u00e5nd 50 cm.<\/p>\n<h5><a title=\"Romantiskt rosa\" href=\"http:\/\/rosenholm.se\/?page_id=2063\">Romantiskt rosa<\/a><\/h5>\n","protected":false},"excerpt":{"rendered":"<p>R\u00f6tt \u00e4r en stark och dominant f\u00e4rg som drar till sig blicken mitt p\u00e5 dagen. I skymningen \u00e4r den \u00e5 andra sidan den f\u00f6rsta att slockna och f\u00f6rsvinna in i&hellip; <\/p>\n","protected":false},"author":1,"featured_media":0,"parent":1905,"menu_order":0,"comment_status":"closed","ping_status":"closed","template":"","meta":{"footnotes":""},"class_list":["post-2038","page","type-page","status-publish","hentry"],"_links":{"self":[{"href":"https:\/\/rosenholm.se\/index.php?rest_route=\/wp\/v2\/pages\/2038","targetHints":{"allow":["GET"]}}],"collection":[{"href":"https:\/\/rosenholm.se\/index.php?rest_route=\/wp\/v2\/pages"}],"about":[{"href":"https:\/\/rosenholm.se\/index.php?rest_route=\/wp\/v2\/types\/page"}],"author":[{"embeddable":true,"href":"https:\/\/rosenholm.se\/index.php?rest_route=\/wp\/v2\/users\/1"}],"replies":[{"embeddable":true,"href":"https:\/\/rosenholm.se\/index.php?rest_route=%2Fwp%2Fv2%2Fcomments&post=2038"}],"version-history":[{"count":8,"href":"https:\/\/rosenholm.se\/index.php?rest_route=\/wp\/v2\/pages\/2038\/revisions"}],"predecessor-version":[{"id":3566,"href":"https:\/\/rosenholm.se\/index.php?rest_route=\/wp\/v2\/pages\/2038\/revisions\/3566"}],"up":[{"embeddable":true,"href":"https:\/\/rosenholm.se\/index.php?rest_route=\/wp\/v2\/pages\/1905"}],"wp:attachment":[{"href":"https:\/\/rosenholm.se\/index.php?rest_route=%2Fwp%2Fv2%2Fmedia&parent=2038"}],"curies":[{"name":"wp","href":"https:\/\/api.w.org\/{rel}","templated":true}]}}