{"id":1959,"date":"2014-02-12T21:36:42","date_gmt":"2014-02-12T20:36:42","guid":{"rendered":"http:\/\/rosenholm.se\/?page_id=1959"},"modified":"2014-04-03T21:51:06","modified_gmt":"2014-04-03T19:51:06","slug":"soligt-gult","status":"publish","type":"page","link":"https:\/\/rosenholm.se\/?page_id=1959","title":{"rendered":"Soligt gult"},"content":{"rendered":"<p><span style=\"line-height: 1.5em;\"><strong>Gult<\/strong> \u00e4r en glad f\u00e4rg som n\u00e4stan kan ge en k\u00e4nsla av att det \u00e4r soligt fast molnen h\u00e4nger tunga. Grundf\u00e4rgen \u00e4r stark och f\u00e5ngar effektivt och snabbt blicken. Anv\u00e4nds den rikligt kan den l\u00e4tt bli f\u00f6r dominerande. De ljusare nyanserna av gult har en betydligt mildare framtoning och kan till och med ge rabatten en romantisk st\u00e4mning. Gult \u00e4r vanligast bland v\u00e4xter som blommar p\u00e5 v\u00e5ren respektive h\u00f6sten. De m\u00e5nga gula l\u00f6ven p\u00e5 h\u00f6sten st\u00e4rker ytterligare f\u00e4rgens koppling till just den \u00e5rstiden och bidrar till att m\u00e5nga av oss f\u00e5r vissa h\u00f6stassociationer av gult. Under ganska l\u00e5ng tid har tr\u00e4dg\u00e5rdsesteter rynkat lite p\u00e5 n\u00e4san \u00e5t grundf\u00e4rgen gult som likt klarr\u00f6tt inte har ansetts som god smak i rabatten. Men det beh\u00f6ver man inte bry sig om.<\/span><\/p>\n<div id=\"attachment_1967\" style=\"width: 1050px\" class=\"wp-caption alignnone\"><a href=\"http:\/\/rosenholm.se\/wp-content\/uploads\/2014\/02\/D2X_0494.jpg\"><img loading=\"lazy\" decoding=\"async\" aria-describedby=\"caption-attachment-1967\" class=\"size-full wp-image-1967\" alt=\"Hybridtrollhassel, Hamamelis x intermedia, \u2019Arnold Promise\u2019\" src=\"http:\/\/rosenholm.se\/wp-content\/uploads\/2014\/02\/D2X_0494.jpg\" width=\"1040\" height=\"693\" srcset=\"https:\/\/rosenholm.se\/wp-content\/uploads\/2014\/02\/D2X_0494.jpg 1040w, https:\/\/rosenholm.se\/wp-content\/uploads\/2014\/02\/D2X_0494-250x166.jpg 250w, https:\/\/rosenholm.se\/wp-content\/uploads\/2014\/02\/D2X_0494-320x213.jpg 320w, https:\/\/rosenholm.se\/wp-content\/uploads\/2014\/02\/D2X_0494-350x233.jpg 350w, https:\/\/rosenholm.se\/wp-content\/uploads\/2014\/02\/D2X_0494-250x166@2x.jpg 500w, https:\/\/rosenholm.se\/wp-content\/uploads\/2014\/02\/D2X_0494-320x213@2x.jpg 640w, https:\/\/rosenholm.se\/wp-content\/uploads\/2014\/02\/D2X_0494-350x233@2x.jpg 700w\" sizes=\"auto, (max-width: 1040px) 100vw, 1040px\" \/><\/a><p id=\"caption-attachment-1967\" class=\"wp-caption-text\">Hybridtrollhassel, Hamamelis x intermedia, \u2019Arnold Promise\u2019<\/p><\/div>\n<p>Hybridtrollhassel, <em>Hamamelis<\/em> x <em>intermedia<\/em>, \u2019Arnold Promise\u2019 sl\u00e5r i Pastor Spaks park ut sina gula tufsiga blommor redan i januari\u2013mars. De \u00e4r sm\u00e5, men den tidiga blomning g\u00f6r den uppskattad. Planteras g\u00e4rna invid entr\u00e9g\u00e5ngen, s\u00e5 ska du se att vintern kommer att k\u00e4nnas kortare \u00e4n f\u00f6rut. Det finns flera olika sorter av trollhasslar med lite varierande v\u00e4xts\u00e4tt och blommor i nyanser av gult, orange och r\u00f6tt. De blir mellan 1,5\u20133 meter h\u00f6ga och vill ha en halvskuggig, vindskyddad v\u00e4xtplats i mullrik, l\u00e4tt jord som helst ska vara lite fuktig. Sorter av hybridtrollhassel \u00e4r som regel h\u00e4rdiga till zon 3.<\/p>\n<div id=\"attachment_1970\" style=\"width: 360px\" class=\"wp-caption alignleft\"><a href=\"http:\/\/rosenholm.se\/wp-content\/uploads\/2014\/02\/D2X_2836.jpg\"><img loading=\"lazy\" decoding=\"async\" aria-describedby=\"caption-attachment-1970\" class=\"size-large wp-image-1970\" alt=\"Septembersolros, Helianthus 'Lemon Queen' och diamantr\u00f6r, Calamagrostis brachytricha\" src=\"http:\/\/rosenholm.se\/wp-content\/uploads\/2014\/02\/D2X_2836-350x437.jpg\" width=\"350\" height=\"437\" srcset=\"https:\/\/rosenholm.se\/wp-content\/uploads\/2014\/02\/D2X_2836-350x437.jpg 350w, https:\/\/rosenholm.se\/wp-content\/uploads\/2014\/02\/D2X_2836-200x250.jpg 200w, https:\/\/rosenholm.se\/wp-content\/uploads\/2014\/02\/D2X_2836-320x400.jpg 320w, https:\/\/rosenholm.se\/wp-content\/uploads\/2014\/02\/D2X_2836.jpg 832w, https:\/\/rosenholm.se\/wp-content\/uploads\/2014\/02\/D2X_2836-350x437@2x.jpg 700w, https:\/\/rosenholm.se\/wp-content\/uploads\/2014\/02\/D2X_2836-200x250@2x.jpg 400w, https:\/\/rosenholm.se\/wp-content\/uploads\/2014\/02\/D2X_2836-320x400@2x.jpg 640w\" sizes=\"auto, (max-width: 350px) 100vw, 350px\" \/><\/a><p id=\"caption-attachment-1970\" class=\"wp-caption-text\">Septembersolros, Helianthus &#8217;Lemon Queen&#8217; och diamantr\u00f6r, Calamagrostis brachytricha<\/p><\/div>\n<p>Den perenna solrosen, <em>Helianthus<\/em>\u00a0&#8217;Lemon Queen&#8217;, ofta kallad septembersolros, har en behaglig gul f\u00e4rgton och blommar s\u00e5 h\u00e4r vackert i Dr\u00f6mparken fortfarande i mitten av oktober. Den blir 1,5\u20132 m h\u00f6g. Trivs i full sol. R\u00e4knas som h\u00e4rdig men \u00e4r p\u00e5 grund av den sena blomningen inget f\u00f6r norra Sverige. Omtyckt av bin. C\/c-avst\u00e5nd: 50 cm. H\u00e4r syns den s\u00e4llskapa med diamantr\u00f6rets, <em>Calamagrostis<\/em> <em>brachytricha<\/em>, plymer.<\/p>\n<div id=\"attachment_1966\" style=\"width: 1050px\" class=\"wp-caption alignnone\"><a href=\"http:\/\/rosenholm.se\/wp-content\/uploads\/2014\/02\/D2X_3570-1-.jpg\"><img loading=\"lazy\" decoding=\"async\" aria-describedby=\"caption-attachment-1966\" class=\"size-full wp-image-1966\" alt=\"Daglilja, Hemerocallis \u2019Queen of May\u2019\" src=\"http:\/\/rosenholm.se\/wp-content\/uploads\/2014\/02\/D2X_3570-1-.jpg\" width=\"1040\" height=\"520\" srcset=\"https:\/\/rosenholm.se\/wp-content\/uploads\/2014\/02\/D2X_3570-1-.jpg 1040w, https:\/\/rosenholm.se\/wp-content\/uploads\/2014\/02\/D2X_3570-1--250x125.jpg 250w, https:\/\/rosenholm.se\/wp-content\/uploads\/2014\/02\/D2X_3570-1--320x160.jpg 320w, https:\/\/rosenholm.se\/wp-content\/uploads\/2014\/02\/D2X_3570-1--350x175.jpg 350w, https:\/\/rosenholm.se\/wp-content\/uploads\/2014\/02\/D2X_3570-1--250x125@2x.jpg 500w, https:\/\/rosenholm.se\/wp-content\/uploads\/2014\/02\/D2X_3570-1--320x160@2x.jpg 640w, https:\/\/rosenholm.se\/wp-content\/uploads\/2014\/02\/D2X_3570-1--350x175@2x.jpg 700w\" sizes=\"auto, (max-width: 1040px) 100vw, 1040px\" \/><\/a><p id=\"caption-attachment-1966\" class=\"wp-caption-text\">Daglilja, Hemerocallis \u2019Queen of May\u2019<\/p><\/div>\n<p>Dagliljan,\u00a0<em>Hemerocallis<\/em>, \u2019Queen of May\u2019 \u00e4r en av de tidigblommande dagliljorna som blommar som b\u00e4st redan i juni. Den remonterar, dvs \u00e5terblommar, ocks\u00e5 l\u00e4ngre fram. Bildar massiva f\u00e4lt av gult om de som h\u00e4r i K\u00f6lnbacksparken planteras i stora grupper tillsammans. Trivs i full sol till halvskugga, blir ca 80 cm h\u00f6g och \u00e4r mycket h\u00e4rdig. Doftar. C\/c-avst\u00e5nd: 40 cm.<\/p>\n<div id=\"attachment_1962\" style=\"width: 360px\" class=\"wp-caption alignright\"><a href=\"http:\/\/rosenholm.se\/wp-content\/uploads\/2014\/02\/D2X_8947.jpg\"><img loading=\"lazy\" decoding=\"async\" aria-describedby=\"caption-attachment-1962\" class=\"size-large wp-image-1962\" alt=\"Brooklynmagnolia, Magnolia \u00d7 brooklynensis 'Yellow Bird'\" src=\"http:\/\/rosenholm.se\/wp-content\/uploads\/2014\/02\/D2X_8947-350x437.jpg\" width=\"350\" height=\"437\" srcset=\"https:\/\/rosenholm.se\/wp-content\/uploads\/2014\/02\/D2X_8947-350x437.jpg 350w, https:\/\/rosenholm.se\/wp-content\/uploads\/2014\/02\/D2X_8947-200x250.jpg 200w, https:\/\/rosenholm.se\/wp-content\/uploads\/2014\/02\/D2X_8947-320x400.jpg 320w, https:\/\/rosenholm.se\/wp-content\/uploads\/2014\/02\/D2X_8947.jpg 832w, https:\/\/rosenholm.se\/wp-content\/uploads\/2014\/02\/D2X_8947-350x437@2x.jpg 700w, https:\/\/rosenholm.se\/wp-content\/uploads\/2014\/02\/D2X_8947-200x250@2x.jpg 400w, https:\/\/rosenholm.se\/wp-content\/uploads\/2014\/02\/D2X_8947-320x400@2x.jpg 640w\" sizes=\"auto, (max-width: 350px) 100vw, 350px\" \/><\/a><p id=\"caption-attachment-1962\" class=\"wp-caption-text\">Brooklynmagnolia, Magnolia \u00d7 brooklynensis &#8217;Yellow Bird&#8217;<\/p><\/div>\n<p>Gulaktiga magnolior \u00e4r vanligen s\u00e5 kallade <em>Acuminata<\/em>-hybrider, det vill s\u00e4ga hybrider p\u00e5 den h\u00e4rdiga gulgr\u00f6n-blommande poppelmagnolian. Brooklynmagnolia <em>Magnolia<\/em> \u00d7 <em>brooklynensis<\/em> &#8217;Yellow Bird&#8217; \u00e4r en snabbv\u00e4xande hybrid som kan st\u00e5 \u00f6ppet och verkar t\u00e5la b\u00e5de vind och barfrost p\u00e5 sin plats i Klosterparken. Inte s\u00e5 vanlig i odling \u00e4nnu, men minst zon 3 kan man r\u00e4kna med att den ska t\u00e5la.<\/p>\n<p>&nbsp;<\/p>\n<div id=\"attachment_1965\" style=\"width: 1050px\" class=\"wp-caption alignnone\"><a href=\"http:\/\/rosenholm.se\/wp-content\/uploads\/2014\/02\/D2X_4062.jpg\"><img loading=\"lazy\" decoding=\"async\" aria-describedby=\"caption-attachment-1965\" class=\"size-full wp-image-1965\" alt=\"Parkst\u00e5nds, Senecio sarracenicus \" src=\"http:\/\/rosenholm.se\/wp-content\/uploads\/2014\/02\/D2X_4062.jpg\" width=\"1040\" height=\"693\" srcset=\"https:\/\/rosenholm.se\/wp-content\/uploads\/2014\/02\/D2X_4062.jpg 1040w, https:\/\/rosenholm.se\/wp-content\/uploads\/2014\/02\/D2X_4062-250x166.jpg 250w, https:\/\/rosenholm.se\/wp-content\/uploads\/2014\/02\/D2X_4062-320x213.jpg 320w, https:\/\/rosenholm.se\/wp-content\/uploads\/2014\/02\/D2X_4062-350x233.jpg 350w, https:\/\/rosenholm.se\/wp-content\/uploads\/2014\/02\/D2X_4062-250x166@2x.jpg 500w, https:\/\/rosenholm.se\/wp-content\/uploads\/2014\/02\/D2X_4062-320x213@2x.jpg 640w, https:\/\/rosenholm.se\/wp-content\/uploads\/2014\/02\/D2X_4062-350x233@2x.jpg 700w\" sizes=\"auto, (max-width: 1040px) 100vw, 1040px\" \/><\/a><p id=\"caption-attachment-1965\" class=\"wp-caption-text\">Parkst\u00e5nds, Senecio sarracenicus<\/p><\/div>\n<p><span style=\"line-height: 1.5em;\">Parkst\u00e5nds, <em>Senecio sarracenicus<\/em>, \u00e4r en storv\u00e4xt perenn som f\u00e5r massor med citrongula blommor under perioden juli\u2013augusti. Den blir ett imponerande blickf\u00e5ng i bakkanten av rabatten eller under h\u00f6ga tr\u00e4d som h\u00e4r i Klosterparken. H\u00f6jd 1\u20131,5 m. Trivs i halvskugga. Mycket h\u00e4rdig. C\/c-avst\u00e5nd: 50 cm.<\/span><\/p>\n<div id=\"attachment_1964\" style=\"width: 360px\" class=\"wp-caption alignright\"><a href=\"http:\/\/rosenholm.se\/wp-content\/uploads\/2014\/02\/D2X_5200.jpg\"><img loading=\"lazy\" decoding=\"async\" aria-describedby=\"caption-attachment-1964\" class=\"size-large wp-image-1964\" alt=\"Rugosaros, Rosa 'Agnes'\" src=\"http:\/\/rosenholm.se\/wp-content\/uploads\/2014\/02\/D2X_5200-350x437.jpg\" width=\"350\" height=\"437\" srcset=\"https:\/\/rosenholm.se\/wp-content\/uploads\/2014\/02\/D2X_5200-350x437.jpg 350w, https:\/\/rosenholm.se\/wp-content\/uploads\/2014\/02\/D2X_5200-200x250.jpg 200w, https:\/\/rosenholm.se\/wp-content\/uploads\/2014\/02\/D2X_5200-320x400.jpg 320w, https:\/\/rosenholm.se\/wp-content\/uploads\/2014\/02\/D2X_5200.jpg 832w, https:\/\/rosenholm.se\/wp-content\/uploads\/2014\/02\/D2X_5200-350x437@2x.jpg 700w, https:\/\/rosenholm.se\/wp-content\/uploads\/2014\/02\/D2X_5200-200x250@2x.jpg 400w, https:\/\/rosenholm.se\/wp-content\/uploads\/2014\/02\/D2X_5200-320x400@2x.jpg 640w\" sizes=\"auto, (max-width: 350px) 100vw, 350px\" \/><\/a><p id=\"caption-attachment-1964\" class=\"wp-caption-text\">Rugosaros, Rosa &#8217;Agnes&#8217;<\/p><\/div>\n<p>Rugosarosen, <em>Rosa<\/em> &#8217;Agnes&#8217;, har en ljust aprikosgul f\u00e4rg som v\u00e4l matchar de rostbruna kl\u00e4tterskulpturerna i Pastor Spaks park. Blomrik och doftande med frodigt bladverk och fungerar upp till zon 6. Blommar fr\u00e5n ganska tidigt i juni till en bra bit in i juli. \u00c5terblommar sparsamt p\u00e5 h\u00f6sten om v\u00e4dret varit gynnsamt. Kan n\u00e5 en h\u00f6jd av 2 m men h\u00e5ller sig normalt l\u00e4gre.<\/p>\n<div id=\"attachment_1963\" style=\"width: 360px\" class=\"wp-caption alignright\"><a href=\"http:\/\/rosenholm.se\/wp-content\/uploads\/2014\/02\/D2X_6026.jpg\"><img loading=\"lazy\" decoding=\"async\" aria-describedby=\"caption-attachment-1963\" class=\"size-large wp-image-1963\" alt=\"V\u00e5rt\u00f6rel, Euphorbia cyparissias, \u2019Fens Ruby\u2019\" src=\"http:\/\/rosenholm.se\/wp-content\/uploads\/2014\/02\/D2X_6026-350x437.jpg\" width=\"350\" height=\"437\" srcset=\"https:\/\/rosenholm.se\/wp-content\/uploads\/2014\/02\/D2X_6026-350x437.jpg 350w, https:\/\/rosenholm.se\/wp-content\/uploads\/2014\/02\/D2X_6026-200x250.jpg 200w, https:\/\/rosenholm.se\/wp-content\/uploads\/2014\/02\/D2X_6026-320x400.jpg 320w, https:\/\/rosenholm.se\/wp-content\/uploads\/2014\/02\/D2X_6026.jpg 832w, https:\/\/rosenholm.se\/wp-content\/uploads\/2014\/02\/D2X_6026-350x437@2x.jpg 700w, https:\/\/rosenholm.se\/wp-content\/uploads\/2014\/02\/D2X_6026-200x250@2x.jpg 400w, https:\/\/rosenholm.se\/wp-content\/uploads\/2014\/02\/D2X_6026-320x400@2x.jpg 640w\" sizes=\"auto, (max-width: 350px) 100vw, 350px\" \/><\/a><p id=\"caption-attachment-1963\" class=\"wp-caption-text\">V\u00e5rt\u00f6rel, Euphorbia cyparissias, \u2019Fens Ruby\u2019<\/p><\/div>\n<p>V\u00e5rt\u00f6rel, <em>Euphorbia<\/em> <em>cyparissias<\/em>, \u2019Fens Ruby\u2019, ocks\u00e5 kallad \u2019Clarice Howard\u2019, blommar i gult med dragning mot lime och blir imponerande snygg n\u00e4r den planteras i lite st\u00f6rre f\u00e4lt. Blomningen intr\u00e4ffar i maj\u2013juni och den blir 20\u201340 cm h\u00f6g. Vill v\u00e4xa i full sol och sprider sig snabbt. H\u00e4rdig. C\/c-avst\u00e5nd: 35 cm. Dr\u00f6mparken.<\/p>\n<h5><a title=\"Kallt och diskret\" href=\"http:\/\/rosenholm.se\/?page_id=1991\">Kallt och diskret<\/a><\/h5>\n","protected":false},"excerpt":{"rendered":"<p>Gult \u00e4r en glad f\u00e4rg som n\u00e4stan kan ge en k\u00e4nsla av att det \u00e4r soligt fast molnen h\u00e4nger tunga. Grundf\u00e4rgen \u00e4r stark och f\u00e5ngar effektivt och snabbt blicken. Anv\u00e4nds&hellip; <\/p>\n","protected":false},"author":1,"featured_media":0,"parent":1905,"menu_order":0,"comment_status":"closed","ping_status":"closed","template":"","meta":{"footnotes":""},"class_list":["post-1959","page","type-page","status-publish","hentry"],"_links":{"self":[{"href":"https:\/\/rosenholm.se\/index.php?rest_route=\/wp\/v2\/pages\/1959","targetHints":{"allow":["GET"]}}],"collection":[{"href":"https:\/\/rosenholm.se\/index.php?rest_route=\/wp\/v2\/pages"}],"about":[{"href":"https:\/\/rosenholm.se\/index.php?rest_route=\/wp\/v2\/types\/page"}],"author":[{"embeddable":true,"href":"https:\/\/rosenholm.se\/index.php?rest_route=\/wp\/v2\/users\/1"}],"replies":[{"embeddable":true,"href":"https:\/\/rosenholm.se\/index.php?rest_route=%2Fwp%2Fv2%2Fcomments&post=1959"}],"version-history":[{"count":16,"href":"https:\/\/rosenholm.se\/index.php?rest_route=\/wp\/v2\/pages\/1959\/revisions"}],"predecessor-version":[{"id":3564,"href":"https:\/\/rosenholm.se\/index.php?rest_route=\/wp\/v2\/pages\/1959\/revisions\/3564"}],"up":[{"embeddable":true,"href":"https:\/\/rosenholm.se\/index.php?rest_route=\/wp\/v2\/pages\/1905"}],"wp:attachment":[{"href":"https:\/\/rosenholm.se\/index.php?rest_route=%2Fwp%2Fv2%2Fmedia&parent=1959"}],"curies":[{"name":"wp","href":"https:\/\/api.w.org\/{rel}","templated":true}]}}