{"id":1834,"date":"2014-02-09T21:33:11","date_gmt":"2014-02-09T20:33:11","guid":{"rendered":"http:\/\/rosenholm.se\/?page_id=1834"},"modified":"2014-03-28T21:21:58","modified_gmt":"2014-03-28T20:21:58","slug":"jord","status":"publish","type":"page","link":"https:\/\/rosenholm.se\/?page_id=1834","title":{"rendered":"Jord"},"content":{"rendered":"<h5>Mull beh\u00f6vs<\/h5>\n<div id=\"attachment_1843\" style=\"width: 360px\" class=\"wp-caption alignright\"><a href=\"http:\/\/rosenholm.se\/wp-content\/uploads\/2014\/02\/DSC07868.jpg\"><img loading=\"lazy\" decoding=\"async\" aria-describedby=\"caption-attachment-1843\" class=\"size-large wp-image-1843\" alt=\"De kalkrika jordarna p\u00e5 Alvaret p\u00e5 \u00d6land h\u00f6r till de mest extrema jordar man kan hitta i Sverige. P\u00e5 dessa mycket alkalina jordar, d\u00e4r kalkstensberggrunden ofta finns strax under markytan eller till och med sticker upp ur marken, \u00e4r floran helt anpassad till f\u00f6rh\u00e5llandena. Kuri\u00f6st nog finns ocks\u00e5 vissa kalkfattiga torrbackar med sur reaktion och helt avvikande vegetation. P\u00e5 bilden skiftar Alvaret i violett av blommande vild timjan.\" src=\"http:\/\/rosenholm.se\/wp-content\/uploads\/2014\/02\/DSC07868-350x466.jpg\" width=\"350\" height=\"466\" srcset=\"https:\/\/rosenholm.se\/wp-content\/uploads\/2014\/02\/DSC07868-350x466.jpg 350w, https:\/\/rosenholm.se\/wp-content\/uploads\/2014\/02\/DSC07868-187x250.jpg 187w, https:\/\/rosenholm.se\/wp-content\/uploads\/2014\/02\/DSC07868-320x426.jpg 320w, https:\/\/rosenholm.se\/wp-content\/uploads\/2014\/02\/DSC07868.jpg 780w, https:\/\/rosenholm.se\/wp-content\/uploads\/2014\/02\/DSC07868-350x466@2x.jpg 700w, https:\/\/rosenholm.se\/wp-content\/uploads\/2014\/02\/DSC07868-187x250@2x.jpg 374w, https:\/\/rosenholm.se\/wp-content\/uploads\/2014\/02\/DSC07868-320x426@2x.jpg 640w\" sizes=\"auto, (max-width: 350px) 100vw, 350px\" \/><\/a><p id=\"caption-attachment-1843\" class=\"wp-caption-text\">De kalkrika jordarna p\u00e5 Alvaret p\u00e5 \u00d6land h\u00f6r till de mest extrema jordar man kan hitta i Sverige. P\u00e5 dessa mycket alkalina jordar, d\u00e4r kalkstensberggrunden ofta finns strax under markytan eller till och med sticker upp ur marken, \u00e4r floran helt anpassad till f\u00f6rh\u00e5llandena. Kuri\u00f6st nog finns ocks\u00e5 vissa kalkfattiga torrbackar med sur reaktion och helt avvikande vegetation. P\u00e5 bilden skiftar Alvaret i violett av blommande vild timjan.<\/p><\/div>\n<p>F\u00f6r att f\u00e5 en v\u00e4lm\u00e5ende och vacker tr\u00e4dg\u00e5rd beh\u00f6vs en\u00a0mullrik jord. Mull, eller humus p\u00e5 fackspr\u00e5k, bildas n\u00e4r\u00a0organiskt material bryts ner av jordens maskar, bakterier\u00a0och andra mikroorganismer. Mullen bidrar till att jorden\u00a0blir varmare, por\u00f6sare och g\u00f6r det l\u00e4ttare\u00a0f\u00f6r v\u00e4xternas r\u00f6tter att ta upp n\u00e4ring. En mullrik jord\u00a0k\u00e4nnetecknas av l\u00f6s och lucker konsistens. Den faller\u00a0s\u00f6nder och rinner ut mellan fingrarna n\u00e4r vi tar den\u00a0i h\u00e4nderna och den inneh\u00e5ller mycket mask. F\u00e4rgen \u00e4r\u00a0m\u00f6rk och har en mustig doft. Att helt enkelt ta upp\u00a0jord i handen, titta och lukta \u00e4r ett f\u00f6rsta steg\u00a0att f\u00e5 en k\u00e4nsla f\u00f6r hur det st\u00e5r till med jorden i ens egen\u00a0tr\u00e4dg\u00e5rd.<\/p>\n<p>Om tr\u00e4dg\u00e5rden \u00e4r nyanlagd, eller om den varit intensivt\u00a0brukad med anv\u00e4ndning av konstg\u00f6dsel, kan jorden f\u00e5\u00a0l\u00e5g humushalt. F\u00f6rb\u00e4ttra den genom att tillf\u00f6ra kompost\u00a0eller stallg\u00f6dsel. Gr\u00e4v inte bort och byt ut i on\u00f6dan,\u00a0de flesta jordar kan f\u00f6rb\u00e4ttras genom tillf\u00f6rsel av n\u00e4ring\u00a0och humus. F\u00f6r att den ska beh\u00e5lla sin mullhalt beh\u00f6vs\u00a0\u00e5rlig tillf\u00f6rsel av organiskt material. Mullbildningen gynnas\u00a0av l\u00f6v och finf\u00f6rdelade v\u00e4xtdelar som l\u00e4mnas kvar\u00a0p\u00e5 jorden, s\u00e5 var inte f\u00f6r nitisk med krattan.<\/p>\n<h5>Jordens struktur<\/h5>\n<p>F\u00f6renklat kan man tala om tre olika huvudtyper av jordar\u00a0n\u00e4r det g\u00e4ller kornstorleken p\u00e5 de ing\u00e5ende partiklarna:\u00a0lera, silt och sand. Lera inneh\u00e5ller de allra minsta partiklarna,kring en tusendels millimeter, medan sand har\u00a0partiklar som man kan b\u00e5de se och k\u00e4nna. Mellan sand\u00a0och lera ligger den jordart som kallas silt.<\/p>\n<p>En sandjord har grov struktur med st\u00f6rre mellanrum\u00a0mellan partiklarna \u00e4n den mer finkorniga lerjorden. Den\u00a0por\u00f6sa sandjorden \u00e4r l\u00e4ttarbetad och v\u00e4rms snabbt upp\u00a0p\u00e5 v\u00e5ren. Den torkar l\u00e4tt ut och n\u00e4rings\u00e4mnena lakas\u00a0ur fortare \u00e4n de g\u00f6r i en lerjord som \u00e4r mer kompakt.\u00a0Lerjorden h\u00e5ller kvar vatten och n\u00e4ring bra, men riskerar\u00a0i st\u00e4llet att bli alltf\u00f6r fuktig, kall och sv\u00e5rarbetad.<\/p>\n<p>Lerjord k\u00e4nnetecknas av att den \u00e4r klibbig, vilket du\u00a0kan k\u00e4nna med handen. Om du fuktar lite jord och\u00a0kn\u00e5dar den till en deg i handen kan du sedan rulla ut den\u00a0till en sammanh\u00e4ngande str\u00e4ng som kan g\u00f6ras tunnare\u00a0ju mer lerhaltig jorden \u00e4r. F\u00f6r en ren sandjord g\u00e5r det inte\u00a0ens att f\u00e5 en halv centimeter tjock str\u00e4ng, medan styv \u00a0lera kan rullas ut till en str\u00e4ng tunnare \u00e4n en millimeter\u00a0om man \u00e4r f\u00f6rsiktig. Du kan l\u00e4sa mer om hur man skiljer\u00a0p\u00e5 olika jordarter i <a title=\"Lera, sand eller silt \u2013 att best\u00e4mma jordart\" href=\"http:\/\/rosenholm.se\/?page_id=1841\">faktarutan<\/a>.<\/p>\n<p>Ren sandjord respektive lerjord utg\u00f6r ytterligheterna\u00a0och de flesta tr\u00e4dg\u00e5rdsjordar ligger n\u00e5gonstans mitt\u00a0emellan, ofta med ett stort inneh\u00e5ll av silt. Man ska inte\u00a0bekymra sig i on\u00f6dan \u00f6ver jorden i sin tr\u00e4dg\u00e5rd. En stor\u00a0del av tr\u00e4dg\u00e5rdsv\u00e4xterna g\u00e5r alldeles utm\u00e4rkt att odla\u00a0oavsett om jorden \u00e4r \u00e5t det sandiga eller det leriga h\u00e5llet\u00a0s\u00e5 l\u00e4nge den inte g\u00e5r \u00f6ver mot utpr\u00e4glad ler- eller\u00a0sandjord.<\/p>\n<p>En del v\u00e4xter har mer specifika krav p\u00e5 jordens struktur.\u00a0V\u00e4xter som inte t\u00e5l vinterfukt, som odlas p\u00e5 gr\u00e4nsen\u00a0till sin h\u00e4rdighet eller som f\u00f6redrar torra v\u00e4xtplatser trivs\u00a0b\u00e4st p\u00e5 jordar som \u00e4r \u00e5t det sandiga h\u00e5llet eftersom dessa\u00a0i regel \u00e4r mer v\u00e4ldr\u00e4nerade och torra. De v\u00e4xter som\u00a0beh\u00f6ver en fuktighetsh\u00e5llande jord passar i st\u00e4llet b\u00e4st\u00a0d\u00e4r lerhalten \u00e4r h\u00f6gre. Observera dock att n\u00e4stan\u00a0alla v\u00e4xter, \u00e4ven de som trivs i fuktighetsh\u00e5llande\u00a0jord, ogillar st\u00e5ende vinterfukt. D\u00e4rf\u00f6r \u00e4r det mycket viktigt\u00a0att se till att lerjorden \u00e4r tillr\u00e4ckligt dr\u00e4nerad.<\/p>\n<p>Oavsett om din jord \u00e4r \u00e5t det sandiga eller leriga h\u00e5llet\u00a0f\u00f6rb\u00e4ttras den av att du tillf\u00f6r organiskt material. Speciellt\u00a0sandiga jordar beh\u00f6ver ofta ocks\u00e5 tillskott av g\u00f6dsel f\u00f6r\u00a0n\u00e4rings\u00e4mnenas skull.<\/p>\n<div id=\"attachment_1845\" style=\"width: 1050px\" class=\"wp-caption alignnone\"><a href=\"http:\/\/rosenholm.se\/wp-content\/uploads\/2014\/02\/DSCN3165.jpg\"><img loading=\"lazy\" decoding=\"async\" aria-describedby=\"caption-attachment-1845\" class=\"size-full wp-image-1845\" alt=\"I Sofieros dalg\u00e5ngar trivs humus\u00e4lskande surjordsv\u00e4xter. Rododendron och azaleor blommar vildsint p\u00e5 v\u00e5ren. Jorden har sedan l\u00e5ngt tillbaka blivit b\u00e5de humusrik och f\u00f6rsurad av de nedfallande l\u00f6ven fr\u00e5n fr\u00e4mst bok. I den sluttande terr\u00e4ngen \u00e4r vattenavrinningen god och den kalla luften sveps undan. Tr\u00e4dkronorna skyddar mot f\u00f6r stark sol och kyla. En n\u00e4rmast idealisk milj\u00f6 f\u00f6r Rhododendron-arter.\" src=\"http:\/\/rosenholm.se\/wp-content\/uploads\/2014\/02\/DSCN3165.jpg\" width=\"1040\" height=\"693\" srcset=\"https:\/\/rosenholm.se\/wp-content\/uploads\/2014\/02\/DSCN3165.jpg 1040w, https:\/\/rosenholm.se\/wp-content\/uploads\/2014\/02\/DSCN3165-250x166.jpg 250w, https:\/\/rosenholm.se\/wp-content\/uploads\/2014\/02\/DSCN3165-320x213.jpg 320w, https:\/\/rosenholm.se\/wp-content\/uploads\/2014\/02\/DSCN3165-350x233.jpg 350w, https:\/\/rosenholm.se\/wp-content\/uploads\/2014\/02\/DSCN3165-250x166@2x.jpg 500w, https:\/\/rosenholm.se\/wp-content\/uploads\/2014\/02\/DSCN3165-320x213@2x.jpg 640w, https:\/\/rosenholm.se\/wp-content\/uploads\/2014\/02\/DSCN3165-350x233@2x.jpg 700w\" sizes=\"auto, (max-width: 1040px) 100vw, 1040px\" \/><\/a><p id=\"caption-attachment-1845\" class=\"wp-caption-text\">I Sofieros dalg\u00e5ngar trivs humus\u00e4lskande surjordsv\u00e4xter. Rododendron och azaleor blommar vildsint p\u00e5 v\u00e5ren. Jorden har sedan l\u00e5ngt tillbaka blivit b\u00e5de humusrik och f\u00f6rsurad av de nedfallande l\u00f6ven fr\u00e5n fr\u00e4mst bok. I den sluttande terr\u00e4ngen \u00e4r vattenavrinningen god och den kalla luften sveps undan. Tr\u00e4dkronorna skyddar mot f\u00f6r stark sol och kyla. En n\u00e4rmast idealisk milj\u00f6 f\u00f6r Rhododendron-arter.<\/p><\/div>\n<h5>pH-v\u00e4rde<\/h5>\n<p>Jordens pH-v\u00e4rde \u00e4r ett m\u00e5tt p\u00e5 om den \u00e4r sur eller\u00a0alkalisk. Ett pH-v\u00e4rde runt 7 \u00e4r neutralt medan ett v\u00e4rde\u00a0under 6 motsvarar sur jord. N\u00e4r pH-v\u00e4rdet ligger \u00f6ver\u00a07 \u00e4r jorden alkalisk. Jordens pH-v\u00e4rde har betydelse\u00a0f\u00f6r vilka v\u00e4xter som kommer att trivas. De allra flesta\u00a0tr\u00e4dg\u00e5rdsv\u00e4xter f\u00f6redrar ett pH-v\u00e4rde runt 6,5 medan\u00a0utpr\u00e4glade surjordsv\u00e4xter, som rododendron och bl\u00e5b\u00e4r,\u00a0trivs b\u00e4st med pH-v\u00e4rden runt 5. Kalk\u00e4lskande v\u00e4xter\u00a0kan med f\u00f6rdel odlas i pH-v\u00e4rden upp emot 7,5.<\/p>\n<p>Man kan studera vilka v\u00e4xter som verkar trivas p\u00e5 platsen\u00a0och i n\u00e4romr\u00e5det f\u00f6r att f\u00e5 ledtr\u00e5dar till om jorden \u00e4r\u00a0sur eller alkalisk. B\u00e5de planterade tr\u00e4dg\u00e5rdsv\u00e4xter och\u00a0vildv\u00e4xande \u00f6rter och ogr\u00e4s kan ge v\u00e4gledning. Det g\u00e5r\u00a0att analysera pH-v\u00e4rdet p\u00e5 jorden sj\u00e4lv med f\u00e4rdiga testpaket\u00a0eller att skicka in prover till laboratorium, men\u00a0oftast r\u00e4cker det med lokalkunskap och att studera v\u00e4xtligheten.<\/p>\n<p>Genom att tillf\u00f6ra torv respektive kalk g\u00e5r det att s\u00e4nka\u00a0respektive h\u00f6ja jordens pH-v\u00e4rde och till en viss gr\u00e4ns\u00a0planera f\u00f6r olika pH-v\u00e4rden i olika delar av tr\u00e4dg\u00e5rden.\u00a0I en halvskuggig del kan man med hj\u00e4lp av\u00a0torvblock skapa ett upph\u00f6jt surjordsparti, medan man p\u00e5\u00a0andra st\u00e4llen l\u00e5ter jordens pH-v\u00e4rde ligga p\u00e5 runt 6,5 f\u00f6r\u00a0att rosor och schersminer ska trivas.<\/p>\n<p>De flesta tr\u00e4dg\u00e5rdsv\u00e4xter \u00e4r ganska toleranta f\u00f6r olika\u00a0pH-v\u00e4rden. Man ska d\u00e4rf\u00f6r vara lite f\u00f6rsiktig, speciellt\u00a0med kalkning av jord. Det \u00e4r oftast helt on\u00f6digt och fler\u00a0tr\u00e4dg\u00e5rdar har skadats av f\u00f6r mycket kalk \u00e4n av f\u00f6r lite.<\/p>\n<h5><a title=\"Befintliga v\u00e4xter\" href=\"http:\/\/rosenholm.se\/?page_id=1853\">Befintliga v\u00e4xter<\/a><\/h5>\n","protected":false},"excerpt":{"rendered":"<p>Mull beh\u00f6vs F\u00f6r att f\u00e5 en v\u00e4lm\u00e5ende och vacker tr\u00e4dg\u00e5rd beh\u00f6vs en\u00a0mullrik jord. Mull, eller humus p\u00e5 fackspr\u00e5k, bildas n\u00e4r\u00a0organiskt material bryts ner av jordens maskar, bakterier\u00a0och andra mikroorganismer. Mullen&hellip; <\/p>\n","protected":false},"author":1,"featured_media":0,"parent":1706,"menu_order":0,"comment_status":"closed","ping_status":"closed","template":"","meta":{"footnotes":""},"class_list":["post-1834","page","type-page","status-publish","hentry"],"_links":{"self":[{"href":"https:\/\/rosenholm.se\/index.php?rest_route=\/wp\/v2\/pages\/1834","targetHints":{"allow":["GET"]}}],"collection":[{"href":"https:\/\/rosenholm.se\/index.php?rest_route=\/wp\/v2\/pages"}],"about":[{"href":"https:\/\/rosenholm.se\/index.php?rest_route=\/wp\/v2\/types\/page"}],"author":[{"embeddable":true,"href":"https:\/\/rosenholm.se\/index.php?rest_route=\/wp\/v2\/users\/1"}],"replies":[{"embeddable":true,"href":"https:\/\/rosenholm.se\/index.php?rest_route=%2Fwp%2Fv2%2Fcomments&post=1834"}],"version-history":[{"count":6,"href":"https:\/\/rosenholm.se\/index.php?rest_route=\/wp\/v2\/pages\/1834\/revisions"}],"predecessor-version":[{"id":3301,"href":"https:\/\/rosenholm.se\/index.php?rest_route=\/wp\/v2\/pages\/1834\/revisions\/3301"}],"up":[{"embeddable":true,"href":"https:\/\/rosenholm.se\/index.php?rest_route=\/wp\/v2\/pages\/1706"}],"wp:attachment":[{"href":"https:\/\/rosenholm.se\/index.php?rest_route=%2Fwp%2Fv2%2Fmedia&parent=1834"}],"curies":[{"name":"wp","href":"https:\/\/api.w.org\/{rel}","templated":true}]}}