{"id":1770,"date":"2014-02-09T16:49:05","date_gmt":"2014-02-09T15:49:05","guid":{"rendered":"http:\/\/rosenholm.se\/?page_id=1770"},"modified":"2015-02-26T23:56:34","modified_gmt":"2015-02-26T22:56:34","slug":"tomtens-storlek","status":"publish","type":"page","link":"https:\/\/rosenholm.se\/?page_id=1770","title":{"rendered":"Tomtens storlek"},"content":{"rendered":"<div id=\"attachment_6815\" style=\"width: 710px\" class=\"wp-caption alignnone\"><img loading=\"lazy\" decoding=\"async\" aria-describedby=\"caption-attachment-6815\" class=\"size-large wp-image-6815\" src=\"http:\/\/rosenholm.se\/wp-content\/uploads\/2014\/02\/DSC_9470-728x485.jpg\" alt=\"Tr\u00e4dg\u00e5rden hos keramikern Lena Olsson \u00e4r bara 50 kvadratmeter stor. \u00c4nd\u00e5 ger den lite djungelk\u00e4nsla med hj\u00e4lp av bergbambu, Fargesia murieliae, och kl\u00e4tterhortensia, Hydrangea anomala ssp. petiolaris. L\u00e4tt rumsbildning och exotism skapas ocks\u00e5 av hennes egen keramik tillsammans med japanska l\u00f6nnar, Acer palmatum, och h\u00f6stsilverax, Actaea simplex \u2019Brunette\u2019.\" width=\"700\" height=\"466\" srcset=\"https:\/\/rosenholm.se\/wp-content\/uploads\/2014\/02\/DSC_9470.jpg 728w, https:\/\/rosenholm.se\/wp-content\/uploads\/2014\/02\/DSC_9470-250x167.jpg 250w, https:\/\/rosenholm.se\/wp-content\/uploads\/2014\/02\/DSC_9470-350x233.jpg 350w, https:\/\/rosenholm.se\/wp-content\/uploads\/2014\/02\/DSC_9470-250x167@2x.jpg 500w, https:\/\/rosenholm.se\/wp-content\/uploads\/2014\/02\/DSC_9470-350x233@2x.jpg 700w\" sizes=\"auto, (max-width: 700px) 100vw, 700px\" \/><p id=\"caption-attachment-6815\" class=\"wp-caption-text\">Tr\u00e4dg\u00e5rden hos keramikern Lena Olsson \u00e4r 50 kvadratmeter. \u00c4nd\u00e5 ger den djungelk\u00e4nsla med hj\u00e4lp av bergbambu, Fargesia murieliae, och kl\u00e4tterhortensia, Hydrangea anomala ssp. petiolaris. L\u00e4tt rumsbildning och exotism skapas ocks\u00e5 av hennes egen keramik tillsammans med japanska l\u00f6nnar, Acer palmatum, och h\u00f6stsilverax, Actaea simplex \u2019Brunette\u2019.<\/p><\/div>\n<p>F\u00f6r m\u00e5nga \u00e4r det just tomtens storlek som \u00e4r den st\u00f6rsta\u00a0begr\u00e4nsningen n\u00e4r en tr\u00e4dg\u00e5rd ska byggas upp. Moderna\u00a0villatr\u00e4dg\u00e5rdar \u00e4r ofta inte mer \u00e4n 700 kvadratmeter\u00a0stora och radhust\u00e4ppan \u00e4r kanske inte st\u00f6rre \u00e4n 100\u00a0kvadratmeter. Lyckligtvis \u00e4r en liten tomt inget hinder f\u00f6r\u00a0att bygga upp en v\u00e4ldesignad och trivsam tr\u00e4dg\u00e5rd. Med\u00a0lite eftertanke och planering g\u00e5r det att skapa ett prunkande\u00a0tr\u00e4dg\u00e5rdsrum p\u00e5 en yta som inte \u00e4r st\u00f6rre \u00e4n 20\u00a0kvadratmeter.<\/p>\n<div id=\"attachment_6816\" style=\"width: 710px\" class=\"wp-caption alignnone\"><img loading=\"lazy\" decoding=\"async\" aria-describedby=\"caption-attachment-6816\" class=\"size-large wp-image-6816\" src=\"http:\/\/rosenholm.se\/wp-content\/uploads\/2014\/02\/Scotland-2-728x364.jpg\" alt=\"I Storbritannien \u00e4r man m\u00e4stare p\u00e5 att utnyttja sm\u00e5 ytor. Hemma hos Nicola Lowe, professionell tr\u00e4dg\u00e5rdsdesigner i Edinburgh, har en smal, l\u00e5ng tr\u00e4dg\u00e5rd avdelats i fyra olika rum med olika karakt\u00e4r. Vi ser genom \u00f6ppningen fr\u00e5n rummet n\u00e4rmast huset in till n\u00e4sta rum \u2013 en uteplats p\u00e5 gr\u00e4smattan.\" width=\"700\" height=\"350\" srcset=\"https:\/\/rosenholm.se\/wp-content\/uploads\/2014\/02\/Scotland-2.jpg 728w, https:\/\/rosenholm.se\/wp-content\/uploads\/2014\/02\/Scotland-2-250x125.jpg 250w, https:\/\/rosenholm.se\/wp-content\/uploads\/2014\/02\/Scotland-2-350x175.jpg 350w, https:\/\/rosenholm.se\/wp-content\/uploads\/2014\/02\/Scotland-2-250x125@2x.jpg 500w, https:\/\/rosenholm.se\/wp-content\/uploads\/2014\/02\/Scotland-2-350x175@2x.jpg 700w\" sizes=\"auto, (max-width: 700px) 100vw, 700px\" \/><p id=\"caption-attachment-6816\" class=\"wp-caption-text\">I Storbritannien \u00e4r man m\u00e4stare p\u00e5 att utnyttja sm\u00e5 ytor. Hemma hos Nicola Lowe, professionell tr\u00e4dg\u00e5rdsdesigner i Edinburgh, har en smal, l\u00e5ng tr\u00e4dg\u00e5rd avdelats i fyra olika rum med olika karakt\u00e4r. Vi ser genom \u00f6ppningen fr\u00e5n rummet n\u00e4rmast huset in till n\u00e4sta rum \u2013 en uteplats p\u00e5 gr\u00e4smattan.<\/p><\/div>\n<p>Begr\u00e4nsningen med en liten tomt best\u00e5r\u00a0snarare i att du har plats f\u00f6r f\u00e4rre funktioner och d\u00e4rf\u00f6r\u00a0m\u00e5ste prioritera h\u00e5rdare. Med bara 100 kvadratmeters\u00a0tomt \u00e4r det sv\u00e5rt att f\u00e5 plats med b\u00e5de tr\u00e4dg\u00e5rdsland\u00a0och lekyta. Ju mindre tomt du har att arbeta med, desto\u00a0<span style=\"line-height: 1.5em;\">viktigare \u00e4r det att du i f\u00f6rv\u00e4g t\u00e4nker ut vad du beh\u00f6ver\u00a0<\/span><span style=\"line-height: 1.5em;\">ha plats f\u00f6r i din tr\u00e4dg\u00e5rd. Det kan ocks\u00e5 finnas anledning\u00a0att anv\u00e4nda sig av olika designknep f\u00f6r att f\u00e5 den\u00a0lilla tr\u00e4dg\u00e5rden att verka st\u00f6rre. Du kan l\u00e4sa mer om det\u00a0i kapitlet \u00bbAnv\u00e4nd designknepen\u00ab.<\/span><\/p>\n<h5>Pilg\u00e5rden, Sundsvall<\/h5>\n<div id=\"attachment_1772\" style=\"width: 360px\" class=\"wp-caption alignright\"><img loading=\"lazy\" decoding=\"async\" aria-describedby=\"caption-attachment-1772\" class=\"size-large wp-image-1772\" src=\"http:\/\/rosenholm.se\/wp-content\/uploads\/2014\/02\/DSC_1221-350x437.jpg\" alt=\"Pilg\u00e5rden, Sundsvall\" width=\"350\" height=\"437\" srcset=\"https:\/\/rosenholm.se\/wp-content\/uploads\/2014\/02\/DSC_1221-350x437.jpg 350w, https:\/\/rosenholm.se\/wp-content\/uploads\/2014\/02\/DSC_1221-200x250.jpg 200w, https:\/\/rosenholm.se\/wp-content\/uploads\/2014\/02\/DSC_1221-320x400.jpg 320w, https:\/\/rosenholm.se\/wp-content\/uploads\/2014\/02\/DSC_1221.jpg 832w, https:\/\/rosenholm.se\/wp-content\/uploads\/2014\/02\/DSC_1221-350x437@2x.jpg 700w, https:\/\/rosenholm.se\/wp-content\/uploads\/2014\/02\/DSC_1221-200x250@2x.jpg 400w, https:\/\/rosenholm.se\/wp-content\/uploads\/2014\/02\/DSC_1221-320x400@2x.jpg 640w\" sizes=\"auto, (max-width: 350px) 100vw, 350px\" \/><p id=\"caption-attachment-1772\" class=\"wp-caption-text\">Pilg\u00e5rden, Sundsvall<\/p><\/div>\n<p style=\"text-align: left;\">Den engelska g\u00e5ngen \u00e4r ett av tv\u00e5 tr\u00e4dg\u00e5rdsrum p\u00e5 det andra terrassplanet p\u00e5 Pilg\u00e5rden i Sundsvall. En hel tr\u00e4dg\u00e5rd skapad p\u00e5 mindre \u00e4n 100 kvadratmeters yta. I de magnifika rabatterna samsas den h\u00f6gresta kryddv\u00e4xten libbsticka, <em>Levisticum officinale<\/em>, med riddarsporrar, praktbinkor, rosor, och doftschersminer, <em>Philadelphus coronarius<\/em>. Turkosbl\u00e5 glas betongbitar utlagda i svagt sicksackm\u00f6nster pryder gr\u00e4smattan. L\u00e4ngst bort en fantasifull sittplats under en halv hydda av fl\u00e4tad pil. Alldeles till h\u00f6ger om sittplatsen, dold av v\u00e4xtlighet, g\u00f6mmer sig en tr\u00e4trappa som leder vidare till tr\u00e4dg\u00e5rdens tredje terrassplan.<\/p>\n<h5 style=\"text-align: left;\"><a title=\"Odlingszon\" href=\"http:\/\/rosenholm.se\/?page_id=1787\">Odlingszon<\/a><\/h5>\n<p style=\"text-align: left;\">\n","protected":false},"excerpt":{"rendered":"<p>F\u00f6r m\u00e5nga \u00e4r det just tomtens storlek som \u00e4r den st\u00f6rsta\u00a0begr\u00e4nsningen n\u00e4r en tr\u00e4dg\u00e5rd ska byggas upp. Moderna\u00a0villatr\u00e4dg\u00e5rdar \u00e4r ofta inte mer \u00e4n 700 kvadratmeter\u00a0stora och radhust\u00e4ppan \u00e4r kanske inte&hellip; <\/p>\n","protected":false},"author":1,"featured_media":0,"parent":1706,"menu_order":0,"comment_status":"closed","ping_status":"closed","template":"","meta":{"footnotes":""},"class_list":["post-1770","page","type-page","status-publish","hentry"],"_links":{"self":[{"href":"https:\/\/rosenholm.se\/index.php?rest_route=\/wp\/v2\/pages\/1770","targetHints":{"allow":["GET"]}}],"collection":[{"href":"https:\/\/rosenholm.se\/index.php?rest_route=\/wp\/v2\/pages"}],"about":[{"href":"https:\/\/rosenholm.se\/index.php?rest_route=\/wp\/v2\/types\/page"}],"author":[{"embeddable":true,"href":"https:\/\/rosenholm.se\/index.php?rest_route=\/wp\/v2\/users\/1"}],"replies":[{"embeddable":true,"href":"https:\/\/rosenholm.se\/index.php?rest_route=%2Fwp%2Fv2%2Fcomments&post=1770"}],"version-history":[{"count":16,"href":"https:\/\/rosenholm.se\/index.php?rest_route=\/wp\/v2\/pages\/1770\/revisions"}],"predecessor-version":[{"id":6820,"href":"https:\/\/rosenholm.se\/index.php?rest_route=\/wp\/v2\/pages\/1770\/revisions\/6820"}],"up":[{"embeddable":true,"href":"https:\/\/rosenholm.se\/index.php?rest_route=\/wp\/v2\/pages\/1706"}],"wp:attachment":[{"href":"https:\/\/rosenholm.se\/index.php?rest_route=%2Fwp%2Fv2%2Fmedia&parent=1770"}],"curies":[{"name":"wp","href":"https:\/\/api.w.org\/{rel}","templated":true}]}}