{"id":1738,"date":"2014-02-09T14:07:24","date_gmt":"2014-02-09T13:07:24","guid":{"rendered":"http:\/\/rosenholm.se\/?page_id=1738"},"modified":"2014-03-28T21:17:36","modified_gmt":"2014-03-28T20:17:36","slug":"utsikter","status":"publish","type":"page","link":"https:\/\/rosenholm.se\/?page_id=1738","title":{"rendered":"Utsikter"},"content":{"rendered":"<p><a href=\"http:\/\/rosenholm.se\/wp-content\/uploads\/2014\/02\/DSC_4739.jpg\"><img loading=\"lazy\" decoding=\"async\" class=\"size-full wp-image-1739\" alt=\"Om man som Anna-Lena Wibom p\u00e5 Liding\u00f6 bor p\u00e5 kanten av en kulle kan man skaffa sig den mest makal\u00f6sa utsikt \u00f6ver tr\u00e4dg\u00e5rden inifr\u00e5n sitt vardagsrum. Stentrappan, den lilla stugan och g\u00e5ngarna skapar en helt egen tavla att njuta av.\" src=\"http:\/\/rosenholm.se\/wp-content\/uploads\/2014\/02\/DSC_4739.jpg\" width=\"1040\" height=\"693\" srcset=\"https:\/\/rosenholm.se\/wp-content\/uploads\/2014\/02\/DSC_4739-520x346@2x.jpg 1040w, https:\/\/rosenholm.se\/wp-content\/uploads\/2014\/02\/DSC_4739-250x166.jpg 250w, https:\/\/rosenholm.se\/wp-content\/uploads\/2014\/02\/DSC_4739-320x213.jpg 320w, https:\/\/rosenholm.se\/wp-content\/uploads\/2014\/02\/DSC_4739-520x346.jpg 520w, https:\/\/rosenholm.se\/wp-content\/uploads\/2014\/02\/DSC_4739-250x166@2x.jpg 500w, https:\/\/rosenholm.se\/wp-content\/uploads\/2014\/02\/DSC_4739-320x213@2x.jpg 640w\" sizes=\"auto, (max-width: 1040px) 100vw, 1040px\" \/><\/a><\/p>\n<dl class=\"wp-caption alignnone\" id=\"attachment_1739\" style=\"width: 1050px;\">\n<dd class=\"wp-caption-dd\">Om man som Anna-Lena Wibom p\u00e5 Liding\u00f6 bor p\u00e5 kanten av en kulle kan man skaffa sig den mest makal\u00f6sa utsikt \u00f6ver tr\u00e4dg\u00e5rden inifr\u00e5n sitt vardagsrum. Stentrappan, den lilla stugan och g\u00e5ngarna skapar en helt egen tavla att njuta av.<\/dd>\n<\/dl>\n<div id=\"attachment_1750\" style=\"width: 360px\" class=\"wp-caption alignleft\"><a href=\"http:\/\/rosenholm.se\/wp-content\/uploads\/2014\/02\/DSC_4681.jpg\"><img loading=\"lazy\" decoding=\"async\" aria-describedby=\"caption-attachment-1750\" class=\"size-large wp-image-1750\" alt=\"En utsikt blir oftast b\u00e4ttre om den ramas in av befintliga tr\u00e4d. Det skapar mer sp\u00e4nning och skyddar mot v\u00e4der och vind. Man b\u00f6r t\u00e4nka sig f\u00f6r innan man framf\u00f6r till exempel en sj\u00f6utsikt rensar bort all vegetation. Utsikten \u00f6ver \u00d6resund \u00e4r fr\u00e5n arkitekten Per Fribergs arbetsrum i hans hem i Bj\u00e4rred.\" src=\"http:\/\/rosenholm.se\/wp-content\/uploads\/2014\/02\/DSC_4681-350x466.jpg\" width=\"350\" height=\"466\" srcset=\"https:\/\/rosenholm.se\/wp-content\/uploads\/2014\/02\/DSC_4681-350x466.jpg 350w, https:\/\/rosenholm.se\/wp-content\/uploads\/2014\/02\/DSC_4681-187x250.jpg 187w, https:\/\/rosenholm.se\/wp-content\/uploads\/2014\/02\/DSC_4681-320x426.jpg 320w, https:\/\/rosenholm.se\/wp-content\/uploads\/2014\/02\/DSC_4681.jpg 780w, https:\/\/rosenholm.se\/wp-content\/uploads\/2014\/02\/DSC_4681-350x466@2x.jpg 700w, https:\/\/rosenholm.se\/wp-content\/uploads\/2014\/02\/DSC_4681-187x250@2x.jpg 374w, https:\/\/rosenholm.se\/wp-content\/uploads\/2014\/02\/DSC_4681-320x426@2x.jpg 640w\" sizes=\"auto, (max-width: 350px) 100vw, 350px\" \/><\/a><p id=\"caption-attachment-1750\" class=\"wp-caption-text\">En utsikt blir oftast b\u00e4ttre om den ramas in av tr\u00e4d. Det skapar sp\u00e4nning och skyddar mot v\u00e4der och vind. Man b\u00f6r t\u00e4nka sig f\u00f6r innan man framf\u00f6r en sj\u00f6utsikt rensar bort all vegetation. Utsikten \u00f6ver \u00d6resund \u00e4r fr\u00e5n arkitekten Per Fribergs arbetsrum i hans hem i Bj\u00e4rred.<\/p><\/div>\n<p>Utsikten \u00f6ver omgivningarna p\u00e5verkar\u00a0hur man b\u00e4st utformar sin tr\u00e4dg\u00e5rd. Vandra runt och\u00a0studera tr\u00e4dg\u00e5rden och grannskapet. Finns det n\u00e5gra\u00a0tilltalande former eller f\u00e4rger i det synliga, omgivande\u00a0landskapet som du skulle kunna plocka upp och \u00e5teranv\u00e4nda\u00a0i din design? N\u00e5gra mjuka kullar, ett spetsigt\u00a0kyrktorn, en vattenyta eller n\u00e5got annat? \u00c5t vilka h\u00e5ll har\u00a0du vackra sikter som b\u00f6r bevaras eller framh\u00e4vas? \u00c5t\u00a0vilka h\u00e5ll vill du d\u00f6lja det som finns utanf\u00f6r? Finns insynsproblem som du b\u00f6r g\u00f6ra n\u00e5got \u00e5t?<\/p>\n<div id=\"attachment_1749\" style=\"width: 360px\" class=\"wp-caption alignleft\"><a href=\"http:\/\/rosenholm.se\/wp-content\/uploads\/2014\/02\/DSC_0024.jpg\"><img loading=\"lazy\" decoding=\"async\" aria-describedby=\"caption-attachment-1749\" class=\"size-large wp-image-1749\" alt=\"En dr\u00f6mutblick, eller hur? Flera g\u00e5nger dagligen strosar kossorna f\u00f6rbi p\u00e5 v\u00e4g till sitt bete och sin saltsten. P\u00e5 flera platser i sin tr\u00e4dg\u00e5rd Lilla Toscana har Michael Delden och Lena Hassel medvetet anv\u00e4nt landskapet f\u00f6r att skapa vackra utblickar.\" src=\"http:\/\/rosenholm.se\/wp-content\/uploads\/2014\/02\/DSC_0024-350x466.jpg\" width=\"350\" height=\"466\" srcset=\"https:\/\/rosenholm.se\/wp-content\/uploads\/2014\/02\/DSC_0024-350x466.jpg 350w, https:\/\/rosenholm.se\/wp-content\/uploads\/2014\/02\/DSC_0024-187x250.jpg 187w, https:\/\/rosenholm.se\/wp-content\/uploads\/2014\/02\/DSC_0024-320x426.jpg 320w, https:\/\/rosenholm.se\/wp-content\/uploads\/2014\/02\/DSC_0024.jpg 780w, https:\/\/rosenholm.se\/wp-content\/uploads\/2014\/02\/DSC_0024-350x466@2x.jpg 700w, https:\/\/rosenholm.se\/wp-content\/uploads\/2014\/02\/DSC_0024-187x250@2x.jpg 374w, https:\/\/rosenholm.se\/wp-content\/uploads\/2014\/02\/DSC_0024-320x426@2x.jpg 640w\" sizes=\"auto, (max-width: 350px) 100vw, 350px\" \/><\/a><p id=\"caption-attachment-1749\" class=\"wp-caption-text\">En dr\u00f6mutblick, eller hur? Flera g\u00e5nger dagligen strosar kossorna f\u00f6rbi p\u00e5 v\u00e4g till sitt bete och sin saltsten. P\u00e5 flera platser i sin tr\u00e4dg\u00e5rd Lilla Toscana har Michael Delden och Lena Hassel medvetet anv\u00e4nt landskapet f\u00f6r att skapa vackra utblickar.<\/p><\/div>\n<p>Hur kommer tr\u00e4dg\u00e5rden att se ut inifr\u00e5n huset? Vilka\u00a0utblickar fr\u00e5n f\u00f6nstren skapas genom din design? Att\u00a0kunna sitta i l\u00e4sf\u00e5t\u00f6ljen eller vid k\u00f6ksbordet och ta del\u00a0av vackra kompositioner ger fler m\u00f6jligheter att njuta\u00a0av tr\u00e4dg\u00e5rden. Inifr\u00e5n huset kan du beundra utsikten\u00a0oberoende av v\u00e4drets makter. Om du dessutom\u00a0v\u00e4ljer ut n\u00e5gra v\u00e4xter som \u00e4r vackra \u00e5ret om kan du f\u00e5\u00a0en tr\u00e4dg\u00e5rd att gl\u00e4djas \u00e5t i skydd av stugv\u00e4rmen \u00e4ven\u00a0under den m\u00f6rka \u00e5rstiden. Under planeringsarbetet kan\u00a0fotografier tagna fr\u00e5n husets f\u00f6nster vara till god hj\u00e4lp.<\/p>\n<h5><a title=\"Topografi\" href=\"http:\/\/rosenholm.se\/?page_id=1759\">Topografi<\/a><\/h5>\n","protected":false},"excerpt":{"rendered":"<p>Om man som Anna-Lena Wibom p\u00e5 Liding\u00f6 bor p\u00e5 kanten av en kulle kan man skaffa sig den mest makal\u00f6sa utsikt \u00f6ver tr\u00e4dg\u00e5rden inifr\u00e5n sitt vardagsrum. Stentrappan, den lilla stugan&hellip; <\/p>\n","protected":false},"author":1,"featured_media":0,"parent":1706,"menu_order":0,"comment_status":"closed","ping_status":"closed","template":"","meta":{"footnotes":""},"class_list":["post-1738","page","type-page","status-publish","hentry"],"_links":{"self":[{"href":"https:\/\/rosenholm.se\/index.php?rest_route=\/wp\/v2\/pages\/1738","targetHints":{"allow":["GET"]}}],"collection":[{"href":"https:\/\/rosenholm.se\/index.php?rest_route=\/wp\/v2\/pages"}],"about":[{"href":"https:\/\/rosenholm.se\/index.php?rest_route=\/wp\/v2\/types\/page"}],"author":[{"embeddable":true,"href":"https:\/\/rosenholm.se\/index.php?rest_route=\/wp\/v2\/users\/1"}],"replies":[{"embeddable":true,"href":"https:\/\/rosenholm.se\/index.php?rest_route=%2Fwp%2Fv2%2Fcomments&post=1738"}],"version-history":[{"count":9,"href":"https:\/\/rosenholm.se\/index.php?rest_route=\/wp\/v2\/pages\/1738\/revisions"}],"predecessor-version":[{"id":3296,"href":"https:\/\/rosenholm.se\/index.php?rest_route=\/wp\/v2\/pages\/1738\/revisions\/3296"}],"up":[{"embeddable":true,"href":"https:\/\/rosenholm.se\/index.php?rest_route=\/wp\/v2\/pages\/1706"}],"wp:attachment":[{"href":"https:\/\/rosenholm.se\/index.php?rest_route=%2Fwp%2Fv2%2Fmedia&parent=1738"}],"curies":[{"name":"wp","href":"https:\/\/api.w.org\/{rel}","templated":true}]}}