{"id":1715,"date":"2014-02-09T00:41:28","date_gmt":"2014-02-08T23:41:28","guid":{"rendered":"http:\/\/rosenholm.se\/?page_id=1715"},"modified":"2014-03-28T21:14:44","modified_gmt":"2014-03-28T20:14:44","slug":"huset","status":"publish","type":"page","link":"https:\/\/rosenholm.se\/?page_id=1715","title":{"rendered":"Huset"},"content":{"rendered":"<p>L\u00e5t tr\u00e4dg\u00e5rden relatera till och bli en f\u00f6rl\u00e4ngning av huset.\u00a0Ett k\u00e4nnetecken f\u00f6r v\u00e4ldesignade tr\u00e4dg\u00e5rdar \u00e4r att det\u00a0finns en stark koppling mellan den och huset.<\/p>\n<div id=\"attachment_1717\" style=\"width: 1050px\" class=\"wp-caption alignnone\"><a href=\"http:\/\/rosenholm.se\/wp-content\/uploads\/2014\/02\/DSC06619.jpg\"><img loading=\"lazy\" decoding=\"async\" aria-describedby=\"caption-attachment-1717\" class=\"size-full wp-image-1717\" alt=\"Skickligt arbete av arkitekt och landskapsarkitekt har skapat elegant integration mellan hus, uteplats och tr\u00e4dg\u00e5rd hos Ingrid Bj\u00f6rkman i B\u00e5stad. Tr\u00e4d\u00e4cket, som ligger i markniv\u00e5, \u00e4r sammanbundet med stenlagda g\u00e5ngar och rabatten med glansmiskantus, Miscanthus sinensis \u2019Gracillimus\u2019, p\u00e5 ett s\u00e4tt som ger en omedelbar n\u00e4rhet mellan ute och inne. De rena formerna och husets gr\u00e5 f\u00e4rger, tr\u00e4d\u00e4ckets l\u00e4rktr\u00e4 och markstenarna sm\u00e4lter samman med perennernas bl\u00e5 skala. Den fantastiska utsikten och \u00f6ppenheten har medvetet bevarats.\" src=\"http:\/\/rosenholm.se\/wp-content\/uploads\/2014\/02\/DSC06619.jpg\" width=\"1040\" height=\"693\" srcset=\"https:\/\/rosenholm.se\/wp-content\/uploads\/2014\/02\/DSC06619-520x346@2x.jpg 1040w, https:\/\/rosenholm.se\/wp-content\/uploads\/2014\/02\/DSC06619-250x166.jpg 250w, https:\/\/rosenholm.se\/wp-content\/uploads\/2014\/02\/DSC06619-320x213.jpg 320w, https:\/\/rosenholm.se\/wp-content\/uploads\/2014\/02\/DSC06619-520x346.jpg 520w, https:\/\/rosenholm.se\/wp-content\/uploads\/2014\/02\/DSC06619-250x166@2x.jpg 500w, https:\/\/rosenholm.se\/wp-content\/uploads\/2014\/02\/DSC06619-320x213@2x.jpg 640w\" sizes=\"auto, (max-width: 1040px) 100vw, 1040px\" \/><\/a><p id=\"caption-attachment-1717\" class=\"wp-caption-text\">Skickligt arbete av arkitekt och landskapsarkitekt har skapat elegant integration mellan hus, uteplats och tr\u00e4dg\u00e5rd hos Ingrid Bj\u00f6rkman i B\u00e5stad. Tr\u00e4d\u00e4cket, som ligger i markniv\u00e5, \u00e4r sammanbundet med stenlagda g\u00e5ngar och rabatten med glansmiskantus, Miscanthus sinensis \u2019Gracillimus\u2019, p\u00e5 ett s\u00e4tt som ger en omedelbar n\u00e4rhet mellan ute och inne. De rena formerna och husets gr\u00e5 f\u00e4rger, tr\u00e4d\u00e4ckets l\u00e4rktr\u00e4 och markstenarna sm\u00e4lter samman med perennernas bl\u00e5 skala. Den fantastiska utsikten och \u00f6ppenheten har medvetet bevarats.<\/p><\/div>\n<div id=\"attachment_1721\" style=\"width: 360px\" class=\"wp-caption alignright\"><a href=\"http:\/\/rosenholm.se\/wp-content\/uploads\/2014\/02\/DSC_5708.jpg\"><img loading=\"lazy\" decoding=\"async\" aria-describedby=\"caption-attachment-1721\" class=\"size-large wp-image-1721\" alt=\"En av de fr\u00e4msta f\u00f6reg\u00e5ngarna inom modern svensk tr\u00e4dg\u00e5rdskonst var Emma Lundberg (1869\u20131953). Hus och tr\u00e4dg\u00e5rd utformades i ett sammanhang. I hennes hem p\u00e5 Liding\u00f6, Bullerbacken, \u00e4r huset i varje detalj anpassat till utemilj\u00f6n. V\u00e4xthuset integrerades redan fr\u00e5n b\u00f6rjan. i biblioteket och p\u00e5 f\u00f6rstutrappan finns sm\u00e5 gluggar som kan \u00f6ppnas in mot v\u00e4xthuset.\" src=\"http:\/\/rosenholm.se\/wp-content\/uploads\/2014\/02\/DSC_5708-520x346.jpg\" width=\"350\" height=\"232\" srcset=\"https:\/\/rosenholm.se\/wp-content\/uploads\/2014\/02\/DSC_5708-520x346.jpg 520w, https:\/\/rosenholm.se\/wp-content\/uploads\/2014\/02\/DSC_5708-250x166.jpg 250w, https:\/\/rosenholm.se\/wp-content\/uploads\/2014\/02\/DSC_5708-320x213.jpg 320w, https:\/\/rosenholm.se\/wp-content\/uploads\/2014\/02\/DSC_5708.jpg 1040w, https:\/\/rosenholm.se\/wp-content\/uploads\/2014\/02\/DSC_5708-250x166@2x.jpg 500w, https:\/\/rosenholm.se\/wp-content\/uploads\/2014\/02\/DSC_5708-320x213@2x.jpg 640w\" sizes=\"auto, (max-width: 350px) 100vw, 350px\" \/><\/a><p id=\"caption-attachment-1721\" class=\"wp-caption-text\">En av de fr\u00e4msta f\u00f6reg\u00e5ngarna inom modern svensk tr\u00e4dg\u00e5rdskonst var Emma Lundberg (1869\u20131953). Hus och tr\u00e4dg\u00e5rd utformades i ett sammanhang. I hennes hem p\u00e5 Liding\u00f6, Bullerbacken, \u00e4r huset i varje detalj anpassat till utemilj\u00f6n. V\u00e4xthuset integrerades redan fr\u00e5n b\u00f6rjan. i biblioteket och p\u00e5 f\u00f6rstutrappan finns sm\u00e5 gluggar som kan \u00f6ppnas in mot v\u00e4xthuset.<\/p><\/div>\n<p>Det ska k\u00e4nnas som om huset \u00e4r f\u00f6rankrat i tr\u00e4dg\u00e5rden och\u00a0de b\u00e5da bildar en helhet. Byggnadens storlek, utseende och\u00a0placering \u00e4r faktorer som b\u00f6r p\u00e5verka utformningen av\u00a0tr\u00e4dg\u00e5rden. Ett stort hus kr\u00e4ver st\u00f6rre proportioner p\u00e5\u00a0<span style=\"line-height: 1.5em;\">rabatter, uteplatser, tr\u00e4d och buskar \u00e4n ett mindre.\u00a0Ta dig ocks\u00e5 en rej\u00e4l titt p\u00e5 fasadens struktur och f\u00e4rgs\u00e4ttning\u00a0och fundera p\u00e5 hur den kan \u00e5terspeglas i v\u00e4xt er,\u00a0markbel\u00e4ggning och tr\u00e4dg\u00e5rdsm\u00f6bler.<\/span><\/p>\n<p>L\u00e5t g\u00e4rna husets byggnadsstil g\u00e5 igen i tr\u00e4dg\u00e5rdsstilen.\u00a0Den tr\u00e4dg\u00e5rd som b\u00e4st kl\u00e4r en romantisk 1920-talsvilla\u00a0kan k\u00e4nnas r\u00e4tt malplacerad till ett modernistiskt hus.<\/p>\n<div id=\"attachment_1723\" style=\"width: 1050px\" class=\"wp-caption alignnone\"><a href=\"http:\/\/rosenholm.se\/wp-content\/uploads\/2014\/02\/DSC07458.jpg\"><img loading=\"lazy\" decoding=\"async\" aria-describedby=\"caption-attachment-1723\" class=\"size-full wp-image-1723\" alt=\"Genom lekfullhet och acceptans av tr\u00e4dg\u00e5rdens naturliga f\u00f6r\u00e4ndringar \u00f6ver tiden har hemtrevligheten bevarats p\u00e5 Sven-Ingvar Anderssons lilla Sk\u00e5neg\u00e5rd. Direkt fr\u00e5n k\u00f6ket kommer man till uteplatsen som i sin tur via tre l\u00e5ga trappsteg leder in i frukttr\u00e4dg\u00e5rden.\" src=\"http:\/\/rosenholm.se\/wp-content\/uploads\/2014\/02\/DSC07458.jpg\" width=\"1040\" height=\"693\" srcset=\"https:\/\/rosenholm.se\/wp-content\/uploads\/2014\/02\/DSC07458-520x346@2x.jpg 1040w, https:\/\/rosenholm.se\/wp-content\/uploads\/2014\/02\/DSC07458-250x166.jpg 250w, https:\/\/rosenholm.se\/wp-content\/uploads\/2014\/02\/DSC07458-320x213.jpg 320w, https:\/\/rosenholm.se\/wp-content\/uploads\/2014\/02\/DSC07458-520x346.jpg 520w, https:\/\/rosenholm.se\/wp-content\/uploads\/2014\/02\/DSC07458-250x166@2x.jpg 500w, https:\/\/rosenholm.se\/wp-content\/uploads\/2014\/02\/DSC07458-320x213@2x.jpg 640w\" sizes=\"auto, (max-width: 1040px) 100vw, 1040px\" \/><\/a><p id=\"caption-attachment-1723\" class=\"wp-caption-text\">Genom lekfullhet och acceptans av tr\u00e4dg\u00e5rdens naturliga f\u00f6r\u00e4ndringar \u00f6ver tiden har hemtrevligheten bevarats p\u00e5 Sven-Ingvar\u00a0Anderssons lilla Sk\u00e5neg\u00e5rd. Direkt fr\u00e5n k\u00f6ket kommer man till uteplatsen som i sin tur via tre l\u00e5ga trappsteg leder in i frukttr\u00e4dg\u00e5rden.<\/p><\/div>\n<h5><a title=\"Utsikter\" href=\"http:\/\/rosenholm.se\/?page_id=1738\">Utsikter<\/a><\/h5>\n","protected":false},"excerpt":{"rendered":"<p>L\u00e5t tr\u00e4dg\u00e5rden relatera till och bli en f\u00f6rl\u00e4ngning av huset.\u00a0Ett k\u00e4nnetecken f\u00f6r v\u00e4ldesignade tr\u00e4dg\u00e5rdar \u00e4r att det\u00a0finns en stark koppling mellan den och huset. Det ska k\u00e4nnas som om huset&hellip; <\/p>\n","protected":false},"author":1,"featured_media":0,"parent":1706,"menu_order":0,"comment_status":"closed","ping_status":"closed","template":"","meta":{"footnotes":""},"class_list":["post-1715","page","type-page","status-publish","hentry"],"_links":{"self":[{"href":"https:\/\/rosenholm.se\/index.php?rest_route=\/wp\/v2\/pages\/1715","targetHints":{"allow":["GET"]}}],"collection":[{"href":"https:\/\/rosenholm.se\/index.php?rest_route=\/wp\/v2\/pages"}],"about":[{"href":"https:\/\/rosenholm.se\/index.php?rest_route=\/wp\/v2\/types\/page"}],"author":[{"embeddable":true,"href":"https:\/\/rosenholm.se\/index.php?rest_route=\/wp\/v2\/users\/1"}],"replies":[{"embeddable":true,"href":"https:\/\/rosenholm.se\/index.php?rest_route=%2Fwp%2Fv2%2Fcomments&post=1715"}],"version-history":[{"count":16,"href":"https:\/\/rosenholm.se\/index.php?rest_route=\/wp\/v2\/pages\/1715\/revisions"}],"predecessor-version":[{"id":3295,"href":"https:\/\/rosenholm.se\/index.php?rest_route=\/wp\/v2\/pages\/1715\/revisions\/3295"}],"up":[{"embeddable":true,"href":"https:\/\/rosenholm.se\/index.php?rest_route=\/wp\/v2\/pages\/1706"}],"wp:attachment":[{"href":"https:\/\/rosenholm.se\/index.php?rest_route=%2Fwp%2Fv2%2Fmedia&parent=1715"}],"curies":[{"name":"wp","href":"https:\/\/api.w.org\/{rel}","templated":true}]}}