{"id":1706,"date":"2014-02-09T00:22:07","date_gmt":"2014-02-08T23:22:07","guid":{"rendered":"http:\/\/rosenholm.se\/?page_id=1706"},"modified":"2015-03-01T22:54:06","modified_gmt":"2015-03-01T21:54:06","slug":"utga-fran-det-som-finns","status":"publish","type":"page","link":"https:\/\/rosenholm.se\/?page_id=1706","title":{"rendered":"UTG\u00c5 FR\u00c5N DET SOM FINNS"},"content":{"rendered":"<h5>Acceptera begr\u00e4nsningarna<\/h5>\n<p>Den milj\u00f6 en tr\u00e4dg\u00e5rd skapas i best\u00e4mmer m\u00f6jligheterna\u00a0f\u00f6r \u00a0utformningen. Det finns inga direkt d\u00e5liga\u00a0l\u00e4gen, d\u00e4remot skapar tomt och hus\u00a0gr\u00e4nser f\u00f6r vad som g\u00e5r att g\u00f6ra. Att utg\u00e5 fr\u00e5n det som finns \u00e4r n\u00f6dv\u00e4ndigt f\u00f6r en funktionell\u00a0och vacker tr\u00e4dg\u00e5rd. Det g\u00e4ller oavsett om du st\u00e5r d\u00e4r\u00a0med en helt ny och tom tomt eller en gammal, yvig tr\u00e4dg\u00e5rd\u00a0som ska f\u00f6rnyas.<\/p>\n<p>P\u00e5 en ny tomt finns oftast inga \u00e5ldriga frukttr\u00e4d att\u00a0f\u00f6rh\u00e5lla sig till, men anpassningen till platsen best\u00e5r av\u00a0s\u00e5 mycket mer. Klimatet, jorden och omgivningarna finns\u00a0alltid d\u00e4r och har en avg\u00f6rande inverkan p\u00e5 vilken sorts\u00a0tr\u00e4dg\u00e5rd som \u00e4r m\u00f6jlig att f\u00f6rverkliga.\u00a0I en sandig s\u00f6dersluttning b\u00f6r torkt\u00e5liga v\u00e4xter som kan skapa skugga anv\u00e4ndas. I norrl\u00e4ge, d\u00e4remot, fungerar bara skuggt\u00e5liga v\u00e4xter. Se begr\u00e4nsningarna som en m\u00f6jlighet.<\/p>\n<h5>L\u00e4get och omgivningar<\/h5>\n<div id=\"attachment_1773\" style=\"width: 330px\" class=\"wp-caption alignright\"><a href=\"http:\/\/rosenholm.se\/wp-content\/uploads\/2014\/02\/DSC05639.jpg\"><img loading=\"lazy\" decoding=\"async\" aria-describedby=\"caption-attachment-1773\" class=\"size-medium wp-image-1773\" src=\"http:\/\/rosenholm.se\/wp-content\/uploads\/2014\/02\/DSC05639-320x400.jpg\" alt=\"Laila Lindstr\u00f6m p\u00e5 Liding\u00f6 har p\u00e5 250 kvadratmeter skapat flera avskilda rum och uteplatser. Fr\u00e5n den uteplatsen invid vardagsrummet leder g\u00e5ngen f\u00f6rbi Alliumbollar, bergbambu och funkior till sittplatsen under den uppstammade paradisbusken.\" width=\"320\" height=\"400\" srcset=\"https:\/\/rosenholm.se\/wp-content\/uploads\/2014\/02\/DSC05639-320x400.jpg 320w, https:\/\/rosenholm.se\/wp-content\/uploads\/2014\/02\/DSC05639-200x250.jpg 200w, https:\/\/rosenholm.se\/wp-content\/uploads\/2014\/02\/DSC05639-350x437.jpg 350w, https:\/\/rosenholm.se\/wp-content\/uploads\/2014\/02\/DSC05639.jpg 832w, https:\/\/rosenholm.se\/wp-content\/uploads\/2014\/02\/DSC05639-320x400@2x.jpg 640w, https:\/\/rosenholm.se\/wp-content\/uploads\/2014\/02\/DSC05639-200x250@2x.jpg 400w, https:\/\/rosenholm.se\/wp-content\/uploads\/2014\/02\/DSC05639-350x437@2x.jpg 700w\" sizes=\"auto, (max-width: 320px) 100vw, 320px\" \/><\/a><p id=\"caption-attachment-1773\" class=\"wp-caption-text\">Laila Lindstr\u00f6m p\u00e5 Liding\u00f6 har p\u00e5 250 kvadratmeter skapat flera avskilda rum och uteplatser. Fr\u00e5n den uteplatsen invid vardagsrummet leder g\u00e5ngen f\u00f6rbi alliumbollar, bergbambu och funkior till sittplatsen under den uppstammade paradisbusken.<\/p><\/div>\n<p>Omgivningarna kommer att p\u00e5verka dina tr\u00e4dg\u00e5rds\u00f6nskem\u00e5l.\u00a0Ligger husen t\u00e4tt och grannarna har full insyn\u00a0\u00f6ver din uteplats vill du s\u00e4kert skapa insynsskydd f\u00f6r f\u00e5 en mer intim k\u00e4nsla. Har du d\u00e4remot\u00a0en vacker utsikt \u00f6ver en sj\u00f6 vill du nog inte skymma\u00a0den. Ligger din tomt i skugga p\u00e5 en norrsluttning s\u00e5 misstr\u00f6sta\u00a0inte, d\u00e4r g\u00e5r att skapa den mest underbara tr\u00e4dg\u00e5rd.\u00a0Ligger tomten p\u00e5 rena urberget kan man f\u00e5 till\u00a0en fantastisk skapelse \u00e4ven d\u00e4r.<\/p>\n<p>En god k\u00e4nsla f\u00f6r platsen \u00e4r viktig f\u00f6r att skapa\u00a0den tr\u00e4dg\u00e5rd du vill ha. Om du vill kan du anteckna dina\u00a0iakttagelser och rita en skiss \u00f6ver hur din tomt ser ut idag.\u00a0Fotografier fr\u00e5n n\u00e5gra olika h\u00e5ll och, om m\u00f6jligt, olika \u00e5rstider \u00e4r bra som dokumentation.<\/p>\n<h5>Karin\u00a0Wilhelmsson,\u00a0Vidja<\/h5>\n<div id=\"attachment_1709\" style=\"width: 1050px\" class=\"wp-caption alignnone\"><a href=\"http:\/\/rosenholm.se\/wp-content\/uploads\/2014\/02\/DSC05569.jpg\"><img loading=\"lazy\" decoding=\"async\" aria-describedby=\"caption-attachment-1709\" class=\"size-full wp-image-1709\" src=\"http:\/\/rosenholm.se\/wp-content\/uploads\/2014\/02\/DSC05569.jpg\" alt=\"Karin Wilhelmsson, Vidja\" width=\"1040\" height=\"693\" srcset=\"https:\/\/rosenholm.se\/wp-content\/uploads\/2014\/02\/DSC05569-520x346@2x.jpg 1040w, https:\/\/rosenholm.se\/wp-content\/uploads\/2014\/02\/DSC05569-250x166.jpg 250w, https:\/\/rosenholm.se\/wp-content\/uploads\/2014\/02\/DSC05569-320x213.jpg 320w, https:\/\/rosenholm.se\/wp-content\/uploads\/2014\/02\/DSC05569-520x346.jpg 520w, https:\/\/rosenholm.se\/wp-content\/uploads\/2014\/02\/DSC05569-250x166@2x.jpg 500w, https:\/\/rosenholm.se\/wp-content\/uploads\/2014\/02\/DSC05569-320x213@2x.jpg 640w\" sizes=\"auto, (max-width: 1040px) 100vw, 1040px\" \/><\/a><p id=\"caption-attachment-1709\" class=\"wp-caption-text\">Karin Wilhelmsson, Vidja<\/p><\/div>\n<div id=\"attachment_1712\" style=\"width: 330px\" class=\"wp-caption alignright\"><a href=\"http:\/\/rosenholm.se\/wp-content\/uploads\/2014\/02\/DSC05543.jpg\"><img loading=\"lazy\" decoding=\"async\" aria-describedby=\"caption-attachment-1712\" class=\"size-medium wp-image-1712\" src=\"http:\/\/rosenholm.se\/wp-content\/uploads\/2014\/02\/DSC05543-320x426.jpg\" alt=\"Karin Wilhelmsson, Vidja\" width=\"320\" height=\"426\" srcset=\"https:\/\/rosenholm.se\/wp-content\/uploads\/2014\/02\/DSC05543-320x426.jpg 320w, https:\/\/rosenholm.se\/wp-content\/uploads\/2014\/02\/DSC05543-187x250.jpg 187w, https:\/\/rosenholm.se\/wp-content\/uploads\/2014\/02\/DSC05543-390x520.jpg 390w, https:\/\/rosenholm.se\/wp-content\/uploads\/2014\/02\/DSC05543.jpg 780w, https:\/\/rosenholm.se\/wp-content\/uploads\/2014\/02\/DSC05543-320x426@2x.jpg 640w, https:\/\/rosenholm.se\/wp-content\/uploads\/2014\/02\/DSC05543-187x250@2x.jpg 374w\" sizes=\"auto, (max-width: 320px) 100vw, 320px\" \/><\/a><p id=\"caption-attachment-1712\" class=\"wp-caption-text\">Karin Wilhelmsson, Vidja<\/p><\/div>\n<p>I Vidja s\u00f6der om Stockholm har <a title=\"Ymnig blomning p\u00e5 det karga berget\" href=\"http:\/\/rosenholm.se\/?page_id=6806\">Karin\u00a0Wilhelmsson<\/a> skapat en unik tr\u00e4dg\u00e5rd p\u00e5\u00a0en brant kulle med mycket berg i dagen. Torkt\u00e5liga\u00a0suckulenter och andra, ofta kuddbildande,\u00a0perenner breder ut sig i varje skreva av\u00a0berget. P\u00e5 f\u00f6rsommaren blir marken mellan\u00a0de kala bergh\u00e4llarna n\u00e4stan t\u00e4ckt av den\u00a0f\u00e4rggranna blomningen. I de omr\u00e5den d\u00e4r\u00a0det finns mer jord och skugga v\u00e4xer rododendronbuskarna\u00a0s\u00e5 frodigt att man tror\u00a0sig vara i de sydligaste delarna av landet.\u00a0V\u00e4xter och utformning \u00e4r anpassade till\u00a0l\u00e4get, som m\u00e5nga skulle betrakta som\u00a0hoppl\u00f6st, s\u00e5 att en oslagbart vacker tr\u00e4dg\u00e5rd skapats.<\/p>\n<h5><a title=\"Huset\" href=\"http:\/\/rosenholm.se\/?page_id=1715\">Huset<\/a><\/h5>\n","protected":false},"excerpt":{"rendered":"<p>Acceptera begr\u00e4nsningarna Den milj\u00f6 en tr\u00e4dg\u00e5rd skapas i best\u00e4mmer m\u00f6jligheterna\u00a0f\u00f6r \u00a0utformningen. Det finns inga direkt d\u00e5liga\u00a0l\u00e4gen, d\u00e4remot skapar tomt och hus\u00a0gr\u00e4nser f\u00f6r vad som g\u00e5r att g\u00f6ra. Att utg\u00e5 fr\u00e5n&hellip; <\/p>\n","protected":false},"author":1,"featured_media":0,"parent":56,"menu_order":0,"comment_status":"closed","ping_status":"closed","template":"","meta":{"footnotes":""},"class_list":["post-1706","page","type-page","status-publish","hentry"],"_links":{"self":[{"href":"https:\/\/rosenholm.se\/index.php?rest_route=\/wp\/v2\/pages\/1706","targetHints":{"allow":["GET"]}}],"collection":[{"href":"https:\/\/rosenholm.se\/index.php?rest_route=\/wp\/v2\/pages"}],"about":[{"href":"https:\/\/rosenholm.se\/index.php?rest_route=\/wp\/v2\/types\/page"}],"author":[{"embeddable":true,"href":"https:\/\/rosenholm.se\/index.php?rest_route=\/wp\/v2\/users\/1"}],"replies":[{"embeddable":true,"href":"https:\/\/rosenholm.se\/index.php?rest_route=%2Fwp%2Fv2%2Fcomments&post=1706"}],"version-history":[{"count":13,"href":"https:\/\/rosenholm.se\/index.php?rest_route=\/wp\/v2\/pages\/1706\/revisions"}],"predecessor-version":[{"id":6941,"href":"https:\/\/rosenholm.se\/index.php?rest_route=\/wp\/v2\/pages\/1706\/revisions\/6941"}],"up":[{"embeddable":true,"href":"https:\/\/rosenholm.se\/index.php?rest_route=\/wp\/v2\/pages\/56"}],"wp:attachment":[{"href":"https:\/\/rosenholm.se\/index.php?rest_route=%2Fwp%2Fv2%2Fmedia&parent=1706"}],"curies":[{"name":"wp","href":"https:\/\/api.w.org\/{rel}","templated":true}]}}