{"id":1697,"date":"2014-02-08T23:31:46","date_gmt":"2014-02-08T22:31:46","guid":{"rendered":"http:\/\/rosenholm.se\/?page_id=1697"},"modified":"2014-04-23T11:15:00","modified_gmt":"2014-04-23T09:15:00","slug":"sydeuropeisk-inspiration","status":"publish","type":"page","link":"https:\/\/rosenholm.se\/?page_id=1697","title":{"rendered":"Sydeuropeisk inspiration"},"content":{"rendered":"<p>Bl\u00e5 f\u00e4lt av lavendel, silvriga olivtr\u00e4d och spetsiga pelarformade\u00a0barrtr\u00e4d f\u00f6r tankarna till l\u00e4nderna runt Medelhavet\u00a0n\u00e4r man sitter p\u00e5 den av kryddv\u00e4xter omgivna\u00a0terrassen och njuter av middagen i kv\u00e4llssolens milda\u00a0sken.<\/p>\n<div id=\"attachment_1698\" style=\"width: 1050px\" class=\"wp-caption alignnone\"><a href=\"http:\/\/rosenholm.se\/wp-content\/uploads\/2014\/02\/DSC_4659.jpg\"><img loading=\"lazy\" decoding=\"async\" aria-describedby=\"caption-attachment-1698\" class=\"size-full wp-image-1698\" alt=\"P\u00e5 den stora uteplatsen invid Gunnar Martinssons hus p\u00e5 Ven \u00e4r atmosf\u00e4ren p\u00e5tagligt sydeuropeisk. Medelhavsv\u00e4xter i kruka ger tillsammans med \u00bbNordens olivtr\u00e4d\u00ab silverp\u00e4ronet, Pyrus salicifolia \u2019Pendula\u2019, en ombonad atmosf\u00e4r och det f\u00f6r rumsupplevelsen s\u00e5 viktiga spelet mellan ljus och skugga. Silverp\u00e4ronet har stammats upp. Mer tilltalande och mindre utrymmeskr\u00e4vande \u00e4n dess annars ganska ostyriga och utbredda v\u00e4xts\u00e4tt.\" src=\"http:\/\/rosenholm.se\/wp-content\/uploads\/2014\/02\/DSC_4659.jpg\" width=\"1040\" height=\"693\" srcset=\"https:\/\/rosenholm.se\/wp-content\/uploads\/2014\/02\/DSC_4659-520x346@2x.jpg 1040w, https:\/\/rosenholm.se\/wp-content\/uploads\/2014\/02\/DSC_4659-250x166.jpg 250w, https:\/\/rosenholm.se\/wp-content\/uploads\/2014\/02\/DSC_4659-320x213.jpg 320w, https:\/\/rosenholm.se\/wp-content\/uploads\/2014\/02\/DSC_4659-520x346.jpg 520w, https:\/\/rosenholm.se\/wp-content\/uploads\/2014\/02\/DSC_4659-250x166@2x.jpg 500w, https:\/\/rosenholm.se\/wp-content\/uploads\/2014\/02\/DSC_4659-320x213@2x.jpg 640w\" sizes=\"auto, (max-width: 1040px) 100vw, 1040px\" \/><\/a><p id=\"caption-attachment-1698\" class=\"wp-caption-text\">P\u00e5 den stora uteplatsen invid Gunnar Martinssons hus p\u00e5 Ven \u00e4r atmosf\u00e4ren p\u00e5tagligt sydeuropeisk.\u00a0Medelhavsv\u00e4xter i kruka ger tillsammans med \u00bbNordens olivtr\u00e4d\u00ab silverp\u00e4ronet, Pyrus salicifolia \u2019Pendula\u2019, en ombonad atmosf\u00e4r och det f\u00f6r rumsupplevelsen s\u00e5 viktiga spelet mellan ljus och skugga.<\/p><\/div>\n<p>Fler\u00e5riga men icke h\u00e4rdiga v\u00e4xter som oliver, lager,\u00a0myrten, citroner och apelsiner odlas i terrakottakrukor\u00a0f\u00f6r att enkelt kunna flyttas inomhus n\u00e4r v\u00e4dret blir f\u00f6r\u00a0kallt fram\u00e5t h\u00f6sten. V\u00e4xterna som samsas i rabatterna\u00a0har en omissk\u00e4nnlig sydeuropeisk utstr\u00e5lning, men kan\u00a0alla \u00f6vervintra upp till \u00e5tminstone Mellansverige. N\u00e4rmast\u00a0terrassen fi nns torkt\u00e5liga perenner som lavendel, r\u00f6llika,\u00a0perovskia, mal\u00f6rt, timjan och salvia tillsammans med\u00a0bux bom och ett och annat sj\u00e4lvs\u00e5tt kungsljus. Silverp\u00e4ron\u00a0och smalbladig silverbuske (b\u00e5da zon 4) \u00e4r vedartade\u00a0v\u00e4xt er som med sina gr\u00e5silvriga blad kan anv\u00e4ndas f\u00f6r\u00a0att ge olivtr\u00e4dsassociationer och skapa en skyddad milj\u00f6\u00a0runt sittplatsen. Pelarformiga barrv\u00e4xter p\u00e5 rad eller i\u00a0grupp p\u00e5minner om Medelhavets cypresser. De kan utg\u00f6ras\u00a0av pelaridegranar (zon 3), som har f\u00f6rdelen att\u00a0formen och storleken enkelt kan h\u00e5llas efter med sekat\u00f6r,\u00a0eller vanliga svenska pelarenar som inte b\u00f6r klippas,\u00a0men g\u00e5r att odla \u00e4nda upp till zon 6. Putsade v\u00e4ggar och\u00a0murar f\u00f6rst\u00e4rker den sydeuropeiska karakt\u00e4ren.<\/p>\n<h5>Ulla Molin, H\u00f6gan\u00e4s<\/h5>\n<div id=\"attachment_1701\" style=\"width: 1050px\" class=\"wp-caption alignnone\"><a href=\"http:\/\/rosenholm.se\/wp-content\/uploads\/2014\/02\/DSC_6937.jpg\"><img loading=\"lazy\" decoding=\"async\" aria-describedby=\"caption-attachment-1701\" class=\"size-full wp-image-1701\" alt=\"Ulla Molin, H\u00f6gan\u00e4s\" src=\"http:\/\/rosenholm.se\/wp-content\/uploads\/2014\/02\/DSC_6937.jpg\" width=\"1040\" height=\"693\" srcset=\"https:\/\/rosenholm.se\/wp-content\/uploads\/2014\/02\/DSC_6937-520x346@2x.jpg 1040w, https:\/\/rosenholm.se\/wp-content\/uploads\/2014\/02\/DSC_6937-250x166.jpg 250w, https:\/\/rosenholm.se\/wp-content\/uploads\/2014\/02\/DSC_6937-320x213.jpg 320w, https:\/\/rosenholm.se\/wp-content\/uploads\/2014\/02\/DSC_6937-520x346.jpg 520w, https:\/\/rosenholm.se\/wp-content\/uploads\/2014\/02\/DSC_6937-250x166@2x.jpg 500w, https:\/\/rosenholm.se\/wp-content\/uploads\/2014\/02\/DSC_6937-320x213@2x.jpg 640w\" sizes=\"auto, (max-width: 1040px) 100vw, 1040px\" \/><\/a><p id=\"caption-attachment-1701\" class=\"wp-caption-text\">Ulla Molin, H\u00f6gan\u00e4s<\/p><\/div>\n<div id=\"attachment_1702\" style=\"width: 330px\" class=\"wp-caption alignright\"><a href=\"http:\/\/rosenholm.se\/wp-content\/uploads\/2014\/02\/DSCN3307.jpg\"><img loading=\"lazy\" decoding=\"async\" aria-describedby=\"caption-attachment-1702\" class=\"size-medium wp-image-1702\" alt=\"Ulla Molin, H\u00f6gan\u00e4s\" src=\"http:\/\/rosenholm.se\/wp-content\/uploads\/2014\/02\/DSCN3307-320x400.jpg\" width=\"320\" height=\"400\" srcset=\"https:\/\/rosenholm.se\/wp-content\/uploads\/2014\/02\/DSCN3307-320x400.jpg 320w, https:\/\/rosenholm.se\/wp-content\/uploads\/2014\/02\/DSCN3307-200x250.jpg 200w, https:\/\/rosenholm.se\/wp-content\/uploads\/2014\/02\/DSCN3307-416x520.jpg 416w, https:\/\/rosenholm.se\/wp-content\/uploads\/2014\/02\/DSCN3307.jpg 832w, https:\/\/rosenholm.se\/wp-content\/uploads\/2014\/02\/DSCN3307-320x400@2x.jpg 640w, https:\/\/rosenholm.se\/wp-content\/uploads\/2014\/02\/DSCN3307-200x250@2x.jpg 400w\" sizes=\"auto, (max-width: 320px) 100vw, 320px\" \/><\/a><p id=\"caption-attachment-1702\" class=\"wp-caption-text\">Ulla Molin, H\u00f6gan\u00e4s<\/p><\/div>\n<p>I ena h\u00f6rnet av Ulla Molins tr\u00e4dg\u00e5rd i H\u00f6gan\u00e4s har Yvonne Fr\u00f6man,\u00a0som nu bor i huset, omskapat k\u00f6ksavdelningen och ena \u00e4nden av\u00a0den tegelkl\u00e4dda uteplatsen. H\u00e4r har\u00a0en liten behagfull medelhavsoas bildats. Vattensk\u00e5len p\u00e5 murens\u00a0v\u00e4gg, som tidigare suttit i en v\u00e4nthall i H\u00f6gan\u00e4s, hittade Yvonne i\u00a0en antikaff\u00e4r i Helsingborg.<\/p>\n<h5><a title=\"UTG\u00c5 FR\u00c5N DET SOM FINNS\" href=\"http:\/\/rosenholm.se\/?page_id=1706\">UTG\u00c5 FR\u00c5N DET SOM FINNS<\/a><\/h5>\n","protected":false},"excerpt":{"rendered":"<p>Bl\u00e5 f\u00e4lt av lavendel, silvriga olivtr\u00e4d och spetsiga pelarformade\u00a0barrtr\u00e4d f\u00f6r tankarna till l\u00e4nderna runt Medelhavet\u00a0n\u00e4r man sitter p\u00e5 den av kryddv\u00e4xter omgivna\u00a0terrassen och njuter av middagen i kv\u00e4llssolens milda\u00a0sken. Fler\u00e5riga&hellip; <\/p>\n","protected":false},"author":1,"featured_media":0,"parent":33,"menu_order":0,"comment_status":"closed","ping_status":"closed","template":"","meta":{"footnotes":""},"class_list":["post-1697","page","type-page","status-publish","hentry"],"_links":{"self":[{"href":"https:\/\/rosenholm.se\/index.php?rest_route=\/wp\/v2\/pages\/1697","targetHints":{"allow":["GET"]}}],"collection":[{"href":"https:\/\/rosenholm.se\/index.php?rest_route=\/wp\/v2\/pages"}],"about":[{"href":"https:\/\/rosenholm.se\/index.php?rest_route=\/wp\/v2\/types\/page"}],"author":[{"embeddable":true,"href":"https:\/\/rosenholm.se\/index.php?rest_route=\/wp\/v2\/users\/1"}],"replies":[{"embeddable":true,"href":"https:\/\/rosenholm.se\/index.php?rest_route=%2Fwp%2Fv2%2Fcomments&post=1697"}],"version-history":[{"count":7,"href":"https:\/\/rosenholm.se\/index.php?rest_route=\/wp\/v2\/pages\/1697\/revisions"}],"predecessor-version":[{"id":3937,"href":"https:\/\/rosenholm.se\/index.php?rest_route=\/wp\/v2\/pages\/1697\/revisions\/3937"}],"up":[{"embeddable":true,"href":"https:\/\/rosenholm.se\/index.php?rest_route=\/wp\/v2\/pages\/33"}],"wp:attachment":[{"href":"https:\/\/rosenholm.se\/index.php?rest_route=%2Fwp%2Fv2%2Fmedia&parent=1697"}],"curies":[{"name":"wp","href":"https:\/\/api.w.org\/{rel}","templated":true}]}}