{"id":1673,"date":"2014-02-08T21:20:53","date_gmt":"2014-02-08T20:20:53","guid":{"rendered":"http:\/\/rosenholm.se\/?page_id=1673"},"modified":"2014-03-28T21:12:30","modified_gmt":"2014-03-28T20:12:30","slug":"orientalisk-inspiration","status":"publish","type":"page","link":"https:\/\/rosenholm.se\/?page_id=1673","title":{"rendered":"Orientalisk inspiration"},"content":{"rendered":"<div id=\"attachment_1671\" style=\"width: 1050px\" class=\"wp-caption alignnone\"><a href=\"http:\/\/rosenholm.se\/wp-content\/uploads\/2014\/02\/DSC_6364.jpg\"><img loading=\"lazy\" decoding=\"async\" aria-describedby=\"caption-attachment-1671\" class=\"size-full wp-image-1671\" alt=\"P\u00e5 \u00f6n Fyn i Danmark finns Hviids Have, en fyratusen kvadratmeter stor tr\u00e4dg\u00e5rd inspirerad av japansk tr\u00e4dg\u00e5rdskonst. I den, liksom generellt i asiatiska tr\u00e4dg\u00e5rdar, \u00e4r vatten ett viktigt inslag. En stor damm dominerar \u00e5tkomlig fr\u00e5n alla h\u00e5ll via stigar och broar. Variationer p\u00e5 blad liksom f\u00e4rg och form p\u00e5 barrv\u00e4xter \u00e4r viktiga inslag. Tr\u00e4dg\u00e5rden \u00e4r uppbyggd mitt i det fynska sl\u00e4ttlandskapet, innesluten av b\u00f6ljande s\u00e4desf\u00e4lt.\" src=\"http:\/\/rosenholm.se\/wp-content\/uploads\/2014\/02\/DSC_6364.jpg\" width=\"1040\" height=\"693\" srcset=\"https:\/\/rosenholm.se\/wp-content\/uploads\/2014\/02\/DSC_6364-520x346@2x.jpg 1040w, https:\/\/rosenholm.se\/wp-content\/uploads\/2014\/02\/DSC_6364-250x166.jpg 250w, https:\/\/rosenholm.se\/wp-content\/uploads\/2014\/02\/DSC_6364-320x213.jpg 320w, https:\/\/rosenholm.se\/wp-content\/uploads\/2014\/02\/DSC_6364-520x346.jpg 520w, https:\/\/rosenholm.se\/wp-content\/uploads\/2014\/02\/DSC_6364-250x166@2x.jpg 500w, https:\/\/rosenholm.se\/wp-content\/uploads\/2014\/02\/DSC_6364-320x213@2x.jpg 640w\" sizes=\"auto, (max-width: 1040px) 100vw, 1040px\" \/><\/a><p id=\"caption-attachment-1671\" class=\"wp-caption-text\">P\u00e5 \u00f6n Fyn i Danmark finns Hviids Have, en fyratusen kvadratmeter stor tr\u00e4dg\u00e5rd inspirerad av japansk tr\u00e4dg\u00e5rdskonst. I den, liksom generellt i asiatiska tr\u00e4dg\u00e5rdar, \u00e4r vatten ett viktigt inslag. En stor damm dominerar \u00e5tkomlig fr\u00e5n alla h\u00e5ll via stigar och broar. Variationer p\u00e5 blad liksom f\u00e4rg och form p\u00e5 barrv\u00e4xter \u00e4r viktiga inslag. Tr\u00e4dg\u00e5rden \u00e4r uppbyggd mitt i det fynska sl\u00e4ttlandskapet, innesluten av b\u00f6ljande s\u00e4desf\u00e4lt.<\/p><\/div>\n<p>Med vackra stenar, mossa, krattat grus och v\u00e4xter i \u00e5terh\u00e5llsamma\u00a0kompositioner kan den harmoni och renhet\u00a0som utm\u00e4rker den asiatiska tr\u00e4dg\u00e5rden skapas. Sm\u00e5\u00a0broar, stenlyktor, bambustaket, paviljonger och tehus \u00e4r\u00a0andra komponenter som kan anv\u00e4ndas f\u00f6r att bygga upp\u00a0stilen. Det viktiga \u00e4r att det inte blir f\u00f6r m\u00e5nga olika prylar\u00a0och v\u00e4xter. Tr\u00e4dg\u00e5rden ska andas kontemplativt lugn,\u00a0kontroll, minimalism och v\u00f6rdnad f\u00f6r naturen. V\u00e4xterna\u00a0ska v\u00e4ljas ut och komponeras med tanke p\u00e5 v\u00e4xts\u00e4tt\u00a0och bladverk snarare \u00e4n blomning. Japanska l\u00f6nnar, som\u00a0till exempel\u00a0<em>Acer palmatum<\/em>\u00a0\u2019Osakazuki\u2019 och\u00a0Garnet\u2019 och\u00a0<em>Acer shirasawanum<\/em>\u00a0\u2019Aureum\u2019 (samtliga zon 3),\u00a0\u00e4r utm\u00e4rkta f\u00f6r att skapa den r\u00e4tta k\u00e4nslan. \u00d6nskar man\u00a0ett tr\u00e4d som kan v\u00e4xa upp och bilda ett rogivande tak\u00a0b\u00f6r man dock v\u00e4lja n\u00e5got som inte v\u00e4xer fullt s\u00e5 l\u00e5ngsamt.\u00a0Katsura,<em>\u00a0Cercidiphyllum japonicum<\/em>\u00a0(zon 4), med\u00a0asiatiskt ursprung, \u00e4r ett vackert och l\u00e4ttodlat tr\u00e4d som\u00a0\u00e4r utm\u00e4rkt f\u00f6r \u00e4ndam\u00e5let. Funkior, irisar, bambu, prydnadsgr\u00e4s\u00a0och azaleor \u00e4r andra v\u00e4xter som passar in i\u00a0den h\u00e4r typen av tr\u00e4dg\u00e5rd. \u00c4ven inhemska v\u00e4xter, till\u00a0exempel olika ormbunkar och vanlig tall, finner l\u00e4tt sin\u00a0plats i tr\u00e4dg\u00e5rdar inspirerade av \u00f6sterlandet.<\/p>\n<div id=\"attachment_1676\" style=\"width: 1050px\" class=\"wp-caption alignnone\"><a href=\"http:\/\/rosenholm.se\/wp-content\/uploads\/2014\/02\/DSC_6359.jpg\"><img loading=\"lazy\" decoding=\"async\" aria-describedby=\"caption-attachment-1676\" class=\"size-full wp-image-1676\" alt=\"En enkel och vacker japanskinspirerad bro byggd av plankor ger en suggestiv och exotisk k\u00e4nsla. I Hviids Have ansluter bron till en tr\u00e4dinfattad g\u00e5ngv\u00e4g runt dammen. Kring flyter vattenhyacinter. Bakom buskaget och planket p\u00e5 andra sidan bron breder det fynska jordbrukslandskapet ut sig.\" src=\"http:\/\/rosenholm.se\/wp-content\/uploads\/2014\/02\/DSC_6359.jpg\" width=\"1040\" height=\"693\" srcset=\"https:\/\/rosenholm.se\/wp-content\/uploads\/2014\/02\/DSC_6359-520x346@2x.jpg 1040w, https:\/\/rosenholm.se\/wp-content\/uploads\/2014\/02\/DSC_6359-250x166.jpg 250w, https:\/\/rosenholm.se\/wp-content\/uploads\/2014\/02\/DSC_6359-320x213.jpg 320w, https:\/\/rosenholm.se\/wp-content\/uploads\/2014\/02\/DSC_6359-520x346.jpg 520w, https:\/\/rosenholm.se\/wp-content\/uploads\/2014\/02\/DSC_6359-250x166@2x.jpg 500w, https:\/\/rosenholm.se\/wp-content\/uploads\/2014\/02\/DSC_6359-320x213@2x.jpg 640w\" sizes=\"auto, (max-width: 1040px) 100vw, 1040px\" \/><\/a><p id=\"caption-attachment-1676\" class=\"wp-caption-text\">En enkel och vacker japanskinspirerad bro byggd av plankor ger en suggestiv och exotisk k\u00e4nsla. I Hviids Have ansluter bron till en tr\u00e4dinfattad g\u00e5ngv\u00e4g runt dammen. Kring flyter vattenhyacinter. Bakom buskaget och planket p\u00e5 andra sidan bron breder det fynska jordbrukslandskapet ut sig.<\/p><\/div>\n<h5>Bastedalens Kinapark<\/h5>\n<div id=\"attachment_1680\" style=\"width: 330px\" class=\"wp-caption alignright\"><a href=\"http:\/\/rosenholm.se\/wp-content\/uploads\/2014\/02\/DSC08847.jpg\"><img loading=\"lazy\" decoding=\"async\" aria-describedby=\"caption-attachment-1680\" class=\"size-medium wp-image-1680\" alt=\"Bastedalens kinapark\" src=\"http:\/\/rosenholm.se\/wp-content\/uploads\/2014\/02\/DSC08847-320x426.jpg\" width=\"320\" height=\"426\" srcset=\"https:\/\/rosenholm.se\/wp-content\/uploads\/2014\/02\/DSC08847-320x426.jpg 320w, https:\/\/rosenholm.se\/wp-content\/uploads\/2014\/02\/DSC08847-187x250.jpg 187w, https:\/\/rosenholm.se\/wp-content\/uploads\/2014\/02\/DSC08847-390x520.jpg 390w, https:\/\/rosenholm.se\/wp-content\/uploads\/2014\/02\/DSC08847.jpg 780w, https:\/\/rosenholm.se\/wp-content\/uploads\/2014\/02\/DSC08847-320x426@2x.jpg 640w, https:\/\/rosenholm.se\/wp-content\/uploads\/2014\/02\/DSC08847-187x250@2x.jpg 374w\" sizes=\"auto, (max-width: 320px) 100vw, 320px\" \/><\/a><p id=\"caption-attachment-1680\" class=\"wp-caption-text\">Bastedalens kinapark<\/p><\/div>\n<p>Bastedalens Kinapark, inte l\u00e5ngt fr\u00e5n V\u00e4tterns strand, skapades i\u00a0mitten p\u00e5 1960-talet. Den ligger i ett gammalt dagbrott d\u00e4r Harge\u00a0Bruk brutit kalksten, f\u00e4ltspat och marmor.\u00a0Skaparen var Kinafantasten Ebbe Johnson, pensionerad chefredakt\u00f6r\u00a0f\u00f6r \u00d6stg\u00f6ta Correspondenten.<\/p>\n<p>I tr\u00e4dg\u00e5rden har m\u00e5nga kinesiska principer till\u00e4mpats. N\u00e4rheten till naturen \u00e4r viktig och med den f\u00f6ljer stillhet\u00a0och harmoni. I en kinesisk tr\u00e4dg\u00e5rd vill man njuta av naturens\u00a0berg, vatten, k\u00e4llor, blommor, buskar och tr\u00e4d. Kontraster \u00e4r viktiga,\u00a0att st\u00e4lla v\u00e5gr\u00e4ta strukturer mot lodr\u00e4ta, h\u00f6gt mot l\u00e5gt och ljus mot\u00a0skugga. Principer som \u00e4r lika g\u00e5ngbara i dagens v\u00e4sterl\u00e4ndska tr\u00e4dg\u00e5rdskonst.<\/p>\n<div id=\"attachment_1685\" style=\"width: 1050px\" class=\"wp-caption alignnone\"><a href=\"http:\/\/rosenholm.se\/wp-content\/uploads\/2014\/02\/DSC08867.jpg\"><img loading=\"lazy\" decoding=\"async\" aria-describedby=\"caption-attachment-1685\" class=\"size-full wp-image-1685\" alt=\"Bastedalens Kinapark\" src=\"http:\/\/rosenholm.se\/wp-content\/uploads\/2014\/02\/DSC08867.jpg\" width=\"1040\" height=\"693\" srcset=\"https:\/\/rosenholm.se\/wp-content\/uploads\/2014\/02\/DSC08867-520x346@2x.jpg 1040w, https:\/\/rosenholm.se\/wp-content\/uploads\/2014\/02\/DSC08867-250x166.jpg 250w, https:\/\/rosenholm.se\/wp-content\/uploads\/2014\/02\/DSC08867-320x213.jpg 320w, https:\/\/rosenholm.se\/wp-content\/uploads\/2014\/02\/DSC08867-520x346.jpg 520w, https:\/\/rosenholm.se\/wp-content\/uploads\/2014\/02\/DSC08867-250x166@2x.jpg 500w, https:\/\/rosenholm.se\/wp-content\/uploads\/2014\/02\/DSC08867-320x213@2x.jpg 640w\" sizes=\"auto, (max-width: 1040px) 100vw, 1040px\" \/><\/a><p id=\"caption-attachment-1685\" class=\"wp-caption-text\">Bastedalens Kinapark<\/p><\/div>\n<p>I tr\u00e4dg\u00e5rdar inspirerade av Kina \u00e4r dammar viktiga. Vattnet ger en klar \u00f6ppen spegel, som st\u00e5r i kontrast till det h\u00e5rda berget och\u00a0det omgivande landskapets komplexa m\u00f6nster. Likas\u00e5 \u00e4r stenar\u00a0viktiga f\u00f6r kontraster i tr\u00e4dg\u00e5rdar med kinesisk inspiration.\u00a0I Bastedalens Kinapark kommer man till en annan v\u00e4rld.<\/p>\n<p>L\u00f6v \u2013 m\u00f6rka och ljusa, gr\u00f6na, gula och r\u00f6da med olika former och\u00a0ofta, men inte alltid, skira \u2013 h\u00f6r samman med japanska och kinesiska\u00a0tr\u00e4dg\u00e5rdar. Fram\u00e5t h\u00f6sten kan f\u00e4rgprakten bli sl\u00e5ende.\u00a0Katsura,<em> Cercidiphyllum japonicum<\/em>, \u00e4r det kanske allra tacksammaste\u00a0orientaliska tr\u00e4det. I sina heml\u00e4nder, Japan och Kina, kan\u00a0katsuran bli ett riktigt stort tr\u00e4d, det finns exemplar som \u00e4r upp emot\u00a040 meter h\u00f6ga. H\u00e4r i Sverige h\u00e5ller den sig betydligt mindre och n\u00e5r\u00a0knappast \u00f6ver 20 meters h\u00f6jd ens i de varmaste delarna av landet.\u00a0Ofta blir den inte mer \u00e4n fem meter h\u00f6g. Det sirliga v\u00e4xts\u00e4ttet g\u00f6r\u00a0katsuran v\u00e4l l\u00e4mpad \u00e4ven f\u00f6r villatr\u00e4dg\u00e5rdar. Under h\u00f6sten \u00f6verg\u00e5r\u00a0f\u00e4rgen alltmer till gult och senast vid f\u00f6rsta frosten faller l\u00f6ven.<\/p>\n<div id=\"attachment_1687\" style=\"width: 1050px\" class=\"wp-caption alignnone\"><a href=\"http:\/\/rosenholm.se\/wp-content\/uploads\/2014\/02\/DSC_4115.jpg\"><img loading=\"lazy\" decoding=\"async\" aria-describedby=\"caption-attachment-1687\" class=\"size-full wp-image-1687\" alt=\"Bastedalens kinapark\" src=\"http:\/\/rosenholm.se\/wp-content\/uploads\/2014\/02\/DSC_4115.jpg\" width=\"1040\" height=\"693\" srcset=\"https:\/\/rosenholm.se\/wp-content\/uploads\/2014\/02\/DSC_4115-520x346@2x.jpg 1040w, https:\/\/rosenholm.se\/wp-content\/uploads\/2014\/02\/DSC_4115-250x166.jpg 250w, https:\/\/rosenholm.se\/wp-content\/uploads\/2014\/02\/DSC_4115-320x213.jpg 320w, https:\/\/rosenholm.se\/wp-content\/uploads\/2014\/02\/DSC_4115-520x346.jpg 520w, https:\/\/rosenholm.se\/wp-content\/uploads\/2014\/02\/DSC_4115-250x166@2x.jpg 500w, https:\/\/rosenholm.se\/wp-content\/uploads\/2014\/02\/DSC_4115-320x213@2x.jpg 640w\" sizes=\"auto, (max-width: 1040px) 100vw, 1040px\" \/><\/a><p id=\"caption-attachment-1687\" class=\"wp-caption-text\">Bastedalens kinapark<\/p><\/div>\n<p>Till vatten h\u00f6r broar. I Bastedalens Kinapark leder andarnas bro ut\u00a0till en l\u00e5ngsmal \u00f6 mitt i dammen. Enligt traditionen skyddar\u00a0lejonen och brons sicksackform mot onda andar som, till skillnad\u00a0fr\u00e5n oss levande, bara kan g\u00e5 rakt fram. Och att dammen med sina\u00a0n\u00e4ckrosor och sin bro skuggad av ett piltr\u00e4d skyddar oss mot nutidens\u00a0onda ande, stressen, kan vi vara s\u00e4kra p\u00e5.<\/p>\n<h5><a title=\"Sydeuropeisk inspiration\" href=\"http:\/\/rosenholm.se\/?page_id=1697\">Sydeuropeisk inspiration<\/a><\/h5>\n","protected":false},"excerpt":{"rendered":"<p>Med vackra stenar, mossa, krattat grus och v\u00e4xter i \u00e5terh\u00e5llsamma\u00a0kompositioner kan den harmoni och renhet\u00a0som utm\u00e4rker den asiatiska tr\u00e4dg\u00e5rden skapas. Sm\u00e5\u00a0broar, stenlyktor, bambustaket, paviljonger och tehus \u00e4r\u00a0andra komponenter som kan&hellip; <\/p>\n","protected":false},"author":1,"featured_media":0,"parent":33,"menu_order":0,"comment_status":"closed","ping_status":"closed","template":"","meta":{"footnotes":""},"class_list":["post-1673","page","type-page","status-publish","hentry"],"_links":{"self":[{"href":"https:\/\/rosenholm.se\/index.php?rest_route=\/wp\/v2\/pages\/1673","targetHints":{"allow":["GET"]}}],"collection":[{"href":"https:\/\/rosenholm.se\/index.php?rest_route=\/wp\/v2\/pages"}],"about":[{"href":"https:\/\/rosenholm.se\/index.php?rest_route=\/wp\/v2\/types\/page"}],"author":[{"embeddable":true,"href":"https:\/\/rosenholm.se\/index.php?rest_route=\/wp\/v2\/users\/1"}],"replies":[{"embeddable":true,"href":"https:\/\/rosenholm.se\/index.php?rest_route=%2Fwp%2Fv2%2Fcomments&post=1673"}],"version-history":[{"count":14,"href":"https:\/\/rosenholm.se\/index.php?rest_route=\/wp\/v2\/pages\/1673\/revisions"}],"predecessor-version":[{"id":3292,"href":"https:\/\/rosenholm.se\/index.php?rest_route=\/wp\/v2\/pages\/1673\/revisions\/3292"}],"up":[{"embeddable":true,"href":"https:\/\/rosenholm.se\/index.php?rest_route=\/wp\/v2\/pages\/33"}],"wp:attachment":[{"href":"https:\/\/rosenholm.se\/index.php?rest_route=%2Fwp%2Fv2%2Fmedia&parent=1673"}],"curies":[{"name":"wp","href":"https:\/\/api.w.org\/{rel}","templated":true}]}}